{"id":7,"date":"2016-10-19T14:47:55","date_gmt":"2016-10-19T12:47:55","guid":{"rendered":"http:\/\/www.unilim.fr\/pist\/politique-daccessibilite\/"},"modified":"2016-10-19T14:47:55","modified_gmt":"2016-10-19T12:47:55","slug":"politique-daccessibilite","status":"publish","type":"page","link":"https:\/\/www.unilim.fr\/p-and-t\/en\/politique-daccessibilite\/","title":{"rendered":"Politique d&#8217;accessibilit\u00e9"},"content":{"rendered":"<h3>D\u00e9finition<\/h3>\n<p>La d\u00e9finition de l\u2019accessibilit\u00e9 du Web de Tim Berners-Lee, directeur du W3C et inventeur du World Wide Web est la suivante :<\/p>\n<p>\u00ab Mettre le Web et ses services \u00e0 la disposition de tous les individus, quel que soit leur mat\u00e9riel ou logiciel, leur infrastructure r\u00e9seau, leur langue maternelle, leur culture, leur localisation g\u00e9ographique, ou leurs aptitudes physiques ou mentales. \u00bb<\/p>\n<h3>L\u00e9gislation<\/h3>\n<p>L\u2019accessibilit\u00e9 des services publics aux personnes handicap\u00e9es est une n\u00e9cessit\u00e9 aux termes de la loi 2005-102 de f\u00e9vrier 2005 pour l\u2019\u00e9galit\u00e9 des droits et des chances, la participation et la citoyennet\u00e9 des personnes handicap\u00e9es. L\u2019article 47 de la loi pr\u00e9cise que les services de communication publique en ligne des services de l\u2019Etat, des collectivit\u00e9s territoriales et des \u00e9tablissements publics qui en d\u00e9pendent doivent \u00eatre accessibles aux personnes handicap\u00e9es.<\/p>\n<p><a href=\"http:\/\/www.legifrance.gouv.fr\/affichTexte.do?cidTexte=JORFTEXT000000809647&amp;dateTexte=\" rel=\"external\">http:\/\/www.legifrance.gouv.fr\/<\/a><\/p>\n<p>Le d\u00e9cret d\u2019application de cette loi est paru au Journal Officiel du 16 mai 2009<\/p>\n<p><a href=\"http:\/\/www.legifrance.gouv.fr\/affichTexte.do;jsessionid=?cidTexte=JORFTEXT000020616980&amp;dateTexte=&amp;oldAction=rechJO&amp;categorieLien=id\" rel=\"external\">http:\/\/www.legifrance.gouv.fr\/<\/a><\/p>\n<h3>R\u00e9f\u00e9rence<\/h3>\n<p><a href=\"http:\/\/www.references.modernisation.gouv.fr\/\" rel=\"external\">http:\/\/www.references.modernisation.gouv.fr\/<\/a><\/p>\n<h3>R\u00e8gles mises en place<\/h3>\n<p>Ce site web se veut aussi accessible que possible mais n\u2019est pas parfait, beaucoup de travail reste \u00e0 faire. N\u2019h\u00e9siter pas \u00e0 nous envoyer vos remarques et vos suggestions \u00e0 <a href=\"mailto:webmaster@unilim.fr\">webmaster@unilim.fr<\/a>.<\/p>\n<p>Respect des standards : ce site respecte les standards du <a href=\"http:\/\/www.w3.org\/\" rel=\"external\">W3C<\/a> en terme de d\u00e9veloppement de pages web. Seules les pages principales (accueil, contacts, plan du site, moteur de recherche, \u2026 et quelques pages de contenus) ont \u00e9t\u00e9 test\u00e9es.<\/p>\n<p>Les tailles des blocs composant la page (menus, contenu \u2026) sont exprim\u00e9es en unit\u00e9 relative, leurs dimensions s\u2019adaptent donc au contenu.<\/p>\n<p>Les tailles des caract\u00e8res sont d\u00e9finies avec des unit\u00e9s proportionnelles, c\u2019est-\u00e0-dire que vous pouvez modifier la taille des carat\u00e8res \u00e0 votre convenance en utilisant les fonctionnalit\u00e9s de votre navigateur :<\/p>\n<ul>\n<li>dans la plupart des navigateurs : <kbd>Ctrl<\/kbd> + \u00ab molette de la souris \u00bb fonctionne correctement,<\/li>\n<li>Internet Explorer : menu \u00ab Affichage \u00bb -&gt; \u00ab Taille du texte \u00bb et choisissez la taille qui vous convient,<\/li>\n<li>Mozilla, Firefox ou Netscape : faites <kbd>Ctrl<\/kbd> + <kbd>+<\/kbd> pour agrandir le texte et <kbd>Ctrl<\/kbd> + <kbd>-<\/kbd> pour le diminuer,<\/li>\n<li>Opera : appuyez sur les touches <kbd>+<\/kbd> ou <kbd>-<\/kbd> du pav\u00e9 num\u00e9rique, allez dans dans le menu \u00ab Affichage \u00bb -&gt; \u00ab Zoom \u00bb et choisir le niveau de zoom qui vous convient.<\/li>\n<\/ul>\n<p><strong id=\"aeaoofnhgocdbnbeljkmbjdmhbcokfdb-mousedown\">Liens d\u2019acc\u00e8s direct<\/strong> : une barre de navigation est mise en place en haut de chaque page, elle comporte les liens suivant :<\/p>\n<ul>\n<li>\u00ab Politique d\u2019accessibilit\u00e9 \u00bb : aller \u00e0 la page de la politique d\u2019accessibilit\u00e9,<\/li>\n<li>\u00ab Aller au menu \u00bb : place le focus sur la premi\u00e8re entr\u00e9e du menu,<\/li>\n<li>\u00ab Aller au contenu \u00bb : place le focus sur le contenu du corps de la page,<\/li>\n<li>\u00ab Plan du site \u00bb : affiche le plan du site.<\/li>\n<\/ul>\n<p><strong>Des raccourcis clavier<\/strong> sont mis en place pour faciliter la navigation, ils sont bas\u00e9s sur les recommandations du RGAA (cf les sites de r\u00e9f\u00e9rence ci-dessus) :<\/p>\n<ul>\n<li>\u00ab s \u00bb : aller au contenu,<\/li>\n<li>\u00ab 1 \u00bb : aller \u00e0 la page d\u2019accueil du site,<\/li>\n<li>\u00ab 3 \u00bb : aller au plan du site,<\/li>\n<li>\u00ab 7 \u00bb : aller \u00e0 la page des contacts,<\/li>\n<li>\u00ab 0 \u00bb : aller \u00e0 la page de la politique d\u2019accessibilit\u00e9.<\/li>\n<\/ul>\n<p>L\u2019utilisation de ces raccourcis clavier d\u00e9pend de votre navigateur et de votre syst\u00e8me d\u2019exploitation :<\/p>\n<p>Pour Windows :<\/p>\n<ul>\n<li>Goocle Chrome, Mozilla Firefox, Safari, Netscape : <kbd>Alt<\/kbd> + <kbd>Shift<\/kbd>, puis \u00ab Raccourci clavier \u00bb<\/li>\n<li>Internet Explorer : <kbd>Alt<\/kbd> + \u00ab Raccourci clavier \u00bb, puis <kbd>Entr\u00e9e<\/kbd><\/li>\n<li>Opera : <kbd>Esc<\/kbd> (\u00e9chappement) + <kbd>Shift<\/kbd> (majuscule), puis \u00ab Raccourci clavier \u00bb<\/li>\n<\/ul>\n<p>Pour Macintosh :<\/p>\n<ul>\n<li>Mozilla, Netscape : <kbd>Ctrl<\/kbd> + \u00ab Raccourci clavier \u00bb<\/li>\n<li>Internet Explorer, Safari : <kbd>Ctrl<\/kbd> + \u00ab Raccourci clavier \u00bb, puis <kbd>Entr\u00e9e<\/kbd><\/li>\n<li>Opera : <kbd>Esc<\/kbd> (\u00e9chappement) + <kbd>Shift<\/kbd> (majuscule), puis \u00ab Raccourci clavier<\/li>\n<\/ul>\n<p>Pour Linux :<\/p>\n<ul>\n<li>Mozilla Firefox : <kbd>Alt<\/kbd> + \u00ab Raccourci clavier \u00bb<\/li>\n<li>Konqueror (3.3 ou +) : <kbd>Ctrl<\/kbd>, puis \u00ab Raccourci clavier \u00bb<\/li>\n<li>Opera 7 : <kbd>Esc<\/kbd> (\u00e9chappement) + <kbd>Shift<\/kbd> (majuscule), puis \u00ab Raccourci clavier \u00bb<\/li>\n<\/ul>\n","protected":false},"excerpt":{"rendered":"<p>Mettre le Web et ses services \u00e0 la disposition de tous les individus, quel que soit leur mat\u00e9riel ou logiciel, leur infrastructure r\u00e9seau, leur langue maternelle, leur culture, leur localisation g\u00e9ographique, ou leurs aptitudes physiques ou mentales.<\/p>\n","protected":false},"author":1,"featured_media":0,"parent":0,"menu_order":0,"comment_status":"closed","ping_status":"closed","template":"","meta":{"footnotes":""},"class_list":["post-7","page","type-page","status-publish","hentry"],"yoast_head":"<!-- This site is optimized with the Yoast SEO plugin v26.5 - https:\/\/yoast.com\/wordpress\/plugins\/seo\/ -->\n<title>Politique d&#039;accessibilit\u00e9 - Pharmacologie &amp; Transplantation<\/title>\n<meta name=\"robots\" content=\"index, follow, max-snippet:-1, max-image-preview:large, max-video-preview:-1\" \/>\n<link rel=\"canonical\" href=\"https:\/\/www.unilim.fr\/p-and-t\/en\/politique-daccessibilite\/\" \/>\n<meta property=\"og:locale\" content=\"en_US\" \/>\n<meta property=\"og:type\" content=\"article\" \/>\n<meta property=\"og:title\" content=\"Politique d&#039;accessibilit\u00e9 - Pharmacologie &amp; Transplantation\" \/>\n<meta property=\"og:description\" content=\"Mettre le Web et ses services \u00e0 la disposition de tous les individus, quel que soit leur mat\u00e9riel ou logiciel, leur infrastructure r\u00e9seau, leur langue maternelle, leur culture, leur localisation g\u00e9ographique, ou leurs aptitudes physiques ou mentales.\" \/>\n<meta property=\"og:url\" content=\"https:\/\/www.unilim.fr\/p-and-t\/en\/politique-daccessibilite\/\" \/>\n<meta property=\"og:site_name\" content=\"Pharmacologie &amp; Transplantation\" \/>\n<meta name=\"twitter:card\" content=\"summary_large_image\" \/>\n<meta name=\"twitter:label1\" content=\"Est. reading time\" \/>\n\t<meta name=\"twitter:data1\" content=\"3 minutes\" \/>\n<script type=\"application\/ld+json\" class=\"yoast-schema-graph\">{\"@context\":\"https:\/\/schema.org\",\"@graph\":[{\"@type\":\"WebPage\",\"@id\":\"https:\/\/www.unilim.fr\/p-and-t\/en\/politique-daccessibilite\/\",\"url\":\"https:\/\/www.unilim.fr\/p-and-t\/en\/politique-daccessibilite\/\",\"name\":\"Politique d'accessibilit\u00e9 - Pharmacologie &amp; Transplantation\",\"isPartOf\":{\"@id\":\"https:\/\/www.unilim.fr\/p-and-t\/#website\"},\"datePublished\":\"2016-10-19T12:47:55+00:00\",\"breadcrumb\":{\"@id\":\"https:\/\/www.unilim.fr\/p-and-t\/en\/politique-daccessibilite\/#breadcrumb\"},\"inLanguage\":\"en-US\",\"potentialAction\":[{\"@type\":\"ReadAction\",\"target\":[\"https:\/\/www.unilim.fr\/p-and-t\/en\/politique-daccessibilite\/\"]}]},{\"@type\":\"BreadcrumbList\",\"@id\":\"https:\/\/www.unilim.fr\/p-and-t\/en\/politique-daccessibilite\/#breadcrumb\",\"itemListElement\":[{\"@type\":\"ListItem\",\"position\":1,\"name\":\"Accueil\",\"item\":\"https:\/\/www.unilim.fr\/p-and-t\/en\/\"},{\"@type\":\"ListItem\",\"position\":2,\"name\":\"Politique d&#8217;accessibilit\u00e9\"}]},{\"@type\":\"WebSite\",\"@id\":\"https:\/\/www.unilim.fr\/p-and-t\/#website\",\"url\":\"https:\/\/www.unilim.fr\/p-and-t\/\",\"name\":\"Pharmacologie &amp; Transplantation\",\"description\":\"From computer and bench to bedside\",\"potentialAction\":[{\"@type\":\"SearchAction\",\"target\":{\"@type\":\"EntryPoint\",\"urlTemplate\":\"https:\/\/www.unilim.fr\/p-and-t\/?s={search_term_string}\"},\"query-input\":{\"@type\":\"PropertyValueSpecification\",\"valueRequired\":true,\"valueName\":\"search_term_string\"}}],\"inLanguage\":\"en-US\"}]}<\/script>\n<!-- \/ Yoast SEO plugin. -->","yoast_head_json":{"title":"Politique d'accessibilit\u00e9 - Pharmacologie &amp; Transplantation","robots":{"index":"index","follow":"follow","max-snippet":"max-snippet:-1","max-image-preview":"max-image-preview:large","max-video-preview":"max-video-preview:-1"},"canonical":"https:\/\/www.unilim.fr\/p-and-t\/en\/politique-daccessibilite\/","og_locale":"en_US","og_type":"article","og_title":"Politique d'accessibilit\u00e9 - Pharmacologie &amp; Transplantation","og_description":"Mettre le Web et ses services \u00e0 la disposition de tous les individus, quel que soit leur mat\u00e9riel ou logiciel, leur infrastructure r\u00e9seau, leur langue maternelle, leur culture, leur localisation g\u00e9ographique, ou leurs aptitudes physiques ou mentales.","og_url":"https:\/\/www.unilim.fr\/p-and-t\/en\/politique-daccessibilite\/","og_site_name":"Pharmacologie &amp; Transplantation","twitter_card":"summary_large_image","twitter_misc":{"Est. reading time":"3 minutes"},"schema":{"@context":"https:\/\/schema.org","@graph":[{"@type":"WebPage","@id":"https:\/\/www.unilim.fr\/p-and-t\/en\/politique-daccessibilite\/","url":"https:\/\/www.unilim.fr\/p-and-t\/en\/politique-daccessibilite\/","name":"Politique d'accessibilit\u00e9 - Pharmacologie &amp; Transplantation","isPartOf":{"@id":"https:\/\/www.unilim.fr\/p-and-t\/#website"},"datePublished":"2016-10-19T12:47:55+00:00","breadcrumb":{"@id":"https:\/\/www.unilim.fr\/p-and-t\/en\/politique-daccessibilite\/#breadcrumb"},"inLanguage":"en-US","potentialAction":[{"@type":"ReadAction","target":["https:\/\/www.unilim.fr\/p-and-t\/en\/politique-daccessibilite\/"]}]},{"@type":"BreadcrumbList","@id":"https:\/\/www.unilim.fr\/p-and-t\/en\/politique-daccessibilite\/#breadcrumb","itemListElement":[{"@type":"ListItem","position":1,"name":"Accueil","item":"https:\/\/www.unilim.fr\/p-and-t\/en\/"},{"@type":"ListItem","position":2,"name":"Politique d&#8217;accessibilit\u00e9"}]},{"@type":"WebSite","@id":"https:\/\/www.unilim.fr\/p-and-t\/#website","url":"https:\/\/www.unilim.fr\/p-and-t\/","name":"Pharmacologie &amp; Transplantation","description":"From computer and bench to bedside","potentialAction":[{"@type":"SearchAction","target":{"@type":"EntryPoint","urlTemplate":"https:\/\/www.unilim.fr\/p-and-t\/?s={search_term_string}"},"query-input":{"@type":"PropertyValueSpecification","valueRequired":true,"valueName":"search_term_string"}}],"inLanguage":"en-US"}]}},"_links":{"self":[{"href":"https:\/\/www.unilim.fr\/p-and-t\/en\/wp-json\/wp\/v2\/pages\/7","targetHints":{"allow":["GET"]}}],"collection":[{"href":"https:\/\/www.unilim.fr\/p-and-t\/en\/wp-json\/wp\/v2\/pages"}],"about":[{"href":"https:\/\/www.unilim.fr\/p-and-t\/en\/wp-json\/wp\/v2\/types\/page"}],"author":[{"embeddable":true,"href":"https:\/\/www.unilim.fr\/p-and-t\/en\/wp-json\/wp\/v2\/users\/1"}],"replies":[{"embeddable":true,"href":"https:\/\/www.unilim.fr\/p-and-t\/en\/wp-json\/wp\/v2\/comments?post=7"}],"version-history":[{"count":0,"href":"https:\/\/www.unilim.fr\/p-and-t\/en\/wp-json\/wp\/v2\/pages\/7\/revisions"}],"wp:attachment":[{"href":"https:\/\/www.unilim.fr\/p-and-t\/en\/wp-json\/wp\/v2\/media?parent=7"}],"curies":[{"name":"wp","href":"https:\/\/api.w.org\/{rel}","templated":true}]}}