{"id":2868,"date":"2025-03-06T10:32:07","date_gmt":"2025-03-06T09:32:07","guid":{"rendered":"https:\/\/www.unilim.fr\/p-and-t\/?page_id=2868"},"modified":"2025-03-06T10:32:07","modified_gmt":"2025-03-06T09:32:07","slug":"scientific-popularization","status":"publish","type":"page","link":"https:\/\/www.unilim.fr\/p-and-t\/en\/scientific-popularization\/","title":{"rendered":"Scientific popularization"},"content":{"rendered":"        <div class=\"container-fluid  \" style=\"\">\n                      <div class=\"container\">\n                <div class=\"row \" style=\"margin-top: 30px;margin-bottom: 0px\">        <div class=\"col-sm-12 clearfix \">\n            \n        \n        <div class=\"ul-element-header text-left  \">\n\n            <h3 class=\"ul-bold text-dark bg-gray-lighter\" style=\"padding:10px;\">\n                                    <i class=\"fa fa-fw fa-university\"><\/i>\n                                Education                            <\/h3>\n        <\/div>\n                <div class=\"clearfix ul-element-text \">\n            \n<p>Teachers-researchers, doctoral students, researchers, and technical staff are highly involved in university education, in the Faculty of Sciences (Master&#8217;s in Biology-Health, STAPS) as well as in the Faculties of <a href=\"https:\/\/www.medecine.unilim.fr\/\" target=\"_blank\" rel=\"noopener\">Medicine <\/a>and <a href=\"https:\/\/www.pharmacie.unilim.fr\/\" target=\"_blank\" rel=\"noopener\">Pharmacy<\/a>.<\/p>\n        <\/div>\n        \n        \n        <div class=\"ul-element-header text-left  \">\n\n            <h3 class=\"ul-bold text-dark bg-gray-lighter\" style=\"padding:10px;\">\n                                    <i class=\"fa fa-fw fa-arrows\"><\/i>\n                                Scientific popularization                            <\/h3>\n        <\/div>\n                <div class=\"clearfix ul-element-text \">\n            \n<p>The members of the laboratory take part in various scientific outreach activities aimed at middle school and high school students, secondary school teachers, and the general public.<\/p>\n        <\/div>\n                <\/div>\n        <\/div>\n            <\/div>\n                  <\/div>\n                <div class=\"container-fluid  \" style=\"\">\n                      <div class=\"container\">\n                <div class=\"row \" style=\"margin-top: 0px;margin-bottom: 30px\">        <div class=\"col-sm-3 clearfix \">\n                    <a class=\"ul-element-rollover \" style=\"padding:10px\" href=\"https:\/\/scientibus.unilim.fr\/\" target=\"_blank\">\n            <div class=\"ul-element-rollover-container   round-image-border \">\n                <div class=\"img-container\">\n                    <img decoding=\"async\" src=\"https:\/\/www.unilim.fr\/p-and-t\/wp-content\/uploads\/sites\/80\/2024\/09\/Scientibus-2.png\" \/>\n                                    <\/div>\n                <div class=\"text-container\">\n                    <div class=\"text-inner\">\n                        \n<p style=\"text-align: center\"><strong>Le Scientibus<\/strong><\/p>\n<p style=\"text-align: center\">This former school bus, converted into a mobile laboratory, travels to meet all audiences (the general public and students).<\/p>\n<p style=\"text-align: center\">Several members of the laboratory take part in the activities.<\/p>\n                    <\/div>\n                <\/div>\n            <\/div>\n        <\/a>\n\n                <a class=\"ul-element-rollover \" style=\"padding:10px\" href=\"https:\/\/tube-sciences-technologies.apps.education.fr\/w\/4ebciKzmDRJbEArCVrsS9N\" target=\"_blank\">\n            <div class=\"ul-element-rollover-container   round-image-border \">\n                <div class=\"img-container\">\n                    <img decoding=\"async\" src=\"https:\/\/www.unilim.fr\/p-and-t\/wp-content\/uploads\/sites\/80\/2024\/09\/logo_annee_bio_page_annee_bio-300x259.jpg\" \/>\n                                    <\/div>\n                <div class=\"text-container\">\n                    <div class=\"text-inner\">\n                        \n<p style=\"text-align: center\">Following the organization of the Year of Biology by the CNRS in 2021-2022, several members of the University of Limoges decided to continue this training initiative for SVT (Life and Earth Sciences) and Biotechnology teachers.<\/p>\n<p style=\"text-align: center\">Two thematic afternoon workshops are led by members of the laboratory (mass spectrometry, cell culture).<\/p>\n                    <\/div>\n                <\/div>\n            <\/div>\n        <\/a>\n\n                <\/div>\n                <div class=\"col-sm-3 clearfix \">\n                    <a class=\"ul-element-rollover \" style=\"padding:10px\" href=\"https:\/\/www.unilim.fr\/p-and-t\/wp-content\/uploads\/sites\/80\/2024\/09\/VAL-N\u00b0-181-mai-2023-Internet-p37.pdf\" target=\"_blank\">\n            <div class=\"ul-element-rollover-container   round-image-border \">\n                <div class=\"img-container\">\n                    <img decoding=\"async\" src=\"https:\/\/www.unilim.fr\/p-and-t\/wp-content\/uploads\/sites\/80\/2024\/09\/Voyage-moleculaire-300x300.jpg\" \/>\n                                    <\/div>\n                <div class=\"text-container\">\n                    <div class=\"text-inner\">\n                        \n<p style=\"text-align: center\"><strong>\u00a0<\/strong><\/p>\n<p style=\"text-align: center\">Created and led by members of the laboratory, the workshop <strong>Le Voyage Mol\u00e9culaire<\/strong> takes visitors on a voyage into the heart of molecules and molecular interactions.<\/p>\n                    <\/div>\n                <\/div>\n            <\/div>\n        <\/a>\n\n                <a class=\"ul-element-rollover \" style=\"padding:10px\" href=\"https:\/\/www.deboecksuperieur.com\/ouvrage\/9782807335134-pharmacologix\" target=\"_blank\">\n            <div class=\"ul-element-rollover-container   round-image-border \">\n                <div class=\"img-container\">\n                    <img decoding=\"async\" src=\"https:\/\/www.unilim.fr\/p-and-t\/wp-content\/uploads\/sites\/80\/2024\/09\/Pharmacologix-255x300.jpg\" \/>\n                                    <\/div>\n                <div class=\"text-container\">\n                    <div class=\"text-inner\">\n                        \n<p style=\"text-align: center\">The first comic book on pharmacology: finally, the complex world of medicine explained simply! <strong>Pharmacologix<\/strong> takes you on a journey through the often unexpected history of drugs, explaining their mechanisms of action\u2014with humor and a touch of pop culture.<\/p>\n<p style=\"text-align: center\">Written by Nicolas Picard, pharmacist and biologist at the laboratory.<\/p>\n                    <\/div>\n                <\/div>\n            <\/div>\n        <\/a>\n\n                <\/div>\n                <div class=\"col-sm-3 clearfix \">\n                    <a class=\"ul-element-rollover \" style=\"padding:10px\" href=\"https:\/\/nuitdeschercheurs-france.eu\/\" target=\"_blank\">\n            <div class=\"ul-element-rollover-container   round-image-border \">\n                <div class=\"img-container\">\n                    <img decoding=\"async\" src=\"https:\/\/www.unilim.fr\/p-and-t\/wp-content\/uploads\/sites\/80\/2024\/09\/NDC2-1.png\" \/>\n                                    <\/div>\n                <div class=\"text-container\">\n                    <div class=\"text-inner\">\n                        \n<p style=\"text-align: center\">Each year, several members of the laboratory lead workshops at the <strong>Night of Researchers<\/strong>:<\/p>\n<p style=\"text-align: center\">microbiota, molecular journey&#8230;<\/p>\n                    <\/div>\n                <\/div>\n            <\/div>\n        <\/a>\n\n                <a class=\"ul-element-rollover \" style=\"padding:10px\" href=\"https:\/\/mt180.fr\/\" target=\"_blank\">\n            <div class=\"ul-element-rollover-container   round-image-border \">\n                <div class=\"img-container\">\n                    <img decoding=\"async\" src=\"https:\/\/www.unilim.fr\/p-and-t\/wp-content\/uploads\/sites\/80\/2024\/09\/MT180-300x300.jpeg\" \/>\n                                    <\/div>\n                <div class=\"text-container\">\n                    <div class=\"text-inner\">\n                        \n<p style=\"text-align: center\"><strong>Ma Th\u00e8se en 180 secondes <\/strong>allows doctoral students to present their research topic, in French and in simple terms, to a diverse audience. Each student must deliver a clear, concise, and yet convincing presentation of their research project in three minutes.<\/p>\n<p style=\"text-align: center\">Several of our doctoral students have participated in this national competition.<\/p>\n                    <\/div>\n                <\/div>\n            <\/div>\n        <\/a>\n\n                <\/div>\n                <div class=\"col-sm-3 clearfix \">\n                    <a class=\"ul-element-rollover \" style=\"padding:10px\" href=\"https:\/\/www.fetedelascience.fr\/\" target=\"_blank\">\n            <div class=\"ul-element-rollover-container   round-image-border \">\n                <div class=\"img-container\">\n                    <img decoding=\"async\" src=\"https:\/\/www.unilim.fr\/p-and-t\/wp-content\/uploads\/sites\/80\/2024\/09\/Fete-de-la-science.png\" \/>\n                                    <\/div>\n                <div class=\"text-container\">\n                    <div class=\"text-inner\">\n                        \n<p style=\"text-align: center\">Since 2023, the laboratory has been offering a guided tour and workshop during <strong>la F\u00eate de la Science<\/strong>.<\/p>\n<p style=\"text-align: center\">In 2024, two time slots were available on October 14 on the theme &#8220;Focus on Molecular Weapons: Medicines.&#8221;<\/p>\n                    <\/div>\n                <\/div>\n            <\/div>\n        <\/a>\n\n                <a class=\"ul-element-rollover \" style=\"padding:10px\" href=\"\" target=\"_self\">\n            <div class=\"ul-element-rollover-container   round-image-border \">\n                <div class=\"img-container\">\n                    <img decoding=\"async\" src=\"https:\/\/www.unilim.fr\/p-and-t\/wp-content\/uploads\/sites\/80\/2024\/09\/Des-scientifiques-dans-les-classes-5-300x296.png\" \/>\n                                    <\/div>\n                <div class=\"text-container\">\n                    <div class=\"text-inner\">\n                        \n<p style=\"text-align: center\">Several members of the laboratory visited middle school classes (8th and 9th grades) to discuss the role of women in the scientific world and encourage young girls to pursue this path.<\/p>\n                    <\/div>\n                <\/div>\n            <\/div>\n        <\/a>\n\n                <\/div>\n        <\/div>\n            <\/div>\n                  <\/div>\n                <div class=\"container-fluid  \" style=\"\">\n                      <div class=\"container\">\n                <div class=\"row \" style=\"margin-top: 0px;margin-bottom: 0px\">        <div class=\"col-sm-12 clearfix \">\n            \n        \n        <div class=\"ul-element-header text-left  \">\n\n            <h3 class=\"ul-bold text-dark bg-gray-lighter\" style=\"padding:10px;\">\n                                    <i class=\"fa fa-fw fa-film\"><\/i>\n                                In the media                            <\/h3>\n        <\/div>\n                <\/div>\n        <\/div>\n            <\/div>\n                  <\/div>\n                <div class=\"container-fluid  \" style=\"\">\n                      <div class=\"container\">\n                <div class=\"row \" style=\"margin-top: 0px;margin-bottom: 30px\">        <div class=\"col-sm-6 clearfix \">\n                    <div class=\"clearfix ul-element-text \">\n            \n<h4 class=\"ul-bold\"><a href=\"https:\/\/www.france.tv\/france-2\/complement-d-enquete\/6605894-emission-du-jeudi-13-juin-2013.html\" target=\"_blank\" rel=\"noopener\">Compl\u00e9ment d&#8217;enqu\u00eate, \u00e9mission du 13\/06\/2013<\/a><\/h4>\n<p style=\"text-align: justify\">False friends, false appearances, substitutes or generics: it\u2019s all about imitation. Are there differences between a medication and its generic? Until now, we believed they were the same. But today, more and more doctors are warning about the supposed &#8220;dangers&#8221; of certain generics. Compl\u00e9ment d&#8217;enqu\u00eate visited the laboratories that manufacture these drugs, which are supposed to be identical to their branded counterparts. Is that the case? Are their therapeutic qualities on par with the originals?<\/p>\n<p>Intervention by Professor Pierre Marquet (between 13 and 15 minutes).<\/p>\n        <\/div>\n                <div class=\"clearfix ul-element-text \">\n            \n<h4 class=\"ul-bold\">ICI 19\/20 France 3 Limousin, 7 f\u00e9vrier 2025<\/h4>\n<p style=\"text-align: justify\">Caroline Monchaud was invited to the ICI 19\/20 &#8211; Limousin show following the FHU SUPORT day at the Faculty of Medicine and Pharmacy of Limoges. Her intervention took place between 11:25 and 14:15 minutes.<\/p>\n        <\/div>\n                <div class=\"clearfix ul-element-text \">\n            \n<h4 class=\"ul-bold\">Vert de rage <a href=\"https:\/\/www.france.tv\/france-5\/vert-de-rage\/saison-4\/6868483-pesticides-poisons-eternels.html\" target=\"_blank\" rel=\"noopener\">S4 E5 &#8211; Pesticides, poisons \u00e9ternels<\/a>, 2025<\/h4>\n<p style=\"text-align: justify\">In France, as everywhere on the planet, the pesticide industry is suspected of polluting the environment. For a year, Mathilde Cusin, Manon de Cou\u00ebt, Martin Boudot, and the Vert de rage team investigated the persistence of banned pesticides in the environment. Although withdrawn from the market in Europe due to their toxicity, some of these pesticides are still manufactured by giants of the phytosanitary industry in France to be exported to countries with less strict regulations. These banned and toxic products then end up in fruits and vegetables imported into France.<\/p>\n<p style=\"text-align: justify\">Intervention by Dr. Souleiman El Balkhi starting at 31 minutes.<\/p>\n        <\/div>\n                <\/div>\n                <div class=\"col-sm-6 clearfix \">\n                    <div class=\"clearfix ul-element-text \">\n            \n<h4 class=\"ul-bold\">France 3 Nouvelle Aquitaine, 8 juin 2019<\/h4>\n<p style=\"text-align: justify\">The University and the hospital renewed their partnership on Friday, June 7, for 5 years. This is essential to maintain the &#8220;U&#8221; (University) in the CHU (University Hospital Center) title!<\/p>\n<p style=\"text-align: justify\">Intervention by Professor Pierre Marquet (starting at 0:49).<\/p>\n        <\/div>\n        <div class=\"ul-element-videojs \">\t\t\r\n\t\t<!-- Begin Video.js Responsive Wrapper -->\r\n\t\t<div style='max-width:1600px'>\r\n\t\t\t<div class='video-wrapper' style='padding-bottom:56.25%;'>\r\n\t\t\t\t\r\n\t<!-- Begin Video.js -->\r\n\t<video id=\"example_video_id_1423167119\" class=\"video-js vjs-default-skin embed-responsive embed-responsive-16by9\" width=\"1600\" height=\"900\" controls preload=\"none\" data-setup='{\"forceSSL\":\"true\",\"techOrder\":[\"youtube\"],\"src\":\"https:\/\/www.youtube.com\/watch?v=Qn6qd0axikc\"}'>\r\n\t\t\r\n\t\t\r\n\t\t\r\n\t<\/video>\r\n\t<!-- End Video.js -->\r\n\r\n\t\t\t<\/div>\r\n\t\t<\/div>\r\n\t\t<!-- End Video.js Responsive Wrapper -->\r\n\t\t<\/div>        <\/div>\n        <\/div>\n            <\/div>\n                  <\/div>\n        \n","protected":false},"excerpt":{"rendered":"","protected":false},"author":239,"featured_media":0,"parent":0,"menu_order":0,"comment_status":"closed","ping_status":"closed","template":"page-le.php","meta":{"footnotes":""},"class_list":["post-2868","page","type-page","status-publish","hentry"],"yoast_head":"<!-- This site is optimized with the Yoast SEO plugin v26.5 - https:\/\/yoast.com\/wordpress\/plugins\/seo\/ -->\n<title>Scientific popularization - Pharmacologie &amp; Transplantation<\/title>\n<meta name=\"robots\" content=\"index, follow, max-snippet:-1, max-image-preview:large, max-video-preview:-1\" \/>\n<link rel=\"canonical\" href=\"https:\/\/www.unilim.fr\/p-and-t\/en\/scientific-popularization\/\" \/>\n<meta property=\"og:locale\" content=\"en_US\" \/>\n<meta property=\"og:type\" content=\"article\" \/>\n<meta property=\"og:title\" content=\"Scientific popularization - Pharmacologie &amp; Transplantation\" \/>\n<meta property=\"og:url\" content=\"https:\/\/www.unilim.fr\/p-and-t\/en\/scientific-popularization\/\" \/>\n<meta property=\"og:site_name\" content=\"Pharmacologie &amp; Transplantation\" \/>\n<meta name=\"twitter:card\" content=\"summary_large_image\" \/>\n<meta name=\"twitter:label1\" content=\"Est. reading time\" \/>\n\t<meta name=\"twitter:data1\" content=\"6 minutes\" \/>\n<script type=\"application\/ld+json\" class=\"yoast-schema-graph\">{\"@context\":\"https:\/\/schema.org\",\"@graph\":[{\"@type\":\"WebPage\",\"@id\":\"https:\/\/www.unilim.fr\/p-and-t\/en\/scientific-popularization\/\",\"url\":\"https:\/\/www.unilim.fr\/p-and-t\/en\/scientific-popularization\/\",\"name\":\"Scientific popularization - Pharmacologie &amp; Transplantation\",\"isPartOf\":{\"@id\":\"https:\/\/www.unilim.fr\/p-and-t\/#website\"},\"datePublished\":\"2025-03-06T09:32:07+00:00\",\"breadcrumb\":{\"@id\":\"https:\/\/www.unilim.fr\/p-and-t\/en\/scientific-popularization\/#breadcrumb\"},\"inLanguage\":\"en-US\",\"potentialAction\":[{\"@type\":\"ReadAction\",\"target\":[\"https:\/\/www.unilim.fr\/p-and-t\/en\/scientific-popularization\/\"]}]},{\"@type\":\"BreadcrumbList\",\"@id\":\"https:\/\/www.unilim.fr\/p-and-t\/en\/scientific-popularization\/#breadcrumb\",\"itemListElement\":[{\"@type\":\"ListItem\",\"position\":1,\"name\":\"Accueil\",\"item\":\"https:\/\/www.unilim.fr\/p-and-t\/en\/\"},{\"@type\":\"ListItem\",\"position\":2,\"name\":\"Scientific popularization\"}]},{\"@type\":\"WebSite\",\"@id\":\"https:\/\/www.unilim.fr\/p-and-t\/#website\",\"url\":\"https:\/\/www.unilim.fr\/p-and-t\/\",\"name\":\"Pharmacologie &amp; Transplantation\",\"description\":\"From computer and bench to bedside\",\"potentialAction\":[{\"@type\":\"SearchAction\",\"target\":{\"@type\":\"EntryPoint\",\"urlTemplate\":\"https:\/\/www.unilim.fr\/p-and-t\/?s={search_term_string}\"},\"query-input\":{\"@type\":\"PropertyValueSpecification\",\"valueRequired\":true,\"valueName\":\"search_term_string\"}}],\"inLanguage\":\"en-US\"}]}<\/script>\n<!-- \/ Yoast SEO plugin. -->","yoast_head_json":{"title":"Scientific popularization - Pharmacologie &amp; Transplantation","robots":{"index":"index","follow":"follow","max-snippet":"max-snippet:-1","max-image-preview":"max-image-preview:large","max-video-preview":"max-video-preview:-1"},"canonical":"https:\/\/www.unilim.fr\/p-and-t\/en\/scientific-popularization\/","og_locale":"en_US","og_type":"article","og_title":"Scientific popularization - Pharmacologie &amp; Transplantation","og_url":"https:\/\/www.unilim.fr\/p-and-t\/en\/scientific-popularization\/","og_site_name":"Pharmacologie &amp; Transplantation","twitter_card":"summary_large_image","twitter_misc":{"Est. reading time":"6 minutes"},"schema":{"@context":"https:\/\/schema.org","@graph":[{"@type":"WebPage","@id":"https:\/\/www.unilim.fr\/p-and-t\/en\/scientific-popularization\/","url":"https:\/\/www.unilim.fr\/p-and-t\/en\/scientific-popularization\/","name":"Scientific popularization - Pharmacologie &amp; Transplantation","isPartOf":{"@id":"https:\/\/www.unilim.fr\/p-and-t\/#website"},"datePublished":"2025-03-06T09:32:07+00:00","breadcrumb":{"@id":"https:\/\/www.unilim.fr\/p-and-t\/en\/scientific-popularization\/#breadcrumb"},"inLanguage":"en-US","potentialAction":[{"@type":"ReadAction","target":["https:\/\/www.unilim.fr\/p-and-t\/en\/scientific-popularization\/"]}]},{"@type":"BreadcrumbList","@id":"https:\/\/www.unilim.fr\/p-and-t\/en\/scientific-popularization\/#breadcrumb","itemListElement":[{"@type":"ListItem","position":1,"name":"Accueil","item":"https:\/\/www.unilim.fr\/p-and-t\/en\/"},{"@type":"ListItem","position":2,"name":"Scientific popularization"}]},{"@type":"WebSite","@id":"https:\/\/www.unilim.fr\/p-and-t\/#website","url":"https:\/\/www.unilim.fr\/p-and-t\/","name":"Pharmacologie &amp; Transplantation","description":"From computer and bench to bedside","potentialAction":[{"@type":"SearchAction","target":{"@type":"EntryPoint","urlTemplate":"https:\/\/www.unilim.fr\/p-and-t\/?s={search_term_string}"},"query-input":{"@type":"PropertyValueSpecification","valueRequired":true,"valueName":"search_term_string"}}],"inLanguage":"en-US"}]}},"_links":{"self":[{"href":"https:\/\/www.unilim.fr\/p-and-t\/en\/wp-json\/wp\/v2\/pages\/2868","targetHints":{"allow":["GET"]}}],"collection":[{"href":"https:\/\/www.unilim.fr\/p-and-t\/en\/wp-json\/wp\/v2\/pages"}],"about":[{"href":"https:\/\/www.unilim.fr\/p-and-t\/en\/wp-json\/wp\/v2\/types\/page"}],"author":[{"embeddable":true,"href":"https:\/\/www.unilim.fr\/p-and-t\/en\/wp-json\/wp\/v2\/users\/239"}],"replies":[{"embeddable":true,"href":"https:\/\/www.unilim.fr\/p-and-t\/en\/wp-json\/wp\/v2\/comments?post=2868"}],"version-history":[{"count":6,"href":"https:\/\/www.unilim.fr\/p-and-t\/en\/wp-json\/wp\/v2\/pages\/2868\/revisions"}],"predecessor-version":[{"id":2875,"href":"https:\/\/www.unilim.fr\/p-and-t\/en\/wp-json\/wp\/v2\/pages\/2868\/revisions\/2875"}],"wp:attachment":[{"href":"https:\/\/www.unilim.fr\/p-and-t\/en\/wp-json\/wp\/v2\/media?parent=2868"}],"curies":[{"name":"wp","href":"https:\/\/api.w.org\/{rel}","templated":true}]}}