{"id":2816,"date":"2025-03-06T00:00:00","date_gmt":"2025-02-25T08:05:10","guid":{"rendered":"https:\/\/www.unilim.fr\/p-and-t\/?page_id=2816"},"modified":"2025-03-06T17:01:41","modified_gmt":"2025-03-06T16:01:41","slug":"__trashed","status":"publish","type":"page","link":"https:\/\/www.unilim.fr\/p-and-t\/en\/__trashed\/","title":{"rendered":"Terms and Conditions"},"content":{"rendered":"        <div class=\"container-fluid  \" style=\"\">\n                      <div class=\"container\">\n                <div class=\"row \" style=\"margin-top: 30px;margin-bottom: 30px\">        <div class=\"col-sm-12 clearfix \">\n                    <div class=\"clearfix ul-element-text \">\n            \n<h3 class=\"ul-bold\" style=\"text-align: justify\">Publisher, Publication manager<\/h3>\n<p style=\"text-align: justify\">This website is the official website of : U1248 Inserm Universit\u00e9 de Limoges &#8220;Pharmacology &amp; Transplantation&#8221;.<\/p>\n<h3 class=\"ul-bold\" style=\"text-align: justify\">Publication manager<\/h3>\n<p style=\"text-align: justify\">Vincent Jolivet,&nbsp;Pr\u00e9sident de l&#8217;Universit\u00e9. Contact : presidence@unilim.fr<\/p>\n<h3 class=\"ul-bold\" style=\"text-align: justify\">Editorial management<\/h3>\n<p style=\"text-align: justify\">U1248 Pharmacologie et Transplantation<\/p>\n<p style=\"text-align: justify\">contact-pharmacology-transplantation@unilim.fr<\/p>\n<h3 class=\"ul-bold\" style=\"text-align: justify\">Photo credits<\/h3>\n<p style=\"text-align: justify\">Universit\u00e9 de Limoges<\/p>\n<h3 class=\"ul-bold\" style=\"text-align: justify\">Hosted by<\/h3>\n<p style=\"text-align: justify\">Direction du Syst\u00e8me d&#8217;Information de l&#8217;Universit\u00e9 de Limoges 123 Av. Albert Thomas 87060 Limoges Cedex T\u00e9l : 05 87 08 08 00 Fax : 05 55 45 75 95 Courriel : webmaster@unilim.fr<\/p>\n<h3 class=\"ul-bold\" style=\"text-align: justify\">Site access<\/h3>\n<p style=\"text-align: justify\">The website user&nbsp;www.unilim.fr\/p-and-t\/ hereby acknowledges that he possesses the skills and resources required to access and use this website.<\/p>\n<h3 class=\"ul-bold\" style=\"text-align: justify\">Copyright<\/h3>\n<p style=\"text-align: justify\">This entire website is covered by French and international copyright and intellectual property rights legislation. All reproduction rights are reserved, including for downloadable documents and iconographic or photographic representations. The representation of all or part of this website on any electronic medium of any form is formally prohibited unless expressly authorised by the University President, who is also the publication manager. You may write to the Communication Department who will pass on your request and will notify you of the reply from the publication manager. Reproduction of text from this website on a paper medium is authorised, particularly for educational purposes, subject to compliance with the following three conditions:<\/p>\n<p style=\"text-align: justify\">The said text must be distributed free of charge,<br \/>The integrity of the reproduced document must be guaranteed: no modifications or alterations of any kind are permitted,<br \/>A clear, legible mention of the source, (taking the following form for example): \u201cThis document has been obtained from the following website: https:\/\/www.unilim.fr\/cribl\/. The reproduction rights are reserved and strictly limited\u201d. The web address of&nbsp;UMR 1248 INSERM P&amp;T, Institut Omega Health, Univ. Limoges must imperatively be included in this reference.<br \/>For other uses, please contact us.<br \/> The University of Limoges may not be considered liable for the hypertext links used on the website, pointing to other Internet resources. Users and visitors to the website may not establish a hypertext link to this website without the express prior written consent of the President of the University of Limoges.<br \/> Les utilisateurs et visiteurs du site web ne peuvent mettre en place un hyperlien en direction de ce site sans l\u2019autorisation \u00e9crite expresse et pr\u00e9alable du Pr\u00e9sident de l\u2019Universit\u00e9 de Limoges. To obtain this, please e-mail &nbsp;com@unilim.fr or write to:<\/p>\n<p style=\"text-align: justify\">The President<br \/> 33, Rue Fran\u00e7ois Mitterrand BP 23204<br \/> 87032 Limoges CEDEX 01<\/p>\n<h3 class=\"ul-bold\" style=\"text-align: justify\">Publications &#8211; News<\/h3>\n<p style=\"text-align: justify\">The documents distributed in electronic form on this website may have been updated since you downloaded them or became aware of them. Consequently, we recommend that you verify their validity.<\/p>\n<h3 class=\"ul-bold\" style=\"text-align: justify\">Website content<\/h3>\n<p style=\"text-align: justify\">UMR 1248 INSERM P&amp;T, Univ. Limoges&nbsp;provides users of this website https:\/\/www.unilim.fr\/p-and-t&nbsp;des informations et outils disponibles et v\u00e9rifi\u00e9s, mais il ne saurait \u00eatre tenu pour responsable des erreurs ou de l\u2019indisponibilit\u00e9 de certaines informations.<br \/>with verified and available information resources but it may not be considered liable for any errors or non-availability of certain information. We request that users of the website notify us of any omissions, errors or corrections to be made, by e-mailing the webmaster for the website at the following address: contact-pharmacology-transplantation@unilim.fr.<\/p>\n<p style=\"text-align: justify\"><\/p>\n        <\/div>\n                <\/div>\n        <\/div>\n            <\/div>\n                  <\/div>\n        \n","protected":false},"excerpt":{"rendered":"","protected":false},"author":239,"featured_media":0,"parent":0,"menu_order":0,"comment_status":"closed","ping_status":"closed","template":"page-le.php","meta":{"footnotes":""},"class_list":["post-2816","page","type-page","status-publish","hentry"],"yoast_head":"<!-- This site is optimized with the Yoast SEO plugin v26.5 - https:\/\/yoast.com\/wordpress\/plugins\/seo\/ -->\n<title>Terms and Conditions - Pharmacologie &amp; Transplantation<\/title>\n<meta name=\"robots\" content=\"index, follow, max-snippet:-1, max-image-preview:large, max-video-preview:-1\" \/>\n<link rel=\"canonical\" href=\"https:\/\/www.unilim.fr\/p-and-t\/en\/__trashed\/\" \/>\n<meta property=\"og:locale\" content=\"en_US\" \/>\n<meta property=\"og:type\" content=\"article\" \/>\n<meta property=\"og:title\" content=\"Terms and Conditions - Pharmacologie &amp; Transplantation\" \/>\n<meta property=\"og:url\" content=\"https:\/\/www.unilim.fr\/p-and-t\/en\/__trashed\/\" \/>\n<meta property=\"og:site_name\" content=\"Pharmacologie &amp; Transplantation\" \/>\n<meta property=\"article:modified_time\" content=\"2025-03-06T16:01:41+00:00\" \/>\n<meta name=\"twitter:card\" content=\"summary_large_image\" \/>\n<meta name=\"twitter:label1\" content=\"Est. reading time\" \/>\n\t<meta name=\"twitter:data1\" content=\"3 minutes\" \/>\n<script type=\"application\/ld+json\" class=\"yoast-schema-graph\">{\"@context\":\"https:\/\/schema.org\",\"@graph\":[{\"@type\":\"WebPage\",\"@id\":\"https:\/\/www.unilim.fr\/p-and-t\/en\/__trashed\/\",\"url\":\"https:\/\/www.unilim.fr\/p-and-t\/en\/__trashed\/\",\"name\":\"Terms and Conditions - Pharmacologie &amp; Transplantation\",\"isPartOf\":{\"@id\":\"https:\/\/www.unilim.fr\/p-and-t\/#website\"},\"datePublished\":\"2025-02-25T08:05:10+00:00\",\"dateModified\":\"2025-03-06T16:01:41+00:00\",\"breadcrumb\":{\"@id\":\"https:\/\/www.unilim.fr\/p-and-t\/en\/__trashed\/#breadcrumb\"},\"inLanguage\":\"en-US\",\"potentialAction\":[{\"@type\":\"ReadAction\",\"target\":[\"https:\/\/www.unilim.fr\/p-and-t\/en\/__trashed\/\"]}]},{\"@type\":\"BreadcrumbList\",\"@id\":\"https:\/\/www.unilim.fr\/p-and-t\/en\/__trashed\/#breadcrumb\",\"itemListElement\":[{\"@type\":\"ListItem\",\"position\":1,\"name\":\"Accueil\",\"item\":\"https:\/\/www.unilim.fr\/p-and-t\/en\/\"},{\"@type\":\"ListItem\",\"position\":2,\"name\":\"Terms and Conditions\"}]},{\"@type\":\"WebSite\",\"@id\":\"https:\/\/www.unilim.fr\/p-and-t\/#website\",\"url\":\"https:\/\/www.unilim.fr\/p-and-t\/\",\"name\":\"Pharmacologie &amp; Transplantation\",\"description\":\"From computer and bench to bedside\",\"potentialAction\":[{\"@type\":\"SearchAction\",\"target\":{\"@type\":\"EntryPoint\",\"urlTemplate\":\"https:\/\/www.unilim.fr\/p-and-t\/?s={search_term_string}\"},\"query-input\":{\"@type\":\"PropertyValueSpecification\",\"valueRequired\":true,\"valueName\":\"search_term_string\"}}],\"inLanguage\":\"en-US\"}]}<\/script>\n<!-- \/ Yoast SEO plugin. -->","yoast_head_json":{"title":"Terms and Conditions - Pharmacologie &amp; Transplantation","robots":{"index":"index","follow":"follow","max-snippet":"max-snippet:-1","max-image-preview":"max-image-preview:large","max-video-preview":"max-video-preview:-1"},"canonical":"https:\/\/www.unilim.fr\/p-and-t\/en\/__trashed\/","og_locale":"en_US","og_type":"article","og_title":"Terms and Conditions - Pharmacologie &amp; Transplantation","og_url":"https:\/\/www.unilim.fr\/p-and-t\/en\/__trashed\/","og_site_name":"Pharmacologie &amp; Transplantation","article_modified_time":"2025-03-06T16:01:41+00:00","twitter_card":"summary_large_image","twitter_misc":{"Est. reading time":"3 minutes"},"schema":{"@context":"https:\/\/schema.org","@graph":[{"@type":"WebPage","@id":"https:\/\/www.unilim.fr\/p-and-t\/en\/__trashed\/","url":"https:\/\/www.unilim.fr\/p-and-t\/en\/__trashed\/","name":"Terms and Conditions - Pharmacologie &amp; Transplantation","isPartOf":{"@id":"https:\/\/www.unilim.fr\/p-and-t\/#website"},"datePublished":"2025-02-25T08:05:10+00:00","dateModified":"2025-03-06T16:01:41+00:00","breadcrumb":{"@id":"https:\/\/www.unilim.fr\/p-and-t\/en\/__trashed\/#breadcrumb"},"inLanguage":"en-US","potentialAction":[{"@type":"ReadAction","target":["https:\/\/www.unilim.fr\/p-and-t\/en\/__trashed\/"]}]},{"@type":"BreadcrumbList","@id":"https:\/\/www.unilim.fr\/p-and-t\/en\/__trashed\/#breadcrumb","itemListElement":[{"@type":"ListItem","position":1,"name":"Accueil","item":"https:\/\/www.unilim.fr\/p-and-t\/en\/"},{"@type":"ListItem","position":2,"name":"Terms and Conditions"}]},{"@type":"WebSite","@id":"https:\/\/www.unilim.fr\/p-and-t\/#website","url":"https:\/\/www.unilim.fr\/p-and-t\/","name":"Pharmacologie &amp; Transplantation","description":"From computer and bench to bedside","potentialAction":[{"@type":"SearchAction","target":{"@type":"EntryPoint","urlTemplate":"https:\/\/www.unilim.fr\/p-and-t\/?s={search_term_string}"},"query-input":{"@type":"PropertyValueSpecification","valueRequired":true,"valueName":"search_term_string"}}],"inLanguage":"en-US"}]}},"_links":{"self":[{"href":"https:\/\/www.unilim.fr\/p-and-t\/en\/wp-json\/wp\/v2\/pages\/2816","targetHints":{"allow":["GET"]}}],"collection":[{"href":"https:\/\/www.unilim.fr\/p-and-t\/en\/wp-json\/wp\/v2\/pages"}],"about":[{"href":"https:\/\/www.unilim.fr\/p-and-t\/en\/wp-json\/wp\/v2\/types\/page"}],"author":[{"embeddable":true,"href":"https:\/\/www.unilim.fr\/p-and-t\/en\/wp-json\/wp\/v2\/users\/239"}],"replies":[{"embeddable":true,"href":"https:\/\/www.unilim.fr\/p-and-t\/en\/wp-json\/wp\/v2\/comments?post=2816"}],"version-history":[{"count":3,"href":"https:\/\/www.unilim.fr\/p-and-t\/en\/wp-json\/wp\/v2\/pages\/2816\/revisions"}],"predecessor-version":[{"id":2983,"href":"https:\/\/www.unilim.fr\/p-and-t\/en\/wp-json\/wp\/v2\/pages\/2816\/revisions\/2983"}],"wp:attachment":[{"href":"https:\/\/www.unilim.fr\/p-and-t\/en\/wp-json\/wp\/v2\/media?parent=2816"}],"curies":[{"name":"wp","href":"https:\/\/api.w.org\/{rel}","templated":true}]}}