{"id":2808,"date":"2025-02-25T00:00:00","date_gmt":"2025-02-25T07:52:47","guid":{"rendered":"https:\/\/www.unilim.fr\/p-and-t\/?page_id=2808"},"modified":"2025-02-25T09:34:33","modified_gmt":"2025-02-25T08:34:33","slug":"contact","status":"publish","type":"page","link":"https:\/\/www.unilim.fr\/p-and-t\/en\/contact\/","title":{"rendered":"Contact"},"content":{"rendered":"        <div class=\"container-fluid  \" style=\"\">\n                      <div class=\"container\">\n                <div class=\"row \" style=\"margin-top: 30px;margin-bottom: 30px\">        <div class=\"col-sm-12 clearfix \">\n                    <div class=\"row\">\n                    <div class=\"col-sm-6\">\n            \n        \n        <div class=\"ul-element-header text-left  \">\n\n            <h3 class=\"ul-bold  \" style=\"\">\n                                    <i class=\"fa fa-fw fa-envelope\"><\/i>\n                                Address                            <\/h3>\n        <\/div>\n                <div class=\"clearfix ul-element-text \">\n            \n<p>Centre de Biologie et de Recherche en Sant\u00e9 (CBRS &#8211; 2\u00e8me \u00e9tage) <br \/>2 rue du Dr Marcland <br \/>87025 Limoges<\/p>\n        <\/div>\n                <\/div>\n                <div class=\"col-sm-6\">\n            \n        \n        <div class=\"ul-element-header text-left  \">\n\n            <h3 class=\"ul-bold  \" style=\"\">\n                                    <i class=\"fa fa-fw fa-truck\"><\/i>\n                                Deliveries                            <\/h3>\n        <\/div>\n                <div class=\"clearfix ul-element-text \">\n            \n<p>Centre de Biologie et de Recherche en Sant\u00e9 (CBRS &#8211; 2\u00e8me \u00e9tage) <br \/>2 rue du Professeur Descottes <br \/>87025 Limoges<\/p>\n        <\/div>\n                <\/div>\n                <\/div>\n                <div  class=\"embed-responsive embed-responsive-16by9 \" id=\"object1106\">\n            <iframe id=\"iframe-object1106\" class=\"embed-responsive-item\" src=\"https:\/\/umap.openstreetmap.fr\/fr\/map\/pharmacology-transplantation_1078250?scaleControl=false&amp;miniMap=false&amp;scrollWheelZoom=false&amp;zoomControl=true&amp;editMode=disabled&amp;moreControl=false&amp;searchControl=false&amp;tilelayersControl=true&amp;embedControl=false&amp;datalayersControl=false&amp;onLoadPanel=none&amp;captionBar=false&amp;captionMenus=true&amp;captionControl=false&amp;measureControl=false&amp;editinosmControl=false&amp;starControl=false\" allowfullscreen=\"true\" webkitallowfullscreen=\"true\" mozallowfullscreen=\"true\" frameborder=\"0\" style=\"border:0;\"><\/iframe>\n        <\/div>\n                <\/div>\n        <\/div>\n            <\/div>\n                  <\/div>\n                <div class=\"container-fluid  \" style=\"\">\n                      <div class=\"container\">\n                <div class=\"row \" style=\"margin-top: 30px;margin-bottom: 30px\">        <div class=\"col-sm-8 clearfix \">\n            \n        \n        <div class=\"ul-element-header text-left  \">\n\n            <h2 class=\"ul-bold  \" style=\"\">\n                                    <i class=\"fa fa-fw fa-location-arrow\"><\/i>\n                                How to get there?                            <\/h2>\n        <\/div>\n        \n        \n        <div class=\"ul-element-header text-left  \">\n\n            <h3 class=\"ul-bold  \" style=\"\">\n                                    <i class=\"fa fa-fw fa-train\"><\/i>\n                                From Limoges train station                <span><br\/><\/span><small> Limoges B\u00e9n\u00e9dictins<\/small>            <\/h3>\n        <\/div>\n                <div class=\"clearfix ul-element-text \">\n            \n<p>During working days, there are several buses that run to the University Hospital and the Faculty of Pharmacy and Medicine.<\/p>\n<p>Bus Line 10 (heading to Ch. Le Gendre) : bus stops &#8220;Dr. Marcland&#8221; or &#8220;Campus Marcland&#8221;, <\/p>\n<p>Other bus lines around: Line 14 and 12<\/p>\n<p>More information on the <a href=\"https:\/\/www.stcl.fr\" target=\"_blank\">STCL website<\/a><\/p>\n        <\/div>\n        \n        \n        <div class=\"ul-element-header text-left  \">\n\n            <h3 class=\"ul-bold  \" style=\"\">\n                                    <i class=\"fa fa-fw fa-plane\"><\/i>\n                                From Limoges airport                <span><br\/><\/span><small> A\u00e9roport de Limoges Bellegarde<\/small>            <\/h3>\n        <\/div>\n                <div class=\"clearfix ul-element-text \">\n            \n<p>Direct regular connections to and from Lyon, Marseille, Marrakech, Bristol, East Midlands, Leeds Bradford, London Stansted, and Manchester. More information is available on the <a href=\"https:\/\/www.aeroportlimoges.com\" target=\"_blank\">airport&#8217;s website<\/a>. Unfortunately, no bus line connects Limoges airport to the city. Therefore, the only way to get to the University Hospital and the Faculty of Pharmacy and Medicine is by taxi.<\/p>\n        <\/div>\n        \n        \n        <div class=\"ul-element-header text-left  \">\n\n            <h3 class=\"ul-bold  \" style=\"\">\n                                    <i class=\"fa fa-fw fa-car\"><\/i>\n                                By car                            <\/h3>\n        <\/div>\n                <div class=\"clearfix ul-element-text \">\n            \n<p>From the highway (A20\/E9): Take exit 36 (Feytiat), direction Limoges &#8211; University Hospital (CHU)<\/p>\n        <\/div>\n                <\/div>\n                <div class=\"col-sm-4 clearfix \">\n            \n        \n        <div class=\"ul-element-header text-left  \">\n\n            <h2 class=\"ul-bold  \" style=\"\">\n                                    <i class=\"fa fa-fw fa-at\"><\/i>\n                                Contact                            <\/h2>\n        <\/div>\n                <div class=\"clearfix ul-element-text \">\n            \n\n<div class=\"wpcf7 no-js\" id=\"wpcf7-f2805-o1\" lang=\"fr-FR\" dir=\"ltr\" data-wpcf7-id=\"2805\">\n<div class=\"screen-reader-response\"><p role=\"status\" aria-live=\"polite\" aria-atomic=\"true\"><\/p> <ul><\/ul><\/div>\n<form action=\"\/p-and-t\/en\/wp-json\/wp\/v2\/pages\/2808\/#wpcf7-f2805-o1\" method=\"post\" class=\"wpcf7-form init\" aria-label=\"Formulaire de contact\" novalidate=\"novalidate\" data-status=\"init\">\n<fieldset class=\"hidden-fields-container\"><input type=\"hidden\" name=\"_wpcf7\" value=\"2805\" \/><input type=\"hidden\" name=\"_wpcf7_version\" value=\"6.1.4\" \/><input type=\"hidden\" name=\"_wpcf7_locale\" value=\"fr_FR\" \/><input type=\"hidden\" name=\"_wpcf7_unit_tag\" value=\"wpcf7-f2805-o1\" \/><input type=\"hidden\" name=\"_wpcf7_container_post\" value=\"0\" \/><input type=\"hidden\" name=\"_wpcf7_posted_data_hash\" value=\"\" \/>\n<\/fieldset>\n<p><label> Name (mandatory)<br \/>\n<span class=\"wpcf7-form-control-wrap\" data-name=\"your-name\"><input size=\"40\" maxlength=\"400\" class=\"wpcf7-form-control wpcf7-text wpcf7-validates-as-required\" aria-required=\"true\" aria-invalid=\"false\" value=\"\" type=\"text\" name=\"your-name\" \/><\/span> <\/label>\n<\/p>\n<p><label> Email (mandatory)<br \/>\n<span class=\"wpcf7-form-control-wrap\" data-name=\"your-email\"><input size=\"40\" maxlength=\"400\" class=\"wpcf7-form-control wpcf7-email wpcf7-validates-as-required wpcf7-text wpcf7-validates-as-email\" aria-required=\"true\" aria-invalid=\"false\" value=\"\" type=\"email\" name=\"your-email\" \/><\/span> <\/label>\n<\/p>\n<p><label> Subject<br \/>\n<span class=\"wpcf7-form-control-wrap\" data-name=\"your-subject\"><input size=\"40\" maxlength=\"400\" class=\"wpcf7-form-control wpcf7-text wpcf7-validates-as-required\" aria-required=\"true\" aria-invalid=\"false\" value=\"\" type=\"text\" name=\"your-subject\" \/><\/span> <\/label>\n<\/p>\n<p><label> Your message<br \/>\n<span class=\"wpcf7-form-control-wrap\" data-name=\"your-message\"><textarea cols=\"40\" rows=\"10\" maxlength=\"2000\" class=\"wpcf7-form-control wpcf7-textarea\" aria-invalid=\"false\" name=\"your-message\"><\/textarea><\/span> <\/label>\n<\/p>\n<p><input class=\"wpcf7-form-control wpcf7-submit has-spinner\" type=\"submit\" value=\"Send\" \/>\n<\/p><div class=\"wpcf7-response-output\" aria-hidden=\"true\"><\/div>\n<\/form>\n<\/div>\n\n        <\/div>\n                <\/div>\n        <\/div>\n            <\/div>\n                  <\/div>\n        \n","protected":false},"excerpt":{"rendered":"","protected":false},"author":239,"featured_media":0,"parent":0,"menu_order":0,"comment_status":"closed","ping_status":"closed","template":"page-le.php","meta":{"footnotes":""},"class_list":["post-2808","page","type-page","status-publish","hentry"],"yoast_head":"<!-- This site is optimized with the Yoast SEO plugin v26.5 - https:\/\/yoast.com\/wordpress\/plugins\/seo\/ -->\n<title>Contact - Pharmacologie &amp; Transplantation<\/title>\n<meta name=\"robots\" content=\"index, follow, max-snippet:-1, max-image-preview:large, max-video-preview:-1\" \/>\n<link rel=\"canonical\" href=\"https:\/\/www.unilim.fr\/p-and-t\/en\/contact\/\" \/>\n<meta property=\"og:locale\" content=\"en_US\" \/>\n<meta property=\"og:type\" content=\"article\" \/>\n<meta property=\"og:title\" content=\"Contact - Pharmacologie &amp; Transplantation\" \/>\n<meta property=\"og:url\" content=\"https:\/\/www.unilim.fr\/p-and-t\/en\/contact\/\" \/>\n<meta property=\"og:site_name\" content=\"Pharmacologie &amp; Transplantation\" \/>\n<meta property=\"article:modified_time\" content=\"2025-02-25T08:34:33+00:00\" \/>\n<meta name=\"twitter:card\" content=\"summary_large_image\" \/>\n<meta name=\"twitter:label1\" content=\"Est. reading time\" \/>\n\t<meta name=\"twitter:data1\" content=\"2 minutes\" \/>\n<script type=\"application\/ld+json\" class=\"yoast-schema-graph\">{\"@context\":\"https:\/\/schema.org\",\"@graph\":[{\"@type\":\"WebPage\",\"@id\":\"https:\/\/www.unilim.fr\/p-and-t\/en\/contact\/\",\"url\":\"https:\/\/www.unilim.fr\/p-and-t\/en\/contact\/\",\"name\":\"Contact - Pharmacologie &amp; Transplantation\",\"isPartOf\":{\"@id\":\"https:\/\/www.unilim.fr\/p-and-t\/#website\"},\"datePublished\":\"2025-02-25T07:52:47+00:00\",\"dateModified\":\"2025-02-25T08:34:33+00:00\",\"breadcrumb\":{\"@id\":\"https:\/\/www.unilim.fr\/p-and-t\/en\/contact\/#breadcrumb\"},\"inLanguage\":\"en-US\",\"potentialAction\":[{\"@type\":\"ReadAction\",\"target\":[\"https:\/\/www.unilim.fr\/p-and-t\/en\/contact\/\"]}]},{\"@type\":\"BreadcrumbList\",\"@id\":\"https:\/\/www.unilim.fr\/p-and-t\/en\/contact\/#breadcrumb\",\"itemListElement\":[{\"@type\":\"ListItem\",\"position\":1,\"name\":\"Accueil\",\"item\":\"https:\/\/www.unilim.fr\/p-and-t\/en\/\"},{\"@type\":\"ListItem\",\"position\":2,\"name\":\"Contact\"}]},{\"@type\":\"WebSite\",\"@id\":\"https:\/\/www.unilim.fr\/p-and-t\/#website\",\"url\":\"https:\/\/www.unilim.fr\/p-and-t\/\",\"name\":\"Pharmacologie &amp; Transplantation\",\"description\":\"From computer and bench to bedside\",\"potentialAction\":[{\"@type\":\"SearchAction\",\"target\":{\"@type\":\"EntryPoint\",\"urlTemplate\":\"https:\/\/www.unilim.fr\/p-and-t\/?s={search_term_string}\"},\"query-input\":{\"@type\":\"PropertyValueSpecification\",\"valueRequired\":true,\"valueName\":\"search_term_string\"}}],\"inLanguage\":\"en-US\"}]}<\/script>\n<!-- \/ Yoast SEO plugin. -->","yoast_head_json":{"title":"Contact - Pharmacologie &amp; Transplantation","robots":{"index":"index","follow":"follow","max-snippet":"max-snippet:-1","max-image-preview":"max-image-preview:large","max-video-preview":"max-video-preview:-1"},"canonical":"https:\/\/www.unilim.fr\/p-and-t\/en\/contact\/","og_locale":"en_US","og_type":"article","og_title":"Contact - Pharmacologie &amp; Transplantation","og_url":"https:\/\/www.unilim.fr\/p-and-t\/en\/contact\/","og_site_name":"Pharmacologie &amp; Transplantation","article_modified_time":"2025-02-25T08:34:33+00:00","twitter_card":"summary_large_image","twitter_misc":{"Est. reading time":"2 minutes"},"schema":{"@context":"https:\/\/schema.org","@graph":[{"@type":"WebPage","@id":"https:\/\/www.unilim.fr\/p-and-t\/en\/contact\/","url":"https:\/\/www.unilim.fr\/p-and-t\/en\/contact\/","name":"Contact - Pharmacologie &amp; Transplantation","isPartOf":{"@id":"https:\/\/www.unilim.fr\/p-and-t\/#website"},"datePublished":"2025-02-25T07:52:47+00:00","dateModified":"2025-02-25T08:34:33+00:00","breadcrumb":{"@id":"https:\/\/www.unilim.fr\/p-and-t\/en\/contact\/#breadcrumb"},"inLanguage":"en-US","potentialAction":[{"@type":"ReadAction","target":["https:\/\/www.unilim.fr\/p-and-t\/en\/contact\/"]}]},{"@type":"BreadcrumbList","@id":"https:\/\/www.unilim.fr\/p-and-t\/en\/contact\/#breadcrumb","itemListElement":[{"@type":"ListItem","position":1,"name":"Accueil","item":"https:\/\/www.unilim.fr\/p-and-t\/en\/"},{"@type":"ListItem","position":2,"name":"Contact"}]},{"@type":"WebSite","@id":"https:\/\/www.unilim.fr\/p-and-t\/#website","url":"https:\/\/www.unilim.fr\/p-and-t\/","name":"Pharmacologie &amp; Transplantation","description":"From computer and bench to bedside","potentialAction":[{"@type":"SearchAction","target":{"@type":"EntryPoint","urlTemplate":"https:\/\/www.unilim.fr\/p-and-t\/?s={search_term_string}"},"query-input":{"@type":"PropertyValueSpecification","valueRequired":true,"valueName":"search_term_string"}}],"inLanguage":"en-US"}]}},"_links":{"self":[{"href":"https:\/\/www.unilim.fr\/p-and-t\/en\/wp-json\/wp\/v2\/pages\/2808","targetHints":{"allow":["GET"]}}],"collection":[{"href":"https:\/\/www.unilim.fr\/p-and-t\/en\/wp-json\/wp\/v2\/pages"}],"about":[{"href":"https:\/\/www.unilim.fr\/p-and-t\/en\/wp-json\/wp\/v2\/types\/page"}],"author":[{"embeddable":true,"href":"https:\/\/www.unilim.fr\/p-and-t\/en\/wp-json\/wp\/v2\/users\/239"}],"replies":[{"embeddable":true,"href":"https:\/\/www.unilim.fr\/p-and-t\/en\/wp-json\/wp\/v2\/comments?post=2808"}],"version-history":[{"count":3,"href":"https:\/\/www.unilim.fr\/p-and-t\/en\/wp-json\/wp\/v2\/pages\/2808\/revisions"}],"predecessor-version":[{"id":2811,"href":"https:\/\/www.unilim.fr\/p-and-t\/en\/wp-json\/wp\/v2\/pages\/2808\/revisions\/2811"}],"wp:attachment":[{"href":"https:\/\/www.unilim.fr\/p-and-t\/en\/wp-json\/wp\/v2\/media?parent=2808"}],"curies":[{"name":"wp","href":"https:\/\/api.w.org\/{rel}","templated":true}]}}