{"id":972,"date":"2016-02-28T23:00:00","date_gmt":"2015-07-03T13:14:52","guid":{"rendered":"http:\/\/www.unilim.fr\/canalbac\/?page_id=972"},"modified":"2018-07-19T14:27:47","modified_gmt":"2018-07-19T12:27:47","slug":"web-documentaires","status":"publish","type":"page","link":"https:\/\/www.unilim.fr\/medialab\/web-documentaires\/","title":{"rendered":"Web documentaires"},"content":{"rendered":"        <div class=\"container-fluid  \" style=\"\">\n                      <div class=\"container\">\n                <div class=\"row \" style=\"margin-top: 30px;margin-bottom: 30px\">        <div class=\"col-md-12 clearfix \">\n                    <div class=\"ul-element-image \">\n            <a href=\"http:\/\/www.unilim.fr\/medialab\/wp-content\/uploads\/sites\/21\/2015\/07\/WEBDOCUMENTAIRE2.jpg\" target=\"\"  rel=\"lightbox\">\n                <img decoding=\"async\" class=\"img-responsive\" src=\"http:\/\/www.unilim.fr\/medialab\/wp-content\/uploads\/sites\/21\/2015\/07\/WEBDOCUMENTAIRE2.jpg\"\/>\n            <\/a>\n        <\/div>\n                <\/div>\n        <\/div>\n            <\/div>\n                  <\/div>\n                <div class=\"container-fluid  \" style=\"\">\n                      <div class=\"container\">\n                <div class=\"row \" style=\"margin-top: 30px;margin-bottom: 30px\">        <div class=\"col-sm-12 clearfix \">\n                    <div class=\"ul-element-image \">\n            <a href=\"http:\/\/www.unilim.fr\/medialab\/wp-content\/uploads\/sites\/21\/2015\/09\/bandeau-web-docu1.png\" target=\"\"  rel=\"lightbox\">\n                <img decoding=\"async\" class=\"img-responsive\" src=\"http:\/\/www.unilim.fr\/medialab\/wp-content\/uploads\/sites\/21\/2015\/09\/bandeau-web-docu1.png\"\/>\n            <\/a>\n        <\/div>\n                <\/div>\n        <\/div>\n            <\/div>\n                  <\/div>\n                <div class=\"container-fluid  \" style=\"\">\n                      <div class=\"container\">\n                <div class=\"row \" style=\"margin-top: 30px;margin-bottom: 30px\">        <div class=\"col-sm-4 clearfix \">\n                    <a class=\"ul-element-rollover \" style=\"padding:0px\" href=\"http:\/\/www.unilim.fr\/canalsup\/depot\/webdoc\/monetonnantvoyage\/home.html\" target=\"_blank\">\n            <div class=\"ul-element-rollover-container   round-image-border \">\n                <div class=\"img-container\">\n                    <img decoding=\"async\" src=\"http:\/\/www.unilim.fr\/medialab\/wp-content\/uploads\/sites\/21\/2015\/09\/capsule-mon-etonnant-voyage1.png\" \/>\n                                    <\/div>\n                <div class=\"text-container\">\n                    <div class=\"text-inner\">\n                        \n<p style=\"text-align: center\"><strong>LE CONCEPT DE CE WEB DOCUMENTAIRE<\/strong><\/p>\n<p style=\"text-align: center\"><strong>MON &Eacute;TONNANT VOYAGE &Agrave; LA RENCONTRE DES GRANDS EPRITS<\/strong>, est une &eacute;pop&eacute;e dans laquelle des cyber-reporters de Canalsup partent &agrave; la rencontre d&rsquo;Auto-Entrepreneurs.<\/p>\n<p style=\"text-align: center\">\n<p style=\"text-align: center\">D&eacute;couvrez ainsi Limoges, ses bars, ses restaurants, et ses caf&eacute;s gr&acirc;ce &agrave; des cyber-reporters qui fouilleront la ville de fond en comble, pour vous trouver des entrepreneurs d&eacute;sireux de partager leurs exp&eacute;riences.<\/p>\n<p style=\"text-align: center\">\n<p style=\"text-align: center\"><span style=\"text-decoration: underline\"><strong>POUR EN SAVOIR PLUS C&rsquo;EST PAR ICI !<\/strong><\/span><\/p>\n                    <\/div>\n                <\/div>\n            <\/div>\n        <\/a>\n\n                <\/div>\n                <div class=\"col-sm-4 clearfix \">\n                    <\/div>\n                <div class=\"col-sm-4 clearfix \">\n                    <a class=\"ul-element-rollover \" style=\"padding:0px\" href=\"https:\/\/app.racontr.com\/projects\/le-design-et-le-vivant-partie-1-des-gestes-paysans-pour-des-societes-vivantes\/\" target=\"_blank\">\n            <div class=\"ul-element-rollover-container   round-image-border \">\n                <div class=\"img-container\">\n                    <img decoding=\"async\" src=\"http:\/\/www.unilim.fr\/canalsup\/wp-content\/uploads\/sites\/21\/2018\/07\/VIGNETT-WEB-DOC-NP.png\" \/>\n                                    <\/div>\n                <div class=\"text-container\">\n                    <div class=\"text-inner\">\n                        \n<p style=\"text-align: center\"><strong>LE&nbsp;DESIGN ET LE VIVANT<\/strong><\/p>\n<p style=\"text-align: center\">Une oeuvre webdocumentaire en prolongement du livre de Nicole PIGNIER, ensignante-chercheure &agrave; la Facult&eacute; des Lettres et des Sciences Humaines de l&rsquo;Universit&eacute; de Limoges.<\/p>\n<p style=\"text-align: center\">Cette oeuvre webdocumentaire a &eacute;t&eacute; r&eacute;alis&eacute;e dans le cadre du m&eacute;dia lab \u00ab\u00a0Le Labo Vid&eacute;o\u00a0\u00bb du tiers-lieu UL Factory de l&rsquo;Universit&eacute; de Limoges<\/p>\n<p style=\"text-align: center\">\n<p style=\"text-align: center\"><strong><span style=\"text-decoration: underline\">POUR EN SAVOIR PLUS C&rsquo;EST PAR ICI !<\/span><\/strong><\/p>\n                    <\/div>\n                <\/div>\n            <\/div>\n        <\/a>\n\n                <\/div>\n        <\/div>\n            <\/div>\n                  <\/div>\n        \n","protected":false},"excerpt":{"rendered":"","protected":false},"author":1,"featured_media":0,"parent":0,"menu_order":0,"comment_status":"open","ping_status":"open","template":"page-le.php","meta":{"footnotes":""},"class_list":["post-972","page","type-page","status-publish","hentry"],"yoast_head":"<!-- This site is optimized with the Yoast SEO plugin v26.5 - https:\/\/yoast.com\/wordpress\/plugins\/seo\/ -->\n<title>Web documentaires - M\u00e9dialab UL<\/title>\n<meta name=\"robots\" content=\"index, follow, max-snippet:-1, max-image-preview:large, max-video-preview:-1\" \/>\n<link rel=\"canonical\" href=\"https:\/\/www.unilim.fr\/medialab\/web-documentaires\/\" \/>\n<meta property=\"og:locale\" content=\"fr_FR\" \/>\n<meta property=\"og:type\" content=\"article\" \/>\n<meta property=\"og:title\" content=\"Web documentaires - M\u00e9dialab UL\" \/>\n<meta property=\"og:url\" content=\"https:\/\/www.unilim.fr\/medialab\/web-documentaires\/\" \/>\n<meta property=\"og:site_name\" content=\"M\u00e9dialab UL\" \/>\n<meta property=\"article:modified_time\" content=\"2018-07-19T12:27:47+00:00\" \/>\n<meta name=\"twitter:card\" content=\"summary_large_image\" \/>\n<meta name=\"twitter:label1\" content=\"Dur\u00e9e de lecture estim\u00e9e\" \/>\n\t<meta name=\"twitter:data1\" content=\"2 minutes\" \/>\n<script type=\"application\/ld+json\" class=\"yoast-schema-graph\">{\"@context\":\"https:\/\/schema.org\",\"@graph\":[{\"@type\":\"WebPage\",\"@id\":\"https:\/\/www.unilim.fr\/medialab\/web-documentaires\/\",\"url\":\"https:\/\/www.unilim.fr\/medialab\/web-documentaires\/\",\"name\":\"Web documentaires - M\u00e9dialab UL\",\"isPartOf\":{\"@id\":\"https:\/\/www.unilim.fr\/medialab\/#website\"},\"datePublished\":\"2015-07-03T13:14:52+00:00\",\"dateModified\":\"2018-07-19T12:27:47+00:00\",\"breadcrumb\":{\"@id\":\"https:\/\/www.unilim.fr\/medialab\/web-documentaires\/#breadcrumb\"},\"inLanguage\":\"fr-FR\",\"potentialAction\":[{\"@type\":\"ReadAction\",\"target\":[\"https:\/\/www.unilim.fr\/medialab\/web-documentaires\/\"]}]},{\"@type\":\"BreadcrumbList\",\"@id\":\"https:\/\/www.unilim.fr\/medialab\/web-documentaires\/#breadcrumb\",\"itemListElement\":[{\"@type\":\"ListItem\",\"position\":1,\"name\":\"Accueil\",\"item\":\"https:\/\/www.unilim.fr\/medialab\/\"},{\"@type\":\"ListItem\",\"position\":2,\"name\":\"Web documentaires\"}]},{\"@type\":\"WebSite\",\"@id\":\"https:\/\/www.unilim.fr\/medialab\/#website\",\"url\":\"https:\/\/www.unilim.fr\/medialab\/\",\"name\":\"M\u00e9dialab UL\",\"description\":\"universit\u00e9 ouverte source de r\u00e9ussites\",\"potentialAction\":[{\"@type\":\"SearchAction\",\"target\":{\"@type\":\"EntryPoint\",\"urlTemplate\":\"https:\/\/www.unilim.fr\/medialab\/?s={search_term_string}\"},\"query-input\":{\"@type\":\"PropertyValueSpecification\",\"valueRequired\":true,\"valueName\":\"search_term_string\"}}],\"inLanguage\":\"fr-FR\"}]}<\/script>\n<!-- \/ Yoast SEO plugin. -->","yoast_head_json":{"title":"Web documentaires - M\u00e9dialab UL","robots":{"index":"index","follow":"follow","max-snippet":"max-snippet:-1","max-image-preview":"max-image-preview:large","max-video-preview":"max-video-preview:-1"},"canonical":"https:\/\/www.unilim.fr\/medialab\/web-documentaires\/","og_locale":"fr_FR","og_type":"article","og_title":"Web documentaires - M\u00e9dialab UL","og_url":"https:\/\/www.unilim.fr\/medialab\/web-documentaires\/","og_site_name":"M\u00e9dialab UL","article_modified_time":"2018-07-19T12:27:47+00:00","twitter_card":"summary_large_image","twitter_misc":{"Dur\u00e9e de lecture estim\u00e9e":"2 minutes"},"schema":{"@context":"https:\/\/schema.org","@graph":[{"@type":"WebPage","@id":"https:\/\/www.unilim.fr\/medialab\/web-documentaires\/","url":"https:\/\/www.unilim.fr\/medialab\/web-documentaires\/","name":"Web documentaires - M\u00e9dialab UL","isPartOf":{"@id":"https:\/\/www.unilim.fr\/medialab\/#website"},"datePublished":"2015-07-03T13:14:52+00:00","dateModified":"2018-07-19T12:27:47+00:00","breadcrumb":{"@id":"https:\/\/www.unilim.fr\/medialab\/web-documentaires\/#breadcrumb"},"inLanguage":"fr-FR","potentialAction":[{"@type":"ReadAction","target":["https:\/\/www.unilim.fr\/medialab\/web-documentaires\/"]}]},{"@type":"BreadcrumbList","@id":"https:\/\/www.unilim.fr\/medialab\/web-documentaires\/#breadcrumb","itemListElement":[{"@type":"ListItem","position":1,"name":"Accueil","item":"https:\/\/www.unilim.fr\/medialab\/"},{"@type":"ListItem","position":2,"name":"Web documentaires"}]},{"@type":"WebSite","@id":"https:\/\/www.unilim.fr\/medialab\/#website","url":"https:\/\/www.unilim.fr\/medialab\/","name":"M\u00e9dialab UL","description":"universit\u00e9 ouverte source de r\u00e9ussites","potentialAction":[{"@type":"SearchAction","target":{"@type":"EntryPoint","urlTemplate":"https:\/\/www.unilim.fr\/medialab\/?s={search_term_string}"},"query-input":{"@type":"PropertyValueSpecification","valueRequired":true,"valueName":"search_term_string"}}],"inLanguage":"fr-FR"}]}},"_links":{"self":[{"href":"https:\/\/www.unilim.fr\/medialab\/wp-json\/wp\/v2\/pages\/972","targetHints":{"allow":["GET"]}}],"collection":[{"href":"https:\/\/www.unilim.fr\/medialab\/wp-json\/wp\/v2\/pages"}],"about":[{"href":"https:\/\/www.unilim.fr\/medialab\/wp-json\/wp\/v2\/types\/page"}],"author":[{"embeddable":true,"href":"https:\/\/www.unilim.fr\/medialab\/wp-json\/wp\/v2\/users\/1"}],"replies":[{"embeddable":true,"href":"https:\/\/www.unilim.fr\/medialab\/wp-json\/wp\/v2\/comments?post=972"}],"version-history":[{"count":0,"href":"https:\/\/www.unilim.fr\/medialab\/wp-json\/wp\/v2\/pages\/972\/revisions"}],"wp:attachment":[{"href":"https:\/\/www.unilim.fr\/medialab\/wp-json\/wp\/v2\/media?parent=972"}],"curies":[{"name":"wp","href":"https:\/\/api.w.org\/{rel}","templated":true}]}}