{"id":7924,"date":"2026-03-24T00:00:00","date_gmt":"2026-03-24T00:00:00","guid":{"rendered":"https:\/\/www.unilim.fr\/medialab\/test-page-dsisl\/"},"modified":"2026-03-24T15:24:16","modified_gmt":"2026-03-24T14:24:16","slug":"test-page-dsisl","status":"publish","type":"page","link":"https:\/\/www.unilim.fr\/medialab\/test-page-dsisl\/","title":{"rendered":"Test page DSISL"},"content":{"rendered":"        <div class=\"container-fluid  \" style=\"\">\n                      <div class=\"container\">\n                <div class=\"row \" style=\"margin-top: 30px;margin-bottom: 30px\">        <div class=\"col-sm-12 clearfix \">\n            \n        \n        <div class=\"ul-element-header text-center  \">\n\n            <h2 class=\"ul-bold  bg-primary\" style=\"padding:10px;\">\n                                    <i class=\"fa fa-fw fa-gavel\"><\/i>\n                                Mon titre \u00e0 moi                <span><br\/><\/span><small> sous titre<\/small>            <\/h2>\n        <\/div>\n                <\/div>\n        <\/div>\n            <\/div>\n                  <\/div>\n                <div class=\"container-fluid  \" style=\"\">\n                      <div class=\"container\">\n                <div class=\"row \" style=\"margin-top: 30px;margin-bottom: 30px\">        <div class=\"col-sm-3 clearfix \">\n                    <\/div>\n                <div class=\"col-sm-6 clearfix \">\n            <div class=\"ul-element-videojs \">\t\t\r\n\t\t<!-- Begin Video.js Responsive Wrapper -->\r\n\t\t<div style='max-width:1600px'>\r\n\t\t\t<div class='video-wrapper' style='padding-bottom:56.25%;'>\r\n\t\t\t\t\r\n\t<!-- Begin Video.js -->\r\n\t<video id=\"example_video_id_132094220\" class=\"video-js vjs-default-skin embed-responsive embed-responsive-16by9\" width=\"1600\" height=\"900\" controls preload=\"none\" data-setup='[]'>\r\n\t\t\r\n\t\t\r\n\t\t\r\n\t<\/video>\r\n\t<!-- End Video.js -->\r\n\r\n\t\t\t<\/div>\r\n\t\t<\/div>\r\n\t\t<!-- End Video.js Responsive Wrapper -->\r\n\t\t<\/div>        <div class=\"ul-element-image \">\n            <a href=\"https:\/\/www.unilim.fr\/medialab\/wp-content\/uploads\/sites\/82\/2025\/02\/IMG_8098-354x200.jpg\" target=\"\"  rel=\"lightbox\">\n                <img decoding=\"async\" class=\"img-responsive\" src=\"https:\/\/www.unilim.fr\/medialab\/wp-content\/uploads\/sites\/82\/2025\/02\/IMG_8098-354x200.jpg\"\/>\n            <\/a>\n        <\/div>\n                <\/div>\n                <div class=\"col-sm-3 clearfix \">\n                    <\/div>\n        <\/div>\n            <\/div>\n                  <\/div>\n                <div class=\"container-fluid  \" style=\"\">\n                      <div class=\"container\">\n                <div class=\"row \" style=\"margin-top: 30px;margin-bottom: 30px\">        <div class=\"col-sm-12 clearfix \">\n                    <\/div>\n        <\/div>\n            <\/div>\n                  <\/div>\n                <div class=\"container-fluid  \" style=\"\">\n                      <div class=\"container\">\n                <div class=\"row \" style=\"margin-top: 30px;margin-bottom: 30px\">        <div class=\"col-sm-8 clearfix \">\n                    <div class=\"\">\n            <hr\/>\n        <\/div>\n                <div class=\" text-center btn-fullwidth \">\n            <a role=\"button\" href=\"\" target=\"_self\" class=\"ul-btn-margin ul-bold btn btn-primary btn-lg\">\n                                    <i class=\"fa fa-fw fa-angellist\"><\/i>\n                                Visiter mon site            <\/a>\n        <\/div>\n                <div class=\"row\">\n                    <div class=\"col-sm-6\">\n                        <div class=\"ul-element-personne \" style=\"margin: 15px 0; display: table;\">\n                <div style=\"display:table-row\" class=\"element-body\">\n                    <div style=\"display: table-cell; vertical-align: top;\" class=\"element-image\">\n                                                            <img decoding=\"async\" src=\"https:\/\/www.unilim.fr\/medialab\/wp-content\/themes\/wordpress-bootstrap-master-child\/admin\/page-live-editor\/images\/user.png\" class=\"img pull-left\" style=\"width:80px;height:80px;margin-right:15px;\"\/>\n                                            <\/div>\n                    <div style=\"display: table-cell; vertical-align: top;\" class=\"element-content\">\n                        <h4>Larue2<\/h4>\n                                                <p>\n                            <span>DSI2<\/span><br\/>                                                                                <\/p>\n                                                <p style=\"white-space:nowrap;\">\n                            <i class=\"fa fa-phone fa-fw\"><\/i> <a href=\"tel:055555\">055555<\/a><br\/>                            <i class=\"fa fa-phone fa-fw\"><\/i> <a href=\"tel:555\">555<\/a><br\/>                                                                                                                                                                    <\/p>\n                        <p>\n                                                                                <\/p>\n                    <\/div>\n                <\/div>\n            <\/div>\n                <\/div>\n                <div class=\"col-sm-6\">\n                        <div class=\"ul-element-personne \" style=\"margin: 15px 0; display: table;\">\n                <div style=\"display:table-row\" class=\"element-body\">\n                    <div style=\"display: table-cell; vertical-align: top;\" class=\"element-image\">\n                                            <\/div>\n                    <div style=\"display: table-cell; vertical-align: top;\" class=\"element-content\">\n                        <h4>Seb Larue<\/h4>\n                                                <p>\n                            <span>DSI<\/span><br\/>                                                                                <\/p>\n                                                <p style=\"white-space:nowrap;\">\n                            <i class=\"fa fa-phone fa-fw\"><\/i> <a href=\"tel:05555555\">05555555<\/a><br\/>                            <i class=\"fa fa-phone fa-fw\"><\/i> <a href=\"tel:055555\">055555<\/a><br\/>                                                                                                                <i class=\"fa fa-envelope-o fa-fw\"><\/i> <a href=\"mailto:larue@unilim.fr\" target=\"_blank\">larue@unilim.fr<\/a><br\/>                                                    <\/p>\n                        <p>\n                                                                                <\/p>\n                    <\/div>\n                <\/div>\n            <\/div>\n                <\/div>\n                <\/div>\n                <div class=\"clearfix ul-element-text \">\n            \n<p>dfgdfg<\/p>\n<p>&#8211; dfgdfg<\/p>\n<p>&#8211; dfgdgdfg<\/p>\n<p><\/p>\n<ul>\n<li>fhgfh<\/li>\n<li>fgh<\/li>\n<li>fgh<\/li>\n<\/ul>\n<p><a href=\"https:\/\/www.unilim.fr\/medialab\/wp-content\/uploads\/sites\/82\/2025\/02\/IMG_8098.jpg\" class=\"\" data-mce-href=\"https:\/\/www.unilim.fr\/medialab\/wp-content\/uploads\/sites\/82\/2025\/02\/IMG_8098.jpg\"><img loading=\"lazy\" decoding=\"async\" alt=\"\" src=\"https:\/\/www.unilim.fr\/medialab\/wp-content\/uploads\/sites\/82\/2025\/02\/IMG_8098-354x200.jpg\" class=\"alignnone wp-image-7673\" width=\"354\" height=\"200\" data-mce-src=\"https:\/\/www.unilim.fr\/medialab\/wp-content\/uploads\/sites\/82\/2025\/02\/IMG_8098-354x200.jpg\" style=\"display: block; margin-left: auto; margin-right: auto;\" data-mce-style=\"display: block; margin-left: auto; margin-right: auto;\" srcset=\"https:\/\/www.unilim.fr\/medialab\/wp-content\/uploads\/sites\/82\/2025\/02\/IMG_8098-354x200.jpg 354w, https:\/\/www.unilim.fr\/medialab\/wp-content\/uploads\/sites\/82\/2025\/02\/IMG_8098-640x360.jpg 640w\" sizes=\"auto, (max-width: 354px) 100vw, 354px\" \/><\/a><\/p>\n<p>Lien&nbsp;<a href=\"https:\/\/www.sncf.fr\" data-mce-href=\"https:\/\/www.sncf.fr\" target=\"_blank\">vers un&nbsp; autre site web&nbsp;<\/a><\/p>\n<p>Lien&nbsp;<a href=\"https:\/\/www.unilim.fr\/medialab\/canalsup-2\/nos-formats\/\" data-mce-href=\"https:\/\/www.unilim.fr\/medialab\/canalsup-2\/nos-formats\/\">vers mon site<\/a><\/p>\n<p>Lien&nbsp;<a href=\"mailto:larue@unilim.fr\" data-mce-href=\"mailto:larue@unilim.fr\">vers un courriel<\/a><\/p>\n<p>Lien&nbsp;<a href=\"https:\/\/www.unilim.fr\/medialab\/wp-content\/uploads\/sites\/82\/2019\/10\/cadreur01.pdf\" data-mce-href=\"https:\/\/www.unilim.fr\/medialab\/wp-content\/uploads\/sites\/82\/2019\/10\/cadreur01.pdf\">vers un pdf<\/a><\/p>\n<p><\/p>\n<p><\/p>\n        <\/div>\n                <\/div>\n                <div class=\"col-sm-4 clearfix \">\n                    <div class=\"\">\n                        <div class=\"panel panel-primary\">\n                              <div class=\"panel-heading\">\n                    <h3 class=\"panel-title\"><i class=\"fa fa-fw fa-\"><\/i>Chiffres cl\u00e9s<\/h3>\n                <\/div>\n                              <div class=\"panel-body\">\n                  \n<p>lorem ipsum<\/p>\n                <\/div>\n                              <div class=\"panel-footer  text-left\">\n                  <a class=\"\" href=\"\" target=\"_self\">Voir tous nos chiifres<\/a>\n                <\/div>\n                          <\/div>\n                    <\/div>\n                <div class=\"alert alert-success alert-dismissible \" role=\"alert\">\n                        <button type=\"button\" class=\"close\" data-dismiss=\"alert\"><span aria-hidden=\"true\">&times;<\/span><span class=\"sr-only\">Fermer<\/span><\/button>\n                        \n<p>lorem ipsum dgdfgdfgd<\/p>\n        <\/div>\n                <a class=\"ul-element-rollover \" style=\"padding:30px\" href=\"\" target=\"_self\">\n            <div class=\"ul-element-rollover-container   round-image-border \">\n                <div class=\"img-container\">\n                    <img decoding=\"async\" src=\"https:\/\/www.unilim.fr\/medialab\/wp-content\/themes\/wordpress-bootstrap-master-child\/admin\/page-live-editor\/images\/user.png\" \/>\n                                        <div class=\"img-title text-center bg-gray-darker \">jhj;gkg<\/div>\n                                    <\/div>\n                <div class=\"text-container\">\n                    <div class=\"text-inner\">\n                        \n<p>lorem ipsum<\/p>\n                    <\/div>\n                <\/div>\n            <\/div>\n        <\/a>\n\n                <a href=\"\" target=\"_self\" class=\"ul-element-cartouche bg-gray-lighter \" style=\"border-left: 18px solid #FBC08C\">\n            <h4 class=\"text-dark ul-bold text-left\">lorem ipsum<\/h4>\n                            <i class=\"text-dark fa fa-3x fa-plus-circle\" style=\"order:2\"><\/i>\n                    <\/a>\n                <div class=\"panel-group \" id=\"object8389\">\n                    <div class=\"panel panel-warning\">\n            <div class=\"panel-heading\">\n                <h3 class=\"panel-title\">\n                    <a data-toggle=\"collapse\" data-parent=\"#object8389\" href=\"#object8408\">Panel 1<\/a>\n                <\/h3>\n            <\/div>\n            <div id=\"object8408\" class=\"panel-collapse collapse in\">\n                <div class=\"panel-body\">\n                  \n<p>lorem ipsum<\/p>\n                <\/div>\n            <\/div>\n        <\/div>\n                <div class=\"panel panel-default\">\n            <div class=\"panel-heading\">\n                <h3 class=\"panel-title\">\n                    <a data-toggle=\"collapse\" data-parent=\"#object8389\" href=\"#object8432\">Panel 2<\/a>\n                <\/h3>\n            <\/div>\n            <div id=\"object8432\" class=\"panel-collapse collapse \">\n                <div class=\"panel-body\">\n                  \n<p>lorem ipsum<\/p>\n                <\/div>\n            <\/div>\n        <\/div>\n                <div class=\"panel panel-default\">\n            <div class=\"panel-heading\">\n                <h3 class=\"panel-title\">\n                    <a data-toggle=\"collapse\" data-parent=\"#object8389\" href=\"#object8456\">Panel 3<\/a>\n                <\/h3>\n            <\/div>\n            <div id=\"object8456\" class=\"panel-collapse collapse \">\n                <div class=\"panel-body\">\n                  \n<p>lorem ipsum<\/p>\n                <\/div>\n            <\/div>\n        <\/div>\n                <div class=\"panel panel-default\">\n            <div class=\"panel-heading\">\n                <h3 class=\"panel-title\">\n                    <a data-toggle=\"collapse\" data-parent=\"#object8389\" href=\"#object8480\">Panel 4<\/a>\n                <\/h3>\n            <\/div>\n            <div id=\"object8480\" class=\"panel-collapse collapse \">\n                <div class=\"panel-body\">\n                  \n<p>lorem ipsum<\/p>\n                <\/div>\n            <\/div>\n        <\/div>\n                <\/div>\n                <div class=\"ul-element-tab \">\n            <ul class=\"nav nav-tabs\" role=\"tablist\" id=\"object8584\">\n                <li class=\"active\"><a href=\"#object8604\" role=\"tab\" data-toggle=\"tab\">Panel<\/a><\/li><li class=\"\"><a href=\"#object8622\" role=\"tab\" data-toggle=\"tab\">Panel<\/a><\/li><li class=\"\"><a href=\"#object8640\" role=\"tab\" data-toggle=\"tab\">Panel<\/a><\/li>            <\/ul>\n            <div class=\"tab-content\">\n                <div class=\"tab-pane active\" id=\"object8604\"><p>lorem ipsum<\/p><\/div><div class=\"tab-pane \" id=\"object8622\"><p>lorem ipsum<\/p><\/div><div class=\"tab-pane \" id=\"object8640\"><p>lorem ipsum<\/p><\/div>            <\/div>\n        <\/div>\n                <\/div>\n        <\/div>\n            <\/div>\n                  <\/div>\n        \n","protected":false},"excerpt":{"rendered":"","protected":false},"author":1,"featured_media":0,"parent":0,"menu_order":0,"comment_status":"closed","ping_status":"closed","template":"page-le.php","meta":{"footnotes":""},"class_list":["post-7924","page","type-page","status-publish","hentry"],"yoast_head":"<!-- This site is optimized with the Yoast SEO plugin v26.5 - https:\/\/yoast.com\/wordpress\/plugins\/seo\/ -->\n<title>Test page DSISL - M\u00e9dialab UL<\/title>\n<meta name=\"robots\" content=\"index, follow, max-snippet:-1, max-image-preview:large, max-video-preview:-1\" \/>\n<link rel=\"canonical\" href=\"https:\/\/www.unilim.fr\/medialab\/test-page-dsisl\/\" \/>\n<meta property=\"og:locale\" content=\"fr_FR\" \/>\n<meta property=\"og:type\" content=\"article\" \/>\n<meta property=\"og:title\" content=\"Test page DSISL - M\u00e9dialab UL\" \/>\n<meta property=\"og:url\" content=\"https:\/\/www.unilim.fr\/medialab\/test-page-dsisl\/\" \/>\n<meta property=\"og:site_name\" content=\"M\u00e9dialab UL\" \/>\n<meta property=\"article:modified_time\" content=\"2026-03-24T14:24:16+00:00\" \/>\n<meta property=\"og:image\" content=\"https:\/\/www.unilim.fr\/medialab\/wp-content\/uploads\/sites\/82\/2025\/02\/IMG_8098.jpg\" \/>\n\t<meta property=\"og:image:width\" content=\"2016\" \/>\n\t<meta property=\"og:image:height\" content=\"1512\" \/>\n\t<meta property=\"og:image:type\" content=\"image\/jpeg\" \/>\n<meta name=\"twitter:card\" content=\"summary_large_image\" \/>\n<meta name=\"twitter:label1\" content=\"Dur\u00e9e de lecture estim\u00e9e\" \/>\n\t<meta name=\"twitter:data1\" content=\"3 minutes\" \/>\n<script type=\"application\/ld+json\" class=\"yoast-schema-graph\">{\"@context\":\"https:\/\/schema.org\",\"@graph\":[{\"@type\":\"WebPage\",\"@id\":\"https:\/\/www.unilim.fr\/medialab\/test-page-dsisl\/\",\"url\":\"https:\/\/www.unilim.fr\/medialab\/test-page-dsisl\/\",\"name\":\"Test page DSISL - M\u00e9dialab UL\",\"isPartOf\":{\"@id\":\"https:\/\/www.unilim.fr\/medialab\/#website\"},\"primaryImageOfPage\":{\"@id\":\"https:\/\/www.unilim.fr\/medialab\/test-page-dsisl\/#primaryimage\"},\"image\":{\"@id\":\"https:\/\/www.unilim.fr\/medialab\/test-page-dsisl\/#primaryimage\"},\"thumbnailUrl\":\"https:\/\/www.unilim.fr\/medialab\/wp-content\/uploads\/sites\/82\/2025\/02\/IMG_8098-354x200.jpg\",\"datePublished\":\"2026-03-24T00:00:00+00:00\",\"dateModified\":\"2026-03-24T14:24:16+00:00\",\"breadcrumb\":{\"@id\":\"https:\/\/www.unilim.fr\/medialab\/test-page-dsisl\/#breadcrumb\"},\"inLanguage\":\"fr-FR\",\"potentialAction\":[{\"@type\":\"ReadAction\",\"target\":[\"https:\/\/www.unilim.fr\/medialab\/test-page-dsisl\/\"]}]},{\"@type\":\"ImageObject\",\"inLanguage\":\"fr-FR\",\"@id\":\"https:\/\/www.unilim.fr\/medialab\/test-page-dsisl\/#primaryimage\",\"url\":\"https:\/\/www.unilim.fr\/medialab\/wp-content\/uploads\/sites\/82\/2025\/02\/IMG_8098-354x200.jpg\",\"contentUrl\":\"https:\/\/www.unilim.fr\/medialab\/wp-content\/uploads\/sites\/82\/2025\/02\/IMG_8098-354x200.jpg\"},{\"@type\":\"BreadcrumbList\",\"@id\":\"https:\/\/www.unilim.fr\/medialab\/test-page-dsisl\/#breadcrumb\",\"itemListElement\":[{\"@type\":\"ListItem\",\"position\":1,\"name\":\"Accueil\",\"item\":\"https:\/\/www.unilim.fr\/medialab\/\"},{\"@type\":\"ListItem\",\"position\":2,\"name\":\"Test page DSISL\"}]},{\"@type\":\"WebSite\",\"@id\":\"https:\/\/www.unilim.fr\/medialab\/#website\",\"url\":\"https:\/\/www.unilim.fr\/medialab\/\",\"name\":\"M\u00e9dialab UL\",\"description\":\"universit\u00e9 ouverte source de r\u00e9ussites\",\"potentialAction\":[{\"@type\":\"SearchAction\",\"target\":{\"@type\":\"EntryPoint\",\"urlTemplate\":\"https:\/\/www.unilim.fr\/medialab\/?s={search_term_string}\"},\"query-input\":{\"@type\":\"PropertyValueSpecification\",\"valueRequired\":true,\"valueName\":\"search_term_string\"}}],\"inLanguage\":\"fr-FR\"}]}<\/script>\n<!-- \/ Yoast SEO plugin. -->","yoast_head_json":{"title":"Test page DSISL - M\u00e9dialab UL","robots":{"index":"index","follow":"follow","max-snippet":"max-snippet:-1","max-image-preview":"max-image-preview:large","max-video-preview":"max-video-preview:-1"},"canonical":"https:\/\/www.unilim.fr\/medialab\/test-page-dsisl\/","og_locale":"fr_FR","og_type":"article","og_title":"Test page DSISL - M\u00e9dialab UL","og_url":"https:\/\/www.unilim.fr\/medialab\/test-page-dsisl\/","og_site_name":"M\u00e9dialab UL","article_modified_time":"2026-03-24T14:24:16+00:00","og_image":[{"width":2016,"height":1512,"url":"https:\/\/www.unilim.fr\/medialab\/wp-content\/uploads\/sites\/82\/2025\/02\/IMG_8098.jpg","type":"image\/jpeg"}],"twitter_card":"summary_large_image","twitter_misc":{"Dur\u00e9e de lecture estim\u00e9e":"3 minutes"},"schema":{"@context":"https:\/\/schema.org","@graph":[{"@type":"WebPage","@id":"https:\/\/www.unilim.fr\/medialab\/test-page-dsisl\/","url":"https:\/\/www.unilim.fr\/medialab\/test-page-dsisl\/","name":"Test page DSISL - M\u00e9dialab UL","isPartOf":{"@id":"https:\/\/www.unilim.fr\/medialab\/#website"},"primaryImageOfPage":{"@id":"https:\/\/www.unilim.fr\/medialab\/test-page-dsisl\/#primaryimage"},"image":{"@id":"https:\/\/www.unilim.fr\/medialab\/test-page-dsisl\/#primaryimage"},"thumbnailUrl":"https:\/\/www.unilim.fr\/medialab\/wp-content\/uploads\/sites\/82\/2025\/02\/IMG_8098-354x200.jpg","datePublished":"2026-03-24T00:00:00+00:00","dateModified":"2026-03-24T14:24:16+00:00","breadcrumb":{"@id":"https:\/\/www.unilim.fr\/medialab\/test-page-dsisl\/#breadcrumb"},"inLanguage":"fr-FR","potentialAction":[{"@type":"ReadAction","target":["https:\/\/www.unilim.fr\/medialab\/test-page-dsisl\/"]}]},{"@type":"ImageObject","inLanguage":"fr-FR","@id":"https:\/\/www.unilim.fr\/medialab\/test-page-dsisl\/#primaryimage","url":"https:\/\/www.unilim.fr\/medialab\/wp-content\/uploads\/sites\/82\/2025\/02\/IMG_8098-354x200.jpg","contentUrl":"https:\/\/www.unilim.fr\/medialab\/wp-content\/uploads\/sites\/82\/2025\/02\/IMG_8098-354x200.jpg"},{"@type":"BreadcrumbList","@id":"https:\/\/www.unilim.fr\/medialab\/test-page-dsisl\/#breadcrumb","itemListElement":[{"@type":"ListItem","position":1,"name":"Accueil","item":"https:\/\/www.unilim.fr\/medialab\/"},{"@type":"ListItem","position":2,"name":"Test page DSISL"}]},{"@type":"WebSite","@id":"https:\/\/www.unilim.fr\/medialab\/#website","url":"https:\/\/www.unilim.fr\/medialab\/","name":"M\u00e9dialab UL","description":"universit\u00e9 ouverte source de r\u00e9ussites","potentialAction":[{"@type":"SearchAction","target":{"@type":"EntryPoint","urlTemplate":"https:\/\/www.unilim.fr\/medialab\/?s={search_term_string}"},"query-input":{"@type":"PropertyValueSpecification","valueRequired":true,"valueName":"search_term_string"}}],"inLanguage":"fr-FR"}]}},"_links":{"self":[{"href":"https:\/\/www.unilim.fr\/medialab\/wp-json\/wp\/v2\/pages\/7924","targetHints":{"allow":["GET"]}}],"collection":[{"href":"https:\/\/www.unilim.fr\/medialab\/wp-json\/wp\/v2\/pages"}],"about":[{"href":"https:\/\/www.unilim.fr\/medialab\/wp-json\/wp\/v2\/types\/page"}],"author":[{"embeddable":true,"href":"https:\/\/www.unilim.fr\/medialab\/wp-json\/wp\/v2\/users\/1"}],"replies":[{"embeddable":true,"href":"https:\/\/www.unilim.fr\/medialab\/wp-json\/wp\/v2\/comments?post=7924"}],"version-history":[{"count":8,"href":"https:\/\/www.unilim.fr\/medialab\/wp-json\/wp\/v2\/pages\/7924\/revisions"}],"predecessor-version":[{"id":7939,"href":"https:\/\/www.unilim.fr\/medialab\/wp-json\/wp\/v2\/pages\/7924\/revisions\/7939"}],"wp:attachment":[{"href":"https:\/\/www.unilim.fr\/medialab\/wp-json\/wp\/v2\/media?parent=7924"}],"curies":[{"name":"wp","href":"https:\/\/api.w.org\/{rel}","templated":true}]}}