{"id":7649,"date":"2025-04-06T22:00:00","date_gmt":"2025-02-17T13:28:50","guid":{"rendered":"http:\/\/www.unilim.fr\/medialab\/?page_id=7649"},"modified":"2025-04-07T15:13:05","modified_gmt":"2025-04-07T13:13:05","slug":"nos-collections","status":"publish","type":"page","link":"https:\/\/www.unilim.fr\/medialab\/canalsup-2\/nos-collections\/","title":{"rendered":"Nos collections"},"content":{"rendered":"        <div class=\"container-fluid  \" style=\"\">\n                      <div class=\"container\">\n                <div class=\"row \" style=\"margin-top: 30px;margin-bottom: 30px\">        <div class=\"col-sm-4 clearfix \">\n                    <a class=\"ul-element-rollover \" style=\"padding:0px\" href=\"https:\/\/www.youtube.com\/watch?v=y549tV_Rgr4&amp;t=1s\" target=\"_blank\">\n            <div class=\"ul-element-rollover-container   round-image-border \">\n                <div class=\"img-container\">\n                    <img decoding=\"async\" src=\"https:\/\/www.unilim.fr\/medialab\/wp-content\/uploads\/sites\/82\/2025\/02\/leuchtturm-entertainment-boCDlcZvaJI-unsplash-2-600x600.jpg\" \/>\n                                        <div class=\"img-title text-center bg-black \">TEMOIGNAGES D'ANCIENS ETUDIANTS<\/div>\n                                    <\/div>\n                <div class=\"text-container\">\n                    <div class=\"text-inner\">\n                        \n<p>? interview d&rsquo;un ancien &eacute;tudiant de l&rsquo;Universit&eacute; de Limoges en emploi avec des illustrations immersives sur son lieu de travail.<\/p>\n                    <\/div>\n                <\/div>\n            <\/div>\n        <\/a>\n\n                <\/div>\n                <div class=\"col-sm-4 clearfix \">\n                    <a class=\"ul-element-rollover \" style=\"padding:0px\" href=\"https:\/\/www.instagram.com\/canalsup_ul\/\" target=\"_blank\">\n            <div class=\"ul-element-rollover-container   round-image-border \">\n                <div class=\"img-container\">\n                    <img decoding=\"async\" src=\"https:\/\/www.unilim.fr\/medialab\/wp-content\/uploads\/sites\/82\/2025\/02\/Sans-titre-297x300.png\" \/>\n                                        <div class=\"img-title text-center bg-black \">REPORTAGE R\u00c9SEAUX<\/div>\n                                    <\/div>\n                <div class=\"text-container\">\n                    <div class=\"text-inner\">\n                        \n<p>? Instagram, Facebook<\/p>\n<p>? Vid&eacute;o de pr&eacute;sentation journalistique sur un &eacute;v&eacute;nement, une nouveaut&eacute;, diffus&eacute;e exclusivement sur l&rsquo;Instagram et le Facebook de Canalsup. Tourn&eacute;e en 9\/16.<\/p>\n                    <\/div>\n                <\/div>\n            <\/div>\n        <\/a>\n\n                <\/div>\n                <div class=\"col-sm-4 clearfix \">\n                    <a class=\"ul-element-rollover \" style=\"padding:0px\" href=\"https:\/\/youtube.com\/playlist?list=PL6NwqUakgxVJZVMD_Dk5-HKWqurNEDhrB&amp;si=XH87jfe0vjEFpRU9\" target=\"_blank\">\n            <div class=\"ul-element-rollover-container   round-image-border \">\n                <div class=\"img-container\">\n                    <img decoding=\"async\" src=\"https:\/\/www.unilim.fr\/medialab\/wp-content\/uploads\/sites\/82\/2025\/02\/gjpgzth-1-600x600.png\" \/>\n                                        <div class=\"img-title text-center bg-black \">VIDEOS LICENCE<\/div>\n                                    <\/div>\n                <div class=\"text-container\">\n                    <div class=\"text-inner\">\n                        \n<p>? interview d&rsquo;un enseignant \/ illustration immersif dans les cours \/ vie de la formation.<\/p>\n                    <\/div>\n                <\/div>\n            <\/div>\n        <\/a>\n\n                <\/div>\n        <\/div>\n            <\/div>\n                  <\/div>\n                <div class=\"container-fluid  \" style=\"\">\n                      <div class=\"container\">\n                <div class=\"row \" style=\"margin-top: 30px;margin-bottom: 30px\">        <div class=\"col-sm-4 clearfix \">\n                    <a class=\"ul-element-rollover \" style=\"padding:0px\" href=\"https:\/\/youtube.com\/playlist?list=PL6NwqUakgxVLE9PGRrFCSP0Kg6k_xQMMN&amp;si=CxEa39zcSOQ_coR6\" target=\"_blank\">\n            <div class=\"ul-element-rollover-container   round-image-border \">\n                <div class=\"img-container\">\n                    <img decoding=\"async\" src=\"https:\/\/www.unilim.fr\/medialab\/wp-content\/uploads\/sites\/82\/2024\/06\/Sans-titrefhh-1-600x600.png\" \/>\n                                        <div class=\"img-title text-center bg-black \">BULLE PEDAGOGIQUE<\/div>\n                                    <\/div>\n                <div class=\"text-container\">\n                    <div class=\"text-inner\">\n                        \n<p>? Collection de reportages mettant en avant les innovations p&eacute;dagogiques.&nbsp;<\/p>\n                    <\/div>\n                <\/div>\n            <\/div>\n        <\/a>\n\n                <\/div>\n                <div class=\"col-sm-4 clearfix \">\n                    <a class=\"ul-element-rollover \" style=\"padding:0px\" href=\"https:\/\/youtu.be\/z55nqhiq8ng?si=_Em3wkbSBDop-cIF\" target=\"_blank\">\n            <div class=\"ul-element-rollover-container   round-image-border \">\n                <div class=\"img-container\">\n                    <img decoding=\"async\" src=\"https:\/\/www.unilim.fr\/medialab\/wp-content\/uploads\/sites\/82\/2025\/03\/Sans-titre-600x600.png\" \/>\n                                        <div class=\"img-title text-center bg-black \">SUIVEZ LE GUIDE<\/div>\n                                    <\/div>\n                <div class=\"text-container\">\n                    <div class=\"text-inner\">\n                        \n<p>? Qui mieux qu&rsquo;un &eacute;tudiant pour vous faire d&eacute;couvrir sa formation ?<\/p>\n                    <\/div>\n                <\/div>\n            <\/div>\n        <\/a>\n\n                <\/div>\n                <div class=\"col-sm-4 clearfix \">\n                    <a class=\"ul-element-rollover \" style=\"padding:0px\" href=\"https:\/\/youtu.be\/8frGY2zGIPk?si=3oYahSU48MtCxMiC\" target=\"_blank\">\n            <div class=\"ul-element-rollover-container   round-image-border \">\n                <div class=\"img-container\">\n                    <img decoding=\"async\" src=\"https:\/\/www.unilim.fr\/medialab\/wp-content\/uploads\/sites\/82\/2025\/04\/Sans-titre-1-600x600.png\" \/>\n                                        <div class=\"img-title text-center bg-black \">T\u00c9MOIGNAGES PARCOURS AM\u00c9NAG\u00c9S<\/div>\n                                    <\/div>\n                <div class=\"text-container\">\n                    <div class=\"text-inner\">\n                        \n<p>? Gr&acirc;ce au projet Form&rsquo;Ul qu&rsquo;elle a imagin&eacute; et port&eacute;, l&rsquo;Universit&eacute; de Limoges accompagne tous les &eacute;tudiants vers la r&eacute;ussite, avec la mise en place de nouveaux cursus universitaires innovants proposant des parcours personnalis&eacute;s et des licences modulables. Avec les parcours am&eacute;nag&eacute;s, effectuez votre Licence en &laquo; Rythme progressif &raquo;<\/p>\n                    <\/div>\n                <\/div>\n            <\/div>\n        <\/a>\n\n                <\/div>\n        <\/div>\n            <\/div>\n                  <\/div>\n                <div class=\"container-fluid  \" style=\"\">\n                      <div class=\"container\">\n                <div class=\"row \" style=\"margin-top: 30px;margin-bottom: 30px\">        <div class=\"col-sm-4 clearfix \">\n                    <a class=\"ul-element-rollover \" style=\"padding:0px\" href=\"https:\/\/youtube.com\/playlist?list=PL6NwqUakgxVKMDJkpNsCrAcGO6at5uO31&amp;si=uJTGH6Y95Ob1nLDV\" target=\"_blank\">\n            <div class=\"ul-element-rollover-container   round-image-border \">\n                <div class=\"img-container\">\n                    <img decoding=\"async\" src=\"https:\/\/www.unilim.fr\/medialab\/wp-content\/uploads\/sites\/82\/2025\/03\/1-600x600.png\" \/>\n                                        <div class=\"img-title text-center bg-black \">Pro pULse<\/div>\n                                    <\/div>\n                <div class=\"text-container\">\n                    <div class=\"text-inner\">\n                        \n<p>? PropULse : Votre avenir professionnel se construit d&egrave;s aujourd&rsquo;hui et pour cela, vous avez besoin de mettre toutes les chances de votre c&ocirc;t&eacute; pour r&eacute;ussir ! Stages, rencontres avec des professionnels, exp&eacute;riences, premier emploi ou accompagnement pour les candidatures, retrouvez toutes les exp&eacute;riences et les bons conseils pour construire vos projets ! Avec ce podcast, PropULsez-vous vers votre avenir !<\/p>\n                    <\/div>\n                <\/div>\n            <\/div>\n        <\/a>\n\n                <\/div>\n                <div class=\"col-sm-4 clearfix \">\n                    <a class=\"ul-element-rollover \" style=\"padding:0px\" href=\"\" target=\"_blank\">\n            <div class=\"ul-element-rollover-container   round-image-border \">\n                <div class=\"img-container\">\n                    <img decoding=\"async\" src=\"https:\/\/www.unilim.fr\/medialab\/wp-content\/uploads\/sites\/82\/2025\/04\/jgf.png\" \/>\n                                        <div class=\"img-title text-center bg-black \">CONFIDENCE CAMPUS<\/div>\n                                    <\/div>\n                <div class=\"text-container\">\n                    <div class=\"text-inner\">\n                        \n<p>? C&rsquo;est le podcast sous forme de Talk d&eacute;di&eacute; au bien-&ecirc;tre des &eacute;tudiants de l&rsquo;universit&eacute; de Limoges ! Rejoignez Liliana et Nathan lors d&rsquo;&eacute;changes inspirants avec des &eacute;tudiants et des professionnels. Chaque &eacute;pisode d&eacute;voile des parcours, des d&eacute;fis et des exp&eacute;riences pour mieux saisir la r&eacute;alit&eacute; de la vie universitaire.<\/p>\n                    <\/div>\n                <\/div>\n            <\/div>\n        <\/a>\n\n                <\/div>\n                <div class=\"col-sm-4 clearfix \">\n                    <a class=\"ul-element-rollover \" style=\"padding:0px\" href=\"https:\/\/youtube.com\/playlist?list=PL6NwqUakgxVKx0mv-sAUFGQ_Qdawpgxrr&amp;si=TWQUABHPQfjkLeju\" target=\"_blank\">\n            <div class=\"ul-element-rollover-container   round-image-border \">\n                <div class=\"img-container\">\n                    <img decoding=\"async\" src=\"https:\/\/www.unilim.fr\/medialab\/wp-content\/uploads\/sites\/82\/2025\/03\/2-2-600x600.png\" \/>\n                                        <div class=\"img-title text-center bg-black \">LES PODCASTS DE LA R\u00c9USSITE<\/div>\n                                    <\/div>\n                <div class=\"text-container\">\n                    <div class=\"text-inner\">\n                        \n<p>? Les <em>Podcasts de la R&eacute;ussite<\/em> sont une initiative con&ccedil;ue par la Direction Orientation, R&eacute;ussite et Insertion de l&rsquo;Universit&eacute; de Limoges, dans le but d&rsquo;offrir aux nouveaux &eacute;tudiants les outils essentiels pour r&eacute;ussir leur licence.<\/p>\n                    <\/div>\n                <\/div>\n            <\/div>\n        <\/a>\n\n                <\/div>\n        <\/div>\n            <\/div>\n                  <\/div>\n        \n","protected":false},"excerpt":{"rendered":"","protected":false},"author":257,"featured_media":0,"parent":2787,"menu_order":0,"comment_status":"closed","ping_status":"closed","template":"page-le.php","meta":{"footnotes":""},"class_list":["post-7649","page","type-page","status-publish","hentry"],"yoast_head":"<!-- This site is optimized with the Yoast SEO plugin v26.5 - https:\/\/yoast.com\/wordpress\/plugins\/seo\/ -->\n<title>Nos collections - M\u00e9dialab UL<\/title>\n<meta name=\"robots\" content=\"index, follow, max-snippet:-1, max-image-preview:large, max-video-preview:-1\" \/>\n<link rel=\"canonical\" href=\"https:\/\/www.unilim.fr\/medialab\/canalsup-2\/nos-collections\/\" \/>\n<meta property=\"og:locale\" content=\"fr_FR\" \/>\n<meta property=\"og:type\" content=\"article\" \/>\n<meta property=\"og:title\" content=\"Nos collections - M\u00e9dialab UL\" \/>\n<meta property=\"og:url\" content=\"https:\/\/www.unilim.fr\/medialab\/canalsup-2\/nos-collections\/\" \/>\n<meta property=\"og:site_name\" content=\"M\u00e9dialab UL\" \/>\n<meta property=\"article:modified_time\" content=\"2025-04-07T13:13:05+00:00\" \/>\n<meta name=\"twitter:card\" content=\"summary_large_image\" \/>\n<meta name=\"twitter:label1\" content=\"Dur\u00e9e de lecture estim\u00e9e\" \/>\n\t<meta name=\"twitter:data1\" content=\"5 minutes\" \/>\n<script type=\"application\/ld+json\" class=\"yoast-schema-graph\">{\"@context\":\"https:\/\/schema.org\",\"@graph\":[{\"@type\":\"WebPage\",\"@id\":\"https:\/\/www.unilim.fr\/medialab\/canalsup-2\/nos-collections\/\",\"url\":\"https:\/\/www.unilim.fr\/medialab\/canalsup-2\/nos-collections\/\",\"name\":\"Nos collections - M\u00e9dialab UL\",\"isPartOf\":{\"@id\":\"https:\/\/www.unilim.fr\/medialab\/#website\"},\"datePublished\":\"2025-02-17T13:28:50+00:00\",\"dateModified\":\"2025-04-07T13:13:05+00:00\",\"breadcrumb\":{\"@id\":\"https:\/\/www.unilim.fr\/medialab\/canalsup-2\/nos-collections\/#breadcrumb\"},\"inLanguage\":\"fr-FR\",\"potentialAction\":[{\"@type\":\"ReadAction\",\"target\":[\"https:\/\/www.unilim.fr\/medialab\/canalsup-2\/nos-collections\/\"]}]},{\"@type\":\"BreadcrumbList\",\"@id\":\"https:\/\/www.unilim.fr\/medialab\/canalsup-2\/nos-collections\/#breadcrumb\",\"itemListElement\":[{\"@type\":\"ListItem\",\"position\":1,\"name\":\"Accueil\",\"item\":\"https:\/\/www.unilim.fr\/medialab\/\"},{\"@type\":\"ListItem\",\"position\":2,\"name\":\"Canalsup\",\"item\":\"https:\/\/www.unilim.fr\/medialab\/canalsup-2\/\"},{\"@type\":\"ListItem\",\"position\":3,\"name\":\"Nos collections\"}]},{\"@type\":\"WebSite\",\"@id\":\"https:\/\/www.unilim.fr\/medialab\/#website\",\"url\":\"https:\/\/www.unilim.fr\/medialab\/\",\"name\":\"M\u00e9dialab UL\",\"description\":\"universit\u00e9 ouverte source de r\u00e9ussites\",\"potentialAction\":[{\"@type\":\"SearchAction\",\"target\":{\"@type\":\"EntryPoint\",\"urlTemplate\":\"https:\/\/www.unilim.fr\/medialab\/?s={search_term_string}\"},\"query-input\":{\"@type\":\"PropertyValueSpecification\",\"valueRequired\":true,\"valueName\":\"search_term_string\"}}],\"inLanguage\":\"fr-FR\"}]}<\/script>\n<!-- \/ Yoast SEO plugin. -->","yoast_head_json":{"title":"Nos collections - M\u00e9dialab UL","robots":{"index":"index","follow":"follow","max-snippet":"max-snippet:-1","max-image-preview":"max-image-preview:large","max-video-preview":"max-video-preview:-1"},"canonical":"https:\/\/www.unilim.fr\/medialab\/canalsup-2\/nos-collections\/","og_locale":"fr_FR","og_type":"article","og_title":"Nos collections - M\u00e9dialab UL","og_url":"https:\/\/www.unilim.fr\/medialab\/canalsup-2\/nos-collections\/","og_site_name":"M\u00e9dialab UL","article_modified_time":"2025-04-07T13:13:05+00:00","twitter_card":"summary_large_image","twitter_misc":{"Dur\u00e9e de lecture estim\u00e9e":"5 minutes"},"schema":{"@context":"https:\/\/schema.org","@graph":[{"@type":"WebPage","@id":"https:\/\/www.unilim.fr\/medialab\/canalsup-2\/nos-collections\/","url":"https:\/\/www.unilim.fr\/medialab\/canalsup-2\/nos-collections\/","name":"Nos collections - M\u00e9dialab UL","isPartOf":{"@id":"https:\/\/www.unilim.fr\/medialab\/#website"},"datePublished":"2025-02-17T13:28:50+00:00","dateModified":"2025-04-07T13:13:05+00:00","breadcrumb":{"@id":"https:\/\/www.unilim.fr\/medialab\/canalsup-2\/nos-collections\/#breadcrumb"},"inLanguage":"fr-FR","potentialAction":[{"@type":"ReadAction","target":["https:\/\/www.unilim.fr\/medialab\/canalsup-2\/nos-collections\/"]}]},{"@type":"BreadcrumbList","@id":"https:\/\/www.unilim.fr\/medialab\/canalsup-2\/nos-collections\/#breadcrumb","itemListElement":[{"@type":"ListItem","position":1,"name":"Accueil","item":"https:\/\/www.unilim.fr\/medialab\/"},{"@type":"ListItem","position":2,"name":"Canalsup","item":"https:\/\/www.unilim.fr\/medialab\/canalsup-2\/"},{"@type":"ListItem","position":3,"name":"Nos collections"}]},{"@type":"WebSite","@id":"https:\/\/www.unilim.fr\/medialab\/#website","url":"https:\/\/www.unilim.fr\/medialab\/","name":"M\u00e9dialab UL","description":"universit\u00e9 ouverte source de r\u00e9ussites","potentialAction":[{"@type":"SearchAction","target":{"@type":"EntryPoint","urlTemplate":"https:\/\/www.unilim.fr\/medialab\/?s={search_term_string}"},"query-input":{"@type":"PropertyValueSpecification","valueRequired":true,"valueName":"search_term_string"}}],"inLanguage":"fr-FR"}]}},"_links":{"self":[{"href":"https:\/\/www.unilim.fr\/medialab\/wp-json\/wp\/v2\/pages\/7649","targetHints":{"allow":["GET"]}}],"collection":[{"href":"https:\/\/www.unilim.fr\/medialab\/wp-json\/wp\/v2\/pages"}],"about":[{"href":"https:\/\/www.unilim.fr\/medialab\/wp-json\/wp\/v2\/types\/page"}],"author":[{"embeddable":true,"href":"https:\/\/www.unilim.fr\/medialab\/wp-json\/wp\/v2\/users\/257"}],"replies":[{"embeddable":true,"href":"https:\/\/www.unilim.fr\/medialab\/wp-json\/wp\/v2\/comments?post=7649"}],"version-history":[{"count":63,"href":"https:\/\/www.unilim.fr\/medialab\/wp-json\/wp\/v2\/pages\/7649\/revisions"}],"predecessor-version":[{"id":7792,"href":"https:\/\/www.unilim.fr\/medialab\/wp-json\/wp\/v2\/pages\/7649\/revisions\/7792"}],"up":[{"embeddable":true,"href":"https:\/\/www.unilim.fr\/medialab\/wp-json\/wp\/v2\/pages\/2787"}],"wp:attachment":[{"href":"https:\/\/www.unilim.fr\/medialab\/wp-json\/wp\/v2\/media?parent=7649"}],"curies":[{"name":"wp","href":"https:\/\/api.w.org\/{rel}","templated":true}]}}