{"id":2791,"date":"2025-03-12T23:00:00","date_gmt":"2024-04-08T00:00:00","guid":{"rendered":"http:\/\/www.unilim.fr\/medialab\/canalsup-2\/nos-formats\/"},"modified":"2025-03-13T11:48:46","modified_gmt":"2025-03-13T10:48:46","slug":"nos-formats","status":"publish","type":"page","link":"https:\/\/www.unilim.fr\/medialab\/canalsup-2\/nos-formats\/","title":{"rendered":"Les formats"},"content":{"rendered":"        <div class=\"container-fluid  \" style=\"\">\n                      <div class=\"container\">\n                <div class=\"row \" style=\"margin-top: 30px;margin-bottom: 30px\">        <div class=\"col-sm-4 clearfix \">\n                    <a class=\"ul-element-rollover \" style=\"padding:0px\" href=\"https:\/\/youtu.be\/IKbikQgGyCY\" target=\"_blank\">\n            <div class=\"ul-element-rollover-container   round-image-border \">\n                <div class=\"img-container\">\n                    <img decoding=\"async\" src=\"https:\/\/www.unilim.fr\/medialab\/wp-content\/uploads\/sites\/82\/2025\/02\/download-2.png\" \/>\n                                        <div class=\"img-title text-center bg-black \">REPORTAGE<\/div>\n                                    <\/div>\n                <div class=\"text-container\">\n                    <div class=\"text-inner\">\n                        \n<p>? &nbsp; Format&nbsp; journalistique<\/p>\n<p>\u23f1\ufe0f&nbsp; &nbsp; 2 et 10 min<\/p>\n<p>?&nbsp; &nbsp;&nbsp;Vid&eacute;o de pr&eacute;sentation journalistique sur un &eacute;v&eacute;nement, une nouveaut&eacute;, m&ecirc;lant interview et images de terrain.<\/p>\n                    <\/div>\n                <\/div>\n            <\/div>\n        <\/a>\n\n                <\/div>\n                <div class=\"col-sm-4 clearfix \">\n                    <a class=\"ul-element-rollover \" style=\"padding:0px\" href=\"https:\/\/youtu.be\/UQeL-aFwrJs\" target=\"_blank\">\n            <div class=\"ul-element-rollover-container   round-image-border \">\n                <div class=\"img-container\">\n                    <img decoding=\"async\" src=\"https:\/\/www.unilim.fr\/medialab\/wp-content\/uploads\/sites\/82\/2025\/02\/download-1.png\" \/>\n                                        <div class=\"img-title text-center bg-black \">TEASER<\/div>\n                                    <\/div>\n                <div class=\"text-container\">\n                    <div class=\"text-inner\">\n                        \n<p>? &nbsp; Format d&rsquo;annonce<\/p>\n<p>\u23f1\ufe0f&nbsp; &nbsp; 1 &agrave; 2 min<\/p>\n<p>?&nbsp; &nbsp;&nbsp;Format court et percutant pour annoncer un &eacute;v&egrave;nement.<\/p>\n                    <\/div>\n                <\/div>\n            <\/div>\n        <\/a>\n\n                <\/div>\n                <div class=\"col-sm-4 clearfix \">\n                    <a class=\"ul-element-rollover \" style=\"padding:0px\" href=\"https:\/\/youtu.be\/ZW6QV39R5Ps\" target=\"_blank\">\n            <div class=\"ul-element-rollover-container   round-image-border \">\n                <div class=\"img-container\">\n                    <img decoding=\"async\" src=\"https:\/\/www.unilim.fr\/medialab\/wp-content\/uploads\/sites\/82\/2025\/02\/2-600x600.png\" \/>\n                                        <div class=\"img-title text-center bg-black \">CLIP \/ AFTERMOVIES<\/div>\n                                    <\/div>\n                <div class=\"text-container\">\n                    <div class=\"text-inner\">\n                        \n<p>? &nbsp; Format muet\/musical<\/p>\n<p>\u23f1\ufe0f&nbsp; &nbsp; 1 &agrave; 2 min<\/p>\n<p>?&nbsp; &nbsp;&nbsp;Format court et percutant pour r&eacute;sumer un &eacute;v&egrave;nement. Sans interview.<\/p>\n                    <\/div>\n                <\/div>\n            <\/div>\n        <\/a>\n\n                <\/div>\n        <\/div>\n            <\/div>\n                  <\/div>\n                <div class=\"container-fluid  \" style=\"\">\n                      <div class=\"container\">\n                <div class=\"row \" style=\"margin-top: 30px;margin-bottom: 30px\">        <div class=\"col-sm-4 clearfix \">\n                    <a class=\"ul-element-rollover \" style=\"padding:0px\" href=\"https:\/\/www.youtube.com\/watch?v=b6aFgzSOHig&amp;list=PL6NwqUakgxVL9owjicmwkumh6_o1VJw26&amp;index=19&amp;t=601s\" target=\"_blank\">\n            <div class=\"ul-element-rollover-container   round-image-border \">\n                <div class=\"img-container\">\n                    <img decoding=\"async\" src=\"https:\/\/www.unilim.fr\/medialab\/wp-content\/uploads\/sites\/82\/2025\/02\/JP5B9586-600x600.jpg\" \/>\n                                        <div class=\"img-title text-center bg-black \">PLATEAU<\/div>\n                                    <\/div>\n                <div class=\"text-container\">\n                    <div class=\"text-inner\">\n                        \n<p>? Format &eacute;mission<\/p>\n<p>\u23f1\ufe0f 30 min &agrave; 1h30<\/p>\n<p>?&nbsp;&Eacute;mission en studio ou plateau avec invit&eacute;s et animateur.<\/p>\n<p>?\ufe0f Podcastable : Certaines &eacute;missions peuvent s&rsquo;&eacute;couter sans images.<\/p>\n<p>? Direct : Certaines &eacute;missions sont diffus&eacute;es en direct sur la cha&icirc;ne Canalsup.<\/p>\n<p>? Diff&eacute;r&eacute; : D&rsquo;autres peuvent &ecirc;tre diffus&eacute; en diff&eacute;r&eacute;.<\/p>\n                    <\/div>\n                <\/div>\n            <\/div>\n        <\/a>\n\n                <\/div>\n                <div class=\"col-sm-4 clearfix \">\n                    <a class=\"ul-element-rollover \" style=\"padding:0px\" href=\"https:\/\/youtu.be\/s-S0_aPeC7M\" target=\"_blank\">\n            <div class=\"ul-element-rollover-container   round-image-border \">\n                <div class=\"img-container\">\n                    <img decoding=\"async\" src=\"https:\/\/www.unilim.fr\/medialab\/wp-content\/uploads\/sites\/82\/2025\/02\/ross-sneddon-pmB6osSdj7k-unsplash-2-600x600.jpg\" \/>\n                                        <div class=\"img-title text-center bg-black \">PORTRAIT \/ TEMOIGNAGE<\/div>\n                                    <\/div>\n                <div class=\"text-container\">\n                    <div class=\"text-inner\">\n                        \n<p>?&nbsp; Format interview<\/p>\n<p>\u23f1\ufe0f &nbsp;1 &agrave; 5 min<\/p>\n<p>?&nbsp; Lyc&eacute;ens \/ &Eacute;tudiants\/ Enseignants<\/p>\n<p>?&nbsp;Interview centr&eacute;e sur un parcours et une personne. Dans le cadre d&rsquo;un &eacute;v&eacute;nement ou non.&nbsp;<\/p>\n                    <\/div>\n                <\/div>\n            <\/div>\n        <\/a>\n\n                <\/div>\n                <div class=\"col-sm-4 clearfix \">\n                    <a class=\"ul-element-rollover \" style=\"padding:0px\" href=\"https:\/\/youtu.be\/KN5H3-VhjHc\" target=\"_blank\">\n            <div class=\"ul-element-rollover-container   round-image-border \">\n                <div class=\"img-container\">\n                    <img decoding=\"async\" src=\"https:\/\/www.unilim.fr\/medialab\/wp-content\/uploads\/sites\/82\/2025\/02\/gordon-cowie-u9CehaIW2SM-unsplash-600x600.jpg\" \/>\n                                        <div class=\"img-title text-center bg-black \">CAPTATION<\/div>\n                                    <\/div>\n                <div class=\"text-container\">\n                    <div class=\"text-inner\">\n                        \n<p>? &nbsp; Format captation<\/p>\n<p>\u23f1\ufe0f&nbsp; &nbsp; 30 min &agrave; 2h<\/p>\n<p>?&nbsp; &nbsp;&nbsp;Enregistrement int&eacute;gral d&rsquo;un &eacute;v&egrave;nement (conf&eacute;rence, webinaire, concours, spectacle).<\/p>\n                    <\/div>\n                <\/div>\n            <\/div>\n        <\/a>\n\n                <\/div>\n        <\/div>\n            <\/div>\n                  <\/div>\n                <div class=\"container-fluid  \" style=\"\">\n                      <div class=\"container\">\n                <div class=\"row \" style=\"margin-top: 30px;margin-bottom: 30px\">        <div class=\"col-sm-4 clearfix \">\n                    <a class=\"ul-element-rollover \" style=\"padding:0px\" href=\"https:\/\/www.youtube.com\/playlist?list=PL6NwqUakgxVKx0mv-sAUFGQ_Qdawpgxrr\" target=\"_blank\">\n            <div class=\"ul-element-rollover-container   round-image-border \">\n                <div class=\"img-container\">\n                    <img decoding=\"async\" src=\"https:\/\/www.unilim.fr\/medialab\/wp-content\/uploads\/sites\/82\/2025\/02\/download.png\" \/>\n                                        <div class=\"img-title text-center bg-black \">PODCAST<\/div>\n                                    <\/div>\n                <div class=\"text-container\">\n                    <div class=\"text-inner\">\n                        \n<p>? &nbsp; Format podcast audio<\/p>\n<p>\u23f1\ufe0f&nbsp; &nbsp; 10 min &agrave; 1h<\/p>\n<p>?&nbsp; &nbsp;&nbsp;Discussion avec un ou plusieurs intervenants non-film&eacute;e. Con&ccedil;ue uniquement pour s&rsquo;&eacute;couter.<\/p>\n                    <\/div>\n                <\/div>\n            <\/div>\n        <\/a>\n\n                <\/div>\n                <div class=\"col-sm-4 clearfix \">\n                    <a class=\"ul-element-rollover \" style=\"padding:0px\" href=\"https:\/\/youtu.be\/gNgFPBi3CtQ?si=neJEqA8LxndBel9a\" target=\"_blank\">\n            <div class=\"ul-element-rollover-container   round-image-border \">\n                <div class=\"img-container\">\n                    <img decoding=\"async\" src=\"https:\/\/www.unilim.fr\/medialab\/wp-content\/uploads\/sites\/82\/2025\/03\/Sans-titre-1-480x494.png\" \/>\n                                        <div class=\"img-title text-center bg-black \">MOTION DESIGN<\/div>\n                                    <\/div>\n                <div class=\"text-container\">\n                    <div class=\"text-inner\">\n                        \n<p>&nbsp;?&nbsp;&nbsp; Format&nbsp; promotionnel non-&eacute;v&eacute;nementiel<\/p>\n<p>\u23f1\ufe0f&nbsp;&nbsp;&nbsp; 2 et 10 min<\/p>\n<p>?&nbsp;&nbsp;&nbsp; Vid&eacute;o utilisant des animations pour expliquer ou illustrer des concepts<\/p>\n                    <\/div>\n                <\/div>\n            <\/div>\n        <\/a>\n\n                <\/div>\n                <div class=\"col-sm-4 clearfix \">\n                    <a class=\"ul-element-rollover \" style=\"padding:0px\" href=\"https:\/\/youtube.com\/playlist?list=PL6NwqUakgxVJFCE3tmuggigRmoUgMpVvq&amp;si=mph5wzvLhfC5JfYk\" target=\"_blank\">\n            <div class=\"ul-element-rollover-container   round-image-border \">\n                <div class=\"img-container\">\n                    <img decoding=\"async\" src=\"https:\/\/www.unilim.fr\/medialab\/wp-content\/uploads\/sites\/82\/2025\/03\/kjhzqkj-480x640.png\" \/>\n                                        <div class=\"img-title text-center bg-black \">TUTO<\/div>\n                                    <\/div>\n                <div class=\"text-container\">\n                    <div class=\"text-inner\">\n                        \n<p>?&nbsp;&nbsp; Format p&eacute;dagogique<\/p>\n<p>\u23f1\ufe0f&nbsp;&nbsp;&nbsp; 2 et 10 min<\/p>\n<p>?&nbsp;&nbsp;&nbsp; Vid&eacute;o courte expliquant &eacute;tape par &eacute;tape comment r&eacute;aliser une t&acirc;che.<\/p>\n                    <\/div>\n                <\/div>\n            <\/div>\n        <\/a>\n\n                <\/div>\n        <\/div>\n            <\/div>\n                  <\/div>\n                <div class=\"container-fluid  \" style=\"\">\n                      <div class=\"container\">\n                <div class=\"row \" style=\"margin-top: 30px;margin-bottom: 30px\">        <div class=\"col-sm-4 clearfix \">\n                    <\/div>\n                <div class=\"col-sm-4 clearfix \">\n                    <a class=\"ul-element-rollover \" style=\"padding:0px\" href=\"https:\/\/www.youtube.com\/watch?v=-KNXJPKJYks\" target=\"_blank\">\n            <div class=\"ul-element-rollover-container   round-image-border \">\n                <div class=\"img-container\">\n                    <img decoding=\"async\" src=\"https:\/\/www.unilim.fr\/medialab\/wp-content\/uploads\/sites\/82\/2025\/02\/kal-visuals-RCUncjOfNfc-unsplash-600x600.jpg\" \/>\n                                        <div class=\"img-title text-center bg-black \">FICTION<\/div>\n                                    <\/div>\n                <div class=\"text-container\">\n                    <div class=\"text-inner\">\n                        \n<p>? &nbsp; Format de cr&eacute;ation audiovisuelle<\/p>\n<p>\u23f1\ufe0f&nbsp; &nbsp;Non d&eacute;finie, diff&egrave;re selon&nbsp;le format<\/p>\n<p>?&nbsp; &nbsp; Formats mettant en sc&egrave;ne une histoire ou un univers, incuant courts m&eacute;trages et making-of, pour explorer la cr&eacute;ation et la narration audiovisuelle<\/p>\n                    <\/div>\n                <\/div>\n            <\/div>\n        <\/a>\n\n                <\/div>\n                <div class=\"col-sm-4 clearfix \">\n                    <\/div>\n        <\/div>\n            <\/div>\n                  <\/div>\n        \n","protected":false},"excerpt":{"rendered":"","protected":false},"author":233,"featured_media":0,"parent":2787,"menu_order":0,"comment_status":"closed","ping_status":"closed","template":"page-le.php","meta":{"footnotes":""},"class_list":["post-2791","page","type-page","status-publish","hentry"],"yoast_head":"<!-- This site is optimized with the Yoast SEO plugin v26.5 - https:\/\/yoast.com\/wordpress\/plugins\/seo\/ -->\n<title>Les formats - M\u00e9dialab UL<\/title>\n<meta name=\"robots\" content=\"index, follow, max-snippet:-1, max-image-preview:large, max-video-preview:-1\" \/>\n<link rel=\"canonical\" href=\"https:\/\/www.unilim.fr\/medialab\/canalsup-2\/nos-formats\/\" \/>\n<meta property=\"og:locale\" content=\"fr_FR\" \/>\n<meta property=\"og:type\" content=\"article\" \/>\n<meta property=\"og:title\" content=\"Les formats - M\u00e9dialab UL\" \/>\n<meta property=\"og:url\" content=\"https:\/\/www.unilim.fr\/medialab\/canalsup-2\/nos-formats\/\" \/>\n<meta property=\"og:site_name\" content=\"M\u00e9dialab UL\" \/>\n<meta property=\"article:modified_time\" content=\"2025-03-13T10:48:46+00:00\" \/>\n<meta name=\"twitter:card\" content=\"summary_large_image\" \/>\n<meta name=\"twitter:label1\" content=\"Dur\u00e9e de lecture estim\u00e9e\" \/>\n\t<meta name=\"twitter:data1\" content=\"5 minutes\" \/>\n<script type=\"application\/ld+json\" class=\"yoast-schema-graph\">{\"@context\":\"https:\/\/schema.org\",\"@graph\":[{\"@type\":\"WebPage\",\"@id\":\"https:\/\/www.unilim.fr\/medialab\/canalsup-2\/nos-formats\/\",\"url\":\"https:\/\/www.unilim.fr\/medialab\/canalsup-2\/nos-formats\/\",\"name\":\"Les formats - M\u00e9dialab UL\",\"isPartOf\":{\"@id\":\"https:\/\/www.unilim.fr\/medialab\/#website\"},\"datePublished\":\"2024-04-08T00:00:00+00:00\",\"dateModified\":\"2025-03-13T10:48:46+00:00\",\"breadcrumb\":{\"@id\":\"https:\/\/www.unilim.fr\/medialab\/canalsup-2\/nos-formats\/#breadcrumb\"},\"inLanguage\":\"fr-FR\",\"potentialAction\":[{\"@type\":\"ReadAction\",\"target\":[\"https:\/\/www.unilim.fr\/medialab\/canalsup-2\/nos-formats\/\"]}]},{\"@type\":\"BreadcrumbList\",\"@id\":\"https:\/\/www.unilim.fr\/medialab\/canalsup-2\/nos-formats\/#breadcrumb\",\"itemListElement\":[{\"@type\":\"ListItem\",\"position\":1,\"name\":\"Accueil\",\"item\":\"https:\/\/www.unilim.fr\/medialab\/\"},{\"@type\":\"ListItem\",\"position\":2,\"name\":\"Canalsup\",\"item\":\"https:\/\/www.unilim.fr\/medialab\/canalsup-2\/\"},{\"@type\":\"ListItem\",\"position\":3,\"name\":\"Les formats\"}]},{\"@type\":\"WebSite\",\"@id\":\"https:\/\/www.unilim.fr\/medialab\/#website\",\"url\":\"https:\/\/www.unilim.fr\/medialab\/\",\"name\":\"M\u00e9dialab UL\",\"description\":\"universit\u00e9 ouverte source de r\u00e9ussites\",\"potentialAction\":[{\"@type\":\"SearchAction\",\"target\":{\"@type\":\"EntryPoint\",\"urlTemplate\":\"https:\/\/www.unilim.fr\/medialab\/?s={search_term_string}\"},\"query-input\":{\"@type\":\"PropertyValueSpecification\",\"valueRequired\":true,\"valueName\":\"search_term_string\"}}],\"inLanguage\":\"fr-FR\"}]}<\/script>\n<!-- \/ Yoast SEO plugin. -->","yoast_head_json":{"title":"Les formats - M\u00e9dialab UL","robots":{"index":"index","follow":"follow","max-snippet":"max-snippet:-1","max-image-preview":"max-image-preview:large","max-video-preview":"max-video-preview:-1"},"canonical":"https:\/\/www.unilim.fr\/medialab\/canalsup-2\/nos-formats\/","og_locale":"fr_FR","og_type":"article","og_title":"Les formats - M\u00e9dialab UL","og_url":"https:\/\/www.unilim.fr\/medialab\/canalsup-2\/nos-formats\/","og_site_name":"M\u00e9dialab UL","article_modified_time":"2025-03-13T10:48:46+00:00","twitter_card":"summary_large_image","twitter_misc":{"Dur\u00e9e de lecture estim\u00e9e":"5 minutes"},"schema":{"@context":"https:\/\/schema.org","@graph":[{"@type":"WebPage","@id":"https:\/\/www.unilim.fr\/medialab\/canalsup-2\/nos-formats\/","url":"https:\/\/www.unilim.fr\/medialab\/canalsup-2\/nos-formats\/","name":"Les formats - M\u00e9dialab UL","isPartOf":{"@id":"https:\/\/www.unilim.fr\/medialab\/#website"},"datePublished":"2024-04-08T00:00:00+00:00","dateModified":"2025-03-13T10:48:46+00:00","breadcrumb":{"@id":"https:\/\/www.unilim.fr\/medialab\/canalsup-2\/nos-formats\/#breadcrumb"},"inLanguage":"fr-FR","potentialAction":[{"@type":"ReadAction","target":["https:\/\/www.unilim.fr\/medialab\/canalsup-2\/nos-formats\/"]}]},{"@type":"BreadcrumbList","@id":"https:\/\/www.unilim.fr\/medialab\/canalsup-2\/nos-formats\/#breadcrumb","itemListElement":[{"@type":"ListItem","position":1,"name":"Accueil","item":"https:\/\/www.unilim.fr\/medialab\/"},{"@type":"ListItem","position":2,"name":"Canalsup","item":"https:\/\/www.unilim.fr\/medialab\/canalsup-2\/"},{"@type":"ListItem","position":3,"name":"Les formats"}]},{"@type":"WebSite","@id":"https:\/\/www.unilim.fr\/medialab\/#website","url":"https:\/\/www.unilim.fr\/medialab\/","name":"M\u00e9dialab UL","description":"universit\u00e9 ouverte source de r\u00e9ussites","potentialAction":[{"@type":"SearchAction","target":{"@type":"EntryPoint","urlTemplate":"https:\/\/www.unilim.fr\/medialab\/?s={search_term_string}"},"query-input":{"@type":"PropertyValueSpecification","valueRequired":true,"valueName":"search_term_string"}}],"inLanguage":"fr-FR"}]}},"_links":{"self":[{"href":"https:\/\/www.unilim.fr\/medialab\/wp-json\/wp\/v2\/pages\/2791","targetHints":{"allow":["GET"]}}],"collection":[{"href":"https:\/\/www.unilim.fr\/medialab\/wp-json\/wp\/v2\/pages"}],"about":[{"href":"https:\/\/www.unilim.fr\/medialab\/wp-json\/wp\/v2\/types\/page"}],"author":[{"embeddable":true,"href":"https:\/\/www.unilim.fr\/medialab\/wp-json\/wp\/v2\/users\/233"}],"replies":[{"embeddable":true,"href":"https:\/\/www.unilim.fr\/medialab\/wp-json\/wp\/v2\/comments?post=2791"}],"version-history":[{"count":101,"href":"https:\/\/www.unilim.fr\/medialab\/wp-json\/wp\/v2\/pages\/2791\/revisions"}],"predecessor-version":[{"id":7748,"href":"https:\/\/www.unilim.fr\/medialab\/wp-json\/wp\/v2\/pages\/2791\/revisions\/7748"}],"up":[{"embeddable":true,"href":"https:\/\/www.unilim.fr\/medialab\/wp-json\/wp\/v2\/pages\/2787"}],"wp:attachment":[{"href":"https:\/\/www.unilim.fr\/medialab\/wp-json\/wp\/v2\/media?parent=2791"}],"curies":[{"name":"wp","href":"https:\/\/api.w.org\/{rel}","templated":true}]}}