{"id":2789,"date":"2024-05-29T00:00:00","date_gmt":"2024-04-08T00:00:00","guid":{"rendered":"http:\/\/www.unilim.fr\/medialab\/canalsup-2\/quest-ce-que-le-canalsup\/"},"modified":"2024-06-14T11:35:40","modified_gmt":"2024-06-14T09:35:40","slug":"quest-ce-que-canalsup","status":"publish","type":"page","link":"https:\/\/www.unilim.fr\/medialab\/canalsup-2\/quest-ce-que-canalsup\/","title":{"rendered":"Qu&rsquo;est-ce que Canalsup ?"},"content":{"rendered":"        <div class=\"container-fluid  \" style=\"\">\n                      <div class=\"container\">\n                <div class=\"row \" style=\"margin-top: 30px;margin-bottom: 0px\">        <div class=\"col-sm-12 clearfix \">\n                    <div class=\"clearfix ul-element-text \">\n            \n<h1 class=\"ul-bold\">Canalsup&nbsp;est la web TV de l\u2019Universit\u00e9 de Limoges<\/h1>\n<p><\/p>\n<p>V\u00e9ritable m\u00e9dia offrant une grille de programmes originaux, Canalsup&nbsp;est au c\u0153ur de l\u2019actualit\u00e9 universitaire, diffusant entre autres les grands \u00e9v\u00e9nements de l\u2019Universit\u00e9 de Limoges.&nbsp;La cha\u00eene livre sous forme de reportages, clips, t\u00e9moignages, plateformes num\u00e9riques ou encore de programmes ludiques tout ce que l\u2019on doit savoir sur les formations de l\u2019universit\u00e9, la vie \u00e9tudiante, le monde professionnel, l\u2019international et la recherche.&nbsp;<\/p>\n<p>Pour l\u2019Universit\u00e9 de Limoges, cette cha\u00eene repr\u00e9sente un outil de communication tout aussi indispensable qu\u2019efficace pour mettre en lumi\u00e8re la diversit\u00e9 et la richesse de ses actions.<\/p>\n<p>Fi\u00e8re de pouvoir partager l\u2019ensemble de ses contenus,&nbsp;Canalsup, la web TV de l\u2019Universit\u00e9 de Limoges&nbsp;a sa cha\u00eene Youtube. Vous voulez en savoir plus sur nos programmes ?&nbsp; Sans plus tarder,&nbsp;<a href=\"https:\/\/www.youtube.com\/@CANALSUPwebTV\/videos\" target=\"_blank\">abonnez-vous \u00e0 notre chaine Youtube.<\/a><\/p>\n        <\/div>\n                <\/div>\n        <\/div>\n            <\/div>\n                  <\/div>\n                <div class=\"container-fluid  \" style=\"\">\n                      <div class=\"container\">\n                <div class=\"row \" style=\"margin-top: 30px;margin-bottom: 30px\">        <div class=\"col-sm-2 clearfix \">\n                    <\/div>\n                <div class=\"col-sm-8 clearfix \">\n            <div class=\"ul-element-videojs \">\t\t\r\n\t\t<!-- Begin Video.js Responsive Wrapper -->\r\n\t\t<div style='max-width:1600px'>\r\n\t\t\t<div class='video-wrapper' style='padding-bottom:56.25%;'>\r\n\t\t\t\t\r\n\t<!-- Begin Video.js -->\r\n\t<video id=\"example_video_id_1836528882\" class=\"video-js vjs-default-skin embed-responsive embed-responsive-16by9\" width=\"1600\" height=\"900\" controls preload=\"none\" data-setup='{\"forceSSL\":\"true\",\"techOrder\":[\"youtube\"],\"src\":\"https:\/\/www.youtube.com\/watch?v=DUF17XbsK0s\"}'>\r\n\t\t\r\n\t\t\r\n\t\t\r\n\t<\/video>\r\n\t<!-- End Video.js -->\r\n\r\n\t\t\t<\/div>\r\n\t\t<\/div>\r\n\t\t<!-- End Video.js Responsive Wrapper -->\r\n\t\t<\/div>        <\/div>\n                <div class=\"col-sm-2 clearfix \">\n                    <\/div>\n        <\/div>\n            <\/div>\n                  <\/div>\n        \n","protected":false},"excerpt":{"rendered":"","protected":false},"author":233,"featured_media":0,"parent":2787,"menu_order":0,"comment_status":"closed","ping_status":"closed","template":"page-le.php","meta":{"footnotes":""},"class_list":["post-2789","page","type-page","status-publish","hentry"],"yoast_head":"<!-- This site is optimized with the Yoast SEO plugin v26.5 - https:\/\/yoast.com\/wordpress\/plugins\/seo\/ -->\n<title>Qu&#039;est-ce que Canalsup ? - M\u00e9dialab UL<\/title>\n<meta name=\"robots\" content=\"index, follow, max-snippet:-1, max-image-preview:large, max-video-preview:-1\" \/>\n<link rel=\"canonical\" href=\"https:\/\/www.unilim.fr\/medialab\/canalsup-2\/quest-ce-que-canalsup\/\" \/>\n<meta property=\"og:locale\" content=\"fr_FR\" \/>\n<meta property=\"og:type\" content=\"article\" \/>\n<meta property=\"og:title\" content=\"Qu&#039;est-ce que Canalsup ? - M\u00e9dialab UL\" \/>\n<meta property=\"og:url\" content=\"https:\/\/www.unilim.fr\/medialab\/canalsup-2\/quest-ce-que-canalsup\/\" \/>\n<meta property=\"og:site_name\" content=\"M\u00e9dialab UL\" \/>\n<meta property=\"article:modified_time\" content=\"2024-06-14T09:35:40+00:00\" \/>\n<meta name=\"twitter:card\" content=\"summary_large_image\" \/>\n<meta name=\"twitter:label1\" content=\"Dur\u00e9e de lecture estim\u00e9e\" \/>\n\t<meta name=\"twitter:data1\" content=\"1 minute\" \/>\n<script type=\"application\/ld+json\" class=\"yoast-schema-graph\">{\"@context\":\"https:\/\/schema.org\",\"@graph\":[{\"@type\":\"WebPage\",\"@id\":\"https:\/\/www.unilim.fr\/medialab\/canalsup-2\/quest-ce-que-canalsup\/\",\"url\":\"https:\/\/www.unilim.fr\/medialab\/canalsup-2\/quest-ce-que-canalsup\/\",\"name\":\"Qu'est-ce que Canalsup ? - M\u00e9dialab UL\",\"isPartOf\":{\"@id\":\"https:\/\/www.unilim.fr\/medialab\/#website\"},\"datePublished\":\"2024-04-08T00:00:00+00:00\",\"dateModified\":\"2024-06-14T09:35:40+00:00\",\"breadcrumb\":{\"@id\":\"https:\/\/www.unilim.fr\/medialab\/canalsup-2\/quest-ce-que-canalsup\/#breadcrumb\"},\"inLanguage\":\"fr-FR\",\"potentialAction\":[{\"@type\":\"ReadAction\",\"target\":[\"https:\/\/www.unilim.fr\/medialab\/canalsup-2\/quest-ce-que-canalsup\/\"]}]},{\"@type\":\"BreadcrumbList\",\"@id\":\"https:\/\/www.unilim.fr\/medialab\/canalsup-2\/quest-ce-que-canalsup\/#breadcrumb\",\"itemListElement\":[{\"@type\":\"ListItem\",\"position\":1,\"name\":\"Accueil\",\"item\":\"https:\/\/www.unilim.fr\/medialab\/\"},{\"@type\":\"ListItem\",\"position\":2,\"name\":\"Canalsup\",\"item\":\"https:\/\/www.unilim.fr\/medialab\/canalsup-2\/\"},{\"@type\":\"ListItem\",\"position\":3,\"name\":\"Qu&rsquo;est-ce que Canalsup ?\"}]},{\"@type\":\"WebSite\",\"@id\":\"https:\/\/www.unilim.fr\/medialab\/#website\",\"url\":\"https:\/\/www.unilim.fr\/medialab\/\",\"name\":\"M\u00e9dialab UL\",\"description\":\"universit\u00e9 ouverte source de r\u00e9ussites\",\"potentialAction\":[{\"@type\":\"SearchAction\",\"target\":{\"@type\":\"EntryPoint\",\"urlTemplate\":\"https:\/\/www.unilim.fr\/medialab\/?s={search_term_string}\"},\"query-input\":{\"@type\":\"PropertyValueSpecification\",\"valueRequired\":true,\"valueName\":\"search_term_string\"}}],\"inLanguage\":\"fr-FR\"}]}<\/script>\n<!-- \/ Yoast SEO plugin. -->","yoast_head_json":{"title":"Qu'est-ce que Canalsup ? - M\u00e9dialab UL","robots":{"index":"index","follow":"follow","max-snippet":"max-snippet:-1","max-image-preview":"max-image-preview:large","max-video-preview":"max-video-preview:-1"},"canonical":"https:\/\/www.unilim.fr\/medialab\/canalsup-2\/quest-ce-que-canalsup\/","og_locale":"fr_FR","og_type":"article","og_title":"Qu'est-ce que Canalsup ? - M\u00e9dialab UL","og_url":"https:\/\/www.unilim.fr\/medialab\/canalsup-2\/quest-ce-que-canalsup\/","og_site_name":"M\u00e9dialab UL","article_modified_time":"2024-06-14T09:35:40+00:00","twitter_card":"summary_large_image","twitter_misc":{"Dur\u00e9e de lecture estim\u00e9e":"1 minute"},"schema":{"@context":"https:\/\/schema.org","@graph":[{"@type":"WebPage","@id":"https:\/\/www.unilim.fr\/medialab\/canalsup-2\/quest-ce-que-canalsup\/","url":"https:\/\/www.unilim.fr\/medialab\/canalsup-2\/quest-ce-que-canalsup\/","name":"Qu'est-ce que Canalsup ? - M\u00e9dialab UL","isPartOf":{"@id":"https:\/\/www.unilim.fr\/medialab\/#website"},"datePublished":"2024-04-08T00:00:00+00:00","dateModified":"2024-06-14T09:35:40+00:00","breadcrumb":{"@id":"https:\/\/www.unilim.fr\/medialab\/canalsup-2\/quest-ce-que-canalsup\/#breadcrumb"},"inLanguage":"fr-FR","potentialAction":[{"@type":"ReadAction","target":["https:\/\/www.unilim.fr\/medialab\/canalsup-2\/quest-ce-que-canalsup\/"]}]},{"@type":"BreadcrumbList","@id":"https:\/\/www.unilim.fr\/medialab\/canalsup-2\/quest-ce-que-canalsup\/#breadcrumb","itemListElement":[{"@type":"ListItem","position":1,"name":"Accueil","item":"https:\/\/www.unilim.fr\/medialab\/"},{"@type":"ListItem","position":2,"name":"Canalsup","item":"https:\/\/www.unilim.fr\/medialab\/canalsup-2\/"},{"@type":"ListItem","position":3,"name":"Qu&rsquo;est-ce que Canalsup ?"}]},{"@type":"WebSite","@id":"https:\/\/www.unilim.fr\/medialab\/#website","url":"https:\/\/www.unilim.fr\/medialab\/","name":"M\u00e9dialab UL","description":"universit\u00e9 ouverte source de r\u00e9ussites","potentialAction":[{"@type":"SearchAction","target":{"@type":"EntryPoint","urlTemplate":"https:\/\/www.unilim.fr\/medialab\/?s={search_term_string}"},"query-input":{"@type":"PropertyValueSpecification","valueRequired":true,"valueName":"search_term_string"}}],"inLanguage":"fr-FR"}]}},"_links":{"self":[{"href":"https:\/\/www.unilim.fr\/medialab\/wp-json\/wp\/v2\/pages\/2789","targetHints":{"allow":["GET"]}}],"collection":[{"href":"https:\/\/www.unilim.fr\/medialab\/wp-json\/wp\/v2\/pages"}],"about":[{"href":"https:\/\/www.unilim.fr\/medialab\/wp-json\/wp\/v2\/types\/page"}],"author":[{"embeddable":true,"href":"https:\/\/www.unilim.fr\/medialab\/wp-json\/wp\/v2\/users\/233"}],"replies":[{"embeddable":true,"href":"https:\/\/www.unilim.fr\/medialab\/wp-json\/wp\/v2\/comments?post=2789"}],"version-history":[{"count":0,"href":"https:\/\/www.unilim.fr\/medialab\/wp-json\/wp\/v2\/pages\/2789\/revisions"}],"up":[{"embeddable":true,"href":"https:\/\/www.unilim.fr\/medialab\/wp-json\/wp\/v2\/pages\/2787"}],"wp:attachment":[{"href":"https:\/\/www.unilim.fr\/medialab\/wp-json\/wp\/v2\/media?parent=2789"}],"curies":[{"name":"wp","href":"https:\/\/api.w.org\/{rel}","templated":true}]}}