{"id":2782,"date":"2024-06-12T22:00:00","date_gmt":"2024-04-08T00:00:00","guid":{"rendered":"http:\/\/www.unilim.fr\/medialab\/tiers-lieu\/obtenir-un-open-badge-media\/"},"modified":"2024-06-14T10:45:47","modified_gmt":"2024-06-14T08:45:47","slug":"obtenir-un-open-badge-media","status":"publish","type":"page","link":"https:\/\/www.unilim.fr\/medialab\/nos-activites\/obtenir-un-open-badge-media\/","title":{"rendered":"Obtenir un Open Badge m\u00e9dia"},"content":{"rendered":"        <div class=\"container-fluid  \" style=\"\">\n                      <div class=\"container\">\n                <div class=\"row \" style=\"margin-top: 30px;margin-bottom: 30px\">        <div class=\"col-sm-12 clearfix \">\n            \n        \n        <div class=\"ul-element-header text-left  \">\n\n            <h2 class=\"ul-bold  bg-primary\" style=\"padding:10px;\">\n                                Qu'est-ce qu'un Open Badge ?                            <\/h2>\n        <\/div>\n                <\/div>\n        <\/div>\n            <\/div>\n                  <\/div>\n                <div class=\"container-fluid  \" style=\"\">\n                      <div class=\"container\">\n                <div class=\"row \" style=\"margin-top: 0px;margin-bottom: 30px\">        <div class=\"col-sm-12 clearfix \">\n                    <div class=\"clearfix ul-element-text \">\n            \n<p>Initi\u00e9s par la Fondation Mozilla en 2011, les \u201cOpen Badges\u201d constituent un syst\u00e8me standardis\u00e9 de badges num\u00e9riques poss\u00e9dant trois fonctions :<\/p>\n<ul>\n<li>d\u00e9cerner aux apprenants des badges pour les connaissances, habilet\u00e9s et comp\u00e9tences acquises<\/li>\n<li>permettre aux institutions ou aux formateurs de conf\u00e9rer une reconnaissance pour les sujets enseign\u00e9s<\/li>\n<li>certifier le titre d\u00e9livr\u00e9 et l\u2019afficher sur un CV ou une page personnelle.<\/li>\n<\/ul>\n<p>Les \u201cOpen Badges\u201d constituent un moyen fiable, simple et ludique de reconna\u00eetre des connaissances acquises hors cursus scolaire notamment les comp\u00e9tences informelles. &nbsp;<\/p>\n<p><\/p>\n<p>Pour obtenir vos Open Badges inscrivez-vous gratuitement <a href=\"https:\/\/openbadgepassport.com\/1accueil\/\" target=\"_blank\">ici<\/a>.&nbsp;<\/p>\n        <\/div>\n                <\/div>\n        <\/div>\n            <\/div>\n                  <\/div>\n                <div class=\"container-fluid  \" style=\"\">\n                      <div class=\"container\">\n                <div class=\"row \" style=\"margin-top: 30px;margin-bottom: 30px\">        <div class=\"col-sm-2 clearfix \">\n                    <\/div>\n                <div class=\"col-sm-8 clearfix \">\n            <div class=\"ul-element-videojs \">\t\t\r\n\t\t<!-- Begin Video.js Responsive Wrapper -->\r\n\t\t<div style='max-width:1600px'>\r\n\t\t\t<div class='video-wrapper' style='padding-bottom:56.25%;'>\r\n\t\t\t\t\r\n\t<!-- Begin Video.js -->\r\n\t<video id=\"example_video_id_827644774\" class=\"video-js vjs-default-skin embed-responsive embed-responsive-16by9\" width=\"1600\" height=\"900\" controls preload=\"none\" data-setup='{\"forceSSL\":\"true\",\"techOrder\":[\"youtube\"],\"src\":\"https:\/\/www.youtube.com\/watch?v=uXWov-JGtvs&amp;t=2s\"}'>\r\n\t\t\r\n\t\t\r\n\t\t\r\n\t<\/video>\r\n\t<!-- End Video.js -->\r\n\r\n\t\t\t<\/div>\r\n\t\t<\/div>\r\n\t\t<!-- End Video.js Responsive Wrapper -->\r\n\t\t<\/div>        <\/div>\n                <div class=\"col-sm-2 clearfix \">\n                    <\/div>\n        <\/div>\n            <\/div>\n                  <\/div>\n                <div class=\"container-fluid  \" style=\"\">\n                      <div class=\"container\">\n                <div class=\"row \" style=\"margin-top: 30px;margin-bottom: 30px\">        <div class=\"col-sm-12 clearfix \">\n                    <div class=\"clearfix ul-element-text \">\n            \n<p><a class=\"\" href=\"https:\/\/www.unilim.fr\/medialab\/wp-content\/uploads\/sites\/82\/2024\/05\/open-badge-Medialab.png\"><img loading=\"lazy\" decoding=\"async\" class=\"aligncenter wp-image-2990\" src=\"https:\/\/www.unilim.fr\/medialab\/wp-content\/uploads\/sites\/82\/2024\/05\/open-badge-Medialab-1024x554.png\" alt=\"\" width=\"1024\" height=\"554\" srcset=\"https:\/\/www.unilim.fr\/medialab\/wp-content\/uploads\/sites\/82\/2024\/05\/open-badge-Medialab-1024x554.png 1024w, https:\/\/www.unilim.fr\/medialab\/wp-content\/uploads\/sites\/82\/2024\/05\/open-badge-Medialab-300x162.png 300w, https:\/\/www.unilim.fr\/medialab\/wp-content\/uploads\/sites\/82\/2024\/05\/open-badge-Medialab-768x416.png 768w, https:\/\/www.unilim.fr\/medialab\/wp-content\/uploads\/sites\/82\/2024\/05\/open-badge-Medialab.png 1430w\" sizes=\"auto, (max-width: 1024px) 100vw, 1024px\" \/><\/a><\/p>\n        <\/div>\n                <\/div>\n        <\/div>\n            <\/div>\n                  <\/div>\n                <div class=\"container-fluid  \" style=\"\">\n                      <div class=\"container\">\n                <div class=\"row \" style=\"margin-top: 30px;margin-bottom: 30px\">        <div class=\"col-sm-12 clearfix \">\n                    <div class=\"clearfix ul-element-text \">\n            \n<h3 class=\"ul-bold\" style=\"text-align: center\"><em><a href=\"https:\/\/view.genially.com\/6515aac80aa29a00111bbe56\/presentation-les-open-badges-du-medialab\" target=\"_blank\" rel=\"noopener\">Retrouvez en d\u00e9tail les Open Badges du M\u00e9dialab<\/a><\/em><\/h3>\n        <\/div>\n                <\/div>\n        <\/div>\n            <\/div>\n                  <\/div>\n        \n","protected":false},"excerpt":{"rendered":"","protected":false},"author":233,"featured_media":0,"parent":2775,"menu_order":0,"comment_status":"closed","ping_status":"closed","template":"page-le.php","meta":{"footnotes":""},"class_list":["post-2782","page","type-page","status-publish","hentry"],"yoast_head":"<!-- This site is optimized with the Yoast SEO plugin v26.5 - https:\/\/yoast.com\/wordpress\/plugins\/seo\/ -->\n<title>Obtenir un Open Badge m\u00e9dia - M\u00e9dialab UL<\/title>\n<meta name=\"robots\" content=\"index, follow, max-snippet:-1, max-image-preview:large, max-video-preview:-1\" \/>\n<link rel=\"canonical\" href=\"https:\/\/www.unilim.fr\/medialab\/nos-activites\/obtenir-un-open-badge-media\/\" \/>\n<meta property=\"og:locale\" content=\"fr_FR\" \/>\n<meta property=\"og:type\" content=\"article\" \/>\n<meta property=\"og:title\" content=\"Obtenir un Open Badge m\u00e9dia - M\u00e9dialab UL\" \/>\n<meta property=\"og:url\" content=\"https:\/\/www.unilim.fr\/medialab\/nos-activites\/obtenir-un-open-badge-media\/\" \/>\n<meta property=\"og:site_name\" content=\"M\u00e9dialab UL\" \/>\n<meta property=\"article:modified_time\" content=\"2024-06-14T08:45:47+00:00\" \/>\n<meta property=\"og:image\" content=\"https:\/\/www.unilim.fr\/medialab\/wp-content\/uploads\/sites\/82\/2024\/05\/open-badge-Medialab.png\" \/>\n\t<meta property=\"og:image:width\" content=\"1430\" \/>\n\t<meta property=\"og:image:height\" content=\"774\" \/>\n\t<meta property=\"og:image:type\" content=\"image\/png\" \/>\n<meta name=\"twitter:card\" content=\"summary_large_image\" \/>\n<meta name=\"twitter:label1\" content=\"Dur\u00e9e de lecture estim\u00e9e\" \/>\n\t<meta name=\"twitter:data1\" content=\"2 minutes\" \/>\n<script type=\"application\/ld+json\" class=\"yoast-schema-graph\">{\"@context\":\"https:\/\/schema.org\",\"@graph\":[{\"@type\":\"WebPage\",\"@id\":\"https:\/\/www.unilim.fr\/medialab\/nos-activites\/obtenir-un-open-badge-media\/\",\"url\":\"https:\/\/www.unilim.fr\/medialab\/nos-activites\/obtenir-un-open-badge-media\/\",\"name\":\"Obtenir un Open Badge m\u00e9dia - M\u00e9dialab UL\",\"isPartOf\":{\"@id\":\"https:\/\/www.unilim.fr\/medialab\/#website\"},\"primaryImageOfPage\":{\"@id\":\"https:\/\/www.unilim.fr\/medialab\/nos-activites\/obtenir-un-open-badge-media\/#primaryimage\"},\"image\":{\"@id\":\"https:\/\/www.unilim.fr\/medialab\/nos-activites\/obtenir-un-open-badge-media\/#primaryimage\"},\"thumbnailUrl\":\"https:\/\/www.unilim.fr\/medialab\/wp-content\/uploads\/sites\/82\/2024\/05\/open-badge-Medialab-1024x554.png\",\"datePublished\":\"2024-04-08T00:00:00+00:00\",\"dateModified\":\"2024-06-14T08:45:47+00:00\",\"breadcrumb\":{\"@id\":\"https:\/\/www.unilim.fr\/medialab\/nos-activites\/obtenir-un-open-badge-media\/#breadcrumb\"},\"inLanguage\":\"fr-FR\",\"potentialAction\":[{\"@type\":\"ReadAction\",\"target\":[\"https:\/\/www.unilim.fr\/medialab\/nos-activites\/obtenir-un-open-badge-media\/\"]}]},{\"@type\":\"ImageObject\",\"inLanguage\":\"fr-FR\",\"@id\":\"https:\/\/www.unilim.fr\/medialab\/nos-activites\/obtenir-un-open-badge-media\/#primaryimage\",\"url\":\"https:\/\/www.unilim.fr\/medialab\/wp-content\/uploads\/sites\/82\/2024\/05\/open-badge-Medialab-1024x554.png\",\"contentUrl\":\"https:\/\/www.unilim.fr\/medialab\/wp-content\/uploads\/sites\/82\/2024\/05\/open-badge-Medialab-1024x554.png\"},{\"@type\":\"BreadcrumbList\",\"@id\":\"https:\/\/www.unilim.fr\/medialab\/nos-activites\/obtenir-un-open-badge-media\/#breadcrumb\",\"itemListElement\":[{\"@type\":\"ListItem\",\"position\":1,\"name\":\"Accueil\",\"item\":\"https:\/\/www.unilim.fr\/medialab\/\"},{\"@type\":\"ListItem\",\"position\":2,\"name\":\"Nos activit\u00e9s\",\"item\":\"https:\/\/www.unilim.fr\/medialab\/nos-activites\/\"},{\"@type\":\"ListItem\",\"position\":3,\"name\":\"Obtenir un Open Badge m\u00e9dia\"}]},{\"@type\":\"WebSite\",\"@id\":\"https:\/\/www.unilim.fr\/medialab\/#website\",\"url\":\"https:\/\/www.unilim.fr\/medialab\/\",\"name\":\"M\u00e9dialab UL\",\"description\":\"universit\u00e9 ouverte source de r\u00e9ussites\",\"potentialAction\":[{\"@type\":\"SearchAction\",\"target\":{\"@type\":\"EntryPoint\",\"urlTemplate\":\"https:\/\/www.unilim.fr\/medialab\/?s={search_term_string}\"},\"query-input\":{\"@type\":\"PropertyValueSpecification\",\"valueRequired\":true,\"valueName\":\"search_term_string\"}}],\"inLanguage\":\"fr-FR\"}]}<\/script>\n<!-- \/ Yoast SEO plugin. -->","yoast_head_json":{"title":"Obtenir un Open Badge m\u00e9dia - M\u00e9dialab UL","robots":{"index":"index","follow":"follow","max-snippet":"max-snippet:-1","max-image-preview":"max-image-preview:large","max-video-preview":"max-video-preview:-1"},"canonical":"https:\/\/www.unilim.fr\/medialab\/nos-activites\/obtenir-un-open-badge-media\/","og_locale":"fr_FR","og_type":"article","og_title":"Obtenir un Open Badge m\u00e9dia - M\u00e9dialab UL","og_url":"https:\/\/www.unilim.fr\/medialab\/nos-activites\/obtenir-un-open-badge-media\/","og_site_name":"M\u00e9dialab UL","article_modified_time":"2024-06-14T08:45:47+00:00","og_image":[{"width":1430,"height":774,"url":"https:\/\/www.unilim.fr\/medialab\/wp-content\/uploads\/sites\/82\/2024\/05\/open-badge-Medialab.png","type":"image\/png"}],"twitter_card":"summary_large_image","twitter_misc":{"Dur\u00e9e de lecture estim\u00e9e":"2 minutes"},"schema":{"@context":"https:\/\/schema.org","@graph":[{"@type":"WebPage","@id":"https:\/\/www.unilim.fr\/medialab\/nos-activites\/obtenir-un-open-badge-media\/","url":"https:\/\/www.unilim.fr\/medialab\/nos-activites\/obtenir-un-open-badge-media\/","name":"Obtenir un Open Badge m\u00e9dia - M\u00e9dialab UL","isPartOf":{"@id":"https:\/\/www.unilim.fr\/medialab\/#website"},"primaryImageOfPage":{"@id":"https:\/\/www.unilim.fr\/medialab\/nos-activites\/obtenir-un-open-badge-media\/#primaryimage"},"image":{"@id":"https:\/\/www.unilim.fr\/medialab\/nos-activites\/obtenir-un-open-badge-media\/#primaryimage"},"thumbnailUrl":"https:\/\/www.unilim.fr\/medialab\/wp-content\/uploads\/sites\/82\/2024\/05\/open-badge-Medialab-1024x554.png","datePublished":"2024-04-08T00:00:00+00:00","dateModified":"2024-06-14T08:45:47+00:00","breadcrumb":{"@id":"https:\/\/www.unilim.fr\/medialab\/nos-activites\/obtenir-un-open-badge-media\/#breadcrumb"},"inLanguage":"fr-FR","potentialAction":[{"@type":"ReadAction","target":["https:\/\/www.unilim.fr\/medialab\/nos-activites\/obtenir-un-open-badge-media\/"]}]},{"@type":"ImageObject","inLanguage":"fr-FR","@id":"https:\/\/www.unilim.fr\/medialab\/nos-activites\/obtenir-un-open-badge-media\/#primaryimage","url":"https:\/\/www.unilim.fr\/medialab\/wp-content\/uploads\/sites\/82\/2024\/05\/open-badge-Medialab-1024x554.png","contentUrl":"https:\/\/www.unilim.fr\/medialab\/wp-content\/uploads\/sites\/82\/2024\/05\/open-badge-Medialab-1024x554.png"},{"@type":"BreadcrumbList","@id":"https:\/\/www.unilim.fr\/medialab\/nos-activites\/obtenir-un-open-badge-media\/#breadcrumb","itemListElement":[{"@type":"ListItem","position":1,"name":"Accueil","item":"https:\/\/www.unilim.fr\/medialab\/"},{"@type":"ListItem","position":2,"name":"Nos activit\u00e9s","item":"https:\/\/www.unilim.fr\/medialab\/nos-activites\/"},{"@type":"ListItem","position":3,"name":"Obtenir un Open Badge m\u00e9dia"}]},{"@type":"WebSite","@id":"https:\/\/www.unilim.fr\/medialab\/#website","url":"https:\/\/www.unilim.fr\/medialab\/","name":"M\u00e9dialab UL","description":"universit\u00e9 ouverte source de r\u00e9ussites","potentialAction":[{"@type":"SearchAction","target":{"@type":"EntryPoint","urlTemplate":"https:\/\/www.unilim.fr\/medialab\/?s={search_term_string}"},"query-input":{"@type":"PropertyValueSpecification","valueRequired":true,"valueName":"search_term_string"}}],"inLanguage":"fr-FR"}]}},"_links":{"self":[{"href":"https:\/\/www.unilim.fr\/medialab\/wp-json\/wp\/v2\/pages\/2782","targetHints":{"allow":["GET"]}}],"collection":[{"href":"https:\/\/www.unilim.fr\/medialab\/wp-json\/wp\/v2\/pages"}],"about":[{"href":"https:\/\/www.unilim.fr\/medialab\/wp-json\/wp\/v2\/types\/page"}],"author":[{"embeddable":true,"href":"https:\/\/www.unilim.fr\/medialab\/wp-json\/wp\/v2\/users\/233"}],"replies":[{"embeddable":true,"href":"https:\/\/www.unilim.fr\/medialab\/wp-json\/wp\/v2\/comments?post=2782"}],"version-history":[{"count":0,"href":"https:\/\/www.unilim.fr\/medialab\/wp-json\/wp\/v2\/pages\/2782\/revisions"}],"up":[{"embeddable":true,"href":"https:\/\/www.unilim.fr\/medialab\/wp-json\/wp\/v2\/pages\/2775"}],"wp:attachment":[{"href":"https:\/\/www.unilim.fr\/medialab\/wp-json\/wp\/v2\/media?parent=2782"}],"curies":[{"name":"wp","href":"https:\/\/api.w.org\/{rel}","templated":true}]}}