{"id":2781,"date":"2024-06-13T22:00:00","date_gmt":"2024-04-08T00:00:00","guid":{"rendered":"http:\/\/www.unilim.fr\/medialab\/tiers-lieu\/accompagnement-media\/"},"modified":"2024-06-14T10:44:37","modified_gmt":"2024-06-14T08:44:37","slug":"accompagnement-media","status":"publish","type":"page","link":"https:\/\/www.unilim.fr\/medialab\/nos-activites\/accompagnement-media\/","title":{"rendered":"Accompagnement m\u00e9dia"},"content":{"rendered":"        <div class=\"container-fluid  \" style=\"\">\n                      <div class=\"container\">\n                <div class=\"row \" style=\"margin-top: 30px;margin-bottom: 30px\">        <div class=\"col-sm-12 clearfix \">\n                    <div class=\"clearfix ul-element-text \">\n            \n<p>Le <strong>Labo-m\u00e9dia<\/strong> : Exp\u00e9rimentation et accompagnement des \u00e9tudiants et des enseignants autour de projets audiovisuels et m\u00e9dias. Le labo-m\u00e9dia a \u00e9t\u00e9 cr\u00e9\u00e9 pour r\u00e9pondre aux besoins des \u00e9tudiants et des enseignants d\u00e9sireux de produire des ressources m\u00e9dia. Le labo-media accompagne les utilisateurs dans la construction de ressources p\u00e9dagogiques ou de communication.<\/p>\n        <\/div>\n                <\/div>\n        <\/div>\n            <\/div>\n                  <\/div>\n                <div class=\"container-fluid  \" style=\"\">\n                      <div class=\"container\">\n                <div class=\"row \" style=\"margin-top: 30px;margin-bottom: 30px\">        <div class=\"col-sm-12 clearfix \">\n                    <div class=\"ul-element-image \">\n            <a href=\"https:\/\/www.unilim.fr\/medialab\/wp-content\/uploads\/sites\/82\/2017\/04\/video-et-pedagogie.png\" target=\"\"  rel=\"lightbox\">\n                <img decoding=\"async\" class=\"img-responsive\" src=\"https:\/\/www.unilim.fr\/medialab\/wp-content\/uploads\/sites\/82\/2017\/04\/video-et-pedagogie.png\"\/>\n            <\/a>\n        <\/div>\n                <\/div>\n        <\/div>\n            <\/div>\n                  <\/div>\n                <div class=\"container-fluid  \" style=\"\">\n                      <div class=\"container\">\n                <div class=\"row \" style=\"margin-top: 30px;margin-bottom: 30px\">        <div class=\"col-sm-5 clearfix \">\n                    <a class=\"ul-element-rollover \" style=\"padding:0px\" href=\"https:\/\/www.unilim.fr\/medialab\/test-page\/\" target=\"_blank\">\n            <div class=\"ul-element-rollover-container   round-image-border \">\n                <div class=\"img-container\">\n                    <img decoding=\"async\" src=\"https:\/\/www.unilim.fr\/medialab\/wp-content\/uploads\/sites\/82\/2017\/04\/labo-video-etu-300x300.png\" \/>\n                                        <div class=\"img-title text-center bg-black \">Labo Vid\u00e9o \u00c9tudiant<\/div>\n                                    <\/div>\n                <div class=\"text-container\">\n                    <div class=\"text-inner\">\n                        \n<p style=\"text-align: center\"><strong>Le Labo Vid&eacute;o &Eacute;tudiants&nbsp;<\/strong><\/p>\n<p style=\"text-align: center\"><strong><\/strong><\/p>\n<p style=\"text-align: center\"><em><strong>Exp&eacute;rimentation et accompagnement des &eacute;tudiants autour de projets audiovisuels<\/strong><\/em><\/p>\n<p style=\"text-align: center\"><em><strong><\/strong><\/em><\/p>\n<p style=\"text-align: center\"><em><strong><\/strong><\/em><\/p>\n<ul>\n<li style=\"text-align: left\">Valoriser une formation \/ promotion &nbsp;<\/li>\n<li style=\"text-align: left\">Valoriser une association<\/li>\n<li style=\"text-align: left\">R&eacute;pondre aux besoins techniques des &eacute;tudiants<\/li>\n<li style=\"text-align: left\">Collaboration et accompagnement<\/li>\n<\/ul>\n<p style=\"text-align: left\">\n                    <\/div>\n                <\/div>\n            <\/div>\n        <\/a>\n\n                <\/div>\n                <div class=\"col-sm-2 clearfix \">\n                    <\/div>\n                <div class=\"col-sm-5 clearfix \">\n                    <a class=\"ul-element-rollover \" style=\"padding:0px\" href=\"https:\/\/www.unilim.fr\/medialab\/le-labo-video-enseignant\/\" target=\"_blank\">\n            <div class=\"ul-element-rollover-container   round-image-border \">\n                <div class=\"img-container\">\n                    <img decoding=\"async\" src=\"https:\/\/www.unilim.fr\/medialab\/wp-content\/uploads\/sites\/82\/2017\/04\/labo-video-enseignant-300x300.png\" \/>\n                                        <div class=\"img-title text-center bg-black \">Labo Vid\u00e9o Enseignant<\/div>\n                                    <\/div>\n                <div class=\"text-container\">\n                    <div class=\"text-inner\">\n                        \n<p style=\"text-align: center\"><strong>Le Labo Vid&eacute;o Enseignants&nbsp;<\/strong><\/p>\n<p style=\"text-align: center\">\n<p style=\"text-align: center\"><em><strong>Exp&eacute;rimentation et accompagnement des enseignants&nbsp;autour de projets audiovisuels<\/strong><\/em><\/p>\n<p style=\"text-align: center\">\n<p style=\"text-align: center\">\n<p style=\"text-align: center\">\n<ul>\n<li>Dynamiser un cours en vid&eacute;o&nbsp;&nbsp;<\/li>\n<li>Valoriser une&nbsp;formation<\/li>\n<li>R&eacute;pondre aux besoins techniques des&nbsp;enseignants<\/li>\n<li>Collaboration et accompagnement<\/li>\n<\/ul>\n                    <\/div>\n                <\/div>\n            <\/div>\n        <\/a>\n\n                <\/div>\n        <\/div>\n            <\/div>\n                  <\/div>\n                <div class=\"container-fluid  \" style=\"\">\n                      <div class=\"container\">\n                <div class=\"row \" style=\"margin-top: 30px;margin-bottom: 30px\">        <div class=\"col-sm-12 clearfix \">\n            \n        \n        <div class=\"ul-element-header text-left  \">\n\n            <h2 class=\"ul-bold  bg-primary\" style=\"padding:10px;\">\n                                Formulaire de demande                            <\/h2>\n        <\/div>\n                <div class=\"row\">\n                    <div class=\"col-sm-6\">\n                    <div class=\"clearfix ul-element-text \">\n            \n<p><\/p>\n<p>Selon vos besoins le M\u00e9dialab peut vous proposer plusieurs services :&nbsp;<\/p>\n<ul>\n<li>Le Labo vid\u00e9o :&nbsp;accompagnement pour la co-construction de vid\u00e9os centr\u00e9es sur la p\u00e9dagogie (besoin de mat\u00e9riel, sc\u00e9narisation, tournage, montage, diffusion\u2026)&nbsp;<\/li>\n<li>des productions professionnelles diffus\u00e9es ensuite sur la Web TV de l\u2019Universit\u00e9 de Limoges<\/li>\n<\/ul>\n<p>Afin de r\u00e9pondre au mieux \u00e0 vos besoins, veuillez remplir le formulaire ci-contre :<\/p>\n        <\/div>\n                <\/div>\n                <div class=\"col-sm-6\">\n                    <div class=\"clearfix ul-element-text \">\n            \n\n<div class=\"wpcf7 no-js\" id=\"wpcf7-f2596-o1\" lang=\"fr-FR\" dir=\"ltr\" data-wpcf7-id=\"2596\">\n<div class=\"screen-reader-response\"><p role=\"status\" aria-live=\"polite\" aria-atomic=\"true\"><\/p> <ul><\/ul><\/div>\n<form action=\"\/medialab\/wp-json\/wp\/v2\/pages\/2781\/#wpcf7-f2596-o1\" method=\"post\" class=\"wpcf7-form init\" aria-label=\"Formulaire de contact\" novalidate=\"novalidate\" data-status=\"init\">\n<fieldset class=\"hidden-fields-container\"><input type=\"hidden\" name=\"_wpcf7\" value=\"2596\" \/><input type=\"hidden\" name=\"_wpcf7_version\" value=\"6.1.4\" \/><input type=\"hidden\" name=\"_wpcf7_locale\" value=\"fr_FR\" \/><input type=\"hidden\" name=\"_wpcf7_unit_tag\" value=\"wpcf7-f2596-o1\" \/><input type=\"hidden\" name=\"_wpcf7_container_post\" value=\"0\" \/><input type=\"hidden\" name=\"_wpcf7_posted_data_hash\" value=\"\" \/>\n<\/fieldset>\n<p>Nom-Pr\u00e9nom<span style=\"color:red !important;\">*<\/span>\n<\/p>\n<p><span class=\"wpcf7-form-control-wrap\" data-name=\"nom\"><input size=\"40\" maxlength=\"400\" class=\"wpcf7-form-control wpcf7-text wpcf7-validates-as-required\" aria-required=\"true\" aria-invalid=\"false\" value=\"\" type=\"text\" name=\"nom\" \/><\/span>\n<\/p>\n<p>Fonction<span style=\"color:red !important;\">*<\/span>\n<\/p>\n<p><span class=\"wpcf7-form-control-wrap\" data-name=\"fonction\"><input size=\"40\" maxlength=\"400\" class=\"wpcf7-form-control wpcf7-text wpcf7-validates-as-required\" aria-required=\"true\" aria-invalid=\"false\" value=\"\" type=\"text\" name=\"fonction\" \/><\/span>\n<\/p>\n<p>Contact mail <span style=\"color:red !important;\">*<\/span>\n<\/p>\n<p><span class=\"wpcf7-form-control-wrap\" data-name=\"email\"><input size=\"40\" maxlength=\"400\" class=\"wpcf7-form-control wpcf7-email wpcf7-validates-as-required wpcf7-text wpcf7-validates-as-email\" aria-required=\"true\" aria-invalid=\"false\" value=\"\" type=\"email\" name=\"email\" \/><\/span>\n<\/p>\n<p>Composante\/P\u00f4le\/Direction\/Autre...<span style=\"color:red !important;\">*<\/span>\n<\/p>\n<p><span class=\"wpcf7-form-control-wrap\" data-name=\"structure\"><input size=\"40\" maxlength=\"400\" class=\"wpcf7-form-control wpcf7-text wpcf7-validates-as-required\" aria-required=\"true\" aria-invalid=\"false\" value=\"\" type=\"text\" name=\"structure\" \/><\/span>\n<\/p>\n<p>Service<span style=\"color:red !important;\">*<\/span>\n<\/p>\n<p><span class=\"wpcf7-form-control-wrap\" data-name=\"service\"><input size=\"40\" maxlength=\"400\" class=\"wpcf7-form-control wpcf7-text wpcf7-validates-as-required\" aria-required=\"true\" aria-invalid=\"false\" value=\"\" type=\"text\" name=\"service\" \/><\/span>\n<\/p>\n<p>Demande<span style=\"color:red !important;\">*<\/span>\n<\/p>\n<p><span class=\"wpcf7-form-control-wrap\" data-name=\"votredemande\"><textarea cols=\"40\" rows=\"10\" maxlength=\"2000\" class=\"wpcf7-form-control wpcf7-textarea wpcf7-validates-as-required demande\" aria-required=\"true\" aria-invalid=\"false\" name=\"votredemande\"><\/textarea><\/span>\n<\/p>\n<p><input class=\"wpcf7-form-control wpcf7-submit has-spinner\" type=\"submit\" value=\"Envoyer\" \/>\n<\/p>\n<p><span style=\"color:red !important;\">*<\/span> = Champs obligatoires\n<\/p>\n<div style=\"clear:both;\">\n<\/div><div class=\"wpcf7-response-output\" aria-hidden=\"true\"><\/div>\n<\/form>\n<\/div>\n\n        <\/div>\n                <\/div>\n                <\/div>\n                <\/div>\n        <\/div>\n            <\/div>\n                  <\/div>\n        \n","protected":false},"excerpt":{"rendered":"","protected":false},"author":233,"featured_media":0,"parent":2775,"menu_order":0,"comment_status":"closed","ping_status":"closed","template":"page-le.php","meta":{"footnotes":""},"class_list":["post-2781","page","type-page","status-publish","hentry"],"yoast_head":"<!-- This site is optimized with the Yoast SEO plugin v26.5 - https:\/\/yoast.com\/wordpress\/plugins\/seo\/ -->\n<title>Accompagnement m\u00e9dia - M\u00e9dialab UL<\/title>\n<meta name=\"robots\" content=\"index, follow, max-snippet:-1, max-image-preview:large, max-video-preview:-1\" \/>\n<link rel=\"canonical\" href=\"https:\/\/www.unilim.fr\/medialab\/nos-activites\/accompagnement-media\/\" \/>\n<meta property=\"og:locale\" content=\"fr_FR\" \/>\n<meta property=\"og:type\" content=\"article\" \/>\n<meta property=\"og:title\" content=\"Accompagnement m\u00e9dia - M\u00e9dialab UL\" \/>\n<meta property=\"og:url\" content=\"https:\/\/www.unilim.fr\/medialab\/nos-activites\/accompagnement-media\/\" \/>\n<meta property=\"og:site_name\" content=\"M\u00e9dialab UL\" \/>\n<meta property=\"article:modified_time\" content=\"2024-06-14T08:44:37+00:00\" \/>\n<meta name=\"twitter:card\" content=\"summary_large_image\" \/>\n<meta name=\"twitter:label1\" content=\"Dur\u00e9e de lecture estim\u00e9e\" \/>\n\t<meta name=\"twitter:data1\" content=\"3 minutes\" \/>\n<script type=\"application\/ld+json\" class=\"yoast-schema-graph\">{\"@context\":\"https:\/\/schema.org\",\"@graph\":[{\"@type\":\"WebPage\",\"@id\":\"https:\/\/www.unilim.fr\/medialab\/nos-activites\/accompagnement-media\/\",\"url\":\"https:\/\/www.unilim.fr\/medialab\/nos-activites\/accompagnement-media\/\",\"name\":\"Accompagnement m\u00e9dia - M\u00e9dialab UL\",\"isPartOf\":{\"@id\":\"https:\/\/www.unilim.fr\/medialab\/#website\"},\"datePublished\":\"2024-04-08T00:00:00+00:00\",\"dateModified\":\"2024-06-14T08:44:37+00:00\",\"breadcrumb\":{\"@id\":\"https:\/\/www.unilim.fr\/medialab\/nos-activites\/accompagnement-media\/#breadcrumb\"},\"inLanguage\":\"fr-FR\",\"potentialAction\":[{\"@type\":\"ReadAction\",\"target\":[\"https:\/\/www.unilim.fr\/medialab\/nos-activites\/accompagnement-media\/\"]}]},{\"@type\":\"BreadcrumbList\",\"@id\":\"https:\/\/www.unilim.fr\/medialab\/nos-activites\/accompagnement-media\/#breadcrumb\",\"itemListElement\":[{\"@type\":\"ListItem\",\"position\":1,\"name\":\"Accueil\",\"item\":\"https:\/\/www.unilim.fr\/medialab\/\"},{\"@type\":\"ListItem\",\"position\":2,\"name\":\"Nos activit\u00e9s\",\"item\":\"https:\/\/www.unilim.fr\/medialab\/nos-activites\/\"},{\"@type\":\"ListItem\",\"position\":3,\"name\":\"Accompagnement m\u00e9dia\"}]},{\"@type\":\"WebSite\",\"@id\":\"https:\/\/www.unilim.fr\/medialab\/#website\",\"url\":\"https:\/\/www.unilim.fr\/medialab\/\",\"name\":\"M\u00e9dialab UL\",\"description\":\"universit\u00e9 ouverte source de r\u00e9ussites\",\"potentialAction\":[{\"@type\":\"SearchAction\",\"target\":{\"@type\":\"EntryPoint\",\"urlTemplate\":\"https:\/\/www.unilim.fr\/medialab\/?s={search_term_string}\"},\"query-input\":{\"@type\":\"PropertyValueSpecification\",\"valueRequired\":true,\"valueName\":\"search_term_string\"}}],\"inLanguage\":\"fr-FR\"}]}<\/script>\n<!-- \/ Yoast SEO plugin. -->","yoast_head_json":{"title":"Accompagnement m\u00e9dia - M\u00e9dialab UL","robots":{"index":"index","follow":"follow","max-snippet":"max-snippet:-1","max-image-preview":"max-image-preview:large","max-video-preview":"max-video-preview:-1"},"canonical":"https:\/\/www.unilim.fr\/medialab\/nos-activites\/accompagnement-media\/","og_locale":"fr_FR","og_type":"article","og_title":"Accompagnement m\u00e9dia - M\u00e9dialab UL","og_url":"https:\/\/www.unilim.fr\/medialab\/nos-activites\/accompagnement-media\/","og_site_name":"M\u00e9dialab UL","article_modified_time":"2024-06-14T08:44:37+00:00","twitter_card":"summary_large_image","twitter_misc":{"Dur\u00e9e de lecture estim\u00e9e":"3 minutes"},"schema":{"@context":"https:\/\/schema.org","@graph":[{"@type":"WebPage","@id":"https:\/\/www.unilim.fr\/medialab\/nos-activites\/accompagnement-media\/","url":"https:\/\/www.unilim.fr\/medialab\/nos-activites\/accompagnement-media\/","name":"Accompagnement m\u00e9dia - M\u00e9dialab UL","isPartOf":{"@id":"https:\/\/www.unilim.fr\/medialab\/#website"},"datePublished":"2024-04-08T00:00:00+00:00","dateModified":"2024-06-14T08:44:37+00:00","breadcrumb":{"@id":"https:\/\/www.unilim.fr\/medialab\/nos-activites\/accompagnement-media\/#breadcrumb"},"inLanguage":"fr-FR","potentialAction":[{"@type":"ReadAction","target":["https:\/\/www.unilim.fr\/medialab\/nos-activites\/accompagnement-media\/"]}]},{"@type":"BreadcrumbList","@id":"https:\/\/www.unilim.fr\/medialab\/nos-activites\/accompagnement-media\/#breadcrumb","itemListElement":[{"@type":"ListItem","position":1,"name":"Accueil","item":"https:\/\/www.unilim.fr\/medialab\/"},{"@type":"ListItem","position":2,"name":"Nos activit\u00e9s","item":"https:\/\/www.unilim.fr\/medialab\/nos-activites\/"},{"@type":"ListItem","position":3,"name":"Accompagnement m\u00e9dia"}]},{"@type":"WebSite","@id":"https:\/\/www.unilim.fr\/medialab\/#website","url":"https:\/\/www.unilim.fr\/medialab\/","name":"M\u00e9dialab UL","description":"universit\u00e9 ouverte source de r\u00e9ussites","potentialAction":[{"@type":"SearchAction","target":{"@type":"EntryPoint","urlTemplate":"https:\/\/www.unilim.fr\/medialab\/?s={search_term_string}"},"query-input":{"@type":"PropertyValueSpecification","valueRequired":true,"valueName":"search_term_string"}}],"inLanguage":"fr-FR"}]}},"_links":{"self":[{"href":"https:\/\/www.unilim.fr\/medialab\/wp-json\/wp\/v2\/pages\/2781","targetHints":{"allow":["GET"]}}],"collection":[{"href":"https:\/\/www.unilim.fr\/medialab\/wp-json\/wp\/v2\/pages"}],"about":[{"href":"https:\/\/www.unilim.fr\/medialab\/wp-json\/wp\/v2\/types\/page"}],"author":[{"embeddable":true,"href":"https:\/\/www.unilim.fr\/medialab\/wp-json\/wp\/v2\/users\/233"}],"replies":[{"embeddable":true,"href":"https:\/\/www.unilim.fr\/medialab\/wp-json\/wp\/v2\/comments?post=2781"}],"version-history":[{"count":0,"href":"https:\/\/www.unilim.fr\/medialab\/wp-json\/wp\/v2\/pages\/2781\/revisions"}],"up":[{"embeddable":true,"href":"https:\/\/www.unilim.fr\/medialab\/wp-json\/wp\/v2\/pages\/2775"}],"wp:attachment":[{"href":"https:\/\/www.unilim.fr\/medialab\/wp-json\/wp\/v2\/media?parent=2781"}],"curies":[{"name":"wp","href":"https:\/\/api.w.org\/{rel}","templated":true}]}}