{"id":2780,"date":"2025-03-26T23:00:00","date_gmt":"2024-04-08T00:00:00","guid":{"rendered":"http:\/\/www.unilim.fr\/medialab\/tiers-lieu\/innovation-media\/"},"modified":"2025-03-27T11:39:20","modified_gmt":"2025-03-27T10:39:20","slug":"innovation-media","status":"publish","type":"page","link":"https:\/\/www.unilim.fr\/medialab\/nos-activites\/innovation-media\/","title":{"rendered":"Innovation m\u00e9dia"},"content":{"rendered":"        <div class=\"container-fluid  \" style=\"\">\n                      <div class=\"container\">\n                <div class=\"row \" style=\"margin-top: 30px;margin-bottom: 30px\">        <div class=\"col-sm-12 clearfix \">\n                    <div class=\"clearfix ul-element-text \">\n            \n<p>Le M\u00e9dialab explore tous les syst\u00e8mes de narration m\u00e9dia, de l\u2019image 2D \u00e0 la VR en passant par des plateformes transmedia.<\/p>\n        <\/div>\n                <\/div>\n        <\/div>\n            <\/div>\n                  <\/div>\n                <div class=\"container-fluid  \" style=\"\">\n                      <div class=\"container\">\n                <div class=\"row \" style=\"margin-top: 30px;margin-bottom: 30px\">        <div class=\"col-sm-12 clearfix \">\n            \n        \n        <div class=\"ul-element-header text-left  \">\n\n            <h2 class=\"ul-bold  bg-primary\" style=\"padding:10px;\">\n                                Transm\u00e9dia                            <\/h2>\n        <\/div>\n                <div class=\"clearfix ul-element-text \">\n            \n<p>Le transm\u00e9dia &#8211; ou transm\u00e9dia storytelling &#8211; est un terme qui regroupe l\u2019ensemble des techniques et des outils ayant pour but de cr\u00e9er un contenu narratif sur diff\u00e9rentes plateformes selon un objectif pr\u00e9cis. Le transm\u00e9dia est donc une technique de storytelling \u00e0 fins commerciales, ludiques ou p\u00e9dagogiques qui s\u2019inscrit dans la d\u00e9clinaison d\u2019une histoire, d\u2019un sc\u00e9nario ou de plusieurs intrigues au sein de canaux de communication tant virtuels que r\u00e9els. C\u2019est une technique de communication virale tr\u00e8s utilis\u00e9e dans les domaines des m\u00e9dias et du divertissement qui a \u00e9t\u00e9 codifi\u00e9 pour la premi\u00e8re fois en 2002 par le professeur Henry Jenkins, consid\u00e9r\u00e9 comme le fondateur du transm\u00e9dia. <\/p>\n        <\/div>\n                <\/div>\n        <\/div>\n            <\/div>\n                  <\/div>\n                <div class=\"container-fluid  \" style=\"\">\n                      <div class=\"container\">\n                <div class=\"row \" style=\"margin-top: 0px;margin-bottom: 30px\">        <div class=\"col-sm-4 clearfix \">\n                    <\/div>\n                <div class=\"col-sm-4 clearfix \">\n                    <a class=\"ul-element-rollover \" style=\"padding:30px\" href=\"https:\/\/ana.unilim.fr\/\" target=\"_blank\">\n            <div class=\"ul-element-rollover-container   round-image-border \">\n                <div class=\"img-container\">\n                    <img decoding=\"async\" src=\"https:\/\/www.unilim.fr\/medialab\/wp-content\/uploads\/sites\/82\/2024\/04\/Logo-Inchiostro-Semplice-Bianco-Nero-480x500.png\" \/>\n                                        <div class=\"img-title text-center  \">Plateforme ANA<\/div>\n                                    <\/div>\n                <div class=\"text-container\">\n                    <div class=\"text-inner\">\n                        \n<p style=\"text-align: center\">La plateforme A.N.A, &laquo; Accompagnement des nouveaux arrivants &raquo; est une plateforme en ligne immersive d&eacute;di&eacute;e aux futurs &eacute;tudiants, permettant de d&eacute;couvrir de fa&ccedil;on ludique les parcours am&eacute;nag&eacute;s propos&eacute;s &agrave; l&rsquo;Universit&eacute; et les dispositifs de r&eacute;ussite assosi&eacute;s. Con&ccedil;ue dans le cadre du projet Form&rsquo;Ul d&eacute;di&eacute; &agrave; la r&eacute;ussite des &eacute;tudiants, A.N.A a pour objectif d&rsquo;apporter des conseils et des t&eacute;moignages pour bien d&eacute;marrer &agrave; l&rsquo;Universit&eacute;.<\/p>\n                    <\/div>\n                <\/div>\n            <\/div>\n        <\/a>\n\n                <\/div>\n                <div class=\"col-sm-4 clearfix \">\n                    <\/div>\n        <\/div>\n            <\/div>\n                  <\/div>\n                <div class=\"container-fluid  \" style=\"\">\n                      <div class=\"container\">\n                <div class=\"row \" style=\"margin-top: 30px;margin-bottom: 30px\">        <div class=\"col-sm-12 clearfix \">\n            \n        \n        <div class=\"ul-element-header text-left  \">\n\n            <h2 class=\"ul-bold  bg-primary\" style=\"padding:10px;\">\n                                VR                            <\/h2>\n        <\/div>\n                <div class=\"clearfix ul-element-text \">\n            \n<p>La&nbsp;r\u00e9alit\u00e9 virtuelle&nbsp;(ou Virtual Reality en anglais) est une expression qui d\u00e9signe les dispositifs permettant de simuler &nbsp;num\u00e9riquement un environnement par la machine (ordinateur). Selon les technologies employ\u00e9es, elle permet \u00e0 l\u2019utilisateur de ressentir un univers virtuel par le biais de ses diff\u00e9rent sens&nbsp;: la vue le plus souvent mais aussi le toucher, l\u2019ou\u00efe, l\u2019odorat.<\/p>\n<p>La&nbsp;r\u00e9alit\u00e9 virtuelle&nbsp;permet donc \u00e0 une personne de vivre une exp\u00e9rience d\u2019immersion et de mener une activit\u00e9 senso-motrice dans un monde artificiel. Pour garantir une immersion totale, l\u2019utilisateur se sert d\u2019un casque de r\u00e9alit\u00e9 virtuelle. Celui-ci utilise le principe d\u2019affichage en 3D st\u00e9r\u00e9oscopique pour placer le visualisateur dans un monde virtuel g\u00e9n\u00e9r\u00e9 par une machine. <\/p>\n        <\/div>\n                <\/div>\n        <\/div>\n            <\/div>\n                  <\/div>\n                <div class=\"container-fluid  \" style=\"\">\n                      <div class=\"container\">\n                <div class=\"row \" style=\"margin-top: 0px;margin-bottom: 30px\">        <div class=\"col-sm-4 clearfix \">\n                    <\/div>\n                <div class=\"col-sm-4 clearfix \">\n                    <a class=\"ul-element-rollover \" style=\"padding:0px\" href=\"https:\/\/youtu.be\/RiL2SMZ-xd8\" target=\"_blank\">\n            <div class=\"ul-element-rollover-container border-black  round-image-border \">\n                <div class=\"img-container\">\n                    <img decoding=\"async\" src=\"https:\/\/www.unilim.fr\/medialab\/wp-content\/uploads\/sites\/82\/2024\/06\/vr-1-600x600.png\" \/>\n                                    <\/div>\n                <div class=\"text-container\">\n                    <div class=\"text-inner\">\n                        \n<p>Vid&eacute;e en r&eacute;alit&eacute; Virtuelle&nbsp;<\/p>\n                    <\/div>\n                <\/div>\n            <\/div>\n        <\/a>\n\n                <\/div>\n                <div class=\"col-sm-4 clearfix \">\n                    <\/div>\n        <\/div>\n            <\/div>\n                  <\/div>\n        \n","protected":false},"excerpt":{"rendered":"","protected":false},"author":233,"featured_media":0,"parent":2775,"menu_order":0,"comment_status":"closed","ping_status":"closed","template":"page-le.php","meta":{"footnotes":""},"class_list":["post-2780","page","type-page","status-publish","hentry"],"yoast_head":"<!-- This site is optimized with the Yoast SEO plugin v26.5 - https:\/\/yoast.com\/wordpress\/plugins\/seo\/ -->\n<title>Innovation m\u00e9dia - M\u00e9dialab UL<\/title>\n<meta name=\"robots\" content=\"index, follow, max-snippet:-1, max-image-preview:large, max-video-preview:-1\" \/>\n<link rel=\"canonical\" href=\"https:\/\/www.unilim.fr\/medialab\/nos-activites\/innovation-media\/\" \/>\n<meta property=\"og:locale\" content=\"fr_FR\" \/>\n<meta property=\"og:type\" content=\"article\" \/>\n<meta property=\"og:title\" content=\"Innovation m\u00e9dia - M\u00e9dialab UL\" \/>\n<meta property=\"og:url\" content=\"https:\/\/www.unilim.fr\/medialab\/nos-activites\/innovation-media\/\" \/>\n<meta property=\"og:site_name\" content=\"M\u00e9dialab UL\" \/>\n<meta property=\"article:modified_time\" content=\"2025-03-27T10:39:20+00:00\" \/>\n<meta name=\"twitter:card\" content=\"summary_large_image\" \/>\n<meta name=\"twitter:label1\" content=\"Dur\u00e9e de lecture estim\u00e9e\" \/>\n\t<meta name=\"twitter:data1\" content=\"4 minutes\" \/>\n<script type=\"application\/ld+json\" class=\"yoast-schema-graph\">{\"@context\":\"https:\/\/schema.org\",\"@graph\":[{\"@type\":\"WebPage\",\"@id\":\"https:\/\/www.unilim.fr\/medialab\/nos-activites\/innovation-media\/\",\"url\":\"https:\/\/www.unilim.fr\/medialab\/nos-activites\/innovation-media\/\",\"name\":\"Innovation m\u00e9dia - M\u00e9dialab UL\",\"isPartOf\":{\"@id\":\"https:\/\/www.unilim.fr\/medialab\/#website\"},\"datePublished\":\"2024-04-08T00:00:00+00:00\",\"dateModified\":\"2025-03-27T10:39:20+00:00\",\"breadcrumb\":{\"@id\":\"https:\/\/www.unilim.fr\/medialab\/nos-activites\/innovation-media\/#breadcrumb\"},\"inLanguage\":\"fr-FR\",\"potentialAction\":[{\"@type\":\"ReadAction\",\"target\":[\"https:\/\/www.unilim.fr\/medialab\/nos-activites\/innovation-media\/\"]}]},{\"@type\":\"BreadcrumbList\",\"@id\":\"https:\/\/www.unilim.fr\/medialab\/nos-activites\/innovation-media\/#breadcrumb\",\"itemListElement\":[{\"@type\":\"ListItem\",\"position\":1,\"name\":\"Accueil\",\"item\":\"https:\/\/www.unilim.fr\/medialab\/\"},{\"@type\":\"ListItem\",\"position\":2,\"name\":\"Nos activit\u00e9s\",\"item\":\"https:\/\/www.unilim.fr\/medialab\/nos-activites\/\"},{\"@type\":\"ListItem\",\"position\":3,\"name\":\"Innovation m\u00e9dia\"}]},{\"@type\":\"WebSite\",\"@id\":\"https:\/\/www.unilim.fr\/medialab\/#website\",\"url\":\"https:\/\/www.unilim.fr\/medialab\/\",\"name\":\"M\u00e9dialab UL\",\"description\":\"universit\u00e9 ouverte source de r\u00e9ussites\",\"potentialAction\":[{\"@type\":\"SearchAction\",\"target\":{\"@type\":\"EntryPoint\",\"urlTemplate\":\"https:\/\/www.unilim.fr\/medialab\/?s={search_term_string}\"},\"query-input\":{\"@type\":\"PropertyValueSpecification\",\"valueRequired\":true,\"valueName\":\"search_term_string\"}}],\"inLanguage\":\"fr-FR\"}]}<\/script>\n<!-- \/ Yoast SEO plugin. -->","yoast_head_json":{"title":"Innovation m\u00e9dia - M\u00e9dialab UL","robots":{"index":"index","follow":"follow","max-snippet":"max-snippet:-1","max-image-preview":"max-image-preview:large","max-video-preview":"max-video-preview:-1"},"canonical":"https:\/\/www.unilim.fr\/medialab\/nos-activites\/innovation-media\/","og_locale":"fr_FR","og_type":"article","og_title":"Innovation m\u00e9dia - M\u00e9dialab UL","og_url":"https:\/\/www.unilim.fr\/medialab\/nos-activites\/innovation-media\/","og_site_name":"M\u00e9dialab UL","article_modified_time":"2025-03-27T10:39:20+00:00","twitter_card":"summary_large_image","twitter_misc":{"Dur\u00e9e de lecture estim\u00e9e":"4 minutes"},"schema":{"@context":"https:\/\/schema.org","@graph":[{"@type":"WebPage","@id":"https:\/\/www.unilim.fr\/medialab\/nos-activites\/innovation-media\/","url":"https:\/\/www.unilim.fr\/medialab\/nos-activites\/innovation-media\/","name":"Innovation m\u00e9dia - M\u00e9dialab UL","isPartOf":{"@id":"https:\/\/www.unilim.fr\/medialab\/#website"},"datePublished":"2024-04-08T00:00:00+00:00","dateModified":"2025-03-27T10:39:20+00:00","breadcrumb":{"@id":"https:\/\/www.unilim.fr\/medialab\/nos-activites\/innovation-media\/#breadcrumb"},"inLanguage":"fr-FR","potentialAction":[{"@type":"ReadAction","target":["https:\/\/www.unilim.fr\/medialab\/nos-activites\/innovation-media\/"]}]},{"@type":"BreadcrumbList","@id":"https:\/\/www.unilim.fr\/medialab\/nos-activites\/innovation-media\/#breadcrumb","itemListElement":[{"@type":"ListItem","position":1,"name":"Accueil","item":"https:\/\/www.unilim.fr\/medialab\/"},{"@type":"ListItem","position":2,"name":"Nos activit\u00e9s","item":"https:\/\/www.unilim.fr\/medialab\/nos-activites\/"},{"@type":"ListItem","position":3,"name":"Innovation m\u00e9dia"}]},{"@type":"WebSite","@id":"https:\/\/www.unilim.fr\/medialab\/#website","url":"https:\/\/www.unilim.fr\/medialab\/","name":"M\u00e9dialab UL","description":"universit\u00e9 ouverte source de r\u00e9ussites","potentialAction":[{"@type":"SearchAction","target":{"@type":"EntryPoint","urlTemplate":"https:\/\/www.unilim.fr\/medialab\/?s={search_term_string}"},"query-input":{"@type":"PropertyValueSpecification","valueRequired":true,"valueName":"search_term_string"}}],"inLanguage":"fr-FR"}]}},"_links":{"self":[{"href":"https:\/\/www.unilim.fr\/medialab\/wp-json\/wp\/v2\/pages\/2780","targetHints":{"allow":["GET"]}}],"collection":[{"href":"https:\/\/www.unilim.fr\/medialab\/wp-json\/wp\/v2\/pages"}],"about":[{"href":"https:\/\/www.unilim.fr\/medialab\/wp-json\/wp\/v2\/types\/page"}],"author":[{"embeddable":true,"href":"https:\/\/www.unilim.fr\/medialab\/wp-json\/wp\/v2\/users\/233"}],"replies":[{"embeddable":true,"href":"https:\/\/www.unilim.fr\/medialab\/wp-json\/wp\/v2\/comments?post=2780"}],"version-history":[{"count":3,"href":"https:\/\/www.unilim.fr\/medialab\/wp-json\/wp\/v2\/pages\/2780\/revisions"}],"predecessor-version":[{"id":7760,"href":"https:\/\/www.unilim.fr\/medialab\/wp-json\/wp\/v2\/pages\/2780\/revisions\/7760"}],"up":[{"embeddable":true,"href":"https:\/\/www.unilim.fr\/medialab\/wp-json\/wp\/v2\/pages\/2775"}],"wp:attachment":[{"href":"https:\/\/www.unilim.fr\/medialab\/wp-json\/wp\/v2\/media?parent=2780"}],"curies":[{"name":"wp","href":"https:\/\/api.w.org\/{rel}","templated":true}]}}