{"id":2777,"date":"2024-06-13T22:00:00","date_gmt":"2024-04-08T00:00:00","guid":{"rendered":"http:\/\/www.unilim.fr\/medialab\/tiers-lieu\/ateliers-et-formations\/"},"modified":"2025-02-26T13:30:39","modified_gmt":"2025-02-26T12:30:39","slug":"ateliers-et-formations","status":"publish","type":"page","link":"https:\/\/www.unilim.fr\/medialab\/nos-activites\/ateliers-et-formations\/","title":{"rendered":"Ateliers et formations"},"content":{"rendered":"        <div class=\"container-fluid  \" style=\"\">\n                      <div class=\"container\">\n                <div class=\"row \" style=\"margin-top: 30px;margin-bottom: 30px\">        <div class=\"col-sm-12 clearfix \">\n                    <div class=\"clearfix ul-element-text \">\n            \n<p><strong>Formations<\/strong><\/p>\n<p>Le M\u00e9dialab propose des formations ou des co-formations. A travers ces formations, nous pouvons vous apprendre \u00e0 utiliser une cam\u00e9ra, un logiciel, etc.&nbsp;Selon vos envies nous pouvons&nbsp;intervenir de mani\u00e8re collective ou individuelle. Le M\u00e9dialab participe \u00e9galement \u00e0 la formation des enseignants n\u00e9o-entrant.&nbsp;<\/p>\n<p><strong>Ateliers&nbsp;<\/strong><\/p>\n<ul>\n<li>Afin d\u2019aborder le th\u00e8me de la m\u00e9diatisation des contenus aux service des apprentissages, le M\u00e9dialab a mis en place un atelier Workshop m\u00e9dia lors du V.R.A.C (Valorisation, R\u00e9ussite, Apprentissages, Collaboratif), qui est un \u00e9v\u00e9nement des initiatives p\u00e9dagogiques renouvelables dont la deuxi\u00e8me \u00e9dition s&rsquo;est d\u00e9roul\u00e9e du 20 au 22 mars 2024. Durant cet atelier Workshop les participants ont pu prendre part \u00e0 une exp\u00e9rience de cr\u00e9ation d\u2019une capsule vid\u00e9o p\u00e9dagogique en immersion dans un m\u00e9dialab.<\/li>\n<li>Des ateliers d&rsquo;\u00e9criture sont anim\u00e9s par l&rsquo;\u00e9quipe du M\u00e9dialab afin de co-\u00e9crire les sc\u00e9narios. Pour r\u00e9pondre au mieux aux besoins, voir vid\u00e9o ci-dessous.&nbsp;<\/li>\n<\/ul>\n<p>&nbsp;<\/p>\n        <\/div>\n                <\/div>\n        <\/div>\n            <\/div>\n                  <\/div>\n                <div class=\"container-fluid  \" style=\"\">\n                      <div class=\"container\">\n                <div class=\"row \" style=\"margin-top: 0px;margin-bottom: 30px\">        <div class=\"col-sm-4 clearfix \">\n                    <div class=\"clearfix ul-element-text \">\n            \n<p><a href=\"https:\/\/www.unilim.fr\/medialab\/wp-content\/uploads\/sites\/82\/2024\/05\/IMG_4441.jpg\" class=\"\"><img loading=\"lazy\" decoding=\"async\" alt=\"\" src=\"https:\/\/www.unilim.fr\/medialab\/wp-content\/uploads\/sites\/82\/2024\/05\/IMG_4441-354x200.jpg\" class=\"aligncenter wp-image-2933\" width=\"354\" height=\"200\" srcset=\"https:\/\/www.unilim.fr\/medialab\/wp-content\/uploads\/sites\/82\/2024\/05\/IMG_4441-354x200.jpg 354w, https:\/\/www.unilim.fr\/medialab\/wp-content\/uploads\/sites\/82\/2024\/05\/IMG_4441-640x360.jpg 640w\" sizes=\"auto, (max-width: 354px) 100vw, 354px\" \/><\/a><\/p>\n        <\/div>\n                <\/div>\n                <div class=\"col-sm-4 clearfix \">\n            <div class=\"ul-element-videojs \">\t\t\r\n\t\t<!-- Begin Video.js Responsive Wrapper -->\r\n\t\t<div style='max-width:1600px'>\r\n\t\t\t<div class='video-wrapper' style='padding-bottom:56.25%;'>\r\n\t\t\t\t\r\n\t<!-- Begin Video.js -->\r\n\t<video id=\"example_video_id_681450556\" class=\"video-js vjs-default-skin embed-responsive embed-responsive-16by9\" width=\"1600\" height=\"900\" controls preload=\"none\" data-setup='{\"forceSSL\":\"true\",\"techOrder\":[\"youtube\"],\"src\":\"https:\/\/www.youtube.com\/watch?v=wc0MI0WGov8\"}'>\r\n\t\t\r\n\t\t\r\n\t\t\r\n\t<\/video>\r\n\t<!-- End Video.js -->\r\n\r\n\t\t\t<\/div>\r\n\t\t<\/div>\r\n\t\t<!-- End Video.js Responsive Wrapper -->\r\n\t\t<\/div>        <\/div>\n                <div class=\"col-sm-4 clearfix \">\n                    <div class=\"clearfix ul-element-text \">\n            \n<p><a href=\"https:\/\/www.unilim.fr\/medialab\/wp-content\/uploads\/sites\/82\/2024\/05\/IMG_4440.jpg\" class=\"\"><img loading=\"lazy\" decoding=\"async\" alt=\"\" src=\"https:\/\/www.unilim.fr\/medialab\/wp-content\/uploads\/sites\/82\/2024\/05\/IMG_4440-354x200.jpg\" class=\"aligncenter wp-image-2934\" width=\"354\" height=\"200\" srcset=\"https:\/\/www.unilim.fr\/medialab\/wp-content\/uploads\/sites\/82\/2024\/05\/IMG_4440-354x200.jpg 354w, https:\/\/www.unilim.fr\/medialab\/wp-content\/uploads\/sites\/82\/2024\/05\/IMG_4440-640x360.jpg 640w\" sizes=\"auto, (max-width: 354px) 100vw, 354px\" \/><\/a><\/p>\n        <\/div>\n                <\/div>\n        <\/div>\n            <\/div>\n                  <\/div>\n        \n","protected":false},"excerpt":{"rendered":"","protected":false},"author":233,"featured_media":0,"parent":2775,"menu_order":0,"comment_status":"closed","ping_status":"closed","template":"page-le.php","meta":{"footnotes":""},"class_list":["post-2777","page","type-page","status-publish","hentry"],"yoast_head":"<!-- This site is optimized with the Yoast SEO plugin v26.5 - https:\/\/yoast.com\/wordpress\/plugins\/seo\/ -->\n<title>Ateliers et formations - M\u00e9dialab UL<\/title>\n<meta name=\"robots\" content=\"index, follow, max-snippet:-1, max-image-preview:large, max-video-preview:-1\" \/>\n<link rel=\"canonical\" href=\"https:\/\/www.unilim.fr\/medialab\/nos-activites\/ateliers-et-formations\/\" \/>\n<meta property=\"og:locale\" content=\"fr_FR\" \/>\n<meta property=\"og:type\" content=\"article\" \/>\n<meta property=\"og:title\" content=\"Ateliers et formations - M\u00e9dialab UL\" \/>\n<meta property=\"og:url\" content=\"https:\/\/www.unilim.fr\/medialab\/nos-activites\/ateliers-et-formations\/\" \/>\n<meta property=\"og:site_name\" content=\"M\u00e9dialab UL\" \/>\n<meta property=\"article:modified_time\" content=\"2025-02-26T12:30:39+00:00\" \/>\n<meta property=\"og:image\" content=\"https:\/\/www.unilim.fr\/medialab\/wp-content\/uploads\/sites\/82\/2024\/05\/IMG_4441-1024x768.jpg\" \/>\n\t<meta property=\"og:image:width\" content=\"1024\" \/>\n\t<meta property=\"og:image:height\" content=\"768\" \/>\n\t<meta property=\"og:image:type\" content=\"image\/jpeg\" \/>\n<meta name=\"twitter:card\" content=\"summary_large_image\" \/>\n<meta name=\"twitter:label1\" content=\"Dur\u00e9e de lecture estim\u00e9e\" \/>\n\t<meta name=\"twitter:data1\" content=\"1 minute\" \/>\n<script type=\"application\/ld+json\" class=\"yoast-schema-graph\">{\"@context\":\"https:\/\/schema.org\",\"@graph\":[{\"@type\":\"WebPage\",\"@id\":\"https:\/\/www.unilim.fr\/medialab\/nos-activites\/ateliers-et-formations\/\",\"url\":\"https:\/\/www.unilim.fr\/medialab\/nos-activites\/ateliers-et-formations\/\",\"name\":\"Ateliers et formations - M\u00e9dialab UL\",\"isPartOf\":{\"@id\":\"https:\/\/www.unilim.fr\/medialab\/#website\"},\"primaryImageOfPage\":{\"@id\":\"https:\/\/www.unilim.fr\/medialab\/nos-activites\/ateliers-et-formations\/#primaryimage\"},\"image\":{\"@id\":\"https:\/\/www.unilim.fr\/medialab\/nos-activites\/ateliers-et-formations\/#primaryimage\"},\"thumbnailUrl\":\"https:\/\/www.unilim.fr\/medialab\/wp-content\/uploads\/sites\/82\/2024\/05\/IMG_4441-354x200.jpg\",\"datePublished\":\"2024-04-08T00:00:00+00:00\",\"dateModified\":\"2025-02-26T12:30:39+00:00\",\"breadcrumb\":{\"@id\":\"https:\/\/www.unilim.fr\/medialab\/nos-activites\/ateliers-et-formations\/#breadcrumb\"},\"inLanguage\":\"fr-FR\",\"potentialAction\":[{\"@type\":\"ReadAction\",\"target\":[\"https:\/\/www.unilim.fr\/medialab\/nos-activites\/ateliers-et-formations\/\"]}]},{\"@type\":\"ImageObject\",\"inLanguage\":\"fr-FR\",\"@id\":\"https:\/\/www.unilim.fr\/medialab\/nos-activites\/ateliers-et-formations\/#primaryimage\",\"url\":\"https:\/\/www.unilim.fr\/medialab\/wp-content\/uploads\/sites\/82\/2024\/05\/IMG_4441-354x200.jpg\",\"contentUrl\":\"https:\/\/www.unilim.fr\/medialab\/wp-content\/uploads\/sites\/82\/2024\/05\/IMG_4441-354x200.jpg\"},{\"@type\":\"BreadcrumbList\",\"@id\":\"https:\/\/www.unilim.fr\/medialab\/nos-activites\/ateliers-et-formations\/#breadcrumb\",\"itemListElement\":[{\"@type\":\"ListItem\",\"position\":1,\"name\":\"Accueil\",\"item\":\"https:\/\/www.unilim.fr\/medialab\/\"},{\"@type\":\"ListItem\",\"position\":2,\"name\":\"Nos activit\u00e9s\",\"item\":\"https:\/\/www.unilim.fr\/medialab\/nos-activites\/\"},{\"@type\":\"ListItem\",\"position\":3,\"name\":\"Ateliers et formations\"}]},{\"@type\":\"WebSite\",\"@id\":\"https:\/\/www.unilim.fr\/medialab\/#website\",\"url\":\"https:\/\/www.unilim.fr\/medialab\/\",\"name\":\"M\u00e9dialab UL\",\"description\":\"universit\u00e9 ouverte source de r\u00e9ussites\",\"potentialAction\":[{\"@type\":\"SearchAction\",\"target\":{\"@type\":\"EntryPoint\",\"urlTemplate\":\"https:\/\/www.unilim.fr\/medialab\/?s={search_term_string}\"},\"query-input\":{\"@type\":\"PropertyValueSpecification\",\"valueRequired\":true,\"valueName\":\"search_term_string\"}}],\"inLanguage\":\"fr-FR\"}]}<\/script>\n<!-- \/ Yoast SEO plugin. -->","yoast_head_json":{"title":"Ateliers et formations - M\u00e9dialab UL","robots":{"index":"index","follow":"follow","max-snippet":"max-snippet:-1","max-image-preview":"max-image-preview:large","max-video-preview":"max-video-preview:-1"},"canonical":"https:\/\/www.unilim.fr\/medialab\/nos-activites\/ateliers-et-formations\/","og_locale":"fr_FR","og_type":"article","og_title":"Ateliers et formations - M\u00e9dialab UL","og_url":"https:\/\/www.unilim.fr\/medialab\/nos-activites\/ateliers-et-formations\/","og_site_name":"M\u00e9dialab UL","article_modified_time":"2025-02-26T12:30:39+00:00","og_image":[{"width":1024,"height":768,"url":"https:\/\/www.unilim.fr\/medialab\/wp-content\/uploads\/sites\/82\/2024\/05\/IMG_4441-1024x768.jpg","type":"image\/jpeg"}],"twitter_card":"summary_large_image","twitter_misc":{"Dur\u00e9e de lecture estim\u00e9e":"1 minute"},"schema":{"@context":"https:\/\/schema.org","@graph":[{"@type":"WebPage","@id":"https:\/\/www.unilim.fr\/medialab\/nos-activites\/ateliers-et-formations\/","url":"https:\/\/www.unilim.fr\/medialab\/nos-activites\/ateliers-et-formations\/","name":"Ateliers et formations - M\u00e9dialab UL","isPartOf":{"@id":"https:\/\/www.unilim.fr\/medialab\/#website"},"primaryImageOfPage":{"@id":"https:\/\/www.unilim.fr\/medialab\/nos-activites\/ateliers-et-formations\/#primaryimage"},"image":{"@id":"https:\/\/www.unilim.fr\/medialab\/nos-activites\/ateliers-et-formations\/#primaryimage"},"thumbnailUrl":"https:\/\/www.unilim.fr\/medialab\/wp-content\/uploads\/sites\/82\/2024\/05\/IMG_4441-354x200.jpg","datePublished":"2024-04-08T00:00:00+00:00","dateModified":"2025-02-26T12:30:39+00:00","breadcrumb":{"@id":"https:\/\/www.unilim.fr\/medialab\/nos-activites\/ateliers-et-formations\/#breadcrumb"},"inLanguage":"fr-FR","potentialAction":[{"@type":"ReadAction","target":["https:\/\/www.unilim.fr\/medialab\/nos-activites\/ateliers-et-formations\/"]}]},{"@type":"ImageObject","inLanguage":"fr-FR","@id":"https:\/\/www.unilim.fr\/medialab\/nos-activites\/ateliers-et-formations\/#primaryimage","url":"https:\/\/www.unilim.fr\/medialab\/wp-content\/uploads\/sites\/82\/2024\/05\/IMG_4441-354x200.jpg","contentUrl":"https:\/\/www.unilim.fr\/medialab\/wp-content\/uploads\/sites\/82\/2024\/05\/IMG_4441-354x200.jpg"},{"@type":"BreadcrumbList","@id":"https:\/\/www.unilim.fr\/medialab\/nos-activites\/ateliers-et-formations\/#breadcrumb","itemListElement":[{"@type":"ListItem","position":1,"name":"Accueil","item":"https:\/\/www.unilim.fr\/medialab\/"},{"@type":"ListItem","position":2,"name":"Nos activit\u00e9s","item":"https:\/\/www.unilim.fr\/medialab\/nos-activites\/"},{"@type":"ListItem","position":3,"name":"Ateliers et formations"}]},{"@type":"WebSite","@id":"https:\/\/www.unilim.fr\/medialab\/#website","url":"https:\/\/www.unilim.fr\/medialab\/","name":"M\u00e9dialab UL","description":"universit\u00e9 ouverte source de r\u00e9ussites","potentialAction":[{"@type":"SearchAction","target":{"@type":"EntryPoint","urlTemplate":"https:\/\/www.unilim.fr\/medialab\/?s={search_term_string}"},"query-input":{"@type":"PropertyValueSpecification","valueRequired":true,"valueName":"search_term_string"}}],"inLanguage":"fr-FR"}]}},"_links":{"self":[{"href":"https:\/\/www.unilim.fr\/medialab\/wp-json\/wp\/v2\/pages\/2777","targetHints":{"allow":["GET"]}}],"collection":[{"href":"https:\/\/www.unilim.fr\/medialab\/wp-json\/wp\/v2\/pages"}],"about":[{"href":"https:\/\/www.unilim.fr\/medialab\/wp-json\/wp\/v2\/types\/page"}],"author":[{"embeddable":true,"href":"https:\/\/www.unilim.fr\/medialab\/wp-json\/wp\/v2\/users\/233"}],"replies":[{"embeddable":true,"href":"https:\/\/www.unilim.fr\/medialab\/wp-json\/wp\/v2\/comments?post=2777"}],"version-history":[{"count":0,"href":"https:\/\/www.unilim.fr\/medialab\/wp-json\/wp\/v2\/pages\/2777\/revisions"}],"up":[{"embeddable":true,"href":"https:\/\/www.unilim.fr\/medialab\/wp-json\/wp\/v2\/pages\/2775"}],"wp:attachment":[{"href":"https:\/\/www.unilim.fr\/medialab\/wp-json\/wp\/v2\/media?parent=2777"}],"curies":[{"name":"wp","href":"https:\/\/api.w.org\/{rel}","templated":true}]}}