{"id":2669,"date":"2024-03-14T16:33:04","date_gmt":"2024-03-14T15:33:04","guid":{"rendered":"http:\/\/www.unilim.fr\/canalsup\/?page_id=2669"},"modified":"2024-03-14T16:33:04","modified_gmt":"2024-03-14T15:33:04","slug":"ma-1ere-page","status":"publish","type":"page","link":"https:\/\/www.unilim.fr\/medialab\/ma-1ere-page\/","title":{"rendered":"Ma 1ere page"},"content":{"rendered":"        <div class=\"container-fluid  \" style=\"\">\n                      <div class=\"container\">\n                <div class=\"row \" style=\"margin-top: 30px;margin-bottom: 30px\">        <div class=\"col-sm-12 clearfix \">\n                    <div class=\"clearfix ul-element-text \">\n            \n\t\t\t<div \n\t\t\tclass=\"yotu-playlist yotuwp yotu-limit-min   yotu-thumb-43  yotu-template-mix\" \n\t\t\tdata-page=\"1\"\n\t\t\tid=\"yotuwp-69ea7586877e9\"\n\t\t\tdata-yotu=\"69ea758719b0c\"\n\t\t\tdata-total=\"154\"\n\t\t\tdata-settings=\"eyJ0eXBlIjoicGxheWxpc3QiLCJpZCI6IlVVNFZmZmlYbVpESW53RjFrdElzd3FzdyIsInBhZ2luYXRpb24iOiJvZmYiLCJwYWdpdHlwZSI6InBhZ2VyIiwiY29sdW1uIjoiNCIsInBlcl9wYWdlIjoiOCIsInRlbXBsYXRlIjoibWl4IiwidGl0bGUiOiJvZmYiLCJkZXNjcmlwdGlvbiI6Im9mZiIsInRodW1icmF0aW8iOiI0MyIsIm1ldGEiOiJvZmYiLCJtZXRhX2RhdGEiOiJvZmYiLCJtZXRhX3Bvc2l0aW9uIjoib2ZmIiwiZGF0ZV9mb3JtYXQiOiJvZmYiLCJtZXRhX2FsaWduIjoib2ZmIiwic3Vic2NyaWJlIjoib2ZmIiwiZHVyYXRpb24iOiJvZmYiLCJtZXRhX2ljb24iOiJvZmYiLCJuZXh0dGV4dCI6IiIsInByZXZ0ZXh0IjoiIiwibG9hZG1vcmV0ZXh0IjoiIiwicGxheWVyIjp7Im1vZGUiOiJsYXJnZSIsIndpZHRoIjoiMzAwIiwic2Nyb2xsaW5nIjoiMTAwIiwiYXV0b3BsYXkiOjAsImNvbnRyb2xzIjoxLCJtb2Rlc3RicmFuZGluZyI6MSwibG9vcCI6MCwiYXV0b25leHQiOjAsInNob3dpbmZvIjoxLCJyZWwiOjAsInBsYXlpbmciOjAsInBsYXlpbmdfZGVzY3JpcHRpb24iOjAsInRodW1ibmFpbHMiOjAsImNjX2xvYWRfcG9saWN5IjoiMCIsImNjX2xhbmdfcHJlZiI6MCwiaGwiOjAsIml2X2xvYWRfcG9saWN5IjoiMyJ9LCJsYXN0X3RhYiI6InNldHRpbmdzIiwidXNlX2FzX21vZGFsIjoib2ZmIiwibW9kYWxfaWQiOiJvZmYiLCJsYXN0X3VwZGF0ZSI6IjE3NzQzNTgxMzciLCJzdHlsaW5nIjp7InBhZ2VyX2xheW91dCI6ImRlZmF1bHQiLCJidXR0b24iOiIxIiwiYnV0dG9uX2NvbG9yIjoiI2RiMzJhZSIsImJ1dHRvbl9iZ19jb2xvciI6IiIsImJ1dHRvbl9jb2xvcl9ob3ZlciI6IiIsImJ1dHRvbl9iZ19jb2xvcl9ob3ZlciI6IiIsInZpZGVvX3N0eWxlIjoiIiwicGxheWljb25fY29sb3IiOiIiLCJob3Zlcl9pY29uIjoiIiwiZ2FsbGVyeV9iZyI6IiJ9LCJlZmZlY3RzIjp7InZpZGVvX2JveCI6IiIsImZsaXBfZWZmZWN0IjoiIn0sImdhbGxlcnlfaWQiOiI2OWVhNzU4Njg3N2U5IiwibmV4dCI6IkVBQWFIbEJVT2tOQloybEZSVkUwVVd0R1FsRlZWVFJPTUZrMVVrUkZORTVFVlEiLCJwcmV2IjoiIn0=\"\n\t\t\tdata-player=\"large\"\n\t\t\tdata-showdesc=\"off\" >\n\t\t\t\t<div>\n\t\t\t\t\t\t\t\t\t\t<div class=\"yotu-wrapper-player\" style=\"width:300px\">\n\t\t\t\t\t\t\t\t\t\t\t\t<div class=\"yotu-player\">\n\t\t\t\t\t\t\t<div class=\"yotu-video-placeholder\" id=\"yotu-player-69ea758719b0c\"><\/div>\n\t\t\t\t\t\t<\/div>\n\t\t\t\t\t\t<div class=\"yotu-playing-status\"><\/div>\n\t\t\t\t\t\t\t\t\t\t\t<\/div>\n\n\t\t\t\t\t<div class=\"yotu-videos yotu-mode-mix yotu-mode-grid yotu-column-4 yotu-player-mode-large\">\n\t<ul>\n\t\t\t\t\t<li class=\" yotu-first\">\n\t\t\t\t\t\t\t\t<a href=\"#oI515_pkbIQ\" class=\"yotu-video\" data-videoid=\"oI515_pkbIQ\" data-title=\"Ma th\u00e8se en 180 secondes\">\n\t\t\t\t\t<div class=\"yotu-video-thumb-wrp\">\n\t\t\t\t\t\t<div>\n\t\t\t\t\t\t\t\t\t\t\t\t\t\t<img decoding=\"async\" class=\"yotu-video-thumb\" src=\"https:\/\/i.ytimg.com\/vi\/oI515_pkbIQ\/sddefault_live.jpg\" alt=\"Ma th\u00e8se en 180 secondes\" \/>\n\t\t\t\t\t\t\t\t\t\t\t\t\t<\/div>\n\t\t\t\t\t<\/div>\n\t\t\t\t\t\t\t\t\t\t\t\t\t\t\t\t\t\t\t<\/a>\n\t\t\t\t\t\t\t<\/li>\n\t\t\t\t\n\t\t\t\t\t\t<li class=\"\">\n\t\t\t\t\t\t\t\t<a href=\"#DdztdYqtnbk\" class=\"yotu-video\" data-videoid=\"DdztdYqtnbk\" data-title=\"Episode 1 Le personnage de Benjamin interview Julien Pestel V2\">\n\t\t\t\t\t<div class=\"yotu-video-thumb-wrp\">\n\t\t\t\t\t\t<div>\n\t\t\t\t\t\t\t\t\t\t\t\t\t\t<img decoding=\"async\" class=\"yotu-video-thumb\" src=\"https:\/\/i.ytimg.com\/vi\/DdztdYqtnbk\/sddefault.jpg\" alt=\"Episode 1 Le personnage de Benjamin interview Julien Pestel V2\" \/>\n\t\t\t\t\t\t\t\t\t\t\t\t\t<\/div>\n\t\t\t\t\t<\/div>\n\t\t\t\t\t\t\t\t\t\t\t\t\t\t\t\t\t\t\t<\/a>\n\t\t\t\t\t\t\t<\/li>\n\t\t\t\t\n\t\t\t\t\t\t<li class=\"\">\n\t\t\t\t\t\t\t\t<a href=\"#f3AjBKRw608\" class=\"yotu-video\" data-videoid=\"f3AjBKRw608\" data-title=\"Episode 3 : Julien Pestel, sp\u00e9ciale d\u00e9dicace au Pole Formation\">\n\t\t\t\t\t<div class=\"yotu-video-thumb-wrp\">\n\t\t\t\t\t\t<div>\n\t\t\t\t\t\t\t\t\t\t\t\t\t\t<img decoding=\"async\" class=\"yotu-video-thumb\" src=\"https:\/\/i.ytimg.com\/vi\/f3AjBKRw608\/sddefault.jpg\" alt=\"Episode 3 : Julien Pestel, sp\u00e9ciale d\u00e9dicace au Pole Formation\" \/>\n\t\t\t\t\t\t\t\t\t\t\t\t\t<\/div>\n\t\t\t\t\t<\/div>\n\t\t\t\t\t\t\t\t\t\t\t\t\t\t\t\t\t\t\t<\/a>\n\t\t\t\t\t\t\t<\/li>\n\t\t\t\t\n\t\t\t\t\t\t<li class=\"\">\n\t\t\t\t\t\t\t\t<a href=\"#x4kVxe94gFs\" class=\"yotu-video\" data-videoid=\"x4kVxe94gFs\" data-title=\"Episode 2 : Julien Pestel , Son parcours e\u0301tudiant\">\n\t\t\t\t\t<div class=\"yotu-video-thumb-wrp\">\n\t\t\t\t\t\t<div>\n\t\t\t\t\t\t\t\t\t\t\t\t\t\t<img decoding=\"async\" class=\"yotu-video-thumb\" src=\"https:\/\/i.ytimg.com\/vi\/x4kVxe94gFs\/sddefault.jpg\" alt=\"Episode 2 : Julien Pestel , Son parcours e\u0301tudiant\" \/>\n\t\t\t\t\t\t\t\t\t\t\t\t\t<\/div>\n\t\t\t\t\t<\/div>\n\t\t\t\t\t\t\t\t\t\t\t\t\t\t\t\t\t\t\t<\/a>\n\t\t\t\t\t\t\t<\/li>\n\t\t\t\t\n\t\t\t\t\t\t<li class=\"\">\n\t\t\t\t\t\t\t\t<a href=\"#nHPAabSHiGs\" class=\"yotu-video\" data-videoid=\"nHPAabSHiGs\" data-title=\"Le kickboxing vu par un \u00e9tudiant STAPS | Immersion dans un sport de combat\">\n\t\t\t\t\t<div class=\"yotu-video-thumb-wrp\">\n\t\t\t\t\t\t<div>\n\t\t\t\t\t\t\t\t\t\t\t\t\t\t<img decoding=\"async\" class=\"yotu-video-thumb\" src=\"https:\/\/i.ytimg.com\/vi\/nHPAabSHiGs\/sddefault.jpg\" alt=\"Le kickboxing vu par un \u00e9tudiant STAPS | Immersion dans un sport de combat\" \/>\n\t\t\t\t\t\t\t\t\t\t\t\t\t<\/div>\n\t\t\t\t\t<\/div>\n\t\t\t\t\t\t\t\t\t\t\t\t\t\t\t\t\t\t\t<\/a>\n\t\t\t\t\t\t\t<\/li>\n\t\t\t\t\n\t\t\t\t\t\t<li class=\"\">\n\t\t\t\t\t\t\t\t<a href=\"#P9SDYNZfVVY\" class=\"yotu-video\" data-videoid=\"P9SDYNZfVVY\" data-title=\"Direct Masques 2026 - 30 mars 2026 14h\">\n\t\t\t\t\t<div class=\"yotu-video-thumb-wrp\">\n\t\t\t\t\t\t<div>\n\t\t\t\t\t\t\t\t\t\t\t\t\t\t<img decoding=\"async\" class=\"yotu-video-thumb\" src=\"https:\/\/i.ytimg.com\/vi\/P9SDYNZfVVY\/sddefault.jpg\" alt=\"Direct Masques 2026 - 30 mars 2026 14h\" \/>\n\t\t\t\t\t\t\t\t\t\t\t\t\t<\/div>\n\t\t\t\t\t<\/div>\n\t\t\t\t\t\t\t\t\t\t\t\t\t\t\t\t\t\t\t<\/a>\n\t\t\t\t\t\t\t<\/li>\n\t\t\t\t\n\t\t\t\t\t\t<li class=\"\">\n\t\t\t\t\t\t\t\t<a href=\"#CZBkvDjGyX8\" class=\"yotu-video\" data-videoid=\"CZBkvDjGyX8\" data-title=\"Remise des dipl\u00f4mes - IUT du Limousin Promotion 2025 [REPLAY]\">\n\t\t\t\t\t<div class=\"yotu-video-thumb-wrp\">\n\t\t\t\t\t\t<div>\n\t\t\t\t\t\t\t\t\t\t\t\t\t\t<img decoding=\"async\" class=\"yotu-video-thumb\" src=\"https:\/\/i.ytimg.com\/vi\/CZBkvDjGyX8\/sddefault.jpg\" alt=\"Remise des dipl\u00f4mes - IUT du Limousin Promotion 2025 [REPLAY]\" \/>\n\t\t\t\t\t\t\t\t\t\t\t\t\t<\/div>\n\t\t\t\t\t<\/div>\n\t\t\t\t\t\t\t\t\t\t\t\t\t\t\t\t\t\t\t<\/a>\n\t\t\t\t\t\t\t<\/li>\n\t\t\t\t\n\t\t\t\t\t\t<li class=\"\">\n\t\t\t\t\t\t\t\t<a href=\"#cG98Nvz8PTE\" class=\"yotu-video\" data-videoid=\"cG98Nvz8PTE\" data-title=\"[DIRECT] Remise des dipl\u00f4mes - IUT du Limousin Promotion 2025\">\n\t\t\t\t\t<div class=\"yotu-video-thumb-wrp\">\n\t\t\t\t\t\t<div>\n\t\t\t\t\t\t\t\t\t\t\t\t\t\t<img decoding=\"async\" class=\"yotu-video-thumb\" src=\"https:\/\/i.ytimg.com\/vi\/cG98Nvz8PTE\/sddefault.jpg\" alt=\"[DIRECT] Remise des dipl\u00f4mes - IUT du Limousin Promotion 2025\" \/>\n\t\t\t\t\t\t\t\t\t\t\t\t\t<\/div>\n\t\t\t\t\t<\/div>\n\t\t\t\t\t\t\t\t\t\t\t\t\t\t\t\t\t\t\t<\/a>\n\t\t\t\t\t\t\t<\/li>\n\t\t\t\t\n\t\t\t\t<\/ul>\n<\/div>\t\t\t\t<\/div>\n\t\t\t<\/div>\n\t\t\t\n        <\/div>\n                <\/div>\n        <\/div>\n            <\/div>\n                  <\/div>\n                <div class=\"container-fluid  \" style=\"\">\n                      <div class=\"container\">\n                <div class=\"row \" style=\"margin-top: 30px;margin-bottom: 30px\">        <div class=\"col-sm-4 clearfix \">\n                    <\/div>\n                <div class=\"col-sm-4 clearfix \">\n            \n        \n        <div class=\"ul-element-header text-left  \">\n\n            <h2 class=\"ul-bold  \" style=\"\">\n                                titre                            <\/h2>\n        <\/div>\n        <div class=\"ul-element-videojs \">\t\t\r\n\t\t<!-- Begin Video.js Responsive Wrapper -->\r\n\t\t<div style='max-width:1600px'>\r\n\t\t\t<div class='video-wrapper' style='padding-bottom:56.25%;'>\r\n\t\t\t\t\r\n\t<!-- Begin Video.js -->\r\n\t<video id=\"example_video_id_1248643891\" class=\"video-js vjs-default-skin embed-responsive embed-responsive-16by9\" width=\"1600\" height=\"900\" controls preload=\"none\" data-setup='{\"forceSSL\":\"true\",\"techOrder\":[\"youtube\"],\"src\":\"https:\/\/www.youtube.com\/watch?v=0HkXTLt8X7k\"}'>\r\n\t\t\r\n\t\t\r\n\t\t\r\n\t<\/video>\r\n\t<!-- End Video.js -->\r\n\r\n\t\t\t<\/div>\r\n\t\t<\/div>\r\n\t\t<!-- End Video.js Responsive Wrapper -->\r\n\t\t<\/div>        <\/div>\n                <div class=\"col-sm-4 clearfix \">\n                    <\/div>\n        <\/div>\n            <\/div>\n                  <\/div>\n                <div class=\"container-fluid  \" style=\"\">\n                      <div class=\"container\">\n                <div class=\"row \" style=\"margin-top: 30px;margin-bottom: 30px\">        <div class=\"col-sm-12 clearfix \">\n            \n        \n        <div class=\"ul-element-header text-center  \">\n\n            <h2 class=\"ul-bold  bg-primary\" style=\"padding:10px;\">\n                                Mon titre \u00e0 moi                            <\/h2>\n        <\/div>\n                <\/div>\n        <\/div>\n            <\/div>\n                  <\/div>\n                <div class=\"container-fluid  \" style=\"\">\n                      <div class=\"container\">\n                <div class=\"row \" style=\"margin-top: 30px;margin-bottom: 30px\">        <div class=\"col-sm-8 clearfix \">\n                    <div class=\" text-center btn-fullwidth \">\n            <a role=\"button\" href=\"http:\/\/www.unilim.fr\/medialab\/medialab\/\" target=\"_self\" class=\"ul-btn-margin ul-bold btn btn-primary btn-lg\">\n                                    <i class=\"fa fa-fw fa-bluetooth\"><\/i>\n                                Mon bouton \u00e0 moi            <\/a>\n        <\/div>\n                <div class=\"\">\n            <hr\/>\n        <\/div>\n                <div class=\"clearfix ul-element-text \">\n            \n<p>fghfhg dgdg<\/p>\n<p>dfgdfgdfg<br \/>dfgdfgdgdfgdfgdgd<\/p>\n<p>dfgdfgdgdfgdfgdfg<br \/>dfgdfgdfgdfgdf<\/p>\n<p>lien&nbsp;<a href=\"https:\/\/www.unilim.fr\" data-mce-href=\"https:\/\/www.unilim.fr\">vers un autre site<\/a><\/p>\n<p>Lien&nbsp;<a href=\"mailto:sebastien.larue@unilim.fr\" data-mce-href=\"mailto:sebastien.larue@unilim.fr\">vers un mail<\/a><\/p>\n<p><a href=\"http:\/\/www.unilim.fr\/medialab\/wp-content\/uploads\/sites\/21\/2019\/10\/cadreur01.pdf\" data-mce-href=\"http:\/\/www.unilim.fr\/medialab\/wp-content\/uploads\/sites\/21\/2019\/10\/cadreur01.pdf\">T\u00e9l\u00e9charger le pdf<\/a><\/p>\n<p><a href=\"http:\/\/www.unilim.fr\/medialab\/wp-content\/uploads\/sites\/21\/2023\/03\/YOUTUBE-COUVERTURE-2560x1440.jpg\" class=\"\" data-mce-href=\"http:\/\/www.unilim.fr\/medialab\/wp-content\/uploads\/sites\/21\/2023\/03\/YOUTUBE-COUVERTURE-2560x1440.jpg\"><img loading=\"lazy\" decoding=\"async\" alt=\"\" src=\"http:\/\/www.unilim.fr\/medialab\/wp-content\/uploads\/sites\/21\/2023\/03\/YOUTUBE-COUVERTURE-2560x1440-354x200.jpg\" class=\"alignnone wp-image-2644\" width=\"354\" height=\"200\" data-mce-src=\"http:\/\/www.unilim.fr\/medialab\/wp-content\/uploads\/sites\/21\/2023\/03\/YOUTUBE-COUVERTURE-2560x1440-354x200.jpg\" srcset=\"https:\/\/www.unilim.fr\/medialab\/wp-content\/uploads\/sites\/82\/2023\/03\/YOUTUBE-COUVERTURE-2560x1440-354x200.jpg 354w, https:\/\/www.unilim.fr\/medialab\/wp-content\/uploads\/sites\/82\/2023\/03\/YOUTUBE-COUVERTURE-2560x1440-300x169.jpg 300w, https:\/\/www.unilim.fr\/medialab\/wp-content\/uploads\/sites\/82\/2023\/03\/YOUTUBE-COUVERTURE-2560x1440-768x432.jpg 768w, https:\/\/www.unilim.fr\/medialab\/wp-content\/uploads\/sites\/82\/2023\/03\/YOUTUBE-COUVERTURE-2560x1440-1024x576.jpg 1024w, https:\/\/www.unilim.fr\/medialab\/wp-content\/uploads\/sites\/82\/2023\/03\/YOUTUBE-COUVERTURE-2560x1440-640x360.jpg 640w\" sizes=\"auto, (max-width: 354px) 100vw, 354px\" \/><\/a><\/p>\n<p><\/p>\n        <\/div>\n                <div class=\"row\">\n                    <div class=\"col-sm-6\">\n                        <div class=\"ul-element-personne \" style=\"margin: 15px 0; display: table;\">\n                <div style=\"display:table-row\" class=\"element-body\">\n                    <div style=\"display: table-cell; vertical-align: top;\" class=\"element-image\">\n                                                            <img decoding=\"async\" src=\"https:\/\/www.unilim.fr\/medialab\/wp-content\/themes\/wordpress-bootstrap-master-child\/admin\/page-live-editor\/images\/user.png\" class=\"img pull-left\" style=\"width:80px;height:80px;margin-right:15px;\"\/>\n                                            <\/div>\n                    <div style=\"display: table-cell; vertical-align: top;\" class=\"element-content\">\n                        <h4>Seb LARUE<\/h4>\n                                                <p>\n                            <span>DSI<\/span><br\/>                                                                                <\/p>\n                                                <p style=\"white-space:nowrap;\">\n                            <i class=\"fa fa-phone fa-fw\"><\/i> <a href=\"tel:5555555\">5555555<\/a><br\/>                            <i class=\"fa fa-phone fa-fw\"><\/i> <a href=\"tel:55555\">55555<\/a><br\/>                                                                                                                <i class=\"fa fa-envelope-o fa-fw\"><\/i> <a href=\"mailto:larue@unilim.fr\" target=\"_blank\">larue@unilim.fr<\/a><br\/>                                                    <\/p>\n                        <p>\n                                                                                <\/p>\n                    <\/div>\n                <\/div>\n            <\/div>\n                <\/div>\n                <div class=\"col-sm-6\">\n                        <div class=\"ul-element-personne \" style=\"margin: 15px 0; display: table;\">\n                <div style=\"display:table-row\" class=\"element-body\">\n                    <div style=\"display: table-cell; vertical-align: top;\" class=\"element-image\">\n                                                            <img decoding=\"async\" src=\"https:\/\/www.unilim.fr\/medialab\/wp-content\/themes\/wordpress-bootstrap-master-child\/admin\/page-live-editor\/images\/user.png\" class=\"img pull-left\" style=\"width:80px;height:80px;margin-right:15px;\"\/>\n                                            <\/div>\n                    <div style=\"display: table-cell; vertical-align: top;\" class=\"element-content\">\n                        <h4>Seb LARUE2<\/h4>\n                                                <p>\n                            <span>DSI2<\/span><br\/>                                                                                <\/p>\n                                                <p style=\"white-space:nowrap;\">\n                            <i class=\"fa fa-phone fa-fw\"><\/i> <a href=\"tel:66666666\">66666666<\/a><br\/>                            <i class=\"fa fa-phone fa-fw\"><\/i> <a href=\"tel:dfgfd\">dfgfd<\/a><br\/>                                                                                                                <i class=\"fa fa-envelope-o fa-fw\"><\/i> <a href=\"mailto:sdfgdgfd@sdfds.fr\" target=\"_blank\">sdfgdgfd@sdfds.fr<\/a><br\/>                                                    <\/p>\n                        <p>\n                                                                                <\/p>\n                    <\/div>\n                <\/div>\n            <\/div>\n                <\/div>\n                <\/div>\n                <div class=\"alert alert-danger alert-dismissible \" role=\"alert\">\n                        <button type=\"button\" class=\"close\" data-dismiss=\"alert\"><span aria-hidden=\"true\">&times;<\/span><span class=\"sr-only\">Fermer<\/span><\/button>\n                        \n<p>lorem ipsum<\/p>\n        <\/div>\n                <a href=\"\" target=\"_self\" class=\"ul-element-cartouche bg-gray-lighter \" style=\"border-left: 18px solid #FBC08C\">\n            <h4 class=\"text-dark ul-bold text-left\">Toto<\/h4>\n                            <i class=\"text-dark fa fa-3x fa-plus-circle\" style=\"order:2\"><\/i>\n                    <\/a>\n                <a href=\"\" target=\"_self\" class=\"ul-element-cartouche bg-gray-lighter \" style=\"border-left: 18px solid #FBC08C\">\n            <h4 class=\"text-dark ul-bold text-left\">lorem ipsum<\/h4>\n                            <i class=\"text-dark fa fa-3x fa-plus-circle\" style=\"order:2\"><\/i>\n                    <\/a>\n                <div class=\"ul-element-image \">\n            <a href=\"\" target=\"\"  rel=\"lightbox\">\n                <img decoding=\"async\" class=\"img-responsive\" src=\"\"\/>\n            <\/a>\n        <\/div>\n                <div class=\"panel-group \" id=\"object6148\">\n                    <div class=\"panel panel-default\">\n            <div class=\"panel-heading\">\n                <h3 class=\"panel-title\">\n                    <a data-toggle=\"collapse\" data-parent=\"#object6148\" href=\"#object6167\">Panel 1<\/a>\n                <\/h3>\n            <\/div>\n            <div id=\"object6167\" class=\"panel-collapse collapse \">\n                <div class=\"panel-body\">\n                  \n<p>lorem ipsum dfgdfgdfg<\/p>\n                <\/div>\n            <\/div>\n        <\/div>\n                <div class=\"panel panel-default\">\n            <div class=\"panel-heading\">\n                <h3 class=\"panel-title\">\n                    <a data-toggle=\"collapse\" data-parent=\"#object6148\" href=\"#object6191\">Panel 2<\/a>\n                <\/h3>\n            <\/div>\n            <div id=\"object6191\" class=\"panel-collapse collapse \">\n                <div class=\"panel-body\">\n                  \n<p>lorem ipsum<\/p>\n                <\/div>\n            <\/div>\n        <\/div>\n                <div class=\"panel panel-default\">\n            <div class=\"panel-heading\">\n                <h3 class=\"panel-title\">\n                    <a data-toggle=\"collapse\" data-parent=\"#object6148\" href=\"#object6215\">Panel 3<\/a>\n                <\/h3>\n            <\/div>\n            <div id=\"object6215\" class=\"panel-collapse collapse in\">\n                <div class=\"panel-body\">\n                  \n<p>lorem ipsum<\/p>\n                <\/div>\n            <\/div>\n        <\/div>\n                <\/div>\n                <div class=\"ul-element-tab \">\n            <ul class=\"nav nav-tabs\" role=\"tablist\" id=\"object6246\">\n                <li class=\"active\"><a href=\"#object6266\" role=\"tab\" data-toggle=\"tab\">Panel<\/a><\/li><li class=\"\"><a href=\"#object6284\" role=\"tab\" data-toggle=\"tab\">Panel<\/a><\/li>            <\/ul>\n            <div class=\"tab-content\">\n                <div class=\"tab-pane active\" id=\"object6266\"><p>lorem ipsum<\/p><\/div><div class=\"tab-pane \" id=\"object6284\"><p>lorem ipsum<\/p><\/div>            <\/div>\n        <\/div>\n                <a class=\"ul-element-rollover \" style=\"padding:30px\" href=\"\" target=\"_self\">\n            <div class=\"ul-element-rollover-container   round-image-border \">\n                <div class=\"img-container\">\n                    <img decoding=\"async\" src=\"https:\/\/www.unilim.fr\/medialab\/wp-content\/themes\/wordpress-bootstrap-master-child\/admin\/page-live-editor\/images\/user.png\" \/>\n                                        <div class=\"img-title text-center  \"><\/div>\n                                    <\/div>\n                <div class=\"text-container\">\n                    <div class=\"text-inner\">\n                        \n<p>lorem ipsum<\/p>\n                    <\/div>\n                <\/div>\n            <\/div>\n        <\/a>\n\n                <\/div>\n                <div class=\"col-sm-4 clearfix \">\n                    <div class=\"\">\n                        <div class=\"panel panel-primary\">\n                              <div class=\"panel-heading\">\n                    <h3 class=\"panel-title\"><i class=\"fa fa-fw fa-angle-double-right\"><\/i>Panel 1<\/h3>\n                <\/div>\n                              <div class=\"panel-body\">\n                  \n<p style=\"padding-left: 30px;\">lorem ipsum dfgdfg<\/p>\n                <\/div>\n                          <\/div>\n                    <\/div>\n                <\/div>\n        <\/div>\n            <\/div>\n                  <\/div>\n        \n","protected":false},"excerpt":{"rendered":"","protected":false},"author":1,"featured_media":0,"parent":0,"menu_order":0,"comment_status":"closed","ping_status":"closed","template":"page-le.php","meta":{"footnotes":""},"class_list":["post-2669","page","type-page","status-publish","hentry"],"yoast_head":"<!-- This site is optimized with the Yoast SEO plugin v26.5 - https:\/\/yoast.com\/wordpress\/plugins\/seo\/ -->\n<title>Ma 1ere page - M\u00e9dialab UL<\/title>\n<meta name=\"robots\" content=\"index, follow, max-snippet:-1, max-image-preview:large, max-video-preview:-1\" \/>\n<link rel=\"canonical\" href=\"https:\/\/www.unilim.fr\/medialab\/ma-1ere-page\/\" \/>\n<meta property=\"og:locale\" content=\"fr_FR\" \/>\n<meta property=\"og:type\" content=\"article\" \/>\n<meta property=\"og:title\" content=\"Ma 1ere page - M\u00e9dialab UL\" \/>\n<meta property=\"og:url\" content=\"https:\/\/www.unilim.fr\/medialab\/ma-1ere-page\/\" \/>\n<meta property=\"og:site_name\" content=\"M\u00e9dialab UL\" \/>\n<meta name=\"twitter:card\" content=\"summary_large_image\" \/>\n<meta name=\"twitter:label1\" content=\"Dur\u00e9e de lecture estim\u00e9e\" \/>\n\t<meta name=\"twitter:data1\" content=\"3 minutes\" \/>\n<script type=\"application\/ld+json\" class=\"yoast-schema-graph\">{\"@context\":\"https:\/\/schema.org\",\"@graph\":[{\"@type\":\"WebPage\",\"@id\":\"https:\/\/www.unilim.fr\/medialab\/ma-1ere-page\/\",\"url\":\"https:\/\/www.unilim.fr\/medialab\/ma-1ere-page\/\",\"name\":\"Ma 1ere page - M\u00e9dialab UL\",\"isPartOf\":{\"@id\":\"https:\/\/www.unilim.fr\/medialab\/#website\"},\"datePublished\":\"2024-03-14T15:33:04+00:00\",\"breadcrumb\":{\"@id\":\"https:\/\/www.unilim.fr\/medialab\/ma-1ere-page\/#breadcrumb\"},\"inLanguage\":\"fr-FR\",\"potentialAction\":[{\"@type\":\"ReadAction\",\"target\":[\"https:\/\/www.unilim.fr\/medialab\/ma-1ere-page\/\"]}]},{\"@type\":\"BreadcrumbList\",\"@id\":\"https:\/\/www.unilim.fr\/medialab\/ma-1ere-page\/#breadcrumb\",\"itemListElement\":[{\"@type\":\"ListItem\",\"position\":1,\"name\":\"Accueil\",\"item\":\"https:\/\/www.unilim.fr\/medialab\/\"},{\"@type\":\"ListItem\",\"position\":2,\"name\":\"Ma 1ere page\"}]},{\"@type\":\"WebSite\",\"@id\":\"https:\/\/www.unilim.fr\/medialab\/#website\",\"url\":\"https:\/\/www.unilim.fr\/medialab\/\",\"name\":\"M\u00e9dialab UL\",\"description\":\"universit\u00e9 ouverte source de r\u00e9ussites\",\"potentialAction\":[{\"@type\":\"SearchAction\",\"target\":{\"@type\":\"EntryPoint\",\"urlTemplate\":\"https:\/\/www.unilim.fr\/medialab\/?s={search_term_string}\"},\"query-input\":{\"@type\":\"PropertyValueSpecification\",\"valueRequired\":true,\"valueName\":\"search_term_string\"}}],\"inLanguage\":\"fr-FR\"}]}<\/script>\n<!-- \/ Yoast SEO plugin. -->","yoast_head_json":{"title":"Ma 1ere page - M\u00e9dialab UL","robots":{"index":"index","follow":"follow","max-snippet":"max-snippet:-1","max-image-preview":"max-image-preview:large","max-video-preview":"max-video-preview:-1"},"canonical":"https:\/\/www.unilim.fr\/medialab\/ma-1ere-page\/","og_locale":"fr_FR","og_type":"article","og_title":"Ma 1ere page - M\u00e9dialab UL","og_url":"https:\/\/www.unilim.fr\/medialab\/ma-1ere-page\/","og_site_name":"M\u00e9dialab UL","twitter_card":"summary_large_image","twitter_misc":{"Dur\u00e9e de lecture estim\u00e9e":"3 minutes"},"schema":{"@context":"https:\/\/schema.org","@graph":[{"@type":"WebPage","@id":"https:\/\/www.unilim.fr\/medialab\/ma-1ere-page\/","url":"https:\/\/www.unilim.fr\/medialab\/ma-1ere-page\/","name":"Ma 1ere page - M\u00e9dialab UL","isPartOf":{"@id":"https:\/\/www.unilim.fr\/medialab\/#website"},"datePublished":"2024-03-14T15:33:04+00:00","breadcrumb":{"@id":"https:\/\/www.unilim.fr\/medialab\/ma-1ere-page\/#breadcrumb"},"inLanguage":"fr-FR","potentialAction":[{"@type":"ReadAction","target":["https:\/\/www.unilim.fr\/medialab\/ma-1ere-page\/"]}]},{"@type":"BreadcrumbList","@id":"https:\/\/www.unilim.fr\/medialab\/ma-1ere-page\/#breadcrumb","itemListElement":[{"@type":"ListItem","position":1,"name":"Accueil","item":"https:\/\/www.unilim.fr\/medialab\/"},{"@type":"ListItem","position":2,"name":"Ma 1ere page"}]},{"@type":"WebSite","@id":"https:\/\/www.unilim.fr\/medialab\/#website","url":"https:\/\/www.unilim.fr\/medialab\/","name":"M\u00e9dialab UL","description":"universit\u00e9 ouverte source de r\u00e9ussites","potentialAction":[{"@type":"SearchAction","target":{"@type":"EntryPoint","urlTemplate":"https:\/\/www.unilim.fr\/medialab\/?s={search_term_string}"},"query-input":{"@type":"PropertyValueSpecification","valueRequired":true,"valueName":"search_term_string"}}],"inLanguage":"fr-FR"}]}},"_links":{"self":[{"href":"https:\/\/www.unilim.fr\/medialab\/wp-json\/wp\/v2\/pages\/2669","targetHints":{"allow":["GET"]}}],"collection":[{"href":"https:\/\/www.unilim.fr\/medialab\/wp-json\/wp\/v2\/pages"}],"about":[{"href":"https:\/\/www.unilim.fr\/medialab\/wp-json\/wp\/v2\/types\/page"}],"author":[{"embeddable":true,"href":"https:\/\/www.unilim.fr\/medialab\/wp-json\/wp\/v2\/users\/1"}],"replies":[{"embeddable":true,"href":"https:\/\/www.unilim.fr\/medialab\/wp-json\/wp\/v2\/comments?post=2669"}],"version-history":[{"count":0,"href":"https:\/\/www.unilim.fr\/medialab\/wp-json\/wp\/v2\/pages\/2669\/revisions"}],"wp:attachment":[{"href":"https:\/\/www.unilim.fr\/medialab\/wp-json\/wp\/v2\/media?parent=2669"}],"curies":[{"name":"wp","href":"https:\/\/api.w.org\/{rel}","templated":true}]}}