{"id":2623,"date":"2026-03-25T23:00:00","date_gmt":"2022-03-11T00:00:00","guid":{"rendered":"http:\/\/www.unilim.fr\/canalsup\/finale-regionale-ma-these-en-180-secondes\/"},"modified":"2026-03-26T09:57:27","modified_gmt":"2026-03-26T08:57:27","slug":"finale-regionale-ma-these-en-180-secondes","status":"publish","type":"page","link":"https:\/\/www.unilim.fr\/medialab\/finale-regionale-ma-these-en-180-secondes\/","title":{"rendered":"Concours \u00ab\u00a0Ma Th\u00e8se en 180 secondes\u00a0\u00bb"},"content":{"rendered":"        <div class=\"container-fluid  \" style=\"\">\n                      <div class=\"container\">\n                <div class=\"row \" style=\"margin-top: 30px;margin-bottom: 30px\">        <div class=\"col-sm-7 clearfix \">\n                    <div class=\"ul-element-image \">\n            <a href=\"https:\/\/www.unilim.fr\/medialab\/wp-content\/uploads\/sites\/82\/2026\/03\/Visuel-MT180s-2026.png\" target=\"\"  rel=\"lightbox\">\n                <img decoding=\"async\" class=\"img-responsive\" src=\"https:\/\/www.unilim.fr\/medialab\/wp-content\/uploads\/sites\/82\/2026\/03\/Visuel-MT180s-2026.png\"\/>\n            <\/a>\n        <\/div>\n                <\/div>\n                <div class=\"col-sm-5 clearfix \">\n                    <div class=\"clearfix ul-element-text \">\n            \n<h3 class=\"ul-bold\" style=\"text-align: center;\" data-mce-style=\"text-align: center;\">Jeudi 23 avril 2026<br \/>suivez en direct de Limoges <br \/>(salle cin\u00e9ma, campus des jacobins, 88 rue du Pont St Martial)<br \/>la Finale R\u00e9gionale <br \/>du Regroupement Nouvelle Aquitaine<br \/>qui r\u00e9unira les 18 candidats&nbsp;<br \/>des universit\u00e9s de Limoges, La Rochelle, Poitiers, Pau et Pays de l&rsquo;Adour, Bordeaux et Bordeaux Montaigne<\/h3>\n<h3 class=\"ul-bold\" style=\"text-align: center;\" data-mce-style=\"text-align: center;\">\u00e0 partir de 14h00 !<\/h3>\n<p><\/p>\n        <\/div>\n                <\/div>\n        <\/div>\n            <\/div>\n                  <\/div>\n                <div class=\"container-fluid  \" style=\"\">\n                      <div class=\"container\">\n                <div class=\"row \" style=\"margin-top: 30px;margin-bottom: 30px\">        <div class=\"col-sm-2 clearfix \">\n                    <\/div>\n                <div class=\"col-sm-8 clearfix \">\n                    <\/div>\n                <div class=\"col-sm-2 clearfix \">\n                    <\/div>\n        <\/div>\n            <\/div>\n                  <\/div>\n        \n","protected":false},"excerpt":{"rendered":"","protected":false},"author":1,"featured_media":0,"parent":0,"menu_order":0,"comment_status":"closed","ping_status":"closed","template":"page-le.php","meta":{"footnotes":""},"class_list":["post-2623","page","type-page","status-publish","hentry"],"yoast_head":"<!-- This site is optimized with the Yoast SEO plugin v26.5 - https:\/\/yoast.com\/wordpress\/plugins\/seo\/ -->\n<title>Concours &quot;Ma Th\u00e8se en 180 secondes&quot; - M\u00e9dialab UL<\/title>\n<meta name=\"robots\" content=\"index, follow, max-snippet:-1, max-image-preview:large, max-video-preview:-1\" \/>\n<link rel=\"canonical\" href=\"https:\/\/www.unilim.fr\/medialab\/finale-regionale-ma-these-en-180-secondes\/\" \/>\n<meta property=\"og:locale\" content=\"fr_FR\" \/>\n<meta property=\"og:type\" content=\"article\" \/>\n<meta property=\"og:title\" content=\"Concours &quot;Ma Th\u00e8se en 180 secondes&quot; - M\u00e9dialab UL\" \/>\n<meta property=\"og:url\" content=\"https:\/\/www.unilim.fr\/medialab\/finale-regionale-ma-these-en-180-secondes\/\" \/>\n<meta property=\"og:site_name\" content=\"M\u00e9dialab UL\" \/>\n<meta property=\"article:modified_time\" content=\"2026-03-26T08:57:27+00:00\" \/>\n<meta name=\"twitter:card\" content=\"summary_large_image\" \/>\n<meta name=\"twitter:label1\" content=\"Dur\u00e9e de lecture estim\u00e9e\" \/>\n\t<meta name=\"twitter:data1\" content=\"1 minute\" \/>\n<script type=\"application\/ld+json\" class=\"yoast-schema-graph\">{\"@context\":\"https:\/\/schema.org\",\"@graph\":[{\"@type\":\"WebPage\",\"@id\":\"https:\/\/www.unilim.fr\/medialab\/finale-regionale-ma-these-en-180-secondes\/\",\"url\":\"https:\/\/www.unilim.fr\/medialab\/finale-regionale-ma-these-en-180-secondes\/\",\"name\":\"Concours \\\"Ma Th\u00e8se en 180 secondes\\\" - M\u00e9dialab UL\",\"isPartOf\":{\"@id\":\"https:\/\/www.unilim.fr\/medialab\/#website\"},\"datePublished\":\"2022-03-11T00:00:00+00:00\",\"dateModified\":\"2026-03-26T08:57:27+00:00\",\"breadcrumb\":{\"@id\":\"https:\/\/www.unilim.fr\/medialab\/finale-regionale-ma-these-en-180-secondes\/#breadcrumb\"},\"inLanguage\":\"fr-FR\",\"potentialAction\":[{\"@type\":\"ReadAction\",\"target\":[\"https:\/\/www.unilim.fr\/medialab\/finale-regionale-ma-these-en-180-secondes\/\"]}]},{\"@type\":\"BreadcrumbList\",\"@id\":\"https:\/\/www.unilim.fr\/medialab\/finale-regionale-ma-these-en-180-secondes\/#breadcrumb\",\"itemListElement\":[{\"@type\":\"ListItem\",\"position\":1,\"name\":\"Accueil\",\"item\":\"https:\/\/www.unilim.fr\/medialab\/\"},{\"@type\":\"ListItem\",\"position\":2,\"name\":\"Concours \u00ab\u00a0Ma Th\u00e8se en 180 secondes\u00a0\u00bb\"}]},{\"@type\":\"WebSite\",\"@id\":\"https:\/\/www.unilim.fr\/medialab\/#website\",\"url\":\"https:\/\/www.unilim.fr\/medialab\/\",\"name\":\"M\u00e9dialab UL\",\"description\":\"universit\u00e9 ouverte source de r\u00e9ussites\",\"potentialAction\":[{\"@type\":\"SearchAction\",\"target\":{\"@type\":\"EntryPoint\",\"urlTemplate\":\"https:\/\/www.unilim.fr\/medialab\/?s={search_term_string}\"},\"query-input\":{\"@type\":\"PropertyValueSpecification\",\"valueRequired\":true,\"valueName\":\"search_term_string\"}}],\"inLanguage\":\"fr-FR\"}]}<\/script>\n<!-- \/ Yoast SEO plugin. -->","yoast_head_json":{"title":"Concours \"Ma Th\u00e8se en 180 secondes\" - M\u00e9dialab UL","robots":{"index":"index","follow":"follow","max-snippet":"max-snippet:-1","max-image-preview":"max-image-preview:large","max-video-preview":"max-video-preview:-1"},"canonical":"https:\/\/www.unilim.fr\/medialab\/finale-regionale-ma-these-en-180-secondes\/","og_locale":"fr_FR","og_type":"article","og_title":"Concours \"Ma Th\u00e8se en 180 secondes\" - M\u00e9dialab UL","og_url":"https:\/\/www.unilim.fr\/medialab\/finale-regionale-ma-these-en-180-secondes\/","og_site_name":"M\u00e9dialab UL","article_modified_time":"2026-03-26T08:57:27+00:00","twitter_card":"summary_large_image","twitter_misc":{"Dur\u00e9e de lecture estim\u00e9e":"1 minute"},"schema":{"@context":"https:\/\/schema.org","@graph":[{"@type":"WebPage","@id":"https:\/\/www.unilim.fr\/medialab\/finale-regionale-ma-these-en-180-secondes\/","url":"https:\/\/www.unilim.fr\/medialab\/finale-regionale-ma-these-en-180-secondes\/","name":"Concours \"Ma Th\u00e8se en 180 secondes\" - M\u00e9dialab UL","isPartOf":{"@id":"https:\/\/www.unilim.fr\/medialab\/#website"},"datePublished":"2022-03-11T00:00:00+00:00","dateModified":"2026-03-26T08:57:27+00:00","breadcrumb":{"@id":"https:\/\/www.unilim.fr\/medialab\/finale-regionale-ma-these-en-180-secondes\/#breadcrumb"},"inLanguage":"fr-FR","potentialAction":[{"@type":"ReadAction","target":["https:\/\/www.unilim.fr\/medialab\/finale-regionale-ma-these-en-180-secondes\/"]}]},{"@type":"BreadcrumbList","@id":"https:\/\/www.unilim.fr\/medialab\/finale-regionale-ma-these-en-180-secondes\/#breadcrumb","itemListElement":[{"@type":"ListItem","position":1,"name":"Accueil","item":"https:\/\/www.unilim.fr\/medialab\/"},{"@type":"ListItem","position":2,"name":"Concours \u00ab\u00a0Ma Th\u00e8se en 180 secondes\u00a0\u00bb"}]},{"@type":"WebSite","@id":"https:\/\/www.unilim.fr\/medialab\/#website","url":"https:\/\/www.unilim.fr\/medialab\/","name":"M\u00e9dialab UL","description":"universit\u00e9 ouverte source de r\u00e9ussites","potentialAction":[{"@type":"SearchAction","target":{"@type":"EntryPoint","urlTemplate":"https:\/\/www.unilim.fr\/medialab\/?s={search_term_string}"},"query-input":{"@type":"PropertyValueSpecification","valueRequired":true,"valueName":"search_term_string"}}],"inLanguage":"fr-FR"}]}},"_links":{"self":[{"href":"https:\/\/www.unilim.fr\/medialab\/wp-json\/wp\/v2\/pages\/2623","targetHints":{"allow":["GET"]}}],"collection":[{"href":"https:\/\/www.unilim.fr\/medialab\/wp-json\/wp\/v2\/pages"}],"about":[{"href":"https:\/\/www.unilim.fr\/medialab\/wp-json\/wp\/v2\/types\/page"}],"author":[{"embeddable":true,"href":"https:\/\/www.unilim.fr\/medialab\/wp-json\/wp\/v2\/users\/1"}],"replies":[{"embeddable":true,"href":"https:\/\/www.unilim.fr\/medialab\/wp-json\/wp\/v2\/comments?post=2623"}],"version-history":[{"count":7,"href":"https:\/\/www.unilim.fr\/medialab\/wp-json\/wp\/v2\/pages\/2623\/revisions"}],"predecessor-version":[{"id":7953,"href":"https:\/\/www.unilim.fr\/medialab\/wp-json\/wp\/v2\/pages\/2623\/revisions\/7953"}],"wp:attachment":[{"href":"https:\/\/www.unilim.fr\/medialab\/wp-json\/wp\/v2\/media?parent=2623"}],"curies":[{"name":"wp","href":"https:\/\/api.w.org\/{rel}","templated":true}]}}