{"id":2603,"date":"2022-11-27T23:00:00","date_gmt":"2022-03-10T23:00:00","guid":{"rendered":"http:\/\/www.unilim.fr\/canalsup\/les-directs-de-canalsup-debat\/"},"modified":"2022-11-29T12:06:00","modified_gmt":"2022-11-29T11:06:00","slug":"les-directs-de-canalsup-2","status":"publish","type":"page","link":"https:\/\/www.unilim.fr\/medialab\/les-directs-de-canalsup-2\/","title":{"rendered":"Les directs de CanalSup"},"content":{"rendered":"        <div class=\"container-fluid  \" style=\"\">\n                      <div class=\"container\">\n                <div class=\"row \" style=\"margin-top: 30px;margin-bottom: 0px\">        <div class=\"col-sm-3 clearfix \">\n                    <div class=\"clearfix ul-element-text \">\n            \n<p><a href=\"http:\/\/www.unilim.fr\/medialab\/wp-content\/uploads\/sites\/21\/2022\/11\/CALM.png\" class=\"\" data-mce-href=\"http:\/\/www.unilim.fr\/medialab\/wp-content\/uploads\/sites\/21\/2022\/11\/CALM.png\"><img loading=\"lazy\" decoding=\"async\" alt=\"\" src=\"http:\/\/www.unilim.fr\/medialab\/wp-content\/uploads\/sites\/21\/2022\/11\/CALM-600x600.png\" class=\"alignnone wp-image-2605\" style=\"display: block; margin: 0px auto 0px auto;\" data-mce-src=\"http:\/\/www.unilim.fr\/medialab\/wp-content\/uploads\/sites\/21\/2022\/11\/CALM-600x600.png\" data-mce-style=\"display: block; margin: 0px auto 0px auto;\" width=\"152\" height=\"152\" srcset=\"https:\/\/www.unilim.fr\/medialab\/wp-content\/uploads\/sites\/82\/2022\/11\/CALM-600x600.png 600w, https:\/\/www.unilim.fr\/medialab\/wp-content\/uploads\/sites\/82\/2022\/11\/CALM-300x300.png 300w, https:\/\/www.unilim.fr\/medialab\/wp-content\/uploads\/sites\/82\/2022\/11\/CALM-768x768.png 768w, https:\/\/www.unilim.fr\/medialab\/wp-content\/uploads\/sites\/82\/2022\/11\/CALM-1024x1024.png 1024w\" sizes=\"auto, (max-width: 152px) 100vw, 152px\" \/><\/a><br data-mce-bogus=\"1\"><\/p>\n        <\/div>\n                <\/div>\n                <div class=\"col-sm-9 clearfix \">\n            \n        \n        <div class=\"ul-element-header text-center  \">\n\n            <h3 class=\"ul-bold  \" style=\"\">\n                                PLATEAU TV EN DIRECT - SPECIALE ELECTION ETUDIANTE                            <\/h3>\n        <\/div>\n                <div class=\"clearfix ul-element-text \">\n            \n<h4 class=\"ul-bold\" style=\"text-align: center;\" data-mce-style=\"text-align: center;\">Dans le cadre des \u00e9lections \u00e0 l\u2019Universit\u00e9 de Limoges, l\u2019ensemble des \u00e9tudiants est invit\u00e9 \u00e0 \u00e9lire ses repr\u00e9sentants au sein des trois conseils centraux de l\u2019\u00e9tablissement, Canalsup en partenariat avec le CALM vous propose un plateau TV en direct le mardi 29 novembre de 12h30 \u00e0 13h30.<\/h4>\n        <\/div>\n                <\/div>\n        <\/div>\n            <\/div>\n                  <\/div>\n                <div class=\"container-fluid  \" style=\"\">\n                      <div class=\"container\">\n                <div class=\"row \" style=\"margin-top: 10px;margin-bottom: 30px\">        <div class=\"col-sm-2 clearfix \">\n                    <\/div>\n                <div class=\"col-sm-8 clearfix \">\n                    <div  class=\"embed-responsive embed-responsive-16by9 \" id=\"object445\">\n            <iframe id=\"iframe-object445\" class=\"embed-responsive-item\" src=\"https:\/\/www.youtube.com\/embed\/jrweCdYN-fo\" allowfullscreen=\"true\" webkitallowfullscreen=\"true\" mozallowfullscreen=\"true\" frameborder=\"0\" style=\"border:0;\"><\/iframe>\n        <\/div>\n                <\/div>\n                <div class=\"col-sm-2 clearfix \">\n                    <\/div>\n        <\/div>\n            <\/div>\n                  <\/div>\n        \n","protected":false},"excerpt":{"rendered":"","protected":false},"author":1,"featured_media":0,"parent":0,"menu_order":0,"comment_status":"closed","ping_status":"closed","template":"page-le.php","meta":{"footnotes":""},"class_list":["post-2603","page","type-page","status-publish","hentry"],"yoast_head":"<!-- This site is optimized with the Yoast SEO plugin v26.5 - https:\/\/yoast.com\/wordpress\/plugins\/seo\/ -->\n<title>Les directs de CanalSup - M\u00e9dialab UL<\/title>\n<meta name=\"robots\" content=\"index, follow, max-snippet:-1, max-image-preview:large, max-video-preview:-1\" \/>\n<link rel=\"canonical\" href=\"https:\/\/www.unilim.fr\/medialab\/les-directs-de-canalsup-2\/\" \/>\n<meta property=\"og:locale\" content=\"fr_FR\" \/>\n<meta property=\"og:type\" content=\"article\" \/>\n<meta property=\"og:title\" content=\"Les directs de CanalSup - M\u00e9dialab UL\" \/>\n<meta property=\"og:url\" content=\"https:\/\/www.unilim.fr\/medialab\/les-directs-de-canalsup-2\/\" \/>\n<meta property=\"og:site_name\" content=\"M\u00e9dialab UL\" \/>\n<meta property=\"article:modified_time\" content=\"2022-11-29T11:06:00+00:00\" \/>\n<meta name=\"twitter:card\" content=\"summary_large_image\" \/>\n<meta name=\"twitter:label1\" content=\"Dur\u00e9e de lecture estim\u00e9e\" \/>\n\t<meta name=\"twitter:data1\" content=\"1 minute\" \/>\n<script type=\"application\/ld+json\" class=\"yoast-schema-graph\">{\"@context\":\"https:\/\/schema.org\",\"@graph\":[{\"@type\":\"WebPage\",\"@id\":\"https:\/\/www.unilim.fr\/medialab\/les-directs-de-canalsup-2\/\",\"url\":\"https:\/\/www.unilim.fr\/medialab\/les-directs-de-canalsup-2\/\",\"name\":\"Les directs de CanalSup - M\u00e9dialab UL\",\"isPartOf\":{\"@id\":\"https:\/\/www.unilim.fr\/medialab\/#website\"},\"datePublished\":\"2022-03-10T23:00:00+00:00\",\"dateModified\":\"2022-11-29T11:06:00+00:00\",\"breadcrumb\":{\"@id\":\"https:\/\/www.unilim.fr\/medialab\/les-directs-de-canalsup-2\/#breadcrumb\"},\"inLanguage\":\"fr-FR\",\"potentialAction\":[{\"@type\":\"ReadAction\",\"target\":[\"https:\/\/www.unilim.fr\/medialab\/les-directs-de-canalsup-2\/\"]}]},{\"@type\":\"BreadcrumbList\",\"@id\":\"https:\/\/www.unilim.fr\/medialab\/les-directs-de-canalsup-2\/#breadcrumb\",\"itemListElement\":[{\"@type\":\"ListItem\",\"position\":1,\"name\":\"Accueil\",\"item\":\"https:\/\/www.unilim.fr\/medialab\/\"},{\"@type\":\"ListItem\",\"position\":2,\"name\":\"Les directs de CanalSup\"}]},{\"@type\":\"WebSite\",\"@id\":\"https:\/\/www.unilim.fr\/medialab\/#website\",\"url\":\"https:\/\/www.unilim.fr\/medialab\/\",\"name\":\"M\u00e9dialab UL\",\"description\":\"universit\u00e9 ouverte source de r\u00e9ussites\",\"potentialAction\":[{\"@type\":\"SearchAction\",\"target\":{\"@type\":\"EntryPoint\",\"urlTemplate\":\"https:\/\/www.unilim.fr\/medialab\/?s={search_term_string}\"},\"query-input\":{\"@type\":\"PropertyValueSpecification\",\"valueRequired\":true,\"valueName\":\"search_term_string\"}}],\"inLanguage\":\"fr-FR\"}]}<\/script>\n<!-- \/ Yoast SEO plugin. -->","yoast_head_json":{"title":"Les directs de CanalSup - M\u00e9dialab UL","robots":{"index":"index","follow":"follow","max-snippet":"max-snippet:-1","max-image-preview":"max-image-preview:large","max-video-preview":"max-video-preview:-1"},"canonical":"https:\/\/www.unilim.fr\/medialab\/les-directs-de-canalsup-2\/","og_locale":"fr_FR","og_type":"article","og_title":"Les directs de CanalSup - M\u00e9dialab UL","og_url":"https:\/\/www.unilim.fr\/medialab\/les-directs-de-canalsup-2\/","og_site_name":"M\u00e9dialab UL","article_modified_time":"2022-11-29T11:06:00+00:00","twitter_card":"summary_large_image","twitter_misc":{"Dur\u00e9e de lecture estim\u00e9e":"1 minute"},"schema":{"@context":"https:\/\/schema.org","@graph":[{"@type":"WebPage","@id":"https:\/\/www.unilim.fr\/medialab\/les-directs-de-canalsup-2\/","url":"https:\/\/www.unilim.fr\/medialab\/les-directs-de-canalsup-2\/","name":"Les directs de CanalSup - M\u00e9dialab UL","isPartOf":{"@id":"https:\/\/www.unilim.fr\/medialab\/#website"},"datePublished":"2022-03-10T23:00:00+00:00","dateModified":"2022-11-29T11:06:00+00:00","breadcrumb":{"@id":"https:\/\/www.unilim.fr\/medialab\/les-directs-de-canalsup-2\/#breadcrumb"},"inLanguage":"fr-FR","potentialAction":[{"@type":"ReadAction","target":["https:\/\/www.unilim.fr\/medialab\/les-directs-de-canalsup-2\/"]}]},{"@type":"BreadcrumbList","@id":"https:\/\/www.unilim.fr\/medialab\/les-directs-de-canalsup-2\/#breadcrumb","itemListElement":[{"@type":"ListItem","position":1,"name":"Accueil","item":"https:\/\/www.unilim.fr\/medialab\/"},{"@type":"ListItem","position":2,"name":"Les directs de CanalSup"}]},{"@type":"WebSite","@id":"https:\/\/www.unilim.fr\/medialab\/#website","url":"https:\/\/www.unilim.fr\/medialab\/","name":"M\u00e9dialab UL","description":"universit\u00e9 ouverte source de r\u00e9ussites","potentialAction":[{"@type":"SearchAction","target":{"@type":"EntryPoint","urlTemplate":"https:\/\/www.unilim.fr\/medialab\/?s={search_term_string}"},"query-input":{"@type":"PropertyValueSpecification","valueRequired":true,"valueName":"search_term_string"}}],"inLanguage":"fr-FR"}]}},"_links":{"self":[{"href":"https:\/\/www.unilim.fr\/medialab\/wp-json\/wp\/v2\/pages\/2603","targetHints":{"allow":["GET"]}}],"collection":[{"href":"https:\/\/www.unilim.fr\/medialab\/wp-json\/wp\/v2\/pages"}],"about":[{"href":"https:\/\/www.unilim.fr\/medialab\/wp-json\/wp\/v2\/types\/page"}],"author":[{"embeddable":true,"href":"https:\/\/www.unilim.fr\/medialab\/wp-json\/wp\/v2\/users\/1"}],"replies":[{"embeddable":true,"href":"https:\/\/www.unilim.fr\/medialab\/wp-json\/wp\/v2\/comments?post=2603"}],"version-history":[{"count":0,"href":"https:\/\/www.unilim.fr\/medialab\/wp-json\/wp\/v2\/pages\/2603\/revisions"}],"wp:attachment":[{"href":"https:\/\/www.unilim.fr\/medialab\/wp-json\/wp\/v2\/media?parent=2603"}],"curies":[{"name":"wp","href":"https:\/\/api.w.org\/{rel}","templated":true}]}}