{"id":2557,"date":"2019-10-07T22:00:00","date_gmt":"2019-10-08T00:00:00","guid":{"rendered":"http:\/\/www.unilim.fr\/canalsup\/tutoriels-et-fiches-pratiques-04\/"},"modified":"2019-10-08T09:04:26","modified_gmt":"2019-10-08T07:04:26","slug":"tutoriels-et-fiches-pratiques-04","status":"publish","type":"page","link":"https:\/\/www.unilim.fr\/medialab\/tutoriels-et-fiches-pratiques-04\/","title":{"rendered":"Tutoriels et fiches pratiques #04"},"content":{"rendered":"        <div class=\"container-fluid  \" style=\"\">\n                      <div class=\"container\">\n                <div class=\"row \" style=\"margin-top: 30px;margin-bottom: 30px\">        <div class=\"col-sm-12 clearfix \">\n            \n        \n        <div class=\"ul-element-header text-left  \">\n\n            <h2 class=\"ul-bold  \" style=\"\">\n                                    <i class=\"fa fa-fw fa-video-camera\"><\/i>\n                                #04 Reportage ou Documentaire                            <\/h2>\n        <\/div>\n                <\/div>\n        <\/div>\n            <\/div>\n                  <\/div>\n                <div class=\"container-fluid  \" style=\"\">\n                      <div class=\"container\">\n                <div class=\"row \" style=\"margin-top: 30px;margin-bottom: 30px\">        <div class=\"col-sm-12 clearfix \">\n                    <div class=\"clearfix ul-element-text \">\n            \n<p>Un ensemble de crit\u00e8res peut \u00eatre \u00e9tudi\u00e9 pour pouvoir <strong>classer une \u0153uvre dans telle ou telle cat\u00e9gorie<\/strong> (les intentions de l\u2019auteur, le synopsis, la longueur, la sophistication du montage, l\u2019habillage sonore et musical, les techniques, l\u2019utilisation d\u2019acteurs, l\u2019originalit\u00e9, la raret\u00e9\u2026) mais <strong>la diff\u00e9renciation reste parfois tr\u00e8s difficile \u00e0 faire<\/strong>. <\/p>\n<p>Voici quelques \u00e9l\u00e9ments pour nous y aider.<\/p>\n        <\/div>\n                <\/div>\n        <\/div>\n            <\/div>\n                  <\/div>\n                <div class=\"container-fluid  \" style=\"\">\n                      <div class=\"container\">\n                <div class=\"row \" style=\"margin-top: 30px;margin-bottom: 30px\">        <div class=\"col-sm-12 clearfix \">\n            \n        \n        <div class=\"ul-element-header text-center  \">\n\n            <h3 class=\"ul-bold  \" style=\"\">\n                                Quelles diff\u00e9rences entre le reportage et le documentaire                <span><br\/><\/span><small> Sources : Hiro'a - Journal d'informations culturelles<\/small>            <\/h3>\n        <\/div>\n                <\/div>\n        <\/div>\n            <\/div>\n                  <\/div>\n                <div class=\"container-fluid  \" style=\"\">\n                      <div class=\"container\">\n                <div class=\"row \" style=\"margin-top: 0px;margin-bottom: 0px\">        <div class=\"col-sm-6 clearfix \">\n            \n        \n        <div class=\"ul-element-header text-center  \">\n\n            <h4 class=\"ul-bold  bg-primary\" style=\"padding:10px;\">\n                                Le point de vu d'un r\u00e9alisateur                <span><br\/><\/span><small> Marc Louvat, ancien r\u00e9alisateur et responsable des fonds audiovisuels de l'Institut de la Communication Audiovisuelle<\/small>            <\/h4>\n        <\/div>\n                <div class=\"clearfix ul-element-text \">\n            \n<p>\u00ab Le reportage est un programme de flux, alors que le documentaire est un programme de stock, une \u0153uvre de cr\u00e9ation.&nbsp;On va pouvoir utiliser le documentaire dans le temps, et m\u00eame le rediffuser. Le reportage, lui, colle souvent \u00e0 l\u2019actualit\u00e9 et est utilis\u00e9 tr\u00e8s rapidement apr\u00e8s sa r\u00e9alisation. Par ailleurs dans un documentaire, il y a une \u00ab odeur \u00bb, on sent l\u2019empreinte de l\u2019auteur. Dans un reportage, bien souvent, ce n\u2019est pas le style du journaliste qui s\u2019en d\u00e9gage mais le style de la cha\u00eene ; ce n\u2019est pas li\u00e9 \u00e0 l\u2019auteur mais au diffuseur.<\/p>\n<p>De plus, le montage d\u2019un documentaire est souvent plus sophistiqu\u00e9. Le travail est davantage abouti que celui du reportage.<\/p>\n<p>Enfin, le documentaire a une vocation ou en tout cas un potentiel patrimonial beaucoup plus fort qu\u2019un reportage. C\u2019est mon point de vue en tant qu\u2019archiviste. Souvent, le travail du documentaire est plus approfondi au niveau de la recherche, ou de l\u2019immersion \u00bb.<\/p>\n        <\/div>\n                <\/div>\n                <div class=\"col-sm-6 clearfix \">\n            \n        \n        <div class=\"ul-element-header text-center  \">\n\n            <h4 class=\"ul-bold  bg-primary\" style=\"padding:10px;\">\n                                Le point de vu d'un diffuseur                <span><br\/><\/span><small> Xavier Lambert, Directeur des Antennes de RFO Polyn\u00e9sie.<\/small>            <\/h4>\n        <\/div>\n                <div class=\"clearfix ul-element-text \">\n            \n<p>&nbsp;\u00ab\u00a0Un reportage est fait par un journaliste. C\u2019est rare qu\u2019un documentariste en fasse. Je pense aussi que le point de vue de l\u2019artiste, de l\u2019auteur, est beaucoup plus pr\u00e9sent dans un documentaire. Le reportage est plus factuel.<\/p>\n<p>Un reportage peut se mettre au niveau du documentaire, alors qu\u2019un documentaire qui se mettrait au niveau d\u2019un reportage serait rat\u00e9.<\/p>\n<p>Pour finir, on prend plus le temps pour un documentaire : il est rarement fait en moins de 4 ou 5 mois alors qu\u2019un reportage, peut \u00eatre fait en quelques jours \u00bb<\/p>\n        <\/div>\n                <\/div>\n        <\/div>\n            <\/div>\n                  <\/div>\n                <div class=\"container-fluid  \" style=\"\">\n                      <div class=\"container\">\n                <div class=\"row \" style=\"margin-top: 30px;margin-bottom: 30px\">        <div class=\"col-sm-3 clearfix \">\n                    <\/div>\n                <div class=\"col-sm-6 clearfix \">\n                    <div class=\"\">\n                        <div class=\"panel panel-gray\">\n                              <div class=\"panel-heading\">\n                    <h3 class=\"panel-title\"><i class=\"fa fa-fw fa-\"><\/i>EN R\u00c9SUM\u00c9<\/h3>\n                <\/div>\n                              <div class=\"panel-body\">\n                  \n<ul>\n<li>\n<h5 class=\"ul-bold\">Le documentaire est l&rsquo;oeuvre d&rsquo;un auteur, il est subjectif et intemporel.<\/h5>\n<\/li>\n<li>\n<h5 class=\"ul-bold\">Le reportage est le travail d&rsquo;un journaliste, il est li&eacute; &agrave; l&rsquo;actualit&eacute;.<\/h5>\n<\/li>\n<\/ul>\n                <\/div>\n                          <\/div>\n                    <\/div>\n                <\/div>\n                <div class=\"col-sm-3 clearfix \">\n                    <\/div>\n        <\/div>\n            <\/div>\n                  <\/div>\n                <div class=\"container-fluid  \" style=\"\">\n                      <div class=\"container\">\n                <div class=\"row \" style=\"margin-top: 30px;margin-bottom: 30px\">        <div class=\"col-sm-3 clearfix \">\n            \n        \n        <div class=\"ul-element-header text-left  \">\n\n            <h2 class=\"ul-bold  bg-primary\" style=\"padding:10px;\">\n                                                            <\/h2>\n        <\/div>\n                <\/div>\n                <div class=\"col-sm-6 clearfix \">\n            \n        \n        <div class=\"ul-element-header text-center  \">\n\n            <h3 class=\"ul-bold  \" style=\"\">\n                                    <i class=\"fa fa-fw fa-video-camera\"><\/i>\n                                Full Tuto Jacket                <span><br\/><\/span><small> #04 Documentaire ou Reportage<\/small>            <\/h3>\n        <\/div>\n                <div class=\"clearfix ul-element-text \">\n            \n<p style=\"text-align: center\">Canalsup lance sa s\u00e9rie de tutos m\u00e9dia ! Avec Full Tuto Jacket, tu vas apprendre \u00e0 r\u00e9aliser tes vid\u00e9os. Voici le quatri\u00e8me \u00e9pisode sur la diff\u00e9rence entre le documentaire et le reportage.<\/p>\n<p><\/p>\n        <\/div>\n        <div class=\"ul-element-videojs \">\t\t\r\n\t\t<!-- Begin Video.js Responsive Wrapper -->\r\n\t\t<div style='max-width:1600px'>\r\n\t\t\t<div class='video-wrapper' style='padding-bottom:56.25%;'>\r\n\t\t\t\t\r\n\t<!-- Begin Video.js -->\r\n\t<video id=\"example_video_id_2091385778\" class=\"video-js vjs-default-skin embed-responsive embed-responsive-16by9\" width=\"1600\" height=\"900\" controls preload=\"none\" data-setup='{\"forceSSL\":\"true\",\"techOrder\":[\"youtube\"],\"src\":\"https:\/\/www.youtube.com\/watch?v=Af5d0yOeh6Y\"}'>\r\n\t\t\r\n\t\t\r\n\t\t\r\n\t<\/video>\r\n\t<!-- End Video.js -->\r\n\r\n\t\t\t<\/div>\r\n\t\t<\/div>\r\n\t\t<!-- End Video.js Responsive Wrapper -->\r\n\t\t<\/div>        <\/div>\n                <div class=\"col-sm-3 clearfix \">\n            \n        \n        <div class=\"ul-element-header text-center  \">\n\n            <h2 class=\"ul-bold  bg-primary\" style=\"padding:10px;\">\n                                                            <\/h2>\n        <\/div>\n                <\/div>\n        <\/div>\n            <\/div>\n                  <\/div>\n        \n","protected":false},"excerpt":{"rendered":"","protected":false},"author":46,"featured_media":0,"parent":0,"menu_order":0,"comment_status":"closed","ping_status":"closed","template":"page-le.php","meta":{"footnotes":""},"class_list":["post-2557","page","type-page","status-publish","hentry"],"yoast_head":"<!-- This site is optimized with the Yoast SEO plugin v26.5 - https:\/\/yoast.com\/wordpress\/plugins\/seo\/ -->\n<title>Tutoriels et fiches pratiques #04 - M\u00e9dialab UL<\/title>\n<meta name=\"robots\" content=\"index, follow, max-snippet:-1, max-image-preview:large, max-video-preview:-1\" \/>\n<link rel=\"canonical\" href=\"https:\/\/www.unilim.fr\/medialab\/tutoriels-et-fiches-pratiques-04\/\" \/>\n<meta property=\"og:locale\" content=\"fr_FR\" \/>\n<meta property=\"og:type\" content=\"article\" \/>\n<meta property=\"og:title\" content=\"Tutoriels et fiches pratiques #04 - M\u00e9dialab UL\" \/>\n<meta property=\"og:url\" content=\"https:\/\/www.unilim.fr\/medialab\/tutoriels-et-fiches-pratiques-04\/\" \/>\n<meta property=\"og:site_name\" content=\"M\u00e9dialab UL\" \/>\n<meta property=\"article:modified_time\" content=\"2019-10-08T07:04:26+00:00\" \/>\n<meta name=\"twitter:card\" content=\"summary_large_image\" \/>\n<meta name=\"twitter:label1\" content=\"Dur\u00e9e de lecture estim\u00e9e\" \/>\n\t<meta name=\"twitter:data1\" content=\"4 minutes\" \/>\n<script type=\"application\/ld+json\" class=\"yoast-schema-graph\">{\"@context\":\"https:\/\/schema.org\",\"@graph\":[{\"@type\":\"WebPage\",\"@id\":\"https:\/\/www.unilim.fr\/medialab\/tutoriels-et-fiches-pratiques-04\/\",\"url\":\"https:\/\/www.unilim.fr\/medialab\/tutoriels-et-fiches-pratiques-04\/\",\"name\":\"Tutoriels et fiches pratiques #04 - M\u00e9dialab UL\",\"isPartOf\":{\"@id\":\"https:\/\/www.unilim.fr\/medialab\/#website\"},\"datePublished\":\"2019-10-08T00:00:00+00:00\",\"dateModified\":\"2019-10-08T07:04:26+00:00\",\"breadcrumb\":{\"@id\":\"https:\/\/www.unilim.fr\/medialab\/tutoriels-et-fiches-pratiques-04\/#breadcrumb\"},\"inLanguage\":\"fr-FR\",\"potentialAction\":[{\"@type\":\"ReadAction\",\"target\":[\"https:\/\/www.unilim.fr\/medialab\/tutoriels-et-fiches-pratiques-04\/\"]}]},{\"@type\":\"BreadcrumbList\",\"@id\":\"https:\/\/www.unilim.fr\/medialab\/tutoriels-et-fiches-pratiques-04\/#breadcrumb\",\"itemListElement\":[{\"@type\":\"ListItem\",\"position\":1,\"name\":\"Accueil\",\"item\":\"https:\/\/www.unilim.fr\/medialab\/\"},{\"@type\":\"ListItem\",\"position\":2,\"name\":\"Tutoriels et fiches pratiques #04\"}]},{\"@type\":\"WebSite\",\"@id\":\"https:\/\/www.unilim.fr\/medialab\/#website\",\"url\":\"https:\/\/www.unilim.fr\/medialab\/\",\"name\":\"M\u00e9dialab UL\",\"description\":\"universit\u00e9 ouverte source de r\u00e9ussites\",\"potentialAction\":[{\"@type\":\"SearchAction\",\"target\":{\"@type\":\"EntryPoint\",\"urlTemplate\":\"https:\/\/www.unilim.fr\/medialab\/?s={search_term_string}\"},\"query-input\":{\"@type\":\"PropertyValueSpecification\",\"valueRequired\":true,\"valueName\":\"search_term_string\"}}],\"inLanguage\":\"fr-FR\"}]}<\/script>\n<!-- \/ Yoast SEO plugin. -->","yoast_head_json":{"title":"Tutoriels et fiches pratiques #04 - M\u00e9dialab UL","robots":{"index":"index","follow":"follow","max-snippet":"max-snippet:-1","max-image-preview":"max-image-preview:large","max-video-preview":"max-video-preview:-1"},"canonical":"https:\/\/www.unilim.fr\/medialab\/tutoriels-et-fiches-pratiques-04\/","og_locale":"fr_FR","og_type":"article","og_title":"Tutoriels et fiches pratiques #04 - M\u00e9dialab UL","og_url":"https:\/\/www.unilim.fr\/medialab\/tutoriels-et-fiches-pratiques-04\/","og_site_name":"M\u00e9dialab UL","article_modified_time":"2019-10-08T07:04:26+00:00","twitter_card":"summary_large_image","twitter_misc":{"Dur\u00e9e de lecture estim\u00e9e":"4 minutes"},"schema":{"@context":"https:\/\/schema.org","@graph":[{"@type":"WebPage","@id":"https:\/\/www.unilim.fr\/medialab\/tutoriels-et-fiches-pratiques-04\/","url":"https:\/\/www.unilim.fr\/medialab\/tutoriels-et-fiches-pratiques-04\/","name":"Tutoriels et fiches pratiques #04 - M\u00e9dialab UL","isPartOf":{"@id":"https:\/\/www.unilim.fr\/medialab\/#website"},"datePublished":"2019-10-08T00:00:00+00:00","dateModified":"2019-10-08T07:04:26+00:00","breadcrumb":{"@id":"https:\/\/www.unilim.fr\/medialab\/tutoriels-et-fiches-pratiques-04\/#breadcrumb"},"inLanguage":"fr-FR","potentialAction":[{"@type":"ReadAction","target":["https:\/\/www.unilim.fr\/medialab\/tutoriels-et-fiches-pratiques-04\/"]}]},{"@type":"BreadcrumbList","@id":"https:\/\/www.unilim.fr\/medialab\/tutoriels-et-fiches-pratiques-04\/#breadcrumb","itemListElement":[{"@type":"ListItem","position":1,"name":"Accueil","item":"https:\/\/www.unilim.fr\/medialab\/"},{"@type":"ListItem","position":2,"name":"Tutoriels et fiches pratiques #04"}]},{"@type":"WebSite","@id":"https:\/\/www.unilim.fr\/medialab\/#website","url":"https:\/\/www.unilim.fr\/medialab\/","name":"M\u00e9dialab UL","description":"universit\u00e9 ouverte source de r\u00e9ussites","potentialAction":[{"@type":"SearchAction","target":{"@type":"EntryPoint","urlTemplate":"https:\/\/www.unilim.fr\/medialab\/?s={search_term_string}"},"query-input":{"@type":"PropertyValueSpecification","valueRequired":true,"valueName":"search_term_string"}}],"inLanguage":"fr-FR"}]}},"_links":{"self":[{"href":"https:\/\/www.unilim.fr\/medialab\/wp-json\/wp\/v2\/pages\/2557","targetHints":{"allow":["GET"]}}],"collection":[{"href":"https:\/\/www.unilim.fr\/medialab\/wp-json\/wp\/v2\/pages"}],"about":[{"href":"https:\/\/www.unilim.fr\/medialab\/wp-json\/wp\/v2\/types\/page"}],"author":[{"embeddable":true,"href":"https:\/\/www.unilim.fr\/medialab\/wp-json\/wp\/v2\/users\/46"}],"replies":[{"embeddable":true,"href":"https:\/\/www.unilim.fr\/medialab\/wp-json\/wp\/v2\/comments?post=2557"}],"version-history":[{"count":0,"href":"https:\/\/www.unilim.fr\/medialab\/wp-json\/wp\/v2\/pages\/2557\/revisions"}],"wp:attachment":[{"href":"https:\/\/www.unilim.fr\/medialab\/wp-json\/wp\/v2\/media?parent=2557"}],"curies":[{"name":"wp","href":"https:\/\/api.w.org\/{rel}","templated":true}]}}