{"id":2551,"date":"2019-10-06T22:00:00","date_gmt":"2019-10-07T00:00:00","guid":{"rendered":"http:\/\/www.unilim.fr\/canalsup\/tutoriels-et-fiches-pratiques-03\/"},"modified":"2019-10-07T11:39:58","modified_gmt":"2019-10-07T09:39:58","slug":"tutoriels-et-fiches-pratiques-03","status":"publish","type":"page","link":"https:\/\/www.unilim.fr\/medialab\/tutoriels-et-fiches-pratiques-03\/","title":{"rendered":"Tutoriels et fiches pratiques #03"},"content":{"rendered":"        <div class=\"container-fluid  \" style=\"\">\n                      <div class=\"container\">\n                <div class=\"row \" style=\"margin-top: 30px;margin-bottom: 30px\">        <div class=\"col-sm-12 clearfix \">\n            \n        \n        <div class=\"ul-element-header text-left  \">\n\n            <h2 class=\"ul-bold  \" style=\"\">\n                                    <i class=\"fa fa-fw fa-video-camera\"><\/i>\n                                #03 Les r\u00e8gles au cin\u00e9ma                            <\/h2>\n        <\/div>\n                <\/div>\n        <\/div>\n            <\/div>\n                  <\/div>\n                <div class=\"container-fluid  \" style=\"\">\n                      <div class=\"container\">\n                <div class=\"row \" style=\"margin-top: 0px;margin-bottom: 0px\">        <div class=\"col-sm-4 clearfix \">\n            <div style=\"padding:10px 30px;\" class=\"bg-gray-lighter\">\n        \n        <div class=\"ul-element-header text-left  \">\n\n            <h4 class=\"ul-bold  \" style=\"\">\n                                La r\u00e8gle des tiers                            <\/h4>\n        <\/div>\n                <div class=\"clearfix ul-element-text \">\n            \n<p>La r\u00e8gle des tiers consiste \u00e0 <strong>placer les personnages, objets importants ou tout autre \u00e9l\u00e9ment clef sur des lignes imaginaires<\/strong> qui divisent l\u2019image en parties \u00e9gales. Ces lignes doivent \u00eatre plac\u00e9es aux tiers horizontaux et verticaux. On les appelle<strong> les lignes de force<\/strong> et <strong>leurs intersections des points forts.<\/strong><\/p>\n<p>En pla\u00e7ant des \u00e9l\u00e9ments importants au centre d\u2019une image, on cr\u00e9\u00e9 une impression statique et banale. L\u2019objectif de la&nbsp;r\u00e8gle des tiers&nbsp;est de <strong>dynamiser son cadrage<\/strong>, le rendre plus vivant. Pour cela, il faut donc <strong>placer les \u00e9l\u00e9ments importants<\/strong> (personnages, objet, horizon\u2026) <strong>sur les lignes de force,<\/strong> ou encore mieux, <strong>sur les points forts<\/strong> (les points d\u2019intersection) de l\u2019image. L\u2019\u0153il s\u2019appuie naturellement sur ces points forts pour comprendre ce qu\u2019il regarde.<\/p>\n        <\/div>\n        <\/div>        <\/div>\n                <div class=\"col-sm-4 clearfix \">\n                    <div class=\"ul-element-image \">\n            <a href=\"http:\/\/www.unilim.fr\/canalsup\/wp-content\/uploads\/sites\/21\/2019\/10\/regle-des-tiers-3.png\" target=\"\"  rel=\"lightbox\">\n                <img decoding=\"async\" class=\"img-responsive\" src=\"http:\/\/www.unilim.fr\/canalsup\/wp-content\/uploads\/sites\/21\/2019\/10\/regle-des-tiers-3.png\"\/>\n            <\/a>\n        <\/div>\n                <div class=\"clearfix ul-element-text \">\n            \n<h6 style=\"text-align: center\" class=\"ul-bold\">Sources : devenirrealisateur.com<br \/><\/h6>\n<p><\/p>\n        <\/div>\n                <\/div>\n                <div class=\"col-sm-4 clearfix \">\n            \n        \n        <div class=\"ul-element-header text-center  \">\n\n            <h6 class=\"ul-bold  bg-primary\" style=\"padding:10px;\">\n                                Le Seigneur des anneaux de Peter Jackson                <span><br\/><\/span><small> EXEMPLE<\/small>            <\/h6>\n        <\/div>\n                <div class=\"clearfix ul-element-text \">\n            \n<p style=\"text-align: center\">Dans cet exemple, issu du film Le seigneur des anneaux \u2013 Les deux tours de Peter Jackson, toutes ces r\u00e8gles sont appliqu\u00e9es \u00e0 la lettre. Les deux yeux du personnage sont sur la ligne sup\u00e9rieure est l\u2019un d\u2019eux est m\u00eame exactement sur l\u2019un des points d\u2019intersection. Outre le visage, m\u00eame le b\u00e2ton tenu par le personnage est situ\u00e9 sur une ligne directrice. Cela lui donne une aura suppl\u00e9mentaire. L\u2019objet devient indissociable du personnage, sert \u00e0 le repr\u00e9senter.<\/p>\n<p><\/p>\n        <\/div>\n                <\/div>\n        <\/div>\n            <\/div>\n                  <\/div>\n                <div class=\"container-fluid  \" style=\"\">\n                      <div class=\"container\">\n                <div class=\"row \" style=\"margin-top: 0px;margin-bottom: 0px\">        <div class=\"col-sm-12 clearfix \">\n                    <div class=\"\">\n            <hr\/>\n        <\/div>\n                <\/div>\n        <\/div>\n            <\/div>\n                  <\/div>\n                <div class=\"container-fluid  \" style=\"\">\n                      <div class=\"container\">\n                <div class=\"row \" style=\"margin-top: 10px;margin-bottom: 0px\">        <div class=\"col-sm-4 clearfix \">\n            <div style=\"padding:10px 30px;\" class=\"bg-gray-lighter\">\n        \n        <div class=\"ul-element-header text-left  \">\n\n            <h4 class=\"ul-bold  \" style=\"\">\n                                La r\u00e8gle des 180\u00b0                            <\/h4>\n        <\/div>\n                <div class=\"clearfix ul-element-text \">\n            \n<p>La plupart du temps,&nbsp;quand on film un dialogue entre deux personnages, on va filmer un personnage, puis l\u2019autre. C\u2019est ce passage de l\u2019un \u00e0 l\u2019autre qui forme un champ contre champ. <strong>La r\u00e8gle des 180 degr\u00e9s<\/strong> est donc utile pour le dialogue entre deux personnages \u2013 ou plus \u2013 ou quand ils se font face.<\/p>\n<p><\/p>\n        <\/div>\n        <\/div>        <\/div>\n                <div class=\"col-sm-4 clearfix \">\n                    <div class=\"ul-element-image \">\n            <a href=\"http:\/\/www.unilim.fr\/canalsup\/wp-content\/uploads\/sites\/21\/2019\/10\/180-degres-exemple-3.png\" target=\"\"  rel=\"lightbox\">\n                <img decoding=\"async\" class=\"img-responsive\" src=\"http:\/\/www.unilim.fr\/canalsup\/wp-content\/uploads\/sites\/21\/2019\/10\/180-degres-exemple-3.png\"\/>\n            <\/a>\n        <\/div>\n                <div class=\"clearfix ul-element-text \">\n            \n<h6 class=\"ul-bold\" style=\"text-align: center\">Sources : devenirrealisateur.com \/ Retour vers le cin\u00e9ma<br \/><\/h6>\n<p><\/p>\n        <\/div>\n                <\/div>\n                <div class=\"col-sm-4 clearfix \">\n            \n        \n        <div class=\"ul-element-header text-center  \">\n\n            <h6 class=\"ul-bold  bg-primary\" style=\"padding:10px;\">\n                                Explication sch\u00e9matique de la r\u00e8gle des 180\u00b0                            <\/h6>\n        <\/div>\n                <div class=\"clearfix ul-element-text \">\n            \n<p style=\"text-align: center\">Que dit cette r\u00e8gle ? Lorsque l\u2019on filme, il ne faut jamais franchir la ligne de regard entre deux personnages, afin de conserver la coh\u00e9rence spatiale entre les plans. Pour cel\u00e0 toujours filmer la sc\u00e8ne du m\u00eame c\u00f4t\u00e9 de la ligne imaginaire des 180\u00b0<\/p>\n<p><\/p>\n        <\/div>\n                <\/div>\n        <\/div>\n            <\/div>\n                  <\/div>\n                <div class=\"container-fluid  \" style=\"\">\n                      <div class=\"container\">\n                <div class=\"row \" style=\"margin-top: 0px;margin-bottom: 0px\">        <div class=\"col-sm-12 clearfix \">\n                    <div class=\"\">\n            <hr\/>\n        <\/div>\n                <\/div>\n        <\/div>\n            <\/div>\n                  <\/div>\n                <div class=\"container-fluid  \" style=\"\">\n                      <div class=\"container\">\n                <div class=\"row \" style=\"margin-top: 10px;margin-bottom: 0px\">        <div class=\"col-sm-4 clearfix \">\n            <div style=\"padding:10px 30px;\" class=\"bg-gray-lighter\">\n        \n        <div class=\"ul-element-header text-left  \">\n\n            <h4 class=\"ul-bold  \" style=\"\">\n                                La r\u00e8gle des 30\u00b0                            <\/h4>\n        <\/div>\n                <div class=\"clearfix ul-element-text \">\n            \n<p>Elle est moins connue que sa cousine la&nbsp;r\u00e8gle des 180 degr\u00e9s. Pourtant, la r\u00e8gle des 30 degr\u00e9s est tout aussi importante pour \u00e9viter d\u2019avoir de mauvaises surprises au montage\u2026 puisqu\u2019elle permet d\u2019\u00e9viter le plan sur plan (ou jump cut) involontaire.<\/p>\n<p>Admettons, vous souhaitez&nbsp;un sujet \u00e0 une table.&nbsp;Vous r\u00e9alisez un premier plan, puis vous vous d\u00e9placez tr\u00e8s l\u00e9g\u00e8rement sur le c\u00f4t\u00e9. Sans changer de valeur de plan, vous en r\u00e9alisez un deuxi\u00e8me. Et l\u00e0, c\u2019est le drame : vous venez d\u2019enfreindre la r\u00e8gle des 30 degr\u00e9s.<\/p>\n<p><\/p>\n        <\/div>\n        <\/div>        <\/div>\n                <div class=\"col-sm-4 clearfix \">\n                    <div class=\"ul-element-image \">\n            <a href=\"http:\/\/www.unilim.fr\/canalsup\/wp-content\/uploads\/sites\/21\/2019\/10\/30\u00b0.png\" target=\"\"  rel=\"lightbox\">\n                <img decoding=\"async\" class=\"img-responsive\" src=\"http:\/\/www.unilim.fr\/canalsup\/wp-content\/uploads\/sites\/21\/2019\/10\/30\u00b0.png\"\/>\n            <\/a>\n        <\/div>\n                <div class=\"clearfix ul-element-text \">\n            \n<h6 class=\"ul-bold\" style=\"text-align: center\">Sources : Retour vers le cin\u00e9ma \/&nbsp; Canop\u00e9 Toulouse<br \/><\/h6>\n<p><\/p>\n        <\/div>\n                <\/div>\n                <div class=\"col-sm-4 clearfix \">\n            \n        \n        <div class=\"ul-element-header text-center  \">\n\n            <h6 class=\"ul-bold  bg-primary\" style=\"padding:10px;\">\n                                Explication sch\u00e9matique de la r\u00e8gle des 30\u00b0                            <\/h6>\n        <\/div>\n                <div class=\"clearfix ul-element-text \">\n            \n<p style=\"text-align: center\">L&rsquo;angle form\u00e9 entre deux axes de prises de vues sur un m\u00eame sujet et avec une m\u00eame valeur de cadre doit \u00eatre sup\u00e9rieur \u00e0 30 degr\u00e9s . En effet, si l\u2019angle est trop petit, les diff\u00e9rences entre les deux plans seront si minimes que leur juxtaposition au montage provoquera un effet de plan sur plan. Cet effet est v\u00e9cu au visionnage comme une saute d\u2019image d\u00e9plaisante \u00e0 regarder et interpr\u00e9t\u00e9e comme un d\u00e9faut technique par le spectateur.<\/p>\n<p><\/p>\n        <\/div>\n                <\/div>\n        <\/div>\n            <\/div>\n                  <\/div>\n                <div class=\"container-fluid  \" style=\"\">\n                      <div class=\"container\">\n                <div class=\"row \" style=\"margin-top: 30px;margin-bottom: 30px\">        <div class=\"col-sm-3 clearfix \">\n            \n        \n        <div class=\"ul-element-header text-left  \">\n\n            <h2 class=\"ul-bold  bg-primary\" style=\"padding:10px;\">\n                                                            <\/h2>\n        <\/div>\n                <\/div>\n                <div class=\"col-sm-6 clearfix \">\n            \n        \n        <div class=\"ul-element-header text-center  \">\n\n            <h3 class=\"ul-bold  \" style=\"\">\n                                    <i class=\"fa fa-fw fa-video-camera\"><\/i>\n                                Full Tuto Jacket                <span><br\/><\/span><small> #03 Les r\u00e8gles au cin\u00e9ma<\/small>            <\/h3>\n        <\/div>\n                <div class=\"clearfix ul-element-text \">\n            \n<p style=\"text-align: center\">Canalsup lance sa s\u00e9rie de tutos m\u00e9dia ! Avec Full Tuto Jacket, tu vas apprendre \u00e0 r\u00e9aliser tes vid\u00e9os. Voici le&nbsp;troisi\u00e8me \u00e9pisode sur les r\u00e8gles au cin\u00e9ma.<\/p>\n<p><\/p>\n        <\/div>\n        <div class=\"ul-element-videojs \">\t\t\r\n\t\t<!-- Begin Video.js Responsive Wrapper -->\r\n\t\t<div style='max-width:1600px'>\r\n\t\t\t<div class='video-wrapper' style='padding-bottom:56.25%;'>\r\n\t\t\t\t\r\n\t<!-- Begin Video.js -->\r\n\t<video id=\"example_video_id_472500122\" class=\"video-js vjs-default-skin embed-responsive embed-responsive-16by9\" width=\"1600\" height=\"900\" controls preload=\"none\" data-setup='{\"forceSSL\":\"true\",\"techOrder\":[\"youtube\"],\"src\":\"https:\/\/www.youtube.com\/watch?v=seglPQjzKw8\"}'>\r\n\t\t\r\n\t\t\r\n\t\t\r\n\t<\/video>\r\n\t<!-- End Video.js -->\r\n\r\n\t\t\t<\/div>\r\n\t\t<\/div>\r\n\t\t<!-- End Video.js Responsive Wrapper -->\r\n\t\t<\/div>        <\/div>\n                <div class=\"col-sm-3 clearfix \">\n            \n        \n        <div class=\"ul-element-header text-left  \">\n\n            <h2 class=\"ul-bold  bg-primary\" style=\"padding:10px;\">\n                                                            <\/h2>\n        <\/div>\n                <\/div>\n        <\/div>\n            <\/div>\n                  <\/div>\n        \n","protected":false},"excerpt":{"rendered":"","protected":false},"author":46,"featured_media":0,"parent":0,"menu_order":0,"comment_status":"closed","ping_status":"closed","template":"page-le.php","meta":{"footnotes":""},"class_list":["post-2551","page","type-page","status-publish","hentry"],"yoast_head":"<!-- This site is optimized with the Yoast SEO plugin v26.5 - https:\/\/yoast.com\/wordpress\/plugins\/seo\/ -->\n<title>Tutoriels et fiches pratiques #03 - M\u00e9dialab UL<\/title>\n<meta name=\"robots\" content=\"index, follow, max-snippet:-1, max-image-preview:large, max-video-preview:-1\" \/>\n<link rel=\"canonical\" href=\"https:\/\/www.unilim.fr\/medialab\/tutoriels-et-fiches-pratiques-03\/\" \/>\n<meta property=\"og:locale\" content=\"fr_FR\" \/>\n<meta property=\"og:type\" content=\"article\" \/>\n<meta property=\"og:title\" content=\"Tutoriels et fiches pratiques #03 - M\u00e9dialab UL\" \/>\n<meta property=\"og:url\" content=\"https:\/\/www.unilim.fr\/medialab\/tutoriels-et-fiches-pratiques-03\/\" \/>\n<meta property=\"og:site_name\" content=\"M\u00e9dialab UL\" \/>\n<meta property=\"article:modified_time\" content=\"2019-10-07T09:39:58+00:00\" \/>\n<meta name=\"twitter:card\" content=\"summary_large_image\" \/>\n<meta name=\"twitter:label1\" content=\"Dur\u00e9e de lecture estim\u00e9e\" \/>\n\t<meta name=\"twitter:data1\" content=\"6 minutes\" \/>\n<script type=\"application\/ld+json\" class=\"yoast-schema-graph\">{\"@context\":\"https:\/\/schema.org\",\"@graph\":[{\"@type\":\"WebPage\",\"@id\":\"https:\/\/www.unilim.fr\/medialab\/tutoriels-et-fiches-pratiques-03\/\",\"url\":\"https:\/\/www.unilim.fr\/medialab\/tutoriels-et-fiches-pratiques-03\/\",\"name\":\"Tutoriels et fiches pratiques #03 - M\u00e9dialab UL\",\"isPartOf\":{\"@id\":\"https:\/\/www.unilim.fr\/medialab\/#website\"},\"datePublished\":\"2019-10-07T00:00:00+00:00\",\"dateModified\":\"2019-10-07T09:39:58+00:00\",\"breadcrumb\":{\"@id\":\"https:\/\/www.unilim.fr\/medialab\/tutoriels-et-fiches-pratiques-03\/#breadcrumb\"},\"inLanguage\":\"fr-FR\",\"potentialAction\":[{\"@type\":\"ReadAction\",\"target\":[\"https:\/\/www.unilim.fr\/medialab\/tutoriels-et-fiches-pratiques-03\/\"]}]},{\"@type\":\"BreadcrumbList\",\"@id\":\"https:\/\/www.unilim.fr\/medialab\/tutoriels-et-fiches-pratiques-03\/#breadcrumb\",\"itemListElement\":[{\"@type\":\"ListItem\",\"position\":1,\"name\":\"Accueil\",\"item\":\"https:\/\/www.unilim.fr\/medialab\/\"},{\"@type\":\"ListItem\",\"position\":2,\"name\":\"Tutoriels et fiches pratiques #03\"}]},{\"@type\":\"WebSite\",\"@id\":\"https:\/\/www.unilim.fr\/medialab\/#website\",\"url\":\"https:\/\/www.unilim.fr\/medialab\/\",\"name\":\"M\u00e9dialab UL\",\"description\":\"universit\u00e9 ouverte source de r\u00e9ussites\",\"potentialAction\":[{\"@type\":\"SearchAction\",\"target\":{\"@type\":\"EntryPoint\",\"urlTemplate\":\"https:\/\/www.unilim.fr\/medialab\/?s={search_term_string}\"},\"query-input\":{\"@type\":\"PropertyValueSpecification\",\"valueRequired\":true,\"valueName\":\"search_term_string\"}}],\"inLanguage\":\"fr-FR\"}]}<\/script>\n<!-- \/ Yoast SEO plugin. -->","yoast_head_json":{"title":"Tutoriels et fiches pratiques #03 - M\u00e9dialab UL","robots":{"index":"index","follow":"follow","max-snippet":"max-snippet:-1","max-image-preview":"max-image-preview:large","max-video-preview":"max-video-preview:-1"},"canonical":"https:\/\/www.unilim.fr\/medialab\/tutoriels-et-fiches-pratiques-03\/","og_locale":"fr_FR","og_type":"article","og_title":"Tutoriels et fiches pratiques #03 - M\u00e9dialab UL","og_url":"https:\/\/www.unilim.fr\/medialab\/tutoriels-et-fiches-pratiques-03\/","og_site_name":"M\u00e9dialab UL","article_modified_time":"2019-10-07T09:39:58+00:00","twitter_card":"summary_large_image","twitter_misc":{"Dur\u00e9e de lecture estim\u00e9e":"6 minutes"},"schema":{"@context":"https:\/\/schema.org","@graph":[{"@type":"WebPage","@id":"https:\/\/www.unilim.fr\/medialab\/tutoriels-et-fiches-pratiques-03\/","url":"https:\/\/www.unilim.fr\/medialab\/tutoriels-et-fiches-pratiques-03\/","name":"Tutoriels et fiches pratiques #03 - M\u00e9dialab UL","isPartOf":{"@id":"https:\/\/www.unilim.fr\/medialab\/#website"},"datePublished":"2019-10-07T00:00:00+00:00","dateModified":"2019-10-07T09:39:58+00:00","breadcrumb":{"@id":"https:\/\/www.unilim.fr\/medialab\/tutoriels-et-fiches-pratiques-03\/#breadcrumb"},"inLanguage":"fr-FR","potentialAction":[{"@type":"ReadAction","target":["https:\/\/www.unilim.fr\/medialab\/tutoriels-et-fiches-pratiques-03\/"]}]},{"@type":"BreadcrumbList","@id":"https:\/\/www.unilim.fr\/medialab\/tutoriels-et-fiches-pratiques-03\/#breadcrumb","itemListElement":[{"@type":"ListItem","position":1,"name":"Accueil","item":"https:\/\/www.unilim.fr\/medialab\/"},{"@type":"ListItem","position":2,"name":"Tutoriels et fiches pratiques #03"}]},{"@type":"WebSite","@id":"https:\/\/www.unilim.fr\/medialab\/#website","url":"https:\/\/www.unilim.fr\/medialab\/","name":"M\u00e9dialab UL","description":"universit\u00e9 ouverte source de r\u00e9ussites","potentialAction":[{"@type":"SearchAction","target":{"@type":"EntryPoint","urlTemplate":"https:\/\/www.unilim.fr\/medialab\/?s={search_term_string}"},"query-input":{"@type":"PropertyValueSpecification","valueRequired":true,"valueName":"search_term_string"}}],"inLanguage":"fr-FR"}]}},"_links":{"self":[{"href":"https:\/\/www.unilim.fr\/medialab\/wp-json\/wp\/v2\/pages\/2551","targetHints":{"allow":["GET"]}}],"collection":[{"href":"https:\/\/www.unilim.fr\/medialab\/wp-json\/wp\/v2\/pages"}],"about":[{"href":"https:\/\/www.unilim.fr\/medialab\/wp-json\/wp\/v2\/types\/page"}],"author":[{"embeddable":true,"href":"https:\/\/www.unilim.fr\/medialab\/wp-json\/wp\/v2\/users\/46"}],"replies":[{"embeddable":true,"href":"https:\/\/www.unilim.fr\/medialab\/wp-json\/wp\/v2\/comments?post=2551"}],"version-history":[{"count":0,"href":"https:\/\/www.unilim.fr\/medialab\/wp-json\/wp\/v2\/pages\/2551\/revisions"}],"wp:attachment":[{"href":"https:\/\/www.unilim.fr\/medialab\/wp-json\/wp\/v2\/media?parent=2551"}],"curies":[{"name":"wp","href":"https:\/\/api.w.org\/{rel}","templated":true}]}}