{"id":2548,"date":"2019-10-06T22:00:00","date_gmt":"2019-10-07T00:00:00","guid":{"rendered":"http:\/\/www.unilim.fr\/canalsup\/tutoriels-et-fiches-pratiques-01-2\/"},"modified":"2019-10-07T11:34:26","modified_gmt":"2019-10-07T09:34:26","slug":"tutoriels-et-fiches-pratiques-02","status":"publish","type":"page","link":"https:\/\/www.unilim.fr\/medialab\/tutoriels-et-fiches-pratiques-02\/","title":{"rendered":"Tutoriels et fiches pratiques #02"},"content":{"rendered":"        <div class=\"container-fluid  \" style=\"\">\n                      <div class=\"container\">\n                <div class=\"row \" style=\"margin-top: 30px;margin-bottom: 30px\">        <div class=\"col-sm-12 clearfix \">\n            \n        \n        <div class=\"ul-element-header text-left  \">\n\n            <h2 class=\"ul-bold  \" style=\"\">\n                                    <i class=\"fa fa-fw fa-video-camera\"><\/i>\n                                #02 Les mouvements de cam\u00e9ra                            <\/h2>\n        <\/div>\n                <\/div>\n        <\/div>\n            <\/div>\n                  <\/div>\n                <div class=\"container-fluid  \" style=\"\">\n                      <div class=\"container\">\n                <div class=\"row \" style=\"margin-top: 30px;margin-bottom: 30px\">        <div class=\"col-sm-12 clearfix \">\n                    <div class=\"clearfix ul-element-text \">\n            \n<p>Lorsque vous filmez, <strong>diff\u00e9rents mouvements de cam\u00e9ra sont possibles.<\/strong><\/p>\n<p>Dans tous les cas, <strong>attention<\/strong> \u00e0 ne pas effectuer de <strong>mouvements brusques<\/strong> et d&rsquo;\u00e9viter d&rsquo;incessants mouvements, engendrant un <strong>inconfort au visionnage<\/strong>.<\/p>\n<p><strong>Attention<\/strong> \u00e0 ne jamais <strong>cumuler tous les angles et tous les mouvements dans un m\u00eame plan<\/strong>. Le plan r\u00e9sultant ne sera pas exploitable, car il donnera le sentiment de bouger dans tous les sens et sera abominable \u00e0 regarder. N\u2019oubliez pas \u00e9galement de <strong>faire attention \u00e0 ce qui est en arri\u00e8re-plan de votre prise de vue<\/strong>.<\/p>\n<p><\/p>\n        <\/div>\n                <\/div>\n        <\/div>\n            <\/div>\n                  <\/div>\n                <div class=\"container-fluid  \" style=\"\">\n                      <div class=\"container\">\n                <div class=\"row \" style=\"margin-top: 0px;margin-bottom: 0px\">        <div class=\"col-sm-3 clearfix \">\n            <div style=\"padding:10px 30px;\" class=\"bg-gray-lighter\">        <div class=\"clearfix ul-element-text \">\n            \n<h4 class=\"ul-bold\" style=\"text-align: left\"><span style=\"text-decoration: underline\"><strong><span style=\"text-align: center;background-color: transparent\">Cam\u00e9ra fixe :<\/span><\/strong><\/span><br \/><\/h4>\n<p style=\"text-align: left\">Aucun mouvement de la cam\u00e9ra, elle est sur pied et ne bouge pas.<\/p>\n<p style=\"text-align: left\"><\/p>\n        <\/div>\n        <\/div>        <\/div>\n                <div class=\"col-sm-3 clearfix \">\n            <div style=\"padding:10px 30px;\" class=\"bg-gray-lighter\">        <div class=\"clearfix ul-element-text \">\n            \n<h4 class=\"ul-bold\" style=\"text-align: left\"><span style=\"text-decoration: underline\"><strong><span style=\"background-color: transparent\">Panoramique :<\/span><\/strong><\/span><br \/><\/h4>\n<p style=\"text-align: left\">La cam\u00e9ra pivote sur son axe autour de son point de fixation, soit horizontalement (panoramique<br \/>horizontal), soit verticalement<br \/>(panoramique vertical). Son r\u00f4le est<br \/>g\u00e9n\u00e9ralement descriptif. C\u2019est une bonne alternative \u00e0 une s\u00e9rie de plans fixes. Il permet notamment de parcourir des espaces, de suivre facilement une action.<\/p>\n<p style=\"text-align: left\"><\/p>\n        <\/div>\n        <\/div>        <\/div>\n                <div class=\"col-sm-3 clearfix \">\n            <div style=\"padding:10px 30px;\" class=\"bg-gray-lighter\">        <div class=\"clearfix ul-element-text \">\n            \n<h4 class=\"ul-bold\" style=\"text-align: left\"><span style=\"text-decoration: underline\"><strong>Travelling :<\/strong><\/span><\/h4>\n<p style=\"text-align: left\">La cam\u00e9ra et son support se<br \/>d\u00e9placent. On distingue les travellings<br \/>avant et arri\u00e8re et les travelling lat\u00e9raux.<br \/>Lors d&rsquo;un travelling avant, la cam\u00e9ra<br \/>avance en visant un point fixe. Ce<br \/>mouvement permet de rentrer dans<br \/>l&rsquo;action ou d&rsquo;explorer un espace. Le<br \/>mouvement est invers\u00e9 pour le travelling<br \/>arri\u00e8re : on se retire d&rsquo;un lieu, on conclut<br \/>une s\u00e9quence, &#8230; Dans un travelling lat\u00e9ral, la cam\u00e9ra est orient\u00e9e \u00e0 90\u00b0 par rapport au d\u00e9placement du personnage.<\/p>\n<p><\/p>\n        <\/div>\n        <\/div>        <\/div>\n                <div class=\"col-sm-3 clearfix \">\n            <div style=\"padding:10px 30px;\" class=\"bg-gray-lighter\">        <div class=\"clearfix ul-element-text \">\n            \n<h4 class=\"ul-bold\" style=\"text-align: left\"><span style=\"text-decoration: underline\"><strong>Cam\u00e9ra \u00e9paule ou libre :<\/strong><\/span><\/h4>\n<p style=\"text-align: left\">La cam\u00e9ra port\u00e9e<br \/>peut \u00eatre utilis\u00e9e pour les cam\u00e9ras<br \/>subjectives.<\/p>\n<p style=\"text-align: left\"><\/p>\n        <\/div>\n        <\/div>        <\/div>\n        <\/div>\n            <\/div>\n                  <\/div>\n                <div class=\"container-fluid  \" style=\"\">\n                      <div class=\"container\">\n                <div class=\"row \" style=\"margin-top: 30px;margin-bottom: 30px\">        <div class=\"col-sm-12 clearfix \">\n                    <div class=\"clearfix ul-element-text \">\n            \n<p>Qui dit <strong>\u00ab\u00a0mouvements\u00a0\u00bb<\/strong> dit <strong>\u00ab\u00a0raccords de mouvements\u00a0\u00bb<\/strong>.&nbsp;<\/p>\n<p>Le raccord dans le mouvement&nbsp; est effectu\u00e9 au cours d&rsquo;un mouvement qui se poursuit dans le<strong> plan suivant<\/strong>.<\/p>\n<p><\/p>\n        <\/div>\n                <\/div>\n        <\/div>\n            <\/div>\n                  <\/div>\n                <div class=\"container-fluid  \" style=\"\">\n                      <div class=\"container\">\n                <div class=\"row \" style=\"margin-top: 0px;margin-bottom: 0px\">        <div class=\"col-sm-3 clearfix \">\n            <div style=\"padding:10px 30px;\" class=\"bg-gray-lighter\">        <div class=\"clearfix ul-element-text \">\n            \n<h4 class=\"ul-bold\" style=\"text-align: left\"><span style=\"text-decoration: underline\"><strong>Le raccord 180\u00b0 :<\/strong><\/span><\/h4>\n<p style=\"text-align: left\">La cam\u00e9ra effectue une rotation de 180\u00b0 pour passer d&rsquo;un plan au suivant.<\/p>\n<p style=\"text-align: left\"><\/p>\n        <\/div>\n        <\/div>        <\/div>\n                <div class=\"col-sm-3 clearfix \">\n            <div style=\"padding:10px 30px;\" class=\"bg-gray-lighter\">        <div class=\"clearfix ul-element-text \">\n            \n<h4 class=\"ul-bold\" style=\"text-align: left\"><span style=\"text-decoration: underline\"><strong>La r\u00e8gle des 180\u00b0 :<\/strong><\/span><\/h4>\n<p style=\"text-align: left\">Elle est li\u00e9e \u00e0 la perception<br \/>de l&rsquo;espace dans une sc\u00e8ne o\u00f9 des<br \/>personnages sont en interaction.<br \/>L&rsquo;exemple typique est le champ\/contrechamp. Si l&rsquo;on trace une ligne imaginaire<br \/>entre les deux com\u00e9diens (l&rsquo;axe des 180\u00b0),<br \/>la cam\u00e9ra ne devra pas franchir cet axe<br \/>pendant la sc\u00e8ne.<\/p>\n<p><\/p>\n        <\/div>\n        <\/div>        <\/div>\n                <div class=\"col-sm-3 clearfix \">\n            <div style=\"padding:10px 30px;\" class=\"bg-gray-lighter\">        <div class=\"clearfix ul-element-text \">\n            \n<h4 class=\"ul-bold\"><span style=\"text-decoration: underline\"><strong>La r\u00e8gle des 30\u00b0 : <\/strong><\/span><\/h4>\n<p>Lorsqu&rsquo;un m\u00eame sujet<br \/>est pr\u00e9sent dans deux plans qui se<br \/>succ\u00e8dent, et que la valeur de ces plans<br \/>est la m\u00eame, la diff\u00e9rence entre l&rsquo;angle<br \/>sous lequel le sujet est film\u00e9 dans le<br \/>premier et le deuxi\u00e8me plan doit \u00eatre<br \/>sup\u00e9rieure \u00e0 30\u00b0. <\/p>\n<p><\/p>\n        <\/div>\n        <\/div>        <\/div>\n                <div class=\"col-sm-3 clearfix \">\n            <div style=\"padding:10px 30px;\" class=\"bg-gray-lighter\">        <div class=\"clearfix ul-element-text \">\n            \n<h4 class=\"ul-bold\"><span style=\"text-decoration: underline\"><strong>Le raccord d\u2019entr\u00e9e et de sortie de champ&nbsp;<\/strong><\/span><span style=\"text-decoration: underline\"><strong>ou raccord de direction :<\/strong><\/span><\/h4>\n<p>Sur le premier plan un personnage sort du cadre \u00e0 un point donn\u00e9. Le plan suivant, le<br \/>personnage entre dans le cadre au point<br \/>oppos\u00e9. Par exemple le personnage sort<br \/>du champ par la droite et au plan suivant,<br \/>il entre par la gauche.<\/p>\n<p><\/p>\n        <\/div>\n        <\/div>        <\/div>\n        <\/div>\n            <\/div>\n                  <\/div>\n                <div class=\"container-fluid  \" style=\"\">\n                      <div class=\"container\">\n                <div class=\"row \" style=\"margin-top: 30px;margin-bottom: 30px\">        <div class=\"col-sm-3 clearfix \">\n            <div style=\"padding:10px 30px;\" class=\"bg-gray-lighter\">        <div class=\"clearfix ul-element-text \">\n            \n<h4 class=\"ul-bold\"><span style=\"text-decoration: underline\"><strong>Le raccord champ\/contre-champ :<\/strong><\/span><\/h4>\n<p>La cam\u00e9ra change r\u00e9guli\u00e8rement d&rsquo;angle de vue sans changer son cadrage. C&rsquo;est un raccord tr\u00e8s utilis\u00e9 pour un dialogue lors duquel la cam\u00e9ra s&rsquo;oriente successivement vers le locuteur courant.<\/p>\n<p><\/p>\n        <\/div>\n        <\/div>        <\/div>\n                <div class=\"col-sm-3 clearfix \">\n            <div style=\"padding:10px 30px;\" class=\"bg-gray-lighter\">        <div class=\"clearfix ul-element-text \">\n            \n<h4 class=\"ul-bold\"><span style=\"text-decoration: underline\"><strong>Le raccord dans l&rsquo;axe :<\/strong><\/span><\/h4>\n<p> Un changement de cadrage est effectu\u00e9 sans changer l&rsquo;angle de la prise de vue. Par exemple on passe<br \/>d&rsquo;un plan rapproch\u00e9 (plan taille) \u00e0 un gros plan. Pour \u00e9viter une saute visuelle entre deux plans mont\u00e9s en raccord dans l&rsquo;axe, il faut sauter au moins une valeur, par exemple passer d&rsquo;un plan taille \u00e0 un gros plan, mais pas d&rsquo;un plan am\u00e9ricain \u00e0 un plan taille.<\/p>\n<p><\/p>\n        <\/div>\n        <\/div>        <\/div>\n                <div class=\"col-sm-3 clearfix \">\n            <div style=\"padding:10px 30px;\" class=\"bg-gray-lighter\">        <div class=\"clearfix ul-element-text \">\n            \n<h4 class=\"ul-bold\"><span style=\"text-decoration: underline\"><strong>Le raccord de regard :<\/strong><\/span><\/h4>\n<p>Un regard permet d&rsquo;introduire le plan suivant qui pr\u00e9cisera l&rsquo;objet ou la sc\u00e8ne regard\u00e9.<\/p>\n<p><\/p>\n        <\/div>\n        <\/div>        <\/div>\n                <div class=\"col-sm-3 clearfix \">\n            <div style=\"padding:10px 30px;\" class=\"bg-gray-lighter\">        <div class=\"clearfix ul-element-text \">\n            \n<h4 class=\"ul-bold\"><span style=\"text-decoration: underline\"><strong>Le faux raccord : <\/strong><\/span><\/h4>\n<p>Il s&rsquo;agit d&rsquo;une incoh\u00e9rence entre deux plans qui peut rendre difficile la compr\u00e9hension d&rsquo;une sc\u00e8ne ou l&rsquo;appr\u00e9hension du lieu dans lequel elle se d\u00e9roule. Un faux raccord cr\u00e9e une discontinuit\u00e9 narrative perturbante pour le spectateur, mais dans certains cas il s&rsquo;agit d&rsquo;un effet recherch\u00e9. <\/p>\n<p><\/p>\n        <\/div>\n        <\/div>        <\/div>\n        <\/div>\n            <\/div>\n                  <\/div>\n                <div class=\"container-fluid  \" style=\"\">\n                      <div class=\"container\">\n                <div class=\"row \" style=\"margin-top: 30px;margin-bottom: 30px\">        <div class=\"col-sm-12 clearfix \">\n                    <div class=\"clearfix ul-element-text \">\n            \n<h6 style=\"text-align: center\" class=\"ul-bold\">Sources : blogs.lyceecfadumene &#8211; informatique<br \/><\/h6>\n<p><\/p>\n        <\/div>\n                <\/div>\n        <\/div>\n            <\/div>\n                  <\/div>\n                <div class=\"container-fluid  \" style=\"\">\n                      <div class=\"container\">\n                <div class=\"row \" style=\"margin-top: 30px;margin-bottom: 30px\">        <div class=\"col-sm-3 clearfix \">\n            <div style=\"padding:10px 30px;\" class=\"bg-primary\"><\/div>        <\/div>\n                <div class=\"col-sm-6 clearfix \">\n            \n        \n        <div class=\"ul-element-header text-center  \">\n\n            <h3 class=\"ul-bold  \" style=\"\">\n                                    <i class=\"fa fa-fw fa-video-camera\"><\/i>\n                                Full Tuto Jacket                <span><br\/><\/span><small> #02 Les mouvements de cam\u00e9ra<\/small>            <\/h3>\n        <\/div>\n                <div class=\"clearfix ul-element-text \">\n            \n<p style=\"text-align: center\">Canalsup lance sa s\u00e9rie de tutos m\u00e9dia ! Avec Full Tuto Jacket, tu vas apprendre \u00e0 r\u00e9aliser tes vid\u00e9os. Voici le&nbsp;deuxi\u00e8me \u00e9pisode sur les mouvements de cam\u00e9ra.<\/p>\n<p><\/p>\n        <\/div>\n        <div class=\"ul-element-videojs \">\t\t\r\n\t\t<!-- Begin Video.js Responsive Wrapper -->\r\n\t\t<div style='max-width:1600px'>\r\n\t\t\t<div class='video-wrapper' style='padding-bottom:56.25%;'>\r\n\t\t\t\t\r\n\t<!-- Begin Video.js -->\r\n\t<video id=\"example_video_id_180205901\" class=\"video-js vjs-default-skin embed-responsive embed-responsive-16by9\" width=\"1600\" height=\"900\" controls preload=\"none\" data-setup='{\"forceSSL\":\"true\",\"techOrder\":[\"youtube\"],\"src\":\"https:\/\/www.youtube.com\/watch?v=qFQyPLzPVWk&amp;t=2s\"}'>\r\n\t\t\r\n\t\t\r\n\t\t\r\n\t<\/video>\r\n\t<!-- End Video.js -->\r\n\r\n\t\t\t<\/div>\r\n\t\t<\/div>\r\n\t\t<!-- End Video.js Responsive Wrapper -->\r\n\t\t<\/div>        <\/div>\n                <div class=\"col-sm-3 clearfix \">\n            <div style=\"padding:10px 30px;\" class=\"bg-primary\"><\/div>        <\/div>\n        <\/div>\n            <\/div>\n                  <\/div>\n        \n","protected":false},"excerpt":{"rendered":"","protected":false},"author":46,"featured_media":0,"parent":0,"menu_order":0,"comment_status":"closed","ping_status":"closed","template":"page-le.php","meta":{"footnotes":""},"class_list":["post-2548","page","type-page","status-publish","hentry"],"yoast_head":"<!-- This site is optimized with the Yoast SEO plugin v26.5 - https:\/\/yoast.com\/wordpress\/plugins\/seo\/ -->\n<title>Tutoriels et fiches pratiques #02 - M\u00e9dialab UL<\/title>\n<meta name=\"robots\" content=\"index, follow, max-snippet:-1, max-image-preview:large, max-video-preview:-1\" \/>\n<link rel=\"canonical\" href=\"https:\/\/www.unilim.fr\/medialab\/tutoriels-et-fiches-pratiques-02\/\" \/>\n<meta property=\"og:locale\" content=\"fr_FR\" \/>\n<meta property=\"og:type\" content=\"article\" \/>\n<meta property=\"og:title\" content=\"Tutoriels et fiches pratiques #02 - M\u00e9dialab UL\" \/>\n<meta property=\"og:url\" content=\"https:\/\/www.unilim.fr\/medialab\/tutoriels-et-fiches-pratiques-02\/\" \/>\n<meta property=\"og:site_name\" content=\"M\u00e9dialab UL\" \/>\n<meta property=\"article:modified_time\" content=\"2019-10-07T09:34:26+00:00\" \/>\n<meta name=\"twitter:card\" content=\"summary_large_image\" \/>\n<meta name=\"twitter:label1\" content=\"Dur\u00e9e de lecture estim\u00e9e\" \/>\n\t<meta name=\"twitter:data1\" content=\"6 minutes\" \/>\n<script type=\"application\/ld+json\" class=\"yoast-schema-graph\">{\"@context\":\"https:\/\/schema.org\",\"@graph\":[{\"@type\":\"WebPage\",\"@id\":\"https:\/\/www.unilim.fr\/medialab\/tutoriels-et-fiches-pratiques-02\/\",\"url\":\"https:\/\/www.unilim.fr\/medialab\/tutoriels-et-fiches-pratiques-02\/\",\"name\":\"Tutoriels et fiches pratiques #02 - M\u00e9dialab UL\",\"isPartOf\":{\"@id\":\"https:\/\/www.unilim.fr\/medialab\/#website\"},\"datePublished\":\"2019-10-07T00:00:00+00:00\",\"dateModified\":\"2019-10-07T09:34:26+00:00\",\"breadcrumb\":{\"@id\":\"https:\/\/www.unilim.fr\/medialab\/tutoriels-et-fiches-pratiques-02\/#breadcrumb\"},\"inLanguage\":\"fr-FR\",\"potentialAction\":[{\"@type\":\"ReadAction\",\"target\":[\"https:\/\/www.unilim.fr\/medialab\/tutoriels-et-fiches-pratiques-02\/\"]}]},{\"@type\":\"BreadcrumbList\",\"@id\":\"https:\/\/www.unilim.fr\/medialab\/tutoriels-et-fiches-pratiques-02\/#breadcrumb\",\"itemListElement\":[{\"@type\":\"ListItem\",\"position\":1,\"name\":\"Accueil\",\"item\":\"https:\/\/www.unilim.fr\/medialab\/\"},{\"@type\":\"ListItem\",\"position\":2,\"name\":\"Tutoriels et fiches pratiques #02\"}]},{\"@type\":\"WebSite\",\"@id\":\"https:\/\/www.unilim.fr\/medialab\/#website\",\"url\":\"https:\/\/www.unilim.fr\/medialab\/\",\"name\":\"M\u00e9dialab UL\",\"description\":\"universit\u00e9 ouverte source de r\u00e9ussites\",\"potentialAction\":[{\"@type\":\"SearchAction\",\"target\":{\"@type\":\"EntryPoint\",\"urlTemplate\":\"https:\/\/www.unilim.fr\/medialab\/?s={search_term_string}\"},\"query-input\":{\"@type\":\"PropertyValueSpecification\",\"valueRequired\":true,\"valueName\":\"search_term_string\"}}],\"inLanguage\":\"fr-FR\"}]}<\/script>\n<!-- \/ Yoast SEO plugin. -->","yoast_head_json":{"title":"Tutoriels et fiches pratiques #02 - M\u00e9dialab UL","robots":{"index":"index","follow":"follow","max-snippet":"max-snippet:-1","max-image-preview":"max-image-preview:large","max-video-preview":"max-video-preview:-1"},"canonical":"https:\/\/www.unilim.fr\/medialab\/tutoriels-et-fiches-pratiques-02\/","og_locale":"fr_FR","og_type":"article","og_title":"Tutoriels et fiches pratiques #02 - M\u00e9dialab UL","og_url":"https:\/\/www.unilim.fr\/medialab\/tutoriels-et-fiches-pratiques-02\/","og_site_name":"M\u00e9dialab UL","article_modified_time":"2019-10-07T09:34:26+00:00","twitter_card":"summary_large_image","twitter_misc":{"Dur\u00e9e de lecture estim\u00e9e":"6 minutes"},"schema":{"@context":"https:\/\/schema.org","@graph":[{"@type":"WebPage","@id":"https:\/\/www.unilim.fr\/medialab\/tutoriels-et-fiches-pratiques-02\/","url":"https:\/\/www.unilim.fr\/medialab\/tutoriels-et-fiches-pratiques-02\/","name":"Tutoriels et fiches pratiques #02 - M\u00e9dialab UL","isPartOf":{"@id":"https:\/\/www.unilim.fr\/medialab\/#website"},"datePublished":"2019-10-07T00:00:00+00:00","dateModified":"2019-10-07T09:34:26+00:00","breadcrumb":{"@id":"https:\/\/www.unilim.fr\/medialab\/tutoriels-et-fiches-pratiques-02\/#breadcrumb"},"inLanguage":"fr-FR","potentialAction":[{"@type":"ReadAction","target":["https:\/\/www.unilim.fr\/medialab\/tutoriels-et-fiches-pratiques-02\/"]}]},{"@type":"BreadcrumbList","@id":"https:\/\/www.unilim.fr\/medialab\/tutoriels-et-fiches-pratiques-02\/#breadcrumb","itemListElement":[{"@type":"ListItem","position":1,"name":"Accueil","item":"https:\/\/www.unilim.fr\/medialab\/"},{"@type":"ListItem","position":2,"name":"Tutoriels et fiches pratiques #02"}]},{"@type":"WebSite","@id":"https:\/\/www.unilim.fr\/medialab\/#website","url":"https:\/\/www.unilim.fr\/medialab\/","name":"M\u00e9dialab UL","description":"universit\u00e9 ouverte source de r\u00e9ussites","potentialAction":[{"@type":"SearchAction","target":{"@type":"EntryPoint","urlTemplate":"https:\/\/www.unilim.fr\/medialab\/?s={search_term_string}"},"query-input":{"@type":"PropertyValueSpecification","valueRequired":true,"valueName":"search_term_string"}}],"inLanguage":"fr-FR"}]}},"_links":{"self":[{"href":"https:\/\/www.unilim.fr\/medialab\/wp-json\/wp\/v2\/pages\/2548","targetHints":{"allow":["GET"]}}],"collection":[{"href":"https:\/\/www.unilim.fr\/medialab\/wp-json\/wp\/v2\/pages"}],"about":[{"href":"https:\/\/www.unilim.fr\/medialab\/wp-json\/wp\/v2\/types\/page"}],"author":[{"embeddable":true,"href":"https:\/\/www.unilim.fr\/medialab\/wp-json\/wp\/v2\/users\/46"}],"replies":[{"embeddable":true,"href":"https:\/\/www.unilim.fr\/medialab\/wp-json\/wp\/v2\/comments?post=2548"}],"version-history":[{"count":0,"href":"https:\/\/www.unilim.fr\/medialab\/wp-json\/wp\/v2\/pages\/2548\/revisions"}],"wp:attachment":[{"href":"https:\/\/www.unilim.fr\/medialab\/wp-json\/wp\/v2\/media?parent=2548"}],"curies":[{"name":"wp","href":"https:\/\/api.w.org\/{rel}","templated":true}]}}