{"id":2540,"date":"2019-10-06T22:00:00","date_gmt":"2019-10-04T00:00:00","guid":{"rendered":"http:\/\/www.unilim.fr\/canalsup\/tutoriels-et-fiches-pratiques-01\/"},"modified":"2019-10-07T11:32:14","modified_gmt":"2019-10-07T09:32:14","slug":"tutoriels-et-fiches-pratiques-01","status":"publish","type":"page","link":"https:\/\/www.unilim.fr\/medialab\/tutoriels-et-fiches-pratiques-01\/","title":{"rendered":"Tutoriels et fiches pratiques #01"},"content":{"rendered":"        <div class=\"container-fluid  \" style=\"\">\n                      <div class=\"container\">\n                <div class=\"row \" style=\"margin-top: 30px;margin-bottom: 30px\">        <div class=\"col-sm-12 clearfix \">\n            \n        \n        <div class=\"ul-element-header text-left  \">\n\n            <h2 class=\"ul-bold  \" style=\"\">\n                                    <i class=\"fa fa-fw fa-video-camera\"><\/i>\n                                #01 Les valeurs de plan                            <\/h2>\n        <\/div>\n                <\/div>\n        <\/div>\n            <\/div>\n                  <\/div>\n                <div class=\"container-fluid  \" style=\"\">\n                      <div class=\"container\">\n                <div class=\"row \" style=\"margin-top: 30px;margin-bottom: 30px\">        <div class=\"col-sm-12 clearfix \">\n                    <div class=\"clearfix ul-element-text \">\n            \n<ul>\n<li><strong>Cadrer<\/strong>, c\u2019est s<strong>\u00e9lectionner dans l\u2019espace un \u201cmorceau\u201d<\/strong> de vie, de d\u00e9cor, de la vision pour montrer \u00e0 un spectateur un \u00e9l\u00e9ment qui va raconter une histoire quand il sera raccord\u00e9 \u00e0 d\u2019autres cadres ou plans, c\u2019est <strong>faire un choix<\/strong>.<\/li>\n<\/ul>\n<ul>\n<li><strong>Composer<\/strong>, c\u2019est <strong>\u201carranger\u201d<\/strong> dans l\u2019espace en 2D \u00e0 l\u2019int\u00e9rieur du cadre les diff\u00e9rents \u00e9l\u00e9ments que l\u2019on a s\u00e9lectionn\u00e9s afin que le spectateur en ait une lecture \u00e9vidente dans un premier temps, puis on passera \u00e0 des compositions susceptibles d\u2019\u00e9veiller des sentiments ou une r\u00e9action sensible au spectateur.<\/li>\n<li>&nbsp;Pour \u00e9viter les pi\u00e8ges : <strong>analyser l&rsquo;image en surface et en profondeur<\/strong>.<\/li>\n<\/ul>\n<p><\/p>\n<ol>\n<li>Le cadre comprend tout ce qui est pr\u00e9sent dans l&rsquo;image, d\u00e9cors, personnages, accessoires, \u2026<\/li>\n<li>Le champ est la portion d&rsquo;espace contenue \u00e0 l&rsquo;int\u00e9rieur du cadre<\/li>\n<li>Le hors champ est l&rsquo;ensemble des \u00e9l\u00e9ments (personnages, d\u00e9cors, &#8230;) qui, n&rsquo;\u00e9tant pas inclus dans le champ, lui sont rattach\u00e9s imaginairement par le spectateur, et ce par un moyen quelconque. Il est essentiellement li\u00e9 au champ puisqu&rsquo;il n&rsquo;existe qu&rsquo;en fonction decelui-ci. Tout choix de cadrage d\u00e9termine un hors champ.<\/li>\n<\/ol>\n<p>Il existe diff\u00e9rentes <strong>valeurs de plan<\/strong>, chacune utilis\u00e9e dans un <strong>but pr\u00e9cis<\/strong>.<\/p>\n        <\/div>\n                <\/div>\n        <\/div>\n            <\/div>\n                  <\/div>\n                <div class=\"container-fluid  \" style=\"\">\n                      <div class=\"container\">\n                <div class=\"row \" style=\"margin-top: 0px;margin-bottom: 10px\">        <div class=\"col-sm-6 clearfix \">\n            <div style=\"padding:10px 30px;\" class=\"bg-gray-lighter\">        <div class=\"row\">\n                    <div class=\"col-sm-6\">\n                    <div class=\"ul-element-image \">\n            <a href=\"http:\/\/www.unilim.fr\/canalsup\/wp-content\/uploads\/sites\/21\/2019\/10\/plan-sensemble-pied.png\" target=\"\"  rel=\"lightbox\">\n                <img decoding=\"async\" class=\"img-responsive\" src=\"http:\/\/www.unilim.fr\/canalsup\/wp-content\/uploads\/sites\/21\/2019\/10\/plan-sensemble-pied.png\"\/>\n            <\/a>\n        <\/div>\n                <\/div>\n                <div class=\"col-sm-6\">\n                    <div class=\"clearfix ul-element-text \">\n            \n<h4 class=\"ul-bold\" style=\"text-align: center\"><strong>PLAN PIED ou MOYEN<\/strong><br \/><\/h4>\n<p class=\"ul-bold\" style=\"text-align: center\">Il cadre un ou plusieurs personnages en pied. Il concentre l&rsquo;attention du spectateur sur le ou les personnages, \u00e9ventuellement dans un espace qui les situe.<\/p>\n        <\/div>\n                <\/div>\n                <\/div>\n        <\/div>        <\/div>\n                <div class=\"col-sm-6 clearfix \">\n            <div style=\"padding:10px 30px;\" class=\"bg-gray-lighter\">        <div class=\"row\">\n                    <div class=\"col-sm-6\">\n                    <div class=\"ul-element-image \">\n            <a href=\"http:\/\/www.unilim.fr\/canalsup\/wp-content\/uploads\/sites\/21\/2019\/10\/plan-americain.png\" target=\"\"  rel=\"lightbox\">\n                <img decoding=\"async\" class=\"img-responsive\" src=\"http:\/\/www.unilim.fr\/canalsup\/wp-content\/uploads\/sites\/21\/2019\/10\/plan-americain.png\"\/>\n            <\/a>\n        <\/div>\n                <\/div>\n                <div class=\"col-sm-6\">\n                    <div class=\"clearfix ul-element-text \">\n            \n<h4 class=\"ul-bold\" style=\"text-align: center\"><strong>PLAN AM\u00c9RICAIN<\/strong><\/h4>\n<p class=\"ul-bold\" style=\"text-align: center\">Il cadre les personnages \u00e0 mi-cuisses. Il rapproche encore davantage le spectateur des personnages. Le plan am\u00e9ricain a \u00e9t\u00e9 ainsi d\u00e9nomm\u00e9 car c&rsquo;est le plan typique des films am\u00e9ricains des ann\u00e9es 1930-1940.<\/p>\n        <\/div>\n                <\/div>\n                <\/div>\n        <\/div>        <\/div>\n        <\/div>\n            <\/div>\n                  <\/div>\n                <div class=\"container-fluid  \" style=\"\">\n                      <div class=\"container\">\n                <div class=\"row \" style=\"margin-top: 0px;margin-bottom: 0px\">        <div class=\"col-sm-6 clearfix \">\n            <div style=\"padding:10px 30px;\" class=\"bg-gray-lighter\">        <div class=\"row\">\n                    <div class=\"col-sm-6\">\n                    <div class=\"ul-element-image \">\n            <a href=\"http:\/\/www.unilim.fr\/canalsup\/wp-content\/uploads\/sites\/21\/2019\/10\/plan-taille.png\" target=\"\"  rel=\"lightbox\">\n                <img decoding=\"async\" class=\"img-responsive\" src=\"http:\/\/www.unilim.fr\/canalsup\/wp-content\/uploads\/sites\/21\/2019\/10\/plan-taille.png\"\/>\n            <\/a>\n        <\/div>\n                <\/div>\n                <div class=\"col-sm-6\">\n                    <div class=\"clearfix ul-element-text \">\n            \n<h4 class=\"ul-bold\" style=\"text-align: center\"><strong>PLAN RAPPROCH\u00c9 TAILLE<\/strong><br \/><\/h4>\n<p style=\"text-align: center\">Ce plan cadre les personnages \u00e0 la ceinture. Il place les acteurs \u00e0 la distance qui s\u00e9pare les interlocuteurs d&rsquo;une conversation. Il accentue l&rsquo;intimit\u00e9, permet de lire les r\u00e9actions psychologiques. La dur\u00e9e de ce plan est fonction du dialogue et de l&rsquo;action en cours.<\/p>\n        <\/div>\n                <\/div>\n                <\/div>\n        <\/div>        <\/div>\n                <div class=\"col-sm-6 clearfix \">\n            <div style=\"padding:10px 30px;\" class=\"bg-gray-lighter\">        <div class=\"row\">\n                    <div class=\"col-sm-6\">\n                    <div class=\"ul-element-image \">\n            <a href=\"http:\/\/www.unilim.fr\/canalsup\/wp-content\/uploads\/sites\/21\/2019\/10\/plan-poitrine.png\" target=\"\"  rel=\"lightbox\">\n                <img decoding=\"async\" class=\"img-responsive\" src=\"http:\/\/www.unilim.fr\/canalsup\/wp-content\/uploads\/sites\/21\/2019\/10\/plan-poitrine.png\"\/>\n            <\/a>\n        <\/div>\n                <\/div>\n                <div class=\"col-sm-6\">\n                    <div class=\"clearfix ul-element-text \">\n            \n<h4 class=\"ul-bold\" style=\"text-align: center\"><strong>PLAN RAPPROCH\u00c9 POITRINE<\/strong><\/h4>\n<p style=\"text-align: center\">Ce plan cadre les personnages \u00e0 la poitrine. Il a les m\u00eames fonctions que le plan rapproch\u00e9 taille, en accentuant un peu plus les traits du visage du personnage.&nbsp;<\/p>\n<p style=\"text-align: center\">Il accentue l&rsquo;intimit\u00e9, permet de lire les r\u00e9actions psychologiques.<\/p>\n        <\/div>\n                <\/div>\n                <\/div>\n        <\/div>        <\/div>\n        <\/div>\n            <\/div>\n                  <\/div>\n                <div class=\"container-fluid  \" style=\"\">\n                      <div class=\"container\">\n                <div class=\"row \" style=\"margin-top: 10px;margin-bottom: 0px\">        <div class=\"col-sm-6 clearfix \">\n            <div style=\"padding:10px 30px;\" class=\"bg-gray-lighter\">        <div class=\"row\">\n                    <div class=\"col-sm-6\">\n                    <div class=\"ul-element-image \">\n            <a href=\"http:\/\/www.unilim.fr\/canalsup\/wp-content\/uploads\/sites\/21\/2019\/10\/gros-plan.png\" target=\"\"  rel=\"lightbox\">\n                <img decoding=\"async\" class=\"img-responsive\" src=\"http:\/\/www.unilim.fr\/canalsup\/wp-content\/uploads\/sites\/21\/2019\/10\/gros-plan.png\"\/>\n            <\/a>\n        <\/div>\n                <\/div>\n                <div class=\"col-sm-6\">\n                    <div class=\"clearfix ul-element-text \">\n            \n<h4 class=\"ul-bold\" style=\"text-align: center\"><strong>GROS PLAN<\/strong><\/h4>\n<p style=\"text-align: center\">On ne voit qu&rsquo;une partie d&rsquo;un personnage sur laquelle on veut attirer l&rsquo;attention. Il permet de lire directement la vie int\u00e9rieure d&rsquo;un personnage, ses \u00e9motions, ses r\u00e9actions les plus intimes. C&rsquo;est le plan de l&rsquo;analyse psychologique.<\/p>\n        <\/div>\n                <\/div>\n                <\/div>\n        <\/div>        <\/div>\n                <div class=\"col-sm-6 clearfix \">\n            <div style=\"padding:10px 30px;\" class=\"bg-gray-lighter\">        <div class=\"row\">\n                    <div class=\"col-sm-6\">\n                    <div class=\"ul-element-image \">\n            <a href=\"http:\/\/www.unilim.fr\/canalsup\/wp-content\/uploads\/sites\/21\/2019\/10\/tres-gros-plan.png\" target=\"\"  rel=\"lightbox\">\n                <img decoding=\"async\" class=\"img-responsive\" src=\"http:\/\/www.unilim.fr\/canalsup\/wp-content\/uploads\/sites\/21\/2019\/10\/tres-gros-plan.png\"\/>\n            <\/a>\n        <\/div>\n                <\/div>\n                <div class=\"col-sm-6\">\n                    <div class=\"clearfix ul-element-text \">\n            \n<h4 class=\"ul-bold\" style=\"text-align: center\"><strong>TR\u00c8S GROS PLAN<\/strong><br \/><\/h4>\n<p style=\"text-align: center\">Il montre un seul objet ou un d\u00e9tail du visage par exemple. G\u00e9n\u00e9ralement tr\u00e8s bref, il sert la progression du r\u00e9cit ou du suspense en attirant l&rsquo;attention sur un d\u00e9tail dramatique frappant.<\/p>\n<p><\/p>\n        <\/div>\n                <\/div>\n                <\/div>\n        <\/div>        <\/div>\n        <\/div>\n            <\/div>\n                  <\/div>\n                <div class=\"container-fluid  \" style=\"\">\n                      <div class=\"container\">\n                <div class=\"row \" style=\"margin-top: 30px;margin-bottom: 30px\">        <div class=\"col-sm-12 clearfix \">\n                    <div class=\"clearfix ul-element-text \">\n            \n<h6 style=\"text-align: center\" class=\"ul-bold\">Sources : blogs.lyceecfadumene &#8211; informatique \/&nbsp;Louvain learning lab<\/h6>\n        <\/div>\n                <\/div>\n        <\/div>\n            <\/div>\n                  <\/div>\n                <div class=\"container-fluid  \" style=\"\">\n                      <div class=\"container\">\n                <div class=\"row \" style=\"margin-top: 30px;margin-bottom: 30px\">        <div class=\"col-sm-3 clearfix \">\n            <div style=\"padding:10px 30px;\" class=\"bg-primary\"><\/div>        <\/div>\n                <div class=\"col-sm-6 clearfix \">\n            \n        \n        <div class=\"ul-element-header text-center  \">\n\n            <h3 class=\"ul-bold  \" style=\"\">\n                                    <i class=\"fa fa-fw fa-video-camera\"><\/i>\n                                Full Tuto Jacket                <span><br\/><\/span><small> #01 Les valeurs de plan<\/small>            <\/h3>\n        <\/div>\n                <div class=\"clearfix ul-element-text \">\n            \n<p style=\"text-align: center\">Canalsup lance sa s\u00e9rie de tutos m\u00e9dia ! Avec Full Tuto Jacket, tu vas apprendre \u00e0 r\u00e9aliser tes vid\u00e9os. Voici le premier \u00e9pisode sur les valeurs de plan.<\/p>\n<p><\/p>\n        <\/div>\n        <div class=\"ul-element-videojs \">\t\t\r\n\t\t<!-- Begin Video.js Responsive Wrapper -->\r\n\t\t<div style='max-width:1600px'>\r\n\t\t\t<div class='video-wrapper' style='padding-bottom:56.25%;'>\r\n\t\t\t\t\r\n\t<!-- Begin Video.js -->\r\n\t<video id=\"example_video_id_2122090042\" class=\"video-js vjs-default-skin embed-responsive embed-responsive-16by9\" width=\"1600\" height=\"900\" controls preload=\"none\" data-setup='{\"forceSSL\":\"true\",\"techOrder\":[\"youtube\"],\"src\":\"https:\/\/www.youtube.com\/watch?v=_NeN8Zf0zT0&amp;t=42s\"}'>\r\n\t\t\r\n\t\t\r\n\t\t\r\n\t<\/video>\r\n\t<!-- End Video.js -->\r\n\r\n\t\t\t<\/div>\r\n\t\t<\/div>\r\n\t\t<!-- End Video.js Responsive Wrapper -->\r\n\t\t<\/div>        <\/div>\n                <div class=\"col-sm-3 clearfix \">\n            <div style=\"padding:10px 30px;\" class=\"bg-primary\"><\/div>        <\/div>\n        <\/div>\n            <\/div>\n                  <\/div>\n        \n","protected":false},"excerpt":{"rendered":"","protected":false},"author":46,"featured_media":0,"parent":0,"menu_order":0,"comment_status":"closed","ping_status":"closed","template":"page-le.php","meta":{"footnotes":""},"class_list":["post-2540","page","type-page","status-publish","hentry"],"yoast_head":"<!-- This site is optimized with the Yoast SEO plugin v26.5 - https:\/\/yoast.com\/wordpress\/plugins\/seo\/ -->\n<title>Tutoriels et fiches pratiques #01 - M\u00e9dialab UL<\/title>\n<meta name=\"robots\" content=\"index, follow, max-snippet:-1, max-image-preview:large, max-video-preview:-1\" \/>\n<link rel=\"canonical\" href=\"https:\/\/www.unilim.fr\/medialab\/tutoriels-et-fiches-pratiques-01\/\" \/>\n<meta property=\"og:locale\" content=\"fr_FR\" \/>\n<meta property=\"og:type\" content=\"article\" \/>\n<meta property=\"og:title\" content=\"Tutoriels et fiches pratiques #01 - M\u00e9dialab UL\" \/>\n<meta property=\"og:url\" content=\"https:\/\/www.unilim.fr\/medialab\/tutoriels-et-fiches-pratiques-01\/\" \/>\n<meta property=\"og:site_name\" content=\"M\u00e9dialab UL\" \/>\n<meta property=\"article:modified_time\" content=\"2019-10-07T09:32:14+00:00\" \/>\n<meta name=\"twitter:card\" content=\"summary_large_image\" \/>\n<meta name=\"twitter:label1\" content=\"Dur\u00e9e de lecture estim\u00e9e\" \/>\n\t<meta name=\"twitter:data1\" content=\"5 minutes\" \/>\n<script type=\"application\/ld+json\" class=\"yoast-schema-graph\">{\"@context\":\"https:\/\/schema.org\",\"@graph\":[{\"@type\":\"WebPage\",\"@id\":\"https:\/\/www.unilim.fr\/medialab\/tutoriels-et-fiches-pratiques-01\/\",\"url\":\"https:\/\/www.unilim.fr\/medialab\/tutoriels-et-fiches-pratiques-01\/\",\"name\":\"Tutoriels et fiches pratiques #01 - M\u00e9dialab UL\",\"isPartOf\":{\"@id\":\"https:\/\/www.unilim.fr\/medialab\/#website\"},\"datePublished\":\"2019-10-04T00:00:00+00:00\",\"dateModified\":\"2019-10-07T09:32:14+00:00\",\"breadcrumb\":{\"@id\":\"https:\/\/www.unilim.fr\/medialab\/tutoriels-et-fiches-pratiques-01\/#breadcrumb\"},\"inLanguage\":\"fr-FR\",\"potentialAction\":[{\"@type\":\"ReadAction\",\"target\":[\"https:\/\/www.unilim.fr\/medialab\/tutoriels-et-fiches-pratiques-01\/\"]}]},{\"@type\":\"BreadcrumbList\",\"@id\":\"https:\/\/www.unilim.fr\/medialab\/tutoriels-et-fiches-pratiques-01\/#breadcrumb\",\"itemListElement\":[{\"@type\":\"ListItem\",\"position\":1,\"name\":\"Accueil\",\"item\":\"https:\/\/www.unilim.fr\/medialab\/\"},{\"@type\":\"ListItem\",\"position\":2,\"name\":\"Tutoriels et fiches pratiques #01\"}]},{\"@type\":\"WebSite\",\"@id\":\"https:\/\/www.unilim.fr\/medialab\/#website\",\"url\":\"https:\/\/www.unilim.fr\/medialab\/\",\"name\":\"M\u00e9dialab UL\",\"description\":\"universit\u00e9 ouverte source de r\u00e9ussites\",\"potentialAction\":[{\"@type\":\"SearchAction\",\"target\":{\"@type\":\"EntryPoint\",\"urlTemplate\":\"https:\/\/www.unilim.fr\/medialab\/?s={search_term_string}\"},\"query-input\":{\"@type\":\"PropertyValueSpecification\",\"valueRequired\":true,\"valueName\":\"search_term_string\"}}],\"inLanguage\":\"fr-FR\"}]}<\/script>\n<!-- \/ Yoast SEO plugin. -->","yoast_head_json":{"title":"Tutoriels et fiches pratiques #01 - M\u00e9dialab UL","robots":{"index":"index","follow":"follow","max-snippet":"max-snippet:-1","max-image-preview":"max-image-preview:large","max-video-preview":"max-video-preview:-1"},"canonical":"https:\/\/www.unilim.fr\/medialab\/tutoriels-et-fiches-pratiques-01\/","og_locale":"fr_FR","og_type":"article","og_title":"Tutoriels et fiches pratiques #01 - M\u00e9dialab UL","og_url":"https:\/\/www.unilim.fr\/medialab\/tutoriels-et-fiches-pratiques-01\/","og_site_name":"M\u00e9dialab UL","article_modified_time":"2019-10-07T09:32:14+00:00","twitter_card":"summary_large_image","twitter_misc":{"Dur\u00e9e de lecture estim\u00e9e":"5 minutes"},"schema":{"@context":"https:\/\/schema.org","@graph":[{"@type":"WebPage","@id":"https:\/\/www.unilim.fr\/medialab\/tutoriels-et-fiches-pratiques-01\/","url":"https:\/\/www.unilim.fr\/medialab\/tutoriels-et-fiches-pratiques-01\/","name":"Tutoriels et fiches pratiques #01 - M\u00e9dialab UL","isPartOf":{"@id":"https:\/\/www.unilim.fr\/medialab\/#website"},"datePublished":"2019-10-04T00:00:00+00:00","dateModified":"2019-10-07T09:32:14+00:00","breadcrumb":{"@id":"https:\/\/www.unilim.fr\/medialab\/tutoriels-et-fiches-pratiques-01\/#breadcrumb"},"inLanguage":"fr-FR","potentialAction":[{"@type":"ReadAction","target":["https:\/\/www.unilim.fr\/medialab\/tutoriels-et-fiches-pratiques-01\/"]}]},{"@type":"BreadcrumbList","@id":"https:\/\/www.unilim.fr\/medialab\/tutoriels-et-fiches-pratiques-01\/#breadcrumb","itemListElement":[{"@type":"ListItem","position":1,"name":"Accueil","item":"https:\/\/www.unilim.fr\/medialab\/"},{"@type":"ListItem","position":2,"name":"Tutoriels et fiches pratiques #01"}]},{"@type":"WebSite","@id":"https:\/\/www.unilim.fr\/medialab\/#website","url":"https:\/\/www.unilim.fr\/medialab\/","name":"M\u00e9dialab UL","description":"universit\u00e9 ouverte source de r\u00e9ussites","potentialAction":[{"@type":"SearchAction","target":{"@type":"EntryPoint","urlTemplate":"https:\/\/www.unilim.fr\/medialab\/?s={search_term_string}"},"query-input":{"@type":"PropertyValueSpecification","valueRequired":true,"valueName":"search_term_string"}}],"inLanguage":"fr-FR"}]}},"_links":{"self":[{"href":"https:\/\/www.unilim.fr\/medialab\/wp-json\/wp\/v2\/pages\/2540","targetHints":{"allow":["GET"]}}],"collection":[{"href":"https:\/\/www.unilim.fr\/medialab\/wp-json\/wp\/v2\/pages"}],"about":[{"href":"https:\/\/www.unilim.fr\/medialab\/wp-json\/wp\/v2\/types\/page"}],"author":[{"embeddable":true,"href":"https:\/\/www.unilim.fr\/medialab\/wp-json\/wp\/v2\/users\/46"}],"replies":[{"embeddable":true,"href":"https:\/\/www.unilim.fr\/medialab\/wp-json\/wp\/v2\/comments?post=2540"}],"version-history":[{"count":0,"href":"https:\/\/www.unilim.fr\/medialab\/wp-json\/wp\/v2\/pages\/2540\/revisions"}],"wp:attachment":[{"href":"https:\/\/www.unilim.fr\/medialab\/wp-json\/wp\/v2\/media?parent=2540"}],"curies":[{"name":"wp","href":"https:\/\/api.w.org\/{rel}","templated":true}]}}