{"id":2499,"date":"2018-04-09T22:00:00","date_gmt":"2018-04-09T14:04:54","guid":{"rendered":"http:\/\/www.unilim.fr\/canalsup\/plateformes-web\/"},"modified":"2022-01-07T10:18:28","modified_gmt":"2022-01-07T09:18:28","slug":"plateformes-web","status":"publish","type":"page","link":"https:\/\/www.unilim.fr\/medialab\/plateformes-web\/","title":{"rendered":"Plateformes Web"},"content":{"rendered":"        <div class=\"container-fluid  \" style=\"\">\n                      <div class=\"container\">\n                <div class=\"row \" style=\"margin-top: 30px;margin-bottom: 30px\">        <div class=\"col-sm-12 clearfix \">\n                    <div class=\"ul-element-image \">\n            <a href=\"http:\/\/www.unilim.fr\/canalsup\/wp-content\/uploads\/sites\/21\/2018\/04\/plateforme-web.png\" target=\"\"  rel=\"lightbox\">\n                <img decoding=\"async\" class=\"img-responsive\" src=\"http:\/\/www.unilim.fr\/canalsup\/wp-content\/uploads\/sites\/21\/2018\/04\/plateforme-web.png\"\/>\n            <\/a>\n        <\/div>\n                <\/div>\n        <\/div>\n            <\/div>\n                  <\/div>\n                <div class=\"container-fluid  \" style=\"\">\n                      <div class=\"container\">\n                <div class=\"row \" style=\"margin-top: 30px;margin-bottom: 30px\">        <div class=\"col-sm-12 clearfix \">\n                    <div class=\"ul-element-image \">\n            <a href=\"http:\/\/www.unilim.fr\/canalsup\/wp-content\/uploads\/sites\/21\/2018\/04\/bandeau-2-plat-web.png\" target=\"\"  rel=\"lightbox\">\n                <img decoding=\"async\" class=\"img-responsive\" src=\"http:\/\/www.unilim.fr\/canalsup\/wp-content\/uploads\/sites\/21\/2018\/04\/bandeau-2-plat-web.png\"\/>\n            <\/a>\n        <\/div>\n                <\/div>\n        <\/div>\n            <\/div>\n                  <\/div>\n                <div class=\"container-fluid  \" style=\"\">\n                      <div class=\"container\">\n                <div class=\"row \" style=\"margin-top: 30px;margin-bottom: 30px\">        <div class=\"col-sm-4 clearfix \">\n                    <a class=\"ul-element-rollover \" style=\"padding:20px\" href=\"https:\/\/canalsup.wixsite.com\/plateforme-eureka\" target=\"_blank\">\n            <div class=\"ul-element-rollover-container   round-image-border \">\n                <div class=\"img-container\">\n                    <img decoding=\"async\" src=\"http:\/\/www.unilim.fr\/canalsup\/wp-content\/uploads\/sites\/21\/2018\/04\/eurekq-story.png\" \/>\n                                        <div class=\"img-title text-center bg-white \">EUREKA STORY<\/div>\n                                    <\/div>\n                <div class=\"text-container\">\n                    <div class=\"text-inner\">\n                        \n<h4 class=\"ul-bold\" style=\"text-align: center\">Venez d&eacute;couvrir des aventures&nbsp; entrepreneuriales palpitantes !&nbsp;<\/h4>\n                    <\/div>\n                <\/div>\n            <\/div>\n        <\/a>\n\n                <\/div>\n                <div class=\"col-sm-4 clearfix \">\n                    <a class=\"ul-element-rollover \" style=\"padding:20px\" href=\"http:\/\/canalsup.wixsite.com\/jirai\" target=\"_blank\">\n            <div class=\"ul-element-rollover-container   round-image-border \">\n                <div class=\"img-container\">\n                    <img decoding=\"async\" src=\"http:\/\/www.unilim.fr\/canalsup\/wp-content\/uploads\/sites\/21\/2018\/04\/jirai.png\" \/>\n                                        <div class=\"img-title text-center bg-white \">J'IRAI<\/div>\n                                    <\/div>\n                <div class=\"text-container\">\n                    <div class=\"text-inner\">\n                        \n<h4 class=\"ul-bold\" style=\"text-align: center\">Cette plateforme a pour but de pr&eacute;senter la vie extra-scolaire des &eacute;tudiants et les aides dont ils peuvent disposer. D&eacute;couvrez l&rsquo;&eacute;mission \u00ab\u00a0I&rsquo;m going to sleep\u00a0\u00bb qui va &agrave; la rencontre des &eacute;tudiants chez eux, mais aussi \u00ab\u00a0What the fac !\u00a0\u00bb, la web s&eacute;rie sant&eacute;.<\/h4>\n                    <\/div>\n                <\/div>\n            <\/div>\n        <\/a>\n\n                <\/div>\n                <div class=\"col-sm-4 clearfix \">\n                    <a class=\"ul-element-rollover \" style=\"padding:20px\" href=\"https:\/\/futurofceramics.wixsite.com\/lesceramiquesdufutur\" target=\"_blank\">\n            <div class=\"ul-element-rollover-container   round-image-border \">\n                <div class=\"img-container\">\n                    <img decoding=\"async\" src=\"http:\/\/www.unilim.fr\/canalsup\/wp-content\/uploads\/sites\/21\/2018\/04\/ircer.png\" \/>\n                                        <div class=\"img-title text-center bg-white \">LES C\u00c9RAMIQUES DU FUTUR<\/div>\n                                    <\/div>\n                <div class=\"text-container\">\n                    <div class=\"text-inner\">\n                        \n<h4 style=\"text-align: center\" class=\"ul-bold\">Recherche et innovation en c&eacute;ramique<br \/>Les travaux de l&rsquo;Institut de recherche en c&eacute;ramique &#8211; IRCER &#8211; sont consacr&eacute;s aux transformations de la mati&egrave;re impliqu&eacute;es dans le traitement des c&eacute;ramiques en vrac et des proc&eacute;d&eacute;s de traitement de surface.<\/h4>\n                    <\/div>\n                <\/div>\n            <\/div>\n        <\/a>\n\n                <\/div>\n        <\/div>\n            <\/div>\n                  <\/div>\n        \n","protected":false},"excerpt":{"rendered":"","protected":false},"author":46,"featured_media":0,"parent":0,"menu_order":0,"comment_status":"closed","ping_status":"closed","template":"page-le.php","meta":{"footnotes":""},"class_list":["post-2499","page","type-page","status-publish","hentry"],"yoast_head":"<!-- This site is optimized with the Yoast SEO plugin v26.5 - https:\/\/yoast.com\/wordpress\/plugins\/seo\/ -->\n<title>Plateformes Web - M\u00e9dialab UL<\/title>\n<meta name=\"robots\" content=\"index, follow, max-snippet:-1, max-image-preview:large, max-video-preview:-1\" \/>\n<link rel=\"canonical\" href=\"https:\/\/www.unilim.fr\/medialab\/plateformes-web\/\" \/>\n<meta property=\"og:locale\" content=\"fr_FR\" \/>\n<meta property=\"og:type\" content=\"article\" \/>\n<meta property=\"og:title\" content=\"Plateformes Web - M\u00e9dialab UL\" \/>\n<meta property=\"og:url\" content=\"https:\/\/www.unilim.fr\/medialab\/plateformes-web\/\" \/>\n<meta property=\"og:site_name\" content=\"M\u00e9dialab UL\" \/>\n<meta property=\"article:modified_time\" content=\"2022-01-07T09:18:28+00:00\" \/>\n<meta name=\"twitter:card\" content=\"summary_large_image\" \/>\n<meta name=\"twitter:label1\" content=\"Dur\u00e9e de lecture estim\u00e9e\" \/>\n\t<meta name=\"twitter:data1\" content=\"2 minutes\" \/>\n<script type=\"application\/ld+json\" class=\"yoast-schema-graph\">{\"@context\":\"https:\/\/schema.org\",\"@graph\":[{\"@type\":\"WebPage\",\"@id\":\"https:\/\/www.unilim.fr\/medialab\/plateformes-web\/\",\"url\":\"https:\/\/www.unilim.fr\/medialab\/plateformes-web\/\",\"name\":\"Plateformes Web - M\u00e9dialab UL\",\"isPartOf\":{\"@id\":\"https:\/\/www.unilim.fr\/medialab\/#website\"},\"datePublished\":\"2018-04-09T14:04:54+00:00\",\"dateModified\":\"2022-01-07T09:18:28+00:00\",\"breadcrumb\":{\"@id\":\"https:\/\/www.unilim.fr\/medialab\/plateformes-web\/#breadcrumb\"},\"inLanguage\":\"fr-FR\",\"potentialAction\":[{\"@type\":\"ReadAction\",\"target\":[\"https:\/\/www.unilim.fr\/medialab\/plateformes-web\/\"]}]},{\"@type\":\"BreadcrumbList\",\"@id\":\"https:\/\/www.unilim.fr\/medialab\/plateformes-web\/#breadcrumb\",\"itemListElement\":[{\"@type\":\"ListItem\",\"position\":1,\"name\":\"Accueil\",\"item\":\"https:\/\/www.unilim.fr\/medialab\/\"},{\"@type\":\"ListItem\",\"position\":2,\"name\":\"Plateformes Web\"}]},{\"@type\":\"WebSite\",\"@id\":\"https:\/\/www.unilim.fr\/medialab\/#website\",\"url\":\"https:\/\/www.unilim.fr\/medialab\/\",\"name\":\"M\u00e9dialab UL\",\"description\":\"universit\u00e9 ouverte source de r\u00e9ussites\",\"potentialAction\":[{\"@type\":\"SearchAction\",\"target\":{\"@type\":\"EntryPoint\",\"urlTemplate\":\"https:\/\/www.unilim.fr\/medialab\/?s={search_term_string}\"},\"query-input\":{\"@type\":\"PropertyValueSpecification\",\"valueRequired\":true,\"valueName\":\"search_term_string\"}}],\"inLanguage\":\"fr-FR\"}]}<\/script>\n<!-- \/ Yoast SEO plugin. -->","yoast_head_json":{"title":"Plateformes Web - M\u00e9dialab UL","robots":{"index":"index","follow":"follow","max-snippet":"max-snippet:-1","max-image-preview":"max-image-preview:large","max-video-preview":"max-video-preview:-1"},"canonical":"https:\/\/www.unilim.fr\/medialab\/plateformes-web\/","og_locale":"fr_FR","og_type":"article","og_title":"Plateformes Web - M\u00e9dialab UL","og_url":"https:\/\/www.unilim.fr\/medialab\/plateformes-web\/","og_site_name":"M\u00e9dialab UL","article_modified_time":"2022-01-07T09:18:28+00:00","twitter_card":"summary_large_image","twitter_misc":{"Dur\u00e9e de lecture estim\u00e9e":"2 minutes"},"schema":{"@context":"https:\/\/schema.org","@graph":[{"@type":"WebPage","@id":"https:\/\/www.unilim.fr\/medialab\/plateformes-web\/","url":"https:\/\/www.unilim.fr\/medialab\/plateformes-web\/","name":"Plateformes Web - M\u00e9dialab UL","isPartOf":{"@id":"https:\/\/www.unilim.fr\/medialab\/#website"},"datePublished":"2018-04-09T14:04:54+00:00","dateModified":"2022-01-07T09:18:28+00:00","breadcrumb":{"@id":"https:\/\/www.unilim.fr\/medialab\/plateformes-web\/#breadcrumb"},"inLanguage":"fr-FR","potentialAction":[{"@type":"ReadAction","target":["https:\/\/www.unilim.fr\/medialab\/plateformes-web\/"]}]},{"@type":"BreadcrumbList","@id":"https:\/\/www.unilim.fr\/medialab\/plateformes-web\/#breadcrumb","itemListElement":[{"@type":"ListItem","position":1,"name":"Accueil","item":"https:\/\/www.unilim.fr\/medialab\/"},{"@type":"ListItem","position":2,"name":"Plateformes Web"}]},{"@type":"WebSite","@id":"https:\/\/www.unilim.fr\/medialab\/#website","url":"https:\/\/www.unilim.fr\/medialab\/","name":"M\u00e9dialab UL","description":"universit\u00e9 ouverte source de r\u00e9ussites","potentialAction":[{"@type":"SearchAction","target":{"@type":"EntryPoint","urlTemplate":"https:\/\/www.unilim.fr\/medialab\/?s={search_term_string}"},"query-input":{"@type":"PropertyValueSpecification","valueRequired":true,"valueName":"search_term_string"}}],"inLanguage":"fr-FR"}]}},"_links":{"self":[{"href":"https:\/\/www.unilim.fr\/medialab\/wp-json\/wp\/v2\/pages\/2499","targetHints":{"allow":["GET"]}}],"collection":[{"href":"https:\/\/www.unilim.fr\/medialab\/wp-json\/wp\/v2\/pages"}],"about":[{"href":"https:\/\/www.unilim.fr\/medialab\/wp-json\/wp\/v2\/types\/page"}],"author":[{"embeddable":true,"href":"https:\/\/www.unilim.fr\/medialab\/wp-json\/wp\/v2\/users\/46"}],"replies":[{"embeddable":true,"href":"https:\/\/www.unilim.fr\/medialab\/wp-json\/wp\/v2\/comments?post=2499"}],"version-history":[{"count":0,"href":"https:\/\/www.unilim.fr\/medialab\/wp-json\/wp\/v2\/pages\/2499\/revisions"}],"wp:attachment":[{"href":"https:\/\/www.unilim.fr\/medialab\/wp-json\/wp\/v2\/media?parent=2499"}],"curies":[{"name":"wp","href":"https:\/\/api.w.org\/{rel}","templated":true}]}}