{"id":2488,"date":"2018-04-08T22:00:00","date_gmt":"2018-04-09T13:25:49","guid":{"rendered":"http:\/\/www.unilim.fr\/canalsup\/?page_id=2488"},"modified":"2018-04-10T08:10:17","modified_gmt":"2018-04-10T06:10:17","slug":"nos-thematique-video","status":"publish","type":"page","link":"https:\/\/www.unilim.fr\/medialab\/nos-thematique-video\/","title":{"rendered":"Nos th\u00e9matiques vid\u00e9o"},"content":{"rendered":"        <div class=\"container-fluid bg-gray-light \" style=\"\">\n                      <div class=\"container\">\n                <div class=\"row \" style=\"margin-top: 60px;margin-bottom: 0px\">        <div class=\"col-sm-6 clearfix \">\n                    <div class=\"ul-element-image \">\n            <a href=\"http:\/\/www.unilim.fr\/canalsup\/wp-content\/uploads\/sites\/21\/2018\/04\/orientation-2.png\" target=\"\"  rel=\"lightbox\">\n                <img decoding=\"async\" class=\"img-responsive\" src=\"http:\/\/www.unilim.fr\/canalsup\/wp-content\/uploads\/sites\/21\/2018\/04\/orientation-2.png\"\/>\n            <\/a>\n        <\/div>\n                <div class=\"\">\n                        <div class=\"panel panel-danger\">\n                              <div class=\"panel-heading\">\n                    <h3 class=\"panel-title\"><i class=\"fa fa-fw fa-arrow-circle-right\"><\/i>Th\u00e9matique ORIENTATION<\/h3>\n                <\/div>\n                              <div class=\"panel-body\">\n                                  <\/div>\n                              <div class=\"panel-footer  text-left\">\n                  <a class=\"\" href=\"https:\/\/www.youtube.com\/playlist?list=PL6NwqUakgxVJV9JYSKcJi1WDJY4jbgaJe\" target=\"_blank\"><i class=\"fa fa-fw fa-video-camera\"><\/i>Acc\u00e9dez \u00e0 notre playlist ORIENTATION<\/a>\n                <\/div>\n                          <\/div>\n                    <\/div>\n                <\/div>\n                <div class=\"col-sm-6 clearfix \">\n                    <div class=\"ul-element-image \">\n            <a href=\"http:\/\/www.unilim.fr\/canalsup\/wp-content\/uploads\/sites\/21\/2018\/04\/insertion-pro-2.png\" target=\"\"  rel=\"lightbox\">\n                <img decoding=\"async\" class=\"img-responsive\" src=\"http:\/\/www.unilim.fr\/canalsup\/wp-content\/uploads\/sites\/21\/2018\/04\/insertion-pro-2.png\"\/>\n            <\/a>\n        <\/div>\n                <div class=\"\">\n                        <div class=\"panel panel-danger\">\n                              <div class=\"panel-heading\">\n                    <h3 class=\"panel-title\"><i class=\"fa fa-fw fa-arrow-circle-right\"><\/i>Th\u00e9matique INSERTION PRO.<\/h3>\n                <\/div>\n                              <div class=\"panel-body\">\n                                  <\/div>\n                              <div class=\"panel-footer  text-left\">\n                  <a class=\"\" href=\"https:\/\/www.youtube.com\/playlist?list=PL6NwqUakgxVLaLdwd8_a9JJkZE_0e8a7d\" target=\"_blank\"><i class=\"fa fa-fw fa-video-camera\"><\/i>Acc\u00e9dez \u00e0 notre playlist INSERTION PRO.<\/a>\n                <\/div>\n                          <\/div>\n                    <\/div>\n                <\/div>\n        <\/div>\n            <\/div>\n                  <\/div>\n                <div class=\"container-fluid bg-gray-light \" style=\"\">\n                      <div class=\"container\">\n                <div class=\"row \" style=\"margin-top: 10px;margin-bottom: 0px\">        <div class=\"col-sm-6 clearfix \">\n                    <div class=\"ul-element-image \">\n            <a href=\"http:\/\/www.unilim.fr\/canalsup\/wp-content\/uploads\/sites\/21\/2018\/04\/vie-etudiante.png\" target=\"\"  rel=\"lightbox\">\n                <img decoding=\"async\" class=\"img-responsive\" src=\"http:\/\/www.unilim.fr\/canalsup\/wp-content\/uploads\/sites\/21\/2018\/04\/vie-etudiante.png\"\/>\n            <\/a>\n        <\/div>\n                <div class=\"\">\n                        <div class=\"panel panel-danger\">\n                              <div class=\"panel-heading\">\n                    <h3 class=\"panel-title\"><i class=\"fa fa-fw fa-arrow-circle-right\"><\/i>Th\u00e9matique VIE \u00c9TUDIANTE<\/h3>\n                <\/div>\n                              <div class=\"panel-body\">\n                                  <\/div>\n                              <div class=\"panel-footer  text-left\">\n                  <a class=\"\" href=\"https:\/\/www.youtube.com\/playlist?list=PL6NwqUakgxVIzRZRQQVsMKs9NjOQN7pnw\" target=\"_blank\"><i class=\"fa fa-fw fa-video-camera\"><\/i>Acc\u00e9dez \u00e0 notre playlist VIE \u00c9TUDIANTE<\/a>\n                <\/div>\n                          <\/div>\n                    <\/div>\n                <\/div>\n                <div class=\"col-sm-6 clearfix \">\n                    <div class=\"ul-element-image \">\n            <a href=\"http:\/\/www.unilim.fr\/canalsup\/wp-content\/uploads\/sites\/21\/2018\/04\/evenements.png\" target=\"\"  rel=\"lightbox\">\n                <img decoding=\"async\" class=\"img-responsive\" src=\"http:\/\/www.unilim.fr\/canalsup\/wp-content\/uploads\/sites\/21\/2018\/04\/evenements.png\"\/>\n            <\/a>\n        <\/div>\n                <div class=\"\">\n                        <div class=\"panel panel-danger\">\n                              <div class=\"panel-heading\">\n                    <h3 class=\"panel-title\"><i class=\"fa fa-fw fa-arrow-circle-right\"><\/i>Th\u00e9matique \u00c9V\u00c9NEMENTS<\/h3>\n                <\/div>\n                              <div class=\"panel-body\">\n                                  <\/div>\n                              <div class=\"panel-footer  text-left\">\n                  <a class=\"\" href=\"https:\/\/www.youtube.com\/playlist?list=PL6NwqUakgxVKbo4XsETnfq5ajcskzzDIE\" target=\"_blank\"><i class=\"fa fa-fw fa-video-camera\"><\/i>Acc\u00e9dez \u00e0 notre playlist \u00c9V\u00c9NEMENTS<\/a>\n                <\/div>\n                          <\/div>\n                    <\/div>\n                <\/div>\n        <\/div>\n            <\/div>\n                  <\/div>\n                <div class=\"container-fluid bg-gray-light \" style=\"\">\n                      <div class=\"container\">\n                <div class=\"row \" style=\"margin-top: 10px;margin-bottom: 60px\">        <div class=\"col-sm-6 clearfix \">\n                    <div class=\"ul-element-image \">\n            <a href=\"http:\/\/www.unilim.fr\/canalsup\/wp-content\/uploads\/sites\/21\/2018\/04\/recherche.png\" target=\"\"  rel=\"lightbox\">\n                <img decoding=\"async\" class=\"img-responsive\" src=\"http:\/\/www.unilim.fr\/canalsup\/wp-content\/uploads\/sites\/21\/2018\/04\/recherche.png\"\/>\n            <\/a>\n        <\/div>\n                <div class=\"\">\n                        <div class=\"panel panel-danger\">\n                              <div class=\"panel-heading\">\n                    <h3 class=\"panel-title\"><i class=\"fa fa-fw fa-arrow-circle-right\"><\/i>Th\u00e9matique RECHERCHE \/ INNOVATION<\/h3>\n                <\/div>\n                              <div class=\"panel-body\">\n                                  <\/div>\n                              <div class=\"panel-footer  text-left\">\n                  <a class=\"\" href=\"https:\/\/www.youtube.com\/playlist?list=PL6NwqUakgxVKS5BdWFrHpLdFsHVG0zkk2\" target=\"_blank\"><i class=\"fa fa-fw fa-video-camera\"><\/i>Acc\u00e9dez \u00e0 notre playlist RECHERCHE \/ INNOVATION<\/a>\n                <\/div>\n                          <\/div>\n                    <\/div>\n                <\/div>\n                <div class=\"col-sm-6 clearfix \">\n                    <div class=\"ul-element-image \">\n            <a href=\"http:\/\/www.unilim.fr\/canalsup\/wp-content\/uploads\/sites\/21\/2018\/04\/decouverte-ul.png\" target=\"\"  rel=\"lightbox\">\n                <img decoding=\"async\" class=\"img-responsive\" src=\"http:\/\/www.unilim.fr\/canalsup\/wp-content\/uploads\/sites\/21\/2018\/04\/decouverte-ul.png\"\/>\n            <\/a>\n        <\/div>\n                <div class=\"\">\n                        <div class=\"panel panel-danger\">\n                              <div class=\"panel-heading\">\n                    <h3 class=\"panel-title\"><i class=\"fa fa-fw fa-arrow-circle-right\"><\/i>Th\u00e9matique D\u00c9COUVERTE DE L'UNIVERSIT\u00c9<\/h3>\n                <\/div>\n                              <div class=\"panel-body\">\n                                  <\/div>\n                              <div class=\"panel-footer  text-left\">\n                  <a class=\"\" href=\"https:\/\/www.youtube.com\/playlist?list=PL6NwqUakgxVJqKV6M2UpbejrsXuxBQtFG\" target=\"_blank\"><i class=\"fa fa-fw fa-video-camera\"><\/i>Acc\u00e9dez \u00e0 notre playlist D\u00c9COUVERTE DE L'UNIVERSIT\u00c9<\/a>\n                <\/div>\n                          <\/div>\n                    <\/div>\n                <\/div>\n        <\/div>\n            <\/div>\n                  <\/div>\n        \n","protected":false},"excerpt":{"rendered":"","protected":false},"author":46,"featured_media":0,"parent":0,"menu_order":0,"comment_status":"closed","ping_status":"closed","template":"page-le.php","meta":{"footnotes":""},"class_list":["post-2488","page","type-page","status-publish","hentry"],"yoast_head":"<!-- This site is optimized with the Yoast SEO plugin v26.5 - https:\/\/yoast.com\/wordpress\/plugins\/seo\/ -->\n<title>Nos th\u00e9matiques vid\u00e9o - M\u00e9dialab UL<\/title>\n<meta name=\"robots\" content=\"index, follow, max-snippet:-1, max-image-preview:large, max-video-preview:-1\" \/>\n<link rel=\"canonical\" href=\"https:\/\/www.unilim.fr\/medialab\/nos-thematique-video\/\" \/>\n<meta property=\"og:locale\" content=\"fr_FR\" \/>\n<meta property=\"og:type\" content=\"article\" \/>\n<meta property=\"og:title\" content=\"Nos th\u00e9matiques vid\u00e9o - M\u00e9dialab UL\" \/>\n<meta property=\"og:url\" content=\"https:\/\/www.unilim.fr\/medialab\/nos-thematique-video\/\" \/>\n<meta property=\"og:site_name\" content=\"M\u00e9dialab UL\" \/>\n<meta property=\"article:modified_time\" content=\"2018-04-10T06:10:17+00:00\" \/>\n<meta name=\"twitter:card\" content=\"summary_large_image\" \/>\n<meta name=\"twitter:label1\" content=\"Dur\u00e9e de lecture estim\u00e9e\" \/>\n\t<meta name=\"twitter:data1\" content=\"3 minutes\" \/>\n<script type=\"application\/ld+json\" class=\"yoast-schema-graph\">{\"@context\":\"https:\/\/schema.org\",\"@graph\":[{\"@type\":\"WebPage\",\"@id\":\"https:\/\/www.unilim.fr\/medialab\/nos-thematique-video\/\",\"url\":\"https:\/\/www.unilim.fr\/medialab\/nos-thematique-video\/\",\"name\":\"Nos th\u00e9matiques vid\u00e9o - M\u00e9dialab UL\",\"isPartOf\":{\"@id\":\"https:\/\/www.unilim.fr\/medialab\/#website\"},\"datePublished\":\"2018-04-09T13:25:49+00:00\",\"dateModified\":\"2018-04-10T06:10:17+00:00\",\"breadcrumb\":{\"@id\":\"https:\/\/www.unilim.fr\/medialab\/nos-thematique-video\/#breadcrumb\"},\"inLanguage\":\"fr-FR\",\"potentialAction\":[{\"@type\":\"ReadAction\",\"target\":[\"https:\/\/www.unilim.fr\/medialab\/nos-thematique-video\/\"]}]},{\"@type\":\"BreadcrumbList\",\"@id\":\"https:\/\/www.unilim.fr\/medialab\/nos-thematique-video\/#breadcrumb\",\"itemListElement\":[{\"@type\":\"ListItem\",\"position\":1,\"name\":\"Accueil\",\"item\":\"https:\/\/www.unilim.fr\/medialab\/\"},{\"@type\":\"ListItem\",\"position\":2,\"name\":\"Nos th\u00e9matiques vid\u00e9o\"}]},{\"@type\":\"WebSite\",\"@id\":\"https:\/\/www.unilim.fr\/medialab\/#website\",\"url\":\"https:\/\/www.unilim.fr\/medialab\/\",\"name\":\"M\u00e9dialab UL\",\"description\":\"universit\u00e9 ouverte source de r\u00e9ussites\",\"potentialAction\":[{\"@type\":\"SearchAction\",\"target\":{\"@type\":\"EntryPoint\",\"urlTemplate\":\"https:\/\/www.unilim.fr\/medialab\/?s={search_term_string}\"},\"query-input\":{\"@type\":\"PropertyValueSpecification\",\"valueRequired\":true,\"valueName\":\"search_term_string\"}}],\"inLanguage\":\"fr-FR\"}]}<\/script>\n<!-- \/ Yoast SEO plugin. -->","yoast_head_json":{"title":"Nos th\u00e9matiques vid\u00e9o - M\u00e9dialab UL","robots":{"index":"index","follow":"follow","max-snippet":"max-snippet:-1","max-image-preview":"max-image-preview:large","max-video-preview":"max-video-preview:-1"},"canonical":"https:\/\/www.unilim.fr\/medialab\/nos-thematique-video\/","og_locale":"fr_FR","og_type":"article","og_title":"Nos th\u00e9matiques vid\u00e9o - M\u00e9dialab UL","og_url":"https:\/\/www.unilim.fr\/medialab\/nos-thematique-video\/","og_site_name":"M\u00e9dialab UL","article_modified_time":"2018-04-10T06:10:17+00:00","twitter_card":"summary_large_image","twitter_misc":{"Dur\u00e9e de lecture estim\u00e9e":"3 minutes"},"schema":{"@context":"https:\/\/schema.org","@graph":[{"@type":"WebPage","@id":"https:\/\/www.unilim.fr\/medialab\/nos-thematique-video\/","url":"https:\/\/www.unilim.fr\/medialab\/nos-thematique-video\/","name":"Nos th\u00e9matiques vid\u00e9o - M\u00e9dialab UL","isPartOf":{"@id":"https:\/\/www.unilim.fr\/medialab\/#website"},"datePublished":"2018-04-09T13:25:49+00:00","dateModified":"2018-04-10T06:10:17+00:00","breadcrumb":{"@id":"https:\/\/www.unilim.fr\/medialab\/nos-thematique-video\/#breadcrumb"},"inLanguage":"fr-FR","potentialAction":[{"@type":"ReadAction","target":["https:\/\/www.unilim.fr\/medialab\/nos-thematique-video\/"]}]},{"@type":"BreadcrumbList","@id":"https:\/\/www.unilim.fr\/medialab\/nos-thematique-video\/#breadcrumb","itemListElement":[{"@type":"ListItem","position":1,"name":"Accueil","item":"https:\/\/www.unilim.fr\/medialab\/"},{"@type":"ListItem","position":2,"name":"Nos th\u00e9matiques vid\u00e9o"}]},{"@type":"WebSite","@id":"https:\/\/www.unilim.fr\/medialab\/#website","url":"https:\/\/www.unilim.fr\/medialab\/","name":"M\u00e9dialab UL","description":"universit\u00e9 ouverte source de r\u00e9ussites","potentialAction":[{"@type":"SearchAction","target":{"@type":"EntryPoint","urlTemplate":"https:\/\/www.unilim.fr\/medialab\/?s={search_term_string}"},"query-input":{"@type":"PropertyValueSpecification","valueRequired":true,"valueName":"search_term_string"}}],"inLanguage":"fr-FR"}]}},"_links":{"self":[{"href":"https:\/\/www.unilim.fr\/medialab\/wp-json\/wp\/v2\/pages\/2488","targetHints":{"allow":["GET"]}}],"collection":[{"href":"https:\/\/www.unilim.fr\/medialab\/wp-json\/wp\/v2\/pages"}],"about":[{"href":"https:\/\/www.unilim.fr\/medialab\/wp-json\/wp\/v2\/types\/page"}],"author":[{"embeddable":true,"href":"https:\/\/www.unilim.fr\/medialab\/wp-json\/wp\/v2\/users\/46"}],"replies":[{"embeddable":true,"href":"https:\/\/www.unilim.fr\/medialab\/wp-json\/wp\/v2\/comments?post=2488"}],"version-history":[{"count":0,"href":"https:\/\/www.unilim.fr\/medialab\/wp-json\/wp\/v2\/pages\/2488\/revisions"}],"wp:attachment":[{"href":"https:\/\/www.unilim.fr\/medialab\/wp-json\/wp\/v2\/media?parent=2488"}],"curies":[{"name":"wp","href":"https:\/\/api.w.org\/{rel}","templated":true}]}}