{"id":2438,"date":"2017-03-13T23:00:00","date_gmt":"2017-03-13T23:00:00","guid":{"rendered":"http:\/\/www.unilim.fr\/canalsup\/les-directs-de-canalsup-copy\/"},"modified":"2018-03-05T15:20:01","modified_gmt":"2018-03-05T14:20:01","slug":"les-directs-de-canalsup-journees-anstia-2017","status":"publish","type":"page","link":"https:\/\/www.unilim.fr\/medialab\/les-directs-de-canalsup-journees-anstia-2017\/","title":{"rendered":"Les directs de CanalSup-Journ\u00e9es ANSTIA 2017"},"content":{"rendered":"        <div class=\"container-fluid  \" style=\"\">\n                      <div class=\"container\">\n                <div class=\"row \" style=\"margin-top: 30px;margin-bottom: 30px\">        <div class=\"col-sm-2 clearfix \">\n                    <\/div>\n                <div class=\"col-sm-8 clearfix \">\n                    <div  class=\"embed-responsive embed-responsive-16by9 \" id=\"object696\">\n            <iframe id=\"iframe-object696\" class=\"embed-responsive-item\" src=\"https:\/\/mediacenter.unilim.fr\/live.php?idstream=canalsup\" allowfullscreen=\"true\" webkitallowfullscreen=\"true\" mozallowfullscreen=\"true\" frameborder=\"0\" style=\"border:0;\"><\/iframe>\n        <\/div>\n                <\/div>\n                <div class=\"col-sm-2 clearfix \">\n                    <\/div>\n        <\/div>\n            <\/div>\n                  <\/div>\n                <div class=\"container-fluid  \" style=\"\">\n                      <div class=\"container\">\n                <div class=\"row \" style=\"margin-top: 30px;margin-bottom: 30px\">        <div class=\"col-sm-6 clearfix \">\n            \n        \n        <div class=\"ul-element-header text-left  \">\n\n            <h3 class=\"ul-bold  \" style=\"\">\n                                    <i class=\"fa fa-fw fa-chevron-circle-right\"><\/i>\n                                Journ\u00e9es ANSTIA - \u00c9dition 2017                            <\/h3>\n        <\/div>\n                <div class=\"ul-element-image \">\n            <a href=\"http:\/\/www.unilim.fr\/canalsup\/wp-content\/uploads\/sites\/21\/2017\/12\/image-page-direct.png\" target=\"\"  rel=\"lightbox\">\n                <img decoding=\"async\" class=\"img-responsive\" src=\"http:\/\/www.unilim.fr\/canalsup\/wp-content\/uploads\/sites\/21\/2017\/12\/image-page-direct.png\"\/>\n            <\/a>\n        <\/div>\n                <div class=\"clearfix ul-element-text \">\n            \n<p style=\"text-align: left;\"><strong>\u00a0<\/strong><\/p>\n<p style=\"text-align: left;\"><strong>Du 14 au 15 D\u00e9cembre, \u00e0 l&rsquo;Universit\u00e9 de Limoges<\/strong><\/p>\n<h5 class=\"ul-bold\"><strong>De l\u2019id\u00e9e \u00e0 la r\u00e9alisation,<br \/>\ncollaborer et co-construire<br \/>\npour une vision transversale de nos m\u00e9tiers !<\/strong><\/h5>\n<p>Cette th\u00e9matique nous promet de partager ensemble de nouvelles histoires o\u00f9 nos m\u00e9tiers se rencontrent pour faciliter la transformation des pratiques p\u00e9dagogiques, l&rsquo;accompagnement des enseignants mais aussi la r\u00e9alisation de projets, ressources multim\u00e9dias et dispositifs innovants en faveur de la r\u00e9ussite des \u00e9tudiants.<\/p>\n        <\/div>\n                <\/div>\n                <div class=\"col-sm-6 clearfix \">\n                    <div class=\"clearfix ul-element-text \">\n            \n<p><a class=\"twitter-timeline\" href=\"https:\/\/twitter.com\/anstiaofficiel\">Tweets by anstiaofficiel<\/a> <script src=\"\/\/platform.twitter.com\/widgets.js\"><\/script>        <\/div>\n                <\/div>\n        <\/div>\n            <\/div>\n                  <\/div>\n        \n","protected":false},"excerpt":{"rendered":"","protected":false},"author":46,"featured_media":0,"parent":0,"menu_order":0,"comment_status":"closed","ping_status":"closed","template":"page-le.php","meta":{"footnotes":""},"class_list":["post-2438","page","type-page","status-publish","hentry"],"yoast_head":"<!-- This site is optimized with the Yoast SEO plugin v26.5 - https:\/\/yoast.com\/wordpress\/plugins\/seo\/ -->\n<title>Les directs de CanalSup-Journ\u00e9es ANSTIA 2017 - M\u00e9dialab UL<\/title>\n<meta name=\"robots\" content=\"index, follow, max-snippet:-1, max-image-preview:large, max-video-preview:-1\" \/>\n<link rel=\"canonical\" href=\"https:\/\/www.unilim.fr\/medialab\/les-directs-de-canalsup-journees-anstia-2017\/\" \/>\n<meta property=\"og:locale\" content=\"fr_FR\" \/>\n<meta property=\"og:type\" content=\"article\" \/>\n<meta property=\"og:title\" content=\"Les directs de CanalSup-Journ\u00e9es ANSTIA 2017 - M\u00e9dialab UL\" \/>\n<meta property=\"og:url\" content=\"https:\/\/www.unilim.fr\/medialab\/les-directs-de-canalsup-journees-anstia-2017\/\" \/>\n<meta property=\"og:site_name\" content=\"M\u00e9dialab UL\" \/>\n<meta property=\"article:modified_time\" content=\"2018-03-05T14:20:01+00:00\" \/>\n<meta name=\"twitter:card\" content=\"summary_large_image\" \/>\n<meta name=\"twitter:label1\" content=\"Dur\u00e9e de lecture estim\u00e9e\" \/>\n\t<meta name=\"twitter:data1\" content=\"1 minute\" \/>\n<script type=\"application\/ld+json\" class=\"yoast-schema-graph\">{\"@context\":\"https:\/\/schema.org\",\"@graph\":[{\"@type\":\"WebPage\",\"@id\":\"https:\/\/www.unilim.fr\/medialab\/les-directs-de-canalsup-journees-anstia-2017\/\",\"url\":\"https:\/\/www.unilim.fr\/medialab\/les-directs-de-canalsup-journees-anstia-2017\/\",\"name\":\"Les directs de CanalSup-Journ\u00e9es ANSTIA 2017 - M\u00e9dialab UL\",\"isPartOf\":{\"@id\":\"https:\/\/www.unilim.fr\/medialab\/#website\"},\"datePublished\":\"2017-03-13T23:00:00+00:00\",\"dateModified\":\"2018-03-05T14:20:01+00:00\",\"breadcrumb\":{\"@id\":\"https:\/\/www.unilim.fr\/medialab\/les-directs-de-canalsup-journees-anstia-2017\/#breadcrumb\"},\"inLanguage\":\"fr-FR\",\"potentialAction\":[{\"@type\":\"ReadAction\",\"target\":[\"https:\/\/www.unilim.fr\/medialab\/les-directs-de-canalsup-journees-anstia-2017\/\"]}]},{\"@type\":\"BreadcrumbList\",\"@id\":\"https:\/\/www.unilim.fr\/medialab\/les-directs-de-canalsup-journees-anstia-2017\/#breadcrumb\",\"itemListElement\":[{\"@type\":\"ListItem\",\"position\":1,\"name\":\"Accueil\",\"item\":\"https:\/\/www.unilim.fr\/medialab\/\"},{\"@type\":\"ListItem\",\"position\":2,\"name\":\"Les directs de CanalSup-Journ\u00e9es ANSTIA 2017\"}]},{\"@type\":\"WebSite\",\"@id\":\"https:\/\/www.unilim.fr\/medialab\/#website\",\"url\":\"https:\/\/www.unilim.fr\/medialab\/\",\"name\":\"M\u00e9dialab UL\",\"description\":\"universit\u00e9 ouverte source de r\u00e9ussites\",\"potentialAction\":[{\"@type\":\"SearchAction\",\"target\":{\"@type\":\"EntryPoint\",\"urlTemplate\":\"https:\/\/www.unilim.fr\/medialab\/?s={search_term_string}\"},\"query-input\":{\"@type\":\"PropertyValueSpecification\",\"valueRequired\":true,\"valueName\":\"search_term_string\"}}],\"inLanguage\":\"fr-FR\"}]}<\/script>\n<!-- \/ Yoast SEO plugin. -->","yoast_head_json":{"title":"Les directs de CanalSup-Journ\u00e9es ANSTIA 2017 - M\u00e9dialab UL","robots":{"index":"index","follow":"follow","max-snippet":"max-snippet:-1","max-image-preview":"max-image-preview:large","max-video-preview":"max-video-preview:-1"},"canonical":"https:\/\/www.unilim.fr\/medialab\/les-directs-de-canalsup-journees-anstia-2017\/","og_locale":"fr_FR","og_type":"article","og_title":"Les directs de CanalSup-Journ\u00e9es ANSTIA 2017 - M\u00e9dialab UL","og_url":"https:\/\/www.unilim.fr\/medialab\/les-directs-de-canalsup-journees-anstia-2017\/","og_site_name":"M\u00e9dialab UL","article_modified_time":"2018-03-05T14:20:01+00:00","twitter_card":"summary_large_image","twitter_misc":{"Dur\u00e9e de lecture estim\u00e9e":"1 minute"},"schema":{"@context":"https:\/\/schema.org","@graph":[{"@type":"WebPage","@id":"https:\/\/www.unilim.fr\/medialab\/les-directs-de-canalsup-journees-anstia-2017\/","url":"https:\/\/www.unilim.fr\/medialab\/les-directs-de-canalsup-journees-anstia-2017\/","name":"Les directs de CanalSup-Journ\u00e9es ANSTIA 2017 - M\u00e9dialab UL","isPartOf":{"@id":"https:\/\/www.unilim.fr\/medialab\/#website"},"datePublished":"2017-03-13T23:00:00+00:00","dateModified":"2018-03-05T14:20:01+00:00","breadcrumb":{"@id":"https:\/\/www.unilim.fr\/medialab\/les-directs-de-canalsup-journees-anstia-2017\/#breadcrumb"},"inLanguage":"fr-FR","potentialAction":[{"@type":"ReadAction","target":["https:\/\/www.unilim.fr\/medialab\/les-directs-de-canalsup-journees-anstia-2017\/"]}]},{"@type":"BreadcrumbList","@id":"https:\/\/www.unilim.fr\/medialab\/les-directs-de-canalsup-journees-anstia-2017\/#breadcrumb","itemListElement":[{"@type":"ListItem","position":1,"name":"Accueil","item":"https:\/\/www.unilim.fr\/medialab\/"},{"@type":"ListItem","position":2,"name":"Les directs de CanalSup-Journ\u00e9es ANSTIA 2017"}]},{"@type":"WebSite","@id":"https:\/\/www.unilim.fr\/medialab\/#website","url":"https:\/\/www.unilim.fr\/medialab\/","name":"M\u00e9dialab UL","description":"universit\u00e9 ouverte source de r\u00e9ussites","potentialAction":[{"@type":"SearchAction","target":{"@type":"EntryPoint","urlTemplate":"https:\/\/www.unilim.fr\/medialab\/?s={search_term_string}"},"query-input":{"@type":"PropertyValueSpecification","valueRequired":true,"valueName":"search_term_string"}}],"inLanguage":"fr-FR"}]}},"_links":{"self":[{"href":"https:\/\/www.unilim.fr\/medialab\/wp-json\/wp\/v2\/pages\/2438","targetHints":{"allow":["GET"]}}],"collection":[{"href":"https:\/\/www.unilim.fr\/medialab\/wp-json\/wp\/v2\/pages"}],"about":[{"href":"https:\/\/www.unilim.fr\/medialab\/wp-json\/wp\/v2\/types\/page"}],"author":[{"embeddable":true,"href":"https:\/\/www.unilim.fr\/medialab\/wp-json\/wp\/v2\/users\/46"}],"replies":[{"embeddable":true,"href":"https:\/\/www.unilim.fr\/medialab\/wp-json\/wp\/v2\/comments?post=2438"}],"version-history":[{"count":0,"href":"https:\/\/www.unilim.fr\/medialab\/wp-json\/wp\/v2\/pages\/2438\/revisions"}],"wp:attachment":[{"href":"https:\/\/www.unilim.fr\/medialab\/wp-json\/wp\/v2\/media?parent=2438"}],"curies":[{"name":"wp","href":"https:\/\/api.w.org\/{rel}","templated":true}]}}