{"id":2227,"date":"2018-04-09T22:00:00","date_gmt":"2017-04-04T20:00:00","guid":{"rendered":"http:\/\/www.unilim.fr\/canalsup\/?page_id=2227"},"modified":"2018-04-10T14:57:50","modified_gmt":"2018-04-10T12:57:50","slug":"conferences-colloques","status":"publish","type":"page","link":"https:\/\/www.unilim.fr\/medialab\/conferences-colloques\/","title":{"rendered":"Conf\u00e9rences et colloques"},"content":{"rendered":"        <div class=\"container-fluid  \" style=\"\">\n                      <div class=\"container\">\n                <div class=\"row \" style=\"margin-top: 30px;margin-bottom: 30px\">        <div class=\"col-sm-12 clearfix \">\n                    <div class=\"ul-element-image \">\n            <a href=\"http:\/\/www.unilim.fr\/canalsup\/wp-content\/uploads\/sites\/21\/2018\/04\/conf-colloque.png\" target=\"\"  rel=\"lightbox\">\n                <img decoding=\"async\" class=\"img-responsive\" src=\"http:\/\/www.unilim.fr\/canalsup\/wp-content\/uploads\/sites\/21\/2018\/04\/conf-colloque.png\"\/>\n            <\/a>\n        <\/div>\n                <\/div>\n        <\/div>\n            <\/div>\n                  <\/div>\n                <div class=\"container-fluid  \" style=\"\">\n                      <div class=\"container\">\n                <div class=\"row \" style=\"margin-top: 30px;margin-bottom: 30px\">        <div class=\"col-sm-4 clearfix \">\n                    <\/div>\n                <div class=\"col-sm-4 clearfix \">\n                    <div class=\"\">\n                        <div class=\"panel panel-info\">\n                              <div class=\"panel-heading\">\n                    <h3 class=\"panel-title\"><i class=\"fa fa-fw fa-video-camera\"><\/i>Les COLLOQUES - CONF\u00c9RENCES<\/h3>\n                <\/div>\n                              <div class=\"panel-body\">\n                  \n<p><strong>Les s&eacute;ances publiques, les d&eacute;bats et les colloques<\/strong><\/p>\n<p>Id&eacute;es<br \/>&Eacute;changes<br \/>D&eacute;bats<\/p>\n                <\/div>\n                          <\/div>\n                    <\/div>\n                <\/div>\n                <div class=\"col-sm-4 clearfix \">\n                    <\/div>\n        <\/div>\n            <\/div>\n                  <\/div>\n                <div class=\"container-fluid  \" style=\"\">\n                      <div class=\"container\">\n                <div class=\"row \" style=\"margin-top: 30px;margin-bottom: 30px\">        <div class=\"col-sm-12 clearfix \">\n                    <div class=\"clearfix ul-element-text \">\n            \n\t\t\t<div \n\t\t\tclass=\"yotu-playlist yotuwp yotu-limit-min   yotu-thumb-43  yotu-template-mix\" \n\t\t\tdata-page=\"1\"\n\t\t\tid=\"yotuwp-69ea758357e5f\"\n\t\t\tdata-yotu=\"69ea7583a10e6\"\n\t\t\tdata-total=\"3\"\n\t\t\tdata-settings=\"eyJ0eXBlIjoicGxheWxpc3QiLCJpZCI6IlBMNk53cVVha2d4VktIWE5JQ1dwWVFTRlhDaHJaY25JQWUiLCJwYWdpbmF0aW9uIjoib2ZmIiwicGFnaXR5cGUiOiJwYWdlciIsImNvbHVtbiI6IjQiLCJwZXJfcGFnZSI6IjgiLCJ0ZW1wbGF0ZSI6Im1peCIsInRpdGxlIjoib2ZmIiwiZGVzY3JpcHRpb24iOiJvZmYiLCJ0aHVtYnJhdGlvIjoiNDMiLCJtZXRhIjoib2ZmIiwibWV0YV9kYXRhIjoib2ZmIiwibWV0YV9wb3NpdGlvbiI6Im9mZiIsImRhdGVfZm9ybWF0Ijoib2ZmIiwibWV0YV9hbGlnbiI6Im9mZiIsInN1YnNjcmliZSI6Im9mZiIsImR1cmF0aW9uIjoib2ZmIiwibWV0YV9pY29uIjoib2ZmIiwibmV4dHRleHQiOiIiLCJwcmV2dGV4dCI6IiIsImxvYWRtb3JldGV4dCI6IiIsInBsYXllciI6eyJtb2RlIjoibGFyZ2UiLCJ3aWR0aCI6IjMwMCIsInNjcm9sbGluZyI6IjEwMCIsImF1dG9wbGF5IjowLCJjb250cm9scyI6MSwibW9kZXN0YnJhbmRpbmciOjEsImxvb3AiOjAsImF1dG9uZXh0IjowLCJzaG93aW5mbyI6MSwicmVsIjowLCJwbGF5aW5nIjowLCJwbGF5aW5nX2Rlc2NyaXB0aW9uIjowLCJ0aHVtYm5haWxzIjowLCJjY19sb2FkX3BvbGljeSI6IjAiLCJjY19sYW5nX3ByZWYiOjAsImhsIjowLCJpdl9sb2FkX3BvbGljeSI6IjMifSwibGFzdF90YWIiOiJzZXR0aW5ncyIsInVzZV9hc19tb2RhbCI6Im9mZiIsIm1vZGFsX2lkIjoib2ZmIiwibGFzdF91cGRhdGUiOiIxNzc0MzU4MTM3Iiwic3R5bGluZyI6eyJwYWdlcl9sYXlvdXQiOiJkZWZhdWx0IiwiYnV0dG9uIjoiMSIsImJ1dHRvbl9jb2xvciI6IiNkYjMyYWUiLCJidXR0b25fYmdfY29sb3IiOiIiLCJidXR0b25fY29sb3JfaG92ZXIiOiIiLCJidXR0b25fYmdfY29sb3JfaG92ZXIiOiIiLCJ2aWRlb19zdHlsZSI6IiIsInBsYXlpY29uX2NvbG9yIjoiIiwiaG92ZXJfaWNvbiI6IiIsImdhbGxlcnlfYmciOiIifSwiZWZmZWN0cyI6eyJ2aWRlb19ib3giOiIiLCJmbGlwX2VmZmVjdCI6IiJ9LCJnYWxsZXJ5X2lkIjoiNjllYTc1ODM1N2U1ZiIsIm5leHQiOiJFQUFhSGxCVU9rTkJaMmxGUkdzMFRrVk5NVTlFVWtOTlJHY3lVVlZGTWxKRVNRIiwicHJldiI6IiJ9\"\n\t\t\tdata-player=\"large\"\n\t\t\tdata-showdesc=\"off\" >\n\t\t\t\t<div>\n\t\t\t\t\t\t\t\t\t\t<div class=\"yotu-wrapper-player\" style=\"width:300px\">\n\t\t\t\t\t\t\t\t\t\t\t\t<div class=\"yotu-player\">\n\t\t\t\t\t\t\t<div class=\"yotu-video-placeholder\" id=\"yotu-player-69ea7583a10e6\"><\/div>\n\t\t\t\t\t\t<\/div>\n\t\t\t\t\t\t<div class=\"yotu-playing-status\"><\/div>\n\t\t\t\t\t\t\t\t\t\t\t<\/div>\n\n\t\t\t\t\t<div class=\"yotu-videos yotu-mode-mix yotu-mode-grid yotu-column-4 yotu-player-mode-large\">\n\t<ul>\n\t\t\t\t\t<li class=\" yotu-first\">\n\t\t\t\t\t\t\t\t<a href=\"#YA493E2Mlt4\" class=\"yotu-video\" data-videoid=\"YA493E2Mlt4\" data-title=\"[EVENEMENT] : JPUNUM 2019 - Ateliers d\u00e9couverte\">\n\t\t\t\t\t<div class=\"yotu-video-thumb-wrp\">\n\t\t\t\t\t\t<div>\n\t\t\t\t\t\t\t\t\t\t\t\t\t\t<img decoding=\"async\" class=\"yotu-video-thumb\" src=\"https:\/\/i.ytimg.com\/vi\/YA493E2Mlt4\/sddefault.jpg\" alt=\"[EVENEMENT] : JPUNUM 2019 - Ateliers d\u00e9couverte\" \/>\n\t\t\t\t\t\t\t\t\t\t\t\t\t<\/div>\n\t\t\t\t\t<\/div>\n\t\t\t\t\t\t\t\t\t\t\t\t\t\t\t\t\t\t\t<\/a>\n\t\t\t\t\t\t\t<\/li>\n\t\t\t\t\n\t\t\t\t\t\t<li class=\"\">\n\t\t\t\t\t\t\t\t<a href=\"#VijIFr_tFrI\" class=\"yotu-video\" data-videoid=\"VijIFr_tFrI\" data-title=\"[EVENEMENT] : JPUNUM 2019 - D\u00e9monstration\">\n\t\t\t\t\t<div class=\"yotu-video-thumb-wrp\">\n\t\t\t\t\t\t<div>\n\t\t\t\t\t\t\t\t\t\t\t\t\t\t<img decoding=\"async\" class=\"yotu-video-thumb\" src=\"https:\/\/i.ytimg.com\/vi\/VijIFr_tFrI\/sddefault.jpg\" alt=\"[EVENEMENT] : JPUNUM 2019 - D\u00e9monstration\" \/>\n\t\t\t\t\t\t\t\t\t\t\t\t\t<\/div>\n\t\t\t\t\t<\/div>\n\t\t\t\t\t\t\t\t\t\t\t\t\t\t\t\t\t\t\t<\/a>\n\t\t\t\t\t\t\t<\/li>\n\t\t\t\t\n\t\t\t\t\t\t<li class=\"\">\n\t\t\t\t\t\t\t\t<a href=\"#hQCNutzJm9I\" class=\"yotu-video\" data-videoid=\"hQCNutzJm9I\" data-title=\"[EVENEMENT] : JPUNUM 2019 - Conf\u00e9rence Jean-Pierre HENRY\">\n\t\t\t\t\t<div class=\"yotu-video-thumb-wrp\">\n\t\t\t\t\t\t<div>\n\t\t\t\t\t\t\t\t\t\t\t\t\t\t<img decoding=\"async\" class=\"yotu-video-thumb\" src=\"https:\/\/i.ytimg.com\/vi\/hQCNutzJm9I\/sddefault.jpg\" alt=\"[EVENEMENT] : JPUNUM 2019 - Conf\u00e9rence Jean-Pierre HENRY\" \/>\n\t\t\t\t\t\t\t\t\t\t\t\t\t<\/div>\n\t\t\t\t\t<\/div>\n\t\t\t\t\t\t\t\t\t\t\t\t\t\t\t\t\t\t\t<\/a>\n\t\t\t\t\t\t\t<\/li>\n\t\t\t\t\n\t\t\t\t\t\t<li class=\"\">\n\t\t\t\t\t\t\t\t<a href=\"#J6zMq5EOFAU\" class=\"yotu-video\" data-videoid=\"J6zMq5EOFAU\" data-title=\"[EVENEMENT] : JPUNUM 2019 - Conf\u00e9rence Ana\u00efck PERROCHON\">\n\t\t\t\t\t<div class=\"yotu-video-thumb-wrp\">\n\t\t\t\t\t\t<div>\n\t\t\t\t\t\t\t\t\t\t\t\t\t\t<img decoding=\"async\" class=\"yotu-video-thumb\" src=\"https:\/\/i.ytimg.com\/vi\/J6zMq5EOFAU\/sddefault.jpg\" alt=\"[EVENEMENT] : JPUNUM 2019 - Conf\u00e9rence Ana\u00efck PERROCHON\" \/>\n\t\t\t\t\t\t\t\t\t\t\t\t\t<\/div>\n\t\t\t\t\t<\/div>\n\t\t\t\t\t\t\t\t\t\t\t\t\t\t\t\t\t\t\t<\/a>\n\t\t\t\t\t\t\t<\/li>\n\t\t\t\t\n\t\t\t\t\t\t<li class=\"\">\n\t\t\t\t\t\t\t\t<a href=\"#AliyvbwD4Iw\" class=\"yotu-video\" data-videoid=\"AliyvbwD4Iw\" data-title=\"[EVENEMENT] : JPUNUM 2019 - Conf\u00e9rence Nady HOYEK\">\n\t\t\t\t\t<div class=\"yotu-video-thumb-wrp\">\n\t\t\t\t\t\t<div>\n\t\t\t\t\t\t\t\t\t\t\t\t\t\t<img decoding=\"async\" class=\"yotu-video-thumb\" src=\"https:\/\/i.ytimg.com\/vi\/AliyvbwD4Iw\/sddefault.jpg\" alt=\"[EVENEMENT] : JPUNUM 2019 - Conf\u00e9rence Nady HOYEK\" \/>\n\t\t\t\t\t\t\t\t\t\t\t\t\t<\/div>\n\t\t\t\t\t<\/div>\n\t\t\t\t\t\t\t\t\t\t\t\t\t\t\t\t\t\t\t<\/a>\n\t\t\t\t\t\t\t<\/li>\n\t\t\t\t\n\t\t\t\t\t\t<li class=\"\">\n\t\t\t\t\t\t\t\t<a href=\"#76XGd-o4BVQ\" class=\"yotu-video\" data-videoid=\"76XGd-o4BVQ\" data-title=\"[EVENEMENT] : JPUNUM 2019 - Table ronde\">\n\t\t\t\t\t<div class=\"yotu-video-thumb-wrp\">\n\t\t\t\t\t\t<div>\n\t\t\t\t\t\t\t\t\t\t\t\t\t\t<img decoding=\"async\" class=\"yotu-video-thumb\" src=\"https:\/\/i.ytimg.com\/vi\/76XGd-o4BVQ\/sddefault.jpg\" alt=\"[EVENEMENT] : JPUNUM 2019 - Table ronde\" \/>\n\t\t\t\t\t\t\t\t\t\t\t\t\t<\/div>\n\t\t\t\t\t<\/div>\n\t\t\t\t\t\t\t\t\t\t\t\t\t\t\t\t\t\t\t<\/a>\n\t\t\t\t\t\t\t<\/li>\n\t\t\t\t\n\t\t\t\t\t\t<li class=\"\">\n\t\t\t\t\t\t\t\t<a href=\"#pxmblXX60zY\" class=\"yotu-video\" data-videoid=\"pxmblXX60zY\" data-title=\"[TEASER] : JPUNUM 2019\">\n\t\t\t\t\t<div class=\"yotu-video-thumb-wrp\">\n\t\t\t\t\t\t<div>\n\t\t\t\t\t\t\t\t\t\t\t\t\t\t<img decoding=\"async\" class=\"yotu-video-thumb\" src=\"https:\/\/i.ytimg.com\/vi\/pxmblXX60zY\/hqdefault.jpg\" alt=\"[TEASER] : JPUNUM 2019\" \/>\n\t\t\t\t\t\t\t\t\t\t\t\t\t<\/div>\n\t\t\t\t\t<\/div>\n\t\t\t\t\t\t\t\t\t\t\t\t\t\t\t\t\t\t\t<\/a>\n\t\t\t\t\t\t\t<\/li>\n\t\t\t\t\n\t\t\t\t\t\t<li class=\"\">\n\t\t\t\t\t\t\t\t<a href=\"#PrUY-6BTn8c\" class=\"yotu-video\" data-videoid=\"PrUY-6BTn8c\" data-title=\"JPUNUM 2018 : Intervention Sylvain GALIER\">\n\t\t\t\t\t<div class=\"yotu-video-thumb-wrp\">\n\t\t\t\t\t\t<div>\n\t\t\t\t\t\t\t\t\t\t\t\t\t\t<img decoding=\"async\" class=\"yotu-video-thumb\" src=\"https:\/\/i.ytimg.com\/vi\/PrUY-6BTn8c\/sddefault.jpg\" alt=\"JPUNUM 2018 : Intervention Sylvain GALIER\" \/>\n\t\t\t\t\t\t\t\t\t\t\t\t\t<\/div>\n\t\t\t\t\t<\/div>\n\t\t\t\t\t\t\t\t\t\t\t\t\t\t\t\t\t\t\t<\/a>\n\t\t\t\t\t\t\t<\/li>\n\t\t\t\t\n\t\t\t\t<\/ul>\n<\/div>\t\t\t\t<\/div>\n\t\t\t<\/div>\n\t\t\t\n<p><\/p>\n        <\/div>\n                <\/div>\n        <\/div>\n            <\/div>\n                  <\/div>\n        \n","protected":false},"excerpt":{"rendered":"","protected":false},"author":46,"featured_media":0,"parent":0,"menu_order":0,"comment_status":"closed","ping_status":"closed","template":"page-le.php","meta":{"footnotes":""},"class_list":["post-2227","page","type-page","status-publish","hentry","page_category-captation","page_category-conferences"],"yoast_head":"<!-- This site is optimized with the Yoast SEO plugin v26.5 - https:\/\/yoast.com\/wordpress\/plugins\/seo\/ -->\n<title>Conf\u00e9rences et colloques - M\u00e9dialab UL<\/title>\n<meta name=\"robots\" content=\"index, follow, max-snippet:-1, max-image-preview:large, max-video-preview:-1\" \/>\n<link rel=\"canonical\" href=\"https:\/\/www.unilim.fr\/medialab\/conferences-colloques\/\" \/>\n<meta property=\"og:locale\" content=\"fr_FR\" \/>\n<meta property=\"og:type\" content=\"article\" \/>\n<meta property=\"og:title\" content=\"Conf\u00e9rences et colloques - M\u00e9dialab UL\" \/>\n<meta property=\"og:url\" content=\"https:\/\/www.unilim.fr\/medialab\/conferences-colloques\/\" \/>\n<meta property=\"og:site_name\" content=\"M\u00e9dialab UL\" \/>\n<meta property=\"article:modified_time\" content=\"2018-04-10T12:57:50+00:00\" \/>\n<meta name=\"twitter:card\" content=\"summary_large_image\" \/>\n<meta name=\"twitter:label1\" content=\"Dur\u00e9e de lecture estim\u00e9e\" \/>\n\t<meta name=\"twitter:data1\" content=\"1 minute\" \/>\n<script type=\"application\/ld+json\" class=\"yoast-schema-graph\">{\"@context\":\"https:\/\/schema.org\",\"@graph\":[{\"@type\":\"WebPage\",\"@id\":\"https:\/\/www.unilim.fr\/medialab\/conferences-colloques\/\",\"url\":\"https:\/\/www.unilim.fr\/medialab\/conferences-colloques\/\",\"name\":\"Conf\u00e9rences et colloques - M\u00e9dialab UL\",\"isPartOf\":{\"@id\":\"https:\/\/www.unilim.fr\/medialab\/#website\"},\"datePublished\":\"2017-04-04T20:00:00+00:00\",\"dateModified\":\"2018-04-10T12:57:50+00:00\",\"breadcrumb\":{\"@id\":\"https:\/\/www.unilim.fr\/medialab\/conferences-colloques\/#breadcrumb\"},\"inLanguage\":\"fr-FR\",\"potentialAction\":[{\"@type\":\"ReadAction\",\"target\":[\"https:\/\/www.unilim.fr\/medialab\/conferences-colloques\/\"]}]},{\"@type\":\"BreadcrumbList\",\"@id\":\"https:\/\/www.unilim.fr\/medialab\/conferences-colloques\/#breadcrumb\",\"itemListElement\":[{\"@type\":\"ListItem\",\"position\":1,\"name\":\"Accueil\",\"item\":\"https:\/\/www.unilim.fr\/medialab\/\"},{\"@type\":\"ListItem\",\"position\":2,\"name\":\"Conf\u00e9rences et colloques\"}]},{\"@type\":\"WebSite\",\"@id\":\"https:\/\/www.unilim.fr\/medialab\/#website\",\"url\":\"https:\/\/www.unilim.fr\/medialab\/\",\"name\":\"M\u00e9dialab UL\",\"description\":\"universit\u00e9 ouverte source de r\u00e9ussites\",\"potentialAction\":[{\"@type\":\"SearchAction\",\"target\":{\"@type\":\"EntryPoint\",\"urlTemplate\":\"https:\/\/www.unilim.fr\/medialab\/?s={search_term_string}\"},\"query-input\":{\"@type\":\"PropertyValueSpecification\",\"valueRequired\":true,\"valueName\":\"search_term_string\"}}],\"inLanguage\":\"fr-FR\"}]}<\/script>\n<!-- \/ Yoast SEO plugin. -->","yoast_head_json":{"title":"Conf\u00e9rences et colloques - M\u00e9dialab UL","robots":{"index":"index","follow":"follow","max-snippet":"max-snippet:-1","max-image-preview":"max-image-preview:large","max-video-preview":"max-video-preview:-1"},"canonical":"https:\/\/www.unilim.fr\/medialab\/conferences-colloques\/","og_locale":"fr_FR","og_type":"article","og_title":"Conf\u00e9rences et colloques - M\u00e9dialab UL","og_url":"https:\/\/www.unilim.fr\/medialab\/conferences-colloques\/","og_site_name":"M\u00e9dialab UL","article_modified_time":"2018-04-10T12:57:50+00:00","twitter_card":"summary_large_image","twitter_misc":{"Dur\u00e9e de lecture estim\u00e9e":"1 minute"},"schema":{"@context":"https:\/\/schema.org","@graph":[{"@type":"WebPage","@id":"https:\/\/www.unilim.fr\/medialab\/conferences-colloques\/","url":"https:\/\/www.unilim.fr\/medialab\/conferences-colloques\/","name":"Conf\u00e9rences et colloques - M\u00e9dialab UL","isPartOf":{"@id":"https:\/\/www.unilim.fr\/medialab\/#website"},"datePublished":"2017-04-04T20:00:00+00:00","dateModified":"2018-04-10T12:57:50+00:00","breadcrumb":{"@id":"https:\/\/www.unilim.fr\/medialab\/conferences-colloques\/#breadcrumb"},"inLanguage":"fr-FR","potentialAction":[{"@type":"ReadAction","target":["https:\/\/www.unilim.fr\/medialab\/conferences-colloques\/"]}]},{"@type":"BreadcrumbList","@id":"https:\/\/www.unilim.fr\/medialab\/conferences-colloques\/#breadcrumb","itemListElement":[{"@type":"ListItem","position":1,"name":"Accueil","item":"https:\/\/www.unilim.fr\/medialab\/"},{"@type":"ListItem","position":2,"name":"Conf\u00e9rences et colloques"}]},{"@type":"WebSite","@id":"https:\/\/www.unilim.fr\/medialab\/#website","url":"https:\/\/www.unilim.fr\/medialab\/","name":"M\u00e9dialab UL","description":"universit\u00e9 ouverte source de r\u00e9ussites","potentialAction":[{"@type":"SearchAction","target":{"@type":"EntryPoint","urlTemplate":"https:\/\/www.unilim.fr\/medialab\/?s={search_term_string}"},"query-input":{"@type":"PropertyValueSpecification","valueRequired":true,"valueName":"search_term_string"}}],"inLanguage":"fr-FR"}]}},"_links":{"self":[{"href":"https:\/\/www.unilim.fr\/medialab\/wp-json\/wp\/v2\/pages\/2227","targetHints":{"allow":["GET"]}}],"collection":[{"href":"https:\/\/www.unilim.fr\/medialab\/wp-json\/wp\/v2\/pages"}],"about":[{"href":"https:\/\/www.unilim.fr\/medialab\/wp-json\/wp\/v2\/types\/page"}],"author":[{"embeddable":true,"href":"https:\/\/www.unilim.fr\/medialab\/wp-json\/wp\/v2\/users\/46"}],"replies":[{"embeddable":true,"href":"https:\/\/www.unilim.fr\/medialab\/wp-json\/wp\/v2\/comments?post=2227"}],"version-history":[{"count":0,"href":"https:\/\/www.unilim.fr\/medialab\/wp-json\/wp\/v2\/pages\/2227\/revisions"}],"wp:attachment":[{"href":"https:\/\/www.unilim.fr\/medialab\/wp-json\/wp\/v2\/media?parent=2227"}],"curies":[{"name":"wp","href":"https:\/\/api.w.org\/{rel}","templated":true}]}}