{"id":2103,"date":"2018-04-08T22:00:00","date_gmt":"2016-05-20T09:51:10","guid":{"rendered":"http:\/\/www.unilim.fr\/canalsup\/?page_id=2103"},"modified":"2018-04-09T14:00:09","modified_gmt":"2018-04-09T12:00:09","slug":"my-story","status":"publish","type":"page","link":"https:\/\/www.unilim.fr\/medialab\/my-story\/","title":{"rendered":"My Story"},"content":{"rendered":"        <div class=\"container-fluid  \" style=\"\">\n                      <div class=\"container\">\n                <div class=\"row \" style=\"margin-top: 30px;margin-bottom: 30px\">        <div class=\"col-sm-12 clearfix \">\n                    <div class=\"ul-element-image \">\n            <a href=\"http:\/\/www.unilim.fr\/canalsup\/wp-content\/uploads\/sites\/21\/2016\/05\/bande-temoignage.png\" target=\"\"  rel=\"lightbox\">\n                <img decoding=\"async\" class=\"img-responsive\" src=\"http:\/\/www.unilim.fr\/canalsup\/wp-content\/uploads\/sites\/21\/2016\/05\/bande-temoignage.png\"\/>\n            <\/a>\n        <\/div>\n                <\/div>\n        <\/div>\n            <\/div>\n                  <\/div>\n                <div class=\"container-fluid  \" style=\"\">\n                      <div class=\"container\">\n                <div class=\"row \" style=\"margin-top: 30px;margin-bottom: 30px\">        <div class=\"col-sm-12 clearfix \">\n                    <div class=\"ul-element-image \">\n            <a href=\"http:\/\/www.unilim.fr\/canalsup\/wp-content\/uploads\/sites\/21\/2016\/05\/bandeau-temoignage.png\" target=\"\"  rel=\"lightbox\">\n                <img decoding=\"async\" class=\"img-responsive\" src=\"http:\/\/www.unilim.fr\/canalsup\/wp-content\/uploads\/sites\/21\/2016\/05\/bandeau-temoignage.png\"\/>\n            <\/a>\n        <\/div>\n                <\/div>\n        <\/div>\n            <\/div>\n                  <\/div>\n                <div class=\"container-fluid  \" style=\"\">\n                      <div class=\"container\">\n                <div class=\"row \" style=\"margin-top: 30px;margin-bottom: 30px\">        <div class=\"col-sm-4 clearfix \">\n                    <\/div>\n                <div class=\"col-sm-4 clearfix \">\n                    <div class=\"\">\n                        <div class=\"panel panel-info\">\n                              <div class=\"panel-heading\">\n                    <h3 class=\"panel-title\"><i class=\"fa fa-fw fa-video-camera\"><\/i>MY STORY<\/h3>\n                <\/div>\n                              <div class=\"panel-body\">\n                  \n<p>T&eacute;moignages m&eacute;tiers de nos ancien.ne.s &eacute;tudiant.e.s de l&rsquo;Universit&eacute; de Limoges.<\/p>\n<p>Quel cursus? Quel m&eacute;tier? Quelles missions? Quelles comp&eacute;tences?<\/p>\n                <\/div>\n                          <\/div>\n                    <\/div>\n                <\/div>\n                <div class=\"col-sm-4 clearfix \">\n                    <\/div>\n        <\/div>\n            <\/div>\n                  <\/div>\n                <div class=\"container-fluid  \" style=\"\">\n                      <div class=\"container\">\n                <div class=\"row \" style=\"margin-top: 30px;margin-bottom: 30px\">        <div class=\"col-sm-12 clearfix \">\n                    <div class=\"clearfix ul-element-text \">\n            \n\t\t\t<div \n\t\t\tclass=\"yotu-playlist yotuwp yotu-limit-min yotu-limit-max   yotu-thumb-43  yotu-template-mix\" \n\t\t\tdata-page=\"1\"\n\t\t\tid=\"yotuwp-69ea7538ebb76\"\n\t\t\tdata-yotu=\"69ea7539487e4\"\n\t\t\tdata-total=\"1\"\n\t\t\tdata-settings=\"eyJ0eXBlIjoicGxheWxpc3QiLCJpZCI6IlBMNk53cVVha2d4VktaT0JITmRGNVBQLWFaY2p5RG5xTnAiLCJwYWdpbmF0aW9uIjoib2ZmIiwicGFnaXR5cGUiOiJwYWdlciIsImNvbHVtbiI6IjQiLCJwZXJfcGFnZSI6IjgiLCJ0ZW1wbGF0ZSI6Im1peCIsInRpdGxlIjoib2ZmIiwiZGVzY3JpcHRpb24iOiJvZmYiLCJ0aHVtYnJhdGlvIjoiNDMiLCJtZXRhIjoib2ZmIiwibWV0YV9kYXRhIjoib2ZmIiwibWV0YV9wb3NpdGlvbiI6Im9mZiIsImRhdGVfZm9ybWF0Ijoib2ZmIiwibWV0YV9hbGlnbiI6Im9mZiIsInN1YnNjcmliZSI6Im9mZiIsImR1cmF0aW9uIjoib2ZmIiwibWV0YV9pY29uIjoib2ZmIiwibmV4dHRleHQiOiIiLCJwcmV2dGV4dCI6IiIsImxvYWRtb3JldGV4dCI6IiIsInBsYXllciI6eyJtb2RlIjoibGFyZ2UiLCJ3aWR0aCI6IjMwMCIsInNjcm9sbGluZyI6IjEwMCIsImF1dG9wbGF5IjowLCJjb250cm9scyI6MSwibW9kZXN0YnJhbmRpbmciOjEsImxvb3AiOjAsImF1dG9uZXh0IjowLCJzaG93aW5mbyI6MSwicmVsIjowLCJwbGF5aW5nIjowLCJwbGF5aW5nX2Rlc2NyaXB0aW9uIjowLCJ0aHVtYm5haWxzIjowLCJjY19sb2FkX3BvbGljeSI6IjAiLCJjY19sYW5nX3ByZWYiOjAsImhsIjowLCJpdl9sb2FkX3BvbGljeSI6IjMifSwibGFzdF90YWIiOiJzZXR0aW5ncyIsInVzZV9hc19tb2RhbCI6Im9mZiIsIm1vZGFsX2lkIjoib2ZmIiwibGFzdF91cGRhdGUiOiIxNzc0MzU4MTM3Iiwic3R5bGluZyI6eyJwYWdlcl9sYXlvdXQiOiJkZWZhdWx0IiwiYnV0dG9uIjoiMSIsImJ1dHRvbl9jb2xvciI6IiNkYjMyYWUiLCJidXR0b25fYmdfY29sb3IiOiIiLCJidXR0b25fY29sb3JfaG92ZXIiOiIiLCJidXR0b25fYmdfY29sb3JfaG92ZXIiOiIiLCJ2aWRlb19zdHlsZSI6IiIsInBsYXlpY29uX2NvbG9yIjoiIiwiaG92ZXJfaWNvbiI6IiIsImdhbGxlcnlfYmciOiIifSwiZWZmZWN0cyI6eyJ2aWRlb19ib3giOiIiLCJmbGlwX2VmZmVjdCI6IiJ9LCJnYWxsZXJ5X2lkIjoiNjllYTc1MzhlYmI3NiIsIm5leHQiOiIiLCJwcmV2IjoiIn0=\"\n\t\t\tdata-player=\"large\"\n\t\t\tdata-showdesc=\"off\" >\n\t\t\t\t<div>\n\t\t\t\t\t\t\t\t\t\t<div class=\"yotu-wrapper-player\" style=\"width:300px\">\n\t\t\t\t\t\t\t\t\t\t\t\t<div class=\"yotu-player\">\n\t\t\t\t\t\t\t<div class=\"yotu-video-placeholder\" id=\"yotu-player-69ea7539487e4\"><\/div>\n\t\t\t\t\t\t<\/div>\n\t\t\t\t\t\t<div class=\"yotu-playing-status\"><\/div>\n\t\t\t\t\t\t\t\t\t\t\t<\/div>\n\n\t\t\t\t\t<div class=\"yotu-videos yotu-mode-mix yotu-mode-grid yotu-column-4 yotu-player-mode-large\">\n\t<ul>\n\t\t\t\t\t<li class=\" yotu-first\">\n\t\t\t\t\t\t\t\t<a href=\"#5h_p5GVNQk4\" class=\"yotu-video\" data-videoid=\"5h_p5GVNQk4\" data-title=\"Le t\u00e9moignage de Clotilde, ancienne \u00e9tudiante de la Facult\u00e9 de Pharmacie\">\n\t\t\t\t\t<div class=\"yotu-video-thumb-wrp\">\n\t\t\t\t\t\t<div>\n\t\t\t\t\t\t\t\t\t\t\t\t\t\t<img decoding=\"async\" class=\"yotu-video-thumb\" src=\"https:\/\/i.ytimg.com\/vi\/5h_p5GVNQk4\/sddefault.jpg\" alt=\"Le t\u00e9moignage de Clotilde, ancienne \u00e9tudiante de la Facult\u00e9 de Pharmacie\" \/>\n\t\t\t\t\t\t\t\t\t\t\t\t\t<\/div>\n\t\t\t\t\t<\/div>\n\t\t\t\t\t\t\t\t\t\t\t\t\t\t\t\t\t\t\t<\/a>\n\t\t\t\t\t\t\t<\/li>\n\t\t\t\t\n\t\t\t\t\t\t<li class=\"\">\n\t\t\t\t\t\t\t\t<a href=\"#D-dhUWyRPW4\" class=\"yotu-video\" data-videoid=\"D-dhUWyRPW4\" data-title=\"Le t\u00e9moignage de Sophie, ancienne \u00e9tudiante de la FLSH\">\n\t\t\t\t\t<div class=\"yotu-video-thumb-wrp\">\n\t\t\t\t\t\t<div>\n\t\t\t\t\t\t\t\t\t\t\t\t\t\t<img decoding=\"async\" class=\"yotu-video-thumb\" src=\"https:\/\/i.ytimg.com\/vi\/D-dhUWyRPW4\/sddefault.jpg\" alt=\"Le t\u00e9moignage de Sophie, ancienne \u00e9tudiante de la FLSH\" \/>\n\t\t\t\t\t\t\t\t\t\t\t\t\t<\/div>\n\t\t\t\t\t<\/div>\n\t\t\t\t\t\t\t\t\t\t\t\t\t\t\t\t\t\t\t<\/a>\n\t\t\t\t\t\t\t<\/li>\n\t\t\t\t\n\t\t\t\t\t\t<li class=\"\">\n\t\t\t\t\t\t\t\t<a href=\"#mbRM1WsjoWQ\" class=\"yotu-video\" data-videoid=\"mbRM1WsjoWQ\" data-title=\"T\u00e9moignage de Myl\u00e9na, ancienne \u00e9tudiante de la FSDE\">\n\t\t\t\t\t<div class=\"yotu-video-thumb-wrp\">\n\t\t\t\t\t\t<div>\n\t\t\t\t\t\t\t\t\t\t\t\t\t\t<img decoding=\"async\" class=\"yotu-video-thumb\" src=\"https:\/\/i.ytimg.com\/vi\/mbRM1WsjoWQ\/sddefault.jpg\" alt=\"T\u00e9moignage de Myl\u00e9na, ancienne \u00e9tudiante de la FSDE\" \/>\n\t\t\t\t\t\t\t\t\t\t\t\t\t<\/div>\n\t\t\t\t\t<\/div>\n\t\t\t\t\t\t\t\t\t\t\t\t\t\t\t\t\t\t\t<\/a>\n\t\t\t\t\t\t\t<\/li>\n\t\t\t\t\n\t\t\t\t\t\t<li class=\"\">\n\t\t\t\t\t\t\t\t<a href=\"#0-JtgNfDc0Y\" class=\"yotu-video\" data-videoid=\"0-JtgNfDc0Y\" data-title=\"Le T\u00e9moignage de J\u00e9r\u00f4me, ancien \u00e9tudiant de l\\&#039;IUT\">\n\t\t\t\t\t<div class=\"yotu-video-thumb-wrp\">\n\t\t\t\t\t\t<div>\n\t\t\t\t\t\t\t\t\t\t\t\t\t\t<img decoding=\"async\" class=\"yotu-video-thumb\" src=\"https:\/\/i.ytimg.com\/vi\/0-JtgNfDc0Y\/sddefault.jpg\" alt=\"Le T\u00e9moignage de J\u00e9r\u00f4me, ancien \u00e9tudiant de l&#039;IUT\" \/>\n\t\t\t\t\t\t\t\t\t\t\t\t\t<\/div>\n\t\t\t\t\t<\/div>\n\t\t\t\t\t\t\t\t\t\t\t\t\t\t\t\t\t\t\t<\/a>\n\t\t\t\t\t\t\t<\/li>\n\t\t\t\t\n\t\t\t\t\t\t<li class=\"\">\n\t\t\t\t\t\t\t\t<a href=\"#PVLQyvM4vWs\" class=\"yotu-video\" data-videoid=\"PVLQyvM4vWs\" data-title=\"Le T\u00e9moignage de Mathieu, ancien \u00e9tudiant de la FDSE\">\n\t\t\t\t\t<div class=\"yotu-video-thumb-wrp\">\n\t\t\t\t\t\t<div>\n\t\t\t\t\t\t\t\t\t\t\t\t\t\t<img decoding=\"async\" class=\"yotu-video-thumb\" src=\"https:\/\/i.ytimg.com\/vi\/PVLQyvM4vWs\/sddefault.jpg\" alt=\"Le T\u00e9moignage de Mathieu, ancien \u00e9tudiant de la FDSE\" \/>\n\t\t\t\t\t\t\t\t\t\t\t\t\t<\/div>\n\t\t\t\t\t<\/div>\n\t\t\t\t\t\t\t\t\t\t\t\t\t\t\t\t\t\t\t<\/a>\n\t\t\t\t\t\t\t<\/li>\n\t\t\t\t\n\t\t\t\t\t\t<li class=\"\">\n\t\t\t\t\t\t\t\t<a href=\"#3RXu3eZdAds\" class=\"yotu-video\" data-videoid=\"3RXu3eZdAds\" data-title=\"Le T\u00e9moignage de Doreen, ancienne \u00e9tudiante de la FLSH.\">\n\t\t\t\t\t<div class=\"yotu-video-thumb-wrp\">\n\t\t\t\t\t\t<div>\n\t\t\t\t\t\t\t\t\t\t\t\t\t\t<img decoding=\"async\" class=\"yotu-video-thumb\" src=\"https:\/\/i.ytimg.com\/vi\/3RXu3eZdAds\/sddefault.jpg\" alt=\"Le T\u00e9moignage de Doreen, ancienne \u00e9tudiante de la FLSH.\" \/>\n\t\t\t\t\t\t\t\t\t\t\t\t\t<\/div>\n\t\t\t\t\t<\/div>\n\t\t\t\t\t\t\t\t\t\t\t\t\t\t\t\t\t\t\t<\/a>\n\t\t\t\t\t\t\t<\/li>\n\t\t\t\t\n\t\t\t\t\t\t<li class=\"\">\n\t\t\t\t\t\t\t\t<a href=\"#P49gTYGpl-A\" class=\"yotu-video\" data-videoid=\"P49gTYGpl-A\" data-title=\"[T\u00c9MOIGNAGE] : \\&quot;My job\\&quot; par Nicolas PICARD, ancien \u00e9tudiant de l\\&#039;ENSIL-ENSCI\">\n\t\t\t\t\t<div class=\"yotu-video-thumb-wrp\">\n\t\t\t\t\t\t<div>\n\t\t\t\t\t\t\t\t\t\t\t\t\t\t<img decoding=\"async\" class=\"yotu-video-thumb\" src=\"https:\/\/i.ytimg.com\/vi\/P49gTYGpl-A\/sddefault.jpg\" alt=\"[T\u00c9MOIGNAGE] : &quot;My job&quot; par Nicolas PICARD, ancien \u00e9tudiant de l&#039;ENSIL-ENSCI\" \/>\n\t\t\t\t\t\t\t\t\t\t\t\t\t<\/div>\n\t\t\t\t\t<\/div>\n\t\t\t\t\t\t\t\t\t\t\t\t\t\t\t\t\t\t\t<\/a>\n\t\t\t\t\t\t\t<\/li>\n\t\t\t\t\n\t\t\t\t<\/ul>\n<\/div>\t\t\t\t<\/div>\n\t\t\t<\/div>\n\t\t\t\n<p><\/p>\n        <\/div>\n                <\/div>\n        <\/div>\n            <\/div>\n                  <\/div>\n        \n","protected":false},"excerpt":{"rendered":"","protected":false},"author":46,"featured_media":0,"parent":0,"menu_order":0,"comment_status":"closed","ping_status":"closed","template":"page-le.php","meta":{"footnotes":""},"class_list":["post-2103","page","type-page","status-publish","hentry"],"yoast_head":"<!-- This site is optimized with the Yoast SEO plugin v26.5 - https:\/\/yoast.com\/wordpress\/plugins\/seo\/ -->\n<title>My Story - M\u00e9dialab UL<\/title>\n<meta name=\"robots\" content=\"index, follow, max-snippet:-1, max-image-preview:large, max-video-preview:-1\" \/>\n<link rel=\"canonical\" href=\"https:\/\/www.unilim.fr\/medialab\/my-story\/\" \/>\n<meta property=\"og:locale\" content=\"fr_FR\" \/>\n<meta property=\"og:type\" content=\"article\" \/>\n<meta property=\"og:title\" content=\"My Story - M\u00e9dialab UL\" \/>\n<meta property=\"og:url\" content=\"https:\/\/www.unilim.fr\/medialab\/my-story\/\" \/>\n<meta property=\"og:site_name\" content=\"M\u00e9dialab UL\" \/>\n<meta property=\"article:modified_time\" content=\"2018-04-09T12:00:09+00:00\" \/>\n<meta name=\"twitter:card\" content=\"summary_large_image\" \/>\n<meta name=\"twitter:label1\" content=\"Dur\u00e9e de lecture estim\u00e9e\" \/>\n\t<meta name=\"twitter:data1\" content=\"1 minute\" \/>\n<script type=\"application\/ld+json\" class=\"yoast-schema-graph\">{\"@context\":\"https:\/\/schema.org\",\"@graph\":[{\"@type\":\"WebPage\",\"@id\":\"https:\/\/www.unilim.fr\/medialab\/my-story\/\",\"url\":\"https:\/\/www.unilim.fr\/medialab\/my-story\/\",\"name\":\"My Story - M\u00e9dialab UL\",\"isPartOf\":{\"@id\":\"https:\/\/www.unilim.fr\/medialab\/#website\"},\"datePublished\":\"2016-05-20T09:51:10+00:00\",\"dateModified\":\"2018-04-09T12:00:09+00:00\",\"breadcrumb\":{\"@id\":\"https:\/\/www.unilim.fr\/medialab\/my-story\/#breadcrumb\"},\"inLanguage\":\"fr-FR\",\"potentialAction\":[{\"@type\":\"ReadAction\",\"target\":[\"https:\/\/www.unilim.fr\/medialab\/my-story\/\"]}]},{\"@type\":\"BreadcrumbList\",\"@id\":\"https:\/\/www.unilim.fr\/medialab\/my-story\/#breadcrumb\",\"itemListElement\":[{\"@type\":\"ListItem\",\"position\":1,\"name\":\"Accueil\",\"item\":\"https:\/\/www.unilim.fr\/medialab\/\"},{\"@type\":\"ListItem\",\"position\":2,\"name\":\"My Story\"}]},{\"@type\":\"WebSite\",\"@id\":\"https:\/\/www.unilim.fr\/medialab\/#website\",\"url\":\"https:\/\/www.unilim.fr\/medialab\/\",\"name\":\"M\u00e9dialab UL\",\"description\":\"universit\u00e9 ouverte source de r\u00e9ussites\",\"potentialAction\":[{\"@type\":\"SearchAction\",\"target\":{\"@type\":\"EntryPoint\",\"urlTemplate\":\"https:\/\/www.unilim.fr\/medialab\/?s={search_term_string}\"},\"query-input\":{\"@type\":\"PropertyValueSpecification\",\"valueRequired\":true,\"valueName\":\"search_term_string\"}}],\"inLanguage\":\"fr-FR\"}]}<\/script>\n<!-- \/ Yoast SEO plugin. -->","yoast_head_json":{"title":"My Story - M\u00e9dialab UL","robots":{"index":"index","follow":"follow","max-snippet":"max-snippet:-1","max-image-preview":"max-image-preview:large","max-video-preview":"max-video-preview:-1"},"canonical":"https:\/\/www.unilim.fr\/medialab\/my-story\/","og_locale":"fr_FR","og_type":"article","og_title":"My Story - M\u00e9dialab UL","og_url":"https:\/\/www.unilim.fr\/medialab\/my-story\/","og_site_name":"M\u00e9dialab UL","article_modified_time":"2018-04-09T12:00:09+00:00","twitter_card":"summary_large_image","twitter_misc":{"Dur\u00e9e de lecture estim\u00e9e":"1 minute"},"schema":{"@context":"https:\/\/schema.org","@graph":[{"@type":"WebPage","@id":"https:\/\/www.unilim.fr\/medialab\/my-story\/","url":"https:\/\/www.unilim.fr\/medialab\/my-story\/","name":"My Story - M\u00e9dialab UL","isPartOf":{"@id":"https:\/\/www.unilim.fr\/medialab\/#website"},"datePublished":"2016-05-20T09:51:10+00:00","dateModified":"2018-04-09T12:00:09+00:00","breadcrumb":{"@id":"https:\/\/www.unilim.fr\/medialab\/my-story\/#breadcrumb"},"inLanguage":"fr-FR","potentialAction":[{"@type":"ReadAction","target":["https:\/\/www.unilim.fr\/medialab\/my-story\/"]}]},{"@type":"BreadcrumbList","@id":"https:\/\/www.unilim.fr\/medialab\/my-story\/#breadcrumb","itemListElement":[{"@type":"ListItem","position":1,"name":"Accueil","item":"https:\/\/www.unilim.fr\/medialab\/"},{"@type":"ListItem","position":2,"name":"My Story"}]},{"@type":"WebSite","@id":"https:\/\/www.unilim.fr\/medialab\/#website","url":"https:\/\/www.unilim.fr\/medialab\/","name":"M\u00e9dialab UL","description":"universit\u00e9 ouverte source de r\u00e9ussites","potentialAction":[{"@type":"SearchAction","target":{"@type":"EntryPoint","urlTemplate":"https:\/\/www.unilim.fr\/medialab\/?s={search_term_string}"},"query-input":{"@type":"PropertyValueSpecification","valueRequired":true,"valueName":"search_term_string"}}],"inLanguage":"fr-FR"}]}},"_links":{"self":[{"href":"https:\/\/www.unilim.fr\/medialab\/wp-json\/wp\/v2\/pages\/2103","targetHints":{"allow":["GET"]}}],"collection":[{"href":"https:\/\/www.unilim.fr\/medialab\/wp-json\/wp\/v2\/pages"}],"about":[{"href":"https:\/\/www.unilim.fr\/medialab\/wp-json\/wp\/v2\/types\/page"}],"author":[{"embeddable":true,"href":"https:\/\/www.unilim.fr\/medialab\/wp-json\/wp\/v2\/users\/46"}],"replies":[{"embeddable":true,"href":"https:\/\/www.unilim.fr\/medialab\/wp-json\/wp\/v2\/comments?post=2103"}],"version-history":[{"count":0,"href":"https:\/\/www.unilim.fr\/medialab\/wp-json\/wp\/v2\/pages\/2103\/revisions"}],"wp:attachment":[{"href":"https:\/\/www.unilim.fr\/medialab\/wp-json\/wp\/v2\/media?parent=2103"}],"curies":[{"name":"wp","href":"https:\/\/api.w.org\/{rel}","templated":true}]}}