{"id":1859,"date":"2016-01-12T23:00:00","date_gmt":"2016-01-13T12:22:52","guid":{"rendered":"http:\/\/www.unilim.fr\/canalsup\/les-journaux\/"},"modified":"2016-01-13T13:34:13","modified_gmt":"2016-01-13T12:34:13","slug":"les-journaux","status":"publish","type":"page","link":"https:\/\/www.unilim.fr\/medialab\/les-journaux\/","title":{"rendered":"Les Journaux"},"content":{"rendered":"        <div class=\"container-fluid  \" style=\"\">\n                      <div class=\"container\">\n                <div class=\"row \" style=\"margin-top: 30px;margin-bottom: 30px\">        <div class=\"col-sm-12 clearfix \">\n                    <div class=\"ul-element-image \">\n            <a href=\"http:\/\/www.unilim.fr\/canalsup\/wp-content\/uploads\/sites\/21\/2016\/01\/page-journaux.png\" target=\"\"  rel=\"lightbox\">\n                <img decoding=\"async\" class=\"img-responsive\" src=\"http:\/\/www.unilim.fr\/canalsup\/wp-content\/uploads\/sites\/21\/2016\/01\/page-journaux.png\"\/>\n            <\/a>\n        <\/div>\n                <\/div>\n        <\/div>\n            <\/div>\n                  <\/div>\n                <div class=\"container-fluid  \" style=\"\">\n                      <div class=\"container\">\n                <div class=\"row \" style=\"margin-top: 30px;margin-bottom: 30px\">        <div class=\"col-sm-12 clearfix \">\n                    <div class=\"ul-element-image \">\n            <a href=\"http:\/\/www.unilim.fr\/canalsup\/wp-content\/uploads\/sites\/21\/2016\/01\/bandeau-journaux.png\" target=\"\"  rel=\"lightbox\">\n                <img decoding=\"async\" class=\"img-responsive\" src=\"http:\/\/www.unilim.fr\/canalsup\/wp-content\/uploads\/sites\/21\/2016\/01\/bandeau-journaux.png\"\/>\n            <\/a>\n        <\/div>\n                <\/div>\n        <\/div>\n            <\/div>\n                  <\/div>\n                <div class=\"container-fluid  \" style=\"\">\n                      <div class=\"container\">\n                <div class=\"row \" style=\"margin-top: 30px;margin-bottom: 30px\">        <div class=\"col-sm-12 clearfix \">\n                            \n                <div class=\"row ul-fix-height ul-element-post ul-element-post--col  \">\n                                                <div class=\"col-sm-4\">\n                            <div class=\"bg-gray-lighter ul-fix-height-to-me\">\n                                <article class=\"\" id=\"post-739\"  role=\"article\" >\n\n                                    <a href=\"https:\/\/www.unilim.fr\/medialab\/2015\/05\/12\/shaker-mag-le-cocktail-pour-lengagement-episode-1-2\/\" rel=\"bookmark\" title=\"SHAKER MAG &#8211; Le cocktail pour l&rsquo;engagement &#8211; \u00c9pisode 1\" class=\"hidden-xs\">\n                                                                                                                                    <img loading=\"lazy\" decoding=\"async\" width=\"640\" height=\"360\" src=\"https:\/\/www.unilim.fr\/medialab\/wp-content\/uploads\/sites\/82\/2015\/05\/shaker-mag-11-640x360.png\" class=\"img-responsive wp-post-image\" alt=\"\" srcset=\"https:\/\/www.unilim.fr\/medialab\/wp-content\/uploads\/sites\/82\/2015\/05\/shaker-mag-11.png 640w, https:\/\/www.unilim.fr\/medialab\/wp-content\/uploads\/sites\/82\/2015\/05\/shaker-mag-11-354x200.png 354w, https:\/\/www.unilim.fr\/medialab\/wp-content\/uploads\/sites\/82\/2015\/05\/shaker-mag-11-300x169.png 300w\" sizes=\"auto, (max-width: 640px) 100vw, 640px\" \/>                                                                                                                                        <img decoding=\"async\" src=\"https:\/\/www.unilim.fr\/medialab\/wp-content\/themes\/wordpress-bootstrap-master-child\/lib\/img\/video-4-3-paysage-n.png\" class=\"img-responsive\" style=\"position:absolute;top:0;left:0;\">\n                                                                                                                        <\/a>\n\n                                                                        <p class=\"bg-primary text-light text-right ul-bold\" style=\"padding:10px;\">\n                                        <a href=\"https:\/\/www.unilim.fr\/medialab\/category\/types-de-videos\/journal\/\" rel=\"category tag\">Journal<\/a> | <a href=\"https:\/\/www.unilim.fr\/medialab\/category\/thematiques\/vie-etudiante-categories\/\" rel=\"category tag\">Vie \u00e9tudiante<\/a>                                        <\/p>\n                                    \n                                    <div class=\"content panel-body\" style=\"padding:10px;\">\n                                        \n                                        <h4 class=\"ul-bold\">\n                                            <a class=\"text-gray header-readmore-arrow\" href=\"https:\/\/www.unilim.fr\/medialab\/2015\/05\/12\/shaker-mag-le-cocktail-pour-lengagement-episode-1-2\/\" rel=\"bookmark\" title=\"SHAKER MAG &#8211; Le cocktail pour l&rsquo;engagement &#8211; \u00c9pisode 1\">\n                                                SHAKER MAG &#8211; Le cocktail pour l&rsquo;engagement &#8211; \u00c9pisode 1&nbsp;<i class='text-primary fa fa-location-arrow hidden'><\/i>\n                                            <\/a>\n\n                                        <\/h4>\n\n                                                                                    <p>\n                                                SHAKER MAG &#8211; Le cocktail pour l&rsquo;engagement &#8211; \u00c9pisode 1 Canalsup et la plateforme Engagement du Carrefour des \u00e9tudiants <a href='https:\/\/www.unilim.fr\/medialab\/2015\/05\/12\/shaker-mag-le-cocktail-pour-lengagement-episode-1-2\/' alt='Lire la suite' class='text-readmore-arrow'>[...]<\/a>                                            <\/p>\n                                        \n                                                                            <\/div>\n                                <\/article>\n                            <\/div>\n                        <\/div>\n                                                                        <div class=\"col-sm-4\">\n                            <div class=\"bg-gray-lighter ul-fix-height-to-me\">\n                                <article class=\"\" id=\"post-730\"  role=\"article\" >\n\n                                    <a href=\"https:\/\/www.unilim.fr\/medialab\/2015\/05\/12\/smag-1-le-journal-des-stages\/\" rel=\"bookmark\" title=\"SMAG #1 &#8211; Le journal des Stages\" class=\"hidden-xs\">\n                                                                                                                                    <img loading=\"lazy\" decoding=\"async\" width=\"640\" height=\"360\" src=\"https:\/\/www.unilim.fr\/medialab\/wp-content\/uploads\/sites\/82\/2015\/05\/je-journal-des-stages1-640x360.png\" class=\"img-responsive wp-post-image\" alt=\"\" srcset=\"https:\/\/www.unilim.fr\/medialab\/wp-content\/uploads\/sites\/82\/2015\/05\/je-journal-des-stages1.png 640w, https:\/\/www.unilim.fr\/medialab\/wp-content\/uploads\/sites\/82\/2015\/05\/je-journal-des-stages1-354x200.png 354w, https:\/\/www.unilim.fr\/medialab\/wp-content\/uploads\/sites\/82\/2015\/05\/je-journal-des-stages1-300x169.png 300w\" sizes=\"auto, (max-width: 640px) 100vw, 640px\" \/>                                                                                                                                        <img decoding=\"async\" src=\"https:\/\/www.unilim.fr\/medialab\/wp-content\/themes\/wordpress-bootstrap-master-child\/lib\/img\/video-4-3-paysage-n.png\" class=\"img-responsive\" style=\"position:absolute;top:0;left:0;\">\n                                                                                                                        <\/a>\n\n                                                                        <p class=\"bg-primary text-light text-right ul-bold\" style=\"padding:10px;\">\n                                        <a href=\"https:\/\/www.unilim.fr\/medialab\/category\/thematiques\/emploi\/\" rel=\"category tag\">Emploi<\/a> | <a href=\"https:\/\/www.unilim.fr\/medialab\/category\/types-de-videos\/journal\/\" rel=\"category tag\">Journal<\/a> | <a href=\"https:\/\/www.unilim.fr\/medialab\/category\/programmes\/smag\/\" rel=\"category tag\">SMAG<\/a>                                        <\/p>\n                                    \n                                    <div class=\"content panel-body\" style=\"padding:10px;\">\n                                        \n                                        <h4 class=\"ul-bold\">\n                                            <a class=\"text-gray header-readmore-arrow\" href=\"https:\/\/www.unilim.fr\/medialab\/2015\/05\/12\/smag-1-le-journal-des-stages\/\" rel=\"bookmark\" title=\"SMAG #1 &#8211; Le journal des Stages\">\n                                                SMAG #1 &#8211; Le journal des Stages&nbsp;<i class='text-primary fa fa-location-arrow hidden'><\/i>\n                                            <\/a>\n\n                                        <\/h4>\n\n                                                                                    <p>\n                                                SMAG #1 &#8211; Le journal des Stages SMAG c&rsquo;est le Journal 100% stages ! Astuces, bon plans, actualit\u00e9s, les stages n&rsquo;auront <a href='https:\/\/www.unilim.fr\/medialab\/2015\/05\/12\/smag-1-le-journal-des-stages\/' alt='Lire la suite' class='text-readmore-arrow'>[...]<\/a>                                            <\/p>\n                                        \n                                                                            <\/div>\n                                <\/article>\n                            <\/div>\n                        <\/div>\n                                                                        <div class=\"col-sm-4\">\n                            <div class=\"bg-gray-lighter ul-fix-height-to-me\">\n                                <article class=\"\" id=\"post-727\"  role=\"article\" >\n\n                                    <a href=\"https:\/\/www.unilim.fr\/medialab\/2015\/05\/12\/emag-1-lg-annonce-la-fin-du-monde\/\" rel=\"bookmark\" title=\"EMAG #1 &#8211; LG annonce la fin du monde\" class=\"hidden-xs\">\n                                                                                                                                    <img loading=\"lazy\" decoding=\"async\" width=\"640\" height=\"360\" src=\"https:\/\/www.unilim.fr\/medialab\/wp-content\/uploads\/sites\/82\/2015\/05\/emag11-640x360.png\" class=\"img-responsive wp-post-image\" alt=\"\" srcset=\"https:\/\/www.unilim.fr\/medialab\/wp-content\/uploads\/sites\/82\/2015\/05\/emag11.png 640w, https:\/\/www.unilim.fr\/medialab\/wp-content\/uploads\/sites\/82\/2015\/05\/emag11-354x200.png 354w, https:\/\/www.unilim.fr\/medialab\/wp-content\/uploads\/sites\/82\/2015\/05\/emag11-300x169.png 300w\" sizes=\"auto, (max-width: 640px) 100vw, 640px\" \/>                                                                                                                                        <img decoding=\"async\" src=\"https:\/\/www.unilim.fr\/medialab\/wp-content\/themes\/wordpress-bootstrap-master-child\/lib\/img\/video-4-3-paysage-n.png\" class=\"img-responsive\" style=\"position:absolute;top:0;left:0;\">\n                                                                                                                        <\/a>\n\n                                                                        <p class=\"bg-primary text-light text-right ul-bold\" style=\"padding:10px;\">\n                                        <a href=\"https:\/\/www.unilim.fr\/medialab\/category\/programmes\/emag\/\" rel=\"category tag\">EMAG<\/a> | <a href=\"https:\/\/www.unilim.fr\/medialab\/category\/thematiques\/emploi\/\" rel=\"category tag\">Emploi<\/a> | <a href=\"https:\/\/www.unilim.fr\/medialab\/category\/types-de-videos\/journal\/\" rel=\"category tag\">Journal<\/a>                                        <\/p>\n                                    \n                                    <div class=\"content panel-body\" style=\"padding:10px;\">\n                                        \n                                        <h4 class=\"ul-bold\">\n                                            <a class=\"text-gray header-readmore-arrow\" href=\"https:\/\/www.unilim.fr\/medialab\/2015\/05\/12\/emag-1-lg-annonce-la-fin-du-monde\/\" rel=\"bookmark\" title=\"EMAG #1 &#8211; LG annonce la fin du monde\">\n                                                EMAG #1 &#8211; LG annonce la fin du monde&nbsp;<i class='text-primary fa fa-location-arrow hidden'><\/i>\n                                            <\/a>\n\n                                        <\/h4>\n\n                                                                                    <p>\n                                                EMAG #1 &#8211; LG annonce la fin du monde L&rsquo;E-mag, votre journal 100% emploi ! Au programme, l&rsquo;actualit\u00e9 de l&#8217;emploi, un <a href='https:\/\/www.unilim.fr\/medialab\/2015\/05\/12\/emag-1-lg-annonce-la-fin-du-monde\/' alt='Lire la suite' class='text-readmore-arrow'>[...]<\/a>                                            <\/p>\n                                        \n                                                                            <\/div>\n                                <\/article>\n                            <\/div>\n                        <\/div>\n                                                                    <\/div>\n                        <\/div>\n        <\/div>\n            <\/div>\n                  <\/div>\n                <div class=\"container-fluid  \" style=\"\">\n                      <div class=\"container\">\n                <div class=\"row \" style=\"margin-top: 30px;margin-bottom: 30px\">        <div class=\"col-sm-12 clearfix \">\n                            \n                <div class=\"row ul-fix-height ul-element-post ul-element-post--col  \">\n                                                <div class=\"col-sm-4\">\n                            <div class=\"bg-gray-lighter ul-fix-height-to-me\">\n                                <article class=\"\" id=\"post-173\"  role=\"article\" >\n\n                                    <a href=\"https:\/\/www.unilim.fr\/medialab\/2015\/04\/27\/meteoart-1-fabrice-eboue-et-james-brown\/\" rel=\"bookmark\" title=\"M\u00e9t\u00e9oart&rsquo; #1 &#8211; Fabrice Ebou\u00e9 et James Brown\" class=\"hidden-xs\">\n                                                                                                                                    <img loading=\"lazy\" decoding=\"async\" width=\"640\" height=\"360\" src=\"https:\/\/www.unilim.fr\/medialab\/wp-content\/uploads\/sites\/82\/2015\/04\/meteoart1-640x360.jpg\" class=\"img-responsive wp-post-image\" alt=\"\" srcset=\"https:\/\/www.unilim.fr\/medialab\/wp-content\/uploads\/sites\/82\/2015\/04\/meteoart1.jpg 640w, https:\/\/www.unilim.fr\/medialab\/wp-content\/uploads\/sites\/82\/2015\/04\/meteoart1-354x200.jpg 354w, https:\/\/www.unilim.fr\/medialab\/wp-content\/uploads\/sites\/82\/2015\/04\/meteoart1-300x169.jpg 300w\" sizes=\"auto, (max-width: 640px) 100vw, 640px\" \/>                                                                                                                                        <img decoding=\"async\" src=\"https:\/\/www.unilim.fr\/medialab\/wp-content\/themes\/wordpress-bootstrap-master-child\/lib\/img\/video-4-3-paysage-n.png\" class=\"img-responsive\" style=\"position:absolute;top:0;left:0;\">\n                                                                                                                        <\/a>\n\n                                                                        <p class=\"bg-primary text-light text-right ul-bold\" style=\"padding:10px;\">\n                                        <a href=\"https:\/\/www.unilim.fr\/medialab\/category\/thematiques\/divertissement\/\" rel=\"category tag\">Divertissement<\/a> | <a href=\"https:\/\/www.unilim.fr\/medialab\/category\/types-de-videos\/journal\/\" rel=\"category tag\">Journal<\/a> | <a href=\"https:\/\/www.unilim.fr\/medialab\/category\/thematiques\/vie-etudiante-categories\/\" rel=\"category tag\">Vie \u00e9tudiante<\/a>                                        <\/p>\n                                    \n                                    <div class=\"content panel-body\" style=\"padding:10px;\">\n                                        \n                                        <h4 class=\"ul-bold\">\n                                            <a class=\"text-gray header-readmore-arrow\" href=\"https:\/\/www.unilim.fr\/medialab\/2015\/04\/27\/meteoart-1-fabrice-eboue-et-james-brown\/\" rel=\"bookmark\" title=\"M\u00e9t\u00e9oart&rsquo; #1 &#8211; Fabrice Ebou\u00e9 et James Brown\">\n                                                M\u00e9t\u00e9oart&rsquo; #1 &#8211; Fabrice Ebou\u00e9 et James Brown&nbsp;<i class='text-primary fa fa-location-arrow hidden'><\/i>\n                                            <\/a>\n\n                                        <\/h4>\n\n                                                                                    <p>\n                                                M\u00e9t\u00e9oart&rsquo; #1 &#8211; Fabrice Ebou\u00e9 et James Brown Dans la r\u00e9gion Limousin, se concentrent de nombreux lieux culturels proposant divers <a href='https:\/\/www.unilim.fr\/medialab\/2015\/04\/27\/meteoart-1-fabrice-eboue-et-james-brown\/' alt='Lire la suite' class='text-readmore-arrow'>[...]<\/a>                                            <\/p>\n                                        \n                                                                            <\/div>\n                                <\/article>\n                            <\/div>\n                        <\/div>\n                                                                    <\/div>\n                        <\/div>\n        <\/div>\n            <\/div>\n                  <\/div>\n        \n","protected":false},"excerpt":{"rendered":"","protected":false},"author":46,"featured_media":0,"parent":0,"menu_order":0,"comment_status":"closed","ping_status":"closed","template":"page-le.php","meta":{"footnotes":""},"class_list":["post-1859","page","type-page","status-publish","hentry"],"yoast_head":"<!-- This site is optimized with the Yoast SEO plugin v26.5 - https:\/\/yoast.com\/wordpress\/plugins\/seo\/ -->\n<title>Les Journaux - M\u00e9dialab UL<\/title>\n<meta name=\"robots\" content=\"index, follow, max-snippet:-1, max-image-preview:large, max-video-preview:-1\" \/>\n<link rel=\"canonical\" href=\"https:\/\/www.unilim.fr\/medialab\/les-journaux\/\" \/>\n<meta property=\"og:locale\" content=\"fr_FR\" \/>\n<meta property=\"og:type\" content=\"article\" \/>\n<meta property=\"og:title\" content=\"Les Journaux - M\u00e9dialab UL\" \/>\n<meta property=\"og:url\" content=\"https:\/\/www.unilim.fr\/medialab\/les-journaux\/\" \/>\n<meta property=\"og:site_name\" content=\"M\u00e9dialab UL\" \/>\n<meta property=\"article:modified_time\" content=\"2016-01-13T12:34:13+00:00\" \/>\n<meta name=\"twitter:card\" content=\"summary_large_image\" \/>\n<meta name=\"twitter:label1\" content=\"Dur\u00e9e de lecture estim\u00e9e\" \/>\n\t<meta name=\"twitter:data1\" content=\"1 minute\" \/>\n<script type=\"application\/ld+json\" class=\"yoast-schema-graph\">{\"@context\":\"https:\/\/schema.org\",\"@graph\":[{\"@type\":\"WebPage\",\"@id\":\"https:\/\/www.unilim.fr\/medialab\/les-journaux\/\",\"url\":\"https:\/\/www.unilim.fr\/medialab\/les-journaux\/\",\"name\":\"Les Journaux - M\u00e9dialab UL\",\"isPartOf\":{\"@id\":\"https:\/\/www.unilim.fr\/medialab\/#website\"},\"datePublished\":\"2016-01-13T12:22:52+00:00\",\"dateModified\":\"2016-01-13T12:34:13+00:00\",\"breadcrumb\":{\"@id\":\"https:\/\/www.unilim.fr\/medialab\/les-journaux\/#breadcrumb\"},\"inLanguage\":\"fr-FR\",\"potentialAction\":[{\"@type\":\"ReadAction\",\"target\":[\"https:\/\/www.unilim.fr\/medialab\/les-journaux\/\"]}]},{\"@type\":\"BreadcrumbList\",\"@id\":\"https:\/\/www.unilim.fr\/medialab\/les-journaux\/#breadcrumb\",\"itemListElement\":[{\"@type\":\"ListItem\",\"position\":1,\"name\":\"Accueil\",\"item\":\"https:\/\/www.unilim.fr\/medialab\/\"},{\"@type\":\"ListItem\",\"position\":2,\"name\":\"Les Journaux\"}]},{\"@type\":\"WebSite\",\"@id\":\"https:\/\/www.unilim.fr\/medialab\/#website\",\"url\":\"https:\/\/www.unilim.fr\/medialab\/\",\"name\":\"M\u00e9dialab UL\",\"description\":\"universit\u00e9 ouverte source de r\u00e9ussites\",\"potentialAction\":[{\"@type\":\"SearchAction\",\"target\":{\"@type\":\"EntryPoint\",\"urlTemplate\":\"https:\/\/www.unilim.fr\/medialab\/?s={search_term_string}\"},\"query-input\":{\"@type\":\"PropertyValueSpecification\",\"valueRequired\":true,\"valueName\":\"search_term_string\"}}],\"inLanguage\":\"fr-FR\"}]}<\/script>\n<!-- \/ Yoast SEO plugin. -->","yoast_head_json":{"title":"Les Journaux - M\u00e9dialab UL","robots":{"index":"index","follow":"follow","max-snippet":"max-snippet:-1","max-image-preview":"max-image-preview:large","max-video-preview":"max-video-preview:-1"},"canonical":"https:\/\/www.unilim.fr\/medialab\/les-journaux\/","og_locale":"fr_FR","og_type":"article","og_title":"Les Journaux - M\u00e9dialab UL","og_url":"https:\/\/www.unilim.fr\/medialab\/les-journaux\/","og_site_name":"M\u00e9dialab UL","article_modified_time":"2016-01-13T12:34:13+00:00","twitter_card":"summary_large_image","twitter_misc":{"Dur\u00e9e de lecture estim\u00e9e":"1 minute"},"schema":{"@context":"https:\/\/schema.org","@graph":[{"@type":"WebPage","@id":"https:\/\/www.unilim.fr\/medialab\/les-journaux\/","url":"https:\/\/www.unilim.fr\/medialab\/les-journaux\/","name":"Les Journaux - M\u00e9dialab UL","isPartOf":{"@id":"https:\/\/www.unilim.fr\/medialab\/#website"},"datePublished":"2016-01-13T12:22:52+00:00","dateModified":"2016-01-13T12:34:13+00:00","breadcrumb":{"@id":"https:\/\/www.unilim.fr\/medialab\/les-journaux\/#breadcrumb"},"inLanguage":"fr-FR","potentialAction":[{"@type":"ReadAction","target":["https:\/\/www.unilim.fr\/medialab\/les-journaux\/"]}]},{"@type":"BreadcrumbList","@id":"https:\/\/www.unilim.fr\/medialab\/les-journaux\/#breadcrumb","itemListElement":[{"@type":"ListItem","position":1,"name":"Accueil","item":"https:\/\/www.unilim.fr\/medialab\/"},{"@type":"ListItem","position":2,"name":"Les Journaux"}]},{"@type":"WebSite","@id":"https:\/\/www.unilim.fr\/medialab\/#website","url":"https:\/\/www.unilim.fr\/medialab\/","name":"M\u00e9dialab UL","description":"universit\u00e9 ouverte source de r\u00e9ussites","potentialAction":[{"@type":"SearchAction","target":{"@type":"EntryPoint","urlTemplate":"https:\/\/www.unilim.fr\/medialab\/?s={search_term_string}"},"query-input":{"@type":"PropertyValueSpecification","valueRequired":true,"valueName":"search_term_string"}}],"inLanguage":"fr-FR"}]}},"_links":{"self":[{"href":"https:\/\/www.unilim.fr\/medialab\/wp-json\/wp\/v2\/pages\/1859","targetHints":{"allow":["GET"]}}],"collection":[{"href":"https:\/\/www.unilim.fr\/medialab\/wp-json\/wp\/v2\/pages"}],"about":[{"href":"https:\/\/www.unilim.fr\/medialab\/wp-json\/wp\/v2\/types\/page"}],"author":[{"embeddable":true,"href":"https:\/\/www.unilim.fr\/medialab\/wp-json\/wp\/v2\/users\/46"}],"replies":[{"embeddable":true,"href":"https:\/\/www.unilim.fr\/medialab\/wp-json\/wp\/v2\/comments?post=1859"}],"version-history":[{"count":0,"href":"https:\/\/www.unilim.fr\/medialab\/wp-json\/wp\/v2\/pages\/1859\/revisions"}],"wp:attachment":[{"href":"https:\/\/www.unilim.fr\/medialab\/wp-json\/wp\/v2\/media?parent=1859"}],"curies":[{"name":"wp","href":"https:\/\/api.w.org\/{rel}","templated":true}]}}