{"id":1795,"date":"2016-01-12T23:00:00","date_gmt":"2016-01-13T08:53:51","guid":{"rendered":"http:\/\/www.unilim.fr\/canalsup\/le-carton-a-questions\/"},"modified":"2016-01-13T12:30:53","modified_gmt":"2016-01-13T11:30:53","slug":"le-carton-a-questions","status":"publish","type":"page","link":"https:\/\/www.unilim.fr\/medialab\/le-carton-a-questions\/","title":{"rendered":"Le Carton \u00e0 questions"},"content":{"rendered":"        <div class=\"container-fluid  \" style=\"\">\n                      <div class=\"container\">\n                <div class=\"row \" style=\"margin-top: 30px;margin-bottom: 30px\">        <div class=\"col-sm-12 clearfix \">\n                    <div class=\"ul-element-image \">\n            <a href=\"http:\/\/www.unilim.fr\/canalsup\/wp-content\/uploads\/sites\/21\/2016\/01\/page-le-carton-a-questions.png\" target=\"\"  rel=\"lightbox\">\n                <img decoding=\"async\" class=\"img-responsive\" src=\"http:\/\/www.unilim.fr\/canalsup\/wp-content\/uploads\/sites\/21\/2016\/01\/page-le-carton-a-questions.png\"\/>\n            <\/a>\n        <\/div>\n                <\/div>\n        <\/div>\n            <\/div>\n                  <\/div>\n                <div class=\"container-fluid  \" style=\"\">\n                      <div class=\"container\">\n                <div class=\"row \" style=\"margin-top: 30px;margin-bottom: 30px\">        <div class=\"col-sm-12 clearfix \">\n                    <div class=\"ul-element-image \">\n            <a href=\"http:\/\/www.unilim.fr\/canalsup\/wp-content\/uploads\/sites\/21\/2016\/01\/bandeau-carton-a-question.png\" target=\"\"  rel=\"lightbox\">\n                <img decoding=\"async\" class=\"img-responsive\" src=\"http:\/\/www.unilim.fr\/canalsup\/wp-content\/uploads\/sites\/21\/2016\/01\/bandeau-carton-a-question.png\"\/>\n            <\/a>\n        <\/div>\n                <\/div>\n        <\/div>\n            <\/div>\n                  <\/div>\n                <div class=\"container-fluid  \" style=\"\">\n                      <div class=\"container\">\n                <div class=\"row \" style=\"margin-top: 30px;margin-bottom: 30px\">        <div class=\"col-sm-12 clearfix \">\n                            \n                <div class=\"row ul-fix-height ul-element-post ul-element-post--col  \">\n                                                <div class=\"col-sm-4\">\n                            <div class=\"bg-gray-lighter ul-fix-height-to-me\">\n                                <article class=\"\" id=\"post-1544\"  role=\"article\" >\n\n                                    <a href=\"https:\/\/www.unilim.fr\/medialab\/2015\/10\/21\/le-carton-a-questions-artisans-du-monde\/\" rel=\"bookmark\" title=\"Le carton \u00e0 questions : Artisans du monde\" class=\"hidden-xs\">\n                                                                                                                                    <img loading=\"lazy\" decoding=\"async\" width=\"640\" height=\"360\" src=\"https:\/\/www.unilim.fr\/medialab\/wp-content\/uploads\/sites\/82\/2015\/10\/artisans-du-monde-640x360.png\" class=\"img-responsive wp-post-image\" alt=\"\" srcset=\"https:\/\/www.unilim.fr\/medialab\/wp-content\/uploads\/sites\/82\/2015\/10\/artisans-du-monde.png 640w, https:\/\/www.unilim.fr\/medialab\/wp-content\/uploads\/sites\/82\/2015\/10\/artisans-du-monde-354x200.png 354w, https:\/\/www.unilim.fr\/medialab\/wp-content\/uploads\/sites\/82\/2015\/10\/artisans-du-monde-300x169.png 300w\" sizes=\"auto, (max-width: 640px) 100vw, 640px\" \/>                                                                                                                                        <img decoding=\"async\" src=\"https:\/\/www.unilim.fr\/medialab\/wp-content\/themes\/wordpress-bootstrap-master-child\/lib\/img\/video-4-3-paysage-n.png\" class=\"img-responsive\" style=\"position:absolute;top:0;left:0;\">\n                                                                                                                        <\/a>\n\n                                                                        <p class=\"bg-primary text-light text-right ul-bold\" style=\"padding:10px;\">\n                                        <a href=\"https:\/\/www.unilim.fr\/medialab\/category\/carton-a-questions\/\" rel=\"category tag\">Carton \u00e0 questions<\/a> | <a href=\"https:\/\/www.unilim.fr\/medialab\/category\/thematiques\/divertissement\/\" rel=\"category tag\">Divertissement<\/a> | <a href=\"https:\/\/www.unilim.fr\/medialab\/category\/en-avant\/\" rel=\"category tag\">En avant<\/a> | <a href=\"https:\/\/www.unilim.fr\/medialab\/category\/reportage-etudiants\/\" rel=\"category tag\">Reportage \u00e9tudiants<\/a> | <a href=\"https:\/\/www.unilim.fr\/medialab\/category\/thematiques\/vie-etudiante-categories\/\" rel=\"category tag\">Vie \u00e9tudiante<\/a>                                        <\/p>\n                                    \n                                    <div class=\"content panel-body\" style=\"padding:10px;\">\n                                        \n                                        <h4 class=\"ul-bold\">\n                                            <a class=\"text-gray header-readmore-arrow\" href=\"https:\/\/www.unilim.fr\/medialab\/2015\/10\/21\/le-carton-a-questions-artisans-du-monde\/\" rel=\"bookmark\" title=\"Le carton \u00e0 questions : Artisans du monde\">\n                                                Le carton \u00e0 questions : Artisans du monde&nbsp;<i class='text-primary fa fa-location-arrow hidden'><\/i>\n                                            <\/a>\n\n                                        <\/h4>\n\n                                                                                    <p>\n                                                A vos questions ! Canalsup et ses cybers reporters vous pr\u00e9sentent leur tout nouveau concept : Le Carton \u00e0 questions ! Un sujet, des <a href='https:\/\/www.unilim.fr\/medialab\/2015\/10\/21\/le-carton-a-questions-artisans-du-monde\/' alt='Lire la suite' class='text-readmore-arrow'>[...]<\/a>                                            <\/p>\n                                        \n                                                                            <\/div>\n                                <\/article>\n                            <\/div>\n                        <\/div>\n                                                                    <\/div>\n                        <\/div>\n        <\/div>\n            <\/div>\n                  <\/div>\n        \n","protected":false},"excerpt":{"rendered":"","protected":false},"author":46,"featured_media":0,"parent":0,"menu_order":0,"comment_status":"closed","ping_status":"closed","template":"page-le.php","meta":{"footnotes":""},"class_list":["post-1795","page","type-page","status-publish","hentry"],"yoast_head":"<!-- This site is optimized with the Yoast SEO plugin v26.5 - https:\/\/yoast.com\/wordpress\/plugins\/seo\/ -->\n<title>Le Carton \u00e0 questions - M\u00e9dialab UL<\/title>\n<meta name=\"robots\" content=\"index, follow, max-snippet:-1, max-image-preview:large, max-video-preview:-1\" \/>\n<link rel=\"canonical\" href=\"https:\/\/www.unilim.fr\/medialab\/le-carton-a-questions\/\" \/>\n<meta property=\"og:locale\" content=\"fr_FR\" \/>\n<meta property=\"og:type\" content=\"article\" \/>\n<meta property=\"og:title\" content=\"Le Carton \u00e0 questions - M\u00e9dialab UL\" \/>\n<meta property=\"og:url\" content=\"https:\/\/www.unilim.fr\/medialab\/le-carton-a-questions\/\" \/>\n<meta property=\"og:site_name\" content=\"M\u00e9dialab UL\" \/>\n<meta property=\"article:modified_time\" content=\"2016-01-13T11:30:53+00:00\" \/>\n<meta name=\"twitter:card\" content=\"summary_large_image\" \/>\n<meta name=\"twitter:label1\" content=\"Dur\u00e9e de lecture estim\u00e9e\" \/>\n\t<meta name=\"twitter:data1\" content=\"1 minute\" \/>\n<script type=\"application\/ld+json\" class=\"yoast-schema-graph\">{\"@context\":\"https:\/\/schema.org\",\"@graph\":[{\"@type\":\"WebPage\",\"@id\":\"https:\/\/www.unilim.fr\/medialab\/le-carton-a-questions\/\",\"url\":\"https:\/\/www.unilim.fr\/medialab\/le-carton-a-questions\/\",\"name\":\"Le Carton \u00e0 questions - M\u00e9dialab UL\",\"isPartOf\":{\"@id\":\"https:\/\/www.unilim.fr\/medialab\/#website\"},\"datePublished\":\"2016-01-13T08:53:51+00:00\",\"dateModified\":\"2016-01-13T11:30:53+00:00\",\"breadcrumb\":{\"@id\":\"https:\/\/www.unilim.fr\/medialab\/le-carton-a-questions\/#breadcrumb\"},\"inLanguage\":\"fr-FR\",\"potentialAction\":[{\"@type\":\"ReadAction\",\"target\":[\"https:\/\/www.unilim.fr\/medialab\/le-carton-a-questions\/\"]}]},{\"@type\":\"BreadcrumbList\",\"@id\":\"https:\/\/www.unilim.fr\/medialab\/le-carton-a-questions\/#breadcrumb\",\"itemListElement\":[{\"@type\":\"ListItem\",\"position\":1,\"name\":\"Accueil\",\"item\":\"https:\/\/www.unilim.fr\/medialab\/\"},{\"@type\":\"ListItem\",\"position\":2,\"name\":\"Le Carton \u00e0 questions\"}]},{\"@type\":\"WebSite\",\"@id\":\"https:\/\/www.unilim.fr\/medialab\/#website\",\"url\":\"https:\/\/www.unilim.fr\/medialab\/\",\"name\":\"M\u00e9dialab UL\",\"description\":\"universit\u00e9 ouverte source de r\u00e9ussites\",\"potentialAction\":[{\"@type\":\"SearchAction\",\"target\":{\"@type\":\"EntryPoint\",\"urlTemplate\":\"https:\/\/www.unilim.fr\/medialab\/?s={search_term_string}\"},\"query-input\":{\"@type\":\"PropertyValueSpecification\",\"valueRequired\":true,\"valueName\":\"search_term_string\"}}],\"inLanguage\":\"fr-FR\"}]}<\/script>\n<!-- \/ Yoast SEO plugin. -->","yoast_head_json":{"title":"Le Carton \u00e0 questions - M\u00e9dialab UL","robots":{"index":"index","follow":"follow","max-snippet":"max-snippet:-1","max-image-preview":"max-image-preview:large","max-video-preview":"max-video-preview:-1"},"canonical":"https:\/\/www.unilim.fr\/medialab\/le-carton-a-questions\/","og_locale":"fr_FR","og_type":"article","og_title":"Le Carton \u00e0 questions - M\u00e9dialab UL","og_url":"https:\/\/www.unilim.fr\/medialab\/le-carton-a-questions\/","og_site_name":"M\u00e9dialab UL","article_modified_time":"2016-01-13T11:30:53+00:00","twitter_card":"summary_large_image","twitter_misc":{"Dur\u00e9e de lecture estim\u00e9e":"1 minute"},"schema":{"@context":"https:\/\/schema.org","@graph":[{"@type":"WebPage","@id":"https:\/\/www.unilim.fr\/medialab\/le-carton-a-questions\/","url":"https:\/\/www.unilim.fr\/medialab\/le-carton-a-questions\/","name":"Le Carton \u00e0 questions - M\u00e9dialab UL","isPartOf":{"@id":"https:\/\/www.unilim.fr\/medialab\/#website"},"datePublished":"2016-01-13T08:53:51+00:00","dateModified":"2016-01-13T11:30:53+00:00","breadcrumb":{"@id":"https:\/\/www.unilim.fr\/medialab\/le-carton-a-questions\/#breadcrumb"},"inLanguage":"fr-FR","potentialAction":[{"@type":"ReadAction","target":["https:\/\/www.unilim.fr\/medialab\/le-carton-a-questions\/"]}]},{"@type":"BreadcrumbList","@id":"https:\/\/www.unilim.fr\/medialab\/le-carton-a-questions\/#breadcrumb","itemListElement":[{"@type":"ListItem","position":1,"name":"Accueil","item":"https:\/\/www.unilim.fr\/medialab\/"},{"@type":"ListItem","position":2,"name":"Le Carton \u00e0 questions"}]},{"@type":"WebSite","@id":"https:\/\/www.unilim.fr\/medialab\/#website","url":"https:\/\/www.unilim.fr\/medialab\/","name":"M\u00e9dialab UL","description":"universit\u00e9 ouverte source de r\u00e9ussites","potentialAction":[{"@type":"SearchAction","target":{"@type":"EntryPoint","urlTemplate":"https:\/\/www.unilim.fr\/medialab\/?s={search_term_string}"},"query-input":{"@type":"PropertyValueSpecification","valueRequired":true,"valueName":"search_term_string"}}],"inLanguage":"fr-FR"}]}},"_links":{"self":[{"href":"https:\/\/www.unilim.fr\/medialab\/wp-json\/wp\/v2\/pages\/1795","targetHints":{"allow":["GET"]}}],"collection":[{"href":"https:\/\/www.unilim.fr\/medialab\/wp-json\/wp\/v2\/pages"}],"about":[{"href":"https:\/\/www.unilim.fr\/medialab\/wp-json\/wp\/v2\/types\/page"}],"author":[{"embeddable":true,"href":"https:\/\/www.unilim.fr\/medialab\/wp-json\/wp\/v2\/users\/46"}],"replies":[{"embeddable":true,"href":"https:\/\/www.unilim.fr\/medialab\/wp-json\/wp\/v2\/comments?post=1795"}],"version-history":[{"count":0,"href":"https:\/\/www.unilim.fr\/medialab\/wp-json\/wp\/v2\/pages\/1795\/revisions"}],"wp:attachment":[{"href":"https:\/\/www.unilim.fr\/medialab\/wp-json\/wp\/v2\/media?parent=1795"}],"curies":[{"name":"wp","href":"https:\/\/api.w.org\/{rel}","templated":true}]}}