{"id":1734,"date":"2018-04-08T22:00:00","date_gmt":"2016-01-12T14:56:49","guid":{"rendered":"http:\/\/www.unilim.fr\/canalsup\/programmation-2\/"},"modified":"2018-04-10T14:18:42","modified_gmt":"2018-04-10T12:18:42","slug":"programmation-2","status":"publish","type":"page","link":"https:\/\/www.unilim.fr\/medialab\/programmation-2\/","title":{"rendered":"Programmation"},"content":{"rendered":"        <div class=\"container-fluid  \" style=\"\">\n                      <div class=\"container\">\n                <div class=\"row \" style=\"margin-top: 30px;margin-bottom: 30px\">        <div class=\"col-sm-4 clearfix \">\n                    <a class=\"ul-element-rollover \" style=\"padding:0px\" href=\"http:\/\/www.unilim.fr\/canalsup\/la-minute-oh\/\" target=\"_self\">\n            <div class=\"ul-element-rollover-container   round-image-border \">\n                <div class=\"img-container\">\n                    <img decoding=\"async\" src=\"http:\/\/www.unilim.fr\/canalsup\/wp-content\/uploads\/sites\/21\/2016\/01\/minute-oh-2.png\" \/>\n                                        <div class=\"img-title text-center bg-white \">La Minute Oh<\/div>\n                                    <\/div>\n                <div class=\"text-container\">\n                    <div class=\"text-inner\">\n                        \n<h4 style=\"text-align: center\" class=\"ul-bold\">Tout&nbsp;comprendre<br \/>gr&acirc;ce &agrave; nos<br \/>playmobiles !<\/h4>\n                    <\/div>\n                <\/div>\n            <\/div>\n        <\/a>\n\n                <\/div>\n                <div class=\"col-sm-4 clearfix \">\n                    <a class=\"ul-element-rollover \" style=\"padding:0px\" href=\"http:\/\/www.unilim.fr\/canalsup\/la-minute-etudiante\/\" target=\"_self\">\n            <div class=\"ul-element-rollover-container   round-image-border \">\n                <div class=\"img-container\">\n                    <img decoding=\"async\" src=\"http:\/\/www.unilim.fr\/canalsup\/wp-content\/uploads\/sites\/21\/2016\/01\/minute-etudiante-2.png\" \/>\n                                        <div class=\"img-title text-center bg-white \">La Minute Etudiante<\/div>\n                                    <\/div>\n                <div class=\"text-container\">\n                    <div class=\"text-inner\">\n                        \n<h4 style=\"text-align: center\" class=\"ul-bold\"><strong>Les &eacute;tudiants vous<\/strong><br \/><strong>pr&eacute;sentent leur<\/strong><br \/><strong>talent, leur passion,<\/strong><br \/><strong>leur association ou<\/strong><br \/><strong>leur exp&eacute;rience en<\/strong><br \/><strong>moins d&rsquo;une minute<\/strong><br \/><strong>chrono !<\/strong><\/h4>\n                    <\/div>\n                <\/div>\n            <\/div>\n        <\/a>\n\n                <\/div>\n                <div class=\"col-sm-4 clearfix \">\n                    <a class=\"ul-element-rollover \" style=\"padding:0px\" href=\"http:\/\/www.unilim.fr\/canalsup\/reporters-sans-manieres-2\/\" target=\"_self\">\n            <div class=\"ul-element-rollover-container   round-image-border \">\n                <div class=\"img-container\">\n                    <img decoding=\"async\" src=\"http:\/\/www.unilim.fr\/canalsup\/wp-content\/uploads\/sites\/21\/2016\/01\/reporters-sans-manieres-2.png\" \/>\n                                        <div class=\"img-title text-center bg-white \">Les Reporters sans mani\u00e8res<\/div>\n                                    <\/div>\n                <div class=\"text-container\">\n                    <div class=\"text-inner\">\n                        \n<h4 style=\"text-align: center\" class=\"ul-bold\"><strong>Reportage &eacute;tudiant<\/strong><br \/><strong>sur un &eacute;v&egrave;nement ou<\/strong><br \/><strong>une activit&eacute; propos&eacute;e<\/strong><br \/><strong>par l&rsquo;Universit&eacute;<\/strong><\/h4>\n                    <\/div>\n                <\/div>\n            <\/div>\n        <\/a>\n\n                <\/div>\n        <\/div>\n            <\/div>\n                  <\/div>\n                <div class=\"container-fluid  \" style=\"\">\n                      <div class=\"container\">\n                <div class=\"row \" style=\"margin-top: 30px;margin-bottom: 30px\">        <div class=\"col-sm-4 clearfix \">\n                    <a class=\"ul-element-rollover \" style=\"padding:0px\" href=\"http:\/\/www.unilim.fr\/canalsup\/people-say\/\" target=\"_self\">\n            <div class=\"ul-element-rollover-container   round-image-border \">\n                <div class=\"img-container\">\n                    <img decoding=\"async\" src=\"http:\/\/www.unilim.fr\/canalsup\/wp-content\/uploads\/sites\/21\/2016\/01\/people-say-2.png\" \/>\n                                        <div class=\"img-title text-center bg-white \">People Say<\/div>\n                                    <\/div>\n                <div class=\"text-container\">\n                    <div class=\"text-inner\">\n                        \n<h4 style=\"text-align: center\" class=\"ul-bold\"><\/h4>\n<h4 style=\"text-align: center\" class=\"ul-bold\">Interview \/ portrait<br \/>de &laquo;people&raquo;&nbsp;<br \/>Un sujet, une personne face cam&eacute;ra<\/p>\n<\/h4>\n                    <\/div>\n                <\/div>\n            <\/div>\n        <\/a>\n\n                <\/div>\n                <div class=\"col-sm-4 clearfix \">\n                    <a class=\"ul-element-rollover \" style=\"padding:0px\" href=\"http:\/\/www.unilim.fr\/medialab\/lowcostcine\/\" target=\"_self\">\n            <div class=\"ul-element-rollover-container   round-image-border \">\n                <div class=\"img-container\">\n                    <img decoding=\"async\" src=\"http:\/\/www.unilim.fr\/canalsup\/wp-content\/uploads\/sites\/21\/2018\/04\/low-cost.png\" \/>\n                                        <div class=\"img-title text-center bg-white \">Lowcost Cin\u00e9<\/div>\n                                    <\/div>\n                <div class=\"text-container\">\n                    <div class=\"text-inner\">\n                        \n<h4 style=\"text-align: center\" class=\"ul-bold\">Parodies de film<br \/>en mode Lowcost !<\/p>\n<\/h4>\n                    <\/div>\n                <\/div>\n            <\/div>\n        <\/a>\n\n                <\/div>\n                <div class=\"col-sm-4 clearfix \">\n                    <a class=\"ul-element-rollover \" style=\"padding:0px\" href=\"http:\/\/www.unilim.fr\/canalsup\/les-plateaux-canalsup\/\" target=\"_self\">\n            <div class=\"ul-element-rollover-container   round-image-border \">\n                <div class=\"img-container\">\n                    <img decoding=\"async\" src=\"http:\/\/www.unilim.fr\/canalsup\/wp-content\/uploads\/sites\/21\/2016\/01\/les-plateaux-canalsup.png\" \/>\n                                        <div class=\"img-title text-center bg-white \">Les Plateaux Canalsup<\/div>\n                                    <\/div>\n                <div class=\"text-container\">\n                    <div class=\"text-inner\">\n                        \n<h4 style=\"text-align: center\" class=\"ul-bold\">Plateau TV en direct<br \/>ou Ev&egrave;nements<br \/>Multicam&eacute;ras&nbsp;diff&eacute;r&eacute;s<\/h4>\n                    <\/div>\n                <\/div>\n            <\/div>\n        <\/a>\n\n                <\/div>\n        <\/div>\n            <\/div>\n                  <\/div>\n                <div class=\"container-fluid  \" style=\"\">\n                      <div class=\"container\">\n                <div class=\"row \" style=\"margin-top: 30px;margin-bottom: 30px\">        <div class=\"col-sm-4 clearfix \">\n                    <a class=\"ul-element-rollover \" style=\"padding:0px\" href=\"http:\/\/www.unilim.fr\/canalsup\/formats-courts\/\" target=\"_self\">\n            <div class=\"ul-element-rollover-container   round-image-border \">\n                <div class=\"img-container\">\n                    <img decoding=\"async\" src=\"http:\/\/www.unilim.fr\/canalsup\/wp-content\/uploads\/sites\/21\/2016\/01\/fornats-courts.png\" \/>\n                                        <div class=\"img-title text-center bg-white \">Formats courts<\/div>\n                                    <\/div>\n                <div class=\"text-container\">\n                    <div class=\"text-inner\">\n                        \n<h4 style=\"text-align: center\" class=\"ul-bold\">Clips promotionnels et teasers sur<br \/>les &eacute;v&egrave;nements<br \/>universitaires.<\/h4>\n                    <\/div>\n                <\/div>\n            <\/div>\n        <\/a>\n\n                <\/div>\n                <div class=\"col-sm-4 clearfix \">\n                    <a class=\"ul-element-rollover \" style=\"padding:0px\" href=\"http:\/\/www.unilim.fr\/canalsup\/escapade\/\" target=\"_self\">\n            <div class=\"ul-element-rollover-container   round-image-border \">\n                <div class=\"img-container\">\n                    <img decoding=\"async\" src=\"http:\/\/www.unilim.fr\/canalsup\/wp-content\/uploads\/sites\/21\/2018\/04\/escapade-4.png\" \/>\n                                        <div class=\"img-title text-center bg-white \">Escapade<\/div>\n                                    <\/div>\n                <div class=\"text-container\">\n                    <div class=\"text-inner\">\n                        \n<h4 class=\"ul-bold\" style=\"text-align: center\">Le programme Escapade est un ensemble d&rsquo;&eacute;missions t&eacute;l&eacute;vis&eacute;es int&eacute;ractives diffus&eacute; dans des Lyc&eacute;es de l&rsquo;Acad&eacute;mie et qui propose une d&eacute;couverte de l&rsquo;Universit&eacute; et de ses formations.<\/h4>\n                    <\/div>\n                <\/div>\n            <\/div>\n        <\/a>\n\n                <\/div>\n                <div class=\"col-sm-4 clearfix \">\n                    <a class=\"ul-element-rollover \" style=\"padding:0px\" href=\"http:\/\/www.unilim.fr\/medialab\/?p=1800\" target=\"_self\">\n            <div class=\"ul-element-rollover-container   round-image-border \">\n                <div class=\"img-container\">\n                    <img decoding=\"async\" src=\"http:\/\/www.unilim.fr\/canalsup\/wp-content\/uploads\/sites\/21\/2016\/02\/reportages.png\" \/>\n                                        <div class=\"img-title text-center bg-white \">Co-productions<\/div>\n                                    <\/div>\n                <div class=\"text-container\">\n                    <div class=\"text-inner\">\n                        \n<h4 style=\"text-align: center\" class=\"ul-bold\">Vid&eacute;os profesionnelles de Canalsup et en co-production avec&nbsp;nos partenaires vid&eacute;o<\/h4>\n                    <\/div>\n                <\/div>\n            <\/div>\n        <\/a>\n\n                <\/div>\n        <\/div>\n            <\/div>\n                  <\/div>\n                <div class=\"container-fluid  \" style=\"\">\n                      <div class=\"container\">\n                <div class=\"row \" style=\"margin-top: 30px;margin-bottom: 30px\">        <div class=\"col-sm-4 clearfix \">\n                    <a class=\"ul-element-rollover \" style=\"padding:0px\" href=\"http:\/\/www.unilim.fr\/canalsup\/?page_id=2103\" target=\"_self\">\n            <div class=\"ul-element-rollover-container   round-image-border \">\n                <div class=\"img-container\">\n                    <img decoding=\"async\" src=\"http:\/\/www.unilim.fr\/canalsup\/wp-content\/uploads\/sites\/21\/2016\/05\/temoignage.png\" \/>\n                                        <div class=\"img-title text-center bg-white \">My Story<\/div>\n                                    <\/div>\n                <div class=\"text-container\">\n                    <div class=\"text-inner\">\n                        \n<h4 style=\"text-align: center\" class=\"ul-bold\">Partage d&rsquo;exp&eacute;rience, t&eacute;moignages d&rsquo;ancien.ne.s &eacute;tudiant.e.s de l&rsquo;Universit&eacute; de Limoges<\/h4>\n                    <\/div>\n                <\/div>\n            <\/div>\n        <\/a>\n\n                <\/div>\n                <div class=\"col-sm-4 clearfix \">\n                    <a class=\"ul-element-rollover \" style=\"padding:30px\" href=\"http:\/\/www.unilim.fr\/medialab\/?p=2488\" target=\"_self\">\n            <div class=\"ul-element-rollover-container  \">\n                <div class=\"img-container\">\n                    <img decoding=\"async\" src=\"http:\/\/www.unilim.fr\/canalsup\/wp-content\/uploads\/sites\/21\/2018\/04\/thematique-video.png\" \/>\n                                    <\/div>\n                <div class=\"text-container\">\n                    <div class=\"text-inner\">\n                        \n<h4 style=\"text-align: center\" class=\"ul-bold\">Retrouvez nos diff&eacute;rentes th&eacute;matiques vid&eacute;o :&nbsp;<\/h4>\n<h4 style=\"text-align: center\" class=\"ul-bold\"><span style=\"text-align: center\">Orientation<\/span><br \/><span style=\"text-align: center\">Emploi \/ Insertion Pro.<\/span><br \/><span style=\"text-align: center\">Vie &eacute;tudiante<\/span><br \/><span style=\"text-align: center\">Recherche<\/span><br \/><span style=\"text-align: center\">&Eacute;v&eacute;nements<\/span><br \/><span style=\"text-align: center\">D&eacute;couverte de l&rsquo;Universit&eacute;<\/span><\/p>\n<\/h4>\n                    <\/div>\n                <\/div>\n            <\/div>\n        <\/a>\n\n                <\/div>\n                <div class=\"col-sm-4 clearfix \">\n                    <a class=\"ul-element-rollover \" style=\"padding:0px\" href=\"http:\/\/www.unilim.fr\/medialab\/?p=1127\" target=\"_self\">\n            <div class=\"ul-element-rollover-container   round-image-border \">\n                <div class=\"img-container\">\n                    <img decoding=\"async\" src=\"http:\/\/www.unilim.fr\/canalsup\/wp-content\/uploads\/sites\/21\/2018\/04\/TEM-FORM.png\" \/>\n                                        <div class=\"img-title text-center bg-white \">T\u00e9moignages formation<\/div>\n                                    <\/div>\n                <div class=\"text-container\">\n                    <div class=\"text-inner\">\n                        \n<h4 style=\"text-align: center\" class=\"ul-bold\">Partage d&rsquo;exp&eacute;rience, t&eacute;moignages formation de nos &eacute;tudiant.e.s de l&rsquo;Universit&eacute; de Limoges<\/h4>\n                    <\/div>\n                <\/div>\n            <\/div>\n        <\/a>\n\n                <\/div>\n        <\/div>\n            <\/div>\n                  <\/div>\n        \n","protected":false},"excerpt":{"rendered":"","protected":false},"author":46,"featured_media":0,"parent":0,"menu_order":0,"comment_status":"closed","ping_status":"closed","template":"page-le.php","meta":{"footnotes":""},"class_list":["post-1734","page","type-page","status-publish","hentry"],"yoast_head":"<!-- This site is optimized with the Yoast SEO plugin v26.5 - https:\/\/yoast.com\/wordpress\/plugins\/seo\/ -->\n<title>Programmation - M\u00e9dialab UL<\/title>\n<meta name=\"robots\" content=\"index, follow, max-snippet:-1, max-image-preview:large, max-video-preview:-1\" \/>\n<link rel=\"canonical\" href=\"https:\/\/www.unilim.fr\/medialab\/programmation-2\/\" \/>\n<meta property=\"og:locale\" content=\"fr_FR\" \/>\n<meta property=\"og:type\" content=\"article\" \/>\n<meta property=\"og:title\" content=\"Programmation - M\u00e9dialab UL\" \/>\n<meta property=\"og:url\" content=\"https:\/\/www.unilim.fr\/medialab\/programmation-2\/\" \/>\n<meta property=\"og:site_name\" content=\"M\u00e9dialab UL\" \/>\n<meta property=\"article:modified_time\" content=\"2018-04-10T12:18:42+00:00\" \/>\n<meta name=\"twitter:card\" content=\"summary_large_image\" \/>\n<meta name=\"twitter:label1\" content=\"Dur\u00e9e de lecture estim\u00e9e\" \/>\n\t<meta name=\"twitter:data1\" content=\"4 minutes\" \/>\n<script type=\"application\/ld+json\" class=\"yoast-schema-graph\">{\"@context\":\"https:\/\/schema.org\",\"@graph\":[{\"@type\":\"WebPage\",\"@id\":\"https:\/\/www.unilim.fr\/medialab\/programmation-2\/\",\"url\":\"https:\/\/www.unilim.fr\/medialab\/programmation-2\/\",\"name\":\"Programmation - M\u00e9dialab UL\",\"isPartOf\":{\"@id\":\"https:\/\/www.unilim.fr\/medialab\/#website\"},\"datePublished\":\"2016-01-12T14:56:49+00:00\",\"dateModified\":\"2018-04-10T12:18:42+00:00\",\"breadcrumb\":{\"@id\":\"https:\/\/www.unilim.fr\/medialab\/programmation-2\/#breadcrumb\"},\"inLanguage\":\"fr-FR\",\"potentialAction\":[{\"@type\":\"ReadAction\",\"target\":[\"https:\/\/www.unilim.fr\/medialab\/programmation-2\/\"]}]},{\"@type\":\"BreadcrumbList\",\"@id\":\"https:\/\/www.unilim.fr\/medialab\/programmation-2\/#breadcrumb\",\"itemListElement\":[{\"@type\":\"ListItem\",\"position\":1,\"name\":\"Accueil\",\"item\":\"https:\/\/www.unilim.fr\/medialab\/\"},{\"@type\":\"ListItem\",\"position\":2,\"name\":\"Programmation\"}]},{\"@type\":\"WebSite\",\"@id\":\"https:\/\/www.unilim.fr\/medialab\/#website\",\"url\":\"https:\/\/www.unilim.fr\/medialab\/\",\"name\":\"M\u00e9dialab UL\",\"description\":\"universit\u00e9 ouverte source de r\u00e9ussites\",\"potentialAction\":[{\"@type\":\"SearchAction\",\"target\":{\"@type\":\"EntryPoint\",\"urlTemplate\":\"https:\/\/www.unilim.fr\/medialab\/?s={search_term_string}\"},\"query-input\":{\"@type\":\"PropertyValueSpecification\",\"valueRequired\":true,\"valueName\":\"search_term_string\"}}],\"inLanguage\":\"fr-FR\"}]}<\/script>\n<!-- \/ Yoast SEO plugin. -->","yoast_head_json":{"title":"Programmation - M\u00e9dialab UL","robots":{"index":"index","follow":"follow","max-snippet":"max-snippet:-1","max-image-preview":"max-image-preview:large","max-video-preview":"max-video-preview:-1"},"canonical":"https:\/\/www.unilim.fr\/medialab\/programmation-2\/","og_locale":"fr_FR","og_type":"article","og_title":"Programmation - M\u00e9dialab UL","og_url":"https:\/\/www.unilim.fr\/medialab\/programmation-2\/","og_site_name":"M\u00e9dialab UL","article_modified_time":"2018-04-10T12:18:42+00:00","twitter_card":"summary_large_image","twitter_misc":{"Dur\u00e9e de lecture estim\u00e9e":"4 minutes"},"schema":{"@context":"https:\/\/schema.org","@graph":[{"@type":"WebPage","@id":"https:\/\/www.unilim.fr\/medialab\/programmation-2\/","url":"https:\/\/www.unilim.fr\/medialab\/programmation-2\/","name":"Programmation - M\u00e9dialab UL","isPartOf":{"@id":"https:\/\/www.unilim.fr\/medialab\/#website"},"datePublished":"2016-01-12T14:56:49+00:00","dateModified":"2018-04-10T12:18:42+00:00","breadcrumb":{"@id":"https:\/\/www.unilim.fr\/medialab\/programmation-2\/#breadcrumb"},"inLanguage":"fr-FR","potentialAction":[{"@type":"ReadAction","target":["https:\/\/www.unilim.fr\/medialab\/programmation-2\/"]}]},{"@type":"BreadcrumbList","@id":"https:\/\/www.unilim.fr\/medialab\/programmation-2\/#breadcrumb","itemListElement":[{"@type":"ListItem","position":1,"name":"Accueil","item":"https:\/\/www.unilim.fr\/medialab\/"},{"@type":"ListItem","position":2,"name":"Programmation"}]},{"@type":"WebSite","@id":"https:\/\/www.unilim.fr\/medialab\/#website","url":"https:\/\/www.unilim.fr\/medialab\/","name":"M\u00e9dialab UL","description":"universit\u00e9 ouverte source de r\u00e9ussites","potentialAction":[{"@type":"SearchAction","target":{"@type":"EntryPoint","urlTemplate":"https:\/\/www.unilim.fr\/medialab\/?s={search_term_string}"},"query-input":{"@type":"PropertyValueSpecification","valueRequired":true,"valueName":"search_term_string"}}],"inLanguage":"fr-FR"}]}},"_links":{"self":[{"href":"https:\/\/www.unilim.fr\/medialab\/wp-json\/wp\/v2\/pages\/1734","targetHints":{"allow":["GET"]}}],"collection":[{"href":"https:\/\/www.unilim.fr\/medialab\/wp-json\/wp\/v2\/pages"}],"about":[{"href":"https:\/\/www.unilim.fr\/medialab\/wp-json\/wp\/v2\/types\/page"}],"author":[{"embeddable":true,"href":"https:\/\/www.unilim.fr\/medialab\/wp-json\/wp\/v2\/users\/46"}],"replies":[{"embeddable":true,"href":"https:\/\/www.unilim.fr\/medialab\/wp-json\/wp\/v2\/comments?post=1734"}],"version-history":[{"count":0,"href":"https:\/\/www.unilim.fr\/medialab\/wp-json\/wp\/v2\/pages\/1734\/revisions"}],"wp:attachment":[{"href":"https:\/\/www.unilim.fr\/medialab\/wp-json\/wp\/v2\/media?parent=1734"}],"curies":[{"name":"wp","href":"https:\/\/api.w.org\/{rel}","templated":true}]}}