{"id":1442,"date":"2015-09-29T16:01:48","date_gmt":"2015-09-29T14:01:48","guid":{"rendered":"http:\/\/www.unilim.fr\/canalsup\/?page_id=1442"},"modified":"2015-09-29T16:01:48","modified_gmt":"2015-09-29T14:01:48","slug":"ceremonie-de-rentree-2015-2","status":"publish","type":"page","link":"https:\/\/www.unilim.fr\/medialab\/ceremonie-de-rentree-2015-2\/","title":{"rendered":"C\u00e9r\u00e9monie de rentr\u00e9e 2015"},"content":{"rendered":"        <div class=\"container-fluid  \" style=\"\">\n                      <div class=\"container\">\n                <div class=\"row \" style=\"margin-top: 30px;margin-bottom: 30px\">        <div class=\"col-sm-6 clearfix \">\n                            \n                <div class=\"row ul-fix-height ul-element-post ul-element-post--col  \">\n                                                <div class=\"col-sm-12\">\n                            <div class=\"bg-gray-lighter ul-fix-height-to-me\">\n                                <article class=\"\" id=\"post-1443\"  role=\"article\" >\n\n                                    <a href=\"https:\/\/www.unilim.fr\/medialab\/2015\/09\/29\/ceremonie-de-rentree-2015-les-videos\/\" rel=\"bookmark\" title=\"C\u00e9r\u00e9monie de rentr\u00e9e 2015 &#8211; Les vid\u00e9os\" class=\"hidden-xs\">\n                                                                                                                                    <img loading=\"lazy\" decoding=\"async\" width=\"640\" height=\"360\" src=\"https:\/\/www.unilim.fr\/medialab\/wp-content\/uploads\/sites\/82\/2015\/09\/francophonie-1-640x360.png\" class=\"img-responsive wp-post-image\" alt=\"\" srcset=\"https:\/\/www.unilim.fr\/medialab\/wp-content\/uploads\/sites\/82\/2015\/09\/francophonie-1.png 640w, https:\/\/www.unilim.fr\/medialab\/wp-content\/uploads\/sites\/82\/2015\/09\/francophonie-1-354x200.png 354w, https:\/\/www.unilim.fr\/medialab\/wp-content\/uploads\/sites\/82\/2015\/09\/francophonie-1-300x169.png 300w\" sizes=\"auto, (max-width: 640px) 100vw, 640px\" \/>                                                                                                                                        <img decoding=\"async\" src=\"https:\/\/www.unilim.fr\/medialab\/wp-content\/themes\/wordpress-bootstrap-master-child\/lib\/img\/video-4-3-paysage-n.png\" class=\"img-responsive\" style=\"position:absolute;top:0;left:0;\">\n                                                                                                                        <\/a>\n\n                                                                        <p class=\"bg-primary text-light text-right ul-bold\" style=\"padding:10px;\">\n                                        <a href=\"https:\/\/www.unilim.fr\/medialab\/category\/ceremonie-de-rentree-2015\/\" rel=\"category tag\">C\u00e9r\u00e9monie de rentr\u00e9e 2015<\/a> | <a href=\"https:\/\/www.unilim.fr\/medialab\/category\/thematiques\/evenement\/\" rel=\"category tag\">\u00c9v\u00e8nement<\/a> | <a href=\"https:\/\/www.unilim.fr\/medialab\/category\/types-de-videos\/plateau-tv\/\" rel=\"category tag\">Plateau TV<\/a>                                        <\/p>\n                                    \n                                    <div class=\"content panel-body\" style=\"padding:10px;\">\n                                        \n                                        <h4 class=\"ul-bold\">\n                                            <a class=\"text-gray header-readmore-arrow\" href=\"https:\/\/www.unilim.fr\/medialab\/2015\/09\/29\/ceremonie-de-rentree-2015-les-videos\/\" rel=\"bookmark\" title=\"C\u00e9r\u00e9monie de rentr\u00e9e 2015 &#8211; Les vid\u00e9os\">\n                                                C\u00e9r\u00e9monie de rentr\u00e9e 2015 &#8211; Les vid\u00e9os&nbsp;<i class='text-primary fa fa-location-arrow hidden'><\/i>\n                                            <\/a>\n\n                                        <\/h4>\n\n                                                                                    <p>\n                                                La Francophonie et l&rsquo;Universit\u00e9 de Limoges D\u00e9couvrez la playlist vid\u00e9o des reportages r\u00e9alis\u00e9s pour la C\u00e9r\u00e9monie de rentr\u00e9e &#8211; <a href='https:\/\/www.unilim.fr\/medialab\/2015\/09\/29\/ceremonie-de-rentree-2015-les-videos\/' alt='Lire la suite' class='text-readmore-arrow'>[...]<\/a>                                            <\/p>\n                                        \n                                                                            <\/div>\n                                <\/article>\n                            <\/div>\n                        <\/div>\n                                                                    <\/div>\n                        <\/div>\n                <div class=\"col-sm-6 clearfix \">\n                    <div class=\"clearfix ul-element-text \">\n            \n<p><\/p>\n<p><\/p>\n<p><a href=\"http:\/\/www.unilim.fr\/canalsup\/wp-content\/uploads\/sites\/21\/2015\/09\/les-francophonies.png\" class=\"\"><img loading=\"lazy\" decoding=\"async\" alt=\"\" src=\"http:\/\/www.unilim.fr\/canalsup\/wp-content\/uploads\/sites\/21\/2015\/09\/les-francophonies-300x73.png\" class=\"alignnone wp-image-1388\" width=\"300\" height=\"73\" srcset=\"https:\/\/www.unilim.fr\/medialab\/wp-content\/uploads\/sites\/82\/2015\/09\/les-francophonies-300x73.png 300w, https:\/\/www.unilim.fr\/medialab\/wp-content\/uploads\/sites\/82\/2015\/09\/les-francophonies-1024x251.png 1024w\" sizes=\"auto, (max-width: 300px) 100vw, 300px\" \/><\/a><\/p>\n<p><\/p>\n<p>L\u2019Universit\u00e9 de Limoges, dans les domaines du droit, des lettres, des sciences de l\u2019\u00e9ducation, de la m\u00e9decine\u2026 a fait des francophonies l\u2019un des axes majeurs des travaux de recherche et des formations d\u00e9velopp\u00e9s par ses enseignants-chercheurs, en m\u00eame temps que l\u2019un des horizons de son d\u00e9veloppement \u00e0 l\u2019international, au travers des partenariats, des actions concr\u00e8tes (manifestations scientifiques internationales ; th\u00e8ses en cotutelle ; publications), des \u00e9changes d\u2019\u00e9tudiants, de chercheurs et d\u2019enseignants r\u00e9alis\u00e9s avec les \u00e9tablissements d\u2019enseignement sup\u00e9rieur appartenant \u00e0 l\u2019espace francophone.<\/p>\n<p><\/p>\n        <\/div>\n                <\/div>\n        <\/div>\n            <\/div>\n                  <\/div>\n        \n","protected":false},"excerpt":{"rendered":"","protected":false},"author":46,"featured_media":0,"parent":0,"menu_order":0,"comment_status":"closed","ping_status":"closed","template":"page-le.php","meta":{"footnotes":""},"class_list":["post-1442","page","type-page","status-publish","hentry"],"yoast_head":"<!-- This site is optimized with the Yoast SEO plugin v26.5 - https:\/\/yoast.com\/wordpress\/plugins\/seo\/ -->\n<title>C\u00e9r\u00e9monie de rentr\u00e9e 2015 - M\u00e9dialab UL<\/title>\n<meta name=\"robots\" content=\"index, follow, max-snippet:-1, max-image-preview:large, max-video-preview:-1\" \/>\n<link rel=\"canonical\" href=\"https:\/\/www.unilim.fr\/medialab\/ceremonie-de-rentree-2015-2\/\" \/>\n<meta property=\"og:locale\" content=\"fr_FR\" \/>\n<meta property=\"og:type\" content=\"article\" \/>\n<meta property=\"og:title\" content=\"C\u00e9r\u00e9monie de rentr\u00e9e 2015 - M\u00e9dialab UL\" \/>\n<meta property=\"og:url\" content=\"https:\/\/www.unilim.fr\/medialab\/ceremonie-de-rentree-2015-2\/\" \/>\n<meta property=\"og:site_name\" content=\"M\u00e9dialab UL\" \/>\n<meta property=\"og:image\" content=\"http:\/\/www.unilim.fr\/canalsup\/wp-content\/uploads\/sites\/21\/2015\/09\/les-francophonies-300x73.png\" \/>\n<meta name=\"twitter:card\" content=\"summary_large_image\" \/>\n<meta name=\"twitter:label1\" content=\"Dur\u00e9e de lecture estim\u00e9e\" \/>\n\t<meta name=\"twitter:data1\" content=\"1 minute\" \/>\n<script type=\"application\/ld+json\" class=\"yoast-schema-graph\">{\"@context\":\"https:\/\/schema.org\",\"@graph\":[{\"@type\":\"WebPage\",\"@id\":\"https:\/\/www.unilim.fr\/medialab\/ceremonie-de-rentree-2015-2\/\",\"url\":\"https:\/\/www.unilim.fr\/medialab\/ceremonie-de-rentree-2015-2\/\",\"name\":\"C\u00e9r\u00e9monie de rentr\u00e9e 2015 - M\u00e9dialab UL\",\"isPartOf\":{\"@id\":\"https:\/\/www.unilim.fr\/medialab\/#website\"},\"primaryImageOfPage\":{\"@id\":\"https:\/\/www.unilim.fr\/medialab\/ceremonie-de-rentree-2015-2\/#primaryimage\"},\"image\":{\"@id\":\"https:\/\/www.unilim.fr\/medialab\/ceremonie-de-rentree-2015-2\/#primaryimage\"},\"thumbnailUrl\":\"http:\/\/www.unilim.fr\/canalsup\/wp-content\/uploads\/sites\/21\/2015\/09\/les-francophonies-300x73.png\",\"datePublished\":\"2015-09-29T14:01:48+00:00\",\"breadcrumb\":{\"@id\":\"https:\/\/www.unilim.fr\/medialab\/ceremonie-de-rentree-2015-2\/#breadcrumb\"},\"inLanguage\":\"fr-FR\",\"potentialAction\":[{\"@type\":\"ReadAction\",\"target\":[\"https:\/\/www.unilim.fr\/medialab\/ceremonie-de-rentree-2015-2\/\"]}]},{\"@type\":\"ImageObject\",\"inLanguage\":\"fr-FR\",\"@id\":\"https:\/\/www.unilim.fr\/medialab\/ceremonie-de-rentree-2015-2\/#primaryimage\",\"url\":\"http:\/\/www.unilim.fr\/canalsup\/wp-content\/uploads\/sites\/21\/2015\/09\/les-francophonies-300x73.png\",\"contentUrl\":\"http:\/\/www.unilim.fr\/canalsup\/wp-content\/uploads\/sites\/21\/2015\/09\/les-francophonies-300x73.png\"},{\"@type\":\"BreadcrumbList\",\"@id\":\"https:\/\/www.unilim.fr\/medialab\/ceremonie-de-rentree-2015-2\/#breadcrumb\",\"itemListElement\":[{\"@type\":\"ListItem\",\"position\":1,\"name\":\"Accueil\",\"item\":\"https:\/\/www.unilim.fr\/medialab\/\"},{\"@type\":\"ListItem\",\"position\":2,\"name\":\"C\u00e9r\u00e9monie de rentr\u00e9e 2015\"}]},{\"@type\":\"WebSite\",\"@id\":\"https:\/\/www.unilim.fr\/medialab\/#website\",\"url\":\"https:\/\/www.unilim.fr\/medialab\/\",\"name\":\"M\u00e9dialab UL\",\"description\":\"universit\u00e9 ouverte source de r\u00e9ussites\",\"potentialAction\":[{\"@type\":\"SearchAction\",\"target\":{\"@type\":\"EntryPoint\",\"urlTemplate\":\"https:\/\/www.unilim.fr\/medialab\/?s={search_term_string}\"},\"query-input\":{\"@type\":\"PropertyValueSpecification\",\"valueRequired\":true,\"valueName\":\"search_term_string\"}}],\"inLanguage\":\"fr-FR\"}]}<\/script>\n<!-- \/ Yoast SEO plugin. -->","yoast_head_json":{"title":"C\u00e9r\u00e9monie de rentr\u00e9e 2015 - M\u00e9dialab UL","robots":{"index":"index","follow":"follow","max-snippet":"max-snippet:-1","max-image-preview":"max-image-preview:large","max-video-preview":"max-video-preview:-1"},"canonical":"https:\/\/www.unilim.fr\/medialab\/ceremonie-de-rentree-2015-2\/","og_locale":"fr_FR","og_type":"article","og_title":"C\u00e9r\u00e9monie de rentr\u00e9e 2015 - M\u00e9dialab UL","og_url":"https:\/\/www.unilim.fr\/medialab\/ceremonie-de-rentree-2015-2\/","og_site_name":"M\u00e9dialab UL","og_image":[{"url":"http:\/\/www.unilim.fr\/canalsup\/wp-content\/uploads\/sites\/21\/2015\/09\/les-francophonies-300x73.png","type":"","width":"","height":""}],"twitter_card":"summary_large_image","twitter_misc":{"Dur\u00e9e de lecture estim\u00e9e":"1 minute"},"schema":{"@context":"https:\/\/schema.org","@graph":[{"@type":"WebPage","@id":"https:\/\/www.unilim.fr\/medialab\/ceremonie-de-rentree-2015-2\/","url":"https:\/\/www.unilim.fr\/medialab\/ceremonie-de-rentree-2015-2\/","name":"C\u00e9r\u00e9monie de rentr\u00e9e 2015 - M\u00e9dialab UL","isPartOf":{"@id":"https:\/\/www.unilim.fr\/medialab\/#website"},"primaryImageOfPage":{"@id":"https:\/\/www.unilim.fr\/medialab\/ceremonie-de-rentree-2015-2\/#primaryimage"},"image":{"@id":"https:\/\/www.unilim.fr\/medialab\/ceremonie-de-rentree-2015-2\/#primaryimage"},"thumbnailUrl":"http:\/\/www.unilim.fr\/canalsup\/wp-content\/uploads\/sites\/21\/2015\/09\/les-francophonies-300x73.png","datePublished":"2015-09-29T14:01:48+00:00","breadcrumb":{"@id":"https:\/\/www.unilim.fr\/medialab\/ceremonie-de-rentree-2015-2\/#breadcrumb"},"inLanguage":"fr-FR","potentialAction":[{"@type":"ReadAction","target":["https:\/\/www.unilim.fr\/medialab\/ceremonie-de-rentree-2015-2\/"]}]},{"@type":"ImageObject","inLanguage":"fr-FR","@id":"https:\/\/www.unilim.fr\/medialab\/ceremonie-de-rentree-2015-2\/#primaryimage","url":"http:\/\/www.unilim.fr\/canalsup\/wp-content\/uploads\/sites\/21\/2015\/09\/les-francophonies-300x73.png","contentUrl":"http:\/\/www.unilim.fr\/canalsup\/wp-content\/uploads\/sites\/21\/2015\/09\/les-francophonies-300x73.png"},{"@type":"BreadcrumbList","@id":"https:\/\/www.unilim.fr\/medialab\/ceremonie-de-rentree-2015-2\/#breadcrumb","itemListElement":[{"@type":"ListItem","position":1,"name":"Accueil","item":"https:\/\/www.unilim.fr\/medialab\/"},{"@type":"ListItem","position":2,"name":"C\u00e9r\u00e9monie de rentr\u00e9e 2015"}]},{"@type":"WebSite","@id":"https:\/\/www.unilim.fr\/medialab\/#website","url":"https:\/\/www.unilim.fr\/medialab\/","name":"M\u00e9dialab UL","description":"universit\u00e9 ouverte source de r\u00e9ussites","potentialAction":[{"@type":"SearchAction","target":{"@type":"EntryPoint","urlTemplate":"https:\/\/www.unilim.fr\/medialab\/?s={search_term_string}"},"query-input":{"@type":"PropertyValueSpecification","valueRequired":true,"valueName":"search_term_string"}}],"inLanguage":"fr-FR"}]}},"_links":{"self":[{"href":"https:\/\/www.unilim.fr\/medialab\/wp-json\/wp\/v2\/pages\/1442","targetHints":{"allow":["GET"]}}],"collection":[{"href":"https:\/\/www.unilim.fr\/medialab\/wp-json\/wp\/v2\/pages"}],"about":[{"href":"https:\/\/www.unilim.fr\/medialab\/wp-json\/wp\/v2\/types\/page"}],"author":[{"embeddable":true,"href":"https:\/\/www.unilim.fr\/medialab\/wp-json\/wp\/v2\/users\/46"}],"replies":[{"embeddable":true,"href":"https:\/\/www.unilim.fr\/medialab\/wp-json\/wp\/v2\/comments?post=1442"}],"version-history":[{"count":0,"href":"https:\/\/www.unilim.fr\/medialab\/wp-json\/wp\/v2\/pages\/1442\/revisions"}],"wp:attachment":[{"href":"https:\/\/www.unilim.fr\/medialab\/wp-json\/wp\/v2\/media?parent=1442"}],"curies":[{"name":"wp","href":"https:\/\/api.w.org\/{rel}","templated":true}]}}