{"id":809,"date":"2021-04-06T22:00:00","date_gmt":"2021-02-17T00:43:14","guid":{"rendered":"http:\/\/www.unilim.fr\/labex_sigmalim\/?page_id=809"},"modified":"2021-04-28T09:50:04","modified_gmt":"2021-04-28T09:50:04","slug":"calls-for-applications","status":"publish","type":"page","link":"https:\/\/www.unilim.fr\/labex_sigmalim\/calls-for-applications\/?lang=en","title":{"rendered":"Calls for applications"},"content":{"rendered":"        <div class=\"container-fluid  \" style=\"\">\n                      <div class=\"container\">\n                <div class=\"row \" style=\"margin-top: 30px;margin-bottom: 30px\">        <div class=\"col-md-12 clearfix \">\n                    <div class=\"clearfix ul-element-text \">\n            \n<p>LabEx supports many ambitious, innovative and structuring projects via calls for projects: <\/p>\n<p><strong>Call for projects 2021<\/strong> <\/p>\n<ul>\n<li><a href=\"https:\/\/www.unilim.fr\/labex_sigmalim\/wp-content\/uploads\/sites\/8\/2021\/04\/Lettre_de_cadrage_\u2211_LIM_AAP1_2021_REV28042021.pdf\">Framing letter<\/a><\/li>\n<li><a href=\"https:\/\/www.unilim.fr\/labex_sigmalim\/wp-content\/uploads\/sites\/8\/2021\/04\/Dossier_de_Candidature_\u2211_LIM_AAP1_2021-1.docx\">Application form<\/a><\/li>\n<\/ul>\n        <\/div>\n                <\/div>\n        <\/div>\n            <\/div>\n                  <\/div>\n                <div class=\"container-fluid bg-gray-lighter \" style=\"\">\n                      <div class=\"container\">\n                <div class=\"row \" style=\"margin-top: 30px;margin-bottom: 30px\">        <div class=\"col-sm-12 clearfix \">\n                    <div class=\"clearfix ul-element-text \">\n            \n<h3 class=\"ul-bold\"><strong>Project evaluation procedure&nbsp;<\/strong><\/h3>\n<h5 class=\"ul-bold\"><strong><br \/><\/strong><\/h5>\n<h5 class=\"ul-bold\"><strong>Step 1:<\/strong> Verification of project eligibility<br \/><\/h5>\n<p>Projects are checked to ensure that they meet the eligibility criteria (LabEx themes, innovative character, implication of the 2 laboratories&#8230;).<\/p>\n<p><\/p>\n<h5 class=\"ul-bold\"><strong>\u00c9tape 2 :<\/strong> Project evaluation and selection<br \/><\/h5>\n<p>External evaluation and selection of projects by the Scientific Council<\/p>\n        <\/div>\n                <\/div>\n        <\/div>\n            <\/div>\n                  <\/div>\n        \n","protected":false},"excerpt":{"rendered":"","protected":false},"author":194,"featured_media":0,"parent":0,"menu_order":0,"comment_status":"closed","ping_status":"closed","template":"page-le.php","meta":{"footnotes":""},"class_list":["post-809","page","type-page","status-publish","hentry"],"yoast_head":"<!-- This site is optimized with the Yoast SEO plugin v26.5 - https:\/\/yoast.com\/wordpress\/plugins\/seo\/ -->\n<title>Calls for applications - Laboratoire d&#039;Excellence \u2211-LIM<\/title>\n<meta name=\"robots\" content=\"index, follow, max-snippet:-1, max-image-preview:large, max-video-preview:-1\" \/>\n<link rel=\"canonical\" href=\"https:\/\/www.unilim.fr\/labex_sigmalim\/calls-for-applications\/?lang=en\" \/>\n<meta property=\"og:locale\" content=\"fr_FR\" \/>\n<meta property=\"og:type\" content=\"article\" \/>\n<meta property=\"og:title\" content=\"Calls for applications - Laboratoire d&#039;Excellence \u2211-LIM\" \/>\n<meta property=\"og:url\" content=\"https:\/\/www.unilim.fr\/labex_sigmalim\/calls-for-applications\/?lang=en\" \/>\n<meta property=\"og:site_name\" content=\"Laboratoire d&#039;Excellence \u2211-LIM\" \/>\n<meta property=\"article:modified_time\" content=\"2021-04-28T09:50:04+00:00\" \/>\n<meta name=\"twitter:card\" content=\"summary_large_image\" \/>\n<meta name=\"twitter:label1\" content=\"Dur\u00e9e de lecture estim\u00e9e\" \/>\n\t<meta name=\"twitter:data1\" content=\"1 minute\" \/>\n<script type=\"application\/ld+json\" class=\"yoast-schema-graph\">{\"@context\":\"https:\/\/schema.org\",\"@graph\":[{\"@type\":\"WebPage\",\"@id\":\"https:\/\/www.unilim.fr\/labex_sigmalim\/calls-for-applications\/?lang=en\",\"url\":\"https:\/\/www.unilim.fr\/labex_sigmalim\/calls-for-applications\/?lang=en\",\"name\":\"Calls for applications - Laboratoire d&#039;Excellence \u2211-LIM\",\"isPartOf\":{\"@id\":\"https:\/\/www.unilim.fr\/labex_sigmalim\/#website\"},\"datePublished\":\"2021-02-17T00:43:14+00:00\",\"dateModified\":\"2021-04-28T09:50:04+00:00\",\"breadcrumb\":{\"@id\":\"https:\/\/www.unilim.fr\/labex_sigmalim\/calls-for-applications\/?lang=en#breadcrumb\"},\"inLanguage\":\"fr-FR\",\"potentialAction\":[{\"@type\":\"ReadAction\",\"target\":[\"https:\/\/www.unilim.fr\/labex_sigmalim\/calls-for-applications\/?lang=en\"]}]},{\"@type\":\"BreadcrumbList\",\"@id\":\"https:\/\/www.unilim.fr\/labex_sigmalim\/calls-for-applications\/?lang=en#breadcrumb\",\"itemListElement\":[{\"@type\":\"ListItem\",\"position\":1,\"name\":\"Accueil\",\"item\":\"https:\/\/www.unilim.fr\/labex_sigmalim\/\"},{\"@type\":\"ListItem\",\"position\":2,\"name\":\"Calls for applications\"}]},{\"@type\":\"WebSite\",\"@id\":\"https:\/\/www.unilim.fr\/labex_sigmalim\/#website\",\"url\":\"https:\/\/www.unilim.fr\/labex_sigmalim\/\",\"name\":\"Laboratoire d&#039;Excellence \u2211-LIM\",\"description\":\"Des mat\u00e9riaux et composants c\u00e9ramiques sp\u00e9cifiques aux syst\u00e8mes communicants int\u00e9gr\u00e9s, s\u00e9curis\u00e9s, et intelligents \",\"potentialAction\":[{\"@type\":\"SearchAction\",\"target\":{\"@type\":\"EntryPoint\",\"urlTemplate\":\"https:\/\/www.unilim.fr\/labex_sigmalim\/?s={search_term_string}\"},\"query-input\":{\"@type\":\"PropertyValueSpecification\",\"valueRequired\":true,\"valueName\":\"search_term_string\"}}],\"inLanguage\":\"fr-FR\"}]}<\/script>\n<!-- \/ Yoast SEO plugin. -->","yoast_head_json":{"title":"Calls for applications - Laboratoire d&#039;Excellence \u2211-LIM","robots":{"index":"index","follow":"follow","max-snippet":"max-snippet:-1","max-image-preview":"max-image-preview:large","max-video-preview":"max-video-preview:-1"},"canonical":"https:\/\/www.unilim.fr\/labex_sigmalim\/calls-for-applications\/?lang=en","og_locale":"fr_FR","og_type":"article","og_title":"Calls for applications - Laboratoire d&#039;Excellence \u2211-LIM","og_url":"https:\/\/www.unilim.fr\/labex_sigmalim\/calls-for-applications\/?lang=en","og_site_name":"Laboratoire d&#039;Excellence \u2211-LIM","article_modified_time":"2021-04-28T09:50:04+00:00","twitter_card":"summary_large_image","twitter_misc":{"Dur\u00e9e de lecture estim\u00e9e":"1 minute"},"schema":{"@context":"https:\/\/schema.org","@graph":[{"@type":"WebPage","@id":"https:\/\/www.unilim.fr\/labex_sigmalim\/calls-for-applications\/?lang=en","url":"https:\/\/www.unilim.fr\/labex_sigmalim\/calls-for-applications\/?lang=en","name":"Calls for applications - Laboratoire d&#039;Excellence \u2211-LIM","isPartOf":{"@id":"https:\/\/www.unilim.fr\/labex_sigmalim\/#website"},"datePublished":"2021-02-17T00:43:14+00:00","dateModified":"2021-04-28T09:50:04+00:00","breadcrumb":{"@id":"https:\/\/www.unilim.fr\/labex_sigmalim\/calls-for-applications\/?lang=en#breadcrumb"},"inLanguage":"fr-FR","potentialAction":[{"@type":"ReadAction","target":["https:\/\/www.unilim.fr\/labex_sigmalim\/calls-for-applications\/?lang=en"]}]},{"@type":"BreadcrumbList","@id":"https:\/\/www.unilim.fr\/labex_sigmalim\/calls-for-applications\/?lang=en#breadcrumb","itemListElement":[{"@type":"ListItem","position":1,"name":"Accueil","item":"https:\/\/www.unilim.fr\/labex_sigmalim\/"},{"@type":"ListItem","position":2,"name":"Calls for applications"}]},{"@type":"WebSite","@id":"https:\/\/www.unilim.fr\/labex_sigmalim\/#website","url":"https:\/\/www.unilim.fr\/labex_sigmalim\/","name":"Laboratoire d&#039;Excellence \u2211-LIM","description":"Des mat\u00e9riaux et composants c\u00e9ramiques sp\u00e9cifiques aux syst\u00e8mes communicants int\u00e9gr\u00e9s, s\u00e9curis\u00e9s, et intelligents ","potentialAction":[{"@type":"SearchAction","target":{"@type":"EntryPoint","urlTemplate":"https:\/\/www.unilim.fr\/labex_sigmalim\/?s={search_term_string}"},"query-input":{"@type":"PropertyValueSpecification","valueRequired":true,"valueName":"search_term_string"}}],"inLanguage":"fr-FR"}]}},"_links":{"self":[{"href":"https:\/\/www.unilim.fr\/labex_sigmalim\/wp-json\/wp\/v2\/pages\/809","targetHints":{"allow":["GET"]}}],"collection":[{"href":"https:\/\/www.unilim.fr\/labex_sigmalim\/wp-json\/wp\/v2\/pages"}],"about":[{"href":"https:\/\/www.unilim.fr\/labex_sigmalim\/wp-json\/wp\/v2\/types\/page"}],"author":[{"embeddable":true,"href":"https:\/\/www.unilim.fr\/labex_sigmalim\/wp-json\/wp\/v2\/users\/194"}],"replies":[{"embeddable":true,"href":"https:\/\/www.unilim.fr\/labex_sigmalim\/wp-json\/wp\/v2\/comments?post=809"}],"version-history":[{"count":0,"href":"https:\/\/www.unilim.fr\/labex_sigmalim\/wp-json\/wp\/v2\/pages\/809\/revisions"}],"wp:attachment":[{"href":"https:\/\/www.unilim.fr\/labex_sigmalim\/wp-json\/wp\/v2\/media?parent=809"}],"curies":[{"name":"wp","href":"https:\/\/api.w.org\/{rel}","templated":true}]}}