{"id":808,"date":"2021-04-08T22:00:00","date_gmt":"2021-01-25T16:45:49","guid":{"rendered":"http:\/\/www.unilim.fr\/labex_sigmalim\/?page_id=808"},"modified":"2021-04-09T15:40:27","modified_gmt":"2021-04-09T15:40:27","slug":"valorisation","status":"publish","type":"page","link":"https:\/\/www.unilim.fr\/labex_sigmalim\/valorisation\/?lang=en","title":{"rendered":"Valorization"},"content":{"rendered":"        <div class=\"container-fluid  \" style=\"\">\n                      <div class=\"container\">\n                <div class=\"row \" style=\"margin-top: 30px;margin-bottom: 30px\">        <div class=\"col-sm-12 clearfix \">\n            \n        \n        <div class=\"ul-element-header text-left  \">\n\n            <h2 class=\"ul-bold  \" style=\"\">\n                                Valorization                            <\/h2>\n        <\/div>\n                <div class=\"clearfix ul-element-text \">\n            \n<p style=\"text-align: justify\">&nbsp;<\/p>\n<p>The LABEX valorization policy is oriented following 2 axes: scientific promotion (publications, conferences, patents, etc.) and economic promotion: creation or reinforcement of start-ups and transfer centers, creation (or durability) of common labs with our industrial partners.<\/p>\n<p>&nbsp;<\/p>\n<p>The LABEX benefits from a strong culture of valorization through its two partner laboratories: XLIM and IRCER, which strongly involved in technology transfer and oriented towards industry, illustrated in particular by:<\/p>\n<p><\/p>\n        <\/div>\n                <\/div>\n        <\/div>\n            <\/div>\n                  <\/div>\n                <div class=\"container-fluid bg-primary \" style=\"\">\n                      <div class=\"container\">\n                <div class=\"row \" style=\"margin-top: 30px;margin-bottom: 30px\">        <div class=\"col-sm-12 clearfix \">\n                    <div class=\"clearfix ul-element-text \">\n            \n<p style=\"text-align: center\"><img loading=\"lazy\" decoding=\"async\" alt=\"\" src=\"https:\/\/www.unilim.fr\/labex_sigmalim\/wp-content\/uploads\/sites\/8\/2021\/04\/10.png\" class=\"aligncenter wp-image-1410\" width=\"52\" height=\"59\">common laboratories with companies<br \/>(Air Liquide, Cilas (2), Thales Alenia Space, NXP, III-V lab, Inoveos, Air liquide, Safran-Oerlikon),<\/p>\n        <\/div>\n                <div class=\"clearfix ul-element-text \">\n            \n<p style=\"text-align: center\"><img loading=\"lazy\" decoding=\"async\" alt=\"\" src=\"https:\/\/www.unilim.fr\/labex_sigmalim\/wp-content\/uploads\/sites\/8\/2021\/04\/2.png\" class=\"aligncenter wp-image-1412\" width=\"30\" height=\"59\">corresponding laboratories with CEA,<\/p>\n        <\/div>\n                <div class=\"clearfix ul-element-text \">\n            \n<p style=\"text-align: center\"><img loading=\"lazy\" decoding=\"async\" alt=\"\" src=\"https:\/\/www.unilim.fr\/labex_sigmalim\/wp-content\/uploads\/sites\/8\/2021\/04\/20.png\" class=\"aligncenter wp-image-1414\" width=\"63\" height=\"59\">industrial collaborations since 2001<\/p>\n        <\/div>\n                <div class=\"clearfix ul-element-text \">\n            \n<p style=\"text-align: center\"><img loading=\"lazy\" decoding=\"async\" alt=\"\" src=\"https:\/\/www.unilim.fr\/labex_sigmalim\/wp-content\/uploads\/sites\/8\/2021\/04\/31.png\" class=\"aligncenter wp-image-1416\" width=\"46\" height=\"59\">creations of startups since 2001 <br \/>(<a href=\"https:\/\/3dceram.com\/fr\/\">3D Ceram<\/a>, <a href=\"http:\/\/www.ceradrop.com\/en\/\">Ceradrop<\/a>, GST, <a href=\"https:\/\/www.ferlim.fr\/\">Ferlim<\/a>, <a href=\"https:\/\/www.amcad-engineering.com\/\">AMCAD Engineering<\/a>, <a href=\"https:\/\/www.idline.fr\/devopsys\/\">Devopsys<\/a>, <a href=\"https:\/\/www.pearl-sas.com\/\">Pearl<\/a>, <a href=\"https:\/\/www.leukos-laser.com\/\">Leukos<\/a>, Horus Laser, Wytek, Novae, <a href=\"https:\/\/www.glophotonics.fr\/\">Glophotonics<\/a>, <a href=\"https:\/\/www.airmems.com\/\">Airmems<\/a>, TCM, <a href=\"http:\/\/kamax-innovative.com\/\">KAMAX Innovative System<\/a>, <a href=\"http:\/\/dyameo.com\/\">Dyameo<\/a>, <a href=\"https:\/\/www.addidream.com\/\">Addidream<\/a>, 3D Minerals, GAT,&nbsp;<a href=\"https:\/\/www.naiobee.fr\/\">NAIoBEE<\/a> and so on)<\/p>\n        <\/div>\n                <div class=\"clearfix ul-element-text \">\n            \n<p style=\"text-align: center\"><img loading=\"lazy\" decoding=\"async\" alt=\"\" src=\"https:\/\/www.unilim.fr\/labex_sigmalim\/wp-content\/uploads\/sites\/8\/2021\/04\/56-1.png\" class=\"aligncenter wp-image-1420\" width=\"58\" height=\"59\">brevets d\u00e9pos\u00e9s depuis 2015<\/p>\n        <\/div>\n                <\/div>\n        <\/div>\n            <\/div>\n                  <\/div>\n                <div class=\"container-fluid  \" style=\"\">\n                      <div class=\"container\">\n                <div class=\"row \" style=\"margin-top: 30px;margin-bottom: 30px\">        <div class=\"col-sm-12 clearfix \">\n                    <div class=\"clearfix ul-element-text \">\n            \n<p style=\"text-align: justify\">The activities of XLIM and IRCER are characterized by a significant socio-economic impact in the domains of environment, energy, telecommunications, space, security, instrumentation, health, consumer and specialized digital content.<\/p>\n<p style=\"text-align: justify\">\u03a3-LIM also relies on structures whose effectiveness in project detection, start-up project maturation and support for patents has been demonstrated for several years: competiveness clusters (Ceramic and Alpha-RLH), transfer centers (CISTEME, CTTC, CITRA), AVRUL (University Valorization), SPV (CNRS Valorization), Nouvelle Aquitaine Region.<\/p>\n<p style=\"text-align: justify\">AVRUL, in particular, has a key role on local promotion for XLIM and IRCER. It supports the labs for the detection of innovative projects, their maturation and goes as far as to accompany \u201ccarriers\u201d in their creation of companies in the Region, at the legislative level, as well as financial and administrative ones. Thanks to this structure, the University of Limoges ranks in 2019, top one national for the number of industrial property contracts signed and 4th for the number of start-up creation.&nbsp;<\/p>\n<p style=\"text-align: center\"><\/p>\n<p style=\"text-align: center\"><\/p>\n<table class=\"tinymce-table-class\" style=\"height: 67px;margin-left: auto;margin-right: auto\" width=\"1060\">\n<tbody>\n<tr>\n<td style=\"text-align: center\"><a href=\"https:\/\/www.cerameurop.com\"><img loading=\"lazy\" decoding=\"async\" alt=\"\" src=\"https:\/\/www.unilim.fr\/labex_sigmalim\/wp-content\/uploads\/sites\/8\/2016\/05\/pec.jpg\" class=\"aligncenter wp-image-425\" width=\"161\" height=\"52\" srcset=\"https:\/\/www.unilim.fr\/labex_sigmalim\/wp-content\/uploads\/sites\/8\/2016\/05\/pec.jpg 394w, https:\/\/www.unilim.fr\/labex_sigmalim\/wp-content\/uploads\/sites\/8\/2016\/05\/pec-300x97.jpg 300w\" sizes=\"auto, (max-width: 161px) 100vw, 161px\" \/><\/a><\/td>\n<td style=\"text-align: center\"><a href=\"https:\/\/www.alpha-rlh.com\"><img loading=\"lazy\" decoding=\"async\" alt=\"\" src=\"https:\/\/www.unilim.fr\/labex_sigmalim\/wp-content\/uploads\/sites\/8\/2017\/07\/RLH_QUADRI.jpg\" class=\"aligncenter wp-image-514\" width=\"127\" height=\"43\" srcset=\"https:\/\/www.unilim.fr\/labex_sigmalim\/wp-content\/uploads\/sites\/8\/2017\/07\/RLH_QUADRI.jpg 1955w, https:\/\/www.unilim.fr\/labex_sigmalim\/wp-content\/uploads\/sites\/8\/2017\/07\/RLH_QUADRI-300x102.jpg 300w, https:\/\/www.unilim.fr\/labex_sigmalim\/wp-content\/uploads\/sites\/8\/2017\/07\/RLH_QUADRI-768x260.jpg 768w, https:\/\/www.unilim.fr\/labex_sigmalim\/wp-content\/uploads\/sites\/8\/2017\/07\/RLH_QUADRI-1024x347.jpg 1024w, https:\/\/www.unilim.fr\/labex_sigmalim\/wp-content\/uploads\/sites\/8\/2017\/07\/RLH_QUADRI-1200x400.jpg 1200w\" sizes=\"auto, (max-width: 127px) 100vw, 127px\" \/><\/a><\/td>\n<td style=\"text-align: center\"><a href=\"https:\/\/cisteme.net\/\"><img loading=\"lazy\" decoding=\"async\" alt=\"\" src=\"https:\/\/www.unilim.fr\/labex_sigmalim\/wp-content\/uploads\/sites\/8\/2016\/05\/CISTEME.jpg\" class=\"aligncenter wp-image-429\" width=\"141\" height=\"39\" srcset=\"https:\/\/www.unilim.fr\/labex_sigmalim\/wp-content\/uploads\/sites\/8\/2016\/05\/CISTEME.jpg 422w, https:\/\/www.unilim.fr\/labex_sigmalim\/wp-content\/uploads\/sites\/8\/2016\/05\/CISTEME-300x82.jpg 300w\" sizes=\"auto, (max-width: 141px) 100vw, 141px\" \/><\/a><\/td>\n<td style=\"text-align: center\"><a href=\"https:\/\/www.citra-limousin.com\/\"><img loading=\"lazy\" decoding=\"async\" alt=\"\" src=\"https:\/\/www.unilim.fr\/labex_sigmalim\/wp-content\/uploads\/sites\/8\/2021\/02\/LogoCITRA.png\" class=\"aligncenter wp-image-852\" width=\"115\" height=\"47\" srcset=\"https:\/\/www.unilim.fr\/labex_sigmalim\/wp-content\/uploads\/sites\/8\/2021\/02\/LogoCITRA.png 1360w, https:\/\/www.unilim.fr\/labex_sigmalim\/wp-content\/uploads\/sites\/8\/2021\/02\/LogoCITRA-300x123.png 300w, https:\/\/www.unilim.fr\/labex_sigmalim\/wp-content\/uploads\/sites\/8\/2021\/02\/LogoCITRA-768x315.png 768w, https:\/\/www.unilim.fr\/labex_sigmalim\/wp-content\/uploads\/sites\/8\/2021\/02\/LogoCITRA-1024x420.png 1024w\" sizes=\"auto, (max-width: 115px) 100vw, 115px\" \/><\/a><\/td>\n<td style=\"text-align: center\"><a href=\"https:\/\/www.cttc.fr\/\"><img loading=\"lazy\" decoding=\"async\" alt=\"\" src=\"https:\/\/www.unilim.fr\/labex_sigmalim\/wp-content\/uploads\/sites\/8\/2016\/05\/cttc.jpg\" class=\"aligncenter wp-image-432\" width=\"110\" height=\"28\" srcset=\"https:\/\/www.unilim.fr\/labex_sigmalim\/wp-content\/uploads\/sites\/8\/2016\/05\/cttc.jpg 447w, https:\/\/www.unilim.fr\/labex_sigmalim\/wp-content\/uploads\/sites\/8\/2016\/05\/cttc-300x76.jpg 300w\" sizes=\"auto, (max-width: 110px) 100vw, 110px\" \/><\/a><\/td>\n<td style=\"text-align: center\"><a href=\"https:\/\/www.avrul.fr\/\"><img loading=\"lazy\" decoding=\"async\" alt=\"\" src=\"https:\/\/www.unilim.fr\/labex_sigmalim\/wp-content\/uploads\/sites\/8\/2021\/02\/LogoAVRUL-1.png\" class=\"aligncenter wp-image-861\" width=\"116\" height=\"52\"><\/a><\/td>\n<td style=\"text-align: center\"><a href=\"https:\/\/www.cnrsinnovation.com\/\"><img loading=\"lazy\" decoding=\"async\" alt=\"\" src=\"https:\/\/www.unilim.fr\/labex_sigmalim\/wp-content\/uploads\/sites\/8\/2021\/02\/LogoCNRSVal-1-e1616113687754.png\" class=\"aligncenter wp-image-939\" width=\"52\" height=\"54\"><\/a><\/td>\n<\/tr>\n<\/tbody>\n<\/table>\n<p style=\"text-align: center\"><\/p>\n        <\/div>\n                <\/div>\n        <\/div>\n            <\/div>\n                  <\/div>\n        \n","protected":false},"excerpt":{"rendered":"","protected":false},"author":194,"featured_media":0,"parent":0,"menu_order":0,"comment_status":"closed","ping_status":"closed","template":"page-le.php","meta":{"footnotes":""},"class_list":["post-808","page","type-page","status-publish","hentry"],"yoast_head":"<!-- This site is optimized with the Yoast SEO plugin v26.5 - https:\/\/yoast.com\/wordpress\/plugins\/seo\/ -->\n<title>Valorization - Laboratoire d&#039;Excellence \u2211-LIM<\/title>\n<meta name=\"robots\" content=\"index, follow, max-snippet:-1, max-image-preview:large, max-video-preview:-1\" \/>\n<link rel=\"canonical\" href=\"https:\/\/www.unilim.fr\/labex_sigmalim\/valorisation\/?lang=en\" \/>\n<meta property=\"og:locale\" content=\"fr_FR\" \/>\n<meta property=\"og:type\" content=\"article\" \/>\n<meta property=\"og:title\" content=\"Valorization - Laboratoire d&#039;Excellence \u2211-LIM\" \/>\n<meta property=\"og:url\" content=\"https:\/\/www.unilim.fr\/labex_sigmalim\/valorisation\/?lang=en\" \/>\n<meta property=\"og:site_name\" content=\"Laboratoire d&#039;Excellence \u2211-LIM\" \/>\n<meta property=\"article:modified_time\" content=\"2021-04-09T15:40:27+00:00\" \/>\n<meta property=\"og:image\" content=\"https:\/\/www.unilim.fr\/labex_sigmalim\/wp-content\/uploads\/sites\/8\/2021\/04\/10.png\" \/>\n\t<meta property=\"og:image:width\" content=\"70\" \/>\n\t<meta property=\"og:image:height\" content=\"80\" \/>\n\t<meta property=\"og:image:type\" content=\"image\/png\" \/>\n<meta name=\"twitter:card\" content=\"summary_large_image\" \/>\n<meta name=\"twitter:label1\" content=\"Dur\u00e9e de lecture estim\u00e9e\" \/>\n\t<meta name=\"twitter:data1\" content=\"2 minutes\" \/>\n<script type=\"application\/ld+json\" class=\"yoast-schema-graph\">{\"@context\":\"https:\/\/schema.org\",\"@graph\":[{\"@type\":\"WebPage\",\"@id\":\"https:\/\/www.unilim.fr\/labex_sigmalim\/valorisation\/?lang=en\",\"url\":\"https:\/\/www.unilim.fr\/labex_sigmalim\/valorisation\/?lang=en\",\"name\":\"Valorization - Laboratoire d&#039;Excellence \u2211-LIM\",\"isPartOf\":{\"@id\":\"https:\/\/www.unilim.fr\/labex_sigmalim\/#website\"},\"primaryImageOfPage\":{\"@id\":\"https:\/\/www.unilim.fr\/labex_sigmalim\/valorisation\/?lang=en#primaryimage\"},\"image\":{\"@id\":\"https:\/\/www.unilim.fr\/labex_sigmalim\/valorisation\/?lang=en#primaryimage\"},\"thumbnailUrl\":\"https:\/\/www.unilim.fr\/labex_sigmalim\/wp-content\/uploads\/sites\/8\/2021\/04\/10.png\",\"datePublished\":\"2021-01-25T16:45:49+00:00\",\"dateModified\":\"2021-04-09T15:40:27+00:00\",\"breadcrumb\":{\"@id\":\"https:\/\/www.unilim.fr\/labex_sigmalim\/valorisation\/?lang=en#breadcrumb\"},\"inLanguage\":\"fr-FR\",\"potentialAction\":[{\"@type\":\"ReadAction\",\"target\":[\"https:\/\/www.unilim.fr\/labex_sigmalim\/valorisation\/?lang=en\"]}]},{\"@type\":\"ImageObject\",\"inLanguage\":\"fr-FR\",\"@id\":\"https:\/\/www.unilim.fr\/labex_sigmalim\/valorisation\/?lang=en#primaryimage\",\"url\":\"https:\/\/www.unilim.fr\/labex_sigmalim\/wp-content\/uploads\/sites\/8\/2021\/04\/10.png\",\"contentUrl\":\"https:\/\/www.unilim.fr\/labex_sigmalim\/wp-content\/uploads\/sites\/8\/2021\/04\/10.png\"},{\"@type\":\"BreadcrumbList\",\"@id\":\"https:\/\/www.unilim.fr\/labex_sigmalim\/valorisation\/?lang=en#breadcrumb\",\"itemListElement\":[{\"@type\":\"ListItem\",\"position\":1,\"name\":\"Accueil\",\"item\":\"https:\/\/www.unilim.fr\/labex_sigmalim\/\"},{\"@type\":\"ListItem\",\"position\":2,\"name\":\"Valorization\"}]},{\"@type\":\"WebSite\",\"@id\":\"https:\/\/www.unilim.fr\/labex_sigmalim\/#website\",\"url\":\"https:\/\/www.unilim.fr\/labex_sigmalim\/\",\"name\":\"Laboratoire d&#039;Excellence \u2211-LIM\",\"description\":\"Des mat\u00e9riaux et composants c\u00e9ramiques sp\u00e9cifiques aux syst\u00e8mes communicants int\u00e9gr\u00e9s, s\u00e9curis\u00e9s, et intelligents \",\"potentialAction\":[{\"@type\":\"SearchAction\",\"target\":{\"@type\":\"EntryPoint\",\"urlTemplate\":\"https:\/\/www.unilim.fr\/labex_sigmalim\/?s={search_term_string}\"},\"query-input\":{\"@type\":\"PropertyValueSpecification\",\"valueRequired\":true,\"valueName\":\"search_term_string\"}}],\"inLanguage\":\"fr-FR\"}]}<\/script>\n<!-- \/ Yoast SEO plugin. -->","yoast_head_json":{"title":"Valorization - Laboratoire d&#039;Excellence \u2211-LIM","robots":{"index":"index","follow":"follow","max-snippet":"max-snippet:-1","max-image-preview":"max-image-preview:large","max-video-preview":"max-video-preview:-1"},"canonical":"https:\/\/www.unilim.fr\/labex_sigmalim\/valorisation\/?lang=en","og_locale":"fr_FR","og_type":"article","og_title":"Valorization - Laboratoire d&#039;Excellence \u2211-LIM","og_url":"https:\/\/www.unilim.fr\/labex_sigmalim\/valorisation\/?lang=en","og_site_name":"Laboratoire d&#039;Excellence \u2211-LIM","article_modified_time":"2021-04-09T15:40:27+00:00","og_image":[{"width":70,"height":80,"url":"https:\/\/www.unilim.fr\/labex_sigmalim\/wp-content\/uploads\/sites\/8\/2021\/04\/10.png","type":"image\/png"}],"twitter_card":"summary_large_image","twitter_misc":{"Dur\u00e9e de lecture estim\u00e9e":"2 minutes"},"schema":{"@context":"https:\/\/schema.org","@graph":[{"@type":"WebPage","@id":"https:\/\/www.unilim.fr\/labex_sigmalim\/valorisation\/?lang=en","url":"https:\/\/www.unilim.fr\/labex_sigmalim\/valorisation\/?lang=en","name":"Valorization - Laboratoire d&#039;Excellence \u2211-LIM","isPartOf":{"@id":"https:\/\/www.unilim.fr\/labex_sigmalim\/#website"},"primaryImageOfPage":{"@id":"https:\/\/www.unilim.fr\/labex_sigmalim\/valorisation\/?lang=en#primaryimage"},"image":{"@id":"https:\/\/www.unilim.fr\/labex_sigmalim\/valorisation\/?lang=en#primaryimage"},"thumbnailUrl":"https:\/\/www.unilim.fr\/labex_sigmalim\/wp-content\/uploads\/sites\/8\/2021\/04\/10.png","datePublished":"2021-01-25T16:45:49+00:00","dateModified":"2021-04-09T15:40:27+00:00","breadcrumb":{"@id":"https:\/\/www.unilim.fr\/labex_sigmalim\/valorisation\/?lang=en#breadcrumb"},"inLanguage":"fr-FR","potentialAction":[{"@type":"ReadAction","target":["https:\/\/www.unilim.fr\/labex_sigmalim\/valorisation\/?lang=en"]}]},{"@type":"ImageObject","inLanguage":"fr-FR","@id":"https:\/\/www.unilim.fr\/labex_sigmalim\/valorisation\/?lang=en#primaryimage","url":"https:\/\/www.unilim.fr\/labex_sigmalim\/wp-content\/uploads\/sites\/8\/2021\/04\/10.png","contentUrl":"https:\/\/www.unilim.fr\/labex_sigmalim\/wp-content\/uploads\/sites\/8\/2021\/04\/10.png"},{"@type":"BreadcrumbList","@id":"https:\/\/www.unilim.fr\/labex_sigmalim\/valorisation\/?lang=en#breadcrumb","itemListElement":[{"@type":"ListItem","position":1,"name":"Accueil","item":"https:\/\/www.unilim.fr\/labex_sigmalim\/"},{"@type":"ListItem","position":2,"name":"Valorization"}]},{"@type":"WebSite","@id":"https:\/\/www.unilim.fr\/labex_sigmalim\/#website","url":"https:\/\/www.unilim.fr\/labex_sigmalim\/","name":"Laboratoire d&#039;Excellence \u2211-LIM","description":"Des mat\u00e9riaux et composants c\u00e9ramiques sp\u00e9cifiques aux syst\u00e8mes communicants int\u00e9gr\u00e9s, s\u00e9curis\u00e9s, et intelligents ","potentialAction":[{"@type":"SearchAction","target":{"@type":"EntryPoint","urlTemplate":"https:\/\/www.unilim.fr\/labex_sigmalim\/?s={search_term_string}"},"query-input":{"@type":"PropertyValueSpecification","valueRequired":true,"valueName":"search_term_string"}}],"inLanguage":"fr-FR"}]}},"_links":{"self":[{"href":"https:\/\/www.unilim.fr\/labex_sigmalim\/wp-json\/wp\/v2\/pages\/808","targetHints":{"allow":["GET"]}}],"collection":[{"href":"https:\/\/www.unilim.fr\/labex_sigmalim\/wp-json\/wp\/v2\/pages"}],"about":[{"href":"https:\/\/www.unilim.fr\/labex_sigmalim\/wp-json\/wp\/v2\/types\/page"}],"author":[{"embeddable":true,"href":"https:\/\/www.unilim.fr\/labex_sigmalim\/wp-json\/wp\/v2\/users\/194"}],"replies":[{"embeddable":true,"href":"https:\/\/www.unilim.fr\/labex_sigmalim\/wp-json\/wp\/v2\/comments?post=808"}],"version-history":[{"count":0,"href":"https:\/\/www.unilim.fr\/labex_sigmalim\/wp-json\/wp\/v2\/pages\/808\/revisions"}],"wp:attachment":[{"href":"https:\/\/www.unilim.fr\/labex_sigmalim\/wp-json\/wp\/v2\/media?parent=808"}],"curies":[{"name":"wp","href":"https:\/\/api.w.org\/{rel}","templated":true}]}}