{"id":621,"date":"2021-04-11T22:00:00","date_gmt":"2021-01-25T16:54:26","guid":{"rendered":"http:\/\/www.unilim.fr\/labex_sigmalim\/?page_id=621"},"modified":"2025-04-03T12:28:51","modified_gmt":"2025-04-03T12:28:51","slug":"comite-scientifique","status":"publish","type":"page","link":"https:\/\/www.unilim.fr\/labex_sigmalim\/gouvernance\/comite-scientifique\/","title":{"rendered":"Comit\u00e9 Scientifique"},"content":{"rendered":"        <div class=\"container-fluid  \" style=\"\">\n                      <div class=\"container\">\n                <div class=\"row \" style=\"margin-top: 30px;margin-bottom: 30px\">        <div class=\"col-md-12 clearfix \">\n            \n        \n        <div class=\"ul-element-header text-left  \">\n\n            <h2 class=\"ul-bold  \" style=\"\">\n                                Le Comit\u00e9 Scientifique                            <\/h2>\n        <\/div>\n                <div class=\"clearfix ul-element-text \">\n            \n<p style=\"text-align: justify\">&nbsp; Le&nbsp; Comit\u00e9 Scientifique se r\u00e9unit annuellement et fournit un avis externe sur les activit\u00e9s du LABEX. Il \u00e9value la position de la recherche par rapport \u00e0 l&rsquo;\u00e9tat de l&rsquo;art international. Il propose des recommandations et des orientations strat\u00e9giques pour la recherche dans les domaines concern\u00e9s, v\u00e9rifie la productivit\u00e9 scientifique et contribue au suivi du LABEX. &nbsp; Le comit\u00e9 scientifique pr\u00e9sid\u00e9 par Christian Person (IMT Atlantic, France) est compos\u00e9 de membres scientifiques externes :<\/p>\n<ul>\n<li style=\"text-align: justify\">4 leaders internationaux de la recherche acad\u00e9mique li\u00e9e aux domaines de recherche du LABEX,<\/li>\n<li style=\"text-align: justify\">4 professionnels de l&rsquo;industrie ou membres de grandes organisations (THALES, Groupe Ariane, Horiba Scientific, SAFRAN&#8230;), internationalement reconnus pour leur excellence et leur expertise dans les domaines de recherche du LABEX,<\/li>\n<li style=\"text-align: justify\">2 directeurs du LabEx :&nbsp;<a href=\"https:\/\/first-tf.fr\/\">First TF<\/a> (IDF) et&nbsp;<a href=\"http:\/\/www.labex-emc3.fr\/\">EMC3<\/a> (Caen)<\/li>\n<li style=\"text-align: justify\">1 repr\u00e9sentant de l&rsquo;Universit\u00e9 de Limoges, 1 de l&rsquo;Universit\u00e9 de Poitiers et 1 du CNRS<\/li>\n<li style=\"text-align: justify\">2 membres invit\u00e9s : Alexandre Legris, Directeur adjoint scientifique INC et Laurent Nicolas, Directeur adjoint scientifique INSIS<\/li>\n<\/ul>\n        <\/div>\n                <\/div>\n        <\/div>\n            <\/div>\n                  <\/div>\n                <div class=\"container-fluid bg-primary \" style=\"\">\n                      <div class=\"container\">\n                <div class=\"row \" style=\"margin-top: 30px;margin-bottom: 0px\">        <div class=\"col-sm-12 clearfix \">\n            \n        \n        <div class=\"ul-element-header text-left  \">\n\n            <h3 class=\"ul-bold text-dark \" style=\"\">\n                                    <i class=\"fa fa-fw fa-arrow-right\"><\/i>\n                                Pr\u00e9sident du Conseil Scientifique                            <\/h3>\n        <\/div>\n                <\/div>\n        <\/div>\n            <\/div>\n                  <\/div>\n                <div class=\"container-fluid bg-primary \" style=\"\">\n                      <div class=\"container\">\n                <div class=\"row \" style=\"margin-top: 10px;margin-bottom: 30px\">        <div class=\"col-sm-3 clearfix \">\n                        <div class=\"ul-element-personne \" style=\"margin: 15px 0; display: table;\">\n                <div style=\"display:table-row\" class=\"element-body\">\n                    <div style=\"display: table-cell; vertical-align: top;\" class=\"element-image\">\n                                                            <img decoding=\"async\" src=\"https:\/\/www.unilim.fr\/labex_sigmalim\/wp-content\/uploads\/sites\/8\/2021\/02\/Christian-Person.png\" class=\"img pull-left\" style=\"width:80px;height:80px;margin-right:15px;\"\/>\n                                            <\/div>\n                    <div style=\"display: table-cell; vertical-align: top;\" class=\"element-content\">\n                        <h4>Christian Person<\/h4>\n                                                <p>\n                            <span>Directeur par int\u00e9rim LabSTICC - Institut Mines-Telecom (IMT) Bretagne<\/span><br\/>                                                                                <\/p>\n                                                <p style=\"white-space:nowrap;\">\n                                                                                                                                                                                                                            <\/p>\n                        <p>\n                                                                                <\/p>\n                    <\/div>\n                <\/div>\n            <\/div>\n                <\/div>\n                <div class=\"col-sm-9 clearfix \">\n                    <div class=\"clearfix ul-element-text \">\n            \n<p style=\"text-align: justify\">Christian Person a obtenu un doctorat en \u00e9lectronique de l&rsquo;Universit\u00e9 de Brest, Brest, France en 1994. Depuis 1991, il est professeur adjoint au d\u00e9partement des micro-ondes de l&rsquo;\u00c9cole nationale sup\u00e9rieure des t\u00e9l\u00e9communications de Bretagne, \u00e0 Brest, en France. En 2003, il est devenu professeur \u00e0 l&rsquo;Institut T\u00e9l\u00e9com\/Telecom Bretagne, Brest, France, o\u00f9 il m\u00e8ne actuellement des recherches au sein du \u00ab\u00a0Laboratoire des sciences et technologies de l&rsquo;information et de la communication\u00a0\u00bb (Lab-STICC). Il participe au d\u00e9veloppement de nouvelles technologies pour les applications et les syst\u00e8mes micro-ondes et \u00e0 ondes millim\u00e9triques. Ses activit\u00e9s sont particuli\u00e8rement ax\u00e9es sur la conception de fonctions passives (filtres, coupleurs) et d&rsquo;antennes, apportant des solutions originales en termes de techniques de synth\u00e8se, de proc\u00e9dures d&rsquo;analyse et d&rsquo;optimisation ainsi que de mise en \u0153uvre technologique (Mousse, plastique, LTCC,..). Il est Impliqu\u00e9 dans diff\u00e9rents programmes de recherche fran\u00e7ais et europ\u00e9ens portant sur les antennes SoC\/SiP et les structures reconfigurables pour les syst\u00e8mes intelligents.<\/p>\n        <\/div>\n                <\/div>\n        <\/div>\n            <\/div>\n                  <\/div>\n                <div class=\"container-fluid bg-gray-lighter \" style=\"\">\n                      <div class=\"container\">\n                <div class=\"row \" style=\"margin-top: 30px;margin-bottom: 0px\">        <div class=\"col-sm-12 clearfix \">\n            \n        \n        <div class=\"ul-element-header text-left  \">\n\n            <h3 class=\"ul-bold  \" style=\"\">\n                                    <i class=\"fa fa-fw fa-arrow-right\"><\/i>\n                                Membres                            <\/h3>\n        <\/div>\n                <\/div>\n        <\/div>\n            <\/div>\n                  <\/div>\n                <div class=\"container-fluid bg-gray-lighter \" style=\"\">\n                      <div class=\"container\">\n                <div class=\"row \" style=\"margin-top: 0px;margin-bottom: 10px\">        <div class=\"col-sm-3 clearfix \">\n                    <div class=\"clearfix ul-element-text \">\n            \n<h4 class=\"ul-bold\">Herv\u00e9 Maillotte<\/h4>\n<p>Directeur de Recherche <strong>Femto-ST Institute, Besan\u00e7on<\/strong><\/p>\n        <\/div>\n                <\/div>\n                <div class=\"col-sm-3 clearfix \">\n                    <div class=\"clearfix ul-element-text \">\n            \n<h4 class=\"ul-bold\">Jean Montagne<\/h4>\n<p>Head of Department <strong>Cilas, Orl\u00e9ans<\/strong><\/p>\n        <\/div>\n                <\/div>\n                <div class=\"col-sm-3 clearfix \">\n                    <div class=\"clearfix ul-element-text \">\n            \n<h4 class=\"ul-bold\">Maryline Guilloux-Viry<\/h4>\n<p>Directrice ScanMAT, Rennes<\/p>\n        <\/div>\n                <\/div>\n                <div class=\"col-sm-3 clearfix \">\n                    <div class=\"clearfix ul-element-text \">\n            \n<h4 class=\"ul-bold\">Jean-Louis Cazaux<\/h4>\n<p>Innovation Manager <strong>Thales Alenia Space, Toulouse<\/strong><\/p>\n        <\/div>\n                <\/div>\n        <\/div>\n            <\/div>\n                  <\/div>\n                <div class=\"container-fluid bg-gray-lighter \" style=\"\">\n                      <div class=\"container\">\n                <div class=\"row \" style=\"margin-top: 0px;margin-bottom: 10px\">        <div class=\"col-sm-3 clearfix \">\n                    <div class=\"clearfix ul-element-text \">\n            \n<h4 class=\"ul-bold\">Jean-Michel Bouler<\/h4>\n<p>Professeur CEISAM UMR CNRS, Nantes<\/p>\n        <\/div>\n                <\/div>\n                <div class=\"col-sm-3 clearfix \">\n                    <div class=\"clearfix ul-element-text \">\n            \n<h4 class=\"ul-bold\">Phillipe de Bettignies<\/h4>\n<p>R&amp;D Manager, micro-nano spectroscopie Raman <strong>Horiba Scientific, Palaiseau<\/strong><\/p>\n        <\/div>\n                <\/div>\n                <div class=\"col-sm-3 clearfix \">\n                    <div class=\"clearfix ul-element-text \">\n            \n<h4 class=\"ul-bold\">Christophe Goupil<\/h4>\n<p>Professeur <strong>LIED, Univ. Paris-Diderot<\/strong><\/p>\n        <\/div>\n                <\/div>\n                <div class=\"col-sm-3 clearfix \">\n                    <div class=\"clearfix ul-element-text \">\n            \n<h4 class=\"ul-bold\">Michel Cataldi<\/h4>\n<p>Material Senior Expert <strong>Ariane Group, St M\u00e9dard en Jalles<\/strong><\/p>\n        <\/div>\n                <\/div>\n        <\/div>\n            <\/div>\n                  <\/div>\n                <div class=\"container-fluid bg-gray-lighter \" style=\"\">\n                      <div class=\"container\">\n                <div class=\"row \" style=\"margin-top: 0px;margin-bottom: 10px\">        <div class=\"col-sm-3 clearfix \">\n                    <div class=\"clearfix ul-element-text \">\n            \n<h4 class=\"ul-bold\">Antoine Maignan<\/h4>\n<p>Directeur LabEx EMC3 <strong>CNRT, Caen&nbsp;<\/strong><\/p>\n        <\/div>\n                <\/div>\n                <div class=\"col-sm-3 clearfix \">\n                    <div class=\"clearfix ul-element-text \">\n            \n<h4 class=\"ul-bold\">Yann Lecocq<\/h4>\n<p>Directeur LabEx First TF <strong>Observatoire de Paris, Universit\u00e9 PSL, Sorbonne Universit\u00e9<\/strong><\/p>\n        <\/div>\n                <\/div>\n                <div class=\"col-sm-3 clearfix \">\n                    <div class=\"clearfix ul-element-text \">\n            \n<h4 class=\"ul-bold\">Anne Massoni<br \/><\/h4>\n<p>Vice-pr\u00e9sident Recherche <strong>Universit\u00e9 de Limoges<\/strong><\/p>\n        <\/div>\n                <\/div>\n                <div class=\"col-sm-3 clearfix \">\n                    <div class=\"clearfix ul-element-text \">\n            \n<h4 class=\"ul-bold\">Philippe Carr\u00e9<br \/><\/h4>\n<p>Vice-pr\u00e9sident&nbsp;Recherche <strong>Universit\u00e9 de Poitiers<\/strong><\/p>\n        <\/div>\n                <\/div>\n        <\/div>\n            <\/div>\n                  <\/div>\n        \n","protected":false},"excerpt":{"rendered":"","protected":false},"author":194,"featured_media":0,"parent":618,"menu_order":0,"comment_status":"closed","ping_status":"closed","template":"page-le.php","meta":{"footnotes":""},"class_list":["post-621","page","type-page","status-publish","hentry"],"yoast_head":"<!-- This site is optimized with the Yoast SEO plugin v26.5 - https:\/\/yoast.com\/wordpress\/plugins\/seo\/ -->\n<title>Comit\u00e9 Scientifique - Laboratoire d&#039;Excellence \u2211-LIM<\/title>\n<meta name=\"robots\" content=\"index, follow, max-snippet:-1, max-image-preview:large, max-video-preview:-1\" \/>\n<link rel=\"canonical\" href=\"https:\/\/www.unilim.fr\/labex_sigmalim\/gouvernance\/comite-scientifique\/\" \/>\n<meta property=\"og:locale\" content=\"fr_FR\" \/>\n<meta property=\"og:type\" content=\"article\" \/>\n<meta property=\"og:title\" content=\"Comit\u00e9 Scientifique - Laboratoire d&#039;Excellence \u2211-LIM\" \/>\n<meta property=\"og:url\" content=\"https:\/\/www.unilim.fr\/labex_sigmalim\/gouvernance\/comite-scientifique\/\" \/>\n<meta property=\"og:site_name\" content=\"Laboratoire d&#039;Excellence \u2211-LIM\" \/>\n<meta property=\"article:modified_time\" content=\"2025-04-03T12:28:51+00:00\" \/>\n<meta name=\"twitter:card\" content=\"summary_large_image\" \/>\n<meta name=\"twitter:label1\" content=\"Dur\u00e9e de lecture estim\u00e9e\" \/>\n\t<meta name=\"twitter:data1\" content=\"5 minutes\" \/>\n<script type=\"application\/ld+json\" class=\"yoast-schema-graph\">{\"@context\":\"https:\/\/schema.org\",\"@graph\":[{\"@type\":\"WebPage\",\"@id\":\"https:\/\/www.unilim.fr\/labex_sigmalim\/gouvernance\/comite-scientifique\/\",\"url\":\"https:\/\/www.unilim.fr\/labex_sigmalim\/gouvernance\/comite-scientifique\/\",\"name\":\"Comit\u00e9 Scientifique - Laboratoire d&#039;Excellence \u2211-LIM\",\"isPartOf\":{\"@id\":\"https:\/\/www.unilim.fr\/labex_sigmalim\/#website\"},\"datePublished\":\"2021-01-25T16:54:26+00:00\",\"dateModified\":\"2025-04-03T12:28:51+00:00\",\"breadcrumb\":{\"@id\":\"https:\/\/www.unilim.fr\/labex_sigmalim\/gouvernance\/comite-scientifique\/#breadcrumb\"},\"inLanguage\":\"fr-FR\",\"potentialAction\":[{\"@type\":\"ReadAction\",\"target\":[\"https:\/\/www.unilim.fr\/labex_sigmalim\/gouvernance\/comite-scientifique\/\"]}]},{\"@type\":\"BreadcrumbList\",\"@id\":\"https:\/\/www.unilim.fr\/labex_sigmalim\/gouvernance\/comite-scientifique\/#breadcrumb\",\"itemListElement\":[{\"@type\":\"ListItem\",\"position\":1,\"name\":\"Accueil\",\"item\":\"https:\/\/www.unilim.fr\/labex_sigmalim\/\"},{\"@type\":\"ListItem\",\"position\":2,\"name\":\"Gouvernance\",\"item\":\"https:\/\/www.unilim.fr\/labex_sigmalim\/gouvernance\/\"},{\"@type\":\"ListItem\",\"position\":3,\"name\":\"Comit\u00e9 Scientifique\"}]},{\"@type\":\"WebSite\",\"@id\":\"https:\/\/www.unilim.fr\/labex_sigmalim\/#website\",\"url\":\"https:\/\/www.unilim.fr\/labex_sigmalim\/\",\"name\":\"Laboratoire d&#039;Excellence \u2211-LIM\",\"description\":\"Des mat\u00e9riaux et composants c\u00e9ramiques sp\u00e9cifiques aux syst\u00e8mes communicants int\u00e9gr\u00e9s, s\u00e9curis\u00e9s, et intelligents \",\"potentialAction\":[{\"@type\":\"SearchAction\",\"target\":{\"@type\":\"EntryPoint\",\"urlTemplate\":\"https:\/\/www.unilim.fr\/labex_sigmalim\/?s={search_term_string}\"},\"query-input\":{\"@type\":\"PropertyValueSpecification\",\"valueRequired\":true,\"valueName\":\"search_term_string\"}}],\"inLanguage\":\"fr-FR\"}]}<\/script>\n<!-- \/ Yoast SEO plugin. -->","yoast_head_json":{"title":"Comit\u00e9 Scientifique - Laboratoire d&#039;Excellence \u2211-LIM","robots":{"index":"index","follow":"follow","max-snippet":"max-snippet:-1","max-image-preview":"max-image-preview:large","max-video-preview":"max-video-preview:-1"},"canonical":"https:\/\/www.unilim.fr\/labex_sigmalim\/gouvernance\/comite-scientifique\/","og_locale":"fr_FR","og_type":"article","og_title":"Comit\u00e9 Scientifique - Laboratoire d&#039;Excellence \u2211-LIM","og_url":"https:\/\/www.unilim.fr\/labex_sigmalim\/gouvernance\/comite-scientifique\/","og_site_name":"Laboratoire d&#039;Excellence \u2211-LIM","article_modified_time":"2025-04-03T12:28:51+00:00","twitter_card":"summary_large_image","twitter_misc":{"Dur\u00e9e de lecture estim\u00e9e":"5 minutes"},"schema":{"@context":"https:\/\/schema.org","@graph":[{"@type":"WebPage","@id":"https:\/\/www.unilim.fr\/labex_sigmalim\/gouvernance\/comite-scientifique\/","url":"https:\/\/www.unilim.fr\/labex_sigmalim\/gouvernance\/comite-scientifique\/","name":"Comit\u00e9 Scientifique - Laboratoire d&#039;Excellence \u2211-LIM","isPartOf":{"@id":"https:\/\/www.unilim.fr\/labex_sigmalim\/#website"},"datePublished":"2021-01-25T16:54:26+00:00","dateModified":"2025-04-03T12:28:51+00:00","breadcrumb":{"@id":"https:\/\/www.unilim.fr\/labex_sigmalim\/gouvernance\/comite-scientifique\/#breadcrumb"},"inLanguage":"fr-FR","potentialAction":[{"@type":"ReadAction","target":["https:\/\/www.unilim.fr\/labex_sigmalim\/gouvernance\/comite-scientifique\/"]}]},{"@type":"BreadcrumbList","@id":"https:\/\/www.unilim.fr\/labex_sigmalim\/gouvernance\/comite-scientifique\/#breadcrumb","itemListElement":[{"@type":"ListItem","position":1,"name":"Accueil","item":"https:\/\/www.unilim.fr\/labex_sigmalim\/"},{"@type":"ListItem","position":2,"name":"Gouvernance","item":"https:\/\/www.unilim.fr\/labex_sigmalim\/gouvernance\/"},{"@type":"ListItem","position":3,"name":"Comit\u00e9 Scientifique"}]},{"@type":"WebSite","@id":"https:\/\/www.unilim.fr\/labex_sigmalim\/#website","url":"https:\/\/www.unilim.fr\/labex_sigmalim\/","name":"Laboratoire d&#039;Excellence \u2211-LIM","description":"Des mat\u00e9riaux et composants c\u00e9ramiques sp\u00e9cifiques aux syst\u00e8mes communicants int\u00e9gr\u00e9s, s\u00e9curis\u00e9s, et intelligents ","potentialAction":[{"@type":"SearchAction","target":{"@type":"EntryPoint","urlTemplate":"https:\/\/www.unilim.fr\/labex_sigmalim\/?s={search_term_string}"},"query-input":{"@type":"PropertyValueSpecification","valueRequired":true,"valueName":"search_term_string"}}],"inLanguage":"fr-FR"}]}},"_links":{"self":[{"href":"https:\/\/www.unilim.fr\/labex_sigmalim\/wp-json\/wp\/v2\/pages\/621","targetHints":{"allow":["GET"]}}],"collection":[{"href":"https:\/\/www.unilim.fr\/labex_sigmalim\/wp-json\/wp\/v2\/pages"}],"about":[{"href":"https:\/\/www.unilim.fr\/labex_sigmalim\/wp-json\/wp\/v2\/types\/page"}],"author":[{"embeddable":true,"href":"https:\/\/www.unilim.fr\/labex_sigmalim\/wp-json\/wp\/v2\/users\/194"}],"replies":[{"embeddable":true,"href":"https:\/\/www.unilim.fr\/labex_sigmalim\/wp-json\/wp\/v2\/comments?post=621"}],"version-history":[{"count":1,"href":"https:\/\/www.unilim.fr\/labex_sigmalim\/wp-json\/wp\/v2\/pages\/621\/revisions"}],"predecessor-version":[{"id":1969,"href":"https:\/\/www.unilim.fr\/labex_sigmalim\/wp-json\/wp\/v2\/pages\/621\/revisions\/1969"}],"up":[{"embeddable":true,"href":"https:\/\/www.unilim.fr\/labex_sigmalim\/wp-json\/wp\/v2\/pages\/618"}],"wp:attachment":[{"href":"https:\/\/www.unilim.fr\/labex_sigmalim\/wp-json\/wp\/v2\/media?parent=621"}],"curies":[{"name":"wp","href":"https:\/\/api.w.org\/{rel}","templated":true}]}}