{"id":615,"date":"2021-03-18T23:00:00","date_gmt":"2021-01-25T16:53:45","guid":{"rendered":"http:\/\/www.unilim.fr\/labex_sigmalim\/?page_id=615"},"modified":"2021-04-08T06:52:22","modified_gmt":"2021-04-08T06:52:22","slug":"missions","status":"publish","type":"page","link":"https:\/\/www.unilim.fr\/labex_sigmalim\/recherche\/missions\/","title":{"rendered":"Missions"},"content":{"rendered":"                                <div class=\"ul-banner-parallax \" style=\"height:200px;\" >\n\n                                    <div class=\"ul-post-thumbnail\" style=\"height:200px; background-size: cover; background-image: url('https:\/\/www.unilim.fr\/labex_sigmalim\/wp-content\/uploads\/sites\/8\/2021\/03\/25934357631_4e81cab06e_o.jpg')\"><!-- Image BG --><\/div>\n\n                                    <div class=\"ul-post-thumbnail-back\" style=\"margin-top:-200px; height:200px; opacity:.5;\"><!-- Texture --><\/div>\n\n                                    <div class=\"ul-layers\">\n                                        \n                                        <div class=\"ul-layer ul-slogan\" style=\"bottom:60px;right:20%;\">\n                                            <h4 class=\"text-light\"><em><br\/>\n                                            &nbsp;&nbsp;&nbsp;&nbsp;&nbsp;&nbsp;&nbsp;<\/em><\/h4>\n                                                                                    <\/div>\n\n                                    <\/div>\n\n                                <\/div>\n                                <script type=\"text\/javascript\">\n                                    \/\/\/\/\/\/\/\/\/\/\/\/\/\/\/\/\/\/\/\/\/\/\/\/\/\/\/\/\/\/\/\/\/\/\/\/\/\/\/\/\/\/\/\/\/\/\/\/\/\/\/\/\/\/\/\/\/\/\/\/\/\/\/\/\/\/\/\/\/\/\/\/\/\/\/\/\/\/\/\/\/\/\/\/\/\/\/\/\/\/\/\/\/\/\/\/\/\/\/\/\n                                    \/\/  PARALAX\n                                    \/\/\/\/\/\/\/\/\/\/\/\/\/\/\/\/\/\/\/\/\/\/\/\/\/\/\/\/\/\/\/\/\/\/\/\/\/\/\/\/\/\/\/\/\/\/\/\/\/\/\/\/\/\/\/\/\/\/\/\/\/\/\/\/\/\/\/\/\/\/\/\/\/\/\/\/\/\/\/\/\/\/\/\/\/\/\/\/\/\/\/\/\/\/\/\/\/\/\/\/\n                                    $( document ).ready(function() {\n                                        var bandeau = $('.ul-banner-parallax');\n                                        if (bandeau.length){\n                                            var imgpos = 50 - $( window ).scrollTop()\/20;\n                                            $('.ul-banner-parallax > .ul-post-thumbnail').css('background-position','50% '+imgpos+'%');\n                                            $( window ).scroll(function(){\n                                                imgpos = 50 - $( window ).scrollTop()\/10;\n                                                txtpos = 60 + $( window ).scrollTop()\/5;\n                                                frisepos = 25 + $( window ).scrollTop()\/10;\n                                                $('.ul-banner-parallax > .ul-post-thumbnail').css('background-position','50% '+imgpos+'%');\n                                                $('.ul-slogan').css('bottom',txtpos+'px');\n                                                $('.ul-frise-1').css('bottom',frisepos+'px');\n                                                \/\/$('.ul-texture').css('background-position',''+-frisepos+'%');\n                                            });\n                                        }\n                                    });\n                                <\/script>\n\n                                    <div class=\"container-fluid  \" style=\"\">\n                      <div class=\"container\">\n                <div class=\"row \" style=\"margin-top: 30px;margin-bottom: 30px\">        <div class=\"col-md-12 clearfix \">\n                    <div class=\"clearfix ul-element-text \">\n            \n<p style=\"text-align: justify\">Le LABEX \u03a3-LIM a pour objectif de r\u00e9pondre aux d\u00e9fis scientifiques, technologiques, environnementaux et soci\u00e9taux d\u00e9finis dans la strat\u00e9gie nationale de recherche (RS) ainsi que dans le plan Horizon Europe, en maintenant une recherche fondamentale de haut niveau et en valorisant les connaissances acquises. La valeur ajout\u00e9e apport\u00e9e par ce LABEX est ind\u00e9niable, avec l\u2019\u00e9mergence de sujets de rupture \u00e0 l\u2019interface des disciplines des deux laboratoires, une production et une valorisation scientifiques accrues.<\/p>\n<p style=\"text-align: justify\">&nbsp;<\/p>\n<h3 class=\"ul-bold\" style=\"text-align: justify\"><strong>Recherche<\/strong><br \/><\/h3>\n<p style=\"text-align: justify\">LABEX \u03a3-LIM a pour objectif de d\u00e9velopper des projets innovants \u00e0 l&rsquo;\u00e9tat de l&rsquo;art au niveau international. Ce soutien \u00e0 la recherche passe par notamment par le recrutement de doctorant(e)s, de post-doctorant(e)s, le d\u00e9veloppement de projets vari\u00e9s (maturation\u2026) et par la promotion des recherches men\u00e9es.<\/p>\n<p style=\"text-align: justify\">&nbsp;<\/p>\n<h3 class=\"ul-bold\" style=\"text-align: justify\"><strong>D\u00e9veloppements de partenariats avec les industriels et les grands organismes<\/strong><br \/><\/h3>\n<p style=\"text-align: justify\">Gr\u00e2ce \u00e0 un excellent environnement socio-\u00e9conomique r\u00e9gional et national, \u03a3-LIM peut s&rsquo;appuyer sur des structures performantes en mati\u00e8re de d\u00e9tection de projets, de cr\u00e9ation de start-up et de soutien aux brevets : p\u00f4les de comp\u00e9titivit\u00e9 (Ceramic et Alpha-RLH), centres de transfert (CISTEME, CTTC, CITRA), AVRUL (Valorisation Universitaire), SPV (CNRS), laboratoires communs avec les industriels, R\u00e9gion Nouvelle-Aquitaine.<\/p>\n        <\/div>\n                <div class=\"\">\n                        <div class=\"panel panel-default\">\n                              <div class=\"panel-heading\">\n                    <h3 class=\"panel-title\"><i class=\"fa fa-fw fa-arrow-right\"><\/i>Journ\u00e9es LABEX \/ Entreprises<\/h3>\n                <\/div>\n                              <div class=\"panel-body\">\n                  \n<p style=\"text-align: justify\">Les Journ&eacute;es LABEX \/ Entreprises sont organis&eacute;es deux fois par ans et ont pour vocation de rassembler les diff&eacute;rents acteurs &eacute;conomiques, les entreprises, et les chercheurs autour d&rsquo;une th&eacute;matique scientifique du LABEX.<\/p>\n                <\/div>\n                          <\/div>\n                    <\/div>\n                <div class=\"clearfix ul-element-text \">\n            \n<h3 class=\"ul-bold\"><strong>Formation<\/strong> <br \/><\/h3>\n<p>L\u2019objectif est de contribuer \u00e0 garantir l\u2019excellence des cursus, \u00e0 travers des cours interdisciplinaires innovants de haut niveau et \u00e0 la promotion de la mobilit\u00e9 internationale des \u00e9tudiants. Les cours interdisciplinaires et approfondis promus par le LABEX sont inclus dans l&rsquo;\u00c9cole Sup\u00e9rieure C\u00e9ramique &amp; TIC &#8211; TACTIC, qui offre une formation d&rsquo;Excellence dans les domaines de la C\u00e9ramique &amp; des Technologies de l&rsquo;Information et de la Communication.<\/p>\n        <\/div>\n                <div class=\"\">\n                        <div class=\"panel panel-default\">\n                              <div class=\"panel-heading\">\n                    <h3 class=\"panel-title\"><i class=\"fa fa-fw fa-arrow-right\"><\/i>Sigma Tech Days<\/h3>\n                <\/div>\n                              <div class=\"panel-body\">\n                  \n<p style=\"text-align: justify\">&Eacute;v&egrave;nements majeurs du LABEX, les Sigma Tech Days participent activement &agrave; sa politique de formation. Ouverts aussi bien aux chercheurs, doctorant(e)s et post-doctorant(e)s, ils sont organis&eacute;s une fois par an sur une des th&eacute;matiques phares du LABEX.<\/p>\n                <\/div>\n                          <\/div>\n                    <\/div>\n                <\/div>\n        <\/div>\n            <\/div>\n                  <\/div>\n        \n","protected":false},"excerpt":{"rendered":"","protected":false},"author":194,"featured_media":0,"parent":595,"menu_order":0,"comment_status":"closed","ping_status":"closed","template":"page-le.php","meta":{"footnotes":""},"class_list":["post-615","page","type-page","status-publish","hentry"],"yoast_head":"<!-- This site is optimized with the Yoast SEO plugin v26.5 - https:\/\/yoast.com\/wordpress\/plugins\/seo\/ -->\n<title>Missions - Laboratoire d&#039;Excellence \u2211-LIM<\/title>\n<meta name=\"robots\" content=\"index, follow, max-snippet:-1, max-image-preview:large, max-video-preview:-1\" \/>\n<link rel=\"canonical\" href=\"https:\/\/www.unilim.fr\/labex_sigmalim\/recherche\/missions\/\" \/>\n<meta property=\"og:locale\" content=\"fr_FR\" \/>\n<meta property=\"og:type\" content=\"article\" \/>\n<meta property=\"og:title\" content=\"Missions - Laboratoire d&#039;Excellence \u2211-LIM\" \/>\n<meta property=\"og:url\" content=\"https:\/\/www.unilim.fr\/labex_sigmalim\/recherche\/missions\/\" \/>\n<meta property=\"og:site_name\" content=\"Laboratoire d&#039;Excellence \u2211-LIM\" \/>\n<meta property=\"article:modified_time\" content=\"2021-04-08T06:52:22+00:00\" \/>\n<meta name=\"twitter:card\" content=\"summary_large_image\" \/>\n<meta name=\"twitter:label1\" content=\"Dur\u00e9e de lecture estim\u00e9e\" \/>\n\t<meta name=\"twitter:data1\" content=\"3 minutes\" \/>\n<script type=\"application\/ld+json\" class=\"yoast-schema-graph\">{\"@context\":\"https:\/\/schema.org\",\"@graph\":[{\"@type\":\"WebPage\",\"@id\":\"https:\/\/www.unilim.fr\/labex_sigmalim\/recherche\/missions\/\",\"url\":\"https:\/\/www.unilim.fr\/labex_sigmalim\/recherche\/missions\/\",\"name\":\"Missions - Laboratoire d&#039;Excellence \u2211-LIM\",\"isPartOf\":{\"@id\":\"https:\/\/www.unilim.fr\/labex_sigmalim\/#website\"},\"datePublished\":\"2021-01-25T16:53:45+00:00\",\"dateModified\":\"2021-04-08T06:52:22+00:00\",\"breadcrumb\":{\"@id\":\"https:\/\/www.unilim.fr\/labex_sigmalim\/recherche\/missions\/#breadcrumb\"},\"inLanguage\":\"fr-FR\",\"potentialAction\":[{\"@type\":\"ReadAction\",\"target\":[\"https:\/\/www.unilim.fr\/labex_sigmalim\/recherche\/missions\/\"]}]},{\"@type\":\"BreadcrumbList\",\"@id\":\"https:\/\/www.unilim.fr\/labex_sigmalim\/recherche\/missions\/#breadcrumb\",\"itemListElement\":[{\"@type\":\"ListItem\",\"position\":1,\"name\":\"Accueil\",\"item\":\"https:\/\/www.unilim.fr\/labex_sigmalim\/\"},{\"@type\":\"ListItem\",\"position\":2,\"name\":\"\u2211-LIM\",\"item\":\"https:\/\/www.unilim.fr\/labex_sigmalim\/recherche\/\"},{\"@type\":\"ListItem\",\"position\":3,\"name\":\"Missions\"}]},{\"@type\":\"WebSite\",\"@id\":\"https:\/\/www.unilim.fr\/labex_sigmalim\/#website\",\"url\":\"https:\/\/www.unilim.fr\/labex_sigmalim\/\",\"name\":\"Laboratoire d&#039;Excellence \u2211-LIM\",\"description\":\"Des mat\u00e9riaux et composants c\u00e9ramiques sp\u00e9cifiques aux syst\u00e8mes communicants int\u00e9gr\u00e9s, s\u00e9curis\u00e9s, et intelligents \",\"potentialAction\":[{\"@type\":\"SearchAction\",\"target\":{\"@type\":\"EntryPoint\",\"urlTemplate\":\"https:\/\/www.unilim.fr\/labex_sigmalim\/?s={search_term_string}\"},\"query-input\":{\"@type\":\"PropertyValueSpecification\",\"valueRequired\":true,\"valueName\":\"search_term_string\"}}],\"inLanguage\":\"fr-FR\"}]}<\/script>\n<!-- \/ Yoast SEO plugin. -->","yoast_head_json":{"title":"Missions - Laboratoire d&#039;Excellence \u2211-LIM","robots":{"index":"index","follow":"follow","max-snippet":"max-snippet:-1","max-image-preview":"max-image-preview:large","max-video-preview":"max-video-preview:-1"},"canonical":"https:\/\/www.unilim.fr\/labex_sigmalim\/recherche\/missions\/","og_locale":"fr_FR","og_type":"article","og_title":"Missions - Laboratoire d&#039;Excellence \u2211-LIM","og_url":"https:\/\/www.unilim.fr\/labex_sigmalim\/recherche\/missions\/","og_site_name":"Laboratoire d&#039;Excellence \u2211-LIM","article_modified_time":"2021-04-08T06:52:22+00:00","twitter_card":"summary_large_image","twitter_misc":{"Dur\u00e9e de lecture estim\u00e9e":"3 minutes"},"schema":{"@context":"https:\/\/schema.org","@graph":[{"@type":"WebPage","@id":"https:\/\/www.unilim.fr\/labex_sigmalim\/recherche\/missions\/","url":"https:\/\/www.unilim.fr\/labex_sigmalim\/recherche\/missions\/","name":"Missions - Laboratoire d&#039;Excellence \u2211-LIM","isPartOf":{"@id":"https:\/\/www.unilim.fr\/labex_sigmalim\/#website"},"datePublished":"2021-01-25T16:53:45+00:00","dateModified":"2021-04-08T06:52:22+00:00","breadcrumb":{"@id":"https:\/\/www.unilim.fr\/labex_sigmalim\/recherche\/missions\/#breadcrumb"},"inLanguage":"fr-FR","potentialAction":[{"@type":"ReadAction","target":["https:\/\/www.unilim.fr\/labex_sigmalim\/recherche\/missions\/"]}]},{"@type":"BreadcrumbList","@id":"https:\/\/www.unilim.fr\/labex_sigmalim\/recherche\/missions\/#breadcrumb","itemListElement":[{"@type":"ListItem","position":1,"name":"Accueil","item":"https:\/\/www.unilim.fr\/labex_sigmalim\/"},{"@type":"ListItem","position":2,"name":"\u2211-LIM","item":"https:\/\/www.unilim.fr\/labex_sigmalim\/recherche\/"},{"@type":"ListItem","position":3,"name":"Missions"}]},{"@type":"WebSite","@id":"https:\/\/www.unilim.fr\/labex_sigmalim\/#website","url":"https:\/\/www.unilim.fr\/labex_sigmalim\/","name":"Laboratoire d&#039;Excellence \u2211-LIM","description":"Des mat\u00e9riaux et composants c\u00e9ramiques sp\u00e9cifiques aux syst\u00e8mes communicants int\u00e9gr\u00e9s, s\u00e9curis\u00e9s, et intelligents ","potentialAction":[{"@type":"SearchAction","target":{"@type":"EntryPoint","urlTemplate":"https:\/\/www.unilim.fr\/labex_sigmalim\/?s={search_term_string}"},"query-input":{"@type":"PropertyValueSpecification","valueRequired":true,"valueName":"search_term_string"}}],"inLanguage":"fr-FR"}]}},"_links":{"self":[{"href":"https:\/\/www.unilim.fr\/labex_sigmalim\/wp-json\/wp\/v2\/pages\/615","targetHints":{"allow":["GET"]}}],"collection":[{"href":"https:\/\/www.unilim.fr\/labex_sigmalim\/wp-json\/wp\/v2\/pages"}],"about":[{"href":"https:\/\/www.unilim.fr\/labex_sigmalim\/wp-json\/wp\/v2\/types\/page"}],"author":[{"embeddable":true,"href":"https:\/\/www.unilim.fr\/labex_sigmalim\/wp-json\/wp\/v2\/users\/194"}],"replies":[{"embeddable":true,"href":"https:\/\/www.unilim.fr\/labex_sigmalim\/wp-json\/wp\/v2\/comments?post=615"}],"version-history":[{"count":0,"href":"https:\/\/www.unilim.fr\/labex_sigmalim\/wp-json\/wp\/v2\/pages\/615\/revisions"}],"up":[{"embeddable":true,"href":"https:\/\/www.unilim.fr\/labex_sigmalim\/wp-json\/wp\/v2\/pages\/595"}],"wp:attachment":[{"href":"https:\/\/www.unilim.fr\/labex_sigmalim\/wp-json\/wp\/v2\/media?parent=615"}],"curies":[{"name":"wp","href":"https:\/\/api.w.org\/{rel}","templated":true}]}}