{"id":612,"date":"2021-04-07T22:00:00","date_gmt":"2021-01-25T16:53:37","guid":{"rendered":"http:\/\/www.unilim.fr\/labex_sigmalim\/?page_id=612"},"modified":"2021-12-13T14:24:36","modified_gmt":"2021-12-13T14:24:36","slug":"edito","status":"publish","type":"page","link":"https:\/\/www.unilim.fr\/labex_sigmalim\/edito\/","title":{"rendered":"Edito"},"content":{"rendered":"<p style=\"text-align: center\">                                <div class=\"ul-banner-parallax \" style=\"height:200px;\" >\n\n                                    <div class=\"ul-post-thumbnail\" style=\"height:200px; background-size: cover; background-image: url('https:\/\/www.unilim.fr\/labex_sigmalim\/wp-content\/uploads\/sites\/8\/2021\/03\/2017_02_21_XSLIM_IMG_3457-1.jpg')\"><!-- Image BG --><\/div>\n\n                                    <div class=\"ul-post-thumbnail-back\" style=\"margin-top:-200px; height:200px; opacity:.5;\"><!-- Texture --><\/div>\n\n                                    <div class=\"ul-layers\">\n                                        \n                                        <div class=\"ul-layer ul-slogan\" style=\"bottom:60px;right:20%;\">\n                                            <h4 class=\"text-light\"><em><br\/>\n                                            &nbsp;&nbsp;&nbsp;&nbsp;&nbsp;&nbsp;&nbsp;<\/em><\/h4>\n                                                                                    <\/div>\n\n                                    <\/div>\n\n                                <\/div>\n                                <script type=\"text\/javascript\">\n                                    \/\/\/\/\/\/\/\/\/\/\/\/\/\/\/\/\/\/\/\/\/\/\/\/\/\/\/\/\/\/\/\/\/\/\/\/\/\/\/\/\/\/\/\/\/\/\/\/\/\/\/\/\/\/\/\/\/\/\/\/\/\/\/\/\/\/\/\/\/\/\/\/\/\/\/\/\/\/\/\/\/\/\/\/\/\/\/\/\/\/\/\/\/\/\/\/\/\/\/\/\n                                    \/\/  PARALAX\n                                    \/\/\/\/\/\/\/\/\/\/\/\/\/\/\/\/\/\/\/\/\/\/\/\/\/\/\/\/\/\/\/\/\/\/\/\/\/\/\/\/\/\/\/\/\/\/\/\/\/\/\/\/\/\/\/\/\/\/\/\/\/\/\/\/\/\/\/\/\/\/\/\/\/\/\/\/\/\/\/\/\/\/\/\/\/\/\/\/\/\/\/\/\/\/\/\/\/\/\/\/\n                                    $( document ).ready(function() {\n                                        var bandeau = $('.ul-banner-parallax');\n                                        if (bandeau.length){\n                                            var imgpos = 50 - $( window ).scrollTop()\/20;\n                                            $('.ul-banner-parallax > .ul-post-thumbnail').css('background-position','50% '+imgpos+'%');\n                                            $( window ).scroll(function(){\n                                                imgpos = 50 - $( window ).scrollTop()\/10;\n                                                txtpos = 60 + $( window ).scrollTop()\/5;\n                                                frisepos = 25 + $( window ).scrollTop()\/10;\n                                                $('.ul-banner-parallax > .ul-post-thumbnail').css('background-position','50% '+imgpos+'%');\n                                                $('.ul-slogan').css('bottom',txtpos+'px');\n                                                $('.ul-frise-1').css('bottom',frisepos+'px');\n                                                \/\/$('.ul-texture').css('background-position',''+-frisepos+'%');\n                                            });\n                                        }\n                                    });\n                                <\/script>\n\n                                    <div class=\"container-fluid  \" style=\"\">\n                      <div class=\"container\">\n                <div class=\"row \" style=\"margin-top: 30px;margin-bottom: 30px\">        <div class=\"col-md-12 clearfix \">\n            \n        \n        <div class=\"ul-element-header text-left  \">\n\n            <h2 class=\"ul-bold  \" style=\"\">\n                                Edito                            <\/h2>\n        <\/div>\n                <div class=\"clearfix ul-element-text \">\n            \n<p style=\"text-align: center\"><iframe loading=\"lazy\" src=\"https:\/\/mediaserver.unilim.fr\/permalink\/v1261ca2e0943mrkdu6x\/iframe\/\" width=\"720\" height=\"530\"><\/iframe><\/p>\n<p>&nbsp;<\/p>\n<p style=\"text-align: left\">Le LABEX \u2211-LIM \u00ab Des mat\u00e9riaux et composants c\u00e9ramiques sp\u00e9cifiques aux syst\u00e8mes communicants int\u00e9gr\u00e9s, s\u00e9curis\u00e9s, et intelligents \u00bb est port\u00e9 par deux Unit\u00e9s Mixtes de Recherche de l\u2019Universit\u00e9 de Limoges et du CNRS, l\u2019IRCER et XLIM, et est associ\u00e9 a deux p\u00f4les de comp\u00e9titivit\u00e9, le p\u00f4le ALPHA &#8211; Route des Lasers &amp; des Hyperfr\u00e9quences et le P\u00f4le Europ\u00e9en de la C\u00e9ramique.<\/p>\n<p style=\"text-align: justify\">Dans sa phase 2, lanc\u00e9e le 1er janvier 2020, le LABEX \u03a3-LIM a pour objectif de r\u00e9pondre aux d\u00e9fis scientifiques, technologiques, environnementaux et soci\u00e9taux d\u00e9finis dans la Strat\u00e9gie Nationale de Recherche (SNR) ainsi que dans le plan Horizon Europe, en maintenant une recherche fondamentale de haut niveau et en valorisant les connaissances acquises.<\/p>\n<p style=\"text-align: justify\">Le c\u0153ur de son ambition scientifique couvre <strong>4 programmes phares de recherche\u00a0\u00ab\u00a0flagship\u00a0\u00bb<\/strong> r\u00e9pondant \u00e0 <strong>9 d\u00e9fis scientifiques<\/strong> :<\/p>\n        <\/div>\n                <\/div>\n        <\/div>\n            <\/div>\n                  <\/div>\n                <div class=\"container-fluid bg-primary \" style=\"\">\n                      <div class=\"container\">\n                <div class=\"row \" style=\"margin-top: 30px;margin-bottom: 30px\">        <div class=\"col-sm-3 clearfix \">\n                    <div class=\"ul-element-image \">\n            <a href=\"https:\/\/www.unilim.fr\/labex_sigmalim\/recherche-2\/aller-au-dela-de-la-5g\/\" target=\"\"  rel=\"\">\n                <img decoding=\"async\" class=\"img-responsive\" src=\"https:\/\/www.unilim.fr\/labex_sigmalim\/wp-content\/uploads\/sites\/8\/2021\/03\/Plus_site_labex.png\"\/>\n            <\/a>\n        <\/div>\n                <div class=\"clearfix ul-element-text \">\n            \n<h3 class=\"ul-bold\" style=\"text-align: center\"><strong>Aller au-del\u00e0 de la 5G<\/strong><\/h3>\n<p style=\"text-align: center\">D\u00e9fi 1 :<br \/>\nM\u00e9thodes de conception avanc\u00e9es de front-end RF 3D int\u00e9gr\u00e9s<\/p>\n<p style=\"text-align: center\">D\u00e9fi 2 :<br \/>\nMat\u00e9riaux et dispositifs pour les sous-syst\u00e8mes THz<\/p>\n<p style=\"text-align: center\">D\u00e9fi 3 :<br \/>\nS\u00e9curit\u00e9 et interop\u00e9rabilit\u00e9 des syst\u00e8mes au-del\u00e0 des 5G<\/p>\n<p style=\"text-align: center\"><strong>\u00a0<\/strong><\/p>\n        <\/div>\n                <\/div>\n                <div class=\"col-sm-3 clearfix \">\n                    <div class=\"ul-element-image \">\n            <a href=\"https:\/\/www.unilim.fr\/labex_sigmalim\/recherche-2\/promouvoir-la-sante-grace-a-des-diagnostics-et-des-therapies-de-pointe\/\" target=\"\"  rel=\"\">\n                <img decoding=\"async\" class=\"img-responsive\" src=\"https:\/\/www.unilim.fr\/labex_sigmalim\/wp-content\/uploads\/sites\/8\/2021\/03\/Plus_site_labex.png\"\/>\n            <\/a>\n        <\/div>\n                <div class=\"clearfix ul-element-text \">\n            \n<h3 class=\"ul-bold\" style=\"text-align: center\"><strong>Am\u00e9liorer la sant\u00e9 gr\u00e2ce \u00e0 des diagnostics et des th\u00e9rapies de pointe<\/strong><\/h3>\n<p style=\"text-align: center\">D\u00e9fi 1 :<br \/>\nBiomat\u00e9riaux et ondes \u00e9lectromagn\u00e9tiques pour les applications de sant\u00e9<\/p>\n<p style=\"text-align: center\">D\u00e9fi 2 :<br \/>\nBiomat\u00e9riaux, bio-photonique et imagerie pour le diagnostic<\/p>\n<p style=\"text-align: center\"><strong>\u00a0<\/strong><\/p>\n        <\/div>\n                <\/div>\n                <div class=\"col-sm-3 clearfix \">\n                    <div class=\"ul-element-image \">\n            <a href=\"https:\/\/www.unilim.fr\/labex_sigmalim\/recherche-2\/apporter-un-nouvel-eclairage-sur-la-photonique\/\" target=\"\"  rel=\"\">\n                <img decoding=\"async\" class=\"img-responsive\" src=\"https:\/\/www.unilim.fr\/labex_sigmalim\/wp-content\/uploads\/sites\/8\/2021\/03\/Plus_site_labex.png\"\/>\n            <\/a>\n        <\/div>\n                <div class=\"clearfix ul-element-text \">\n            \n<h3 class=\"ul-bold\" style=\"text-align: center\"><strong>Apporter un nouvel \u00e9clairage sur la photonique<\/strong><\/h3>\n<p style=\"text-align: center\">D\u00e9fi 1 :<br \/>\nD\u00e9veloppement de nouvelles vitroc\u00e9ramiques et c\u00e9ramiques massives<\/p>\n<p style=\"text-align: center\">D\u00e9fi 2 :<br \/>\nD\u00e9veloppements dans le domaine des fibres optiques<\/p>\n<p style=\"text-align: center\"><strong>\u00a0<\/strong><\/p>\n        <\/div>\n                <\/div>\n                <div class=\"col-sm-3 clearfix \">\n                    <div class=\"ul-element-image \">\n            <a href=\"https:\/\/www.unilim.fr\/labex_sigmalim\/recherche-2\/faire-plus-avec-moins-denergie\/\" target=\"\"  rel=\"\">\n                <img decoding=\"async\" class=\"img-responsive\" src=\"https:\/\/www.unilim.fr\/labex_sigmalim\/wp-content\/uploads\/sites\/8\/2021\/03\/Plus_site_labex.png\"\/>\n            <\/a>\n        <\/div>\n                <div class=\"clearfix ul-element-text \">\n            \n<h3 class=\"ul-bold\" style=\"text-align: center\"><strong>Faire plus avec<br \/>\nmoins d&rsquo;\u00e9nergie<\/strong><\/h3>\n<p style=\"text-align: center\">D\u00e9fi 1 :<br \/>\n\u00c9nergie et d\u00e9veloppement durable<\/p>\n<p style=\"text-align: center\">D\u00e9fi 2 :<br \/>\n\u00c9nergie et surveillance avanc\u00e9e<\/p>\n<p style=\"text-align: center\"><strong>\u00a0<\/strong><\/p>\n        <\/div>\n                <\/div>\n        <\/div>\n            <\/div>\n                  <\/div>\n        \n","protected":false},"excerpt":{"rendered":"","protected":false},"author":194,"featured_media":0,"parent":0,"menu_order":0,"comment_status":"closed","ping_status":"closed","template":"page-le.php","meta":{"footnotes":""},"class_list":["post-612","page","type-page","status-publish","hentry"],"yoast_head":"<!-- This site is optimized with the Yoast SEO plugin v26.5 - https:\/\/yoast.com\/wordpress\/plugins\/seo\/ -->\n<title>Edito - Laboratoire d&#039;Excellence \u2211-LIM<\/title>\n<meta name=\"robots\" content=\"index, follow, max-snippet:-1, max-image-preview:large, max-video-preview:-1\" \/>\n<link rel=\"canonical\" href=\"https:\/\/www.unilim.fr\/labex_sigmalim\/edito\/\" \/>\n<meta property=\"og:locale\" content=\"fr_FR\" \/>\n<meta property=\"og:type\" content=\"article\" \/>\n<meta property=\"og:title\" content=\"Edito - Laboratoire d&#039;Excellence \u2211-LIM\" \/>\n<meta property=\"og:url\" content=\"https:\/\/www.unilim.fr\/labex_sigmalim\/edito\/\" \/>\n<meta property=\"og:site_name\" content=\"Laboratoire d&#039;Excellence \u2211-LIM\" \/>\n<meta property=\"article:modified_time\" content=\"2021-12-13T14:24:36+00:00\" \/>\n<meta name=\"twitter:card\" content=\"summary_large_image\" \/>\n<meta name=\"twitter:label1\" content=\"Dur\u00e9e de lecture estim\u00e9e\" \/>\n\t<meta name=\"twitter:data1\" content=\"3 minutes\" \/>\n<script type=\"application\/ld+json\" class=\"yoast-schema-graph\">{\"@context\":\"https:\/\/schema.org\",\"@graph\":[{\"@type\":\"WebPage\",\"@id\":\"https:\/\/www.unilim.fr\/labex_sigmalim\/edito\/\",\"url\":\"https:\/\/www.unilim.fr\/labex_sigmalim\/edito\/\",\"name\":\"Edito - Laboratoire d&#039;Excellence \u2211-LIM\",\"isPartOf\":{\"@id\":\"https:\/\/www.unilim.fr\/labex_sigmalim\/#website\"},\"datePublished\":\"2021-01-25T16:53:37+00:00\",\"dateModified\":\"2021-12-13T14:24:36+00:00\",\"breadcrumb\":{\"@id\":\"https:\/\/www.unilim.fr\/labex_sigmalim\/edito\/#breadcrumb\"},\"inLanguage\":\"fr-FR\",\"potentialAction\":[{\"@type\":\"ReadAction\",\"target\":[\"https:\/\/www.unilim.fr\/labex_sigmalim\/edito\/\"]}]},{\"@type\":\"BreadcrumbList\",\"@id\":\"https:\/\/www.unilim.fr\/labex_sigmalim\/edito\/#breadcrumb\",\"itemListElement\":[{\"@type\":\"ListItem\",\"position\":1,\"name\":\"Accueil\",\"item\":\"https:\/\/www.unilim.fr\/labex_sigmalim\/\"},{\"@type\":\"ListItem\",\"position\":2,\"name\":\"Edito\"}]},{\"@type\":\"WebSite\",\"@id\":\"https:\/\/www.unilim.fr\/labex_sigmalim\/#website\",\"url\":\"https:\/\/www.unilim.fr\/labex_sigmalim\/\",\"name\":\"Laboratoire d&#039;Excellence \u2211-LIM\",\"description\":\"Des mat\u00e9riaux et composants c\u00e9ramiques sp\u00e9cifiques aux syst\u00e8mes communicants int\u00e9gr\u00e9s, s\u00e9curis\u00e9s, et intelligents \",\"potentialAction\":[{\"@type\":\"SearchAction\",\"target\":{\"@type\":\"EntryPoint\",\"urlTemplate\":\"https:\/\/www.unilim.fr\/labex_sigmalim\/?s={search_term_string}\"},\"query-input\":{\"@type\":\"PropertyValueSpecification\",\"valueRequired\":true,\"valueName\":\"search_term_string\"}}],\"inLanguage\":\"fr-FR\"}]}<\/script>\n<!-- \/ Yoast SEO plugin. -->","yoast_head_json":{"title":"Edito - Laboratoire d&#039;Excellence \u2211-LIM","robots":{"index":"index","follow":"follow","max-snippet":"max-snippet:-1","max-image-preview":"max-image-preview:large","max-video-preview":"max-video-preview:-1"},"canonical":"https:\/\/www.unilim.fr\/labex_sigmalim\/edito\/","og_locale":"fr_FR","og_type":"article","og_title":"Edito - Laboratoire d&#039;Excellence \u2211-LIM","og_url":"https:\/\/www.unilim.fr\/labex_sigmalim\/edito\/","og_site_name":"Laboratoire d&#039;Excellence \u2211-LIM","article_modified_time":"2021-12-13T14:24:36+00:00","twitter_card":"summary_large_image","twitter_misc":{"Dur\u00e9e de lecture estim\u00e9e":"3 minutes"},"schema":{"@context":"https:\/\/schema.org","@graph":[{"@type":"WebPage","@id":"https:\/\/www.unilim.fr\/labex_sigmalim\/edito\/","url":"https:\/\/www.unilim.fr\/labex_sigmalim\/edito\/","name":"Edito - Laboratoire d&#039;Excellence \u2211-LIM","isPartOf":{"@id":"https:\/\/www.unilim.fr\/labex_sigmalim\/#website"},"datePublished":"2021-01-25T16:53:37+00:00","dateModified":"2021-12-13T14:24:36+00:00","breadcrumb":{"@id":"https:\/\/www.unilim.fr\/labex_sigmalim\/edito\/#breadcrumb"},"inLanguage":"fr-FR","potentialAction":[{"@type":"ReadAction","target":["https:\/\/www.unilim.fr\/labex_sigmalim\/edito\/"]}]},{"@type":"BreadcrumbList","@id":"https:\/\/www.unilim.fr\/labex_sigmalim\/edito\/#breadcrumb","itemListElement":[{"@type":"ListItem","position":1,"name":"Accueil","item":"https:\/\/www.unilim.fr\/labex_sigmalim\/"},{"@type":"ListItem","position":2,"name":"Edito"}]},{"@type":"WebSite","@id":"https:\/\/www.unilim.fr\/labex_sigmalim\/#website","url":"https:\/\/www.unilim.fr\/labex_sigmalim\/","name":"Laboratoire d&#039;Excellence \u2211-LIM","description":"Des mat\u00e9riaux et composants c\u00e9ramiques sp\u00e9cifiques aux syst\u00e8mes communicants int\u00e9gr\u00e9s, s\u00e9curis\u00e9s, et intelligents ","potentialAction":[{"@type":"SearchAction","target":{"@type":"EntryPoint","urlTemplate":"https:\/\/www.unilim.fr\/labex_sigmalim\/?s={search_term_string}"},"query-input":{"@type":"PropertyValueSpecification","valueRequired":true,"valueName":"search_term_string"}}],"inLanguage":"fr-FR"}]}},"_links":{"self":[{"href":"https:\/\/www.unilim.fr\/labex_sigmalim\/wp-json\/wp\/v2\/pages\/612","targetHints":{"allow":["GET"]}}],"collection":[{"href":"https:\/\/www.unilim.fr\/labex_sigmalim\/wp-json\/wp\/v2\/pages"}],"about":[{"href":"https:\/\/www.unilim.fr\/labex_sigmalim\/wp-json\/wp\/v2\/types\/page"}],"author":[{"embeddable":true,"href":"https:\/\/www.unilim.fr\/labex_sigmalim\/wp-json\/wp\/v2\/users\/194"}],"replies":[{"embeddable":true,"href":"https:\/\/www.unilim.fr\/labex_sigmalim\/wp-json\/wp\/v2\/comments?post=612"}],"version-history":[{"count":0,"href":"https:\/\/www.unilim.fr\/labex_sigmalim\/wp-json\/wp\/v2\/pages\/612\/revisions"}],"wp:attachment":[{"href":"https:\/\/www.unilim.fr\/labex_sigmalim\/wp-json\/wp\/v2\/media?parent=612"}],"curies":[{"name":"wp","href":"https:\/\/api.w.org\/{rel}","templated":true}]}}