{"id":589,"date":"2021-04-06T22:00:00","date_gmt":"2021-01-25T16:45:35","guid":{"rendered":"http:\/\/www.unilim.fr\/labex_sigmalim\/?page_id=589"},"modified":"2021-04-08T06:24:25","modified_gmt":"2021-04-08T06:24:25","slug":"formation","status":"publish","type":"page","link":"https:\/\/www.unilim.fr\/labex_sigmalim\/formation\/","title":{"rendered":"Formation"},"content":{"rendered":"                                <div class=\"ul-banner-parallax \" style=\"height:350px;\" >\n\n                                    <div class=\"ul-post-thumbnail\" style=\"height:350px; background-size: cover; background-image: url('https:\/\/www.unilim.fr\/labex_sigmalim\/wp-content\/uploads\/sites\/8\/2021\/03\/IMG_7287.jpg')\"><!-- Image BG --><\/div>\n\n                                    <div class=\"ul-post-thumbnail-back\" style=\"margin-top:-350px; height:350px; opacity:.5;\"><!-- Texture --><\/div>\n\n                                    <div class=\"ul-layers\">\n                                        \n                                        <div class=\"ul-layer ul-slogan\" style=\"bottom:210px;right:20%;\">\n                                            <h4 class=\"text-light\"><em><br\/>\n                                            &nbsp;&nbsp;&nbsp;&nbsp;&nbsp;&nbsp;&nbsp;<\/em><\/h4>\n                                                                                    <\/div>\n\n                                    <\/div>\n\n                                <\/div>\n                                <script type=\"text\/javascript\">\n                                    \/\/\/\/\/\/\/\/\/\/\/\/\/\/\/\/\/\/\/\/\/\/\/\/\/\/\/\/\/\/\/\/\/\/\/\/\/\/\/\/\/\/\/\/\/\/\/\/\/\/\/\/\/\/\/\/\/\/\/\/\/\/\/\/\/\/\/\/\/\/\/\/\/\/\/\/\/\/\/\/\/\/\/\/\/\/\/\/\/\/\/\/\/\/\/\/\/\/\/\/\n                                    \/\/  PARALAX\n                                    \/\/\/\/\/\/\/\/\/\/\/\/\/\/\/\/\/\/\/\/\/\/\/\/\/\/\/\/\/\/\/\/\/\/\/\/\/\/\/\/\/\/\/\/\/\/\/\/\/\/\/\/\/\/\/\/\/\/\/\/\/\/\/\/\/\/\/\/\/\/\/\/\/\/\/\/\/\/\/\/\/\/\/\/\/\/\/\/\/\/\/\/\/\/\/\/\/\/\/\/\n                                    $( document ).ready(function() {\n                                        var bandeau = $('.ul-banner-parallax');\n                                        if (bandeau.length){\n                                            var imgpos = 50 - $( window ).scrollTop()\/20;\n                                            $('.ul-banner-parallax > .ul-post-thumbnail').css('background-position','50% '+imgpos+'%');\n                                            $( window ).scroll(function(){\n                                                imgpos = 50 - $( window ).scrollTop()\/10;\n                                                txtpos = 210 + $( window ).scrollTop()\/5;\n                                                frisepos = 175 + $( window ).scrollTop()\/10;\n                                                $('.ul-banner-parallax > .ul-post-thumbnail').css('background-position','50% '+imgpos+'%');\n                                                $('.ul-slogan').css('bottom',txtpos+'px');\n                                                $('.ul-frise-1').css('bottom',frisepos+'px');\n                                                \/\/$('.ul-texture').css('background-position',''+-frisepos+'%');\n                                            });\n                                        }\n                                    });\n                                <\/script>\n\n                                    <div class=\"container-fluid bg-primary \" style=\"\">\n                      <div class=\"container\">\n                <div class=\"row \" style=\"margin-top: 30px;margin-bottom: 0px\">        <div class=\"col-sm-12 clearfix \">\n                    <div class=\"clearfix ul-element-text \">\n            \n<h2 style=\"text-align: justify\" class=\"ul-bold\"><strong>Formation<\/strong><\/h2>\n<h4 style=\"text-align: justify\" class=\"ul-bold\">Les LABEX ont pour ambition de contribuer \u00e0 garantir l\u2019excellence des cursus et de jouer un r\u00f4le moteur dans les formations de niveau master et doctorat. Pour cela, le LABEX \u2211-LIM s\u2019appuie sur l\u2019EUR Ceramics &amp; ICT (TACTIC), qui offre une formation d\u2019excellence, int\u00e9grant des cours interdisciplinaires et approfondis dans les domaines de la c\u00e9ramique et des technologies de l&rsquo;information et de la communication.<\/h4>\n        <\/div>\n                <\/div>\n        <\/div>\n            <\/div>\n                  <\/div>\n                <div class=\"container-fluid bg-primary \" style=\"\">\n                      <div class=\"container\">\n                <div class=\"row \" style=\"margin-top: 0px;margin-bottom: 30px\">        <div class=\"col-sm-4 clearfix \">\n                    <\/div>\n                <div class=\"col-sm-4 clearfix \">\n                    <div class=\"ul-element-image \">\n            <a href=\"https:\/\/www.sciences.unilim.fr\/2020\/03\/31\/ceramics-ict-graduate-school\/\" target=\"\"  rel=\"\">\n                <img decoding=\"async\" class=\"img-responsive\" src=\"https:\/\/www.unilim.fr\/labex_sigmalim\/wp-content\/uploads\/sites\/8\/2021\/03\/Logo-CeramicsICT-RVB-500X250-TexVec_Blanc.png\"\/>\n            <\/a>\n        <\/div>\n                <div class=\"ul-element-image \">\n            <a href=\"https:\/\/www.sciences.unilim.fr\/2020\/03\/31\/ceramics-ict-graduate-school\/\" target=\"\"  rel=\"\">\n                <img decoding=\"async\" class=\"img-responsive\" src=\"https:\/\/www.unilim.fr\/labex_sigmalim\/wp-content\/uploads\/sites\/8\/2021\/03\/Plus_site_labex.png\"\/>\n            <\/a>\n        <\/div>\n                <\/div>\n                <div class=\"col-sm-4 clearfix \">\n                    <\/div>\n        <\/div>\n            <\/div>\n                  <\/div>\n        \n","protected":false},"excerpt":{"rendered":"","protected":false},"author":194,"featured_media":0,"parent":0,"menu_order":0,"comment_status":"closed","ping_status":"closed","template":"page-le.php","meta":{"footnotes":""},"class_list":["post-589","page","type-page","status-publish","hentry"],"yoast_head":"<!-- This site is optimized with the Yoast SEO plugin v26.5 - https:\/\/yoast.com\/wordpress\/plugins\/seo\/ -->\n<title>Formation - Laboratoire d&#039;Excellence \u2211-LIM<\/title>\n<meta name=\"robots\" content=\"index, follow, max-snippet:-1, max-image-preview:large, max-video-preview:-1\" \/>\n<link rel=\"canonical\" href=\"https:\/\/www.unilim.fr\/labex_sigmalim\/formation\/\" \/>\n<meta property=\"og:locale\" content=\"fr_FR\" \/>\n<meta property=\"og:type\" content=\"article\" \/>\n<meta property=\"og:title\" content=\"Formation - Laboratoire d&#039;Excellence \u2211-LIM\" \/>\n<meta property=\"og:url\" content=\"https:\/\/www.unilim.fr\/labex_sigmalim\/formation\/\" \/>\n<meta property=\"og:site_name\" content=\"Laboratoire d&#039;Excellence \u2211-LIM\" \/>\n<meta property=\"article:modified_time\" content=\"2021-04-08T06:24:25+00:00\" \/>\n<meta name=\"twitter:card\" content=\"summary_large_image\" \/>\n<meta name=\"twitter:label1\" content=\"Dur\u00e9e de lecture estim\u00e9e\" \/>\n\t<meta name=\"twitter:data1\" content=\"2 minutes\" \/>\n<script type=\"application\/ld+json\" class=\"yoast-schema-graph\">{\"@context\":\"https:\/\/schema.org\",\"@graph\":[{\"@type\":\"WebPage\",\"@id\":\"https:\/\/www.unilim.fr\/labex_sigmalim\/formation\/\",\"url\":\"https:\/\/www.unilim.fr\/labex_sigmalim\/formation\/\",\"name\":\"Formation - Laboratoire d&#039;Excellence \u2211-LIM\",\"isPartOf\":{\"@id\":\"https:\/\/www.unilim.fr\/labex_sigmalim\/#website\"},\"datePublished\":\"2021-01-25T16:45:35+00:00\",\"dateModified\":\"2021-04-08T06:24:25+00:00\",\"breadcrumb\":{\"@id\":\"https:\/\/www.unilim.fr\/labex_sigmalim\/formation\/#breadcrumb\"},\"inLanguage\":\"fr-FR\",\"potentialAction\":[{\"@type\":\"ReadAction\",\"target\":[\"https:\/\/www.unilim.fr\/labex_sigmalim\/formation\/\"]}]},{\"@type\":\"BreadcrumbList\",\"@id\":\"https:\/\/www.unilim.fr\/labex_sigmalim\/formation\/#breadcrumb\",\"itemListElement\":[{\"@type\":\"ListItem\",\"position\":1,\"name\":\"Accueil\",\"item\":\"https:\/\/www.unilim.fr\/labex_sigmalim\/\"},{\"@type\":\"ListItem\",\"position\":2,\"name\":\"Formation\"}]},{\"@type\":\"WebSite\",\"@id\":\"https:\/\/www.unilim.fr\/labex_sigmalim\/#website\",\"url\":\"https:\/\/www.unilim.fr\/labex_sigmalim\/\",\"name\":\"Laboratoire d&#039;Excellence \u2211-LIM\",\"description\":\"Des mat\u00e9riaux et composants c\u00e9ramiques sp\u00e9cifiques aux syst\u00e8mes communicants int\u00e9gr\u00e9s, s\u00e9curis\u00e9s, et intelligents \",\"potentialAction\":[{\"@type\":\"SearchAction\",\"target\":{\"@type\":\"EntryPoint\",\"urlTemplate\":\"https:\/\/www.unilim.fr\/labex_sigmalim\/?s={search_term_string}\"},\"query-input\":{\"@type\":\"PropertyValueSpecification\",\"valueRequired\":true,\"valueName\":\"search_term_string\"}}],\"inLanguage\":\"fr-FR\"}]}<\/script>\n<!-- \/ Yoast SEO plugin. -->","yoast_head_json":{"title":"Formation - Laboratoire d&#039;Excellence \u2211-LIM","robots":{"index":"index","follow":"follow","max-snippet":"max-snippet:-1","max-image-preview":"max-image-preview:large","max-video-preview":"max-video-preview:-1"},"canonical":"https:\/\/www.unilim.fr\/labex_sigmalim\/formation\/","og_locale":"fr_FR","og_type":"article","og_title":"Formation - Laboratoire d&#039;Excellence \u2211-LIM","og_url":"https:\/\/www.unilim.fr\/labex_sigmalim\/formation\/","og_site_name":"Laboratoire d&#039;Excellence \u2211-LIM","article_modified_time":"2021-04-08T06:24:25+00:00","twitter_card":"summary_large_image","twitter_misc":{"Dur\u00e9e de lecture estim\u00e9e":"2 minutes"},"schema":{"@context":"https:\/\/schema.org","@graph":[{"@type":"WebPage","@id":"https:\/\/www.unilim.fr\/labex_sigmalim\/formation\/","url":"https:\/\/www.unilim.fr\/labex_sigmalim\/formation\/","name":"Formation - Laboratoire d&#039;Excellence \u2211-LIM","isPartOf":{"@id":"https:\/\/www.unilim.fr\/labex_sigmalim\/#website"},"datePublished":"2021-01-25T16:45:35+00:00","dateModified":"2021-04-08T06:24:25+00:00","breadcrumb":{"@id":"https:\/\/www.unilim.fr\/labex_sigmalim\/formation\/#breadcrumb"},"inLanguage":"fr-FR","potentialAction":[{"@type":"ReadAction","target":["https:\/\/www.unilim.fr\/labex_sigmalim\/formation\/"]}]},{"@type":"BreadcrumbList","@id":"https:\/\/www.unilim.fr\/labex_sigmalim\/formation\/#breadcrumb","itemListElement":[{"@type":"ListItem","position":1,"name":"Accueil","item":"https:\/\/www.unilim.fr\/labex_sigmalim\/"},{"@type":"ListItem","position":2,"name":"Formation"}]},{"@type":"WebSite","@id":"https:\/\/www.unilim.fr\/labex_sigmalim\/#website","url":"https:\/\/www.unilim.fr\/labex_sigmalim\/","name":"Laboratoire d&#039;Excellence \u2211-LIM","description":"Des mat\u00e9riaux et composants c\u00e9ramiques sp\u00e9cifiques aux syst\u00e8mes communicants int\u00e9gr\u00e9s, s\u00e9curis\u00e9s, et intelligents ","potentialAction":[{"@type":"SearchAction","target":{"@type":"EntryPoint","urlTemplate":"https:\/\/www.unilim.fr\/labex_sigmalim\/?s={search_term_string}"},"query-input":{"@type":"PropertyValueSpecification","valueRequired":true,"valueName":"search_term_string"}}],"inLanguage":"fr-FR"}]}},"_links":{"self":[{"href":"https:\/\/www.unilim.fr\/labex_sigmalim\/wp-json\/wp\/v2\/pages\/589","targetHints":{"allow":["GET"]}}],"collection":[{"href":"https:\/\/www.unilim.fr\/labex_sigmalim\/wp-json\/wp\/v2\/pages"}],"about":[{"href":"https:\/\/www.unilim.fr\/labex_sigmalim\/wp-json\/wp\/v2\/types\/page"}],"author":[{"embeddable":true,"href":"https:\/\/www.unilim.fr\/labex_sigmalim\/wp-json\/wp\/v2\/users\/194"}],"replies":[{"embeddable":true,"href":"https:\/\/www.unilim.fr\/labex_sigmalim\/wp-json\/wp\/v2\/comments?post=589"}],"version-history":[{"count":0,"href":"https:\/\/www.unilim.fr\/labex_sigmalim\/wp-json\/wp\/v2\/pages\/589\/revisions"}],"wp:attachment":[{"href":"https:\/\/www.unilim.fr\/labex_sigmalim\/wp-json\/wp\/v2\/media?parent=589"}],"curies":[{"name":"wp","href":"https:\/\/api.w.org\/{rel}","templated":true}]}}