{"id":5,"date":"2021-04-07T22:00:00","date_gmt":"1970-01-01T00:00:00","guid":{"rendered":"http:\/\/dev-divers.unilim.fr\/labex_sigmalim\/mentions-legales\/"},"modified":"2021-04-08T06:21:26","modified_gmt":"2021-04-08T06:21:26","slug":"mentions-legales","status":"publish","type":"page","link":"https:\/\/www.unilim.fr\/labex_sigmalim\/mentions-legales\/","title":{"rendered":"Mentions l\u00e9gales"},"content":{"rendered":"        <div class=\"container-fluid  \" style=\"\">\n                      <div class=\"container\">\n                <div class=\"row \" style=\"margin-top: 0px;margin-bottom: 0px\">        <div class=\"col-md-12 clearfix \">\n                    <div class=\"clearfix ul-element-text \">\n            \n<p>&nbsp;<\/p>\n        <\/div>\n        \n        \n        <div class=\"ul-element-header text-left  \">\n\n            <h3 class=\"ul-bold  transparent\" style=\"padding:10px;\">\n                                Editeur, responsable de la publication                            <\/h3>\n        <\/div>\n                <div class=\"clearfix ul-element-text \">\n            \n<p>Ce site web est le site officiel du&nbsp; LABEX \u2211-LIM.<\/p>\n        <\/div>\n        \n        \n        <div class=\"ul-element-header text-left  \">\n\n            <h3 class=\"ul-bold  transparent\" style=\"padding:10px;\">\n                                Directeur de publication                            <\/h3>\n        <\/div>\n                <div class=\"clearfix ul-element-text \">\n            \n<p>Isabelle Klock-Fontanille, Pr\u00e9sidente de l\u2019Universit\u00e9.<br \/>Contact : <a href=\"mailto:presidence@unilim.fr\">presidence@unilim.fr<\/a><\/p>\n        <\/div>\n        \n        \n        <div class=\"ul-element-header text-left  \">\n\n            <h3 class=\"ul-bold  transparent\" style=\"padding:10px;\">\n                                Responsabilit\u00e9 \u00e9ditoriale                            <\/h3>\n        <\/div>\n                <div class=\"clearfix ul-element-text \">\n            \n<p>Thierry Chartier, Directeur du LABEX \u2211-LIM<br \/>Contact : <a href=\"mailto:thierry.chartier@unilim.fr\">thierry.chartier@unilim.fr<\/a><\/p>\n<p><\/p>\n        <\/div>\n        \n        \n        <div class=\"ul-element-header text-left  \">\n\n            <h3 class=\"ul-bold  transparent\" style=\"padding:10px;\">\n                                R\u00e9alisation                            <\/h3>\n        <\/div>\n                <div class=\"clearfix ul-element-text \">\n            \n<p>DSI (Direction du Syst\u00e8me d\u2019Information)<\/p>\n<p>Service Communication du LABEX \u2211-LIM<\/p>\n        <\/div>\n        \n        \n        <div class=\"ul-element-header text-left  \">\n\n            <h3 class=\"ul-bold  transparent\" style=\"padding:10px;\">\n                                Cr\u00e9dits photographiques                            <\/h3>\n        <\/div>\n                <div class=\"clearfix ul-element-text \">\n            \n<p><em><strong>\u00a9IRCER<br \/><\/strong><\/em><em><strong><\/strong><\/em><\/p>\n<p><em><strong>\u00a9XLIM<\/strong><\/em><\/p>\n<p><em><strong>\u00a9Ana\u00eblle Le Roy &#8211; AlphaRLH &#8211; XLIM<br \/><\/strong><\/em><\/p>\n<p><em><strong>\u00a9Jean-Christophe Dupuy &#8211; XLIM<br \/><\/strong><\/em><\/p>\n<p><em><strong>\u00a9Jean-Claude MOSCHETTI &#8211; IRCER &#8211; CNRS Phototh\u00e8que<\/strong><\/em><\/p>\n<p>\u00a9P. Lauren\u00e7on &#8211; IRCER<\/p>\n        <\/div>\n        \n        \n        <div class=\"ul-element-header text-left  \">\n\n            <h3 class=\"ul-bold  transparent\" style=\"padding:10px;\">\n                                H\u00e9bergeur                            <\/h3>\n        <\/div>\n                <div class=\"clearfix ul-element-text \">\n            \n<p><strong>Direction du Syst\u00e8me d\u2019Information de l\u2019Universit\u00e9 de Limoges<br \/><\/strong>123 Av. Albert Thomas<br \/>87060 Limoges Cedex<br \/><strong>T\u00e9l<\/strong> : 05 55 45 75 75<br \/><strong>Fax :<\/strong> 05 55 45 75 95<br \/><strong>Courriel :<\/strong> <a href=\"mailto:webmaster@unilim.fr\" title=\"webmaster@unilim.fr\">webmaster@unilim.fr<\/a><\/p>\n        <\/div>\n        \n        \n        <div class=\"ul-element-header text-left  \">\n\n            <h3 class=\"ul-bold  transparent\" style=\"padding:10px;\">\n                                Acc\u00e8s au site                            <\/h3>\n        <\/div>\n                <div class=\"clearfix ul-element-text \">\n            \n<p style=\"text-align: justify\">L\u2019utilisateur du site internet :&nbsp;<a href=\"http:\/\/www.unilim.fr\/labex_sigmalim\/\">www.unilim.fr\/labex_sigmalim\/<\/a> reconna\u00eet disposer de la comp\u00e9tence et des moyens n\u00e9cessaires pour acc\u00e9der et utiliser ce site internet.<\/p>\n        <\/div>\n        \n        \n        <div class=\"ul-element-header text-left  \">\n\n            <h3 class=\"ul-bold  transparent\" style=\"padding:10px;\">\n                                Droit d\u2019auteur \u2013 Copyright                            <\/h3>\n        <\/div>\n                <div class=\"clearfix ul-element-text \">\n            \n<p style=\"text-align: justify\">L\u2019ensemble de ce site rel\u00e8ve de la l\u00e9gislation fran\u00e7aise et internationale sur le droit d\u2019auteur et la propri\u00e9t\u00e9 intellectuelle. Tous les droits de reproduction sont r\u00e9serv\u00e9s, y compris pour les documents t\u00e9l\u00e9chargeables et les repr\u00e9sentations iconographiques et photographiques. La reproduction de tout ou partie de ce site sur un support \u00e9lectronique quel qu\u2019il soit est formellement interdite sauf autorisation expresse du Pr\u00e9sident de l\u2019universit\u00e9 qui est \u00e9galement directeur de publication. Vous pouvez \u00e9crire au Service Communication qui se chargera de transmettre votre demande et vous fera part de la r\u00e9ponse du directeur de publication.<\/p>\n<p style=\"text-align: justify\">La reproduction des textes de ce site sur un support papier est autoris\u00e9e, tout particuli\u00e8rement dans le cadre p\u00e9dagogique, sous r\u00e9serve du respect des trois conditions suivantes :<\/p>\n<ul style=\"text-align: justify\">\n<li>gratuit\u00e9 de la diffusion,<\/li>\n<li>respect de l\u2019int\u00e9grit\u00e9 des documents reproduits : pas de modification ni alt\u00e9ration d\u2019aucune sorte,<\/li>\n<li>citation claire et lisible de la source sous la forme suivante, par exemple : \u00ab&nbsp;ce document provient du site internet : <a href=\"http:\/\/www.unilim.fr\/labex_sigmalim\/\">www.unilim.fr\/labex_sigmalim\/<\/a>. Les droits de reproduction sont r\u00e9serv\u00e9s et strictement limit\u00e9s&nbsp;\u00bb. L\u2019adresse internet du site du LABEX \u2211-LIM doit imp\u00e9rativement figurer dans la r\u00e9f\u00e9rence.<\/li>\n<\/ul>\n<p style=\"text-align: justify\">Pour d\u2019autres utilisations, veuillez nous consulter.<\/p>\n<p style=\"text-align: justify\">Les liens hypertextes mis en place dans le cadre du pr\u00e9sent site web en direction d\u2019autres ressources pr\u00e9sentes sur le r\u00e9seau internet, ne sauraient engager la responsabilit\u00e9 de l\u2019Universit\u00e9 de Limoges.<\/p>\n<p style=\"text-align: justify\">Les utilisateurs et visiteurs du site web ne peuvent mettre en place un hyperlien en direction de ce site sans l\u2019autorisation \u00e9crite expresse et pr\u00e9alable du Directeur du LABEX. Pour cela merci d\u2019adresser un mail \u00e0&nbsp;<a href=\"mailto:sigma-lim@unilim.fr\">sigma-lim@unilim.fr.<\/a><\/p>\n        <\/div>\n        \n        \n        <div class=\"ul-element-header text-left  \">\n\n            <h3 class=\"ul-bold  transparent\" style=\"padding:10px;\">\n                                Publications \u2013 Actualit\u00e9s                            <\/h3>\n        <\/div>\n                <div class=\"clearfix ul-element-text \">\n            \n<p style=\"text-align: justify\">Le<em><strong>&nbsp;<\/strong><\/em>LABEX \u2211-LIM met \u00e0 disposition des utilisateurs du site web <em><strong><a href=\"http:\/\/www.unilim.fr\/labex_sigmalim\/\">www.unilim.fr\/labex_sigmalim\/<\/a> <\/strong><\/em>des informations et outils disponibles et v\u00e9rifi\u00e9s, mais il ne saurait \u00eatre tenu pour responsable des erreurs ou de l\u2019indisponibilit\u00e9 de certaines informations.<\/p>\n<p>Nous remercions les utilisateurs du site de nous faire part d\u2019\u00e9ventuelles omissions, erreurs ou corrections \u00e0 apporter, en adressant un courriel au webmestre du site \u00e0 l\u2019adresse <a href=\"mailto:sigma-lim@unilim.fr\">sigma-lim@unilim.fr<\/a>.<\/p>\n        <\/div>\n        \n        \n        <div class=\"ul-element-header text-left  \">\n\n            <h3 class=\"ul-bold  transparent\" style=\"padding:10px;\">\n                                Contenu du site                            <\/h3>\n        <\/div>\n                <div class=\"clearfix ul-element-text \">\n            \n<p style=\"text-align: justify\">Les documents diffus\u00e9s en version \u00e9lectronique sur ce site peuvent avoir fait l\u2019objet de mises \u00e0 jour entre le moment o\u00f9 vous les avez t\u00e9l\u00e9charg\u00e9s et celui o\u00f9 vous en prenez connaissance. En cons\u00e9quence, nous vous recommandons d\u2019en v\u00e9rifier la validit\u00e9.<\/p>\n        <\/div>\n                <\/div>\n        <\/div>\n            <\/div>\n                  <\/div>\n        \n","protected":false},"excerpt":{"rendered":"","protected":false},"author":1,"featured_media":0,"parent":0,"menu_order":0,"comment_status":"open","ping_status":"open","template":"page-le.php","meta":{"footnotes":""},"class_list":["post-5","page","type-page","status-publish","hentry"],"yoast_head":"<!-- This site is optimized with the Yoast SEO plugin v26.5 - https:\/\/yoast.com\/wordpress\/plugins\/seo\/ -->\n<title>Mentions l\u00e9gales - Laboratoire d&#039;Excellence \u2211-LIM<\/title>\n<meta name=\"robots\" content=\"index, follow, max-snippet:-1, max-image-preview:large, max-video-preview:-1\" \/>\n<link rel=\"canonical\" href=\"https:\/\/www.unilim.fr\/labex_sigmalim\/mentions-legales\/\" \/>\n<meta property=\"og:locale\" content=\"fr_FR\" \/>\n<meta property=\"og:type\" content=\"article\" \/>\n<meta property=\"og:title\" content=\"Mentions l\u00e9gales - Laboratoire d&#039;Excellence \u2211-LIM\" \/>\n<meta property=\"og:url\" content=\"https:\/\/www.unilim.fr\/labex_sigmalim\/mentions-legales\/\" \/>\n<meta property=\"og:site_name\" content=\"Laboratoire d&#039;Excellence \u2211-LIM\" \/>\n<meta property=\"article:modified_time\" content=\"2021-04-08T06:21:26+00:00\" \/>\n<meta name=\"twitter:card\" content=\"summary_large_image\" \/>\n<meta name=\"twitter:label1\" content=\"Dur\u00e9e de lecture estim\u00e9e\" \/>\n\t<meta name=\"twitter:data1\" content=\"4 minutes\" \/>\n<script type=\"application\/ld+json\" class=\"yoast-schema-graph\">{\"@context\":\"https:\/\/schema.org\",\"@graph\":[{\"@type\":\"WebPage\",\"@id\":\"https:\/\/www.unilim.fr\/labex_sigmalim\/mentions-legales\/\",\"url\":\"https:\/\/www.unilim.fr\/labex_sigmalim\/mentions-legales\/\",\"name\":\"Mentions l\u00e9gales - Laboratoire d&#039;Excellence \u2211-LIM\",\"isPartOf\":{\"@id\":\"https:\/\/www.unilim.fr\/labex_sigmalim\/#website\"},\"datePublished\":\"1970-01-01T00:00:00+00:00\",\"dateModified\":\"2021-04-08T06:21:26+00:00\",\"breadcrumb\":{\"@id\":\"https:\/\/www.unilim.fr\/labex_sigmalim\/mentions-legales\/#breadcrumb\"},\"inLanguage\":\"fr-FR\",\"potentialAction\":[{\"@type\":\"ReadAction\",\"target\":[\"https:\/\/www.unilim.fr\/labex_sigmalim\/mentions-legales\/\"]}]},{\"@type\":\"BreadcrumbList\",\"@id\":\"https:\/\/www.unilim.fr\/labex_sigmalim\/mentions-legales\/#breadcrumb\",\"itemListElement\":[{\"@type\":\"ListItem\",\"position\":1,\"name\":\"Accueil\",\"item\":\"https:\/\/www.unilim.fr\/labex_sigmalim\/\"},{\"@type\":\"ListItem\",\"position\":2,\"name\":\"Mentions l\u00e9gales\"}]},{\"@type\":\"WebSite\",\"@id\":\"https:\/\/www.unilim.fr\/labex_sigmalim\/#website\",\"url\":\"https:\/\/www.unilim.fr\/labex_sigmalim\/\",\"name\":\"Laboratoire d&#039;Excellence \u2211-LIM\",\"description\":\"Des mat\u00e9riaux et composants c\u00e9ramiques sp\u00e9cifiques aux syst\u00e8mes communicants int\u00e9gr\u00e9s, s\u00e9curis\u00e9s, et intelligents \",\"potentialAction\":[{\"@type\":\"SearchAction\",\"target\":{\"@type\":\"EntryPoint\",\"urlTemplate\":\"https:\/\/www.unilim.fr\/labex_sigmalim\/?s={search_term_string}\"},\"query-input\":{\"@type\":\"PropertyValueSpecification\",\"valueRequired\":true,\"valueName\":\"search_term_string\"}}],\"inLanguage\":\"fr-FR\"}]}<\/script>\n<!-- \/ Yoast SEO plugin. -->","yoast_head_json":{"title":"Mentions l\u00e9gales - Laboratoire d&#039;Excellence \u2211-LIM","robots":{"index":"index","follow":"follow","max-snippet":"max-snippet:-1","max-image-preview":"max-image-preview:large","max-video-preview":"max-video-preview:-1"},"canonical":"https:\/\/www.unilim.fr\/labex_sigmalim\/mentions-legales\/","og_locale":"fr_FR","og_type":"article","og_title":"Mentions l\u00e9gales - Laboratoire d&#039;Excellence \u2211-LIM","og_url":"https:\/\/www.unilim.fr\/labex_sigmalim\/mentions-legales\/","og_site_name":"Laboratoire d&#039;Excellence \u2211-LIM","article_modified_time":"2021-04-08T06:21:26+00:00","twitter_card":"summary_large_image","twitter_misc":{"Dur\u00e9e de lecture estim\u00e9e":"4 minutes"},"schema":{"@context":"https:\/\/schema.org","@graph":[{"@type":"WebPage","@id":"https:\/\/www.unilim.fr\/labex_sigmalim\/mentions-legales\/","url":"https:\/\/www.unilim.fr\/labex_sigmalim\/mentions-legales\/","name":"Mentions l\u00e9gales - Laboratoire d&#039;Excellence \u2211-LIM","isPartOf":{"@id":"https:\/\/www.unilim.fr\/labex_sigmalim\/#website"},"datePublished":"1970-01-01T00:00:00+00:00","dateModified":"2021-04-08T06:21:26+00:00","breadcrumb":{"@id":"https:\/\/www.unilim.fr\/labex_sigmalim\/mentions-legales\/#breadcrumb"},"inLanguage":"fr-FR","potentialAction":[{"@type":"ReadAction","target":["https:\/\/www.unilim.fr\/labex_sigmalim\/mentions-legales\/"]}]},{"@type":"BreadcrumbList","@id":"https:\/\/www.unilim.fr\/labex_sigmalim\/mentions-legales\/#breadcrumb","itemListElement":[{"@type":"ListItem","position":1,"name":"Accueil","item":"https:\/\/www.unilim.fr\/labex_sigmalim\/"},{"@type":"ListItem","position":2,"name":"Mentions l\u00e9gales"}]},{"@type":"WebSite","@id":"https:\/\/www.unilim.fr\/labex_sigmalim\/#website","url":"https:\/\/www.unilim.fr\/labex_sigmalim\/","name":"Laboratoire d&#039;Excellence \u2211-LIM","description":"Des mat\u00e9riaux et composants c\u00e9ramiques sp\u00e9cifiques aux syst\u00e8mes communicants int\u00e9gr\u00e9s, s\u00e9curis\u00e9s, et intelligents ","potentialAction":[{"@type":"SearchAction","target":{"@type":"EntryPoint","urlTemplate":"https:\/\/www.unilim.fr\/labex_sigmalim\/?s={search_term_string}"},"query-input":{"@type":"PropertyValueSpecification","valueRequired":true,"valueName":"search_term_string"}}],"inLanguage":"fr-FR"}]}},"_links":{"self":[{"href":"https:\/\/www.unilim.fr\/labex_sigmalim\/wp-json\/wp\/v2\/pages\/5","targetHints":{"allow":["GET"]}}],"collection":[{"href":"https:\/\/www.unilim.fr\/labex_sigmalim\/wp-json\/wp\/v2\/pages"}],"about":[{"href":"https:\/\/www.unilim.fr\/labex_sigmalim\/wp-json\/wp\/v2\/types\/page"}],"author":[{"embeddable":true,"href":"https:\/\/www.unilim.fr\/labex_sigmalim\/wp-json\/wp\/v2\/users\/1"}],"replies":[{"embeddable":true,"href":"https:\/\/www.unilim.fr\/labex_sigmalim\/wp-json\/wp\/v2\/comments?post=5"}],"version-history":[{"count":0,"href":"https:\/\/www.unilim.fr\/labex_sigmalim\/wp-json\/wp\/v2\/pages\/5\/revisions"}],"wp:attachment":[{"href":"https:\/\/www.unilim.fr\/labex_sigmalim\/wp-json\/wp\/v2\/media?parent=5"}],"curies":[{"name":"wp","href":"https:\/\/api.w.org\/{rel}","templated":true}]}}