{"id":1553,"date":"2021-09-28T16:52:27","date_gmt":"2021-09-28T16:52:27","guid":{"rendered":"http:\/\/www.unilim.fr\/labex_sigmalim\/?page_id=1553"},"modified":"2021-09-28T16:52:27","modified_gmt":"2021-09-28T16:52:27","slug":"journee-labex-entreprises-energie-le-replay","status":"publish","type":"page","link":"https:\/\/www.unilim.fr\/labex_sigmalim\/journee-labex-entreprises-energie-le-replay\/","title":{"rendered":"Journ\u00e9e LABEX \/ Entreprises Energie : le replay"},"content":{"rendered":"<p style=\"text-align: center\">Revivez les tables rondes :<\/p>\n<div style=\"text-align: center\" align=\"center\"><strong>Table ronde 1 &#8211; Intensification \u00e9nerg\u00e9tique : performance versus efficacit\u00e9 ?<u><\/u><\/strong><\/div>\n<p style=\"text-align: center\">&lt;<iframe loading=\"lazy\" src=\"https:\/\/mediaserver.unilim.fr\/permalink\/v1261b930f4bdpv2lgzn\/iframe\/\" width=\"720\" height=\"530\"><\/iframe><\/p>\n<div style=\"text-align: center\" align=\"center\"><strong>Table ronde 2 &#8211; \u00c9nergie &amp; IOT : quelles technologies de capteurs pour quelle transition \u00e9nerg\u00e9tique ?<\/strong><\/div>\n<p style=\"text-align: center\"><iframe loading=\"lazy\" src=\"https:\/\/mediaserver.unilim.fr\/permalink\/v1261b9314c467dxxmb0\/iframe\/\" width=\"720\" height=\"530\"><span style=\"width: 0px;overflow: hidden;line-height: 0\" class=\"mce_SELRES_start\">\ufeff<\/span><\/iframe><\/p>\n<div style=\"text-align: center\" align=\"center\"><\/div>\n<div style=\"text-align: center\">\n<div align=\"center\"><strong>Table Ronde 3 &#8211; \u00c9nergies d\u00e9carbon\u00e9es : quels enjeux d&rsquo;avenir pour la production, le stockage et la distribution ?<\/strong><\/div>\n<\/div>\n<p style=\"text-align: center\"><iframe loading=\"lazy\" src=\"https:\/\/mediaserver.unilim.fr\/permalink\/v1261b931a0430o5v37k\/iframe\/\" width=\"720\" height=\"530\"><\/iframe><\/p>\n","protected":false},"excerpt":{"rendered":"<p>Revivez les tables rondes : Table ronde 1 &#8211; Intensification \u00e9nerg\u00e9tique : performance versus efficacit\u00e9 ? &lt; Table ronde 2 &#8211; \u00c9nergie &amp; IOT : quelles technologies de capteurs pour quelle transition \u00e9nerg\u00e9tique ? \ufeff Table Ronde 3 &#8211; \u00c9nergies d\u00e9carbon\u00e9es : quels enjeux d&rsquo;avenir pour la production, le stockage et la distribution ?<\/p>\n","protected":false},"author":194,"featured_media":0,"parent":0,"menu_order":0,"comment_status":"closed","ping_status":"closed","template":"","meta":{"footnotes":""},"class_list":["post-1553","page","type-page","status-publish","hentry"],"yoast_head":"<!-- This site is optimized with the Yoast SEO plugin v26.5 - https:\/\/yoast.com\/wordpress\/plugins\/seo\/ -->\n<title>Journ\u00e9e LABEX \/ Entreprises Energie : le replay - Laboratoire d&#039;Excellence \u2211-LIM<\/title>\n<meta name=\"robots\" content=\"index, follow, max-snippet:-1, max-image-preview:large, max-video-preview:-1\" \/>\n<link rel=\"canonical\" href=\"https:\/\/www.unilim.fr\/labex_sigmalim\/journee-labex-entreprises-energie-le-replay\/\" \/>\n<meta property=\"og:locale\" content=\"fr_FR\" \/>\n<meta property=\"og:type\" content=\"article\" \/>\n<meta property=\"og:title\" content=\"Journ\u00e9e LABEX \/ Entreprises Energie : le replay - Laboratoire d&#039;Excellence \u2211-LIM\" \/>\n<meta property=\"og:description\" content=\"Revivez les tables rondes : Table ronde 1 &#8211; Intensification \u00e9nerg\u00e9tique : performance versus efficacit\u00e9 ? &lt; Table ronde 2 &#8211; \u00c9nergie &amp; IOT : quelles technologies de capteurs pour quelle transition \u00e9nerg\u00e9tique ? \ufeff Table Ronde 3 &#8211; \u00c9nergies d\u00e9carbon\u00e9es : quels enjeux d&rsquo;avenir pour la production, le stockage et la distribution ?\" \/>\n<meta property=\"og:url\" content=\"https:\/\/www.unilim.fr\/labex_sigmalim\/journee-labex-entreprises-energie-le-replay\/\" \/>\n<meta property=\"og:site_name\" content=\"Laboratoire d&#039;Excellence \u2211-LIM\" \/>\n<meta name=\"twitter:card\" content=\"summary_large_image\" \/>\n<script type=\"application\/ld+json\" class=\"yoast-schema-graph\">{\"@context\":\"https:\/\/schema.org\",\"@graph\":[{\"@type\":\"WebPage\",\"@id\":\"https:\/\/www.unilim.fr\/labex_sigmalim\/journee-labex-entreprises-energie-le-replay\/\",\"url\":\"https:\/\/www.unilim.fr\/labex_sigmalim\/journee-labex-entreprises-energie-le-replay\/\",\"name\":\"Journ\u00e9e LABEX \/ Entreprises Energie : le replay - Laboratoire d&#039;Excellence \u2211-LIM\",\"isPartOf\":{\"@id\":\"https:\/\/www.unilim.fr\/labex_sigmalim\/#website\"},\"datePublished\":\"2021-09-28T16:52:27+00:00\",\"breadcrumb\":{\"@id\":\"https:\/\/www.unilim.fr\/labex_sigmalim\/journee-labex-entreprises-energie-le-replay\/#breadcrumb\"},\"inLanguage\":\"fr-FR\",\"potentialAction\":[{\"@type\":\"ReadAction\",\"target\":[\"https:\/\/www.unilim.fr\/labex_sigmalim\/journee-labex-entreprises-energie-le-replay\/\"]}]},{\"@type\":\"BreadcrumbList\",\"@id\":\"https:\/\/www.unilim.fr\/labex_sigmalim\/journee-labex-entreprises-energie-le-replay\/#breadcrumb\",\"itemListElement\":[{\"@type\":\"ListItem\",\"position\":1,\"name\":\"Accueil\",\"item\":\"https:\/\/www.unilim.fr\/labex_sigmalim\/\"},{\"@type\":\"ListItem\",\"position\":2,\"name\":\"Journ\u00e9e LABEX \/ Entreprises Energie : le replay\"}]},{\"@type\":\"WebSite\",\"@id\":\"https:\/\/www.unilim.fr\/labex_sigmalim\/#website\",\"url\":\"https:\/\/www.unilim.fr\/labex_sigmalim\/\",\"name\":\"Laboratoire d&#039;Excellence \u2211-LIM\",\"description\":\"Des mat\u00e9riaux et composants c\u00e9ramiques sp\u00e9cifiques aux syst\u00e8mes communicants int\u00e9gr\u00e9s, s\u00e9curis\u00e9s, et intelligents \",\"potentialAction\":[{\"@type\":\"SearchAction\",\"target\":{\"@type\":\"EntryPoint\",\"urlTemplate\":\"https:\/\/www.unilim.fr\/labex_sigmalim\/?s={search_term_string}\"},\"query-input\":{\"@type\":\"PropertyValueSpecification\",\"valueRequired\":true,\"valueName\":\"search_term_string\"}}],\"inLanguage\":\"fr-FR\"}]}<\/script>\n<!-- \/ Yoast SEO plugin. -->","yoast_head_json":{"title":"Journ\u00e9e LABEX \/ Entreprises Energie : le replay - Laboratoire d&#039;Excellence \u2211-LIM","robots":{"index":"index","follow":"follow","max-snippet":"max-snippet:-1","max-image-preview":"max-image-preview:large","max-video-preview":"max-video-preview:-1"},"canonical":"https:\/\/www.unilim.fr\/labex_sigmalim\/journee-labex-entreprises-energie-le-replay\/","og_locale":"fr_FR","og_type":"article","og_title":"Journ\u00e9e LABEX \/ Entreprises Energie : le replay - Laboratoire d&#039;Excellence \u2211-LIM","og_description":"Revivez les tables rondes : Table ronde 1 &#8211; Intensification \u00e9nerg\u00e9tique : performance versus efficacit\u00e9 ? &lt; Table ronde 2 &#8211; \u00c9nergie &amp; IOT : quelles technologies de capteurs pour quelle transition \u00e9nerg\u00e9tique ? \ufeff Table Ronde 3 &#8211; \u00c9nergies d\u00e9carbon\u00e9es : quels enjeux d&rsquo;avenir pour la production, le stockage et la distribution ?","og_url":"https:\/\/www.unilim.fr\/labex_sigmalim\/journee-labex-entreprises-energie-le-replay\/","og_site_name":"Laboratoire d&#039;Excellence \u2211-LIM","twitter_card":"summary_large_image","schema":{"@context":"https:\/\/schema.org","@graph":[{"@type":"WebPage","@id":"https:\/\/www.unilim.fr\/labex_sigmalim\/journee-labex-entreprises-energie-le-replay\/","url":"https:\/\/www.unilim.fr\/labex_sigmalim\/journee-labex-entreprises-energie-le-replay\/","name":"Journ\u00e9e LABEX \/ Entreprises Energie : le replay - Laboratoire d&#039;Excellence \u2211-LIM","isPartOf":{"@id":"https:\/\/www.unilim.fr\/labex_sigmalim\/#website"},"datePublished":"2021-09-28T16:52:27+00:00","breadcrumb":{"@id":"https:\/\/www.unilim.fr\/labex_sigmalim\/journee-labex-entreprises-energie-le-replay\/#breadcrumb"},"inLanguage":"fr-FR","potentialAction":[{"@type":"ReadAction","target":["https:\/\/www.unilim.fr\/labex_sigmalim\/journee-labex-entreprises-energie-le-replay\/"]}]},{"@type":"BreadcrumbList","@id":"https:\/\/www.unilim.fr\/labex_sigmalim\/journee-labex-entreprises-energie-le-replay\/#breadcrumb","itemListElement":[{"@type":"ListItem","position":1,"name":"Accueil","item":"https:\/\/www.unilim.fr\/labex_sigmalim\/"},{"@type":"ListItem","position":2,"name":"Journ\u00e9e LABEX \/ Entreprises Energie : le replay"}]},{"@type":"WebSite","@id":"https:\/\/www.unilim.fr\/labex_sigmalim\/#website","url":"https:\/\/www.unilim.fr\/labex_sigmalim\/","name":"Laboratoire d&#039;Excellence \u2211-LIM","description":"Des mat\u00e9riaux et composants c\u00e9ramiques sp\u00e9cifiques aux syst\u00e8mes communicants int\u00e9gr\u00e9s, s\u00e9curis\u00e9s, et intelligents ","potentialAction":[{"@type":"SearchAction","target":{"@type":"EntryPoint","urlTemplate":"https:\/\/www.unilim.fr\/labex_sigmalim\/?s={search_term_string}"},"query-input":{"@type":"PropertyValueSpecification","valueRequired":true,"valueName":"search_term_string"}}],"inLanguage":"fr-FR"}]}},"_links":{"self":[{"href":"https:\/\/www.unilim.fr\/labex_sigmalim\/wp-json\/wp\/v2\/pages\/1553","targetHints":{"allow":["GET"]}}],"collection":[{"href":"https:\/\/www.unilim.fr\/labex_sigmalim\/wp-json\/wp\/v2\/pages"}],"about":[{"href":"https:\/\/www.unilim.fr\/labex_sigmalim\/wp-json\/wp\/v2\/types\/page"}],"author":[{"embeddable":true,"href":"https:\/\/www.unilim.fr\/labex_sigmalim\/wp-json\/wp\/v2\/users\/194"}],"replies":[{"embeddable":true,"href":"https:\/\/www.unilim.fr\/labex_sigmalim\/wp-json\/wp\/v2\/comments?post=1553"}],"version-history":[{"count":0,"href":"https:\/\/www.unilim.fr\/labex_sigmalim\/wp-json\/wp\/v2\/pages\/1553\/revisions"}],"wp:attachment":[{"href":"https:\/\/www.unilim.fr\/labex_sigmalim\/wp-json\/wp\/v2\/media?parent=1553"}],"curies":[{"name":"wp","href":"https:\/\/api.w.org\/{rel}","templated":true}]}}