{"id":1222,"date":"2021-04-06T22:00:00","date_gmt":"2021-01-25T16:54:26","guid":{"rendered":"http:\/\/www.unilim.fr\/labex_sigmalim\/governance\/conseil-scientifique\/"},"modified":"2021-04-09T07:31:26","modified_gmt":"2021-04-09T07:31:26","slug":"scientific-committee","status":"publish","type":"page","link":"https:\/\/www.unilim.fr\/labex_sigmalim\/governance\/scientific-committee\/?lang=en","title":{"rendered":"Scientific Committee"},"content":{"rendered":"        <div class=\"container-fluid  \" style=\"\">\n                      <div class=\"container\">\n                <div class=\"row \" style=\"margin-top: 30px;margin-bottom: 30px\">        <div class=\"col-md-12 clearfix \">\n            \n        \n        <div class=\"ul-element-header text-left  \">\n\n            <h2 class=\"ul-bold  \" style=\"\">\n                                Scientific Committee                            <\/h2>\n        <\/div>\n                <div class=\"clearfix ul-element-text \">\n            \n<p>The Scientific Committee meets annually and provides an external expertise on the activities of the LABEX. It evaluates the level of the research compared to the international state of art. It proposes recommendations and strategic orientations for research in the concerned fields, it checks the scientific productivity and contributes to the follow-up of the LABEX.<\/p>\n<p>The Scientific Council chaired by Christian Person (IMT Atlantic, France) is composed of external scientific members:<\/p>\n<ul>\n<li>4 international leaders in academic research related to the LABEX research areas,<\/li>\n<li>4 industry professionals (THALES, Ariane Group, Horiba Scientific, SAFRAN\u2026), internationally recognized for their excellence and expertise in the LABEX research areas,<\/li>\n<\/ul>\n<ul>\n<li>2 directors of LABEX :&nbsp;<a href=\"https:\/\/first-tf.fr\/\">First TF<\/a> (IDF) et&nbsp;<a href=\"http:\/\/www.labex-emc3.fr\/\">EMC3<\/a> (Caen)<\/li>\n<li>1 representative of University of Limoges, 1 of University of Poitiers and 2 of CNRS<\/li>\n<li>2 invited members: Alexandre Legris, Deputy Scientific Director INC and Laurent Nicolas, Deputy Scientific Director INSIS<\/li>\n<\/ul>\n        <\/div>\n                <\/div>\n        <\/div>\n            <\/div>\n                  <\/div>\n                <div class=\"container-fluid bg-primary \" style=\"\">\n                      <div class=\"container\">\n                <div class=\"row \" style=\"margin-top: 30px;margin-bottom: 0px\">        <div class=\"col-sm-12 clearfix \">\n            \n        \n        <div class=\"ul-element-header text-left  \">\n\n            <h3 class=\"ul-bold text-dark \" style=\"\">\n                                    <i class=\"fa fa-fw fa-arrow-right\"><\/i>\n                                Chairman of the Scientific Committee                            <\/h3>\n        <\/div>\n                <\/div>\n        <\/div>\n            <\/div>\n                  <\/div>\n                <div class=\"container-fluid bg-primary \" style=\"\">\n                      <div class=\"container\">\n                <div class=\"row \" style=\"margin-top: 10px;margin-bottom: 30px\">        <div class=\"col-sm-3 clearfix \">\n                        <div class=\"ul-element-personne \" style=\"margin: 15px 0; display: table;\">\n                <div style=\"display:table-row\" class=\"element-body\">\n                    <div style=\"display: table-cell; vertical-align: top;\" class=\"element-image\">\n                                                            <img decoding=\"async\" src=\"https:\/\/www.unilim.fr\/labex_sigmalim\/wp-content\/uploads\/sites\/8\/2021\/02\/Christian-Person.png\" class=\"img pull-left\" style=\"width:80px;height:80px;margin-right:15px;\"\/>\n                                            <\/div>\n                    <div style=\"display: table-cell; vertical-align: top;\" class=\"element-content\">\n                        <h4>Christian Person<\/h4>\n                                                <p>\n                            <span>Interim Director of LabSTICC - Institut Mines-Telecom (IMT) Bretagne<\/span><br\/>                                                                                <\/p>\n                                                <p style=\"white-space:nowrap;\">\n                                                                                                                                                                                                                            <\/p>\n                        <p>\n                                                                                <\/p>\n                    <\/div>\n                <\/div>\n            <\/div>\n                <\/div>\n                <div class=\"col-sm-9 clearfix \">\n                    <div class=\"clearfix ul-element-text \">\n            \n<p style=\"text-align: justify\">Christian Person received his Ph.D. in electronics from the University of Brest, Brest, France in 1994. Since 1991, he has been an assistant professor in the microwave department of the \u00c9cole Nationale Sup\u00e9rieure des T\u00e9l\u00e9communications de Bretagne, Brest, France. In 2003, he became a professor at the Institut T\u00e9l\u00e9com\/Telecom Bretagne, Brest, France, where he is currently conducting research in the \u00ab\u00a0Laboratory of Information and Communication Sciences and Technologies\u00a0\u00bb (Lab-STICC). He is involved in the development of new technologies for microwave and millimeter wave applications and systems. Its activities are particularly focused on the design of passive functions (filters, couplers) and antennas, providing original solutions in terms of synthesis techniques, analysis and optimization procedures as well as technological implementation (foam, plastic, LTCC,..). He is involved in various French and European research programs on SoC\/SiP antennas and reconfigurable structures for smart systems.<\/p>\n        <\/div>\n                <\/div>\n        <\/div>\n            <\/div>\n                  <\/div>\n                <div class=\"container-fluid bg-gray-lighter \" style=\"\">\n                      <div class=\"container\">\n                <div class=\"row \" style=\"margin-top: 30px;margin-bottom: 0px\">        <div class=\"col-sm-12 clearfix \">\n            \n        \n        <div class=\"ul-element-header text-left  \">\n\n            <h3 class=\"ul-bold  \" style=\"\">\n                                    <i class=\"fa fa-fw fa-arrow-right\"><\/i>\n                                Members                            <\/h3>\n        <\/div>\n                <\/div>\n        <\/div>\n            <\/div>\n                  <\/div>\n                <div class=\"container-fluid bg-gray-lighter \" style=\"\">\n                      <div class=\"container\">\n                <div class=\"row \" style=\"margin-top: 0px;margin-bottom: 10px\">        <div class=\"col-sm-3 clearfix \">\n                    <div class=\"clearfix ul-element-text \">\n            \n<h4 class=\"ul-bold\">Herv\u00e9 Maillotte<\/h4>\n<p>Research Director&nbsp; <strong>Femto-ST Institute, Besan\u00e7on<\/strong><\/p>\n        <\/div>\n                <\/div>\n                <div class=\"col-sm-3 clearfix \">\n                    <div class=\"clearfix ul-element-text \">\n            \n<h4 class=\"ul-bold\">Jean Montagne<\/h4>\n<p>Head of Department <strong>Cilas, Orl\u00e9ans<\/strong><\/p>\n        <\/div>\n                <\/div>\n                <div class=\"col-sm-3 clearfix \">\n                    <div class=\"clearfix ul-element-text \">\n            \n<h4 class=\"ul-bold\">Maryline Guilloux-Viry<\/h4>\n<p>Director ScanMAT, Rennes<\/p>\n        <\/div>\n                <\/div>\n                <div class=\"col-sm-3 clearfix \">\n                    <div class=\"clearfix ul-element-text \">\n            \n<h4 class=\"ul-bold\">Jean-Louis Cazaux<\/h4>\n<p>Innovation Manager <strong>Thales Alenia Space, Toulouse<\/strong><\/p>\n        <\/div>\n                <\/div>\n        <\/div>\n            <\/div>\n                  <\/div>\n                <div class=\"container-fluid bg-gray-lighter \" style=\"\">\n                      <div class=\"container\">\n                <div class=\"row \" style=\"margin-top: 0px;margin-bottom: 10px\">        <div class=\"col-sm-3 clearfix \">\n                    <div class=\"clearfix ul-element-text \">\n            \n<h4 class=\"ul-bold\">Jean-Michel Bouler<\/h4>\n<p>Professor <strong>CEISAM UMR CNRS, Nantes<\/strong><\/p>\n        <\/div>\n                <\/div>\n                <div class=\"col-sm-3 clearfix \">\n                    <div class=\"clearfix ul-element-text \">\n            \n<h4 class=\"ul-bold\">Phillipe de Bettignies<\/h4>\n<p>R&amp;D Manager, Raman micro-nano spectroscopy <strong>Horiba Scientific, Palaiseau<\/strong><\/p>\n        <\/div>\n                <\/div>\n                <div class=\"col-sm-3 clearfix \">\n                    <div class=\"clearfix ul-element-text \">\n            \n<h4 class=\"ul-bold\">Christophe Goupil<\/h4>\n<p>Professor <strong>LIED, Univ. Paris-Diderot<\/strong><\/p>\n        <\/div>\n                <\/div>\n                <div class=\"col-sm-3 clearfix \">\n                    <div class=\"clearfix ul-element-text \">\n            \n<h4 class=\"ul-bold\">Michel Cataldi<\/h4>\n<p>Material Senior Expert <strong>Ariane Group, St M\u00e9dard en Jalles<\/strong><\/p>\n        <\/div>\n                <\/div>\n        <\/div>\n            <\/div>\n                  <\/div>\n                <div class=\"container-fluid bg-gray-lighter \" style=\"\">\n                      <div class=\"container\">\n                <div class=\"row \" style=\"margin-top: 0px;margin-bottom: 10px\">        <div class=\"col-sm-3 clearfix \">\n                    <div class=\"clearfix ul-element-text \">\n            \n<h4 class=\"ul-bold\">Antoine Maignan<\/h4>\n<p>Director of LABEX EMC3 <strong>CNRT, Caen&nbsp;<\/strong><\/p>\n        <\/div>\n                <\/div>\n                <div class=\"col-sm-3 clearfix \">\n                    <div class=\"clearfix ul-element-text \">\n            \n<h4 class=\"ul-bold\">Yann Lecocq<\/h4>\n<p>Director of LABEX First TF <strong>Observatoire de Paris, University PSL, Sorbonne University<\/strong><\/p>\n        <\/div>\n                <\/div>\n                <div class=\"col-sm-3 clearfix \">\n                    <div class=\"clearfix ul-element-text \">\n            \n<h4 class=\"ul-bold\">Dominique Cros<\/h4>\n<p>Research deputy chairman of the <strong>University of Limoges<\/strong><\/p>\n        <\/div>\n                <\/div>\n                <div class=\"col-sm-3 clearfix \">\n                    <div class=\"clearfix ul-element-text \">\n            \n<h4 class=\"ul-bold\">&nbsp;Yves Gervais<\/h4>\n<p>Research deputy chairman of the <strong>University of Poitiers<\/strong><\/p>\n        <\/div>\n                <\/div>\n        <\/div>\n            <\/div>\n                  <\/div>\n        \n","protected":false},"excerpt":{"rendered":"","protected":false},"author":194,"featured_media":0,"parent":811,"menu_order":0,"comment_status":"closed","ping_status":"closed","template":"page-le.php","meta":{"footnotes":""},"class_list":["post-1222","page","type-page","status-publish","hentry"],"yoast_head":"<!-- This site is optimized with the Yoast SEO plugin v26.5 - https:\/\/yoast.com\/wordpress\/plugins\/seo\/ -->\n<title>Scientific Committee - Laboratoire d&#039;Excellence \u2211-LIM<\/title>\n<meta name=\"robots\" content=\"index, follow, max-snippet:-1, max-image-preview:large, max-video-preview:-1\" \/>\n<link rel=\"canonical\" href=\"https:\/\/www.unilim.fr\/labex_sigmalim\/governance\/scientific-committee\/?lang=en\" \/>\n<meta property=\"og:locale\" content=\"fr_FR\" \/>\n<meta property=\"og:type\" content=\"article\" \/>\n<meta property=\"og:title\" content=\"Scientific Committee - Laboratoire d&#039;Excellence \u2211-LIM\" \/>\n<meta property=\"og:url\" content=\"https:\/\/www.unilim.fr\/labex_sigmalim\/governance\/scientific-committee\/?lang=en\" \/>\n<meta property=\"og:site_name\" content=\"Laboratoire d&#039;Excellence \u2211-LIM\" \/>\n<meta property=\"article:modified_time\" content=\"2021-04-09T07:31:26+00:00\" \/>\n<meta name=\"twitter:card\" content=\"summary_large_image\" \/>\n<meta name=\"twitter:label1\" content=\"Dur\u00e9e de lecture estim\u00e9e\" \/>\n\t<meta name=\"twitter:data1\" content=\"4 minutes\" \/>\n<script type=\"application\/ld+json\" class=\"yoast-schema-graph\">{\"@context\":\"https:\/\/schema.org\",\"@graph\":[{\"@type\":\"WebPage\",\"@id\":\"https:\/\/www.unilim.fr\/labex_sigmalim\/governance\/scientific-committee\/?lang=en\",\"url\":\"https:\/\/www.unilim.fr\/labex_sigmalim\/governance\/scientific-committee\/?lang=en\",\"name\":\"Scientific Committee - Laboratoire d&#039;Excellence \u2211-LIM\",\"isPartOf\":{\"@id\":\"https:\/\/www.unilim.fr\/labex_sigmalim\/#website\"},\"datePublished\":\"2021-01-25T16:54:26+00:00\",\"dateModified\":\"2021-04-09T07:31:26+00:00\",\"breadcrumb\":{\"@id\":\"https:\/\/www.unilim.fr\/labex_sigmalim\/governance\/scientific-committee\/?lang=en#breadcrumb\"},\"inLanguage\":\"fr-FR\",\"potentialAction\":[{\"@type\":\"ReadAction\",\"target\":[\"https:\/\/www.unilim.fr\/labex_sigmalim\/governance\/scientific-committee\/?lang=en\"]}]},{\"@type\":\"BreadcrumbList\",\"@id\":\"https:\/\/www.unilim.fr\/labex_sigmalim\/governance\/scientific-committee\/?lang=en#breadcrumb\",\"itemListElement\":[{\"@type\":\"ListItem\",\"position\":1,\"name\":\"Accueil\",\"item\":\"https:\/\/www.unilim.fr\/labex_sigmalim\/\"},{\"@type\":\"ListItem\",\"position\":2,\"name\":\"Governance\",\"item\":\"https:\/\/www.unilim.fr\/labex_sigmalim\/governance\/?lang=en\"},{\"@type\":\"ListItem\",\"position\":3,\"name\":\"Scientific Committee\"}]},{\"@type\":\"WebSite\",\"@id\":\"https:\/\/www.unilim.fr\/labex_sigmalim\/#website\",\"url\":\"https:\/\/www.unilim.fr\/labex_sigmalim\/\",\"name\":\"Laboratoire d&#039;Excellence \u2211-LIM\",\"description\":\"Des mat\u00e9riaux et composants c\u00e9ramiques sp\u00e9cifiques aux syst\u00e8mes communicants int\u00e9gr\u00e9s, s\u00e9curis\u00e9s, et intelligents \",\"potentialAction\":[{\"@type\":\"SearchAction\",\"target\":{\"@type\":\"EntryPoint\",\"urlTemplate\":\"https:\/\/www.unilim.fr\/labex_sigmalim\/?s={search_term_string}\"},\"query-input\":{\"@type\":\"PropertyValueSpecification\",\"valueRequired\":true,\"valueName\":\"search_term_string\"}}],\"inLanguage\":\"fr-FR\"}]}<\/script>\n<!-- \/ Yoast SEO plugin. -->","yoast_head_json":{"title":"Scientific Committee - Laboratoire d&#039;Excellence \u2211-LIM","robots":{"index":"index","follow":"follow","max-snippet":"max-snippet:-1","max-image-preview":"max-image-preview:large","max-video-preview":"max-video-preview:-1"},"canonical":"https:\/\/www.unilim.fr\/labex_sigmalim\/governance\/scientific-committee\/?lang=en","og_locale":"fr_FR","og_type":"article","og_title":"Scientific Committee - Laboratoire d&#039;Excellence \u2211-LIM","og_url":"https:\/\/www.unilim.fr\/labex_sigmalim\/governance\/scientific-committee\/?lang=en","og_site_name":"Laboratoire d&#039;Excellence \u2211-LIM","article_modified_time":"2021-04-09T07:31:26+00:00","twitter_card":"summary_large_image","twitter_misc":{"Dur\u00e9e de lecture estim\u00e9e":"4 minutes"},"schema":{"@context":"https:\/\/schema.org","@graph":[{"@type":"WebPage","@id":"https:\/\/www.unilim.fr\/labex_sigmalim\/governance\/scientific-committee\/?lang=en","url":"https:\/\/www.unilim.fr\/labex_sigmalim\/governance\/scientific-committee\/?lang=en","name":"Scientific Committee - Laboratoire d&#039;Excellence \u2211-LIM","isPartOf":{"@id":"https:\/\/www.unilim.fr\/labex_sigmalim\/#website"},"datePublished":"2021-01-25T16:54:26+00:00","dateModified":"2021-04-09T07:31:26+00:00","breadcrumb":{"@id":"https:\/\/www.unilim.fr\/labex_sigmalim\/governance\/scientific-committee\/?lang=en#breadcrumb"},"inLanguage":"fr-FR","potentialAction":[{"@type":"ReadAction","target":["https:\/\/www.unilim.fr\/labex_sigmalim\/governance\/scientific-committee\/?lang=en"]}]},{"@type":"BreadcrumbList","@id":"https:\/\/www.unilim.fr\/labex_sigmalim\/governance\/scientific-committee\/?lang=en#breadcrumb","itemListElement":[{"@type":"ListItem","position":1,"name":"Accueil","item":"https:\/\/www.unilim.fr\/labex_sigmalim\/"},{"@type":"ListItem","position":2,"name":"Governance","item":"https:\/\/www.unilim.fr\/labex_sigmalim\/governance\/?lang=en"},{"@type":"ListItem","position":3,"name":"Scientific Committee"}]},{"@type":"WebSite","@id":"https:\/\/www.unilim.fr\/labex_sigmalim\/#website","url":"https:\/\/www.unilim.fr\/labex_sigmalim\/","name":"Laboratoire d&#039;Excellence \u2211-LIM","description":"Des mat\u00e9riaux et composants c\u00e9ramiques sp\u00e9cifiques aux syst\u00e8mes communicants int\u00e9gr\u00e9s, s\u00e9curis\u00e9s, et intelligents ","potentialAction":[{"@type":"SearchAction","target":{"@type":"EntryPoint","urlTemplate":"https:\/\/www.unilim.fr\/labex_sigmalim\/?s={search_term_string}"},"query-input":{"@type":"PropertyValueSpecification","valueRequired":true,"valueName":"search_term_string"}}],"inLanguage":"fr-FR"}]}},"_links":{"self":[{"href":"https:\/\/www.unilim.fr\/labex_sigmalim\/wp-json\/wp\/v2\/pages\/1222","targetHints":{"allow":["GET"]}}],"collection":[{"href":"https:\/\/www.unilim.fr\/labex_sigmalim\/wp-json\/wp\/v2\/pages"}],"about":[{"href":"https:\/\/www.unilim.fr\/labex_sigmalim\/wp-json\/wp\/v2\/types\/page"}],"author":[{"embeddable":true,"href":"https:\/\/www.unilim.fr\/labex_sigmalim\/wp-json\/wp\/v2\/users\/194"}],"replies":[{"embeddable":true,"href":"https:\/\/www.unilim.fr\/labex_sigmalim\/wp-json\/wp\/v2\/comments?post=1222"}],"version-history":[{"count":0,"href":"https:\/\/www.unilim.fr\/labex_sigmalim\/wp-json\/wp\/v2\/pages\/1222\/revisions"}],"up":[{"embeddable":true,"href":"https:\/\/www.unilim.fr\/labex_sigmalim\/wp-json\/wp\/v2\/pages\/811"}],"wp:attachment":[{"href":"https:\/\/www.unilim.fr\/labex_sigmalim\/wp-json\/wp\/v2\/media?parent=1222"}],"curies":[{"name":"wp","href":"https:\/\/api.w.org\/{rel}","templated":true}]}}