{"id":1208,"date":"2023-01-19T23:00:00","date_gmt":"2021-02-15T22:41:14","guid":{"rendered":"http:\/\/www.unilim.fr\/labex_sigmalim\/governance\/comite-de-direction\/"},"modified":"2023-01-27T14:13:53","modified_gmt":"2023-01-27T14:13:53","slug":"executive-committee","status":"publish","type":"page","link":"https:\/\/www.unilim.fr\/labex_sigmalim\/governance\/executive-committee\/?lang=en","title":{"rendered":"Executive Committee"},"content":{"rendered":"        <div class=\"container-fluid  \" style=\"\">\n                      <div class=\"container\">\n                <div class=\"row \" style=\"margin-top: 30px;margin-bottom: 30px\">        <div class=\"col-md-12 clearfix \">\n            \n        \n        <div class=\"ul-element-header text-left  \">\n\n            <h2 class=\"ul-bold  \" style=\"\">\n                                Executive Committee                            <\/h2>\n        <\/div>\n                <div class=\"clearfix ul-element-text \">\n            \n<p style=\"text-align: justify\">The Executive Committee meets up every months. It ensures the management of the LabEx, is in charge of the implementation of the scientific and valorization programs, and makes proposal to the Steering Committee in terms of scientific strategy, actions and budget to take the relevant decisions.<\/p>\n<p style=\"text-align: justify\">The Executive Committee is composed of the LabEx Director, , the 2 Directors of partner laboratories IRCER and XLIM, one animator of each flagship and the 2 LabEx scientific and administrative\/communication engineers.<\/p>\n<p style=\"text-align: justify\"><\/p>\n<p style=\"text-align: justify\">The Research deputy chairmen of the University of Limoges and the director of the Graduate School TACTIC are invited at each Executive Committee.<\/p>\n        <\/div>\n                <\/div>\n        <\/div>\n            <\/div>\n                  <\/div>\n                <div class=\"container-fluid bg-primary \" style=\"\">\n                      <div class=\"container\">\n                <div class=\"row \" style=\"margin-top: 30px;margin-bottom: 0px\">        <div class=\"col-sm-12 clearfix \">\n            \n        \n        <div class=\"ul-element-header text-left  \">\n\n            <h3 class=\"ul-bold  \" style=\"\">\n                                    <i class=\"fa fa-fw fa-arrow-right\"><\/i>\n                                Director                            <\/h3>\n        <\/div>\n                <div class=\"clearfix ul-element-text \">\n            \n<p><\/p>\n        <\/div>\n                <\/div>\n        <\/div>\n            <\/div>\n                  <\/div>\n                <div class=\"container-fluid bg-primary \" style=\"\">\n                      <div class=\"container\">\n                <div class=\"row \" style=\"margin-top: 0px;margin-bottom: 30px\">        <div class=\"col-sm-2 clearfix \">\n                    <div class=\"ul-element-image \">\n            <a href=\"https:\/\/www.unilim.fr\/labex_sigmalim\/wp-content\/uploads\/sites\/8\/2023\/01\/FDB_LABEX.png\" target=\"\"  rel=\"lightbox\">\n                <img decoding=\"async\" class=\"img-responsive\" src=\"https:\/\/www.unilim.fr\/labex_sigmalim\/wp-content\/uploads\/sites\/8\/2023\/01\/FDB_LABEX.png\"\/>\n            <\/a>\n        <\/div>\n                <\/div>\n                <div class=\"col-sm-10 clearfix \">\n                    <div class=\"clearfix ul-element-text \">\n            \n<h3 class=\"ul-bold\"><strong>Fr\u00e9d\u00e9ric Dumas-Bouchiat<\/strong><\/h3>\n<h4 class=\"ul-bold\">Director of the LABEX \u2211-LIM &#8211; Professor at the University of Limoges in the Physics Department of the Faculty of Science and Technology of Limoges &#8211; IRCER<\/h4>\n<p>Fr\u00e9d\u00e9ric works on the development of plasma processes for the synthesis of layered materials, on the realisation of these materials in correlation with the understanding of the properties of micro\/nanostructured matter and on the design of innovative micro-devices integrating these specific materials. As a specialist in thin film materials, laser ablation deposition and nanotechnologies related to information and communications, his research concerns range from the most fundamental research to its applications, mainly technological.<\/p>\n<p><\/p>\n        <\/div>\n                <\/div>\n        <\/div>\n            <\/div>\n                  <\/div>\n                <div class=\"container-fluid bg-primary \" style=\"\">\n                      <div class=\"container\">\n                <div class=\"row \" style=\"margin-top: 30px;margin-bottom: 60px\">        <div class=\"col-sm-12 clearfix \">\n            <div style=\"padding:10px 30px;\" class=\"bg-primary\">\n        \n        <div class=\"ul-element-header text-left  \">\n\n            <h3 class=\"ul-bold  \" style=\"\">\n                                    <i class=\"fa fa-fw fa-arrow-right\"><\/i>\n                                Flagships managers                            <\/h3>\n        <\/div>\n                <div class=\"clearfix ul-element-text \">\n            \n<h4 class=\"ul-bold\"><\/h4>\n<ul>\n<li>\n<h4 class=\"ul-bold\">Doing more with less energy: Bernard Ratier (XLIM) and Fabrice Rossignol (IRCER)<\/h4>\n<\/li>\n<li>\n<h4 class=\"ul-bold\">Going beyond 5G: Pierre Blondy (XLIM) and Fr\u00e9d\u00e9ric Dumas-Bouchiat (IRCER)<\/h4>\n<\/li>\n<li>\n<h4 class=\"ul-bold\">Bringing a new light on photonics: Vincent Couderc (XLIM) and R\u00e9my Boulesteix (IRCER)<\/h4>\n<\/li>\n<li>\n<h4 class=\"ul-bold\">Promoting health with advanced diagnostics and therapies: Eric Champion (IRCER) and Philippe Leproux (XLIM)<\/h4>\n<\/li>\n<\/ul>\n<p><\/p>\n        <\/div>\n        <\/div>        <\/div>\n        <\/div>\n            <\/div>\n                  <\/div>\n        \n","protected":false},"excerpt":{"rendered":"","protected":false},"author":194,"featured_media":0,"parent":811,"menu_order":0,"comment_status":"closed","ping_status":"closed","template":"page-le.php","meta":{"footnotes":""},"class_list":["post-1208","page","type-page","status-publish","hentry"],"yoast_head":"<!-- This site is optimized with the Yoast SEO plugin v26.5 - https:\/\/yoast.com\/wordpress\/plugins\/seo\/ -->\n<title>Executive Committee - Laboratoire d&#039;Excellence \u2211-LIM<\/title>\n<meta name=\"robots\" content=\"index, follow, max-snippet:-1, max-image-preview:large, max-video-preview:-1\" \/>\n<link rel=\"canonical\" href=\"https:\/\/www.unilim.fr\/labex_sigmalim\/governance\/executive-committee\/?lang=en\" \/>\n<meta property=\"og:locale\" content=\"fr_FR\" \/>\n<meta property=\"og:type\" content=\"article\" \/>\n<meta property=\"og:title\" content=\"Executive Committee - Laboratoire d&#039;Excellence \u2211-LIM\" \/>\n<meta property=\"og:url\" content=\"https:\/\/www.unilim.fr\/labex_sigmalim\/governance\/executive-committee\/?lang=en\" \/>\n<meta property=\"og:site_name\" content=\"Laboratoire d&#039;Excellence \u2211-LIM\" \/>\n<meta property=\"article:modified_time\" content=\"2023-01-27T14:13:53+00:00\" \/>\n<meta name=\"twitter:card\" content=\"summary_large_image\" \/>\n<meta name=\"twitter:label1\" content=\"Dur\u00e9e de lecture estim\u00e9e\" \/>\n\t<meta name=\"twitter:data1\" content=\"2 minutes\" \/>\n<script type=\"application\/ld+json\" class=\"yoast-schema-graph\">{\"@context\":\"https:\/\/schema.org\",\"@graph\":[{\"@type\":\"WebPage\",\"@id\":\"https:\/\/www.unilim.fr\/labex_sigmalim\/governance\/executive-committee\/?lang=en\",\"url\":\"https:\/\/www.unilim.fr\/labex_sigmalim\/governance\/executive-committee\/?lang=en\",\"name\":\"Executive Committee - Laboratoire d&#039;Excellence \u2211-LIM\",\"isPartOf\":{\"@id\":\"https:\/\/www.unilim.fr\/labex_sigmalim\/#website\"},\"datePublished\":\"2021-02-15T22:41:14+00:00\",\"dateModified\":\"2023-01-27T14:13:53+00:00\",\"breadcrumb\":{\"@id\":\"https:\/\/www.unilim.fr\/labex_sigmalim\/governance\/executive-committee\/?lang=en#breadcrumb\"},\"inLanguage\":\"fr-FR\",\"potentialAction\":[{\"@type\":\"ReadAction\",\"target\":[\"https:\/\/www.unilim.fr\/labex_sigmalim\/governance\/executive-committee\/?lang=en\"]}]},{\"@type\":\"BreadcrumbList\",\"@id\":\"https:\/\/www.unilim.fr\/labex_sigmalim\/governance\/executive-committee\/?lang=en#breadcrumb\",\"itemListElement\":[{\"@type\":\"ListItem\",\"position\":1,\"name\":\"Accueil\",\"item\":\"https:\/\/www.unilim.fr\/labex_sigmalim\/\"},{\"@type\":\"ListItem\",\"position\":2,\"name\":\"Governance\",\"item\":\"https:\/\/www.unilim.fr\/labex_sigmalim\/governance\/?lang=en\"},{\"@type\":\"ListItem\",\"position\":3,\"name\":\"Executive Committee\"}]},{\"@type\":\"WebSite\",\"@id\":\"https:\/\/www.unilim.fr\/labex_sigmalim\/#website\",\"url\":\"https:\/\/www.unilim.fr\/labex_sigmalim\/\",\"name\":\"Laboratoire d&#039;Excellence \u2211-LIM\",\"description\":\"Des mat\u00e9riaux et composants c\u00e9ramiques sp\u00e9cifiques aux syst\u00e8mes communicants int\u00e9gr\u00e9s, s\u00e9curis\u00e9s, et intelligents \",\"potentialAction\":[{\"@type\":\"SearchAction\",\"target\":{\"@type\":\"EntryPoint\",\"urlTemplate\":\"https:\/\/www.unilim.fr\/labex_sigmalim\/?s={search_term_string}\"},\"query-input\":{\"@type\":\"PropertyValueSpecification\",\"valueRequired\":true,\"valueName\":\"search_term_string\"}}],\"inLanguage\":\"fr-FR\"}]}<\/script>\n<!-- \/ Yoast SEO plugin. -->","yoast_head_json":{"title":"Executive Committee - Laboratoire d&#039;Excellence \u2211-LIM","robots":{"index":"index","follow":"follow","max-snippet":"max-snippet:-1","max-image-preview":"max-image-preview:large","max-video-preview":"max-video-preview:-1"},"canonical":"https:\/\/www.unilim.fr\/labex_sigmalim\/governance\/executive-committee\/?lang=en","og_locale":"fr_FR","og_type":"article","og_title":"Executive Committee - Laboratoire d&#039;Excellence \u2211-LIM","og_url":"https:\/\/www.unilim.fr\/labex_sigmalim\/governance\/executive-committee\/?lang=en","og_site_name":"Laboratoire d&#039;Excellence \u2211-LIM","article_modified_time":"2023-01-27T14:13:53+00:00","twitter_card":"summary_large_image","twitter_misc":{"Dur\u00e9e de lecture estim\u00e9e":"2 minutes"},"schema":{"@context":"https:\/\/schema.org","@graph":[{"@type":"WebPage","@id":"https:\/\/www.unilim.fr\/labex_sigmalim\/governance\/executive-committee\/?lang=en","url":"https:\/\/www.unilim.fr\/labex_sigmalim\/governance\/executive-committee\/?lang=en","name":"Executive Committee - Laboratoire d&#039;Excellence \u2211-LIM","isPartOf":{"@id":"https:\/\/www.unilim.fr\/labex_sigmalim\/#website"},"datePublished":"2021-02-15T22:41:14+00:00","dateModified":"2023-01-27T14:13:53+00:00","breadcrumb":{"@id":"https:\/\/www.unilim.fr\/labex_sigmalim\/governance\/executive-committee\/?lang=en#breadcrumb"},"inLanguage":"fr-FR","potentialAction":[{"@type":"ReadAction","target":["https:\/\/www.unilim.fr\/labex_sigmalim\/governance\/executive-committee\/?lang=en"]}]},{"@type":"BreadcrumbList","@id":"https:\/\/www.unilim.fr\/labex_sigmalim\/governance\/executive-committee\/?lang=en#breadcrumb","itemListElement":[{"@type":"ListItem","position":1,"name":"Accueil","item":"https:\/\/www.unilim.fr\/labex_sigmalim\/"},{"@type":"ListItem","position":2,"name":"Governance","item":"https:\/\/www.unilim.fr\/labex_sigmalim\/governance\/?lang=en"},{"@type":"ListItem","position":3,"name":"Executive Committee"}]},{"@type":"WebSite","@id":"https:\/\/www.unilim.fr\/labex_sigmalim\/#website","url":"https:\/\/www.unilim.fr\/labex_sigmalim\/","name":"Laboratoire d&#039;Excellence \u2211-LIM","description":"Des mat\u00e9riaux et composants c\u00e9ramiques sp\u00e9cifiques aux syst\u00e8mes communicants int\u00e9gr\u00e9s, s\u00e9curis\u00e9s, et intelligents ","potentialAction":[{"@type":"SearchAction","target":{"@type":"EntryPoint","urlTemplate":"https:\/\/www.unilim.fr\/labex_sigmalim\/?s={search_term_string}"},"query-input":{"@type":"PropertyValueSpecification","valueRequired":true,"valueName":"search_term_string"}}],"inLanguage":"fr-FR"}]}},"_links":{"self":[{"href":"https:\/\/www.unilim.fr\/labex_sigmalim\/wp-json\/wp\/v2\/pages\/1208","targetHints":{"allow":["GET"]}}],"collection":[{"href":"https:\/\/www.unilim.fr\/labex_sigmalim\/wp-json\/wp\/v2\/pages"}],"about":[{"href":"https:\/\/www.unilim.fr\/labex_sigmalim\/wp-json\/wp\/v2\/types\/page"}],"author":[{"embeddable":true,"href":"https:\/\/www.unilim.fr\/labex_sigmalim\/wp-json\/wp\/v2\/users\/194"}],"replies":[{"embeddable":true,"href":"https:\/\/www.unilim.fr\/labex_sigmalim\/wp-json\/wp\/v2\/comments?post=1208"}],"version-history":[{"count":0,"href":"https:\/\/www.unilim.fr\/labex_sigmalim\/wp-json\/wp\/v2\/pages\/1208\/revisions"}],"up":[{"embeddable":true,"href":"https:\/\/www.unilim.fr\/labex_sigmalim\/wp-json\/wp\/v2\/pages\/811"}],"wp:attachment":[{"href":"https:\/\/www.unilim.fr\/labex_sigmalim\/wp-json\/wp\/v2\/media?parent=1208"}],"curies":[{"name":"wp","href":"https:\/\/api.w.org\/{rel}","templated":true}]}}