{"id":1196,"date":"2021-04-06T22:00:00","date_gmt":"1970-01-01T00:00:00","guid":{"rendered":"http:\/\/www.unilim.fr\/labex_sigmalim\/mentions-legales\/"},"modified":"2021-04-08T06:20:23","modified_gmt":"2021-04-08T06:20:23","slug":"mentions-legales","status":"publish","type":"page","link":"https:\/\/www.unilim.fr\/labex_sigmalim\/mentions-legales\/?lang=en","title":{"rendered":"Legal Notice"},"content":{"rendered":"        <div class=\"container-fluid  \" style=\"\">\n                      <div class=\"container\">\n                <div class=\"row \" style=\"margin-top: 0px;margin-bottom: 0px\">        <div class=\"col-md-12 clearfix \">\n                    <div class=\"clearfix ul-element-text \">\n            \n<p>&nbsp;<\/p>\n        <\/div>\n        \n        \n        <div class=\"ul-element-header text-left  \">\n\n            <h3 class=\"ul-bold  transparent\" style=\"padding:10px;\">\n                                Publisher, Publication manager                            <\/h3>\n        <\/div>\n                <div class=\"clearfix ul-element-text \">\n            \n<p>This website is the official website of the LABEX \u2211-LIM.<\/p>\n        <\/div>\n        \n        \n        <div class=\"ul-element-header text-left  \">\n\n            <h3 class=\"ul-bold  transparent\" style=\"padding:10px;\">\n                                Publication manager                            <\/h3>\n        <\/div>\n                <div class=\"clearfix ul-element-text \">\n            \n<p>Isabelle Klock-Fontanille, Chairwoman of the University of Limoges.<br \/>Contact : <a href=\"mailto:presidence@unilim.fr\">presidence@unilim.fr<\/a><\/p>\n<p><\/p>\n        <\/div>\n        \n        \n        <div class=\"ul-element-header text-left  \">\n\n            <h3 class=\"ul-bold  transparent\" style=\"padding:10px;\">\n                                Editorial management                            <\/h3>\n        <\/div>\n                <div class=\"clearfix ul-element-text \">\n            \n<p>Thierry Chartier, Director of LABEX \u2211-LIM<br \/>Contact : <a href=\"mailto:thierry.chartier@unilim.fr\">thierry.chartier@unilim.fr<\/a><\/p>\n<p><\/p>\n        <\/div>\n        \n        \n        <div class=\"ul-element-header text-left  \">\n\n            <h3 class=\"ul-bold  transparent\" style=\"padding:10px;\">\n                                Produced by                            <\/h3>\n        <\/div>\n                <div class=\"clearfix ul-element-text \">\n            \n<p>DSI (Information System Department)<\/p>\n<p>LABEX \u2211-LIM Communication Department<\/p>\n        <\/div>\n        \n        \n        <div class=\"ul-element-header text-left  \">\n\n            <h3 class=\"ul-bold  transparent\" style=\"padding:10px;\">\n                                Photo credits                            <\/h3>\n        <\/div>\n                <div class=\"clearfix ul-element-text \">\n            \n<p><em><strong>\u00a9IRCER<br \/><\/strong><\/em><em><strong><\/strong><\/em><\/p>\n<p><em><strong>\u00a9XLIM<\/strong><\/em><\/p>\n<p><em><strong>\u00a9Ana\u00eblle Le Roy &#8211; AlphaRLH &#8211; XLIM<br \/><\/strong><\/em><\/p>\n<p><em><strong>\u00a9Jean-Christophe Dupuy &#8211; XLIM<br \/><\/strong><\/em><\/p>\n<p><em><strong>\u00a9Jean-Claude MOSCHETTI &#8211; IRCER &#8211; CNRS Phototh\u00e8que<\/strong><\/em><\/p>\n<p>\u00a9P. Lauren\u00e7on &#8211; IRCER<\/p>\n        <\/div>\n        \n        \n        <div class=\"ul-element-header text-left  \">\n\n            <h3 class=\"ul-bold  transparent\" style=\"padding:10px;\">\n                                Hosted by                            <\/h3>\n        <\/div>\n                <div class=\"clearfix ul-element-text \">\n            \n<p><strong>Direction du Syst\u00e8me d\u2019Information de l\u2019Universit\u00e9 de Limoges<br \/><\/strong>123 Av. Albert Thomas<br \/>87060 Limoges Cedex<br \/><strong>T\u00e9l<\/strong> : 05 55 45 75 75<br \/><strong>Fax :<\/strong> 05 55 45 75 95<br \/><strong>Courriel :<\/strong> <a href=\"mailto:webmaster@unilim.fr\" title=\"webmaster@unilim.fr\">webmaster@unilim.fr<\/a><\/p>\n<p><\/p>\n<p><\/p>\n        <\/div>\n        \n        \n        <div class=\"ul-element-header text-left  \">\n\n            <h3 class=\"ul-bold  transparent\" style=\"padding:10px;\">\n                                Site access                            <\/h3>\n        <\/div>\n                <div class=\"clearfix ul-element-text \">\n            \n<p>The user of the website: <a href=\"http:\/\/www.unilim.fr\/labex_sigmalim\/\">www.unilim.fr\/labex_sigmalim\/ <\/a>acknowledges having the necessary skills and means to access and use this website.<\/p>\n<p><\/p>\n        <\/div>\n        \n        \n        <div class=\"ul-element-header text-left  \">\n\n            <h3 class=\"ul-bold  transparent\" style=\"padding:10px;\">\n                                Copyright                            <\/h3>\n        <\/div>\n                <div class=\"clearfix ul-element-text \">\n            \n<p style=\"text-align: justify\">The whole of this site is subject to French and international legislation on copyright and intellectual property. All reproduction rights are reserved, including for downloadable documents and iconographic and photographic representations. Reproduction of all or part of this site on any electronic medium whatsoever is strictly forbidden without the express permission of the President of the University, who is also the director of publication. You can write to the Communication Service which will transmit your request and will inform you of the answer of the director of publication.<\/p>\n<p style=\"text-align: justify\">The reproduction of the texts of this site on a paper support is authorized, particularly within the educational framework, subject to the respect of the three following conditions:<\/p>\n<p style=\"text-align: justify\">free distribution,<br \/> respect for the integrity of the documents reproduced: no modification or alteration of any kind,<br \/> clear and legible citation of the source in the following form, for example: \u00ab\u00a0this document comes from the website: <a href=\"http:\/\/www.unilim.fr\/labex_sigmalim\/\">www.unilim.fr\/labex_sigmalim\/<\/a>. Reproduction rights are reserved and strictly limited. The internet address of the LABEX \u2211-LIM site must imperatively appear in the reference.<\/p>\n<p style=\"text-align: justify\">For other uses, please consult us.<\/p>\n<p style=\"text-align: justify\">The hypertext links set up within the framework of the present website towards other resources present on the Internet network, cannot engage the responsibility of the University of Limoges.<\/p>\n<p style=\"text-align: justify\">Users and visitors of the website cannot set up a hyperlink to this site without the express and prior written authorization of the LABEX Director. For this, please send an e-mail to <strong>sigma-lim@unilim.fr<\/strong>.<\/p>\n<p><\/p>\n<p><\/p>\n        <\/div>\n        \n        \n        <div class=\"ul-element-header text-left  \">\n\n            <h3 class=\"ul-bold  transparent\" style=\"padding:10px;\">\n                                Publications - News                            <\/h3>\n        <\/div>\n                <div class=\"clearfix ul-element-text \">\n            \n<p>LABEX \u2211-LIM provides users of the website&nbsp;<a href=\"http:\/\/www.unilim.fr\/labex_sigmalim\/\">www.unilim.fr\/labex_sigmalim\/<\/a> with available and verified information and tools, but it cannot be held responsible for errors or the unavailability of certain information.<\/p>\n<p>We thank the users of the site to inform us of any omissions, errors or corrections to be made, by sending an email to the webmaster of the site at <strong>sigma-lim@unilim.fr<\/strong>.<\/p>\n<p><\/p>\n<p style=\"text-align: justify\"><\/p>\n        <\/div>\n        \n        \n        <div class=\"ul-element-header text-left  \">\n\n            <h3 class=\"ul-bold  transparent\" style=\"padding:10px;\">\n                                Website content                            <\/h3>\n        <\/div>\n                <div class=\"clearfix ul-element-text \">\n            \n<p style=\"text-align: justify\">The documents published in electronic form on this site may have been updated between the time you downloaded them and the time you read them. Therefore, we recommend that you verify their validity.<\/p>\n<p><\/p>\n        <\/div>\n                <\/div>\n        <\/div>\n            <\/div>\n                  <\/div>\n        \n","protected":false},"excerpt":{"rendered":"","protected":false},"author":1,"featured_media":0,"parent":0,"menu_order":0,"comment_status":"open","ping_status":"open","template":"page-le.php","meta":{"footnotes":""},"class_list":["post-1196","page","type-page","status-publish","hentry"],"yoast_head":"<!-- This site is optimized with the Yoast SEO plugin v26.5 - https:\/\/yoast.com\/wordpress\/plugins\/seo\/ -->\n<title>Legal Notice - Laboratoire d&#039;Excellence \u2211-LIM<\/title>\n<meta name=\"robots\" content=\"index, follow, max-snippet:-1, max-image-preview:large, max-video-preview:-1\" \/>\n<link rel=\"canonical\" href=\"https:\/\/www.unilim.fr\/labex_sigmalim\/mentions-legales\/?lang=en\" \/>\n<meta property=\"og:locale\" content=\"fr_FR\" \/>\n<meta property=\"og:type\" content=\"article\" \/>\n<meta property=\"og:title\" content=\"Legal Notice - Laboratoire d&#039;Excellence \u2211-LIM\" \/>\n<meta property=\"og:url\" content=\"https:\/\/www.unilim.fr\/labex_sigmalim\/mentions-legales\/?lang=en\" \/>\n<meta property=\"og:site_name\" content=\"Laboratoire d&#039;Excellence \u2211-LIM\" \/>\n<meta property=\"article:modified_time\" content=\"2021-04-08T06:20:23+00:00\" \/>\n<meta name=\"twitter:card\" content=\"summary_large_image\" \/>\n<meta name=\"twitter:label1\" content=\"Dur\u00e9e de lecture estim\u00e9e\" \/>\n\t<meta name=\"twitter:data1\" content=\"4 minutes\" \/>\n<script type=\"application\/ld+json\" class=\"yoast-schema-graph\">{\"@context\":\"https:\/\/schema.org\",\"@graph\":[{\"@type\":\"WebPage\",\"@id\":\"https:\/\/www.unilim.fr\/labex_sigmalim\/mentions-legales\/?lang=en\",\"url\":\"https:\/\/www.unilim.fr\/labex_sigmalim\/mentions-legales\/?lang=en\",\"name\":\"Legal Notice - Laboratoire d&#039;Excellence \u2211-LIM\",\"isPartOf\":{\"@id\":\"https:\/\/www.unilim.fr\/labex_sigmalim\/#website\"},\"datePublished\":\"1970-01-01T00:00:00+00:00\",\"dateModified\":\"2021-04-08T06:20:23+00:00\",\"breadcrumb\":{\"@id\":\"https:\/\/www.unilim.fr\/labex_sigmalim\/mentions-legales\/?lang=en#breadcrumb\"},\"inLanguage\":\"fr-FR\",\"potentialAction\":[{\"@type\":\"ReadAction\",\"target\":[\"https:\/\/www.unilim.fr\/labex_sigmalim\/mentions-legales\/?lang=en\"]}]},{\"@type\":\"BreadcrumbList\",\"@id\":\"https:\/\/www.unilim.fr\/labex_sigmalim\/mentions-legales\/?lang=en#breadcrumb\",\"itemListElement\":[{\"@type\":\"ListItem\",\"position\":1,\"name\":\"Accueil\",\"item\":\"https:\/\/www.unilim.fr\/labex_sigmalim\/\"},{\"@type\":\"ListItem\",\"position\":2,\"name\":\"Legal Notice\"}]},{\"@type\":\"WebSite\",\"@id\":\"https:\/\/www.unilim.fr\/labex_sigmalim\/#website\",\"url\":\"https:\/\/www.unilim.fr\/labex_sigmalim\/\",\"name\":\"Laboratoire d&#039;Excellence \u2211-LIM\",\"description\":\"Des mat\u00e9riaux et composants c\u00e9ramiques sp\u00e9cifiques aux syst\u00e8mes communicants int\u00e9gr\u00e9s, s\u00e9curis\u00e9s, et intelligents \",\"potentialAction\":[{\"@type\":\"SearchAction\",\"target\":{\"@type\":\"EntryPoint\",\"urlTemplate\":\"https:\/\/www.unilim.fr\/labex_sigmalim\/?s={search_term_string}\"},\"query-input\":{\"@type\":\"PropertyValueSpecification\",\"valueRequired\":true,\"valueName\":\"search_term_string\"}}],\"inLanguage\":\"fr-FR\"}]}<\/script>\n<!-- \/ Yoast SEO plugin. -->","yoast_head_json":{"title":"Legal Notice - Laboratoire d&#039;Excellence \u2211-LIM","robots":{"index":"index","follow":"follow","max-snippet":"max-snippet:-1","max-image-preview":"max-image-preview:large","max-video-preview":"max-video-preview:-1"},"canonical":"https:\/\/www.unilim.fr\/labex_sigmalim\/mentions-legales\/?lang=en","og_locale":"fr_FR","og_type":"article","og_title":"Legal Notice - Laboratoire d&#039;Excellence \u2211-LIM","og_url":"https:\/\/www.unilim.fr\/labex_sigmalim\/mentions-legales\/?lang=en","og_site_name":"Laboratoire d&#039;Excellence \u2211-LIM","article_modified_time":"2021-04-08T06:20:23+00:00","twitter_card":"summary_large_image","twitter_misc":{"Dur\u00e9e de lecture estim\u00e9e":"4 minutes"},"schema":{"@context":"https:\/\/schema.org","@graph":[{"@type":"WebPage","@id":"https:\/\/www.unilim.fr\/labex_sigmalim\/mentions-legales\/?lang=en","url":"https:\/\/www.unilim.fr\/labex_sigmalim\/mentions-legales\/?lang=en","name":"Legal Notice - Laboratoire d&#039;Excellence \u2211-LIM","isPartOf":{"@id":"https:\/\/www.unilim.fr\/labex_sigmalim\/#website"},"datePublished":"1970-01-01T00:00:00+00:00","dateModified":"2021-04-08T06:20:23+00:00","breadcrumb":{"@id":"https:\/\/www.unilim.fr\/labex_sigmalim\/mentions-legales\/?lang=en#breadcrumb"},"inLanguage":"fr-FR","potentialAction":[{"@type":"ReadAction","target":["https:\/\/www.unilim.fr\/labex_sigmalim\/mentions-legales\/?lang=en"]}]},{"@type":"BreadcrumbList","@id":"https:\/\/www.unilim.fr\/labex_sigmalim\/mentions-legales\/?lang=en#breadcrumb","itemListElement":[{"@type":"ListItem","position":1,"name":"Accueil","item":"https:\/\/www.unilim.fr\/labex_sigmalim\/"},{"@type":"ListItem","position":2,"name":"Legal Notice"}]},{"@type":"WebSite","@id":"https:\/\/www.unilim.fr\/labex_sigmalim\/#website","url":"https:\/\/www.unilim.fr\/labex_sigmalim\/","name":"Laboratoire d&#039;Excellence \u2211-LIM","description":"Des mat\u00e9riaux et composants c\u00e9ramiques sp\u00e9cifiques aux syst\u00e8mes communicants int\u00e9gr\u00e9s, s\u00e9curis\u00e9s, et intelligents ","potentialAction":[{"@type":"SearchAction","target":{"@type":"EntryPoint","urlTemplate":"https:\/\/www.unilim.fr\/labex_sigmalim\/?s={search_term_string}"},"query-input":{"@type":"PropertyValueSpecification","valueRequired":true,"valueName":"search_term_string"}}],"inLanguage":"fr-FR"}]}},"_links":{"self":[{"href":"https:\/\/www.unilim.fr\/labex_sigmalim\/wp-json\/wp\/v2\/pages\/1196","targetHints":{"allow":["GET"]}}],"collection":[{"href":"https:\/\/www.unilim.fr\/labex_sigmalim\/wp-json\/wp\/v2\/pages"}],"about":[{"href":"https:\/\/www.unilim.fr\/labex_sigmalim\/wp-json\/wp\/v2\/types\/page"}],"author":[{"embeddable":true,"href":"https:\/\/www.unilim.fr\/labex_sigmalim\/wp-json\/wp\/v2\/users\/1"}],"replies":[{"embeddable":true,"href":"https:\/\/www.unilim.fr\/labex_sigmalim\/wp-json\/wp\/v2\/comments?post=1196"}],"version-history":[{"count":0,"href":"https:\/\/www.unilim.fr\/labex_sigmalim\/wp-json\/wp\/v2\/pages\/1196\/revisions"}],"wp:attachment":[{"href":"https:\/\/www.unilim.fr\/labex_sigmalim\/wp-json\/wp\/v2\/media?parent=1196"}],"curies":[{"name":"wp","href":"https:\/\/api.w.org\/{rel}","templated":true}]}}