{"id":1154,"date":"2021-03-18T23:00:00","date_gmt":"2021-03-18T23:00:00","guid":{"rendered":"http:\/\/www.unilim.fr\/labex_sigmalim\/?page_id=1154"},"modified":"2021-12-13T14:27:13","modified_gmt":"2021-12-13T14:27:13","slug":"edito","status":"publish","type":"page","link":"https:\/\/www.unilim.fr\/labex_sigmalim\/edito\/?lang=en","title":{"rendered":"Editorial"},"content":{"rendered":"<p style=\"text-align: center\">                                <div class=\"ul-banner-parallax \" style=\"height:200px;\" >\n\n                                    <div class=\"ul-post-thumbnail\" style=\"height:200px; background-size: cover; background-image: url('https:\/\/www.unilim.fr\/labex_sigmalim\/wp-content\/uploads\/sites\/8\/2021\/03\/2017_02_21_XSLIM_IMG_3457-1.jpg')\"><!-- Image BG --><\/div>\n\n                                    <div class=\"ul-post-thumbnail-back\" style=\"margin-top:-200px; height:200px; opacity:.5;\"><!-- Texture --><\/div>\n\n                                    <div class=\"ul-layers\">\n                                        \n                                        <div class=\"ul-layer ul-slogan\" style=\"bottom:60px;right:20%;\">\n                                            <h4 class=\"text-light\"><em><br\/>\n                                            &nbsp;&nbsp;&nbsp;&nbsp;&nbsp;&nbsp;&nbsp;<\/em><\/h4>\n                                                                                    <\/div>\n\n                                    <\/div>\n\n                                <\/div>\n                                <script type=\"text\/javascript\">\n                                    \/\/\/\/\/\/\/\/\/\/\/\/\/\/\/\/\/\/\/\/\/\/\/\/\/\/\/\/\/\/\/\/\/\/\/\/\/\/\/\/\/\/\/\/\/\/\/\/\/\/\/\/\/\/\/\/\/\/\/\/\/\/\/\/\/\/\/\/\/\/\/\/\/\/\/\/\/\/\/\/\/\/\/\/\/\/\/\/\/\/\/\/\/\/\/\/\/\/\/\/\n                                    \/\/  PARALAX\n                                    \/\/\/\/\/\/\/\/\/\/\/\/\/\/\/\/\/\/\/\/\/\/\/\/\/\/\/\/\/\/\/\/\/\/\/\/\/\/\/\/\/\/\/\/\/\/\/\/\/\/\/\/\/\/\/\/\/\/\/\/\/\/\/\/\/\/\/\/\/\/\/\/\/\/\/\/\/\/\/\/\/\/\/\/\/\/\/\/\/\/\/\/\/\/\/\/\/\/\/\/\n                                    $( document ).ready(function() {\n                                        var bandeau = $('.ul-banner-parallax');\n                                        if (bandeau.length){\n                                            var imgpos = 50 - $( window ).scrollTop()\/20;\n                                            $('.ul-banner-parallax > .ul-post-thumbnail').css('background-position','50% '+imgpos+'%');\n                                            $( window ).scroll(function(){\n                                                imgpos = 50 - $( window ).scrollTop()\/10;\n                                                txtpos = 60 + $( window ).scrollTop()\/5;\n                                                frisepos = 25 + $( window ).scrollTop()\/10;\n                                                $('.ul-banner-parallax > .ul-post-thumbnail').css('background-position','50% '+imgpos+'%');\n                                                $('.ul-slogan').css('bottom',txtpos+'px');\n                                                $('.ul-frise-1').css('bottom',frisepos+'px');\n                                                \/\/$('.ul-texture').css('background-position',''+-frisepos+'%');\n                                            });\n                                        }\n                                    });\n                                <\/script>\n\n                                    <div class=\"container-fluid  \" style=\"\">\n                      <div class=\"container\">\n                <div class=\"row \" style=\"margin-top: 30px;margin-bottom: 30px\">        <div class=\"col-md-12 clearfix \">\n            \n        \n        <div class=\"ul-element-header text-left  \">\n\n            <h2 class=\"ul-bold  \" style=\"\">\n                                Editorial                            <\/h2>\n        <\/div>\n                <div class=\"clearfix ul-element-text \">\n            \n<p style=\"text-align: center\">\n<p style=\"text-align: center\"><iframe loading=\"lazy\" src=\"https:\/\/mediaserver.unilim.fr\/permalink\/v1261ca2e0810hdortvy\/iframe\/\" width=\"720\" height=\"530\"><\/iframe><\/p>\n<p style=\"text-align: center\">The LABEX \u2211-LIM \u00a0\u00bb From specific ceramic materials and components to integrated, secured and smart communicating systems \u00a0\u00bb is supported by two join research units of the University of Limoges and the CNRS, IRCER and XLIM, and associated to two competitiveness clusters, the ALPHA RLH cluster and the European Ceramics Cluster.<\/p>\n<p>In its phase 2, launched on January 1, 2020, the LABEX \u03a3-LIM aims to answer to scientific, technological, environmental and societal challenges defined in the National Research Strategy (SNR) as well as in the Horizon Europe \u00a0plan, by maintaining a basic research at high level and valorizing the knowledge acquired.<\/p>\n<p>&nbsp;<\/p>\n<p>The core scientific domain of its ambition covers the following <strong>4 flagship programs<\/strong> including <strong>9 scientific challenges<\/strong>:<\/p>\n<p>&nbsp;<\/p>\n        <\/div>\n                <\/div>\n        <\/div>\n            <\/div>\n                  <\/div>\n                <div class=\"container-fluid bg-primary \" style=\"\">\n                      <div class=\"container\">\n                <div class=\"row \" style=\"margin-top: 30px;margin-bottom: 30px\">        <div class=\"col-sm-3 clearfix \">\n                    <div class=\"ul-element-image \">\n            <a href=\"https:\/\/www.unilim.fr\/labex_sigmalim\/research\/going-beyond-5g\/?lang=en\" target=\"\"  rel=\"\">\n                <img decoding=\"async\" class=\"img-responsive\" src=\"https:\/\/www.unilim.fr\/labex_sigmalim\/wp-content\/uploads\/sites\/8\/2021\/03\/Plus_site_labex.png\"\/>\n            <\/a>\n        <\/div>\n                <div class=\"clearfix ul-element-text \">\n            \n<h3 class=\"ul-bold\" style=\"text-align: center\"><strong>Going beyond 5G<\/strong><\/h3>\n<p style=\"text-align: center\">Challenge 1:<br \/>\nAdvanced design methods 3D integrated RF front-ends<\/p>\n<p style=\"text-align: center\">Challenge 2:<br \/>\nMaterials and devices for THz sub-systems<\/p>\n<p style=\"text-align: center\">Challenge 3:<br \/>\nSecurity and interoperability of systems beyond 5G<\/p>\n<p style=\"text-align: center\"><strong>\u00a0<\/strong><\/p>\n        <\/div>\n                <\/div>\n                <div class=\"col-sm-3 clearfix \">\n                    <div class=\"ul-element-image \">\n            <a href=\"https:\/\/www.unilim.fr\/labex_sigmalim\/research\/promoting-health-with-advanced-diagnostics-and-therapies\/?lang=en\" target=\"\"  rel=\"\">\n                <img decoding=\"async\" class=\"img-responsive\" src=\"https:\/\/www.unilim.fr\/labex_sigmalim\/wp-content\/uploads\/sites\/8\/2021\/03\/Plus_site_labex.png\"\/>\n            <\/a>\n        <\/div>\n                <div class=\"clearfix ul-element-text \">\n            \n<h3 class=\"ul-bold\" style=\"text-align: center\"><strong>Promoting health with advanced diagnostics and therapies<\/strong><\/h3>\n<p>&nbsp;<\/p>\n<p style=\"text-align: center\">Challenge 1:<br \/>\nBiomaterials and electromagnetic waves for health applications<\/p>\n<p style=\"text-align: center\">Challenge 2:<br \/>\nBiomaterials, bio-photonics and imaging for diagnosis<\/p>\n<p style=\"text-align: center\"><strong>\u00a0<\/strong><\/p>\n        <\/div>\n                <\/div>\n                <div class=\"col-sm-3 clearfix \">\n                    <div class=\"ul-element-image \">\n            <a href=\"https:\/\/www.unilim.fr\/labex_sigmalim\/research\/bringing-a-new-light-on-photonics\/?lang=en\" target=\"\"  rel=\"\">\n                <img decoding=\"async\" class=\"img-responsive\" src=\"https:\/\/www.unilim.fr\/labex_sigmalim\/wp-content\/uploads\/sites\/8\/2021\/03\/Plus_site_labex.png\"\/>\n            <\/a>\n        <\/div>\n                <div class=\"clearfix ul-element-text \">\n            \n<h3 class=\"ul-bold\" style=\"text-align: center\"><strong>Bringing a new<br \/>\nlight on photonics<\/strong><\/h3>\n<p style=\"text-align: center\">Challenge 1:<br \/>\nDevelopment of new bulk glass-ceramic<\/p>\n<p style=\"text-align: center\">Challenge 2:<br \/>\nDevelopments in the field of optical fibers<\/p>\n<p>&nbsp;<\/p>\n<p style=\"text-align: center\"><strong>\u00a0<\/strong><\/p>\n        <\/div>\n                <\/div>\n                <div class=\"col-sm-3 clearfix \">\n                    <div class=\"ul-element-image \">\n            <a href=\"https:\/\/www.unilim.fr\/labex_sigmalim\/research\/doing-more-with-less-energy\/?lang=en\" target=\"\"  rel=\"\">\n                <img decoding=\"async\" class=\"img-responsive\" src=\"https:\/\/www.unilim.fr\/labex_sigmalim\/wp-content\/uploads\/sites\/8\/2021\/03\/Plus_site_labex.png\"\/>\n            <\/a>\n        <\/div>\n                <div class=\"clearfix ul-element-text \">\n            \n<h3 class=\"ul-bold\" style=\"text-align: center\"><strong>Doing more with<br \/>\nless energy<\/strong><\/h3>\n<p><strong>\u00a0<\/strong><\/p>\n<p style=\"text-align: center\">Challenge 1:<br \/>\nEnergy and sustainable development<\/p>\n<p style=\"text-align: center\">Challenge 2:<br \/>\nEnergy and advanced monitoring<\/p>\n<p>&nbsp;<\/p>\n<p style=\"text-align: center\"><strong>\u00a0<\/strong><\/p>\n        <\/div>\n                <\/div>\n        <\/div>\n            <\/div>\n                  <\/div>\n        \n","protected":false},"excerpt":{"rendered":"","protected":false},"author":194,"featured_media":0,"parent":0,"menu_order":0,"comment_status":"closed","ping_status":"closed","template":"page-le.php","meta":{"footnotes":""},"class_list":["post-1154","page","type-page","status-publish","hentry"],"yoast_head":"<!-- This site is optimized with the Yoast SEO plugin v26.5 - https:\/\/yoast.com\/wordpress\/plugins\/seo\/ -->\n<title>Editorial - Laboratoire d&#039;Excellence \u2211-LIM<\/title>\n<meta name=\"robots\" content=\"index, follow, max-snippet:-1, max-image-preview:large, max-video-preview:-1\" \/>\n<link rel=\"canonical\" href=\"https:\/\/www.unilim.fr\/labex_sigmalim\/edito\/?lang=en\" \/>\n<meta property=\"og:locale\" content=\"fr_FR\" \/>\n<meta property=\"og:type\" content=\"article\" \/>\n<meta property=\"og:title\" content=\"Editorial - Laboratoire d&#039;Excellence \u2211-LIM\" \/>\n<meta property=\"og:url\" content=\"https:\/\/www.unilim.fr\/labex_sigmalim\/edito\/?lang=en\" \/>\n<meta property=\"og:site_name\" content=\"Laboratoire d&#039;Excellence \u2211-LIM\" \/>\n<meta property=\"article:modified_time\" content=\"2021-12-13T14:27:13+00:00\" \/>\n<meta name=\"twitter:card\" content=\"summary_large_image\" \/>\n<meta name=\"twitter:label1\" content=\"Dur\u00e9e de lecture estim\u00e9e\" \/>\n\t<meta name=\"twitter:data1\" content=\"3 minutes\" \/>\n<script type=\"application\/ld+json\" class=\"yoast-schema-graph\">{\"@context\":\"https:\/\/schema.org\",\"@graph\":[{\"@type\":\"WebPage\",\"@id\":\"https:\/\/www.unilim.fr\/labex_sigmalim\/edito\/?lang=en\",\"url\":\"https:\/\/www.unilim.fr\/labex_sigmalim\/edito\/?lang=en\",\"name\":\"Editorial - Laboratoire d&#039;Excellence \u2211-LIM\",\"isPartOf\":{\"@id\":\"https:\/\/www.unilim.fr\/labex_sigmalim\/#website\"},\"datePublished\":\"2021-03-18T23:00:00+00:00\",\"dateModified\":\"2021-12-13T14:27:13+00:00\",\"breadcrumb\":{\"@id\":\"https:\/\/www.unilim.fr\/labex_sigmalim\/edito\/?lang=en#breadcrumb\"},\"inLanguage\":\"fr-FR\",\"potentialAction\":[{\"@type\":\"ReadAction\",\"target\":[\"https:\/\/www.unilim.fr\/labex_sigmalim\/edito\/?lang=en\"]}]},{\"@type\":\"BreadcrumbList\",\"@id\":\"https:\/\/www.unilim.fr\/labex_sigmalim\/edito\/?lang=en#breadcrumb\",\"itemListElement\":[{\"@type\":\"ListItem\",\"position\":1,\"name\":\"Accueil\",\"item\":\"https:\/\/www.unilim.fr\/labex_sigmalim\/\"},{\"@type\":\"ListItem\",\"position\":2,\"name\":\"Editorial\"}]},{\"@type\":\"WebSite\",\"@id\":\"https:\/\/www.unilim.fr\/labex_sigmalim\/#website\",\"url\":\"https:\/\/www.unilim.fr\/labex_sigmalim\/\",\"name\":\"Laboratoire d&#039;Excellence \u2211-LIM\",\"description\":\"Des mat\u00e9riaux et composants c\u00e9ramiques sp\u00e9cifiques aux syst\u00e8mes communicants int\u00e9gr\u00e9s, s\u00e9curis\u00e9s, et intelligents \",\"potentialAction\":[{\"@type\":\"SearchAction\",\"target\":{\"@type\":\"EntryPoint\",\"urlTemplate\":\"https:\/\/www.unilim.fr\/labex_sigmalim\/?s={search_term_string}\"},\"query-input\":{\"@type\":\"PropertyValueSpecification\",\"valueRequired\":true,\"valueName\":\"search_term_string\"}}],\"inLanguage\":\"fr-FR\"}]}<\/script>\n<!-- \/ Yoast SEO plugin. -->","yoast_head_json":{"title":"Editorial - Laboratoire d&#039;Excellence \u2211-LIM","robots":{"index":"index","follow":"follow","max-snippet":"max-snippet:-1","max-image-preview":"max-image-preview:large","max-video-preview":"max-video-preview:-1"},"canonical":"https:\/\/www.unilim.fr\/labex_sigmalim\/edito\/?lang=en","og_locale":"fr_FR","og_type":"article","og_title":"Editorial - Laboratoire d&#039;Excellence \u2211-LIM","og_url":"https:\/\/www.unilim.fr\/labex_sigmalim\/edito\/?lang=en","og_site_name":"Laboratoire d&#039;Excellence \u2211-LIM","article_modified_time":"2021-12-13T14:27:13+00:00","twitter_card":"summary_large_image","twitter_misc":{"Dur\u00e9e de lecture estim\u00e9e":"3 minutes"},"schema":{"@context":"https:\/\/schema.org","@graph":[{"@type":"WebPage","@id":"https:\/\/www.unilim.fr\/labex_sigmalim\/edito\/?lang=en","url":"https:\/\/www.unilim.fr\/labex_sigmalim\/edito\/?lang=en","name":"Editorial - Laboratoire d&#039;Excellence \u2211-LIM","isPartOf":{"@id":"https:\/\/www.unilim.fr\/labex_sigmalim\/#website"},"datePublished":"2021-03-18T23:00:00+00:00","dateModified":"2021-12-13T14:27:13+00:00","breadcrumb":{"@id":"https:\/\/www.unilim.fr\/labex_sigmalim\/edito\/?lang=en#breadcrumb"},"inLanguage":"fr-FR","potentialAction":[{"@type":"ReadAction","target":["https:\/\/www.unilim.fr\/labex_sigmalim\/edito\/?lang=en"]}]},{"@type":"BreadcrumbList","@id":"https:\/\/www.unilim.fr\/labex_sigmalim\/edito\/?lang=en#breadcrumb","itemListElement":[{"@type":"ListItem","position":1,"name":"Accueil","item":"https:\/\/www.unilim.fr\/labex_sigmalim\/"},{"@type":"ListItem","position":2,"name":"Editorial"}]},{"@type":"WebSite","@id":"https:\/\/www.unilim.fr\/labex_sigmalim\/#website","url":"https:\/\/www.unilim.fr\/labex_sigmalim\/","name":"Laboratoire d&#039;Excellence \u2211-LIM","description":"Des mat\u00e9riaux et composants c\u00e9ramiques sp\u00e9cifiques aux syst\u00e8mes communicants int\u00e9gr\u00e9s, s\u00e9curis\u00e9s, et intelligents ","potentialAction":[{"@type":"SearchAction","target":{"@type":"EntryPoint","urlTemplate":"https:\/\/www.unilim.fr\/labex_sigmalim\/?s={search_term_string}"},"query-input":{"@type":"PropertyValueSpecification","valueRequired":true,"valueName":"search_term_string"}}],"inLanguage":"fr-FR"}]}},"_links":{"self":[{"href":"https:\/\/www.unilim.fr\/labex_sigmalim\/wp-json\/wp\/v2\/pages\/1154","targetHints":{"allow":["GET"]}}],"collection":[{"href":"https:\/\/www.unilim.fr\/labex_sigmalim\/wp-json\/wp\/v2\/pages"}],"about":[{"href":"https:\/\/www.unilim.fr\/labex_sigmalim\/wp-json\/wp\/v2\/types\/page"}],"author":[{"embeddable":true,"href":"https:\/\/www.unilim.fr\/labex_sigmalim\/wp-json\/wp\/v2\/users\/194"}],"replies":[{"embeddable":true,"href":"https:\/\/www.unilim.fr\/labex_sigmalim\/wp-json\/wp\/v2\/comments?post=1154"}],"version-history":[{"count":0,"href":"https:\/\/www.unilim.fr\/labex_sigmalim\/wp-json\/wp\/v2\/pages\/1154\/revisions"}],"wp:attachment":[{"href":"https:\/\/www.unilim.fr\/labex_sigmalim\/wp-json\/wp\/v2\/media?parent=1154"}],"curies":[{"name":"wp","href":"https:\/\/api.w.org\/{rel}","templated":true}]}}