{"id":1147,"date":"2021-03-18T23:00:00","date_gmt":"2021-03-19T10:32:09","guid":{"rendered":"http:\/\/www.unilim.fr\/labex_sigmalim\/?page_id=1147"},"modified":"2021-03-19T16:56:16","modified_gmt":"2021-03-19T16:56:16","slug":"missions","status":"publish","type":"page","link":"https:\/\/www.unilim.fr\/labex_sigmalim\/recherche\/missions\/?lang=en","title":{"rendered":"Missions"},"content":{"rendered":"                                <div class=\"ul-banner-parallax \" style=\"height:200px;\" >\n\n                                    <div class=\"ul-post-thumbnail\" style=\"height:200px; background-size: cover; background-image: url('https:\/\/www.unilim.fr\/labex_sigmalim\/wp-content\/uploads\/sites\/8\/2021\/03\/25934357631_4e81cab06e_o.jpg')\"><!-- Image BG --><\/div>\n\n                                    <div class=\"ul-post-thumbnail-back\" style=\"margin-top:-200px; height:200px; opacity:.5;\"><!-- Texture --><\/div>\n\n                                    <div class=\"ul-layers\">\n                                        \n                                        <div class=\"ul-layer ul-slogan\" style=\"bottom:60px;right:20%;\">\n                                            <h4 class=\"text-light\"><em><br\/>\n                                            &nbsp;&nbsp;&nbsp;&nbsp;&nbsp;&nbsp;&nbsp;<\/em><\/h4>\n                                                                                    <\/div>\n\n                                    <\/div>\n\n                                <\/div>\n                                <script type=\"text\/javascript\">\n                                    \/\/\/\/\/\/\/\/\/\/\/\/\/\/\/\/\/\/\/\/\/\/\/\/\/\/\/\/\/\/\/\/\/\/\/\/\/\/\/\/\/\/\/\/\/\/\/\/\/\/\/\/\/\/\/\/\/\/\/\/\/\/\/\/\/\/\/\/\/\/\/\/\/\/\/\/\/\/\/\/\/\/\/\/\/\/\/\/\/\/\/\/\/\/\/\/\/\/\/\/\n                                    \/\/  PARALAX\n                                    \/\/\/\/\/\/\/\/\/\/\/\/\/\/\/\/\/\/\/\/\/\/\/\/\/\/\/\/\/\/\/\/\/\/\/\/\/\/\/\/\/\/\/\/\/\/\/\/\/\/\/\/\/\/\/\/\/\/\/\/\/\/\/\/\/\/\/\/\/\/\/\/\/\/\/\/\/\/\/\/\/\/\/\/\/\/\/\/\/\/\/\/\/\/\/\/\/\/\/\/\n                                    $( document ).ready(function() {\n                                        var bandeau = $('.ul-banner-parallax');\n                                        if (bandeau.length){\n                                            var imgpos = 50 - $( window ).scrollTop()\/20;\n                                            $('.ul-banner-parallax > .ul-post-thumbnail').css('background-position','50% '+imgpos+'%');\n                                            $( window ).scroll(function(){\n                                                imgpos = 50 - $( window ).scrollTop()\/10;\n                                                txtpos = 60 + $( window ).scrollTop()\/5;\n                                                frisepos = 25 + $( window ).scrollTop()\/10;\n                                                $('.ul-banner-parallax > .ul-post-thumbnail').css('background-position','50% '+imgpos+'%');\n                                                $('.ul-slogan').css('bottom',txtpos+'px');\n                                                $('.ul-frise-1').css('bottom',frisepos+'px');\n                                                \/\/$('.ul-texture').css('background-position',''+-frisepos+'%');\n                                            });\n                                        }\n                                    });\n                                <\/script>\n\n                                    <div class=\"container-fluid  \" style=\"\">\n                      <div class=\"container\">\n                <div class=\"row \" style=\"margin-top: 30px;margin-bottom: 30px\">        <div class=\"col-md-12 clearfix \">\n                    <div class=\"clearfix ul-element-text \">\n            \n<p style=\"text-align: justify\">LABEX \u03a3-LIM aims to answer to the scientific, technological, environmental and societal challenges defined in the National Research Strategy (RS) and in the Horizon Europe plan, by maintaining a basic research at high level and by valorizing the acquired knowledge. The added value brought by this LABEX is undeniable, with the emergence of breakthrough topics at the interface of the disciplines of the two laboratories, increased scientific production and valorization.<\/p>\n<p style=\"text-align: justify\">&nbsp;<\/p>\n<h3 class=\"ul-bold\" style=\"text-align: justify\"><strong>Research<\/strong><\/h3>\n<p style=\"text-align: justify\">LABEX \u03a3-LIM aims to develop innovative state of the art projects at the international level. This research support is achieved through the recruitment of PhD students, post-doctoral students, the development of development of breakthrough projects (maturation, etc.) and by promoting the research carried out. &nbsp;<\/p>\n<p style=\"text-align: justify\">&nbsp;<\/p>\n<h3 class=\"ul-bold\" style=\"text-align: justify\"><strong>Development of partnerships with industry and large organizations<\/strong><\/h3>\n<p style=\"text-align: justify\">Thanks to an excellent regional and national socio-economic environment, \u03a3-LIM can rely on high-performance structures in terms of project detection, creation of start-ups and support for patents: competitiveness clusters (Ceramic and Alpha-RLH), transfer centers (CISTEME, CTTC, CITRA ), AVRUL (University Valorization), SPV (CNRS Valorization), joint laboratories with companies, R\u00e9gion Nouvelle Aquitaine.<\/p>\n        <\/div>\n                <div class=\"\">\n                        <div class=\"panel panel-default\">\n                              <div class=\"panel-heading\">\n                    <h3 class=\"panel-title\"><i class=\"fa fa-fw fa-arrow-right\"><\/i>LABEX \/ Companies Days<\/h3>\n                <\/div>\n                              <div class=\"panel-body\">\n                  \n<p>The LABEX \/ Companies Days are organized twice a year and are intended to bring together the various economic actors, companies, and researchers around a scientific theme of the LABEX.<\/p>\n                <\/div>\n                          <\/div>\n                    <\/div>\n                <div class=\"clearfix ul-element-text \">\n            \n<h3 class=\"ul-bold\"><strong>Training <\/strong><br \/><\/h3>\n<p><\/p>\n<p>The target is to contribute to guarantee the excellence of the curricula, through innovative interdisciplinary courses of high level and the promotion of the international mobility of students. The interdisciplinary and in-depth courses promoted by LABEX are included in the Graduate School Ceramic &amp; ICT\u2013(TACTIC), which offers training of Excellence in the fields of Ceramics &amp; Information and Communication Technologies.<\/p>\n        <\/div>\n                <div class=\"\">\n                        <div class=\"panel panel-default\">\n                              <div class=\"panel-heading\">\n                    <h3 class=\"panel-title\"><i class=\"fa fa-fw fa-arrow-right\"><\/i>Sigma Tech Days<\/h3>\n                <\/div>\n                              <div class=\"panel-body\">\n                  \n<p style=\"text-align: justify\">Sigma Tech Days Workshops, major events of the LABEX, actively participates to its training policy. Open to researchers, PhD and post-doctoral students, they are organized once a year on one of LABEX&rsquo;s flagship themes.<\/p>\n                <\/div>\n                          <\/div>\n                    <\/div>\n                <\/div>\n        <\/div>\n            <\/div>\n                  <\/div>\n        \n","protected":false},"excerpt":{"rendered":"","protected":false},"author":194,"featured_media":0,"parent":832,"menu_order":0,"comment_status":"closed","ping_status":"closed","template":"page-le.php","meta":{"footnotes":""},"class_list":["post-1147","page","type-page","status-publish","hentry"],"yoast_head":"<!-- This site is optimized with the Yoast SEO plugin v26.5 - https:\/\/yoast.com\/wordpress\/plugins\/seo\/ -->\n<title>Missions - Laboratoire d&#039;Excellence \u2211-LIM<\/title>\n<meta name=\"robots\" content=\"index, follow, max-snippet:-1, max-image-preview:large, max-video-preview:-1\" \/>\n<link rel=\"canonical\" href=\"https:\/\/www.unilim.fr\/labex_sigmalim\/recherche\/missions\/?lang=en\" \/>\n<meta property=\"og:locale\" content=\"fr_FR\" \/>\n<meta property=\"og:type\" content=\"article\" \/>\n<meta property=\"og:title\" content=\"Missions - Laboratoire d&#039;Excellence \u2211-LIM\" \/>\n<meta property=\"og:url\" content=\"https:\/\/www.unilim.fr\/labex_sigmalim\/recherche\/missions\/?lang=en\" \/>\n<meta property=\"og:site_name\" content=\"Laboratoire d&#039;Excellence \u2211-LIM\" \/>\n<meta property=\"article:modified_time\" content=\"2021-03-19T16:56:16+00:00\" \/>\n<meta name=\"twitter:card\" content=\"summary_large_image\" \/>\n<meta name=\"twitter:label1\" content=\"Dur\u00e9e de lecture estim\u00e9e\" \/>\n\t<meta name=\"twitter:data1\" content=\"3 minutes\" \/>\n<script type=\"application\/ld+json\" class=\"yoast-schema-graph\">{\"@context\":\"https:\/\/schema.org\",\"@graph\":[{\"@type\":\"WebPage\",\"@id\":\"https:\/\/www.unilim.fr\/labex_sigmalim\/recherche\/missions\/?lang=en\",\"url\":\"https:\/\/www.unilim.fr\/labex_sigmalim\/recherche\/missions\/?lang=en\",\"name\":\"Missions - Laboratoire d&#039;Excellence \u2211-LIM\",\"isPartOf\":{\"@id\":\"https:\/\/www.unilim.fr\/labex_sigmalim\/#website\"},\"datePublished\":\"2021-03-19T10:32:09+00:00\",\"dateModified\":\"2021-03-19T16:56:16+00:00\",\"breadcrumb\":{\"@id\":\"https:\/\/www.unilim.fr\/labex_sigmalim\/recherche\/missions\/?lang=en#breadcrumb\"},\"inLanguage\":\"fr-FR\",\"potentialAction\":[{\"@type\":\"ReadAction\",\"target\":[\"https:\/\/www.unilim.fr\/labex_sigmalim\/recherche\/missions\/?lang=en\"]}]},{\"@type\":\"BreadcrumbList\",\"@id\":\"https:\/\/www.unilim.fr\/labex_sigmalim\/recherche\/missions\/?lang=en#breadcrumb\",\"itemListElement\":[{\"@type\":\"ListItem\",\"position\":1,\"name\":\"Accueil\",\"item\":\"https:\/\/www.unilim.fr\/labex_sigmalim\/\"},{\"@type\":\"ListItem\",\"position\":2,\"name\":\"\u2211-LIM\",\"item\":\"https:\/\/www.unilim.fr\/labex_sigmalim\/recherche\/?lang=en\"},{\"@type\":\"ListItem\",\"position\":3,\"name\":\"Missions\"}]},{\"@type\":\"WebSite\",\"@id\":\"https:\/\/www.unilim.fr\/labex_sigmalim\/#website\",\"url\":\"https:\/\/www.unilim.fr\/labex_sigmalim\/\",\"name\":\"Laboratoire d&#039;Excellence \u2211-LIM\",\"description\":\"Des mat\u00e9riaux et composants c\u00e9ramiques sp\u00e9cifiques aux syst\u00e8mes communicants int\u00e9gr\u00e9s, s\u00e9curis\u00e9s, et intelligents \",\"potentialAction\":[{\"@type\":\"SearchAction\",\"target\":{\"@type\":\"EntryPoint\",\"urlTemplate\":\"https:\/\/www.unilim.fr\/labex_sigmalim\/?s={search_term_string}\"},\"query-input\":{\"@type\":\"PropertyValueSpecification\",\"valueRequired\":true,\"valueName\":\"search_term_string\"}}],\"inLanguage\":\"fr-FR\"}]}<\/script>\n<!-- \/ Yoast SEO plugin. -->","yoast_head_json":{"title":"Missions - Laboratoire d&#039;Excellence \u2211-LIM","robots":{"index":"index","follow":"follow","max-snippet":"max-snippet:-1","max-image-preview":"max-image-preview:large","max-video-preview":"max-video-preview:-1"},"canonical":"https:\/\/www.unilim.fr\/labex_sigmalim\/recherche\/missions\/?lang=en","og_locale":"fr_FR","og_type":"article","og_title":"Missions - Laboratoire d&#039;Excellence \u2211-LIM","og_url":"https:\/\/www.unilim.fr\/labex_sigmalim\/recherche\/missions\/?lang=en","og_site_name":"Laboratoire d&#039;Excellence \u2211-LIM","article_modified_time":"2021-03-19T16:56:16+00:00","twitter_card":"summary_large_image","twitter_misc":{"Dur\u00e9e de lecture estim\u00e9e":"3 minutes"},"schema":{"@context":"https:\/\/schema.org","@graph":[{"@type":"WebPage","@id":"https:\/\/www.unilim.fr\/labex_sigmalim\/recherche\/missions\/?lang=en","url":"https:\/\/www.unilim.fr\/labex_sigmalim\/recherche\/missions\/?lang=en","name":"Missions - Laboratoire d&#039;Excellence \u2211-LIM","isPartOf":{"@id":"https:\/\/www.unilim.fr\/labex_sigmalim\/#website"},"datePublished":"2021-03-19T10:32:09+00:00","dateModified":"2021-03-19T16:56:16+00:00","breadcrumb":{"@id":"https:\/\/www.unilim.fr\/labex_sigmalim\/recherche\/missions\/?lang=en#breadcrumb"},"inLanguage":"fr-FR","potentialAction":[{"@type":"ReadAction","target":["https:\/\/www.unilim.fr\/labex_sigmalim\/recherche\/missions\/?lang=en"]}]},{"@type":"BreadcrumbList","@id":"https:\/\/www.unilim.fr\/labex_sigmalim\/recherche\/missions\/?lang=en#breadcrumb","itemListElement":[{"@type":"ListItem","position":1,"name":"Accueil","item":"https:\/\/www.unilim.fr\/labex_sigmalim\/"},{"@type":"ListItem","position":2,"name":"\u2211-LIM","item":"https:\/\/www.unilim.fr\/labex_sigmalim\/recherche\/?lang=en"},{"@type":"ListItem","position":3,"name":"Missions"}]},{"@type":"WebSite","@id":"https:\/\/www.unilim.fr\/labex_sigmalim\/#website","url":"https:\/\/www.unilim.fr\/labex_sigmalim\/","name":"Laboratoire d&#039;Excellence \u2211-LIM","description":"Des mat\u00e9riaux et composants c\u00e9ramiques sp\u00e9cifiques aux syst\u00e8mes communicants int\u00e9gr\u00e9s, s\u00e9curis\u00e9s, et intelligents ","potentialAction":[{"@type":"SearchAction","target":{"@type":"EntryPoint","urlTemplate":"https:\/\/www.unilim.fr\/labex_sigmalim\/?s={search_term_string}"},"query-input":{"@type":"PropertyValueSpecification","valueRequired":true,"valueName":"search_term_string"}}],"inLanguage":"fr-FR"}]}},"_links":{"self":[{"href":"https:\/\/www.unilim.fr\/labex_sigmalim\/wp-json\/wp\/v2\/pages\/1147","targetHints":{"allow":["GET"]}}],"collection":[{"href":"https:\/\/www.unilim.fr\/labex_sigmalim\/wp-json\/wp\/v2\/pages"}],"about":[{"href":"https:\/\/www.unilim.fr\/labex_sigmalim\/wp-json\/wp\/v2\/types\/page"}],"author":[{"embeddable":true,"href":"https:\/\/www.unilim.fr\/labex_sigmalim\/wp-json\/wp\/v2\/users\/194"}],"replies":[{"embeddable":true,"href":"https:\/\/www.unilim.fr\/labex_sigmalim\/wp-json\/wp\/v2\/comments?post=1147"}],"version-history":[{"count":0,"href":"https:\/\/www.unilim.fr\/labex_sigmalim\/wp-json\/wp\/v2\/pages\/1147\/revisions"}],"up":[{"embeddable":true,"href":"https:\/\/www.unilim.fr\/labex_sigmalim\/wp-json\/wp\/v2\/pages\/832"}],"wp:attachment":[{"href":"https:\/\/www.unilim.fr\/labex_sigmalim\/wp-json\/wp\/v2\/media?parent=1147"}],"curies":[{"name":"wp","href":"https:\/\/api.w.org\/{rel}","templated":true}]}}