{"id":994,"date":"2017-09-25T22:00:00","date_gmt":"2017-09-26T07:45:41","guid":{"rendered":"http:\/\/www.unilim.fr\/havae\/?page_id=994"},"modified":"2017-10-04T10:06:34","modified_gmt":"2017-10-04T10:06:34","slug":"maxime-billot","status":"publish","type":"page","link":"https:\/\/www.unilim.fr\/havae\/recherche\/doctorantsstagiaires\/maxime-billot\/","title":{"rendered":"Maxime Billot"},"content":{"rendered":"                        <div class=\"container-fluid bg-grad-right-gray-lighter ul-element-page-header \">\n                            <div class=\"container\">\n                                <div class=\"row\">\n                                    <div class=\"col-xs-12 hidden-xs text-dark\">\n                                                                                            <div class=\"ul-element-breadcrumb hidden-xs \">\n            \n                                <ol class='breadcrumb'>\n                                    <li>\n                                        <a href='http:\/\/www.unilim.fr\/havae'><i class='fa fa-home fa-lg fa-fw'><\/i><\/a>\n                                    <\/li><\/ol>        <\/div>\n                                                                                    <\/div>\n                                    <div class=\"col-xs-3 hidden-xs\">\n                                                                                    <div class=\"ul-element-logo-signal hidden-xs\" style=\"display: inline-block; position: relative; width: 100% ; margin-top: 23px; padding-bottom: 11.9284%;vertical-align: top;\">\n                <svg preserveAspectRatio=\"xMinYMin meet\" viewBox=\"0 0 503 60\" style=\"display: block;position: absolute;top: 0;left: 0;width:100%;max-width:100%;height:100%\">\n                      <g>\n                          <rect  opacity=\"0.3\"  x=\"0\" y=\"0\" width=\"142px\" height=\"60\" rx=\"6\" class=\" bg-primary\"><\/rect>\n                          <rect opacity=\"0.5\"  x=\"106\" y=\"0\" width=\"119px\" height=\"60\" rx=\"6\" class=\"bg-primary\"><\/rect>\n                          <rect opacity=\"0.6\"  x=\"207\" y=\"0\" width=\"84px\" height=\"60\" rx=\"6\" class=\" bg-primary\"><\/rect>\n                          <rect opacity=\"0.7\"  x=\"308\" y=\"0\" width=\"61px\" height=\"60\" rx=\"6\" class=\" bg-primary\"><\/rect>\n                          <rect opacity=\"0.8\"  x=\"390\" y=\"0\" width=\"29px\" height=\"60\" rx=\"6\" class=\" bg-primary\"><\/rect>\n                          <rect x=\"446\" y=\"0\" width=\"15px\" height=\"60\" rx=\"4\" class=\"                bg-primary\"><\/rect>\n                          <rect x=\"495\" y=\"0\" width=\"8px\" height=\"60\" rx=\"2\" class=\"                 bg-primary\"><\/rect>\n                      <\/g>\n                <\/svg>\n        <\/div>                                                                            <\/div>\n\n                                                                            <div class=\"col-sm-9 text-dark\">\n\n                                                                                                    <h1 class=\"blog-title text-primary ul-bold\">Maxime Billot                                                                                                            <\/h1>\n\n                                                    <br\/>\n                                                \n\n\n                                                \n                                                                                        <\/div>\n                                    \n                                <\/div>\n                            <\/div>\n                        <\/div>\n                                <div class=\"container-fluid  \" style=\"\">\n                      <div class=\"container\">\n                <div class=\"row \" style=\"margin-top: 30px;margin-bottom: 30px\">        <div class=\"col-sm-12 \">\n                        <div class=\"ul-element-personne \" style=\"margin: 15px 0; display: table;\">\n                <div style=\"display:table-row\" class=\"element-body\">\n                    <div style=\"display: table-cell; vertical-align: top;\" class=\"element-image\">\n                                                            <img decoding=\"async\" src=\"http:\/\/www.unilim.fr\/havae\/wp-content\/uploads\/sites\/5\/2017\/09\/M.-Billot-V2.jpg\" class=\"img pull-left\" style=\"width:80px;height:80px;margin-right:15px;\"\/>\n                                            <\/div>\n                    <div style=\"display: table-cell; vertical-align: top;\" class=\"element-content\">\n                        <h4>Maxime Billot<\/h4>\n                                                <p>\n                            <span>Docteur en Sciences et Techniques des Activit\u00e9s Physiques et Sportives (STAPS - 74\u00e8me section CNU) - Ing\u00e9nieur de recherche au CHU de Limoges<\/span><br\/>                                                                                <\/p>\n                                                <p style=\"white-space:nowrap;\">\n                            <i class=\"fa fa-phone fa-fw\"><\/i> <a href=\"tel:+33(0)519761743\">+33 (0)5 19 76 17 43<\/a><br\/>                                                                                                                                            <i class=\"fa fa-envelope-o fa-fw\"><\/i> <a href=\"mailto:maxime.billot@chu-limoges.fr\" target=\"_blank\">maxime.billot@chu-limoges.fr<\/a><br\/>                                                    <\/p>\n                        <p>\n                                                                                <\/p>\n                    <\/div>\n                <\/div>\n            <\/div>\n                <div class=\"\">\n            <hr\/>\n        <\/div>\n                <div class=\"clearfix ul-element-text \">\n            \n<p>&nbsp;&nbsp;<\/p>\n<h4 style=\"padding-left: 60px\"><span style=\"text-decoration: underline\">Th\u00e9matiques de recherche<\/span><\/h4>\n<h4 style=\"padding-left: 60px\"><\/h4>\n<p>Mes diff\u00e9rents projets de recherche s&rsquo;articulent autour de la plasticit\u00e9 neuromusculaire et de l&rsquo;int\u00e9gration sensorielle, notamment en lien avec le vieillissement. Ces deux axes principaux se d\u00e9clinent par des approches compl\u00e9mentaires au travers de la biom\u00e9canique, de la neurophysiologie et du contr\u00f4le moteur.<\/p>\n<ul>\n<li>Etude de l&rsquo;impact d&rsquo;un programme d&rsquo;activit\u00e9s physiques adapt\u00e9es et de suivi nutritionnel chez des personnes \u00e2g\u00e9es fragiles<\/li>\n<li>Etude de la plasticit\u00e9 neuromusculaire du contr\u00f4le de l&rsquo;activit\u00e9 musculaire en lien avec le vieillissement et l&rsquo;\u00e9quilibre postural<\/li>\n<li>Etude de l&rsquo;int\u00e9gration sensorielle lors du contr\u00f4le postural et de l&rsquo;apprentissage moteur chez les jeunes et les personnes \u00e2g\u00e9es<\/li>\n<li>Etude de l&rsquo;excitabilit\u00e9 cortico-spinale en condition de douleur, de fatigue \u00e9lectro-induite ou en t\u00e2che d&rsquo;attention soutenue<\/li>\n<li>Etude de l&rsquo;impact d&rsquo;un programme d&rsquo;entrainement par \u00e9lectrostimulation chez des footballeurs<\/li>\n<\/ul>\n<p>&nbsp;<\/p>\n<h4 style=\"padding-left: 60px\"><span style=\"text-decoration: underline\">Publications<\/span><\/h4>\n<p><span style=\"text-decoration: underline\"><\/span><\/p>\n<p><strong>2016<\/strong><\/p>\n<p><strong>Billot M<\/strong>, Teasdale N, Gagn\u00e9 Lemieux L, Germain-Robitaille M, Simoneau M (2016) Reduced plantar sole sensitivity facilitates early adaptation to a visual rotation pointing task when standing upright. J Hum Kinet; 52 (1): 65-74.<\/p>\n<p>&nbsp;<\/p>\n<p><strong>2015<\/strong><\/p>\n<p>Derosi\u00e8re G, <strong>Billot M<\/strong>, Ward T, Perrey S (2015) Adaptations of motor neural structures&rsquo; activity to lapses in attention. Cerebral Cortex; Jan;25(1):66-74<\/p>\n<p><strong>Billot M<\/strong>, Handrigan GA, Simoneau M, Teasdale N (2015) Reduced plantar sole sensitivity induces balance control modifications to compensate ankle tendon vibration and vision deprivation., J Electromyogr Kinesiol: Feb;25(1):155-60<\/p>\n<p>Fran\u00e7ois A, Derosi\u00e8re G, Papaiordanidou M, <strong>Billot M<\/strong>, Varray A. (2015) Cortical motor output decreases after neuromuscular fatigue induced by electrical stimulation of the plantar flexor muscles. Acta Physiologica (Oxf); May;214(1):124-34<\/p>\n<p>&nbsp;<\/p>\n<p><strong>2014<\/strong><\/p>\n<p>Papaiordanidou M, <strong>Billot M<\/strong>, Varray A, Martin A (2014) Neuromuscular Fatigue Is Not Different between Constant and Variable Frequency Stimulation. Plos One Jan; 9 (1) e84740<\/p>\n<p>Gagn\u00e9-Lemieux L, Simoneau M, Tessier JF, <strong>Billot M<\/strong>, Blouin J, Teasdale N (2014) Balance control interferes with the tracing performance of a mirror-inverted pattern in older persons. AGE; Apr;36(2):823-37<\/p>\n<p><strong>Billot M<\/strong>, Duclay J, Simoneau EM, Ballay Y, Martin A. (2014) Is co-contraction responsible for the decline in maximal knee joint torque in older males? AGE; Apr;36(2):899-910<\/p>\n<p>&nbsp;<\/p>\n<p><strong>2013<\/strong><\/p>\n<p><strong>Billot M<\/strong>, Handrigan GA, Simoneau M, Corbeil P, Teasdale N (2013) Short term alteration of balance control after a reduction of plantar mechanoreceptor sensation through cooling. Neurosci Lett. Feb 22;535:40-4<\/p>\n<p>&nbsp;<\/p>\n<p><strong>2011<\/strong><\/p>\n<p><strong>Billot M.<\/strong>, Simoneau E.M., Ballay Y., Van Hoecke J., Martin A. (2011) How the ankle joint angle alters the antagonist and agonist torque during maximal efforts in dorsi- and plantar flexion. Scand J Med Sci Sports. Dec; 21 (6):e273-81<\/p>\n<p>Maffiuletti N.A., Morelli A., Martin A., Duclay J., <strong>Billot M.<\/strong>, Jubeau M., Agosti F., Sartorio A. (2011) Effect of sex and obesity on electrical current thresholds. Muscle Nerve. Aug; 44 (2):202-7.<\/p>\n<p>&nbsp;<\/p>\n<p><strong>2010<\/strong><\/p>\n<p><strong>Billot, M.<\/strong>, Simoneau, E., Van Hoecke, J. and Martin, A., (2010). Coactivation at ankle joint is not sufficient to estimate agonist and antagonist mechanical contribution. Muscle Nerve.&nbsp; Apr; 41 (4): 511-8.<\/p>\n<p><strong>Billot M.<\/strong>, Simoneau E.M., Van Hoecke J., Martin A. (2010) Age-related relative increases in electromyography activity and torque according to the maximal capacity during upright standing. Eur J Appl Physiol; 109: 669-680.<\/p>\n<p><strong>Billot M<\/strong>, Martin A, Paizis C, Babault N, (2010). Effects of electrostimulation training program on strength, jump ability and ball speed on soccer players. J Strength Cond Res. May; 24 (5):1407-13.<\/p>\n<p>&nbsp;<\/p>\n<p><strong>2009<\/strong><\/p>\n<p>Simoneau E. M., <strong>Billot M.<\/strong>, Martin A. and Van Hoecke J., (2009). Antagonist mechanical contribution to resultant maximal torque at the ankle joint in young and older men. J Electromyogr Kinesiol. 19, e123-e131.<\/p>\n<p>&nbsp;<\/p>\n<p><strong>2008<\/strong><\/p>\n<p>Simoneau E. M., <strong>Billot M.<\/strong>, Martin A., Perennou D. and Van Hoecke, J., (2008). Difficult memory task during postural tasks of various difficulties in young and older people: a pilot study. Clin Neurophysiol. 119, 1158-1165.<\/p>\n<p><span style=\"background-color: transparent\">&nbsp;<\/span><\/p>\n<h4 style=\"padding-left: 60px\"><span style=\"text-decoration: underline\"><\/span><br \/><\/h4>\n<h4 style=\"padding-left: 60px\"><span style=\"text-decoration: underline\">Mots-cl\u00e9<\/span><\/h4>\n<p>Plasticit\u00e9 neuromusculaire &#8211; Vieillissement &#8211; Co-activation &#8211; Contr\u00f4le postural &#8211; Int\u00e9gration sensorielle &#8211; Fatigue &#8211; Electro-stimulation &#8211; Excitabilit\u00e9 cortico-spinale &#8211; Douleur &#8211; Activit\u00e9 Physique&nbsp;<\/p>\n        <\/div>\n                <\/div>\n        <\/div>\n            <\/div>\n                  <\/div>\n        \n","protected":false},"excerpt":{"rendered":"","protected":false},"author":7,"featured_media":0,"parent":65,"menu_order":0,"comment_status":"closed","ping_status":"closed","template":"page-le.php","meta":{"footnotes":""},"class_list":["post-994","page","type-page","status-publish","hentry"],"yoast_head":"<!-- This site is optimized with the Yoast SEO plugin v26.5 - https:\/\/yoast.com\/wordpress\/plugins\/seo\/ -->\n<title>Maxime Billot - HAVAE<\/title>\n<meta name=\"robots\" content=\"index, follow, max-snippet:-1, max-image-preview:large, max-video-preview:-1\" \/>\n<link rel=\"canonical\" href=\"https:\/\/www.unilim.fr\/havae\/recherche\/doctorantsstagiaires\/maxime-billot\/\" \/>\n<meta property=\"og:locale\" content=\"fr_FR\" \/>\n<meta property=\"og:type\" content=\"article\" \/>\n<meta property=\"og:title\" content=\"Maxime Billot - HAVAE\" \/>\n<meta property=\"og:url\" content=\"https:\/\/www.unilim.fr\/havae\/recherche\/doctorantsstagiaires\/maxime-billot\/\" \/>\n<meta property=\"og:site_name\" content=\"HAVAE\" \/>\n<meta property=\"article:modified_time\" content=\"2017-10-04T10:06:34+00:00\" \/>\n<meta name=\"twitter:label1\" content=\"Dur\u00e9e de lecture estim\u00e9e\" \/>\n\t<meta name=\"twitter:data1\" content=\"4 minutes\" \/>\n<script type=\"application\/ld+json\" class=\"yoast-schema-graph\">{\"@context\":\"https:\/\/schema.org\",\"@graph\":[{\"@type\":\"WebPage\",\"@id\":\"https:\/\/www.unilim.fr\/havae\/recherche\/doctorantsstagiaires\/maxime-billot\/\",\"url\":\"https:\/\/www.unilim.fr\/havae\/recherche\/doctorantsstagiaires\/maxime-billot\/\",\"name\":\"Maxime Billot - HAVAE\",\"isPartOf\":{\"@id\":\"https:\/\/www.unilim.fr\/havae\/#website\"},\"datePublished\":\"2017-09-26T07:45:41+00:00\",\"dateModified\":\"2017-10-04T10:06:34+00:00\",\"breadcrumb\":{\"@id\":\"https:\/\/www.unilim.fr\/havae\/recherche\/doctorantsstagiaires\/maxime-billot\/#breadcrumb\"},\"inLanguage\":\"fr-FR\",\"potentialAction\":[{\"@type\":\"ReadAction\",\"target\":[\"https:\/\/www.unilim.fr\/havae\/recherche\/doctorantsstagiaires\/maxime-billot\/\"]}]},{\"@type\":\"BreadcrumbList\",\"@id\":\"https:\/\/www.unilim.fr\/havae\/recherche\/doctorantsstagiaires\/maxime-billot\/#breadcrumb\",\"itemListElement\":[{\"@type\":\"ListItem\",\"position\":1,\"name\":\"Accueil\",\"item\":\"https:\/\/www.unilim.fr\/havae\/\"},{\"@type\":\"ListItem\",\"position\":2,\"name\":\"Recherche\",\"item\":\"https:\/\/www.unilim.fr\/havae\/recherche\/\"},{\"@type\":\"ListItem\",\"position\":3,\"name\":\"Doctorants\/Stagiaires\",\"item\":\"https:\/\/www.unilim.fr\/havae\/recherche\/doctorantsstagiaires\/\"},{\"@type\":\"ListItem\",\"position\":4,\"name\":\"Maxime Billot\"}]},{\"@type\":\"WebSite\",\"@id\":\"https:\/\/www.unilim.fr\/havae\/#website\",\"url\":\"https:\/\/www.unilim.fr\/havae\/\",\"name\":\"HAVAE\",\"description\":\"universit\u00e9 ouverte source de r\u00e9ussites\",\"potentialAction\":[{\"@type\":\"SearchAction\",\"target\":{\"@type\":\"EntryPoint\",\"urlTemplate\":\"https:\/\/www.unilim.fr\/havae\/?s={search_term_string}\"},\"query-input\":{\"@type\":\"PropertyValueSpecification\",\"valueRequired\":true,\"valueName\":\"search_term_string\"}}],\"inLanguage\":\"fr-FR\"}]}<\/script>\n<!-- \/ Yoast SEO plugin. -->","yoast_head_json":{"title":"Maxime Billot - HAVAE","robots":{"index":"index","follow":"follow","max-snippet":"max-snippet:-1","max-image-preview":"max-image-preview:large","max-video-preview":"max-video-preview:-1"},"canonical":"https:\/\/www.unilim.fr\/havae\/recherche\/doctorantsstagiaires\/maxime-billot\/","og_locale":"fr_FR","og_type":"article","og_title":"Maxime Billot - HAVAE","og_url":"https:\/\/www.unilim.fr\/havae\/recherche\/doctorantsstagiaires\/maxime-billot\/","og_site_name":"HAVAE","article_modified_time":"2017-10-04T10:06:34+00:00","twitter_misc":{"Dur\u00e9e de lecture estim\u00e9e":"4 minutes"},"schema":{"@context":"https:\/\/schema.org","@graph":[{"@type":"WebPage","@id":"https:\/\/www.unilim.fr\/havae\/recherche\/doctorantsstagiaires\/maxime-billot\/","url":"https:\/\/www.unilim.fr\/havae\/recherche\/doctorantsstagiaires\/maxime-billot\/","name":"Maxime Billot - HAVAE","isPartOf":{"@id":"https:\/\/www.unilim.fr\/havae\/#website"},"datePublished":"2017-09-26T07:45:41+00:00","dateModified":"2017-10-04T10:06:34+00:00","breadcrumb":{"@id":"https:\/\/www.unilim.fr\/havae\/recherche\/doctorantsstagiaires\/maxime-billot\/#breadcrumb"},"inLanguage":"fr-FR","potentialAction":[{"@type":"ReadAction","target":["https:\/\/www.unilim.fr\/havae\/recherche\/doctorantsstagiaires\/maxime-billot\/"]}]},{"@type":"BreadcrumbList","@id":"https:\/\/www.unilim.fr\/havae\/recherche\/doctorantsstagiaires\/maxime-billot\/#breadcrumb","itemListElement":[{"@type":"ListItem","position":1,"name":"Accueil","item":"https:\/\/www.unilim.fr\/havae\/"},{"@type":"ListItem","position":2,"name":"Recherche","item":"https:\/\/www.unilim.fr\/havae\/recherche\/"},{"@type":"ListItem","position":3,"name":"Doctorants\/Stagiaires","item":"https:\/\/www.unilim.fr\/havae\/recherche\/doctorantsstagiaires\/"},{"@type":"ListItem","position":4,"name":"Maxime Billot"}]},{"@type":"WebSite","@id":"https:\/\/www.unilim.fr\/havae\/#website","url":"https:\/\/www.unilim.fr\/havae\/","name":"HAVAE","description":"universit\u00e9 ouverte source de r\u00e9ussites","potentialAction":[{"@type":"SearchAction","target":{"@type":"EntryPoint","urlTemplate":"https:\/\/www.unilim.fr\/havae\/?s={search_term_string}"},"query-input":{"@type":"PropertyValueSpecification","valueRequired":true,"valueName":"search_term_string"}}],"inLanguage":"fr-FR"}]}},"publishpress_future_action":{"enabled":false,"date":"2026-05-02 00:49:06","action":"change-status","newStatus":"draft","terms":[],"taxonomy":"page_category","extraData":[]},"publishpress_future_workflow_manual_trigger":{"enabledWorkflows":[]},"_links":{"self":[{"href":"https:\/\/www.unilim.fr\/havae\/wp-json\/wp\/v2\/pages\/994","targetHints":{"allow":["GET"]}}],"collection":[{"href":"https:\/\/www.unilim.fr\/havae\/wp-json\/wp\/v2\/pages"}],"about":[{"href":"https:\/\/www.unilim.fr\/havae\/wp-json\/wp\/v2\/types\/page"}],"author":[{"embeddable":true,"href":"https:\/\/www.unilim.fr\/havae\/wp-json\/wp\/v2\/users\/7"}],"replies":[{"embeddable":true,"href":"https:\/\/www.unilim.fr\/havae\/wp-json\/wp\/v2\/comments?post=994"}],"version-history":[{"count":0,"href":"https:\/\/www.unilim.fr\/havae\/wp-json\/wp\/v2\/pages\/994\/revisions"}],"up":[{"embeddable":true,"href":"https:\/\/www.unilim.fr\/havae\/wp-json\/wp\/v2\/pages\/65"}],"wp:attachment":[{"href":"https:\/\/www.unilim.fr\/havae\/wp-json\/wp\/v2\/media?parent=994"}],"curies":[{"name":"wp","href":"https:\/\/api.w.org\/{rel}","templated":true}]}}