{"id":89,"date":"2022-10-20T00:00:00","date_gmt":"2014-03-21T14:38:42","guid":{"rendered":"http:\/\/www.unilim.fr\/havae\/?page_id=89"},"modified":"2025-08-27T08:14:34","modified_gmt":"2025-08-27T08:14:34","slug":"benoit-borel","status":"publish","type":"page","link":"https:\/\/www.unilim.fr\/havae\/havae-ur20217\/membres-de-lequipe-2\/benoit-borel\/","title":{"rendered":"Benoit Borel"},"content":{"rendered":"                        <div class=\"container-fluid bg-grad-right-gray-lighter ul-element-page-header \">\n                            <div class=\"container\">\n                                <div class=\"row\">\n                                    <div class=\"col-xs-12 hidden-xs text-dark\">\n                                                                                            <div class=\"ul-element-breadcrumb hidden-xs \">\n            \n                                <ol class='breadcrumb'>\n                                    <li>\n                                        <a href='http:\/\/www.unilim.fr\/havae'><i class='fa fa-home fa-lg fa-fw'><\/i><\/a>\n                                    <\/li><\/ol>        <\/div>\n                                                                                    <\/div>\n                                    <div class=\"col-xs-3 hidden-xs\">\n                                                                                    <div class=\"ul-element-logo-signal hidden-xs\" style=\"display: inline-block; position: relative; width: 100% ; margin-top: 23px; padding-bottom: 11.9284%;vertical-align: top;\">\n                <svg preserveAspectRatio=\"xMinYMin meet\" viewBox=\"0 0 503 60\" style=\"display: block;position: absolute;top: 0;left: 0;width:100%;max-width:100%;height:100%\">\n                      <g>\n                          <rect  opacity=\"0.3\"  x=\"0\" y=\"0\" width=\"142px\" height=\"60\" rx=\"6\" class=\" bg-primary\"><\/rect>\n                          <rect opacity=\"0.5\"  x=\"106\" y=\"0\" width=\"119px\" height=\"60\" rx=\"6\" class=\"bg-primary\"><\/rect>\n                          <rect opacity=\"0.6\"  x=\"207\" y=\"0\" width=\"84px\" height=\"60\" rx=\"6\" class=\" bg-primary\"><\/rect>\n                          <rect opacity=\"0.7\"  x=\"308\" y=\"0\" width=\"61px\" height=\"60\" rx=\"6\" class=\" bg-primary\"><\/rect>\n                          <rect opacity=\"0.8\"  x=\"390\" y=\"0\" width=\"29px\" height=\"60\" rx=\"6\" class=\" bg-primary\"><\/rect>\n                          <rect x=\"446\" y=\"0\" width=\"15px\" height=\"60\" rx=\"4\" class=\"                bg-primary\"><\/rect>\n                          <rect x=\"495\" y=\"0\" width=\"8px\" height=\"60\" rx=\"2\" class=\"                 bg-primary\"><\/rect>\n                      <\/g>\n                <\/svg>\n        <\/div>                                                                            <\/div>\n\n                                                                            <div class=\"col-sm-9 text-dark\">\n\n                                                                                                    <h1 class=\"blog-title text-primary ul-bold\">Benoit Borel                                                                                                            <\/h1>\n\n                                                    <br\/>\n                                                \n\n\n                                                \n                                                                                        <\/div>\n                                    \n                                <\/div>\n                            <\/div>\n                        <\/div>\n                                <div class=\"container-fluid  \" style=\"\">\n                      <div class=\"container\">\n                <div class=\"row \" style=\"margin-top: 30px;margin-bottom: 30px\">        <div class=\"col-md-12 \">\n                        <div class=\"ul-element-personne \" style=\"margin: 15px 0; display: table;\">\n                <div style=\"display:table-row\" class=\"element-body\">\n                    <div style=\"display: table-cell; vertical-align: top;\" class=\"element-image\">\n                                                            <img decoding=\"async\" src=\"https:\/\/www.unilim.fr\/havae\/wp-content\/uploads\/sites\/5\/2022\/10\/images-1.jpeg\" class=\"img pull-left\" style=\"width:80px;height:80px;margin-right:15px;\"\/>\n                                            <\/div>\n                    <div style=\"display: table-cell; vertical-align: top;\" class=\"element-content\">\n                        <h4>Borel Benoit<\/h4>\n                                                <p>\n                            <span>Docteur en Sciences et Techniques des Activit\u00e9s Physiques et Sportives (STAPS - 74\u00e8me section CNU) - Maitre de Conf\u00e9rence au D\u00e9partement STAPS de l'Universit\u00e9 de Limoges<\/span><br\/>                                                                                <\/p>\n                                                <p style=\"white-space:nowrap;\">\n                            <i class=\"fa fa-phone fa-fw\"><\/i> <a href=\"tel:+33(0)555457632\">+33 (0)5 55 45 76 32<\/a><br\/>                                                                                                                                            <i class=\"fa fa-envelope-o fa-fw\"><\/i> <a href=\"mailto:benoit.borel@unilim.fr\" target=\"_blank\">benoit.borel@unilim.fr<\/a><br\/>                                                    <\/p>\n                        <p>\n                                                                                <\/p>\n                    <\/div>\n                <\/div>\n            <\/div>\n                <div class=\"row\">\n                    <div class=\"col-sm-6\">\n                    <div class=\" text-center btn-fullwidth \">\n            <a role=\"button\" href=\"https:\/\/twitter.com\/be_borel\" target=\"_blank\" class=\"ul-btn-margin ul-bold btn btn-primary \">\n                                    <i class=\"fa fa-fw fa-twitter-square\"><\/i>\n                                @be_borel            <\/a>\n        <\/div>\n                <\/div>\n                <div class=\"col-sm-6\">\n                    <div class=\" text-center btn-fullwidth \">\n            <a role=\"button\" href=\"https:\/\/www.linkedin.com\/in\/benoit-borel-00060953\/\" target=\"_blank\" class=\"ul-btn-margin ul-bold btn btn-primary \">\n                                    <i class=\"fa fa-fw fa-linkedin-square\"><\/i>\n                                Benoit Borel            <\/a>\n        <\/div>\n                <\/div>\n                <\/div>\n                <div class=\"\">\n                        <div class=\"panel panel-primary\">\n                              <div class=\"panel-body\">\n                  \n<p><strong>&nbsp;<\/strong><\/p>\n<p><span style=\"text-decoration: underline\"><strong>Researchgate&nbsp;:<\/strong><\/span>&nbsp;<a href=\"https:\/\/www.researchgate.net\/profile\/Benoit_Borel\">https:\/\/www.researchgate.net\/profile\/Benoit_Borel<\/a><a href=\"https:\/\/www.researchgate.net\/profile\/Benoit_Borel\"><\/a>.&nbsp; &nbsp; &nbsp; &nbsp; &nbsp; &nbsp; &nbsp; &nbsp; &nbsp; &nbsp; &nbsp; &nbsp;&nbsp;<\/p>\n<\/p>\n<p><span style=\"text-decoration: underline\"><strong>ORCID :<\/strong><\/span>&nbsp;<a href=\"https:\/\/orcid.org\/0000-0003-2438-2093\">https:\/\/orcid.org\/0000-0003-2438-2093<\/a>&nbsp;<a href=\"http:\/\/www.unilim.fr\/havae\/wp-content\/uploads\/sites\/5\/2020\/03\/ORCID-Benoit-e1585040427307.png\" class=\"\"><img loading=\"lazy\" decoding=\"async\" alt=\"\" src=\"http:\/\/www.unilim.fr\/havae\/wp-content\/uploads\/sites\/5\/2020\/03\/ORCID-Benoit-300x300.png\" class=\"alignnone wp-image-1255\" width=\"71\" height=\"71\" \/><\/a><\/p>\n                <\/div>\n                          <\/div>\n                    <\/div>\n                <div class=\"\">\n            <hr\/>\n        <\/div>\n                <div class=\"clearfix ul-element-text \">\n            \n<h4 style=\"text-align: justify;padding-left: 60px\"><\/h4>\n<h4 style=\"text-align: justify;padding-left: 60px\"><span style=\"text-decoration: underline\">Th\u00e9matiques de recherche<\/span><\/h4>\n<p><span style=\"text-decoration: underline\">&nbsp;<\/span><\/p>\n<ul>\n<li style=\"text-align: justify\">T\u00e9l\u00e9r\u00e9adaptation et T\u00e9l\u00e9exercice pour l&rsquo;incitation \u00e0 l&rsquo;AP<\/li>\n<li style=\"text-align: justify\">Individualisation et Optimisation des programmes et modalit\u00e9s d&rsquo;intervention dans les affections chroniques.<\/li>\n<li style=\"text-align: justify\">Etude des d\u00e9terminants du niveau d&rsquo;activit\u00e9 physique\/identification des \u00e9l\u00e9ments facilitateurs\/barri\u00e8res<\/li>\n<li style=\"text-align: justify\">Elaboration et \u00e9valuation des strat\u00e9gies d&rsquo;intervention pour l&rsquo;incitation \u00e0 l&rsquo;activit\u00e9 physique chez le malade respiratoire chronique.<\/li>\n<li style=\"text-align: justify\">Etude des effets&nbsp;de la modalit\u00e9 d\u2019exercice (modalit\u00e9 intermittente et continue) sur les adaptations physiologiques \u00e0 l&rsquo;effort<\/li>\n<li style=\"text-align: justify\">Approche m\u00e9thodologique des tests d&rsquo;\u00e9valuation\/tests d&rsquo;effort chez le patient malade respiratoire chronique.<\/li>\n<li style=\"text-align: justify\">Etude des adaptations cardiorespiratoires \u00e0 l&rsquo;exercice chez des sujets atteints de BPCO.<\/li>\n<\/ul>\n<p>&nbsp;<\/p>\n<h4 style=\"padding-left: 60px\"><span style=\"text-decoration: underline\">Principaux projets<\/span><\/h4>\n<p>&nbsp;<\/p>\n<ul>\n<li><a href=\"http:\/\/www.unilim.fr\/havae\/recherche\/projetstheses-en-cours\/\">Projet STEPSAT<\/a>&nbsp;:&nbsp; Etude m\u00e9thodologique du test de step de 3 minutes \u00e0 cadence fixe pour la d\u00e9termination des ph\u00e9nom\u00e8nes de d\u00e9saturation chez le patient IRCO. Financement ALAIR-AVD.<\/li>\n<li>Projet APMuco : Quantification du niveau d&rsquo;activit\u00e9 physique chez le patient atteint de mucoviscidose et \u00e9tude des d\u00e9terminants (barri\u00e8res\/facilitateurs). Collaboration avec le CRCM de Limoges et le r\u00e9seau MucoSud. Financement ALAIR-AVD.<\/li>\n<li>Projet Mucovisio : T\u00e9l\u00e9exercice chez le patient atteint de mucoviscidose.&nbsp;&nbsp;<\/li>\n<li>Projet T\u00e9l\u00e9sant\u00e9 : La t\u00e9l\u00e9sant\u00e9 comme modalit\u00e9 novatrice dans l&rsquo;accompagnement et le suivi \u00e0 distance des maladies respiratoires chroniques. Financement en attente<\/li>\n<\/ul>\n<p>&nbsp;<\/p>\n<h4 style=\"padding-left: 60px\"><span style=\"text-decoration: underline\">Mots-cl\u00e9<\/span><\/h4>\n<p><span style=\"text-decoration: underline\"><\/span>&nbsp;<\/p>\n<p>Activit\u00e9 physique adapt\u00e9e ; Maladie respiratoire chronique ; Exercice ;&nbsp; Evaluation physique ; physiologie respiratoire ; Activit\u00e9 physique ; T\u00e9l\u00e9sant\u00e9 ; Strat\u00e9gie d&rsquo;intervention.<br \/><span style=\"text-decoration: underline\"><\/span><\/p>\n        <\/div>\n                <\/div>\n        <\/div>\n            <\/div>\n                  <\/div>\n        \n","protected":false},"excerpt":{"rendered":"","protected":false},"author":1,"featured_media":0,"parent":63,"menu_order":0,"comment_status":"closed","ping_status":"closed","template":"page-le.php","meta":{"footnotes":""},"class_list":["post-89","page","type-page","status-publish","hentry"],"yoast_head":"<!-- This site is optimized with the Yoast SEO plugin v26.5 - https:\/\/yoast.com\/wordpress\/plugins\/seo\/ -->\n<title>Benoit Borel - HAVAE<\/title>\n<meta name=\"robots\" content=\"index, follow, max-snippet:-1, max-image-preview:large, max-video-preview:-1\" \/>\n<link rel=\"canonical\" href=\"https:\/\/www.unilim.fr\/havae\/havae-ur20217\/membres-de-lequipe-2\/benoit-borel\/\" \/>\n<meta property=\"og:locale\" content=\"fr_FR\" \/>\n<meta property=\"og:type\" content=\"article\" \/>\n<meta property=\"og:title\" content=\"Benoit Borel - HAVAE\" \/>\n<meta property=\"og:url\" content=\"https:\/\/www.unilim.fr\/havae\/havae-ur20217\/membres-de-lequipe-2\/benoit-borel\/\" \/>\n<meta property=\"og:site_name\" content=\"HAVAE\" \/>\n<meta property=\"article:modified_time\" content=\"2025-08-27T08:14:34+00:00\" \/>\n<meta property=\"og:image\" content=\"http:\/\/www.unilim.fr\/havae\/wp-content\/uploads\/sites\/5\/2020\/03\/ORCID-Benoit-300x300.png\" \/>\n<meta name=\"twitter:label1\" content=\"Dur\u00e9e de lecture estim\u00e9e\" \/>\n\t<meta name=\"twitter:data1\" content=\"2 minutes\" \/>\n<script type=\"application\/ld+json\" class=\"yoast-schema-graph\">{\"@context\":\"https:\/\/schema.org\",\"@graph\":[{\"@type\":\"WebPage\",\"@id\":\"https:\/\/www.unilim.fr\/havae\/havae-ur20217\/membres-de-lequipe-2\/benoit-borel\/\",\"url\":\"https:\/\/www.unilim.fr\/havae\/havae-ur20217\/membres-de-lequipe-2\/benoit-borel\/\",\"name\":\"Benoit Borel - HAVAE\",\"isPartOf\":{\"@id\":\"https:\/\/www.unilim.fr\/havae\/#website\"},\"primaryImageOfPage\":{\"@id\":\"https:\/\/www.unilim.fr\/havae\/havae-ur20217\/membres-de-lequipe-2\/benoit-borel\/#primaryimage\"},\"image\":{\"@id\":\"https:\/\/www.unilim.fr\/havae\/havae-ur20217\/membres-de-lequipe-2\/benoit-borel\/#primaryimage\"},\"thumbnailUrl\":\"http:\/\/www.unilim.fr\/havae\/wp-content\/uploads\/sites\/5\/2020\/03\/ORCID-Benoit-300x300.png\",\"datePublished\":\"2014-03-21T14:38:42+00:00\",\"dateModified\":\"2025-08-27T08:14:34+00:00\",\"breadcrumb\":{\"@id\":\"https:\/\/www.unilim.fr\/havae\/havae-ur20217\/membres-de-lequipe-2\/benoit-borel\/#breadcrumb\"},\"inLanguage\":\"fr-FR\",\"potentialAction\":[{\"@type\":\"ReadAction\",\"target\":[\"https:\/\/www.unilim.fr\/havae\/havae-ur20217\/membres-de-lequipe-2\/benoit-borel\/\"]}]},{\"@type\":\"ImageObject\",\"inLanguage\":\"fr-FR\",\"@id\":\"https:\/\/www.unilim.fr\/havae\/havae-ur20217\/membres-de-lequipe-2\/benoit-borel\/#primaryimage\",\"url\":\"http:\/\/www.unilim.fr\/havae\/wp-content\/uploads\/sites\/5\/2020\/03\/ORCID-Benoit-300x300.png\",\"contentUrl\":\"http:\/\/www.unilim.fr\/havae\/wp-content\/uploads\/sites\/5\/2020\/03\/ORCID-Benoit-300x300.png\"},{\"@type\":\"BreadcrumbList\",\"@id\":\"https:\/\/www.unilim.fr\/havae\/havae-ur20217\/membres-de-lequipe-2\/benoit-borel\/#breadcrumb\",\"itemListElement\":[{\"@type\":\"ListItem\",\"position\":1,\"name\":\"Accueil\",\"item\":\"https:\/\/www.unilim.fr\/havae\/\"},{\"@type\":\"ListItem\",\"position\":2,\"name\":\"HAVAE &#8211; UR20217\",\"item\":\"https:\/\/www.unilim.fr\/havae\/havae-ur20217\/\"},{\"@type\":\"ListItem\",\"position\":3,\"name\":\"Membres de l&rsquo;\u00e9quipe\",\"item\":\"https:\/\/www.unilim.fr\/havae\/havae-ur20217\/membres-de-lequipe-2\/\"},{\"@type\":\"ListItem\",\"position\":4,\"name\":\"Benoit Borel\"}]},{\"@type\":\"WebSite\",\"@id\":\"https:\/\/www.unilim.fr\/havae\/#website\",\"url\":\"https:\/\/www.unilim.fr\/havae\/\",\"name\":\"HAVAE\",\"description\":\"universit\u00e9 ouverte source de r\u00e9ussites\",\"potentialAction\":[{\"@type\":\"SearchAction\",\"target\":{\"@type\":\"EntryPoint\",\"urlTemplate\":\"https:\/\/www.unilim.fr\/havae\/?s={search_term_string}\"},\"query-input\":{\"@type\":\"PropertyValueSpecification\",\"valueRequired\":true,\"valueName\":\"search_term_string\"}}],\"inLanguage\":\"fr-FR\"}]}<\/script>\n<!-- \/ Yoast SEO plugin. -->","yoast_head_json":{"title":"Benoit Borel - HAVAE","robots":{"index":"index","follow":"follow","max-snippet":"max-snippet:-1","max-image-preview":"max-image-preview:large","max-video-preview":"max-video-preview:-1"},"canonical":"https:\/\/www.unilim.fr\/havae\/havae-ur20217\/membres-de-lequipe-2\/benoit-borel\/","og_locale":"fr_FR","og_type":"article","og_title":"Benoit Borel - HAVAE","og_url":"https:\/\/www.unilim.fr\/havae\/havae-ur20217\/membres-de-lequipe-2\/benoit-borel\/","og_site_name":"HAVAE","article_modified_time":"2025-08-27T08:14:34+00:00","og_image":[{"url":"http:\/\/www.unilim.fr\/havae\/wp-content\/uploads\/sites\/5\/2020\/03\/ORCID-Benoit-300x300.png","type":"","width":"","height":""}],"twitter_misc":{"Dur\u00e9e de lecture estim\u00e9e":"2 minutes"},"schema":{"@context":"https:\/\/schema.org","@graph":[{"@type":"WebPage","@id":"https:\/\/www.unilim.fr\/havae\/havae-ur20217\/membres-de-lequipe-2\/benoit-borel\/","url":"https:\/\/www.unilim.fr\/havae\/havae-ur20217\/membres-de-lequipe-2\/benoit-borel\/","name":"Benoit Borel - HAVAE","isPartOf":{"@id":"https:\/\/www.unilim.fr\/havae\/#website"},"primaryImageOfPage":{"@id":"https:\/\/www.unilim.fr\/havae\/havae-ur20217\/membres-de-lequipe-2\/benoit-borel\/#primaryimage"},"image":{"@id":"https:\/\/www.unilim.fr\/havae\/havae-ur20217\/membres-de-lequipe-2\/benoit-borel\/#primaryimage"},"thumbnailUrl":"http:\/\/www.unilim.fr\/havae\/wp-content\/uploads\/sites\/5\/2020\/03\/ORCID-Benoit-300x300.png","datePublished":"2014-03-21T14:38:42+00:00","dateModified":"2025-08-27T08:14:34+00:00","breadcrumb":{"@id":"https:\/\/www.unilim.fr\/havae\/havae-ur20217\/membres-de-lequipe-2\/benoit-borel\/#breadcrumb"},"inLanguage":"fr-FR","potentialAction":[{"@type":"ReadAction","target":["https:\/\/www.unilim.fr\/havae\/havae-ur20217\/membres-de-lequipe-2\/benoit-borel\/"]}]},{"@type":"ImageObject","inLanguage":"fr-FR","@id":"https:\/\/www.unilim.fr\/havae\/havae-ur20217\/membres-de-lequipe-2\/benoit-borel\/#primaryimage","url":"http:\/\/www.unilim.fr\/havae\/wp-content\/uploads\/sites\/5\/2020\/03\/ORCID-Benoit-300x300.png","contentUrl":"http:\/\/www.unilim.fr\/havae\/wp-content\/uploads\/sites\/5\/2020\/03\/ORCID-Benoit-300x300.png"},{"@type":"BreadcrumbList","@id":"https:\/\/www.unilim.fr\/havae\/havae-ur20217\/membres-de-lequipe-2\/benoit-borel\/#breadcrumb","itemListElement":[{"@type":"ListItem","position":1,"name":"Accueil","item":"https:\/\/www.unilim.fr\/havae\/"},{"@type":"ListItem","position":2,"name":"HAVAE &#8211; UR20217","item":"https:\/\/www.unilim.fr\/havae\/havae-ur20217\/"},{"@type":"ListItem","position":3,"name":"Membres de l&rsquo;\u00e9quipe","item":"https:\/\/www.unilim.fr\/havae\/havae-ur20217\/membres-de-lequipe-2\/"},{"@type":"ListItem","position":4,"name":"Benoit Borel"}]},{"@type":"WebSite","@id":"https:\/\/www.unilim.fr\/havae\/#website","url":"https:\/\/www.unilim.fr\/havae\/","name":"HAVAE","description":"universit\u00e9 ouverte source de r\u00e9ussites","potentialAction":[{"@type":"SearchAction","target":{"@type":"EntryPoint","urlTemplate":"https:\/\/www.unilim.fr\/havae\/?s={search_term_string}"},"query-input":{"@type":"PropertyValueSpecification","valueRequired":true,"valueName":"search_term_string"}}],"inLanguage":"fr-FR"}]}},"publishpress_future_action":{"enabled":false,"date":"2026-05-01 16:19:14","action":"change-status","newStatus":"draft","terms":[],"taxonomy":"page_category","extraData":[]},"publishpress_future_workflow_manual_trigger":{"enabledWorkflows":[]},"_links":{"self":[{"href":"https:\/\/www.unilim.fr\/havae\/wp-json\/wp\/v2\/pages\/89","targetHints":{"allow":["GET"]}}],"collection":[{"href":"https:\/\/www.unilim.fr\/havae\/wp-json\/wp\/v2\/pages"}],"about":[{"href":"https:\/\/www.unilim.fr\/havae\/wp-json\/wp\/v2\/types\/page"}],"author":[{"embeddable":true,"href":"https:\/\/www.unilim.fr\/havae\/wp-json\/wp\/v2\/users\/1"}],"replies":[{"embeddable":true,"href":"https:\/\/www.unilim.fr\/havae\/wp-json\/wp\/v2\/comments?post=89"}],"version-history":[{"count":2,"href":"https:\/\/www.unilim.fr\/havae\/wp-json\/wp\/v2\/pages\/89\/revisions"}],"predecessor-version":[{"id":2750,"href":"https:\/\/www.unilim.fr\/havae\/wp-json\/wp\/v2\/pages\/89\/revisions\/2750"}],"up":[{"embeddable":true,"href":"https:\/\/www.unilim.fr\/havae\/wp-json\/wp\/v2\/pages\/63"}],"wp:attachment":[{"href":"https:\/\/www.unilim.fr\/havae\/wp-json\/wp\/v2\/media?parent=89"}],"curies":[{"name":"wp","href":"https:\/\/api.w.org\/{rel}","templated":true}]}}