{"id":885,"date":"2019-04-29T22:00:00","date_gmt":"2016-11-29T09:33:42","guid":{"rendered":"http:\/\/www.unilim.fr\/havae\/?page_id=885"},"modified":"2020-03-24T09:38:45","modified_gmt":"2020-03-24T09:38:45","slug":"beatrice-ferry","status":"publish","type":"page","link":"https:\/\/www.unilim.fr\/havae\/havae-ur20217\/membres-de-lequipe-2\/beatrice-ferry\/","title":{"rendered":"B\u00e9atrice Ferry"},"content":{"rendered":"                        <div class=\"container-fluid bg-grad-right-gray-lighter ul-element-page-header \">\n                            <div class=\"container\">\n                                <div class=\"row\">\n                                    <div class=\"col-xs-12 hidden-xs text-dark\">\n                                                                                            <div class=\"ul-element-breadcrumb hidden-xs \">\n            \n                                <ol class='breadcrumb'>\n                                    <li>\n                                        <a href='http:\/\/www.unilim.fr\/havae'><i class='fa fa-home fa-lg fa-fw'><\/i><\/a>\n                                    <\/li><\/ol>        <\/div>\n                                                                                    <\/div>\n                                    <div class=\"col-xs-0 hidden-xs\">\n                                                                            <\/div>\n\n                                                                            <div class=\"col-xs-12 text-dark\">\n\n                                                                                                    <h1 class=\"blog-title text-primary ul-bold\">B\u00e9atrice Ferry                                                                                                            <\/h1>\n\n                                                    <br\/>\n                                                \n\n\n                                                \n                                                                                        <\/div>\n                                    \n                                <\/div>\n                            <\/div>\n                        <\/div>\n                                <div class=\"container-fluid  \" style=\"\">\n                      <div class=\"container\">\n                <div class=\"row \" style=\"margin-top: 30px;margin-bottom: 30px\">        <div class=\"col-sm-12 \">\n                        <div class=\"ul-element-personne \" style=\"margin: 15px 0; display: table;\">\n                <div style=\"display:table-row\" class=\"element-body\">\n                    <div style=\"display: table-cell; vertical-align: top;\" class=\"element-image\">\n                                            <\/div>\n                    <div style=\"display: table-cell; vertical-align: top;\" class=\"element-content\">\n                        <h4>Ferry B\u00e9atrice<\/h4>\n                                                <p>\n                            <span>Docteur en Sciences et Techniques des Activit\u00e9s Physiques et Sportives (STAPS - 74\u00e8me section CNU) - Maitresse de Conf\u00e9rence \u2013 Facult\u00e9 des Sciences et Techniques, D\u00e9partement STAPS, Universit\u00e9 de Limoges.<\/span><br\/>                                                                                <\/p>\n                                                <p style=\"white-space:nowrap;\">\n                            <i class=\"fa fa-phone fa-fw\"><\/i> <a href=\"tel:+33(0)555864805\">+33 (0)5 55 86 48 05<\/a><br\/>                                                                                                                                            <i class=\"fa fa-envelope-o fa-fw\"><\/i> <a href=\"mailto:beatrice.ferry@unilim.fr\" target=\"_blank\">beatrice.ferry@unilim.fr<\/a><br\/>                                                    <\/p>\n                        <p>\n                                                                                <\/p>\n                    <\/div>\n                <\/div>\n            <\/div>\n                <div class=\"\">\n                        <div class=\"panel panel-primary\">\n                              <div class=\"panel-body\">\n                  \n<p><span style=\"text-decoration: underline\"><strong>ORCID :<\/strong><\/span>&nbsp;&nbsp;<a href=\"http:\/\/www.unilim.fr\/havae\/wp-content\/uploads\/sites\/5\/2020\/03\/ORCID-Be\u0301atrice.jpg\" class=\"\"><img loading=\"lazy\" decoding=\"async\" alt=\"\" src=\"http:\/\/www.unilim.fr\/havae\/wp-content\/uploads\/sites\/5\/2020\/03\/ORCID-Be\u0301atrice.jpg\" class=\"alignnone wp-image-1261\" width=\"71\" height=\"71\" \/><\/a><\/p>\n                <\/div>\n                          <\/div>\n                    <\/div>\n                <div class=\"\">\n            <hr\/>\n        <\/div>\n                <div class=\"clearfix ul-element-text \">\n            \n<p><\/p>\n<h4 style=\"padding-left: 60px;text-align: justify\"><span style=\"text-decoration: underline\">Th\u00e9matiques de recherche<\/span><\/h4>\n<h4 style=\"text-align: justify\">&nbsp;&nbsp;<\/h4>\n<ul>\n<li>\u00c9tude des relations (ou interactions) entre les d\u00e9ficiences, l\u2019activit\u00e9 de marche et la participation sociale chez le patient post-AVC&nbsp;:<\/li>\n<\/ul>\n<ol>\n<ol>\n<ol>\n<li><span style=\"background-color: transparent\">D\u00e9terminants de la mobilit\u00e9 en vie r\u00e9elle<\/span><\/li>\n<li>Place de la d\u00e9ficience motrice, en particulier de la cheville dans l\u2019activit\u00e9 de marche<\/li>\n<\/ol>\n<\/ol>\n<\/ol>\n<ul>\n<li><span style=\"background-color: transparent\">\u00c9valuation des d\u00e9ficiences motrices chez les patients post-AVC<\/span><\/li>\n<li>Effet d\u2019une strat\u00e9gie th\u00e9rapeutique orient\u00e9e vers la cheville sur l\u2019activit\u00e9 de marche chez le patient post-AVC&nbsp;<\/li>\n<\/ul>\n<p>&nbsp;<\/p>\n<h4 style=\"padding-left: 60px;text-align: justify\"><span style=\"text-decoration: underline\">Principal projet<\/span>&nbsp;&nbsp;<\/h4>\n<p>&nbsp;&nbsp;<\/p>\n<ul>\n<li><a href=\"http:\/\/www.unilim.fr\/havae\/recherche\/projetstheses-en-cours\/\">PHRC WAKE<\/a>&nbsp;(Walking Ankle isoKinetic Exercise)&nbsp;: R\u00e9veil de la commande des releveurs du pied chez le sujet h\u00e9mipl\u00e9gique post AVC pour am\u00e9liorer l\u2019activit\u00e9 de marche et la participation sociale : \u00e9tude interventionnelle exp\u00e9rimentale.<\/li>\n<\/ul>\n<p>Projet multicentrique impliquant les CHU de Limoges (promoteur) Poitiers, Bordeaux et Marseille et le centre de r\u00e9\u00e9ducation Les embruns \u00e0 Bidard. Ce projet a pour objectif principal d\u2019\u00e9valuer l\u2019impact d\u2019un programme de mobilisation analytique et r\u00e9p\u00e9titive de la cheville (associ\u00e9 \u00e0 une r\u00e9\u00e9ducation conventionnelle comprenant un r\u00e9entrainement r\u00e9p\u00e9titif \u00e0 la marche) sur la vitesse de marche en fin d\u2019intervention (6 semaines). L\u2019impact de ce programme sur la participation sociale \u00e0 6 mois et un an sera analys\u00e9.<\/p>\n<p>&nbsp;<\/p>\n<h4 style=\"padding-left: 60px;text-align: justify\"><span style=\"text-decoration: underline\">Mots-cl\u00e9<\/span><\/h4>\n<p>&nbsp;<br \/>Handicap ; Activit\u00e9 \u00e9cologique ; Marche ; AVC ; Participation sociale ; Activit\u00e9 physique ; Exercice ; Vieillissement.<\/p>\n        <\/div>\n                <\/div>\n        <\/div>\n            <\/div>\n                  <\/div>\n        \n","protected":false},"excerpt":{"rendered":"","protected":false},"author":7,"featured_media":0,"parent":63,"menu_order":0,"comment_status":"closed","ping_status":"closed","template":"page-le.php","meta":{"footnotes":""},"class_list":["post-885","page","type-page","status-publish","hentry"],"yoast_head":"<!-- This site is optimized with the Yoast SEO plugin v26.5 - https:\/\/yoast.com\/wordpress\/plugins\/seo\/ -->\n<title>B\u00e9atrice Ferry - HAVAE<\/title>\n<meta name=\"robots\" content=\"index, follow, max-snippet:-1, max-image-preview:large, max-video-preview:-1\" \/>\n<link rel=\"canonical\" href=\"https:\/\/www.unilim.fr\/havae\/havae-ur20217\/membres-de-lequipe-2\/beatrice-ferry\/\" \/>\n<meta property=\"og:locale\" content=\"fr_FR\" \/>\n<meta property=\"og:type\" content=\"article\" \/>\n<meta property=\"og:title\" content=\"B\u00e9atrice Ferry - HAVAE\" \/>\n<meta property=\"og:url\" content=\"https:\/\/www.unilim.fr\/havae\/havae-ur20217\/membres-de-lequipe-2\/beatrice-ferry\/\" \/>\n<meta property=\"og:site_name\" content=\"HAVAE\" \/>\n<meta property=\"article:modified_time\" content=\"2020-03-24T09:38:45+00:00\" \/>\n<meta name=\"twitter:label1\" content=\"Dur\u00e9e de lecture estim\u00e9e\" \/>\n\t<meta name=\"twitter:data1\" content=\"2 minutes\" \/>\n<script type=\"application\/ld+json\" class=\"yoast-schema-graph\">{\"@context\":\"https:\/\/schema.org\",\"@graph\":[{\"@type\":\"WebPage\",\"@id\":\"https:\/\/www.unilim.fr\/havae\/havae-ur20217\/membres-de-lequipe-2\/beatrice-ferry\/\",\"url\":\"https:\/\/www.unilim.fr\/havae\/havae-ur20217\/membres-de-lequipe-2\/beatrice-ferry\/\",\"name\":\"B\u00e9atrice Ferry - HAVAE\",\"isPartOf\":{\"@id\":\"https:\/\/www.unilim.fr\/havae\/#website\"},\"datePublished\":\"2016-11-29T09:33:42+00:00\",\"dateModified\":\"2020-03-24T09:38:45+00:00\",\"breadcrumb\":{\"@id\":\"https:\/\/www.unilim.fr\/havae\/havae-ur20217\/membres-de-lequipe-2\/beatrice-ferry\/#breadcrumb\"},\"inLanguage\":\"fr-FR\",\"potentialAction\":[{\"@type\":\"ReadAction\",\"target\":[\"https:\/\/www.unilim.fr\/havae\/havae-ur20217\/membres-de-lequipe-2\/beatrice-ferry\/\"]}]},{\"@type\":\"BreadcrumbList\",\"@id\":\"https:\/\/www.unilim.fr\/havae\/havae-ur20217\/membres-de-lequipe-2\/beatrice-ferry\/#breadcrumb\",\"itemListElement\":[{\"@type\":\"ListItem\",\"position\":1,\"name\":\"Accueil\",\"item\":\"https:\/\/www.unilim.fr\/havae\/\"},{\"@type\":\"ListItem\",\"position\":2,\"name\":\"HAVAE &#8211; UR20217\",\"item\":\"https:\/\/www.unilim.fr\/havae\/havae-ur20217\/\"},{\"@type\":\"ListItem\",\"position\":3,\"name\":\"Membres de l&rsquo;\u00e9quipe\",\"item\":\"https:\/\/www.unilim.fr\/havae\/havae-ur20217\/membres-de-lequipe-2\/\"},{\"@type\":\"ListItem\",\"position\":4,\"name\":\"B\u00e9atrice Ferry\"}]},{\"@type\":\"WebSite\",\"@id\":\"https:\/\/www.unilim.fr\/havae\/#website\",\"url\":\"https:\/\/www.unilim.fr\/havae\/\",\"name\":\"HAVAE\",\"description\":\"universit\u00e9 ouverte source de r\u00e9ussites\",\"potentialAction\":[{\"@type\":\"SearchAction\",\"target\":{\"@type\":\"EntryPoint\",\"urlTemplate\":\"https:\/\/www.unilim.fr\/havae\/?s={search_term_string}\"},\"query-input\":{\"@type\":\"PropertyValueSpecification\",\"valueRequired\":true,\"valueName\":\"search_term_string\"}}],\"inLanguage\":\"fr-FR\"}]}<\/script>\n<!-- \/ Yoast SEO plugin. -->","yoast_head_json":{"title":"B\u00e9atrice Ferry - HAVAE","robots":{"index":"index","follow":"follow","max-snippet":"max-snippet:-1","max-image-preview":"max-image-preview:large","max-video-preview":"max-video-preview:-1"},"canonical":"https:\/\/www.unilim.fr\/havae\/havae-ur20217\/membres-de-lequipe-2\/beatrice-ferry\/","og_locale":"fr_FR","og_type":"article","og_title":"B\u00e9atrice Ferry - HAVAE","og_url":"https:\/\/www.unilim.fr\/havae\/havae-ur20217\/membres-de-lequipe-2\/beatrice-ferry\/","og_site_name":"HAVAE","article_modified_time":"2020-03-24T09:38:45+00:00","twitter_misc":{"Dur\u00e9e de lecture estim\u00e9e":"2 minutes"},"schema":{"@context":"https:\/\/schema.org","@graph":[{"@type":"WebPage","@id":"https:\/\/www.unilim.fr\/havae\/havae-ur20217\/membres-de-lequipe-2\/beatrice-ferry\/","url":"https:\/\/www.unilim.fr\/havae\/havae-ur20217\/membres-de-lequipe-2\/beatrice-ferry\/","name":"B\u00e9atrice Ferry - HAVAE","isPartOf":{"@id":"https:\/\/www.unilim.fr\/havae\/#website"},"datePublished":"2016-11-29T09:33:42+00:00","dateModified":"2020-03-24T09:38:45+00:00","breadcrumb":{"@id":"https:\/\/www.unilim.fr\/havae\/havae-ur20217\/membres-de-lequipe-2\/beatrice-ferry\/#breadcrumb"},"inLanguage":"fr-FR","potentialAction":[{"@type":"ReadAction","target":["https:\/\/www.unilim.fr\/havae\/havae-ur20217\/membres-de-lequipe-2\/beatrice-ferry\/"]}]},{"@type":"BreadcrumbList","@id":"https:\/\/www.unilim.fr\/havae\/havae-ur20217\/membres-de-lequipe-2\/beatrice-ferry\/#breadcrumb","itemListElement":[{"@type":"ListItem","position":1,"name":"Accueil","item":"https:\/\/www.unilim.fr\/havae\/"},{"@type":"ListItem","position":2,"name":"HAVAE &#8211; UR20217","item":"https:\/\/www.unilim.fr\/havae\/havae-ur20217\/"},{"@type":"ListItem","position":3,"name":"Membres de l&rsquo;\u00e9quipe","item":"https:\/\/www.unilim.fr\/havae\/havae-ur20217\/membres-de-lequipe-2\/"},{"@type":"ListItem","position":4,"name":"B\u00e9atrice Ferry"}]},{"@type":"WebSite","@id":"https:\/\/www.unilim.fr\/havae\/#website","url":"https:\/\/www.unilim.fr\/havae\/","name":"HAVAE","description":"universit\u00e9 ouverte source de r\u00e9ussites","potentialAction":[{"@type":"SearchAction","target":{"@type":"EntryPoint","urlTemplate":"https:\/\/www.unilim.fr\/havae\/?s={search_term_string}"},"query-input":{"@type":"PropertyValueSpecification","valueRequired":true,"valueName":"search_term_string"}}],"inLanguage":"fr-FR"}]}},"publishpress_future_action":{"enabled":false,"date":"2026-05-01 16:19:25","action":"change-status","newStatus":"draft","terms":[],"taxonomy":"page_category","extraData":[]},"publishpress_future_workflow_manual_trigger":{"enabledWorkflows":[]},"_links":{"self":[{"href":"https:\/\/www.unilim.fr\/havae\/wp-json\/wp\/v2\/pages\/885","targetHints":{"allow":["GET"]}}],"collection":[{"href":"https:\/\/www.unilim.fr\/havae\/wp-json\/wp\/v2\/pages"}],"about":[{"href":"https:\/\/www.unilim.fr\/havae\/wp-json\/wp\/v2\/types\/page"}],"author":[{"embeddable":true,"href":"https:\/\/www.unilim.fr\/havae\/wp-json\/wp\/v2\/users\/7"}],"replies":[{"embeddable":true,"href":"https:\/\/www.unilim.fr\/havae\/wp-json\/wp\/v2\/comments?post=885"}],"version-history":[{"count":0,"href":"https:\/\/www.unilim.fr\/havae\/wp-json\/wp\/v2\/pages\/885\/revisions"}],"up":[{"embeddable":true,"href":"https:\/\/www.unilim.fr\/havae\/wp-json\/wp\/v2\/pages\/63"}],"wp:attachment":[{"href":"https:\/\/www.unilim.fr\/havae\/wp-json\/wp\/v2\/media?parent=885"}],"curies":[{"name":"wp","href":"https:\/\/api.w.org\/{rel}","templated":true}]}}