{"id":841,"date":"2020-03-31T22:00:00","date_gmt":"2016-11-15T10:26:44","guid":{"rendered":"http:\/\/www.unilim.fr\/havae\/?page_id=841"},"modified":"2022-10-18T12:09:43","modified_gmt":"2022-10-18T12:09:43","slug":"maxence-compagnat","status":"publish","type":"page","link":"https:\/\/www.unilim.fr\/havae\/havae-ur20217\/membres-de-lequipe-2\/maxence-compagnat\/","title":{"rendered":"Maxence Compagnat"},"content":{"rendered":"                        <div class=\"container-fluid bg-grad-right-gray-lighter ul-element-page-header \">\n                            <div class=\"container\">\n                                <div class=\"row\">\n                                    <div class=\"col-xs-12 hidden-xs text-dark\">\n                                                                                            <div class=\"ul-element-breadcrumb hidden-xs \">\n            \n                                <ol class='breadcrumb'>\n                                    <li>\n                                        <a href='http:\/\/www.unilim.fr\/havae'><i class='fa fa-home fa-lg fa-fw'><\/i><\/a>\n                                    <\/li><\/ol>        <\/div>\n                                                                                    <\/div>\n                                    <div class=\"col-xs-0 hidden-xs\">\n                                                                            <\/div>\n\n                                                                            <div class=\"col-xs-12 text-dark\">\n\n                                                                                                    <h1 class=\"blog-title text-primary ul-bold\">Maxence Compagnat                                                                                                            <\/h1>\n\n                                                    <br\/>\n                                                \n\n\n                                                \n                                                                                        <\/div>\n                                    \n                                <\/div>\n                            <\/div>\n                        <\/div>\n                                <div class=\"container-fluid  \" style=\"\">\n                      <div class=\"container\">\n                <div class=\"row \" style=\"margin-top: 30px;margin-bottom: 30px\">        <div class=\"col-sm-12 \">\n                        <div class=\"ul-element-personne \" style=\"margin: 15px 0; display: table;\">\n                <div style=\"display:table-row\" class=\"element-body\">\n                    <div style=\"display: table-cell; vertical-align: top;\" class=\"element-image\">\n                                                            <img decoding=\"async\" src=\"https:\/\/www.unilim.fr\/havae\/wp-content\/themes\/wordpress-bootstrap-master-child\/admin\/page-live-editor\/images\/user.png\" class=\"img pull-left\" style=\"width:80px;height:80px;margin-right:15px;\"\/>\n                                            <\/div>\n                    <div style=\"display: table-cell; vertical-align: top;\" class=\"element-content\">\n                        <h4>Compagnat Maxence<\/h4>\n                                                <p>\n                            <span>M\u00e9decin Sp\u00e9cialiste en M\u00e9decine Physique et de R\u00e9adaptation. Maitre de conf\u00e9rence universitaire - Praticien hospitalier - Docteur en Sciences de la Sant\u00e9.<\/span><br\/>                                                                                <\/p>\n                                                <p style=\"white-space:nowrap;\">\n                                                                                                                                                                        <i class=\"fa fa-envelope-o fa-fw\"><\/i> <a href=\"mailto:maxence.compagnat@unilim.fr\" target=\"_blank\">maxence.compagnat@unilim.fr<\/a><br\/>                                                    <\/p>\n                        <p>\n                                                                                <\/p>\n                    <\/div>\n                <\/div>\n            <\/div>\n                <div class=\"\">\n            <hr\/>\n        <\/div>\n                <div class=\"clearfix ul-element-text \">\n            \n<h4 style=\"padding-left: 60px;text-align: justify\"><\/h4>\n<h4 style=\"padding-left: 60px;text-align: justify\"><span style=\"text-decoration: underline\">Th\u00e9matiques de recherche<\/span><\/h4>\n<h4 style=\"text-align: justify\">&nbsp;<\/h4>\n<p><strong>Th\u00e9matique de recherche principale :<\/strong>&nbsp;Aspects m\u00e9taboliques de la marche des patients post-AVC, notamment en situation de vie r\u00e9elle<\/p>\n<ul style=\"text-align: justify\">\n<li>Evaluation des d\u00e9terminants du co\u00fbt \u00e9nerg\u00e9tique \u00e0 la marche chez les sujets ayant subi un AVC.<\/li>\n<li>Evaluation de l&rsquo;\u00e9chelle de perception de l&rsquo;intensit\u00e9 de l&rsquo;effort en post AVC.<\/li>\n<li>Evaluation de la pr\u00e9cision et de la fiabilit\u00e9 des acc\u00e9l\u00e9rom\u00e8tres pour la mesure de la d\u00e9pense \u00e9nerg\u00e9tique totale en situation \u00e9cologique en post AVC.<\/li>\n<\/ul>\n<p>&nbsp;&nbsp;<\/p>\n<p><strong>Objectifs op\u00e9rationnels :<\/strong><\/p>\n<p>&#8211; Objectiver la majoration de la sollicitation \u00e9nerg\u00e9tique \u00e0 la r\u00e9alisation des AVQ en post AVC.<\/p>\n<p>&#8211; Evaluer la validit\u00e9 des outils de mesures de la D\u00e9pense Energ\u00e9tique utilis\u00e9s en situation \u00e9cologique en post AVC.<\/p>\n<p>&#8211; D\u00e9velopper des outils d\u2019estimation de la D\u00e9pense Energ\u00e9tique facile d\u2019utilisation, fiable et pr\u00e9cis en situation de vie quotidienne en post AVC.<\/p>\n<p>&#8211; Etablir le lien de cause \u00e0 effet entre hyper sollicitation \u00e9nerg\u00e9tique et limitation pour les AVQ.<\/p>\n<p>&#8211; Optimiser les programmes d\u2019incitation aux d\u00e9placements et \u00e0 l\u2019activit\u00e9 physique gr\u00e2ce aux consid\u00e9rations m\u00e9taboliques des individus avec s\u00e9quelles d\u2019AVC.<\/p>\n<h4 style=\"padding-left: 60px;text-align: justify\"><span style=\"text-decoration: underline\"><\/span><\/h4>\n<h4 style=\"padding-left: 60px;text-align: justify\"><span style=\"text-decoration: underline\">Principaux projets<\/span><\/h4>\n<h4 style=\"text-align: justify\">&nbsp;<\/h4>\n<ul>\n<li>Projet&nbsp;DEP&rsquo;LIM :&nbsp;D\u00e9veloppement d&rsquo;un outil pour l&rsquo;incitation aux d\u00e9placements des individus avec s\u00e9quelles d&rsquo;AVC bas\u00e9 sur le co\u00fbt \u00e9nerg\u00e9tique \u00e0 la marche<\/li>\n<li>Projet STROXCO : Mesure de la consommation d&rsquo;oxyg\u00e8ne au cours de diff\u00e9rentes activit\u00e9s de d\u00e9placement pour les individus avec s\u00e9quelles d&rsquo;AVC<\/li>\n<li>Projet RAVIS : Evaluation de la tol\u00e9rance d&rsquo;un dispositif de r\u00e9alit\u00e9 virtuelle immersive coupl\u00e9 au GaitTrainer pour les individus AVC non marchants<\/li>\n<li>Projet MACECO : Impact du niveau de co-activations musculaires sur le co\u00fbt \u00e9nerg\u00e9tique \u00e0 la marche pour les individus avec s\u00e9quelles d&rsquo;AVC.&nbsp;<\/li>\n<\/ul>\n<p>&nbsp;<\/p>\n<h4 style=\"padding-left: 60px;text-align: justify\"><span style=\"text-decoration: underline\">Articles<\/span><\/h4>\n<p><strong>Perrochon A<\/strong>, <strong>Borel B<\/strong>, Istrate D, <strong>Compagnat M<\/strong>, <strong>Daviet J-C<\/strong>. Exercise-based games interventions at home in individuals with a neurological disease: A systematic review and meta-analysis. Ann Phys Rehabil Med. 2019 May 9;<\/p>\n<p>&nbsp;<\/p>\n<p>Hermand E, Tapie B, Dupuy O, Fraser S, <strong>Compagnat M<\/strong>, <strong>Salle JY<\/strong>, et al. Prefrontal Cortex Activation During Dual Task With Increasing Cognitive Load in Subacute Stroke Patients: A Pilot Study. Front Aging Neurosci [Internet]. 2019 [cited 2019 Jul 2];11. Available from: https:\/\/www.frontiersin.org\/articles\/10.3389\/fnagi.2019.00160\/full?&amp;utm_source=Email_to_authors_&amp;utm_medium=Email&amp;utm_content=T1_11.5e1_author&amp;utm_campaign=Email_publication&amp;field=&amp;journalName=Frontiers_in_Aging_Neuroscience&amp;id=461178&nbsp;<\/p>\n<p>&nbsp;<\/p>\n<p><strong>Compagnat M<\/strong>, Batcho CS, David R, Vuillerme N, <strong>Salle JY<\/strong>, <strong>Daviet JC<\/strong>, et al. Validity of the Walked Distance Estimated by Wearable Devices in Stroke Individuals. Sensors. 2019 Jan;19(11):2497.<\/p>\n<p>&nbsp;<\/p>\n<p><strong>Compagnat M<\/strong>, <strong>Salle JY<\/strong>, <strong>Mandigout S<\/strong>, <strong>Lacroix J<\/strong>, Vuillerme N, <strong>Daviet JC<\/strong>. Rating of perceived exertion with Borg scale in stroke over two common activities of the daily living. Top Stroke Rehabil. 2018 Feb 17;25(2):145\u20139.<\/p>\n<p>&nbsp;<\/p>\n<p><strong>Compagnat M<\/strong>, <strong>Mandigout S<\/strong>, Chaparro D, <strong>Daviet JC<\/strong>, <strong>Salle JY<\/strong>. Validity of the Actigraph GT3x and influence of the sensor positioning for the assessment of active energy expenditure during four activities of daily living in stroke subjects. Clin Rehabil. 2018;9.<\/p>\n<p>&nbsp;<\/p>\n<p><strong>Compagnat M<\/strong>, <strong>Mandigout S<\/strong>, David R, <strong>Lacroix J<\/strong>, <strong>Daviet JC<\/strong>, <strong>Salle JY<\/strong>. Compendium of physical activities strongly underestimates the oxygen cost during activities of daily living in stroke patients: Am J Phys Med Rehabil. 2018 Oct;1.<\/p>\n<p>&nbsp;<\/p>\n<p><strong>Compagnat M<\/strong>, <strong>Mandigout S<\/strong>, Chaparro D, <strong>Salle JY,<\/strong> <strong>Daviet JC<\/strong>. Predicting the oxygen cost of walking in hemiparetic stroke patients. Ann Phys Rehabil Med. 2018 Sep;61(5):309\u201314.<\/p>\n<p><\/p>\n<p><strong>Mandigout S<\/strong>, <strong>Lacroix J<\/strong>, <strong>Ferry B<\/strong>, Vuillerme N, <strong>Compagnat M,<\/strong> <strong>Daviet J-C<\/strong>. Can energy expenditure be accurately assessed using accelerometry-based wearable motion detectors for physical activity monitoring in post-stroke patients in the subacute phase? Eur J Prev Cardiol. 2017 Dec;24(18):2009\u201316.<\/p>\n<p>&nbsp;<\/p>\n<p><strong>Compagnat M<\/strong>, <strong>Daviet JC<\/strong>, Bordes J, Munoz M, <strong>Salle JY.<\/strong> Experience with a process for acquiring assistive technology devices with testing in a semi-ecological situation. Ann Phys Rehabil Med. 2017 Nov;60(6):403\u20135.<\/p>\n<p>&nbsp;&nbsp;<\/p>\n<p><\/p>\n<h4 style=\"padding-left: 60px;text-align: justify\"><span style=\"text-decoration: underline\">Communications<\/span><\/h4>\n<p>&nbsp;<\/p>\n<p><strong>Compagnat M, <\/strong>Daviet JC, Bordes J, Munoz M, Salle JY : Sharing of experience on a process for the acquisition of assistive technologies with testing in a semi-ecological situation. <em>Annals of Physical and Rehabilitation Medicine.<\/em><\/p>\n<p><strong>&nbsp;<\/strong><\/p>\n<p><strong>Compagnat M, <\/strong>Mandigout S, Lacroix J, Vuillerme N, Salle Jy, Daviet Jc. Rating of perceived exertion with Borg scale in stroke over 2 common activities of the daily living. <em>Topics in Stroke Rehabilitation<\/em>.<\/p>\n<p><strong>&nbsp;<\/strong><\/p>\n<p><strong>Compagnat M<\/strong>, Daviet JC, Salle JY, Mandigout S, Meurou J, Vuillerme N, Bordes J.&nbsp;Evaluation of the Sensewear Armband to assess the total energy expenditure of activities of the daily living in stroke survivors.&nbsp;<em>Ann Phys Rehabil Med<\/em>. 2016 Sep ; 59S : e77. DOI: 10.1016\/j.rehab.2016.07.180.<\/p>\n<p>&nbsp;<\/p>\n<p><strong>Compagnat M<\/strong>, Daviet JC, Salle JY, Mandigout S, Meurou J, Bordes J.&nbsp;Accelerometers are they accurate for the estimation of total energy expenditure over activities of daily living in stroke survivors?&nbsp;<em>Ann Phys Rehabil Med<\/em>. 2016 Sep ; 59S : e74. DOI: 10.1016\/j.rehab.2016.07.173.<\/p>\n<p>&nbsp;<\/p>\n<p><strong>Compagnat M<\/strong>, Bordes J, Hamonet-Torny J, Daviet J-C, Salle J-Y, Munoz M.&nbsp;Cause of non-acquisition of assistive technologies after recommendation: cross-sectional survey. <em>Annals of Physical and Rehabilitation Medicine<\/em>. Vol. 57, Supplement 1, May 2014, p385<\/p>\n<p>&nbsp;<\/p>\n<p>Bordes J, <strong>Compagnat M<\/strong>, Larb\u00e8re P, Roy X, Jallageas R, Daviet J-C.&nbsp;Interest on an isokinetic evaluation regarding prevention of lower extremities strains for professional football players. <em>Annals of Physical and Rehabilitation Medicine<\/em>. Vol. 57, Supplement 1, May 2014, p268-269<\/p>\n<p><\/p>\n<h4 style=\"padding-left: 60px;text-align: justify\"><span style=\"text-decoration: underline\">Mots-cl\u00e9<\/span><\/h4>\n<h4 style=\"text-align: justify\">&nbsp;<\/h4>\n<p style=\"text-align: justify\">Accelerometer, daily living, energy expenditure, indirect calorimetry, stroke.&nbsp;<\/p>\n        <\/div>\n                <\/div>\n        <\/div>\n            <\/div>\n                  <\/div>\n        \n","protected":false},"excerpt":{"rendered":"","protected":false},"author":7,"featured_media":0,"parent":63,"menu_order":0,"comment_status":"closed","ping_status":"closed","template":"page-le.php","meta":{"footnotes":""},"class_list":["post-841","page","type-page","status-publish","hentry"],"yoast_head":"<!-- This site is optimized with the Yoast SEO plugin v26.5 - https:\/\/yoast.com\/wordpress\/plugins\/seo\/ -->\n<title>Maxence Compagnat - HAVAE<\/title>\n<meta name=\"robots\" content=\"index, follow, max-snippet:-1, max-image-preview:large, max-video-preview:-1\" \/>\n<link rel=\"canonical\" href=\"https:\/\/www.unilim.fr\/havae\/havae-ur20217\/membres-de-lequipe-2\/maxence-compagnat\/\" \/>\n<meta property=\"og:locale\" content=\"fr_FR\" \/>\n<meta property=\"og:type\" content=\"article\" \/>\n<meta property=\"og:title\" content=\"Maxence Compagnat - HAVAE\" \/>\n<meta property=\"og:url\" content=\"https:\/\/www.unilim.fr\/havae\/havae-ur20217\/membres-de-lequipe-2\/maxence-compagnat\/\" \/>\n<meta property=\"og:site_name\" content=\"HAVAE\" \/>\n<meta property=\"article:modified_time\" content=\"2022-10-18T12:09:43+00:00\" \/>\n<meta name=\"twitter:label1\" content=\"Dur\u00e9e de lecture estim\u00e9e\" \/>\n\t<meta name=\"twitter:data1\" content=\"5 minutes\" \/>\n<script type=\"application\/ld+json\" class=\"yoast-schema-graph\">{\"@context\":\"https:\/\/schema.org\",\"@graph\":[{\"@type\":\"WebPage\",\"@id\":\"https:\/\/www.unilim.fr\/havae\/havae-ur20217\/membres-de-lequipe-2\/maxence-compagnat\/\",\"url\":\"https:\/\/www.unilim.fr\/havae\/havae-ur20217\/membres-de-lequipe-2\/maxence-compagnat\/\",\"name\":\"Maxence Compagnat - HAVAE\",\"isPartOf\":{\"@id\":\"https:\/\/www.unilim.fr\/havae\/#website\"},\"datePublished\":\"2016-11-15T10:26:44+00:00\",\"dateModified\":\"2022-10-18T12:09:43+00:00\",\"breadcrumb\":{\"@id\":\"https:\/\/www.unilim.fr\/havae\/havae-ur20217\/membres-de-lequipe-2\/maxence-compagnat\/#breadcrumb\"},\"inLanguage\":\"fr-FR\",\"potentialAction\":[{\"@type\":\"ReadAction\",\"target\":[\"https:\/\/www.unilim.fr\/havae\/havae-ur20217\/membres-de-lequipe-2\/maxence-compagnat\/\"]}]},{\"@type\":\"BreadcrumbList\",\"@id\":\"https:\/\/www.unilim.fr\/havae\/havae-ur20217\/membres-de-lequipe-2\/maxence-compagnat\/#breadcrumb\",\"itemListElement\":[{\"@type\":\"ListItem\",\"position\":1,\"name\":\"Accueil\",\"item\":\"https:\/\/www.unilim.fr\/havae\/\"},{\"@type\":\"ListItem\",\"position\":2,\"name\":\"HAVAE &#8211; UR20217\",\"item\":\"https:\/\/www.unilim.fr\/havae\/havae-ur20217\/\"},{\"@type\":\"ListItem\",\"position\":3,\"name\":\"Membres de l&rsquo;\u00e9quipe\",\"item\":\"https:\/\/www.unilim.fr\/havae\/havae-ur20217\/membres-de-lequipe-2\/\"},{\"@type\":\"ListItem\",\"position\":4,\"name\":\"Maxence Compagnat\"}]},{\"@type\":\"WebSite\",\"@id\":\"https:\/\/www.unilim.fr\/havae\/#website\",\"url\":\"https:\/\/www.unilim.fr\/havae\/\",\"name\":\"HAVAE\",\"description\":\"universit\u00e9 ouverte source de r\u00e9ussites\",\"potentialAction\":[{\"@type\":\"SearchAction\",\"target\":{\"@type\":\"EntryPoint\",\"urlTemplate\":\"https:\/\/www.unilim.fr\/havae\/?s={search_term_string}\"},\"query-input\":{\"@type\":\"PropertyValueSpecification\",\"valueRequired\":true,\"valueName\":\"search_term_string\"}}],\"inLanguage\":\"fr-FR\"}]}<\/script>\n<!-- \/ Yoast SEO plugin. -->","yoast_head_json":{"title":"Maxence Compagnat - HAVAE","robots":{"index":"index","follow":"follow","max-snippet":"max-snippet:-1","max-image-preview":"max-image-preview:large","max-video-preview":"max-video-preview:-1"},"canonical":"https:\/\/www.unilim.fr\/havae\/havae-ur20217\/membres-de-lequipe-2\/maxence-compagnat\/","og_locale":"fr_FR","og_type":"article","og_title":"Maxence Compagnat - HAVAE","og_url":"https:\/\/www.unilim.fr\/havae\/havae-ur20217\/membres-de-lequipe-2\/maxence-compagnat\/","og_site_name":"HAVAE","article_modified_time":"2022-10-18T12:09:43+00:00","twitter_misc":{"Dur\u00e9e de lecture estim\u00e9e":"5 minutes"},"schema":{"@context":"https:\/\/schema.org","@graph":[{"@type":"WebPage","@id":"https:\/\/www.unilim.fr\/havae\/havae-ur20217\/membres-de-lequipe-2\/maxence-compagnat\/","url":"https:\/\/www.unilim.fr\/havae\/havae-ur20217\/membres-de-lequipe-2\/maxence-compagnat\/","name":"Maxence Compagnat - HAVAE","isPartOf":{"@id":"https:\/\/www.unilim.fr\/havae\/#website"},"datePublished":"2016-11-15T10:26:44+00:00","dateModified":"2022-10-18T12:09:43+00:00","breadcrumb":{"@id":"https:\/\/www.unilim.fr\/havae\/havae-ur20217\/membres-de-lequipe-2\/maxence-compagnat\/#breadcrumb"},"inLanguage":"fr-FR","potentialAction":[{"@type":"ReadAction","target":["https:\/\/www.unilim.fr\/havae\/havae-ur20217\/membres-de-lequipe-2\/maxence-compagnat\/"]}]},{"@type":"BreadcrumbList","@id":"https:\/\/www.unilim.fr\/havae\/havae-ur20217\/membres-de-lequipe-2\/maxence-compagnat\/#breadcrumb","itemListElement":[{"@type":"ListItem","position":1,"name":"Accueil","item":"https:\/\/www.unilim.fr\/havae\/"},{"@type":"ListItem","position":2,"name":"HAVAE &#8211; UR20217","item":"https:\/\/www.unilim.fr\/havae\/havae-ur20217\/"},{"@type":"ListItem","position":3,"name":"Membres de l&rsquo;\u00e9quipe","item":"https:\/\/www.unilim.fr\/havae\/havae-ur20217\/membres-de-lequipe-2\/"},{"@type":"ListItem","position":4,"name":"Maxence Compagnat"}]},{"@type":"WebSite","@id":"https:\/\/www.unilim.fr\/havae\/#website","url":"https:\/\/www.unilim.fr\/havae\/","name":"HAVAE","description":"universit\u00e9 ouverte source de r\u00e9ussites","potentialAction":[{"@type":"SearchAction","target":{"@type":"EntryPoint","urlTemplate":"https:\/\/www.unilim.fr\/havae\/?s={search_term_string}"},"query-input":{"@type":"PropertyValueSpecification","valueRequired":true,"valueName":"search_term_string"}}],"inLanguage":"fr-FR"}]}},"publishpress_future_action":{"enabled":false,"date":"2026-05-01 16:19:22","action":"change-status","newStatus":"draft","terms":[],"taxonomy":"page_category","extraData":[]},"publishpress_future_workflow_manual_trigger":{"enabledWorkflows":[]},"_links":{"self":[{"href":"https:\/\/www.unilim.fr\/havae\/wp-json\/wp\/v2\/pages\/841","targetHints":{"allow":["GET"]}}],"collection":[{"href":"https:\/\/www.unilim.fr\/havae\/wp-json\/wp\/v2\/pages"}],"about":[{"href":"https:\/\/www.unilim.fr\/havae\/wp-json\/wp\/v2\/types\/page"}],"author":[{"embeddable":true,"href":"https:\/\/www.unilim.fr\/havae\/wp-json\/wp\/v2\/users\/7"}],"replies":[{"embeddable":true,"href":"https:\/\/www.unilim.fr\/havae\/wp-json\/wp\/v2\/comments?post=841"}],"version-history":[{"count":0,"href":"https:\/\/www.unilim.fr\/havae\/wp-json\/wp\/v2\/pages\/841\/revisions"}],"up":[{"embeddable":true,"href":"https:\/\/www.unilim.fr\/havae\/wp-json\/wp\/v2\/pages\/63"}],"wp:attachment":[{"href":"https:\/\/www.unilim.fr\/havae\/wp-json\/wp\/v2\/media?parent=841"}],"curies":[{"name":"wp","href":"https:\/\/api.w.org\/{rel}","templated":true}]}}