{"id":799,"date":"2016-10-17T22:00:00","date_gmt":"2016-10-18T09:50:08","guid":{"rendered":"http:\/\/www.unilim.fr\/havae\/?page_id=799"},"modified":"2016-10-18T12:39:24","modified_gmt":"2016-10-18T12:39:24","slug":"david-chaparro","status":"publish","type":"page","link":"https:\/\/www.unilim.fr\/havae\/recherche\/doctorantsstagiaires\/david-chaparro\/","title":{"rendered":"David Chaparro"},"content":{"rendered":"                        <div class=\"container-fluid bg-grad-right-gray-lighter ul-element-page-header \">\n                            <div class=\"container\">\n                                <div class=\"row\">\n                                    <div class=\"col-xs-12 hidden-xs text-dark\">\n                                                                                            <div class=\"ul-element-breadcrumb hidden-xs \">\n            \n                                <ol class='breadcrumb'>\n                                    <li>\n                                        <a href='http:\/\/www.unilim.fr\/havae'><i class='fa fa-home fa-lg fa-fw'><\/i><\/a>\n                                    <\/li><\/ol>        <\/div>\n                                                                                    <\/div>\n                                    <div class=\"col-xs-3 hidden-xs\">\n                                                                                    <div class=\"ul-element-logo-signal hidden-xs\" style=\"display: inline-block; position: relative; width: 100% ; margin-top: 23px; padding-bottom: 11.9284%;vertical-align: top;\">\n                <svg preserveAspectRatio=\"xMinYMin meet\" viewBox=\"0 0 503 60\" style=\"display: block;position: absolute;top: 0;left: 0;width:100%;max-width:100%;height:100%\">\n                      <g>\n                          <rect  opacity=\"0.3\"  x=\"0\" y=\"0\" width=\"142px\" height=\"60\" rx=\"6\" class=\" bg-primary\"><\/rect>\n                          <rect opacity=\"0.5\"  x=\"106\" y=\"0\" width=\"119px\" height=\"60\" rx=\"6\" class=\"bg-primary\"><\/rect>\n                          <rect opacity=\"0.6\"  x=\"207\" y=\"0\" width=\"84px\" height=\"60\" rx=\"6\" class=\" bg-primary\"><\/rect>\n                          <rect opacity=\"0.7\"  x=\"308\" y=\"0\" width=\"61px\" height=\"60\" rx=\"6\" class=\" bg-primary\"><\/rect>\n                          <rect opacity=\"0.8\"  x=\"390\" y=\"0\" width=\"29px\" height=\"60\" rx=\"6\" class=\" bg-primary\"><\/rect>\n                          <rect x=\"446\" y=\"0\" width=\"15px\" height=\"60\" rx=\"4\" class=\"                bg-primary\"><\/rect>\n                          <rect x=\"495\" y=\"0\" width=\"8px\" height=\"60\" rx=\"2\" class=\"                 bg-primary\"><\/rect>\n                      <\/g>\n                <\/svg>\n        <\/div>                                                                            <\/div>\n\n                                                                            <div class=\"col-sm-9 text-dark\">\n\n                                                                                                    <h1 class=\"blog-title text-primary ul-bold\">David Chaparro                                                                                                            <\/h1>\n\n                                                    <br\/>\n                                                \n\n\n                                                \n                                                                                        <\/div>\n                                    \n                                <\/div>\n                            <\/div>\n                        <\/div>\n                                <div class=\"container-fluid  \" style=\"\">\n                      <div class=\"container\">\n                <div class=\"row \" style=\"margin-top: 30px;margin-bottom: 30px\">        <div class=\"col-sm-12 \">\n                        <div class=\"ul-element-personne \" style=\"margin: 15px 0; display: table;\">\n                <div style=\"display:table-row\" class=\"element-body\">\n                    <div style=\"display: table-cell; vertical-align: top;\" class=\"element-image\">\n                                                            <img decoding=\"async\" src=\"http:\/\/www.unilim.fr\/havae\/wp-content\/uploads\/sites\/5\/2016\/10\/D.-Chaparro-V2.jpg\" class=\"img pull-left\" style=\"width:80px;height:80px;margin-right:15px;\"\/>\n                                            <\/div>\n                    <div style=\"display: table-cell; vertical-align: top;\" class=\"element-content\">\n                        <h4>David Chaparro<\/h4>\n                                                <p>\n                            <span>Doctorant en Sciences et Techniques des Activit\u00e9s Physiques et Sportives (STAPS - 74\u00e8me section CNU)<\/span><br\/>                                                                                <\/p>\n                                                <p style=\"white-space:nowrap;\">\n                                                                                                                                                                        <i class=\"fa fa-envelope-o fa-fw\"><\/i> <a href=\"mailto:david.chaparro@etu.unilim.fr\" target=\"_blank\">david.chaparro@etu.unilim.fr<\/a><br\/>                                                    <\/p>\n                        <p>\n                                                                                <\/p>\n                    <\/div>\n                <\/div>\n            <\/div>\n                <div class=\"\">\n            <hr\/>\n        <\/div>\n                <div class=\"clearfix ul-element-text \">\n            &nbsp;<\/p>\n<h4 style=\"padding-left: 60px\"><span style=\"text-decoration: underline\">Parcours<\/span><\/h4>\n<h4><\/h4>\n<ul>\n<li>Licence \u00ab\u00a0Culture physique, sport et loisir\u00a0\u00bb\u00a0&#8211;\u00a0Universit\u00e9 Santo Tomas, Bogot\u00e1 &#8211; Colombie<\/li>\n<li>Master\u00a0recherche STAPS \u00a0\u00bb Entra\u00eenement, Management et Ing\u00e9ni\u00e9rie du Sport\u00a0\u00bb &#8211; Universit\u00e9 Franche-Comt\u00e9, Besan\u00e7on &#8211; France<\/li>\n<li>Doctorat en Sciences &#8211; Ecole Doctorale Biologie Sant\u00e9 &#8211; Universit\u00e9 de Limoges.<\/li>\n<\/ul>\n<p style=\"padding-left: 90px\"><em>Co-directeurs de th\u00e8se\u00a0:<\/em>\u00a0Dr. St\u00e9phane Mandigout &#8211; Dr. Benoit Borel<\/p>\n<p style=\"padding-left: 90px\"><em>Sujet de th\u00e8se\u00a0:<\/em>\u00a0Suivi \u00e0 distance de l&rsquo;activit\u00e9 physique de patients en post-hospitalisation par mise en oeuvre de syst\u00e8mes de monitoring actif<\/p>\n<p>&nbsp;<\/p>\n<h4 style=\"padding-left: 60px\"><span style=\"text-decoration: underline\">Th\u00e9matiques de recherche<\/span><\/h4>\n<h4 style=\"padding-left: 60px\"><\/h4>\n<ul>\n<li>Evaluation du niveau d&rsquo;activit\u00e9 physique \u00e0 domicile des patients post-AVC<\/li>\n<li>Evaluation\u00a0de l&rsquo;exercice physique sur la capacit\u00e9 fonctionnelle des personnes \u00e2g\u00e9es<\/li>\n<li>Utilisation des outils technologiques pour mesurer l&rsquo;activit\u00e9 physique en situation \u00e9cologique<\/li>\n<\/ul>\n<p>&nbsp;<\/p>\n<h4 style=\"padding-left: 60px\"><span style=\"text-decoration: underline\">Publications<\/span><\/h4>\n<h4 class=\"ul-bold\"><\/h4>\n<p><strong>2015<\/strong><\/p>\n<p>Ramirez JF, Chaparro D, L\u00e9on H, Salazar J. Effects of physical exercise on cardiovascular risk factors of elderly people : Systematic review. Rehabilitacion (2015); 49(4) : 240.<\/p>\n<p>&nbsp;<\/p>\n<p><strong>2014<\/strong><\/p>\n<p>Salazar J, Ramirez JF, Chaparro D, L\u00e9on H. Systematic review of the impact of physical activity on gait disorders in the elderly. Apunts Medicine de l&rsquo;Esport (2014); 118(4) : 30-39.<\/p>\n<p>&nbsp;<\/p>\n<h4 style=\"padding-left: 60px\"><span style=\"text-decoration: underline\">Mots-cl\u00e9<\/span><\/h4>\n<p>Activit\u00e9 physique, Actim\u00e9trie, Evaluation fonctionnelle Acc\u00e9l\u00e9rom\u00e9trie<\/p>\n<p>&nbsp;        <\/div>\n                <\/div>\n        <\/div>\n            <\/div>\n                  <\/div>\n        \n","protected":false},"excerpt":{"rendered":"","protected":false},"author":7,"featured_media":0,"parent":65,"menu_order":0,"comment_status":"closed","ping_status":"closed","template":"page-le.php","meta":{"footnotes":""},"class_list":["post-799","page","type-page","status-publish","hentry"],"yoast_head":"<!-- This site is optimized with the Yoast SEO plugin v26.5 - https:\/\/yoast.com\/wordpress\/plugins\/seo\/ -->\n<title>David Chaparro - HAVAE<\/title>\n<meta name=\"robots\" content=\"index, follow, max-snippet:-1, max-image-preview:large, max-video-preview:-1\" \/>\n<link rel=\"canonical\" href=\"https:\/\/www.unilim.fr\/havae\/recherche\/doctorantsstagiaires\/david-chaparro\/\" \/>\n<meta property=\"og:locale\" content=\"fr_FR\" \/>\n<meta property=\"og:type\" content=\"article\" \/>\n<meta property=\"og:title\" content=\"David Chaparro - HAVAE\" \/>\n<meta property=\"og:url\" content=\"https:\/\/www.unilim.fr\/havae\/recherche\/doctorantsstagiaires\/david-chaparro\/\" \/>\n<meta property=\"og:site_name\" content=\"HAVAE\" \/>\n<meta property=\"article:modified_time\" content=\"2016-10-18T12:39:24+00:00\" \/>\n<meta name=\"twitter:label1\" content=\"Dur\u00e9e de lecture estim\u00e9e\" \/>\n\t<meta name=\"twitter:data1\" content=\"1 minute\" \/>\n<script type=\"application\/ld+json\" class=\"yoast-schema-graph\">{\"@context\":\"https:\/\/schema.org\",\"@graph\":[{\"@type\":\"WebPage\",\"@id\":\"https:\/\/www.unilim.fr\/havae\/recherche\/doctorantsstagiaires\/david-chaparro\/\",\"url\":\"https:\/\/www.unilim.fr\/havae\/recherche\/doctorantsstagiaires\/david-chaparro\/\",\"name\":\"David Chaparro - HAVAE\",\"isPartOf\":{\"@id\":\"https:\/\/www.unilim.fr\/havae\/#website\"},\"datePublished\":\"2016-10-18T09:50:08+00:00\",\"dateModified\":\"2016-10-18T12:39:24+00:00\",\"breadcrumb\":{\"@id\":\"https:\/\/www.unilim.fr\/havae\/recherche\/doctorantsstagiaires\/david-chaparro\/#breadcrumb\"},\"inLanguage\":\"fr-FR\",\"potentialAction\":[{\"@type\":\"ReadAction\",\"target\":[\"https:\/\/www.unilim.fr\/havae\/recherche\/doctorantsstagiaires\/david-chaparro\/\"]}]},{\"@type\":\"BreadcrumbList\",\"@id\":\"https:\/\/www.unilim.fr\/havae\/recherche\/doctorantsstagiaires\/david-chaparro\/#breadcrumb\",\"itemListElement\":[{\"@type\":\"ListItem\",\"position\":1,\"name\":\"Accueil\",\"item\":\"https:\/\/www.unilim.fr\/havae\/\"},{\"@type\":\"ListItem\",\"position\":2,\"name\":\"Recherche\",\"item\":\"https:\/\/www.unilim.fr\/havae\/recherche\/\"},{\"@type\":\"ListItem\",\"position\":3,\"name\":\"Doctorants\/Stagiaires\",\"item\":\"https:\/\/www.unilim.fr\/havae\/recherche\/doctorantsstagiaires\/\"},{\"@type\":\"ListItem\",\"position\":4,\"name\":\"David Chaparro\"}]},{\"@type\":\"WebSite\",\"@id\":\"https:\/\/www.unilim.fr\/havae\/#website\",\"url\":\"https:\/\/www.unilim.fr\/havae\/\",\"name\":\"HAVAE\",\"description\":\"universit\u00e9 ouverte source de r\u00e9ussites\",\"potentialAction\":[{\"@type\":\"SearchAction\",\"target\":{\"@type\":\"EntryPoint\",\"urlTemplate\":\"https:\/\/www.unilim.fr\/havae\/?s={search_term_string}\"},\"query-input\":{\"@type\":\"PropertyValueSpecification\",\"valueRequired\":true,\"valueName\":\"search_term_string\"}}],\"inLanguage\":\"fr-FR\"}]}<\/script>\n<!-- \/ Yoast SEO plugin. -->","yoast_head_json":{"title":"David Chaparro - HAVAE","robots":{"index":"index","follow":"follow","max-snippet":"max-snippet:-1","max-image-preview":"max-image-preview:large","max-video-preview":"max-video-preview:-1"},"canonical":"https:\/\/www.unilim.fr\/havae\/recherche\/doctorantsstagiaires\/david-chaparro\/","og_locale":"fr_FR","og_type":"article","og_title":"David Chaparro - HAVAE","og_url":"https:\/\/www.unilim.fr\/havae\/recherche\/doctorantsstagiaires\/david-chaparro\/","og_site_name":"HAVAE","article_modified_time":"2016-10-18T12:39:24+00:00","twitter_misc":{"Dur\u00e9e de lecture estim\u00e9e":"1 minute"},"schema":{"@context":"https:\/\/schema.org","@graph":[{"@type":"WebPage","@id":"https:\/\/www.unilim.fr\/havae\/recherche\/doctorantsstagiaires\/david-chaparro\/","url":"https:\/\/www.unilim.fr\/havae\/recherche\/doctorantsstagiaires\/david-chaparro\/","name":"David Chaparro - HAVAE","isPartOf":{"@id":"https:\/\/www.unilim.fr\/havae\/#website"},"datePublished":"2016-10-18T09:50:08+00:00","dateModified":"2016-10-18T12:39:24+00:00","breadcrumb":{"@id":"https:\/\/www.unilim.fr\/havae\/recherche\/doctorantsstagiaires\/david-chaparro\/#breadcrumb"},"inLanguage":"fr-FR","potentialAction":[{"@type":"ReadAction","target":["https:\/\/www.unilim.fr\/havae\/recherche\/doctorantsstagiaires\/david-chaparro\/"]}]},{"@type":"BreadcrumbList","@id":"https:\/\/www.unilim.fr\/havae\/recherche\/doctorantsstagiaires\/david-chaparro\/#breadcrumb","itemListElement":[{"@type":"ListItem","position":1,"name":"Accueil","item":"https:\/\/www.unilim.fr\/havae\/"},{"@type":"ListItem","position":2,"name":"Recherche","item":"https:\/\/www.unilim.fr\/havae\/recherche\/"},{"@type":"ListItem","position":3,"name":"Doctorants\/Stagiaires","item":"https:\/\/www.unilim.fr\/havae\/recherche\/doctorantsstagiaires\/"},{"@type":"ListItem","position":4,"name":"David Chaparro"}]},{"@type":"WebSite","@id":"https:\/\/www.unilim.fr\/havae\/#website","url":"https:\/\/www.unilim.fr\/havae\/","name":"HAVAE","description":"universit\u00e9 ouverte source de r\u00e9ussites","potentialAction":[{"@type":"SearchAction","target":{"@type":"EntryPoint","urlTemplate":"https:\/\/www.unilim.fr\/havae\/?s={search_term_string}"},"query-input":{"@type":"PropertyValueSpecification","valueRequired":true,"valueName":"search_term_string"}}],"inLanguage":"fr-FR"}]}},"publishpress_future_action":{"enabled":false,"date":"2026-04-10 20:14:48","action":"change-status","newStatus":"draft","terms":[],"taxonomy":"page_category","extraData":[]},"publishpress_future_workflow_manual_trigger":{"enabledWorkflows":[]},"_links":{"self":[{"href":"https:\/\/www.unilim.fr\/havae\/wp-json\/wp\/v2\/pages\/799","targetHints":{"allow":["GET"]}}],"collection":[{"href":"https:\/\/www.unilim.fr\/havae\/wp-json\/wp\/v2\/pages"}],"about":[{"href":"https:\/\/www.unilim.fr\/havae\/wp-json\/wp\/v2\/types\/page"}],"author":[{"embeddable":true,"href":"https:\/\/www.unilim.fr\/havae\/wp-json\/wp\/v2\/users\/7"}],"replies":[{"embeddable":true,"href":"https:\/\/www.unilim.fr\/havae\/wp-json\/wp\/v2\/comments?post=799"}],"version-history":[{"count":0,"href":"https:\/\/www.unilim.fr\/havae\/wp-json\/wp\/v2\/pages\/799\/revisions"}],"up":[{"embeddable":true,"href":"https:\/\/www.unilim.fr\/havae\/wp-json\/wp\/v2\/pages\/65"}],"wp:attachment":[{"href":"https:\/\/www.unilim.fr\/havae\/wp-json\/wp\/v2\/media?parent=799"}],"curies":[{"name":"wp","href":"https:\/\/api.w.org\/{rel}","templated":true}]}}