{"id":65,"date":"2025-10-05T22:00:00","date_gmt":"2014-03-21T14:13:18","guid":{"rendered":"http:\/\/www.unilim.fr\/havae\/?page_id=65"},"modified":"2025-11-11T09:56:27","modified_gmt":"2025-11-11T09:56:27","slug":"doctorantsstagiaires","status":"publish","type":"page","link":"https:\/\/www.unilim.fr\/havae\/recherche\/doctorantsstagiaires\/","title":{"rendered":"Doctorants\/Stagiaires"},"content":{"rendered":"        <div class=\"container-fluid  \" style=\"\">\n                      <div class=\"container\">\n                <div class=\"row \" style=\"margin-top: 30px;margin-bottom: 30px\">        <div class=\"col-md-12 \">\n                    <div class=\"clearfix ul-element-text \">\n            \n<h3 style=\"padding-left: 60px\" class=\"ul-bold\" data-mce-style=\"padding-left: 60px;\"><span style=\"text-decoration: underline\" data-mce-style=\"text-decoration: underline;\">Doctorants actuels de l&rsquo;\u00e9quipe HAVAE<\/span><\/h3>\n        <\/div>\n                <\/div>\n        <\/div>\n            <\/div>\n                  <\/div>\n                <div class=\"container-fluid  \" style=\"\">\n                      <div class=\"container\">\n                <div class=\"row \" style=\"margin-top: 30px;margin-bottom: 30px\">        <div class=\"col-sm-12 \">\n                    <div class=\"row\">\n                    <div class=\"col-sm-6\">\n            \n        \n        <div class=\"ul-element-header text-left  \">\n\n            <h4 class=\"ul-bold  \" style=\"\">\n                                    <i class=\"fa fa-fw fa-user\"><\/i>\n                                Pr\u00e9nom - Nom                            <\/h4>\n        <\/div>\n                <\/div>\n                <div class=\"col-sm-6\">\n            \n        \n        <div class=\"ul-element-header text-left  \">\n\n            <h4 class=\"ul-bold  \" style=\"\">\n                                    <i class=\"fa fa-fw fa-search\"><\/i>\n                                Th\u00e9matiques                            <\/h4>\n        <\/div>\n                <\/div>\n                <\/div>\n                <div class=\"\">\n            <hr\/>\n        <\/div>\n                <div class=\"row\">\n                    <div class=\"col-sm-6\">\n                    <div class=\"clearfix ul-element-text \">\n            \n<p><a href=\"http:\/\/www.unilim.fr\/havae\/recherche\/doctorantsstagiaires\/charles-morizio\/\" data-mce-href=\"http:\/\/www.unilim.fr\/havae\/recherche\/doctorantsstagiaires\/charles-morizio\/\">Charles Morizio<\/a>&nbsp;&#8211; encadr\u00e9 par&nbsp;<a href=\"http:\/\/www.unilim.fr\/havae\/havae-ur20217\/membres-de-lequipe-2\/anaick-perrochon-2\/\" data-mce-href=\"http:\/\/www.unilim.fr\/havae\/havae-ur20217\/membres-de-lequipe-2\/anaick-perrochon-2\/\">Pr. A. Perrochon<\/a> &amp;&nbsp;<a href=\"http:\/\/www.unilim.fr\/havae\/havae-ur20217\/membres-de-lequipe-2\/maxence-compagnat\/\" data-mce-href=\"http:\/\/www.unilim.fr\/havae\/havae-ur20217\/membres-de-lequipe-2\/maxence-compagnat\/\">Dr. M. Compagnat<\/a><\/p>\n        <\/div>\n                <\/div>\n                <div class=\"col-sm-6\">\n                    <div class=\"clearfix ul-element-text \">\n            \n<p><a href=\"http:\/\/www.unilim.fr\/havae\/recherche\/projetstheses-en-cours\/\" data-mce-href=\"http:\/\/www.unilim.fr\/havae\/recherche\/projetstheses-en-cours\/\">Projet RAVIS<\/a>&nbsp;&#8211; R\u00e9\u00e9ducation motrice en r\u00e9alit\u00e9 virtuelle chez le patient post-AVC<\/p>\n        <\/div>\n                <\/div>\n                <\/div>\n                <div class=\"\">\n            <hr\/>\n        <\/div>\n                <div class=\"row\">\n                    <div class=\"col-sm-6\">\n                    <div class=\"clearfix ul-element-text \">\n            \n<p><a href=\"http:\/\/www.unilim.fr\/havae\/recherche\/doctorantsstagiaires\/clement-doumenc\/\" data-mce-href=\"http:\/\/www.unilim.fr\/havae\/recherche\/doctorantsstagiaires\/clement-doumenc\/\">Cl\u00e9ment Doumenc<\/a>&nbsp;&#8211; encadr\u00e9 par&nbsp;<a href=\"http:\/\/www.unilim.fr\/havae\/havae-ur20217\/membres-de-lequipe-2\/jean-christophe-daviet\/\" data-mce-href=\"http:\/\/www.unilim.fr\/havae\/havae-ur20217\/membres-de-lequipe-2\/jean-christophe-daviet\/\">Pr. J-C Daviet<\/a><\/p>\n        <\/div>\n                <\/div>\n                <div class=\"col-sm-6\">\n                    <div class=\"clearfix ul-element-text \">\n            \n<p>Strat\u00e9gies sensorimotrices dans la modulation du co\u00fbt \u00e9nerg\u00e9tique \u00e0 la marche chez le patient post-AVC<\/p>\n        <\/div>\n                <\/div>\n                <\/div>\n                <div class=\"\">\n            <hr\/>\n        <\/div>\n                <div class=\"row\">\n                    <div class=\"col-sm-6\">\n                    <div class=\"clearfix ul-element-text \">\n            \n<p><a href=\"http:\/\/www.unilim.fr\/havae\/recherche\/doctorantsstagiaires\/maxime-balloufaud\/\" data-mce-href=\"http:\/\/www.unilim.fr\/havae\/recherche\/doctorantsstagiaires\/maxime-balloufaud\/\">Maxime Balloufaud<\/a>&nbsp;&#8211; Encadr\u00e9 par&nbsp;<a href=\"http:\/\/www.unilim.fr\/havae\/havae-ur20217\/membres-de-lequipe-2\/anaick-perrochon-2\/\" data-mce-href=\"http:\/\/www.unilim.fr\/havae\/havae-ur20217\/membres-de-lequipe-2\/anaick-perrochon-2\/\">Pr. A. Perrochon<\/a> &amp; Dr. A. Boujut (Ecole 3iL &#8211; Limoges)<\/p>\n<p><\/p>\n        <\/div>\n                <\/div>\n                <div class=\"col-sm-6\">\n                    <div class=\"clearfix ul-element-text \">\n            \n<p><a href=\"http:\/\/www.unilim.fr\/havae\/recherche\/projetstheses-en-cours\/\" data-mce-href=\"http:\/\/www.unilim.fr\/havae\/recherche\/projetstheses-en-cours\/\">Projet TERAPACE<\/a>&nbsp;&#8211; Acceptabilit\u00e9 et Efficacit\u00e9 d&rsquo;un exergame pour la r\u00e9\u00e9ducation cognitivo-motrice de la paralysie c\u00e9r\u00e9brale.<\/p>\n<p><\/p>\n        <\/div>\n                <\/div>\n                <\/div>\n                <div class=\"\">\n            <hr\/>\n        <\/div>\n                <div class=\"row\">\n                    <div class=\"col-sm-6\">\n                    <div class=\"clearfix ul-element-text \">\n            \n<p><a href=\"http:\/\/www.unilim.fr\/havae\/recherche\/doctorantsstagiaires\/flavie-le-rouzic\/\" data-mce-href=\"http:\/\/www.unilim.fr\/havae\/recherche\/doctorantsstagiaires\/flavie-le-rouzic\/\">Flavie Le Rouzic<\/a>&nbsp;&#8211; Encadr\u00e9e par <a href=\"http:\/\/www.unilim.fr\/havae\/havae-ur20217\/membres-de-lequipe-2\/anaick-perrochon-2\/\" data-mce-href=\"http:\/\/www.unilim.fr\/havae\/havae-ur20217\/membres-de-lequipe-2\/anaick-perrochon-2\/\">Pr. A. Perrochon<\/a>&nbsp;&amp;&nbsp;<a href=\"http:\/\/www.unilim.fr\/havae\/havae-ur20217\/membres-de-lequipe-2\/justine-lacroix\/\" data-mce-href=\"http:\/\/www.unilim.fr\/havae\/havae-ur20217\/membres-de-lequipe-2\/justine-lacroix\/\">Dr. J. Lacroix<\/a><\/p>\n<p><\/p>\n        <\/div>\n                <\/div>\n                <div class=\"col-sm-6\">\n                    <div class=\"clearfix ul-element-text \">\n            \n<p><a href=\"http:\/\/www.unilim.fr\/havae\/recherche\/projetstheses-en-cours\/\" data-mce-href=\"http:\/\/www.unilim.fr\/havae\/recherche\/projetstheses-en-cours\/\">Projet Perachute<\/a>&nbsp;&#8211;&nbsp;La marche complexe en r\u00e9alit\u00e9 mixte dans la d\u00e9tection pr\u00e9coce du risque de chute de la personne \u00e2g\u00e9e.<\/p>\n<p><\/p>\n        <\/div>\n                <\/div>\n                <\/div>\n                <div class=\"\">\n            <hr\/>\n        <\/div>\n                <div class=\"row\">\n                    <div class=\"col-sm-6\">\n                    <div class=\"clearfix ul-element-text \">\n            \n<p><a href=\"http:\/\/www.unilim.fr\/havae\/recherche\/doctorantsstagiaires\/poeiti-abi-saab\/\" data-mce-href=\"http:\/\/www.unilim.fr\/havae\/recherche\/doctorantsstagiaires\/poeiti-abi-saab\/\">Poeiti Abi Saab<\/a>&nbsp;&#8211; Encadr\u00e9e par&nbsp;<a href=\"http:\/\/www.unilim.fr\/havae\/havae-ur20217\/membres-de-lequipe-2\/stephane-mandigout\/\" data-mce-href=\"http:\/\/www.unilim.fr\/havae\/havae-ur20217\/membres-de-lequipe-2\/stephane-mandigout\/\">Pr. S. Mandigout<\/a> &amp;&nbsp;<a href=\"http:\/\/www.unilim.fr\/havae\/havae-ur20217\/membres-de-lequipe-2\/jean-christophe-daviet\/\" data-mce-href=\"http:\/\/www.unilim.fr\/havae\/havae-ur20217\/membres-de-lequipe-2\/jean-christophe-daviet\/\">Pr. J-C.Daviet<\/a><\/p>\n<p><\/p>\n<p><\/p>\n<p><\/p>\n        <\/div>\n                <\/div>\n                <div class=\"col-sm-6\">\n                    <div class=\"clearfix ul-element-text \">\n            \n<p><a href=\"http:\/\/www.unilim.fr\/havae\/recherche\/projetstheses-en-cours\/\" data-mce-href=\"http:\/\/www.unilim.fr\/havae\/recherche\/projetstheses-en-cours\/\">Projet AISN<\/a>&nbsp;&#8211;&nbsp;Int\u00e9grer l\u2019intelligence artificielle dans la neuro-r\u00e9adaptation chez des patients post-AVC<\/p>\n        <\/div>\n                <\/div>\n                <\/div>\n                <div class=\"\">\n            <hr\/>\n        <\/div>\n                <div class=\"row\">\n                    <div class=\"col-sm-6\">\n                    <div class=\"clearfix ul-element-text \">\n            \n<p><a href=\"http:\/\/www.unilim.fr\/havae\/recherche\/doctorantsstagiaires\/remi-schneider\/\" data-mce-href=\"http:\/\/www.unilim.fr\/havae\/recherche\/doctorantsstagiaires\/remi-schneider\/\">R\u00e9mi Schneider<\/a>&nbsp;&#8211; Encadr\u00e9 par <a href=\"http:\/\/www.unilim.fr\/havae\/havae-ur20217\/membres-de-lequipe-2\/benoit-borel\/\" data-mce-href=\"http:\/\/www.unilim.fr\/havae\/havae-ur20217\/membres-de-lequipe-2\/benoit-borel\/\">Dr. B. Borel<\/a>, <a href=\"http:\/\/www.unilim.fr\/havae\/havae-ur20217\/membres-de-lequipe-2\/iouri-bernache-assollant\/\" data-mce-href=\"http:\/\/www.unilim.fr\/havae\/havae-ur20217\/membres-de-lequipe-2\/iouri-bernache-assollant\/\">Dr. I. Bernache-Assollant<\/a>&nbsp;&amp; M. C. Christen (Mutualit\u00e9 Fran\u00e7aise Limousine)<\/p>\n<p><\/p>\n        <\/div>\n                <\/div>\n                <div class=\"col-sm-6\">\n                    <div class=\"clearfix ul-element-text \">\n            \n<p><a href=\"http:\/\/www.unilim.fr\/havae\/recherche\/projetstheses-en-cours\/\" data-mce-href=\"http:\/\/www.unilim.fr\/havae\/recherche\/projetstheses-en-cours\/\">Projet OPAcTe<\/a>&nbsp;&#8211; La t\u00e9l\u00e9r\u00e9adaptation comme modalit\u00e9 de suivi du patient ob\u00e8se lors du retour \u00e0 domicile<\/p>\n<p><\/p>\n        <\/div>\n                <\/div>\n                <\/div>\n                <div class=\"\">\n            <hr\/>\n        <\/div>\n                <div class=\"row\">\n                    <div class=\"col-sm-6\">\n                    <div class=\"clearfix ul-element-text \">\n            \n<p><a href=\"https:\/\/www.unilim.fr\/havae\/recherche\/doctorantsstagiaires\/lucas-firmin\/\" data-mce-href=\"https:\/\/www.unilim.fr\/havae\/recherche\/doctorantsstagiaires\/lucas-firmin\/\">Lucas Firmin<\/a>&nbsp;&#8211; Encadr\u00e9 par&nbsp;<a href=\"https:\/\/www.unilim.fr\/havae\/havae-ur20217\/membres-de-lequipe-2\/stephane-mandigout\/\" data-mce-href=\"https:\/\/www.unilim.fr\/havae\/havae-ur20217\/membres-de-lequipe-2\/stephane-mandigout\/\">Pr. S.Mandigout<\/a><\/p>\n<p><\/p>\n        <\/div>\n                <\/div>\n                <div class=\"col-sm-6\">\n                    <div class=\"clearfix ul-element-text \">\n            \n<p>Plateforme communautaire de t\u00e9l\u00e9r\u00e9\u00e9ducation et t\u00e9l\u00e9coaching \u00e0 domicile exploitant les potentiels de l&rsquo;IA et des technologies connect\u00e9es permettant un suivi continu personnalis\u00e9<\/p>\n<p><\/p>\n        <\/div>\n                <\/div>\n                <\/div>\n                <div class=\"\">\n            <hr\/>\n        <\/div>\n                <div class=\"row\">\n                    <div class=\"col-sm-6\">\n                    <div class=\"clearfix ul-element-text \">\n            \n<p><a href=\"https:\/\/www.unilim.fr\/havae\/recherche\/doctorantsstagiaires\/jean-francois-bel\/\" data-mce-href=\"https:\/\/www.unilim.fr\/havae\/recherche\/doctorantsstagiaires\/jean-francois-bel\/\">Jean-Fran\u00e7ois Bel<\/a>&nbsp;&#8211; Encadr\u00e9 par&nbsp;<a href=\"https:\/\/www.unilim.fr\/havae\/havae-ur20217\/membres-de-lequipe-2\/anaick-perrochon-2\/\" data-mce-href=\"https:\/\/www.unilim.fr\/havae\/havae-ur20217\/membres-de-lequipe-2\/anaick-perrochon-2\/\">Pr. A.Perrochon<\/a> &amp;&nbsp;<a href=\"https:\/\/www.unilim.fr\/havae\/havae-ur20217\/membres-de-lequipe-2\/elpidio-attoh-mensah\/\" data-mce-href=\"https:\/\/www.unilim.fr\/havae\/havae-ur20217\/membres-de-lequipe-2\/elpidio-attoh-mensah\/\">Dr. E.Attoh-Mensah<\/a><\/p>\n        <\/div>\n                <\/div>\n                <div class=\"col-sm-6\">\n                    <div class=\"clearfix ul-element-text \">\n            \n<p>Influence des modalit\u00e9s d\u2019entrainement de la marche dans un exosquelette chez des patients post-AVC<\/p>\n        <\/div>\n                <\/div>\n                <\/div>\n                <\/div>\n        <\/div>\n            <\/div>\n                  <\/div>\n                <div class=\"container-fluid  \" style=\"\">\n                      <div class=\"container\">\n                <div class=\"row \" style=\"margin-top: 30px;margin-bottom: 30px\">        <div class=\"col-sm-12 \">\n                    <div class=\"clearfix ul-element-text \">\n            \n<h3 class=\"ul-bold\" style=\"padding-left: 60px\" data-mce-style=\"padding-left: 60px;\"><strong><span style=\"text-decoration: underline\" data-mce-style=\"text-decoration: underline;\">Post-Doctorants\/Professionnels de recherche<\/span><\/strong><br \/><\/h3>\n        <\/div>\n                <\/div>\n        <\/div>\n            <\/div>\n                  <\/div>\n                <div class=\"container-fluid  \" style=\"\">\n                      <div class=\"container\">\n                <div class=\"row \" style=\"margin-top: 0px;margin-bottom: 0px\">        <div class=\"col-sm-2 \">\n                    <div class=\"clearfix ul-element-text \">\n            \n<p><span style=\"text-decoration: underline\" data-mce-style=\"text-decoration: underline;\"><strong>Nom &#8211; Pr\u00e9nom<\/strong><\/span><\/p>\n        <\/div>\n                <\/div>\n                <div class=\"col-sm-7 \">\n                    <div class=\"clearfix ul-element-text \">\n            \n<p><span style=\"text-decoration: underline\" data-mce-style=\"text-decoration: underline;\"><strong>Th\u00e9matiques<\/strong><\/span><\/p>\n        <\/div>\n                <\/div>\n                <div class=\"col-sm-3 \">\n                    <div class=\"clearfix ul-element-text \">\n            \n<p><strong><span style=\"text-decoration: underline\" data-mce-style=\"text-decoration: underline;\">Encadrants<\/span><\/strong><\/p>\n        <\/div>\n                <\/div>\n        <\/div>\n            <\/div>\n                  <\/div>\n                <div class=\"container-fluid  \" style=\"\">\n                      <div class=\"container\">\n                <div class=\"row \" style=\"margin-top: 0px;margin-bottom: 0px\">        <div class=\"col-sm-2 \">\n                    <div class=\"clearfix ul-element-text \">\n            \n<p><a href=\"https:\/\/www.unilim.fr\/havae\/recherche\/doctorantsstagiaires\/soleane-vielotte\/\" data-mce-href=\"https:\/\/www.unilim.fr\/havae\/recherche\/doctorantsstagiaires\/soleane-vielotte\/\">Sol\u00e9ane Vielotte<\/a><\/p>\n        <\/div>\n                <\/div>\n                <div class=\"col-sm-7 \">\n                    <div class=\"clearfix ul-element-text \">\n            \n<p>Projet PHRASE (Personalised Health cognitive assistance for RehAbilitation SystEm) :&nbsp;Etude de la faisabilit\u00e9 de l\u2019utilisation du dispositif @RGS de neuro-r\u00e9adaptation bas\u00e9 sur l\u2019intelligence artificielle au domicile des patients post-AVC<\/p>\n        <\/div>\n                <\/div>\n                <div class=\"col-sm-3 \">\n                    <div class=\"clearfix ul-element-text \">\n            \n<p><a href=\"http:\/\/www.unilim.fr\/havae\/havae-ur20217\/membres-de-lequipe-2\/stephane-mandigout\/\" data-mce-href=\"http:\/\/www.unilim.fr\/havae\/havae-ur20217\/membres-de-lequipe-2\/stephane-mandigout\/\">Pr. S. Mandigout<\/a>&nbsp;&amp;&nbsp;<a href=\"http:\/\/www.unilim.fr\/havae\/havae-ur20217\/membres-de-lequipe-2\/jean-christophe-daviet\/\" data-mce-href=\"http:\/\/www.unilim.fr\/havae\/havae-ur20217\/membres-de-lequipe-2\/jean-christophe-daviet\/\">Pr. J-C. Daviet<\/a><\/p>\n        <\/div>\n                <\/div>\n        <\/div>\n            <\/div>\n                  <\/div>\n        \n","protected":false},"excerpt":{"rendered":"","protected":false},"author":1,"featured_media":0,"parent":56,"menu_order":0,"comment_status":"closed","ping_status":"closed","template":"page-le.php","meta":{"footnotes":""},"class_list":["post-65","page","type-page","status-publish","hentry"],"yoast_head":"<!-- This site is optimized with the Yoast SEO plugin v26.5 - https:\/\/yoast.com\/wordpress\/plugins\/seo\/ -->\n<title>Doctorants\/Stagiaires - HAVAE<\/title>\n<meta name=\"robots\" content=\"index, follow, max-snippet:-1, max-image-preview:large, max-video-preview:-1\" \/>\n<link rel=\"canonical\" href=\"https:\/\/www.unilim.fr\/havae\/recherche\/doctorantsstagiaires\/\" \/>\n<meta property=\"og:locale\" content=\"fr_FR\" \/>\n<meta property=\"og:type\" content=\"article\" \/>\n<meta property=\"og:title\" content=\"Doctorants\/Stagiaires - HAVAE\" \/>\n<meta property=\"og:url\" content=\"https:\/\/www.unilim.fr\/havae\/recherche\/doctorantsstagiaires\/\" \/>\n<meta property=\"og:site_name\" content=\"HAVAE\" \/>\n<meta property=\"article:modified_time\" content=\"2025-11-11T09:56:27+00:00\" \/>\n<meta name=\"twitter:label1\" content=\"Dur\u00e9e de lecture estim\u00e9e\" \/>\n\t<meta name=\"twitter:data1\" content=\"4 minutes\" \/>\n<script type=\"application\/ld+json\" class=\"yoast-schema-graph\">{\"@context\":\"https:\/\/schema.org\",\"@graph\":[{\"@type\":\"WebPage\",\"@id\":\"https:\/\/www.unilim.fr\/havae\/recherche\/doctorantsstagiaires\/\",\"url\":\"https:\/\/www.unilim.fr\/havae\/recherche\/doctorantsstagiaires\/\",\"name\":\"Doctorants\/Stagiaires - HAVAE\",\"isPartOf\":{\"@id\":\"https:\/\/www.unilim.fr\/havae\/#website\"},\"datePublished\":\"2014-03-21T14:13:18+00:00\",\"dateModified\":\"2025-11-11T09:56:27+00:00\",\"breadcrumb\":{\"@id\":\"https:\/\/www.unilim.fr\/havae\/recherche\/doctorantsstagiaires\/#breadcrumb\"},\"inLanguage\":\"fr-FR\",\"potentialAction\":[{\"@type\":\"ReadAction\",\"target\":[\"https:\/\/www.unilim.fr\/havae\/recherche\/doctorantsstagiaires\/\"]}]},{\"@type\":\"BreadcrumbList\",\"@id\":\"https:\/\/www.unilim.fr\/havae\/recherche\/doctorantsstagiaires\/#breadcrumb\",\"itemListElement\":[{\"@type\":\"ListItem\",\"position\":1,\"name\":\"Accueil\",\"item\":\"https:\/\/www.unilim.fr\/havae\/\"},{\"@type\":\"ListItem\",\"position\":2,\"name\":\"Recherche\",\"item\":\"https:\/\/www.unilim.fr\/havae\/recherche\/\"},{\"@type\":\"ListItem\",\"position\":3,\"name\":\"Doctorants\/Stagiaires\"}]},{\"@type\":\"WebSite\",\"@id\":\"https:\/\/www.unilim.fr\/havae\/#website\",\"url\":\"https:\/\/www.unilim.fr\/havae\/\",\"name\":\"HAVAE\",\"description\":\"universit\u00e9 ouverte source de r\u00e9ussites\",\"potentialAction\":[{\"@type\":\"SearchAction\",\"target\":{\"@type\":\"EntryPoint\",\"urlTemplate\":\"https:\/\/www.unilim.fr\/havae\/?s={search_term_string}\"},\"query-input\":{\"@type\":\"PropertyValueSpecification\",\"valueRequired\":true,\"valueName\":\"search_term_string\"}}],\"inLanguage\":\"fr-FR\"}]}<\/script>\n<!-- \/ Yoast SEO plugin. -->","yoast_head_json":{"title":"Doctorants\/Stagiaires - HAVAE","robots":{"index":"index","follow":"follow","max-snippet":"max-snippet:-1","max-image-preview":"max-image-preview:large","max-video-preview":"max-video-preview:-1"},"canonical":"https:\/\/www.unilim.fr\/havae\/recherche\/doctorantsstagiaires\/","og_locale":"fr_FR","og_type":"article","og_title":"Doctorants\/Stagiaires - HAVAE","og_url":"https:\/\/www.unilim.fr\/havae\/recherche\/doctorantsstagiaires\/","og_site_name":"HAVAE","article_modified_time":"2025-11-11T09:56:27+00:00","twitter_misc":{"Dur\u00e9e de lecture estim\u00e9e":"4 minutes"},"schema":{"@context":"https:\/\/schema.org","@graph":[{"@type":"WebPage","@id":"https:\/\/www.unilim.fr\/havae\/recherche\/doctorantsstagiaires\/","url":"https:\/\/www.unilim.fr\/havae\/recherche\/doctorantsstagiaires\/","name":"Doctorants\/Stagiaires - HAVAE","isPartOf":{"@id":"https:\/\/www.unilim.fr\/havae\/#website"},"datePublished":"2014-03-21T14:13:18+00:00","dateModified":"2025-11-11T09:56:27+00:00","breadcrumb":{"@id":"https:\/\/www.unilim.fr\/havae\/recherche\/doctorantsstagiaires\/#breadcrumb"},"inLanguage":"fr-FR","potentialAction":[{"@type":"ReadAction","target":["https:\/\/www.unilim.fr\/havae\/recherche\/doctorantsstagiaires\/"]}]},{"@type":"BreadcrumbList","@id":"https:\/\/www.unilim.fr\/havae\/recherche\/doctorantsstagiaires\/#breadcrumb","itemListElement":[{"@type":"ListItem","position":1,"name":"Accueil","item":"https:\/\/www.unilim.fr\/havae\/"},{"@type":"ListItem","position":2,"name":"Recherche","item":"https:\/\/www.unilim.fr\/havae\/recherche\/"},{"@type":"ListItem","position":3,"name":"Doctorants\/Stagiaires"}]},{"@type":"WebSite","@id":"https:\/\/www.unilim.fr\/havae\/#website","url":"https:\/\/www.unilim.fr\/havae\/","name":"HAVAE","description":"universit\u00e9 ouverte source de r\u00e9ussites","potentialAction":[{"@type":"SearchAction","target":{"@type":"EntryPoint","urlTemplate":"https:\/\/www.unilim.fr\/havae\/?s={search_term_string}"},"query-input":{"@type":"PropertyValueSpecification","valueRequired":true,"valueName":"search_term_string"}}],"inLanguage":"fr-FR"}]}},"publishpress_future_action":{"enabled":false,"date":"2026-04-13 14:13:53","action":"change-status","newStatus":"draft","terms":[],"taxonomy":"page_category","extraData":[]},"publishpress_future_workflow_manual_trigger":{"enabledWorkflows":[]},"_links":{"self":[{"href":"https:\/\/www.unilim.fr\/havae\/wp-json\/wp\/v2\/pages\/65","targetHints":{"allow":["GET"]}}],"collection":[{"href":"https:\/\/www.unilim.fr\/havae\/wp-json\/wp\/v2\/pages"}],"about":[{"href":"https:\/\/www.unilim.fr\/havae\/wp-json\/wp\/v2\/types\/page"}],"author":[{"embeddable":true,"href":"https:\/\/www.unilim.fr\/havae\/wp-json\/wp\/v2\/users\/1"}],"replies":[{"embeddable":true,"href":"https:\/\/www.unilim.fr\/havae\/wp-json\/wp\/v2\/comments?post=65"}],"version-history":[{"count":4,"href":"https:\/\/www.unilim.fr\/havae\/wp-json\/wp\/v2\/pages\/65\/revisions"}],"predecessor-version":[{"id":2843,"href":"https:\/\/www.unilim.fr\/havae\/wp-json\/wp\/v2\/pages\/65\/revisions\/2843"}],"up":[{"embeddable":true,"href":"https:\/\/www.unilim.fr\/havae\/wp-json\/wp\/v2\/pages\/56"}],"wp:attachment":[{"href":"https:\/\/www.unilim.fr\/havae\/wp-json\/wp\/v2\/media?parent=65"}],"curies":[{"name":"wp","href":"https:\/\/api.w.org\/{rel}","templated":true}]}}