{"id":61,"date":"2023-03-07T23:00:00","date_gmt":"2014-03-21T14:12:28","guid":{"rendered":"http:\/\/www.unilim.fr\/havae\/?page_id=61"},"modified":"2025-02-26T16:57:41","modified_gmt":"2025-02-26T16:57:41","slug":"thematiques-de-recherche","status":"publish","type":"page","link":"https:\/\/www.unilim.fr\/havae\/recherche\/thematiques-de-recherche\/","title":{"rendered":"Th\u00e9matiques de recherche"},"content":{"rendered":"                        <div class=\"container-fluid bg-grad-right-gray-lighter ul-element-page-header \">\n                            <div class=\"container\">\n                                <div class=\"row\">\n                                    <div class=\"col-xs-12 hidden-xs text-dark\">\n                                                                                            <div class=\"ul-element-breadcrumb hidden-xs \">\n            \n                                <ol class='breadcrumb'>\n                                    <li>\n                                        <a href='http:\/\/www.unilim.fr\/havae'><i class='fa fa-home fa-lg fa-fw'><\/i><\/a>\n                                    <\/li><\/ol>        <\/div>\n                                                                                    <\/div>\n                                    <div class=\"col-xs-3 hidden-xs\">\n                                                                                    <div class=\"ul-element-logo-signal hidden-xs\" style=\"display: inline-block; position: relative; width: 100% ; margin-top: 23px; padding-bottom: 11.9284%;vertical-align: top;\">\n                <svg preserveAspectRatio=\"xMinYMin meet\" viewBox=\"0 0 503 60\" style=\"display: block;position: absolute;top: 0;left: 0;width:100%;max-width:100%;height:100%\">\n                      <g>\n                          <rect  opacity=\"0.3\"  x=\"0\" y=\"0\" width=\"142px\" height=\"60\" rx=\"6\" class=\" bg-primary\"><\/rect>\n                          <rect opacity=\"0.5\"  x=\"106\" y=\"0\" width=\"119px\" height=\"60\" rx=\"6\" class=\"bg-primary\"><\/rect>\n                          <rect opacity=\"0.6\"  x=\"207\" y=\"0\" width=\"84px\" height=\"60\" rx=\"6\" class=\" bg-primary\"><\/rect>\n                          <rect opacity=\"0.7\"  x=\"308\" y=\"0\" width=\"61px\" height=\"60\" rx=\"6\" class=\" bg-primary\"><\/rect>\n                          <rect opacity=\"0.8\"  x=\"390\" y=\"0\" width=\"29px\" height=\"60\" rx=\"6\" class=\" bg-primary\"><\/rect>\n                          <rect x=\"446\" y=\"0\" width=\"15px\" height=\"60\" rx=\"4\" class=\"                bg-primary\"><\/rect>\n                          <rect x=\"495\" y=\"0\" width=\"8px\" height=\"60\" rx=\"2\" class=\"                 bg-primary\"><\/rect>\n                      <\/g>\n                <\/svg>\n        <\/div>                                                                            <\/div>\n\n                                                                            <div class=\"col-sm-9 text-dark\">\n\n                                                                                                    <h1 class=\"blog-title text-primary ul-bold\">Th\u00e9matiques de recherche                                                                                                            <\/h1>\n\n                                                    <br\/>\n                                                \n\n\n                                                \n                                                                                        <\/div>\n                                    \n                                <\/div>\n                            <\/div>\n                        <\/div>\n                                <div class=\"container-fluid  \" style=\"\">\n                      <div class=\"container\">\n                <div class=\"row \" style=\"margin-top: 30px;margin-bottom: 30px\">        <div class=\"col-md-12 \">\n                    <div class=\"clearfix ul-element-text \">\n            \n<p style=\"text-align: justify\">La th\u00e9matique de l\u2019\u00e9quipe est centr\u00e9e sur <strong>la pr\u00e9servation de l\u2019autonomie sur le lieu de vie<\/strong>. En fonction des r\u00e9sultats obtenus, nous avons red\u00e9fini la probl\u00e9matique scientifique en nous rapprochant des concepts de la <strong>Classification&nbsp;Internationale du Fonctionnement<\/strong> (CIF &#8211; Organisation Mondiale de la Sant\u00e9 2003). En d\u2019autres termes, cela revient \u00e0 aborder l\u2019\u00e9tude des processus de constitution du handicap (d\u00e9fini selon les concepts de la CIF) dans le but de mieux d\u00e9finir les strat\u00e9gies de prise en charge (pr\u00e9vention, restauration et compensation). Compte tenu des comp\u00e9tences r\u00e9unies au sein de l\u2019\u00e9quipe, l\u2019approche reste essentiellement sanitaire, centr\u00e9e sur le probl\u00e8me de sant\u00e9 et ses cons\u00e9quences sur les d\u00e9ficiences, l\u2019activit\u00e9 et la participation.<\/p>\n<p style=\"text-align: justify\">&nbsp;<\/p>\n<p style=\"text-align: justify\"><span style=\"background-color: transparent\">Notre strat\u00e9gie scientifique s\u2019organisera selon deux objectifs&nbsp;op\u00e9rationnels&nbsp;qui s\u2019enrichiront selon un mod\u00e8le r\u00e9cursif&nbsp;:<\/span><\/p>\n<ul>\n<li style=\"text-align: justify\"><strong>Identifier les d\u00e9terminants de la mobilit\u00e9 en situation de vie r\u00e9elle<\/strong>, en se centrant sur :<\/li>\n<ul>\n<li style=\"text-align: justify\">les aspects cognitivo-moteurs, la chute et le niveau d&rsquo;activit\u00e9.<\/li>\n<li>le d\u00e9veloppement et la validation d&rsquo;outils sp\u00e9cifiques en privil\u00e9giant l&rsquo;utilisation des technologies innovantes<\/li>\n<\/ul>\n<li style=\"text-align: justify\"><strong>Faciliter la mobilit\u00e9 en situation r\u00e9elle de vie, <\/strong>par la conception\/mise en place, l&rsquo;\u00e9valuation et la validation des strat\u00e9gies de prise en charge et d&rsquo;intervention \u00e0 domicile (pr\u00e9vention, restauration et compensation). En identifiant sur quels processus elles agissent, cela permettra d\u2019enrichir la compr\u00e9hension des m\u00e9canismes de production du handicap.<\/li>\n<\/ul>\n<p>&nbsp;<\/p>\n<p><span style=\"text-decoration: underline\"><strong>Nouveaut\u00e9 :<\/strong><\/span>&nbsp;Depuis quelques mois d\u00e9sormais, l&rsquo;unit\u00e9 de Recherche HAVAE travaille sur une nouvelle structuration interne, avec une r\u00e9flexion autour de diff\u00e9rentes th\u00e9matiques. La premi\u00e8re th\u00e9matique \u00e0 voir le jour porte sur la Neuro-XR et est encadr\u00e9e&nbsp;par le <a href=\"http:\/\/www.unilim.fr\/havae\/havae-ur20217\/membres-de-lequipe-2\/anaick-perrochon-2\/\">Pr. Anaick Perrochon<\/a>.&nbsp;<\/p>\n<p>&nbsp;<\/p>\n<p>&nbsp;&nbsp;<\/p>\n<p style=\"text-align: center\"><a href=\"https:\/\/www.unilim.fr\/havae\/wp-content\/uploads\/sites\/5\/2023\/03\/PPT-Kakemono-labo-english_VF.jpg\" class=\"\"><img loading=\"lazy\" decoding=\"async\" alt=\"\" src=\"https:\/\/www.unilim.fr\/havae\/wp-content\/uploads\/sites\/5\/2023\/03\/PPT-Kakemono-labo-english_VF-436x1024.jpg\" class=\"aligncenter wp-image-2163\" width=\"436\" height=\"1024\" srcset=\"https:\/\/www.unilim.fr\/havae\/wp-content\/uploads\/sites\/5\/2023\/03\/PPT-Kakemono-labo-english_VF-436x1024.jpg 436w, https:\/\/www.unilim.fr\/havae\/wp-content\/uploads\/sites\/5\/2023\/03\/PPT-Kakemono-labo-english_VF-128x300.jpg 128w, https:\/\/www.unilim.fr\/havae\/wp-content\/uploads\/sites\/5\/2023\/03\/PPT-Kakemono-labo-english_VF.jpg 1712w\" sizes=\"auto, (max-width: 436px) 100vw, 436px\" \/><\/a><\/p>\n        <\/div>\n                <\/div>\n        <\/div>\n            <\/div>\n                  <\/div>\n        \n","protected":false},"excerpt":{"rendered":"","protected":false},"author":1,"featured_media":0,"parent":56,"menu_order":0,"comment_status":"closed","ping_status":"closed","template":"page-le.php","meta":{"footnotes":""},"class_list":["post-61","page","type-page","status-publish","hentry"],"yoast_head":"<!-- This site is optimized with the Yoast SEO plugin v26.5 - https:\/\/yoast.com\/wordpress\/plugins\/seo\/ -->\n<title>Th\u00e9matiques de recherche - HAVAE<\/title>\n<meta name=\"robots\" content=\"index, follow, max-snippet:-1, max-image-preview:large, max-video-preview:-1\" \/>\n<link rel=\"canonical\" href=\"https:\/\/www.unilim.fr\/havae\/recherche\/thematiques-de-recherche\/\" \/>\n<meta property=\"og:locale\" content=\"fr_FR\" \/>\n<meta property=\"og:type\" content=\"article\" \/>\n<meta property=\"og:title\" content=\"Th\u00e9matiques de recherche - HAVAE\" \/>\n<meta property=\"og:url\" content=\"https:\/\/www.unilim.fr\/havae\/recherche\/thematiques-de-recherche\/\" \/>\n<meta property=\"og:site_name\" content=\"HAVAE\" \/>\n<meta property=\"article:modified_time\" content=\"2025-02-26T16:57:41+00:00\" \/>\n<meta property=\"og:image\" content=\"https:\/\/www.unilim.fr\/havae\/wp-content\/uploads\/sites\/5\/2023\/03\/PPT-Kakemono-labo-english_VF.jpg\" \/>\n\t<meta property=\"og:image:width\" content=\"1712\" \/>\n\t<meta property=\"og:image:height\" content=\"4025\" \/>\n\t<meta property=\"og:image:type\" content=\"image\/jpeg\" \/>\n<meta name=\"twitter:label1\" content=\"Dur\u00e9e de lecture estim\u00e9e\" \/>\n\t<meta name=\"twitter:data1\" content=\"2 minutes\" \/>\n<script type=\"application\/ld+json\" class=\"yoast-schema-graph\">{\"@context\":\"https:\/\/schema.org\",\"@graph\":[{\"@type\":\"WebPage\",\"@id\":\"https:\/\/www.unilim.fr\/havae\/recherche\/thematiques-de-recherche\/\",\"url\":\"https:\/\/www.unilim.fr\/havae\/recherche\/thematiques-de-recherche\/\",\"name\":\"Th\u00e9matiques de recherche - HAVAE\",\"isPartOf\":{\"@id\":\"https:\/\/www.unilim.fr\/havae\/#website\"},\"primaryImageOfPage\":{\"@id\":\"https:\/\/www.unilim.fr\/havae\/recherche\/thematiques-de-recherche\/#primaryimage\"},\"image\":{\"@id\":\"https:\/\/www.unilim.fr\/havae\/recherche\/thematiques-de-recherche\/#primaryimage\"},\"thumbnailUrl\":\"https:\/\/www.unilim.fr\/havae\/wp-content\/uploads\/sites\/5\/2023\/03\/PPT-Kakemono-labo-english_VF-436x1024.jpg\",\"datePublished\":\"2014-03-21T14:12:28+00:00\",\"dateModified\":\"2025-02-26T16:57:41+00:00\",\"breadcrumb\":{\"@id\":\"https:\/\/www.unilim.fr\/havae\/recherche\/thematiques-de-recherche\/#breadcrumb\"},\"inLanguage\":\"fr-FR\",\"potentialAction\":[{\"@type\":\"ReadAction\",\"target\":[\"https:\/\/www.unilim.fr\/havae\/recherche\/thematiques-de-recherche\/\"]}]},{\"@type\":\"ImageObject\",\"inLanguage\":\"fr-FR\",\"@id\":\"https:\/\/www.unilim.fr\/havae\/recherche\/thematiques-de-recherche\/#primaryimage\",\"url\":\"https:\/\/www.unilim.fr\/havae\/wp-content\/uploads\/sites\/5\/2023\/03\/PPT-Kakemono-labo-english_VF-436x1024.jpg\",\"contentUrl\":\"https:\/\/www.unilim.fr\/havae\/wp-content\/uploads\/sites\/5\/2023\/03\/PPT-Kakemono-labo-english_VF-436x1024.jpg\"},{\"@type\":\"BreadcrumbList\",\"@id\":\"https:\/\/www.unilim.fr\/havae\/recherche\/thematiques-de-recherche\/#breadcrumb\",\"itemListElement\":[{\"@type\":\"ListItem\",\"position\":1,\"name\":\"Accueil\",\"item\":\"https:\/\/www.unilim.fr\/havae\/\"},{\"@type\":\"ListItem\",\"position\":2,\"name\":\"Recherche\",\"item\":\"https:\/\/www.unilim.fr\/havae\/recherche\/\"},{\"@type\":\"ListItem\",\"position\":3,\"name\":\"Th\u00e9matiques de recherche\"}]},{\"@type\":\"WebSite\",\"@id\":\"https:\/\/www.unilim.fr\/havae\/#website\",\"url\":\"https:\/\/www.unilim.fr\/havae\/\",\"name\":\"HAVAE\",\"description\":\"universit\u00e9 ouverte source de r\u00e9ussites\",\"potentialAction\":[{\"@type\":\"SearchAction\",\"target\":{\"@type\":\"EntryPoint\",\"urlTemplate\":\"https:\/\/www.unilim.fr\/havae\/?s={search_term_string}\"},\"query-input\":{\"@type\":\"PropertyValueSpecification\",\"valueRequired\":true,\"valueName\":\"search_term_string\"}}],\"inLanguage\":\"fr-FR\"}]}<\/script>\n<!-- \/ Yoast SEO plugin. -->","yoast_head_json":{"title":"Th\u00e9matiques de recherche - HAVAE","robots":{"index":"index","follow":"follow","max-snippet":"max-snippet:-1","max-image-preview":"max-image-preview:large","max-video-preview":"max-video-preview:-1"},"canonical":"https:\/\/www.unilim.fr\/havae\/recherche\/thematiques-de-recherche\/","og_locale":"fr_FR","og_type":"article","og_title":"Th\u00e9matiques de recherche - HAVAE","og_url":"https:\/\/www.unilim.fr\/havae\/recherche\/thematiques-de-recherche\/","og_site_name":"HAVAE","article_modified_time":"2025-02-26T16:57:41+00:00","og_image":[{"width":1712,"height":4025,"url":"https:\/\/www.unilim.fr\/havae\/wp-content\/uploads\/sites\/5\/2023\/03\/PPT-Kakemono-labo-english_VF.jpg","type":"image\/jpeg"}],"twitter_misc":{"Dur\u00e9e de lecture estim\u00e9e":"2 minutes"},"schema":{"@context":"https:\/\/schema.org","@graph":[{"@type":"WebPage","@id":"https:\/\/www.unilim.fr\/havae\/recherche\/thematiques-de-recherche\/","url":"https:\/\/www.unilim.fr\/havae\/recherche\/thematiques-de-recherche\/","name":"Th\u00e9matiques de recherche - HAVAE","isPartOf":{"@id":"https:\/\/www.unilim.fr\/havae\/#website"},"primaryImageOfPage":{"@id":"https:\/\/www.unilim.fr\/havae\/recherche\/thematiques-de-recherche\/#primaryimage"},"image":{"@id":"https:\/\/www.unilim.fr\/havae\/recherche\/thematiques-de-recherche\/#primaryimage"},"thumbnailUrl":"https:\/\/www.unilim.fr\/havae\/wp-content\/uploads\/sites\/5\/2023\/03\/PPT-Kakemono-labo-english_VF-436x1024.jpg","datePublished":"2014-03-21T14:12:28+00:00","dateModified":"2025-02-26T16:57:41+00:00","breadcrumb":{"@id":"https:\/\/www.unilim.fr\/havae\/recherche\/thematiques-de-recherche\/#breadcrumb"},"inLanguage":"fr-FR","potentialAction":[{"@type":"ReadAction","target":["https:\/\/www.unilim.fr\/havae\/recherche\/thematiques-de-recherche\/"]}]},{"@type":"ImageObject","inLanguage":"fr-FR","@id":"https:\/\/www.unilim.fr\/havae\/recherche\/thematiques-de-recherche\/#primaryimage","url":"https:\/\/www.unilim.fr\/havae\/wp-content\/uploads\/sites\/5\/2023\/03\/PPT-Kakemono-labo-english_VF-436x1024.jpg","contentUrl":"https:\/\/www.unilim.fr\/havae\/wp-content\/uploads\/sites\/5\/2023\/03\/PPT-Kakemono-labo-english_VF-436x1024.jpg"},{"@type":"BreadcrumbList","@id":"https:\/\/www.unilim.fr\/havae\/recherche\/thematiques-de-recherche\/#breadcrumb","itemListElement":[{"@type":"ListItem","position":1,"name":"Accueil","item":"https:\/\/www.unilim.fr\/havae\/"},{"@type":"ListItem","position":2,"name":"Recherche","item":"https:\/\/www.unilim.fr\/havae\/recherche\/"},{"@type":"ListItem","position":3,"name":"Th\u00e9matiques de recherche"}]},{"@type":"WebSite","@id":"https:\/\/www.unilim.fr\/havae\/#website","url":"https:\/\/www.unilim.fr\/havae\/","name":"HAVAE","description":"universit\u00e9 ouverte source de r\u00e9ussites","potentialAction":[{"@type":"SearchAction","target":{"@type":"EntryPoint","urlTemplate":"https:\/\/www.unilim.fr\/havae\/?s={search_term_string}"},"query-input":{"@type":"PropertyValueSpecification","valueRequired":true,"valueName":"search_term_string"}}],"inLanguage":"fr-FR"}]}},"publishpress_future_action":{"enabled":false,"date":"2026-04-13 14:15:13","action":"change-status","newStatus":"draft","terms":[],"taxonomy":"page_category","extraData":[]},"publishpress_future_workflow_manual_trigger":{"enabledWorkflows":[]},"_links":{"self":[{"href":"https:\/\/www.unilim.fr\/havae\/wp-json\/wp\/v2\/pages\/61","targetHints":{"allow":["GET"]}}],"collection":[{"href":"https:\/\/www.unilim.fr\/havae\/wp-json\/wp\/v2\/pages"}],"about":[{"href":"https:\/\/www.unilim.fr\/havae\/wp-json\/wp\/v2\/types\/page"}],"author":[{"embeddable":true,"href":"https:\/\/www.unilim.fr\/havae\/wp-json\/wp\/v2\/users\/1"}],"replies":[{"embeddable":true,"href":"https:\/\/www.unilim.fr\/havae\/wp-json\/wp\/v2\/comments?post=61"}],"version-history":[{"count":4,"href":"https:\/\/www.unilim.fr\/havae\/wp-json\/wp\/v2\/pages\/61\/revisions"}],"predecessor-version":[{"id":2723,"href":"https:\/\/www.unilim.fr\/havae\/wp-json\/wp\/v2\/pages\/61\/revisions\/2723"}],"up":[{"embeddable":true,"href":"https:\/\/www.unilim.fr\/havae\/wp-json\/wp\/v2\/pages\/56"}],"wp:attachment":[{"href":"https:\/\/www.unilim.fr\/havae\/wp-json\/wp\/v2\/media?parent=61"}],"curies":[{"name":"wp","href":"https:\/\/api.w.org\/{rel}","templated":true}]}}