{"id":6,"date":"2024-02-05T23:00:00","date_gmt":"1970-01-01T00:00:00","guid":{"rendered":"http:\/\/www.unilim.fr\/havae\/?page_id=6"},"modified":"2024-10-04T12:03:34","modified_gmt":"2024-10-04T12:03:34","slug":"page-daccueil","status":"publish","type":"page","link":"https:\/\/www.unilim.fr\/havae\/","title":{"rendered":"Page d&rsquo;accueil"},"content":{"rendered":"        <div class=\"container-fluid  \" style=\"\">\n                      <div class=\"container\">\n                <div class=\"row \" style=\"margin-top: 20px;margin-bottom: 0px\">        <div class=\"col-sm-8 \">\n                                            <h2 class=\"text-gray\" style=\"margin-top:0; padding: 10px 0; border-top: 10px solid;\">Actualit\u00e9s<\/h2>\n                                <div style=\"height:400px;overflow: hidden;\" id=\"carousel-120424224\" class=\"carousel slide ul-element-post-slider \" data-ride=\"carousel\" data-interval=\"5000\">\n\n                                            <ol style=\"\" class=\"carousel-indicators right\">\n                                                            <li data-target=\"#carousel-120424224\" data-slide-to=\"0\" class=\"active\"><\/li>\n                                                            <li data-target=\"#carousel-120424224\" data-slide-to=\"1\" class=\"\"><\/li>\n                                                            <li data-target=\"#carousel-120424224\" data-slide-to=\"2\" class=\"\"><\/li>\n                                                            <li data-target=\"#carousel-120424224\" data-slide-to=\"3\" class=\"\"><\/li>\n                                                            <li data-target=\"#carousel-120424224\" data-slide-to=\"4\" class=\"\"><\/li>\n                                                    <\/ol>\n                    \n\n                    <div class=\"carousel-inner\">\n                                                    <div class=\"ul-element-post-slider-item item active\" >\n                                <a class=\"text-light\" href=\"https:\/\/www.unilim.fr\/havae\/2026\/04\/09\/lunite-havae-recrute\/\">\n\n                                                                            <img loading=\"lazy\" decoding=\"async\" width=\"640\" height=\"400\" src=\"https:\/\/www.unilim.fr\/havae\/wp-content\/uploads\/sites\/5\/2022\/10\/nous_recrutons-640x480-640x400.png\" class=\" wp-post-image\" alt=\"\" style=\"max-width:inherit;\" \/>                                                                        \n\n                                    <div style=\"\" class=\"carousel-caption right bg-black bg-black-a-6\">\n                                                                                <div>\n\n                                            <h3 class=\"ul-uppercase ul-bold\">L&rsquo;unit\u00e9 HAVAE recrute!<\/h3>\n                                            \n                                            \n\n                                                                                            <p><em>Le laboratoire HAVAE recrute! &nbsp; Si vous \u00eates int\u00e9ress\u00e9.e par le domaine de la recherche, du handicap et par un travail doctoral, le laboratoire HAVAE est \u00e0 la recherche de <a href='https:\/\/www.unilim.fr\/havae\/2026\/04\/09\/lunite-havae-recrute\/' alt='Lire la suite' class='text-readmore-arrow'>[...]<\/a><\/em><\/p>\n                                            \n                                                                                            <a class=\"text-light btn-action pull-left\" href=\"https:\/\/www.unilim.fr\/havae\/2026\/04\/09\/lunite-havae-recrute\/\">Lire la suite<\/a>\n                                            \n                                        <\/div>\n                                    <\/div>\n\n                                <\/a>\n\n\n                            <\/div>\n\n\n                                                    <div class=\"ul-element-post-slider-item item \" >\n                                <a class=\"text-light\" href=\"https:\/\/www.unilim.fr\/havae\/2025\/11\/27\/debut-dune-serie-de-soutenances-pour-lur-havae\/\">\n\n                                                                            <img loading=\"lazy\" decoding=\"async\" width=\"400\" height=\"400\" src=\"https:\/\/www.unilim.fr\/havae\/wp-content\/uploads\/sites\/5\/2016\/11\/Conference-400x400.png\" class=\" wp-post-image\" alt=\"\" style=\"max-width:inherit;\" srcset=\"https:\/\/www.unilim.fr\/havae\/wp-content\/uploads\/sites\/5\/2016\/11\/Conference-400x400.png 400w, https:\/\/www.unilim.fr\/havae\/wp-content\/uploads\/sites\/5\/2016\/11\/Conference-300x300.png 300w, https:\/\/www.unilim.fr\/havae\/wp-content\/uploads\/sites\/5\/2016\/11\/Conference-e1481022781286.png 200w\" sizes=\"auto, (max-width: 400px) 100vw, 400px\" \/>                                                                        \n\n                                    <div style=\"\" class=\"carousel-caption right bg-black bg-black-a-6\">\n                                                                                <div>\n\n                                            <h3 class=\"ul-uppercase ul-bold\">D\u00e9but d&rsquo;une s\u00e9rie de soutenances pour l&rsquo;UR HAVAE<\/h3>\n                                            \n                                            \n\n                                                                                            <p><em>A l&rsquo;approche de cette fin d&rsquo;ann\u00e9e 2025, l&rsquo;UR HAVAE sera encore tr\u00e8s actif, avec une s\u00e9rie de 4 soutenances \u00e0 venir. L&rsquo;occasion pour nos doctorants de <a href='https:\/\/www.unilim.fr\/havae\/2025\/11\/27\/debut-dune-serie-de-soutenances-pour-lur-havae\/' alt='Lire la suite' class='text-readmore-arrow'>[...]<\/a><\/em><\/p>\n                                            \n                                                                                            <a class=\"text-light btn-action pull-left\" href=\"https:\/\/www.unilim.fr\/havae\/2025\/11\/27\/debut-dune-serie-de-soutenances-pour-lur-havae\/\">Lire la suite<\/a>\n                                            \n                                        <\/div>\n                                    <\/div>\n\n                                <\/a>\n\n\n                            <\/div>\n\n\n                                                    <div class=\"ul-element-post-slider-item item \" >\n                                <a class=\"text-light\" href=\"https:\/\/www.unilim.fr\/havae\/2025\/11\/14\/le-pr-compagnat-orateur-aux-empr-2026\/\">\n\n                                                                            <img loading=\"lazy\" decoding=\"async\" width=\"225\" height=\"225\" src=\"https:\/\/www.unilim.fr\/havae\/wp-content\/uploads\/sites\/5\/2022\/01\/M.Compagnat.jpg\" class=\" wp-post-image\" alt=\"\" style=\"max-width:inherit;\" \/>                                                                        \n\n                                    <div style=\"\" class=\"carousel-caption right bg-black bg-black-a-6\">\n                                                                                <div>\n\n                                            <h3 class=\"ul-uppercase ul-bold\">Le Pr COMPAGNAT orateur aux EMPR 2026<\/h3>\n                                            \n                                            \n\n                                                                                            <p><em>Maxence Compagnat a co-organis\u00e9 et interviendra dans une session d\u00e9di\u00e9e \u00e0 \u00ab\u00a0la MPR \u00e0 l&rsquo;heure de l&rsquo;intelligence artificielle\u00a0\u00bb lors des 54eme EMPR \u00e0 le 18 mars 2026 au <a href='https:\/\/www.unilim.fr\/havae\/2025\/11\/14\/le-pr-compagnat-orateur-aux-empr-2026\/' alt='Lire la suite' class='text-readmore-arrow'>[...]<\/a><\/em><\/p>\n                                            \n                                                                                            <a class=\"text-light btn-action pull-left\" href=\"https:\/\/www.unilim.fr\/havae\/2025\/11\/14\/le-pr-compagnat-orateur-aux-empr-2026\/\">Lire la suite<\/a>\n                                            \n                                        <\/div>\n                                    <\/div>\n\n                                <\/a>\n\n\n                            <\/div>\n\n\n                                                    <div class=\"ul-element-post-slider-item item \" >\n                                <a class=\"text-light\" href=\"https:\/\/www.unilim.fr\/havae\/2025\/10\/29\/parcours-de-soins-has-patient-post-avc\/\">\n\n                                                                            <img loading=\"lazy\" decoding=\"async\" width=\"408\" height=\"184\" src=\"https:\/\/www.unilim.fr\/havae\/wp-content\/uploads\/sites\/5\/2025\/10\/Capture-decran-2025-10-29-a-15.52.12.png\" class=\" wp-post-image\" alt=\"\" style=\"max-width:inherit;\" srcset=\"https:\/\/www.unilim.fr\/havae\/wp-content\/uploads\/sites\/5\/2025\/10\/Capture-decran-2025-10-29-a-15.52.12.png 408w, https:\/\/www.unilim.fr\/havae\/wp-content\/uploads\/sites\/5\/2025\/10\/Capture-decran-2025-10-29-a-15.52.12-300x135.png 300w\" sizes=\"auto, (max-width: 408px) 100vw, 408px\" \/>                                                                        \n\n                                    <div style=\"\" class=\"carousel-caption right bg-black bg-black-a-6\">\n                                                                                <div>\n\n                                            <h3 class=\"ul-uppercase ul-bold\">Parcours de soins HAS patient post AVC<\/h3>\n                                            \n                                            \n\n                                                                                            <p><em>Le Pr JC Daviet a \u00e9t\u00e9 charg\u00e9 de projet pour le parcours de sant\u00e9 AVC qui vient tout juste d\u2019\u00eatre publi\u00e9 par la HAS. Le guide parcours insiste sur des th\u00e8mes chers \u00e0 notre \u00e9quipe : <a href='https:\/\/www.unilim.fr\/havae\/2025\/10\/29\/parcours-de-soins-has-patient-post-avc\/' alt='Lire la suite' class='text-readmore-arrow'>[...]<\/a><\/em><\/p>\n                                            \n                                                                                            <a class=\"text-light btn-action pull-left\" href=\"https:\/\/www.unilim.fr\/havae\/2025\/10\/29\/parcours-de-soins-has-patient-post-avc\/\">Lire la suite<\/a>\n                                            \n                                        <\/div>\n                                    <\/div>\n\n                                <\/a>\n\n\n                            <\/div>\n\n\n                                                    <div class=\"ul-element-post-slider-item item \" >\n                                <a class=\"text-light\" href=\"https:\/\/www.unilim.fr\/havae\/2025\/09\/12\/lunite-de-recherche-havae-recrute-2\/\">\n\n                                                                            <img loading=\"lazy\" decoding=\"async\" width=\"640\" height=\"400\" src=\"https:\/\/www.unilim.fr\/havae\/wp-content\/uploads\/sites\/5\/2022\/10\/nous_recrutons-640x480-640x400.png\" class=\" wp-post-image\" alt=\"\" style=\"max-width:inherit;\" \/>                                                                        \n\n                                    <div style=\"\" class=\"carousel-caption right bg-black bg-black-a-6\">\n                                                                                <div>\n\n                                            <h3 class=\"ul-uppercase ul-bold\">L&rsquo;unit\u00e9 de recherche HAVAE recrute!!<\/h3>\n                                            \n                                            \n\n                                                                                            <p><em>Int\u00e9ress\u00e9.e par la r\u00e9alisation d&rsquo;un doctorat? De d\u00e9couvrir le monde de la recherche en \u00e9tant l&rsquo;acteur principal d&rsquo;un projet de recherche? L&rsquo;unit\u00e9 de <a href='https:\/\/www.unilim.fr\/havae\/2025\/09\/12\/lunite-de-recherche-havae-recrute-2\/' alt='Lire la suite' class='text-readmore-arrow'>[...]<\/a><\/em><\/p>\n                                            \n                                                                                            <a class=\"text-light btn-action pull-left\" href=\"https:\/\/www.unilim.fr\/havae\/2025\/09\/12\/lunite-de-recherche-havae-recrute-2\/\">Lire la suite<\/a>\n                                            \n                                        <\/div>\n                                    <\/div>\n\n                                <\/a>\n\n\n                            <\/div>\n\n\n                                            <\/div>\n\n\n\n                                            <a style=\"width:10%;\" class=\"left carousel-control\" href=\"#carousel-120424224\" role=\"button\" data-slide=\"prev\">\n                            <span class=\"glyphicon glyphicon-chevron-left fa fa-chevron-left\"><\/span>\n                        <\/a>\n                        <a style=\"width:10%;\" class=\"right carousel-control\" href=\"#carousel-120424224\" role=\"button\" data-slide=\"next\">\n                            <span class=\"glyphicon glyphicon-chevron-right fa fa-chevron-right\"><\/span>\n                        <\/a>\n                                    <\/div>\n                <style>\n                .ul-element-post-slider .carousel-caption div {\n                    padding: 0 20px;\n                }\n                .ul-element-post-slider .carousel-caption.left {\n                    height:100%;\n                    width: 380px;\n                    text-align: left;\n                    padding: 0;\n                    left: 0;\n                    top: 0;\n                    z-index: 0;\n                    margin-left: 80px\n                }\n                .carousel-indicators.left{\n                    left: 25%;\n                }\n                .ul-element-post-slider .carousel-caption.right {\n                    height:100%;\n                    width: 380px;\n                    text-align: left;\n                    padding: 0;\n                    left: calc(100% - 380px);\n                    top: 0;\n                    z-index: 0;\n                }\n                .carousel-indicators.right{\n                    left: 75%;\n                }\n                .ul-element-post-slider .carousel-control {\n                    opacity: 0.1;\n                }\n                .ul-element-post-slider:hover .carousel-control,\n                .ul-element-post-slider .carousel-indicators > li {\n                    opacity: 0.5;\n                }\n                .ul-element-post-slider .carousel-control:hover {\n                    opacity: 0.9;\n                }\n                <\/style>\n\n                        <\/div>\n                <div class=\"col-sm-4 \">\n                      <h2 class=\"text-gray\" style=\"margin-top:0; padding: 10px 0; border-top: 10px solid;\">Agenda                        <small style=\"font-size:14px; margin-top:10px;\" class=\"pull-right hidden-xs visible-lg\"><a href=\"https:\/\/www.unilim.fr\/havae\/events\/event\/\" class=\"header-readmore-arrow\"> <i class='fa fa-location-arrow'><\/i> Tous les \u00e9v\u00e9nements<\/a><\/small>\n                      <\/h2>\n          \n          <div class=\"ul-element-event \" >\n            \n            <div class=\"ul-element-event-item\">\n                                <div class=\"item-content\">\n                                                            <div class=\"content-date\"> <!-- DATES -->\n                        <div class=\"content-date-start\"><span class=\"content-date-dm\">16 JUIN<\/span><span class=\"content-date-y\"><\/span><\/div><div class=\"content-date-au\"><span class=\"content-date-to\">AU<\/span><\/div><div class=\"content-date-end\"><span class=\"content-date-dm\">18 JUIN<\/span><span class=\"content-date-y\"><\/span><\/div>                    <\/div>\n                                        <h4 class=\"content-title\">\n                        <a href=\"https:\/\/www.unilim.fr\/havae\/events\/event\/congres-jetsan-2027\/\">Congr\u00e8s JetSan 2027<\/a>                    <\/h4>\n                                    <\/div>\n            <\/div>\n                        \n                        <small style=\"font-size:14px; margin-top:10px;\" class=\"pull-right hidden-lg\"><a href=\"https:\/\/www.unilim.fr\/havae\/events\/event\/\" class=\"header-readmore-arrow\"> <i class='fa fa-location-arrow'><\/i> Tous les \u00e9v\u00e9nements<\/a><\/small>\n                                  <\/div>\n                  <\/div>\n        <\/div>\n            <\/div>\n                  <\/div>\n                <div class=\"container-fluid  \" style=\"\">\n                      <div class=\"container\">\n                <div class=\"row \" style=\"margin-top: 0px;margin-bottom: 0px\">        <div class=\"col-md-12 \">\n                    <div class=\"\">\n            <hr\/>\n        <\/div>\n        \n        \n        <div class=\"ul-element-header text-left  \">\n\n            <h2 class=\"ul-bold  transparent\" style=\"padding:10px;\">\n                                Pr\u00e9sentation de l\u2019Unit\u00e9 de Recherche 20217                <span><br\/><\/span><small> \u00ab Handicap, Activit\u00e9, Vieillissement, Autonomie, Environnement \u00bb<\/small>            <\/h2>\n        <\/div>\n                <div class=\"clearfix ul-element-text \">\n            \n<p style=\"text-align: justify\">Le laboratoire HAVAE est reconnu&nbsp;Unit\u00e9 de Recherche&nbsp;(UR20217) depuis maintenant 2012. Se sont r\u00e9unis, pour cr\u00e9er et impulser ce projet, des enseignants-chercheurs (EC) &#8211; m\u00e9decins dans les sp\u00e9cialit\u00e9s de <strong>M\u00e9decine Physique et de R\u00e9adaptation (MPR) et des Sciences de la R\u00e9adaptation (section CNU 91)&nbsp;<\/strong>ainsi que des EC dans la sp\u00e9cialit\u00e9 des <strong>Sciences et Techniques des Activit\u00e9s Physiques et Sportives (STAPS; Section CNU 74)<\/strong>.&nbsp;La th\u00e9matique de l\u2019\u00e9quipe est centr\u00e9e sur la pr\u00e9servation de l\u2019autonomie sur le lieu de vie.<\/p>\n<p style=\"text-align: justify\">La direction du laboratoire HAVAE est actuellement assur\u00e9e par St\u00e9phane Mandigout (PR).<\/p>\n<p style=\"text-align: justify\">&nbsp;<\/p>\n<p style=\"text-align: justify\">L&rsquo;\u00e9quipe HAVAE est rattach\u00e9 \u00e0 l&rsquo;Universit\u00e9 de Limoges, via les Facult\u00e9s de Sciences et Techniques et de M\u00e9decine &#8211; Pharmacie. Le laboratoire est \u00e9galement membre de:<\/p>\n<ul>\n<ul>\n<li>l&rsquo;Institut OmegaHealth&nbsp;(\u03a9-Health) de l&rsquo;Universit\u00e9 de Limoges. L&rsquo;Unit\u00e9 de Recherche HAVAE est l&rsquo;une des neufs \u00e9quipes de l&rsquo;institut \u03a9-Health. Elle s&rsquo;inscrit dans l&rsquo;axe Neuroscience et Handicap.&nbsp;<a href=\"http:\/\/www.unilim.fr\/geist\" target=\"_blank\" style=\"text-align: justify\">Lien vers le site<\/a><\/li>\n<li>l&rsquo;Ecole Doctorale&nbsp;Sciences Biologiques et Sant\u00e9 (ED 615).&nbsp;<a href=\"https:\/\/www.u-ldevinci.fr\/sbs\/\">Lien vers le site<\/a><\/li>\n<li>la F\u00e9d\u00e9ration pour la Recherche sur le Handicap et l\u2019Autonomie&nbsp; (FEDRHA ; anciennement Institut F\u00e9d\u00e9ratif de Recherche Handicap IFRH &#8211; IFR 25). <a href=\"http:\/\/ifr-handicap.inserm.fr\/\" target=\"_blank\">Lien vers le site<\/a><\/li>\n<\/ul>\n<\/ul>\n<p>&nbsp;<\/p>\n        <\/div>\n                <\/div>\n        <\/div>\n            <\/div>\n                  <\/div>\n        \n","protected":false},"excerpt":{"rendered":"","protected":false},"author":7,"featured_media":0,"parent":0,"menu_order":0,"comment_status":"closed","ping_status":"open","template":"page-le.php","meta":{"footnotes":""},"class_list":["post-6","page","type-page","status-publish","hentry"],"yoast_head":"<!-- This site is optimized with the Yoast SEO plugin v26.5 - https:\/\/yoast.com\/wordpress\/plugins\/seo\/ -->\n<title>Page d&#039;accueil - HAVAE<\/title>\n<meta name=\"robots\" content=\"index, follow, max-snippet:-1, max-image-preview:large, max-video-preview:-1\" \/>\n<link rel=\"canonical\" href=\"https:\/\/www.unilim.fr\/havae\/\" \/>\n<meta property=\"og:locale\" content=\"fr_FR\" \/>\n<meta property=\"og:type\" content=\"article\" \/>\n<meta property=\"og:title\" content=\"Page d&#039;accueil - HAVAE\" \/>\n<meta property=\"og:url\" content=\"https:\/\/www.unilim.fr\/havae\/\" \/>\n<meta property=\"og:site_name\" content=\"HAVAE\" \/>\n<meta property=\"article:modified_time\" content=\"2024-10-04T12:03:34+00:00\" \/>\n<meta name=\"twitter:label1\" content=\"Dur\u00e9e de lecture estim\u00e9e\" \/>\n\t<meta name=\"twitter:data1\" content=\"2 minutes\" \/>\n<script type=\"application\/ld+json\" class=\"yoast-schema-graph\">{\"@context\":\"https:\/\/schema.org\",\"@graph\":[{\"@type\":\"WebPage\",\"@id\":\"https:\/\/www.unilim.fr\/havae\/\",\"url\":\"https:\/\/www.unilim.fr\/havae\/\",\"name\":\"Page d'accueil - HAVAE\",\"isPartOf\":{\"@id\":\"https:\/\/www.unilim.fr\/havae\/#website\"},\"datePublished\":\"1970-01-01T00:00:00+00:00\",\"dateModified\":\"2024-10-04T12:03:34+00:00\",\"breadcrumb\":{\"@id\":\"https:\/\/www.unilim.fr\/havae\/#breadcrumb\"},\"inLanguage\":\"fr-FR\",\"potentialAction\":[{\"@type\":\"ReadAction\",\"target\":[\"https:\/\/www.unilim.fr\/havae\/\"]}]},{\"@type\":\"BreadcrumbList\",\"@id\":\"https:\/\/www.unilim.fr\/havae\/#breadcrumb\",\"itemListElement\":[{\"@type\":\"ListItem\",\"position\":1,\"name\":\"Accueil\",\"item\":\"https:\/\/www.unilim.fr\/havae\/\"},{\"@type\":\"ListItem\",\"position\":2,\"name\":\"Page d&rsquo;accueil\"}]},{\"@type\":\"WebSite\",\"@id\":\"https:\/\/www.unilim.fr\/havae\/#website\",\"url\":\"https:\/\/www.unilim.fr\/havae\/\",\"name\":\"HAVAE\",\"description\":\"universit\u00e9 ouverte source de r\u00e9ussites\",\"potentialAction\":[{\"@type\":\"SearchAction\",\"target\":{\"@type\":\"EntryPoint\",\"urlTemplate\":\"https:\/\/www.unilim.fr\/havae\/?s={search_term_string}\"},\"query-input\":{\"@type\":\"PropertyValueSpecification\",\"valueRequired\":true,\"valueName\":\"search_term_string\"}}],\"inLanguage\":\"fr-FR\"}]}<\/script>\n<!-- \/ Yoast SEO plugin. -->","yoast_head_json":{"title":"Page d'accueil - HAVAE","robots":{"index":"index","follow":"follow","max-snippet":"max-snippet:-1","max-image-preview":"max-image-preview:large","max-video-preview":"max-video-preview:-1"},"canonical":"https:\/\/www.unilim.fr\/havae\/","og_locale":"fr_FR","og_type":"article","og_title":"Page d'accueil - HAVAE","og_url":"https:\/\/www.unilim.fr\/havae\/","og_site_name":"HAVAE","article_modified_time":"2024-10-04T12:03:34+00:00","twitter_misc":{"Dur\u00e9e de lecture estim\u00e9e":"2 minutes"},"schema":{"@context":"https:\/\/schema.org","@graph":[{"@type":"WebPage","@id":"https:\/\/www.unilim.fr\/havae\/","url":"https:\/\/www.unilim.fr\/havae\/","name":"Page d'accueil - HAVAE","isPartOf":{"@id":"https:\/\/www.unilim.fr\/havae\/#website"},"datePublished":"1970-01-01T00:00:00+00:00","dateModified":"2024-10-04T12:03:34+00:00","breadcrumb":{"@id":"https:\/\/www.unilim.fr\/havae\/#breadcrumb"},"inLanguage":"fr-FR","potentialAction":[{"@type":"ReadAction","target":["https:\/\/www.unilim.fr\/havae\/"]}]},{"@type":"BreadcrumbList","@id":"https:\/\/www.unilim.fr\/havae\/#breadcrumb","itemListElement":[{"@type":"ListItem","position":1,"name":"Accueil","item":"https:\/\/www.unilim.fr\/havae\/"},{"@type":"ListItem","position":2,"name":"Page d&rsquo;accueil"}]},{"@type":"WebSite","@id":"https:\/\/www.unilim.fr\/havae\/#website","url":"https:\/\/www.unilim.fr\/havae\/","name":"HAVAE","description":"universit\u00e9 ouverte source de r\u00e9ussites","potentialAction":[{"@type":"SearchAction","target":{"@type":"EntryPoint","urlTemplate":"https:\/\/www.unilim.fr\/havae\/?s={search_term_string}"},"query-input":{"@type":"PropertyValueSpecification","valueRequired":true,"valueName":"search_term_string"}}],"inLanguage":"fr-FR"}]}},"publishpress_future_action":{"enabled":false,"date":"2026-05-01 13:18:39","action":"change-status","newStatus":"draft","terms":[],"taxonomy":"page_category","extraData":[]},"publishpress_future_workflow_manual_trigger":{"enabledWorkflows":[]},"_links":{"self":[{"href":"https:\/\/www.unilim.fr\/havae\/wp-json\/wp\/v2\/pages\/6","targetHints":{"allow":["GET"]}}],"collection":[{"href":"https:\/\/www.unilim.fr\/havae\/wp-json\/wp\/v2\/pages"}],"about":[{"href":"https:\/\/www.unilim.fr\/havae\/wp-json\/wp\/v2\/types\/page"}],"author":[{"embeddable":true,"href":"https:\/\/www.unilim.fr\/havae\/wp-json\/wp\/v2\/users\/7"}],"replies":[{"embeddable":true,"href":"https:\/\/www.unilim.fr\/havae\/wp-json\/wp\/v2\/comments?post=6"}],"version-history":[{"count":0,"href":"https:\/\/www.unilim.fr\/havae\/wp-json\/wp\/v2\/pages\/6\/revisions"}],"wp:attachment":[{"href":"https:\/\/www.unilim.fr\/havae\/wp-json\/wp\/v2\/media?parent=6"}],"curies":[{"name":"wp","href":"https:\/\/api.w.org\/{rel}","templated":true}]}}